{"id":57049,"date":"2025-03-06T00:27:15","date_gmt":"2025-03-05T22:27:15","guid":{"rendered":"https:\/\/vmsport.fi\/verkkokauppa\/Ei-luokiteltu\/muc-off-bio-chain-doc-400-ml\/"},"modified":"2026-04-22T15:09:17","modified_gmt":"2026-04-22T12:09:17","slug":"muc-off-bio-chain-doc-400-ml","status":"publish","type":"product","link":"https:\/\/vmsport.fi\/sv\/verkkokauppa\/tarvikkeet\/huolto-ja-pesu\/puhdistusaineet\/muc-off-bio-chain-doc-400-ml\/","title":{"rendered":"MUC-OFF Bio Chain Doc 400 ml"},"content":{"rendered":"<p>MUC-OFF Bio Chain Doc 400 ml \u00e4r ett effektivt verktyg f\u00f6r reng\u00f6ring av cykelkedjor, eftersom det enkelt avl\u00e4gsnar fett och smuts fr\u00e5n kedjorna. L\u00e4mplig f\u00f6r alla typer av cyklar, inklusive mountainbikes, landsv\u00e4gscyklar och BMX-cyklar. Den l\u00e4ttanv\u00e4nda mekanismen f\u00e4sts direkt p\u00e5 kedjan och de slitstarka roterande borstarna s\u00e4kerst\u00e4ller djup reng\u00f6ring n\u00e4r de anv\u00e4nds i kombination med Muc-Off Bio Chain Cleaner. Reng\u00f6ringen g\u00e5r snabbt och enkelt n\u00e4r den ansluts direkt till reng\u00f6ringsflaskan.<\/p>\n<p>Den biologiskt nedbrytbara formuleringen st\u00f6der milj\u00f6v\u00e4nliga v\u00e4rderingar som en del av Muc-Offs Project Green-initiativ f\u00f6r att utveckla fyllbara och \u00e5teranv\u00e4ndbara produkter. Eftersom enheten \u00e4r klar f\u00f6r omedelbar anv\u00e4ndning m\u00f6jligg\u00f6r den dessutom en snabb och effektiv reng\u00f6ringsprocess.<\/p>","protected":false},"excerpt":{"rendered":"<p>MUC-OFF Bio Chain Doc 400 ml on tehokas v\u00e4line polkupy\u00f6r\u00e4n ketjujen puhdistamiseen, sill\u00e4 se poistaa helposti ketjuista rasvan ja lian. Laite sopii kaikille py\u00f6r\u00e4tyypeille, kuten maastopy\u00f6rille, maantiepy\u00f6rille ja BMX-py\u00f6rille. Sen helppok\u00e4ytt\u00f6inen mekanismi kiinnittyy suoraan ketjuun, ja kest\u00e4v\u00e4t py\u00f6riv\u00e4t harjat takaavat syv\u00e4puhdistuksen, kun sit\u00e4 k\u00e4ytet\u00e4\u00e4n yhdess\u00e4 Muc-Off Bio Chain Cleaner -puhdistusaineen kanssa. Puhdistus on vaivatonta ja [&#8230;]<\/p>\n<p><a class=\"btn btn-secondary understrap-read-more-link\" href=\"https:\/\/vmsport.fi\/sv\/verkkokauppa\/tarvikkeet\/huolto-ja-pesu\/puhdistusaineet\/muc-off-bio-chain-doc-400-ml\/\">L\u00e4s mer \u2026<span class=\"screen-reader-text\"> from MUC-OFF Bio Chain Doc 400 ml<\/span><\/a><\/p>\n","protected":false},"featured_media":57047,"comment_status":"open","ping_status":"closed","template":"","meta":{"_acf_changed":false,"_improvement_type_select":"improve_an_existing","_thumb_yes_seoaic":false,"_frame_yes_seoaic":false,"seoaic_generate_description":"","seoaic_improve_instructions_prompt":"","seoaic_rollback_content_improvement":"","seoaic_idea_thumbnail_generator":"","thumbnail_generated":false,"thumbnail_generate_prompt":"","seoaic_article_description":"","_supplier_stock_quantity":0},"product_brand":[1584],"product_model":[],"product_cat":[9358],"product_tag":[],"industry-terminology":[],"class_list":{"0":"post-57049","1":"product","2":"type-product","3":"status-publish","4":"has-post-thumbnail","6":"product_brand-muc-off","7":"product_cat-puhdistusaineet","9":"first","10":"instock","11":"taxable","12":"shipping-taxable","13":"purchasable","14":"product-type-simple"},"acf":{"bike_features":null,"overview":{"copy_overview":null,"key_features":null,"statement":"","youtube_url":""}},"yoast_head":"<!-- This site is optimized with the Yoast SEO plugin v27.4 - https:\/\/yoast.com\/product\/yoast-seo-wordpress\/ -->\n<title>MUC-OFF Bio Chain Doc 400 ml - VM Sport<\/title>\n<meta name=\"robots\" content=\"index, follow, max-snippet:-1, max-image-preview:large, max-video-preview:-1\" \/>\n<link rel=\"canonical\" href=\"https:\/\/vmsport.fi\/sv\/webbutik\/tillbehor\/underhall-och-tvatt\/rengoringsprodukter\/muc-off-bio-chain-doc-400-ml\/\" \/>\n<meta property=\"og:locale\" content=\"sv_SE\" \/>\n<meta property=\"og:type\" content=\"article\" \/>\n<meta property=\"og:title\" content=\"MUC-OFF Bio Chain Doc 400 ml - VM Sport\" \/>\n<meta property=\"og:description\" content=\"MUC-OFF Bio Chain Doc 400 ml on tehokas v\u00e4line polkupy\u00f6r\u00e4n ketjujen puhdistamiseen, sill\u00e4 se poistaa helposti ketjuista rasvan ja lian. Laite sopii kaikille py\u00f6r\u00e4tyypeille, kuten maastopy\u00f6rille, maantiepy\u00f6rille ja BMX-py\u00f6rille. Sen helppok\u00e4ytt\u00f6inen mekanismi kiinnittyy suoraan ketjuun, ja kest\u00e4v\u00e4t py\u00f6riv\u00e4t harjat takaavat syv\u00e4puhdistuksen, kun sit\u00e4 k\u00e4ytet\u00e4\u00e4n yhdess\u00e4 Muc-Off Bio Chain Cleaner -puhdistusaineen kanssa. Puhdistus on vaivatonta ja [...]L\u00e4s mer \u2026 from MUC-OFF Bio Chain Doc 400 ml\" \/>\n<meta property=\"og:url\" content=\"https:\/\/vmsport.fi\/sv\/webbutik\/tillbehor\/underhall-och-tvatt\/rengoringsprodukter\/muc-off-bio-chain-doc-400-ml\/\" \/>\n<meta property=\"og:site_name\" content=\"VM Sport\" \/>\n<meta property=\"article:publisher\" content=\"https:\/\/www.facebook.com\/Vmsport.fi\/\" \/>\n<meta property=\"article:modified_time\" content=\"2026-04-22T12:09:17+00:00\" \/>\n<meta property=\"og:image\" content=\"https:\/\/vmsport.fi\/wp-content\/uploads\/2025\/03\/951-S-1.jpg\" \/>\n\t<meta property=\"og:image:width\" content=\"800\" \/>\n\t<meta property=\"og:image:height\" content=\"800\" \/>\n\t<meta property=\"og:image:type\" content=\"image\/jpeg\" \/>\n<meta name=\"twitter:card\" content=\"summary_large_image\" \/>\n<meta name=\"twitter:label1\" content=\"Ber\u00e4knad l\u00e4stid\" \/>\n\t<meta name=\"twitter:data1\" content=\"1 minut\" \/>\n<script type=\"application\/ld+json\" class=\"yoast-schema-graph\">{\"@context\":\"https:\\\/\\\/schema.org\",\"@graph\":[{\"@type\":[\"WebPage\",\"ItemPage\"],\"@id\":\"https:\\\/\\\/vmsport.fi\\\/verkkokauppa\\\/tarvikkeet\\\/huolto-ja-pesu\\\/puhdistusaineet\\\/muc-off-bio-chain-doc-400-ml\\\/\",\"url\":\"https:\\\/\\\/vmsport.fi\\\/verkkokauppa\\\/tarvikkeet\\\/huolto-ja-pesu\\\/puhdistusaineet\\\/muc-off-bio-chain-doc-400-ml\\\/\",\"name\":\"MUC-OFF Bio Chain Doc 400 ml - VM Sport\",\"isPartOf\":{\"@id\":\"https:\\\/\\\/vmsport.fi\\\/#website\"},\"primaryImageOfPage\":{\"@id\":\"https:\\\/\\\/vmsport.fi\\\/verkkokauppa\\\/tarvikkeet\\\/huolto-ja-pesu\\\/puhdistusaineet\\\/muc-off-bio-chain-doc-400-ml\\\/#primaryimage\"},\"image\":{\"@id\":\"https:\\\/\\\/vmsport.fi\\\/verkkokauppa\\\/tarvikkeet\\\/huolto-ja-pesu\\\/puhdistusaineet\\\/muc-off-bio-chain-doc-400-ml\\\/#primaryimage\"},\"thumbnailUrl\":\"https:\\\/\\\/vmsport.fi\\\/wp-content\\\/uploads\\\/2025\\\/03\\\/951-S-1.jpg\",\"datePublished\":\"2025-03-05T22:27:15+00:00\",\"dateModified\":\"2026-04-22T12:09:17+00:00\",\"breadcrumb\":{\"@id\":\"https:\\\/\\\/vmsport.fi\\\/verkkokauppa\\\/tarvikkeet\\\/huolto-ja-pesu\\\/puhdistusaineet\\\/muc-off-bio-chain-doc-400-ml\\\/#breadcrumb\"},\"inLanguage\":\"sv-SE\",\"potentialAction\":[{\"@type\":\"ReadAction\",\"target\":[\"https:\\\/\\\/vmsport.fi\\\/verkkokauppa\\\/tarvikkeet\\\/huolto-ja-pesu\\\/puhdistusaineet\\\/muc-off-bio-chain-doc-400-ml\\\/\"]}]},{\"@type\":\"ImageObject\",\"inLanguage\":\"sv-SE\",\"@id\":\"https:\\\/\\\/vmsport.fi\\\/verkkokauppa\\\/tarvikkeet\\\/huolto-ja-pesu\\\/puhdistusaineet\\\/muc-off-bio-chain-doc-400-ml\\\/#primaryimage\",\"url\":\"https:\\\/\\\/vmsport.fi\\\/wp-content\\\/uploads\\\/2025\\\/03\\\/951-S-1.jpg\",\"contentUrl\":\"https:\\\/\\\/vmsport.fi\\\/wp-content\\\/uploads\\\/2025\\\/03\\\/951-S-1.jpg\",\"width\":800,\"height\":800,\"caption\":\"951-S\"},{\"@type\":\"BreadcrumbList\",\"@id\":\"https:\\\/\\\/vmsport.fi\\\/verkkokauppa\\\/tarvikkeet\\\/huolto-ja-pesu\\\/puhdistusaineet\\\/muc-off-bio-chain-doc-400-ml\\\/#breadcrumb\",\"itemListElement\":[{\"@type\":\"ListItem\",\"position\":1,\"name\":\"Etusivu\",\"item\":\"https:\\\/\\\/vmsport.fi\\\/\"},{\"@type\":\"ListItem\",\"position\":2,\"name\":\"Online Store\",\"item\":\"https:\\\/\\\/vmsport.fi\\\/en\\\/online-store\\\/\"},{\"@type\":\"ListItem\",\"position\":3,\"name\":\"MUC-OFF Bio Chain Doc 400 ml\"}]},{\"@type\":\"WebSite\",\"@id\":\"https:\\\/\\\/vmsport.fi\\\/#website\",\"url\":\"https:\\\/\\\/vmsport.fi\\\/\",\"name\":\"Vmsport\",\"description\":\"Kaikki py\u00f6r\u00e4ilyyn yhdest\u00e4 paikasta\",\"publisher\":{\"@id\":\"https:\\\/\\\/vmsport.fi\\\/#organization\"},\"potentialAction\":[{\"@type\":\"SearchAction\",\"target\":{\"@type\":\"EntryPoint\",\"urlTemplate\":\"https:\\\/\\\/vmsport.fi\\\/?s={search_term_string}\"},\"query-input\":{\"@type\":\"PropertyValueSpecification\",\"valueRequired\":true,\"valueName\":\"search_term_string\"}}],\"inLanguage\":\"sv-SE\"},{\"@type\":\"Organization\",\"@id\":\"https:\\\/\\\/vmsport.fi\\\/#organization\",\"name\":\"Vmsport\",\"url\":\"https:\\\/\\\/vmsport.fi\\\/\",\"logo\":{\"@type\":\"ImageObject\",\"inLanguage\":\"sv-SE\",\"@id\":\"https:\\\/\\\/vmsport.fi\\\/#\\\/schema\\\/logo\\\/image\\\/\",\"url\":\"https:\\\/\\\/vmsport.fi\\\/wp-content\\\/uploads\\\/2024\\\/12\\\/vm_sport_RGB_horisontal-e1734526017575.png\",\"contentUrl\":\"https:\\\/\\\/vmsport.fi\\\/wp-content\\\/uploads\\\/2024\\\/12\\\/vm_sport_RGB_horisontal-e1734526017575.png\",\"width\":668,\"height\":85,\"caption\":\"Vmsport\"},\"image\":{\"@id\":\"https:\\\/\\\/vmsport.fi\\\/#\\\/schema\\\/logo\\\/image\\\/\"},\"sameAs\":[\"https:\\\/\\\/www.facebook.com\\\/Vmsport.fi\\\/\",\"https:\\\/\\\/www.instagram.com\\\/vmsport\\\/\"]}]}<\/script>\n<!-- \/ Yoast SEO plugin. -->","yoast_head_json":{"title":"MUC-OFF Bio Chain Doc 400 ml - VM Sport","robots":{"index":"index","follow":"follow","max-snippet":"max-snippet:-1","max-image-preview":"max-image-preview:large","max-video-preview":"max-video-preview:-1"},"canonical":"https:\/\/vmsport.fi\/sv\/webbutik\/tillbehor\/underhall-och-tvatt\/rengoringsprodukter\/muc-off-bio-chain-doc-400-ml\/","og_locale":"sv_SE","og_type":"article","og_title":"MUC-OFF Bio Chain Doc 400 ml - VM Sport","og_description":"MUC-OFF Bio Chain Doc 400 ml on tehokas v\u00e4line polkupy\u00f6r\u00e4n ketjujen puhdistamiseen, sill\u00e4 se poistaa helposti ketjuista rasvan ja lian. Laite sopii kaikille py\u00f6r\u00e4tyypeille, kuten maastopy\u00f6rille, maantiepy\u00f6rille ja BMX-py\u00f6rille. Sen helppok\u00e4ytt\u00f6inen mekanismi kiinnittyy suoraan ketjuun, ja kest\u00e4v\u00e4t py\u00f6riv\u00e4t harjat takaavat syv\u00e4puhdistuksen, kun sit\u00e4 k\u00e4ytet\u00e4\u00e4n yhdess\u00e4 Muc-Off Bio Chain Cleaner -puhdistusaineen kanssa. Puhdistus on vaivatonta ja [...]L\u00e4s mer \u2026 from MUC-OFF Bio Chain Doc 400 ml","og_url":"https:\/\/vmsport.fi\/sv\/webbutik\/tillbehor\/underhall-och-tvatt\/rengoringsprodukter\/muc-off-bio-chain-doc-400-ml\/","og_site_name":"VM Sport","article_publisher":"https:\/\/www.facebook.com\/Vmsport.fi\/","article_modified_time":"2026-04-22T12:09:17+00:00","og_image":[{"width":800,"height":800,"url":"https:\/\/vmsport.fi\/wp-content\/uploads\/2025\/03\/951-S-1.jpg","type":"image\/jpeg"}],"twitter_card":"summary_large_image","twitter_misc":{"Ber\u00e4knad l\u00e4stid":"1 minut"},"schema":{"@context":"https:\/\/schema.org","@graph":[{"@type":["WebPage","ItemPage"],"@id":"https:\/\/vmsport.fi\/verkkokauppa\/tarvikkeet\/huolto-ja-pesu\/puhdistusaineet\/muc-off-bio-chain-doc-400-ml\/","url":"https:\/\/vmsport.fi\/verkkokauppa\/tarvikkeet\/huolto-ja-pesu\/puhdistusaineet\/muc-off-bio-chain-doc-400-ml\/","name":"MUC-OFF Bio Chain Doc 400 ml - VM Sport","isPartOf":{"@id":"https:\/\/vmsport.fi\/#website"},"primaryImageOfPage":{"@id":"https:\/\/vmsport.fi\/verkkokauppa\/tarvikkeet\/huolto-ja-pesu\/puhdistusaineet\/muc-off-bio-chain-doc-400-ml\/#primaryimage"},"image":{"@id":"https:\/\/vmsport.fi\/verkkokauppa\/tarvikkeet\/huolto-ja-pesu\/puhdistusaineet\/muc-off-bio-chain-doc-400-ml\/#primaryimage"},"thumbnailUrl":"https:\/\/vmsport.fi\/wp-content\/uploads\/2025\/03\/951-S-1.jpg","datePublished":"2025-03-05T22:27:15+00:00","dateModified":"2026-04-22T12:09:17+00:00","breadcrumb":{"@id":"https:\/\/vmsport.fi\/verkkokauppa\/tarvikkeet\/huolto-ja-pesu\/puhdistusaineet\/muc-off-bio-chain-doc-400-ml\/#breadcrumb"},"inLanguage":"sv-SE","potentialAction":[{"@type":"ReadAction","target":["https:\/\/vmsport.fi\/verkkokauppa\/tarvikkeet\/huolto-ja-pesu\/puhdistusaineet\/muc-off-bio-chain-doc-400-ml\/"]}]},{"@type":"ImageObject","inLanguage":"sv-SE","@id":"https:\/\/vmsport.fi\/verkkokauppa\/tarvikkeet\/huolto-ja-pesu\/puhdistusaineet\/muc-off-bio-chain-doc-400-ml\/#primaryimage","url":"https:\/\/vmsport.fi\/wp-content\/uploads\/2025\/03\/951-S-1.jpg","contentUrl":"https:\/\/vmsport.fi\/wp-content\/uploads\/2025\/03\/951-S-1.jpg","width":800,"height":800,"caption":"951-S"},{"@type":"BreadcrumbList","@id":"https:\/\/vmsport.fi\/verkkokauppa\/tarvikkeet\/huolto-ja-pesu\/puhdistusaineet\/muc-off-bio-chain-doc-400-ml\/#breadcrumb","itemListElement":[{"@type":"ListItem","position":1,"name":"Etusivu","item":"https:\/\/vmsport.fi\/"},{"@type":"ListItem","position":2,"name":"Online Store","item":"https:\/\/vmsport.fi\/en\/online-store\/"},{"@type":"ListItem","position":3,"name":"MUC-OFF Bio Chain Doc 400 ml"}]},{"@type":"WebSite","@id":"https:\/\/vmsport.fi\/#website","url":"https:\/\/vmsport.fi\/","name":"Vmsport","description":"Allt p\u00e5 ett st\u00e4lle f\u00f6r cykling","publisher":{"@id":"https:\/\/vmsport.fi\/#organization"},"potentialAction":[{"@type":"SearchAction","target":{"@type":"EntryPoint","urlTemplate":"https:\/\/vmsport.fi\/?s={search_term_string}"},"query-input":{"@type":"PropertyValueSpecification","valueRequired":true,"valueName":"search_term_string"}}],"inLanguage":"sv-SE"},{"@type":"Organization","@id":"https:\/\/vmsport.fi\/#organization","name":"Vmsport","url":"https:\/\/vmsport.fi\/","logo":{"@type":"ImageObject","inLanguage":"sv-SE","@id":"https:\/\/vmsport.fi\/#\/schema\/logo\/image\/","url":"https:\/\/vmsport.fi\/wp-content\/uploads\/2024\/12\/vm_sport_RGB_horisontal-e1734526017575.png","contentUrl":"https:\/\/vmsport.fi\/wp-content\/uploads\/2024\/12\/vm_sport_RGB_horisontal-e1734526017575.png","width":668,"height":85,"caption":"Vmsport"},"image":{"@id":"https:\/\/vmsport.fi\/#\/schema\/logo\/image\/"},"sameAs":["https:\/\/www.facebook.com\/Vmsport.fi\/","https:\/\/www.instagram.com\/vmsport\/"]}]}},"global_unique_id":"","_links":{"self":[{"href":"https:\/\/vmsport.fi\/sv\/wp-json\/wp\/v2\/product\/57049","targetHints":{"allow":["GET"]}}],"collection":[{"href":"https:\/\/vmsport.fi\/sv\/wp-json\/wp\/v2\/product"}],"about":[{"href":"https:\/\/vmsport.fi\/sv\/wp-json\/wp\/v2\/types\/product"}],"replies":[{"embeddable":true,"href":"https:\/\/vmsport.fi\/sv\/wp-json\/wp\/v2\/comments?post=57049"}],"wp:featuredmedia":[{"embeddable":true,"href":"https:\/\/vmsport.fi\/sv\/wp-json\/wp\/v2\/media\/57047"}],"wp:attachment":[{"href":"https:\/\/vmsport.fi\/sv\/wp-json\/wp\/v2\/media?parent=57049"}],"wp:term":[{"taxonomy":"product_brand","embeddable":true,"href":"https:\/\/vmsport.fi\/sv\/wp-json\/wp\/v2\/product_brand?post=57049"},{"taxonomy":"product_model","embeddable":true,"href":"https:\/\/vmsport.fi\/sv\/wp-json\/wp\/v2\/product_model?post=57049"},{"taxonomy":"product_cat","embeddable":true,"href":"https:\/\/vmsport.fi\/sv\/wp-json\/wp\/v2\/product_cat?post=57049"},{"taxonomy":"product_tag","embeddable":true,"href":"https:\/\/vmsport.fi\/sv\/wp-json\/wp\/v2\/product_tag?post=57049"},{"taxonomy":"industry_terminology","embeddable":true,"href":"https:\/\/vmsport.fi\/sv\/wp-json\/wp\/v2\/industry-terminology?post=57049"}],"curies":[{"name":"wp","href":"https:\/\/api.w.org\/{rel}","templated":true}]}}