{"id":57046,"date":"2025-03-06T00:27:14","date_gmt":"2025-03-05T22:27:14","guid":{"rendered":"https:\/\/vmsport.fi\/verkkokauppa\/Ei-luokiteltu\/xlc-pu-x15-black\/"},"modified":"2026-03-30T16:55:44","modified_gmt":"2026-03-30T13:55:44","slug":"xlc-pu-x15-svart","status":"publish","type":"product","link":"https:\/\/vmsport.fi\/sv\/verkkokauppa\/renkaat\/sisarenkaat\/xlc-pu-x15-black\/","title":{"rendered":"XLC PU-X15 Svart"},"content":{"rendered":"<p>XLC PU-X15 \u00e4r en snygg svart ventilhatt f\u00f6r cyklar som kombinerar h\u00e5llbarhet och l\u00e4tthet. Denna innovativa produkt skyddar effektivt ventilerna fr\u00e5n damm och smuts. Den noggrant utformade konstruktionen g\u00f6r det enkelt att f\u00e4sta ventilhatten p\u00e5 cykeln. Det slitstarka materialet s\u00e4kerst\u00e4ller att ventilhattarna klarar \u00e4ven de mest kr\u00e4vande f\u00f6rh\u00e5llanden. Det h\u00e4r kompakta och diskreta tillbeh\u00f6ret f\u00f6rb\u00e4ttrar utseendet p\u00e5 din cykel samtidigt som det f\u00f6rl\u00e4nger livsl\u00e4ngden p\u00e5 dina ventiler.<\/p>","protected":false},"excerpt":{"rendered":"<p>XLC PU-X15 on tyylik\u00e4s ja musta polkupy\u00f6r\u00e4n venttiilihattu, joka yhdist\u00e4\u00e4 kest\u00e4vyyden ja keveyden. T\u00e4m\u00e4 innovatiivinen tuote suojaa venttiileit\u00e4 tehokkaasti p\u00f6lylt\u00e4 ja lialta. Sen tarkkaan suunniteltu rakenne takaa helpon kiinnityksen py\u00f6r\u00e4\u00e4n. Kest\u00e4v\u00e4 materiaali varmistaa, ett\u00e4 venttiilihatut kest\u00e4v\u00e4t my\u00f6s vaativissa olosuhteissa. T\u00e4m\u00e4 kompakti ja huomaamaton lis\u00e4varuste parantaa py\u00f6r\u00e4si ulkon\u00e4k\u00f6\u00e4 ja samalla pident\u00e4\u00e4 venttiilien k\u00e4ytt\u00f6ik\u00e4\u00e4. [&#8230;]<\/p>\n<p><a class=\"btn btn-secondary understrap-read-more-link\" href=\"https:\/\/vmsport.fi\/sv\/verkkokauppa\/renkaat\/sisarenkaat\/xlc-pu-x15-black\/\">L\u00e4s mer \u2026<span class=\"screen-reader-text\"> from XLC PU-X15 Black<\/span><\/a><\/p>\n","protected":false},"featured_media":57045,"comment_status":"open","ping_status":"closed","template":"","meta":{"_acf_changed":false,"_improvement_type_select":"improve_an_existing","_thumb_yes_seoaic":false,"_frame_yes_seoaic":false,"seoaic_generate_description":"","seoaic_improve_instructions_prompt":"","seoaic_rollback_content_improvement":"","seoaic_idea_thumbnail_generator":"","thumbnail_generated":false,"thumbnail_generate_prompt":"","seoaic_article_description":"","_supplier_stock_quantity":0},"product_brand":[],"product_model":[],"product_cat":[9312],"product_tag":[],"industry-terminology":[],"class_list":{"0":"post-57046","1":"product","2":"type-product","3":"status-publish","4":"has-post-thumbnail","6":"product_cat-sisarenkaat","8":"first","9":"instock","10":"taxable","11":"shipping-taxable","12":"purchasable","13":"product-type-simple"},"acf":{"bike_features":null,"overview":{"copy_overview":null,"key_features":null,"statement":"","youtube_url":""}},"yoast_head":"<!-- This site is optimized with the Yoast SEO plugin v27.3 - https:\/\/yoast.com\/product\/yoast-seo-wordpress\/ -->\n<title>XLC PU-X15 Black - VM Sport<\/title>\n<meta name=\"robots\" content=\"index, follow, max-snippet:-1, max-image-preview:large, max-video-preview:-1\" \/>\n<link rel=\"canonical\" href=\"https:\/\/vmsport.fi\/sv\/webbutik\/dack\/systerdack\/xlc-pu-x15-svart\/\" \/>\n<meta property=\"og:locale\" content=\"sv_SE\" \/>\n<meta property=\"og:type\" content=\"article\" \/>\n<meta property=\"og:title\" content=\"XLC PU-X15 Black - VM Sport\" \/>\n<meta property=\"og:description\" content=\"XLC PU-X15 on tyylik\u00e4s ja musta polkupy\u00f6r\u00e4n venttiilihattu, joka yhdist\u00e4\u00e4 kest\u00e4vyyden ja keveyden. T\u00e4m\u00e4 innovatiivinen tuote suojaa venttiileit\u00e4 tehokkaasti p\u00f6lylt\u00e4 ja lialta. Sen tarkkaan suunniteltu rakenne takaa helpon kiinnityksen py\u00f6r\u00e4\u00e4n. Kest\u00e4v\u00e4 materiaali varmistaa, ett\u00e4 venttiilihatut kest\u00e4v\u00e4t my\u00f6s vaativissa olosuhteissa. T\u00e4m\u00e4 kompakti ja huomaamaton lis\u00e4varuste parantaa py\u00f6r\u00e4si ulkon\u00e4k\u00f6\u00e4 ja samalla pident\u00e4\u00e4 venttiilien k\u00e4ytt\u00f6ik\u00e4\u00e4. [...]L\u00e4s mer \u2026 from XLC PU-X15 Black\" \/>\n<meta property=\"og:url\" content=\"https:\/\/vmsport.fi\/sv\/webbutik\/dack\/systerdack\/xlc-pu-x15-svart\/\" \/>\n<meta property=\"og:site_name\" content=\"VM Sport\" \/>\n<meta property=\"article:publisher\" content=\"https:\/\/www.facebook.com\/Vmsport.fi\/\" \/>\n<meta property=\"article:modified_time\" content=\"2026-03-30T13:55:44+00:00\" \/>\n<meta property=\"og:image\" content=\"https:\/\/vmsport.fi\/wp-content\/uploads\/2025\/03\/fMb4fJMH9zoaYQtD5295q0GaB5dH9Ad0pEjWo13y407p2jqwF2-1.jpg\" \/>\n\t<meta property=\"og:image:width\" content=\"800\" \/>\n\t<meta property=\"og:image:height\" content=\"800\" \/>\n\t<meta property=\"og:image:type\" content=\"image\/jpeg\" \/>\n<meta name=\"twitter:card\" content=\"summary_large_image\" \/>\n<script type=\"application\/ld+json\" class=\"yoast-schema-graph\">{\"@context\":\"https:\\\/\\\/schema.org\",\"@graph\":[{\"@type\":[\"WebPage\",\"ItemPage\"],\"@id\":\"https:\\\/\\\/vmsport.fi\\\/verkkokauppa\\\/renkaat\\\/sisarenkaat\\\/xlc-pu-x15-black\\\/\",\"url\":\"https:\\\/\\\/vmsport.fi\\\/verkkokauppa\\\/renkaat\\\/sisarenkaat\\\/xlc-pu-x15-black\\\/\",\"name\":\"XLC PU-X15 Black - VM Sport\",\"isPartOf\":{\"@id\":\"https:\\\/\\\/vmsport.fi\\\/#website\"},\"primaryImageOfPage\":{\"@id\":\"https:\\\/\\\/vmsport.fi\\\/verkkokauppa\\\/renkaat\\\/sisarenkaat\\\/xlc-pu-x15-black\\\/#primaryimage\"},\"image\":{\"@id\":\"https:\\\/\\\/vmsport.fi\\\/verkkokauppa\\\/renkaat\\\/sisarenkaat\\\/xlc-pu-x15-black\\\/#primaryimage\"},\"thumbnailUrl\":\"https:\\\/\\\/vmsport.fi\\\/wp-content\\\/uploads\\\/2025\\\/03\\\/fMb4fJMH9zoaYQtD5295q0GaB5dH9Ad0pEjWo13y407p2jqwF2-1.jpg\",\"datePublished\":\"2025-03-05T22:27:14+00:00\",\"dateModified\":\"2026-03-30T13:55:44+00:00\",\"breadcrumb\":{\"@id\":\"https:\\\/\\\/vmsport.fi\\\/verkkokauppa\\\/renkaat\\\/sisarenkaat\\\/xlc-pu-x15-black\\\/#breadcrumb\"},\"inLanguage\":\"sv-SE\",\"potentialAction\":[{\"@type\":\"ReadAction\",\"target\":[\"https:\\\/\\\/vmsport.fi\\\/verkkokauppa\\\/renkaat\\\/sisarenkaat\\\/xlc-pu-x15-black\\\/\"]}]},{\"@type\":\"ImageObject\",\"inLanguage\":\"sv-SE\",\"@id\":\"https:\\\/\\\/vmsport.fi\\\/verkkokauppa\\\/renkaat\\\/sisarenkaat\\\/xlc-pu-x15-black\\\/#primaryimage\",\"url\":\"https:\\\/\\\/vmsport.fi\\\/wp-content\\\/uploads\\\/2025\\\/03\\\/fMb4fJMH9zoaYQtD5295q0GaB5dH9Ad0pEjWo13y407p2jqwF2-1.jpg\",\"contentUrl\":\"https:\\\/\\\/vmsport.fi\\\/wp-content\\\/uploads\\\/2025\\\/03\\\/fMb4fJMH9zoaYQtD5295q0GaB5dH9Ad0pEjWo13y407p2jqwF2-1.jpg\",\"width\":800,\"height\":800,\"caption\":\"fMb4fJMH9zoaYQtD5295q0GaB5dH9Ad0pEjWo13y407p2jqwF2\"},{\"@type\":\"BreadcrumbList\",\"@id\":\"https:\\\/\\\/vmsport.fi\\\/verkkokauppa\\\/renkaat\\\/sisarenkaat\\\/xlc-pu-x15-black\\\/#breadcrumb\",\"itemListElement\":[{\"@type\":\"ListItem\",\"position\":1,\"name\":\"Etusivu\",\"item\":\"https:\\\/\\\/vmsport.fi\\\/\"},{\"@type\":\"ListItem\",\"position\":2,\"name\":\"Online Store\",\"item\":\"https:\\\/\\\/vmsport.fi\\\/en\\\/online-store\\\/\"},{\"@type\":\"ListItem\",\"position\":3,\"name\":\"XLC PU-X15 Black\"}]},{\"@type\":\"WebSite\",\"@id\":\"https:\\\/\\\/vmsport.fi\\\/#website\",\"url\":\"https:\\\/\\\/vmsport.fi\\\/\",\"name\":\"Vmsport\",\"description\":\"Kaikki py\u00f6r\u00e4ilyyn yhdest\u00e4 paikasta\",\"publisher\":{\"@id\":\"https:\\\/\\\/vmsport.fi\\\/#organization\"},\"potentialAction\":[{\"@type\":\"SearchAction\",\"target\":{\"@type\":\"EntryPoint\",\"urlTemplate\":\"https:\\\/\\\/vmsport.fi\\\/?s={search_term_string}\"},\"query-input\":{\"@type\":\"PropertyValueSpecification\",\"valueRequired\":true,\"valueName\":\"search_term_string\"}}],\"inLanguage\":\"sv-SE\"},{\"@type\":\"Organization\",\"@id\":\"https:\\\/\\\/vmsport.fi\\\/#organization\",\"name\":\"Vmsport\",\"url\":\"https:\\\/\\\/vmsport.fi\\\/\",\"logo\":{\"@type\":\"ImageObject\",\"inLanguage\":\"sv-SE\",\"@id\":\"https:\\\/\\\/vmsport.fi\\\/#\\\/schema\\\/logo\\\/image\\\/\",\"url\":\"https:\\\/\\\/vmsport.fi\\\/wp-content\\\/uploads\\\/2024\\\/12\\\/vm_sport_RGB_horisontal-e1734526017575.png\",\"contentUrl\":\"https:\\\/\\\/vmsport.fi\\\/wp-content\\\/uploads\\\/2024\\\/12\\\/vm_sport_RGB_horisontal-e1734526017575.png\",\"width\":668,\"height\":85,\"caption\":\"Vmsport\"},\"image\":{\"@id\":\"https:\\\/\\\/vmsport.fi\\\/#\\\/schema\\\/logo\\\/image\\\/\"},\"sameAs\":[\"https:\\\/\\\/www.facebook.com\\\/Vmsport.fi\\\/\",\"https:\\\/\\\/www.instagram.com\\\/vmsport\\\/\"]}]}<\/script>\n<!-- \/ Yoast SEO plugin. -->","yoast_head_json":{"title":"XLC PU-X15 Svart - VM Sport","robots":{"index":"index","follow":"follow","max-snippet":"max-snippet:-1","max-image-preview":"max-image-preview:large","max-video-preview":"max-video-preview:-1"},"canonical":"https:\/\/vmsport.fi\/sv\/webbutik\/dack\/systerdack\/xlc-pu-x15-svart\/","og_locale":"sv_SE","og_type":"article","og_title":"XLC PU-X15 Black - VM Sport","og_description":"XLC PU-X15 on tyylik\u00e4s ja musta polkupy\u00f6r\u00e4n venttiilihattu, joka yhdist\u00e4\u00e4 kest\u00e4vyyden ja keveyden. T\u00e4m\u00e4 innovatiivinen tuote suojaa venttiileit\u00e4 tehokkaasti p\u00f6lylt\u00e4 ja lialta. Sen tarkkaan suunniteltu rakenne takaa helpon kiinnityksen py\u00f6r\u00e4\u00e4n. Kest\u00e4v\u00e4 materiaali varmistaa, ett\u00e4 venttiilihatut kest\u00e4v\u00e4t my\u00f6s vaativissa olosuhteissa. T\u00e4m\u00e4 kompakti ja huomaamaton lis\u00e4varuste parantaa py\u00f6r\u00e4si ulkon\u00e4k\u00f6\u00e4 ja samalla pident\u00e4\u00e4 venttiilien k\u00e4ytt\u00f6ik\u00e4\u00e4. [...]L\u00e4s mer \u2026 from XLC PU-X15 Black","og_url":"https:\/\/vmsport.fi\/sv\/webbutik\/dack\/systerdack\/xlc-pu-x15-svart\/","og_site_name":"VM Sport","article_publisher":"https:\/\/www.facebook.com\/Vmsport.fi\/","article_modified_time":"2026-03-30T13:55:44+00:00","og_image":[{"width":800,"height":800,"url":"https:\/\/vmsport.fi\/wp-content\/uploads\/2025\/03\/fMb4fJMH9zoaYQtD5295q0GaB5dH9Ad0pEjWo13y407p2jqwF2-1.jpg","type":"image\/jpeg"}],"twitter_card":"summary_large_image","schema":{"@context":"https:\/\/schema.org","@graph":[{"@type":["WebPage","ItemPage"],"@id":"https:\/\/vmsport.fi\/verkkokauppa\/renkaat\/sisarenkaat\/xlc-pu-x15-black\/","url":"https:\/\/vmsport.fi\/verkkokauppa\/renkaat\/sisarenkaat\/xlc-pu-x15-black\/","name":"XLC PU-X15 Svart - VM Sport","isPartOf":{"@id":"https:\/\/vmsport.fi\/#website"},"primaryImageOfPage":{"@id":"https:\/\/vmsport.fi\/verkkokauppa\/renkaat\/sisarenkaat\/xlc-pu-x15-black\/#primaryimage"},"image":{"@id":"https:\/\/vmsport.fi\/verkkokauppa\/renkaat\/sisarenkaat\/xlc-pu-x15-black\/#primaryimage"},"thumbnailUrl":"https:\/\/vmsport.fi\/wp-content\/uploads\/2025\/03\/fMb4fJMH9zoaYQtD5295q0GaB5dH9Ad0pEjWo13y407p2jqwF2-1.jpg","datePublished":"2025-03-05T22:27:14+00:00","dateModified":"2026-03-30T13:55:44+00:00","breadcrumb":{"@id":"https:\/\/vmsport.fi\/verkkokauppa\/renkaat\/sisarenkaat\/xlc-pu-x15-black\/#breadcrumb"},"inLanguage":"sv-SE","potentialAction":[{"@type":"ReadAction","target":["https:\/\/vmsport.fi\/verkkokauppa\/renkaat\/sisarenkaat\/xlc-pu-x15-black\/"]}]},{"@type":"ImageObject","inLanguage":"sv-SE","@id":"https:\/\/vmsport.fi\/verkkokauppa\/renkaat\/sisarenkaat\/xlc-pu-x15-black\/#primaryimage","url":"https:\/\/vmsport.fi\/wp-content\/uploads\/2025\/03\/fMb4fJMH9zoaYQtD5295q0GaB5dH9Ad0pEjWo13y407p2jqwF2-1.jpg","contentUrl":"https:\/\/vmsport.fi\/wp-content\/uploads\/2025\/03\/fMb4fJMH9zoaYQtD5295q0GaB5dH9Ad0pEjWo13y407p2jqwF2-1.jpg","width":800,"height":800,"caption":"fMb4fJMH9zoaYQtD5295q0GaB5dH9Ad0pEjWo13y407p2jqwF2"},{"@type":"BreadcrumbList","@id":"https:\/\/vmsport.fi\/verkkokauppa\/renkaat\/sisarenkaat\/xlc-pu-x15-black\/#breadcrumb","itemListElement":[{"@type":"ListItem","position":1,"name":"Etusivu","item":"https:\/\/vmsport.fi\/"},{"@type":"ListItem","position":2,"name":"Online Store","item":"https:\/\/vmsport.fi\/en\/online-store\/"},{"@type":"ListItem","position":3,"name":"XLC PU-X15 Black"}]},{"@type":"WebSite","@id":"https:\/\/vmsport.fi\/#website","url":"https:\/\/vmsport.fi\/","name":"Vmsport","description":"Allt p\u00e5 ett st\u00e4lle f\u00f6r cykling","publisher":{"@id":"https:\/\/vmsport.fi\/#organization"},"potentialAction":[{"@type":"SearchAction","target":{"@type":"EntryPoint","urlTemplate":"https:\/\/vmsport.fi\/?s={search_term_string}"},"query-input":{"@type":"PropertyValueSpecification","valueRequired":true,"valueName":"search_term_string"}}],"inLanguage":"sv-SE"},{"@type":"Organization","@id":"https:\/\/vmsport.fi\/#organization","name":"Vmsport","url":"https:\/\/vmsport.fi\/","logo":{"@type":"ImageObject","inLanguage":"sv-SE","@id":"https:\/\/vmsport.fi\/#\/schema\/logo\/image\/","url":"https:\/\/vmsport.fi\/wp-content\/uploads\/2024\/12\/vm_sport_RGB_horisontal-e1734526017575.png","contentUrl":"https:\/\/vmsport.fi\/wp-content\/uploads\/2024\/12\/vm_sport_RGB_horisontal-e1734526017575.png","width":668,"height":85,"caption":"Vmsport"},"image":{"@id":"https:\/\/vmsport.fi\/#\/schema\/logo\/image\/"},"sameAs":["https:\/\/www.facebook.com\/Vmsport.fi\/","https:\/\/www.instagram.com\/vmsport\/"]}]}},"global_unique_id":"","_links":{"self":[{"href":"https:\/\/vmsport.fi\/sv\/wp-json\/wp\/v2\/product\/57046","targetHints":{"allow":["GET"]}}],"collection":[{"href":"https:\/\/vmsport.fi\/sv\/wp-json\/wp\/v2\/product"}],"about":[{"href":"https:\/\/vmsport.fi\/sv\/wp-json\/wp\/v2\/types\/product"}],"replies":[{"embeddable":true,"href":"https:\/\/vmsport.fi\/sv\/wp-json\/wp\/v2\/comments?post=57046"}],"wp:featuredmedia":[{"embeddable":true,"href":"https:\/\/vmsport.fi\/sv\/wp-json\/wp\/v2\/media\/57045"}],"wp:attachment":[{"href":"https:\/\/vmsport.fi\/sv\/wp-json\/wp\/v2\/media?parent=57046"}],"wp:term":[{"taxonomy":"product_brand","embeddable":true,"href":"https:\/\/vmsport.fi\/sv\/wp-json\/wp\/v2\/product_brand?post=57046"},{"taxonomy":"product_model","embeddable":true,"href":"https:\/\/vmsport.fi\/sv\/wp-json\/wp\/v2\/product_model?post=57046"},{"taxonomy":"product_cat","embeddable":true,"href":"https:\/\/vmsport.fi\/sv\/wp-json\/wp\/v2\/product_cat?post=57046"},{"taxonomy":"product_tag","embeddable":true,"href":"https:\/\/vmsport.fi\/sv\/wp-json\/wp\/v2\/product_tag?post=57046"},{"taxonomy":"industry_terminology","embeddable":true,"href":"https:\/\/vmsport.fi\/sv\/wp-json\/wp\/v2\/industry-terminology?post=57046"}],"curies":[{"name":"wp","href":"https:\/\/api.w.org\/{rel}","templated":true}]}}