{"id":57028,"date":"2025-03-06T00:27:04","date_gmt":"2025-03-05T22:27:04","guid":{"rendered":"https:\/\/vmsport.fi\/verkkokauppa\/Ei-luokiteltu\/muc-off-co2-cartridge-25-g\/"},"modified":"2026-01-16T13:21:39","modified_gmt":"2026-01-16T11:21:39","slug":"muc-off-co2-patron-25-g","status":"publish","type":"product","link":"https:\/\/vmsport.fi\/sv\/verkkokauppa\/tarvikkeet\/pumput\/co2-pumput-ja-patruunat\/muc-off-co2-cartridge-25-g\/","title":{"rendered":"MUC-OFF CO2-patron 25 g"},"content":{"rendered":"<p>N\u00e4r det beh\u00f6vs en snabb uppbl\u00e5sning \u00e4r MUC-OFF CO2-patronen 25 g speciellt utformad f\u00f6r snabb uppbl\u00e5sning av terr\u00e4ngcyklar. Kompatibilitet med MUC-OFF CO2-pumpningssats m\u00f6jligg\u00f6r effektiv pumpning av innerd\u00e4cken, s\u00e5 att du kan forts\u00e4tta cykla utan l\u00e5nga f\u00f6rseningar. CO2-patronens kompakta storlek g\u00f6r den l\u00e4tt att ha med sig p\u00e5 l\u00e5nga cykelturer eller i pendlarv\u00e4skan vid ov\u00e4ntade punkteringar. Patronen inneh\u00e5ller 25 gram CO2, som hj\u00e4lper till att hantera ov\u00e4ntade d\u00e4ckproblem, minskar avbrott i k\u00f6rningen och ger en bekv\u00e4m l\u00f6sning f\u00f6r d\u00e4ckreparation vid b\u00e5de on- och offroadk\u00f6rning.<\/p>","protected":false},"excerpt":{"rendered":"<p>Kun tarvitaan nopeaa renkaan t\u00e4ytt\u00f6\u00e4, MUC-OFF CO2 -patruuna 25 g on suunniteltu erityisesti maastopy\u00f6rien rengaspaineiden nopeaan palauttamiseen. Yhteensopivuus MUC-OFF CO2 -t\u00e4ytt\u00f6sarjan kanssa mahdollistaa sis\u00e4renkaiden tehokkaan t\u00e4yt\u00f6n, joten voit jatkaa py\u00f6r\u00e4ily\u00e4 ilman pitki\u00e4 viivytyksi\u00e4. Kompaktin kokoinen CO2-patruuna on helppo pit\u00e4\u00e4 mukana pitkienkin ajomatkojen aikana tai ty\u00f6matkakassissa odottamattomien puhkeamisten varalta. Patruunassa on 25 grammaa hiilidioksidia, mik\u00e4 auttaa [&#8230;]<\/p>\n<p><a class=\"btn btn-secondary understrap-read-more-link\" href=\"https:\/\/vmsport.fi\/sv\/verkkokauppa\/tarvikkeet\/pumput\/co2-pumput-ja-patruunat\/muc-off-co2-cartridge-25-g\/\">L\u00e4s mer \u2026<span class=\"screen-reader-text\"> from MUC-OFF CO2 cartridge 25 g<\/span><\/a><\/p>\n","protected":false},"featured_media":57027,"comment_status":"open","ping_status":"closed","template":"","meta":{"_acf_changed":false,"_improvement_type_select":"improve_an_existing","_thumb_yes_seoaic":false,"_frame_yes_seoaic":false,"seoaic_generate_description":"","seoaic_improve_instructions_prompt":"","seoaic_rollback_content_improvement":"","seoaic_idea_thumbnail_generator":"","thumbnail_generated":false,"thumbnail_generate_prompt":"","seoaic_article_description":"","_supplier_stock_quantity":0},"product_brand":[1584],"product_model":[],"product_cat":[9586],"product_tag":[],"industry-terminology":[],"class_list":{"0":"post-57028","1":"product","2":"type-product","3":"status-publish","4":"has-post-thumbnail","6":"product_brand-muc-off","7":"product_cat-co2-pumput-ja-patruunat","9":"first","10":"instock","11":"taxable","12":"shipping-taxable","13":"purchasable","14":"product-type-simple"},"acf":{"bike_features":null,"overview":{"copy_overview":null,"key_features":null,"statement":"","youtube_url":""}},"yoast_head":"<!-- This site is optimized with the Yoast SEO plugin v27.3 - https:\/\/yoast.com\/product\/yoast-seo-wordpress\/ -->\n<title>MUC-OFF CO2 cartridge 25 g - VM Sport<\/title>\n<meta name=\"robots\" content=\"index, follow, max-snippet:-1, max-image-preview:large, max-video-preview:-1\" \/>\n<link rel=\"canonical\" href=\"https:\/\/vmsport.fi\/sv\/webbutik\/tillbehor\/pumpar\/co2-pumpar-och-patroner\/muc-off-co2-patron-25-g\/\" \/>\n<meta property=\"og:locale\" content=\"sv_SE\" \/>\n<meta property=\"og:type\" content=\"article\" \/>\n<meta property=\"og:title\" content=\"MUC-OFF CO2 cartridge 25 g - VM Sport\" \/>\n<meta property=\"og:description\" content=\"Kun tarvitaan nopeaa renkaan t\u00e4ytt\u00f6\u00e4, MUC-OFF CO2 -patruuna 25 g on suunniteltu erityisesti maastopy\u00f6rien rengaspaineiden nopeaan palauttamiseen. Yhteensopivuus MUC-OFF CO2 -t\u00e4ytt\u00f6sarjan kanssa mahdollistaa sis\u00e4renkaiden tehokkaan t\u00e4yt\u00f6n, joten voit jatkaa py\u00f6r\u00e4ily\u00e4 ilman pitki\u00e4 viivytyksi\u00e4. Kompaktin kokoinen CO2-patruuna on helppo pit\u00e4\u00e4 mukana pitkienkin ajomatkojen aikana tai ty\u00f6matkakassissa odottamattomien puhkeamisten varalta. Patruunassa on 25 grammaa hiilidioksidia, mik\u00e4 auttaa [...]L\u00e4s mer \u2026 from MUC-OFF CO2 cartridge 25 g\" \/>\n<meta property=\"og:url\" content=\"https:\/\/vmsport.fi\/sv\/webbutik\/tillbehor\/pumpar\/co2-pumpar-och-patroner\/muc-off-co2-patron-25-g\/\" \/>\n<meta property=\"og:site_name\" content=\"VM Sport\" \/>\n<meta property=\"article:publisher\" content=\"https:\/\/www.facebook.com\/Vmsport.fi\/\" \/>\n<meta property=\"article:modified_time\" content=\"2026-01-16T11:21:39+00:00\" \/>\n<meta property=\"og:image\" content=\"https:\/\/vmsport.fi\/wp-content\/uploads\/2025\/03\/MUC-OFF-co2-cartridge-25g-1.jpg\" \/>\n\t<meta property=\"og:image:width\" content=\"1000\" \/>\n\t<meta property=\"og:image:height\" content=\"750\" \/>\n\t<meta property=\"og:image:type\" content=\"image\/jpeg\" \/>\n<meta name=\"twitter:card\" content=\"summary_large_image\" \/>\n<script type=\"application\/ld+json\" class=\"yoast-schema-graph\">{\"@context\":\"https:\\\/\\\/schema.org\",\"@graph\":[{\"@type\":[\"WebPage\",\"ItemPage\"],\"@id\":\"https:\\\/\\\/vmsport.fi\\\/verkkokauppa\\\/tarvikkeet\\\/pumput\\\/co2-pumput-ja-patruunat\\\/muc-off-co2-cartridge-25-g\\\/\",\"url\":\"https:\\\/\\\/vmsport.fi\\\/verkkokauppa\\\/tarvikkeet\\\/pumput\\\/co2-pumput-ja-patruunat\\\/muc-off-co2-cartridge-25-g\\\/\",\"name\":\"MUC-OFF CO2 cartridge 25 g - VM Sport\",\"isPartOf\":{\"@id\":\"https:\\\/\\\/vmsport.fi\\\/#website\"},\"primaryImageOfPage\":{\"@id\":\"https:\\\/\\\/vmsport.fi\\\/verkkokauppa\\\/tarvikkeet\\\/pumput\\\/co2-pumput-ja-patruunat\\\/muc-off-co2-cartridge-25-g\\\/#primaryimage\"},\"image\":{\"@id\":\"https:\\\/\\\/vmsport.fi\\\/verkkokauppa\\\/tarvikkeet\\\/pumput\\\/co2-pumput-ja-patruunat\\\/muc-off-co2-cartridge-25-g\\\/#primaryimage\"},\"thumbnailUrl\":\"https:\\\/\\\/vmsport.fi\\\/wp-content\\\/uploads\\\/2025\\\/03\\\/MUC-OFF-co2-cartridge-25g-1.jpg\",\"datePublished\":\"2025-03-05T22:27:04+00:00\",\"dateModified\":\"2026-01-16T11:21:39+00:00\",\"breadcrumb\":{\"@id\":\"https:\\\/\\\/vmsport.fi\\\/verkkokauppa\\\/tarvikkeet\\\/pumput\\\/co2-pumput-ja-patruunat\\\/muc-off-co2-cartridge-25-g\\\/#breadcrumb\"},\"inLanguage\":\"sv-SE\",\"potentialAction\":[{\"@type\":\"ReadAction\",\"target\":[\"https:\\\/\\\/vmsport.fi\\\/verkkokauppa\\\/tarvikkeet\\\/pumput\\\/co2-pumput-ja-patruunat\\\/muc-off-co2-cartridge-25-g\\\/\"]}]},{\"@type\":\"ImageObject\",\"inLanguage\":\"sv-SE\",\"@id\":\"https:\\\/\\\/vmsport.fi\\\/verkkokauppa\\\/tarvikkeet\\\/pumput\\\/co2-pumput-ja-patruunat\\\/muc-off-co2-cartridge-25-g\\\/#primaryimage\",\"url\":\"https:\\\/\\\/vmsport.fi\\\/wp-content\\\/uploads\\\/2025\\\/03\\\/MUC-OFF-co2-cartridge-25g-1.jpg\",\"contentUrl\":\"https:\\\/\\\/vmsport.fi\\\/wp-content\\\/uploads\\\/2025\\\/03\\\/MUC-OFF-co2-cartridge-25g-1.jpg\",\"width\":1000,\"height\":750,\"caption\":\"MUC-OFF-co2-cartridge-25g\"},{\"@type\":\"BreadcrumbList\",\"@id\":\"https:\\\/\\\/vmsport.fi\\\/verkkokauppa\\\/tarvikkeet\\\/pumput\\\/co2-pumput-ja-patruunat\\\/muc-off-co2-cartridge-25-g\\\/#breadcrumb\",\"itemListElement\":[{\"@type\":\"ListItem\",\"position\":1,\"name\":\"Etusivu\",\"item\":\"https:\\\/\\\/vmsport.fi\\\/\"},{\"@type\":\"ListItem\",\"position\":2,\"name\":\"Online Store\",\"item\":\"https:\\\/\\\/vmsport.fi\\\/en\\\/online-store\\\/\"},{\"@type\":\"ListItem\",\"position\":3,\"name\":\"Muc-Off\",\"item\":\"https:\\\/\\\/vmsport.fi\\\/merkki\\\/muc-off\\\/\"},{\"@type\":\"ListItem\",\"position\":4,\"name\":\"MUC-OFF CO2 cartridge 25 g\"}]},{\"@type\":\"WebSite\",\"@id\":\"https:\\\/\\\/vmsport.fi\\\/#website\",\"url\":\"https:\\\/\\\/vmsport.fi\\\/\",\"name\":\"Vmsport\",\"description\":\"Kaikki py\u00f6r\u00e4ilyyn yhdest\u00e4 paikasta\",\"publisher\":{\"@id\":\"https:\\\/\\\/vmsport.fi\\\/#organization\"},\"potentialAction\":[{\"@type\":\"SearchAction\",\"target\":{\"@type\":\"EntryPoint\",\"urlTemplate\":\"https:\\\/\\\/vmsport.fi\\\/?s={search_term_string}\"},\"query-input\":{\"@type\":\"PropertyValueSpecification\",\"valueRequired\":true,\"valueName\":\"search_term_string\"}}],\"inLanguage\":\"sv-SE\"},{\"@type\":\"Organization\",\"@id\":\"https:\\\/\\\/vmsport.fi\\\/#organization\",\"name\":\"Vmsport\",\"url\":\"https:\\\/\\\/vmsport.fi\\\/\",\"logo\":{\"@type\":\"ImageObject\",\"inLanguage\":\"sv-SE\",\"@id\":\"https:\\\/\\\/vmsport.fi\\\/#\\\/schema\\\/logo\\\/image\\\/\",\"url\":\"https:\\\/\\\/vmsport.fi\\\/wp-content\\\/uploads\\\/2024\\\/12\\\/vm_sport_RGB_horisontal-e1734526017575.png\",\"contentUrl\":\"https:\\\/\\\/vmsport.fi\\\/wp-content\\\/uploads\\\/2024\\\/12\\\/vm_sport_RGB_horisontal-e1734526017575.png\",\"width\":668,\"height\":85,\"caption\":\"Vmsport\"},\"image\":{\"@id\":\"https:\\\/\\\/vmsport.fi\\\/#\\\/schema\\\/logo\\\/image\\\/\"},\"sameAs\":[\"https:\\\/\\\/www.facebook.com\\\/Vmsport.fi\\\/\",\"https:\\\/\\\/www.instagram.com\\\/vmsport\\\/\"]}]}<\/script>\n<!-- \/ Yoast SEO plugin. -->","yoast_head_json":{"title":"MUC-OFF CO2-patron 25 g - VM Sport","robots":{"index":"index","follow":"follow","max-snippet":"max-snippet:-1","max-image-preview":"max-image-preview:large","max-video-preview":"max-video-preview:-1"},"canonical":"https:\/\/vmsport.fi\/sv\/webbutik\/tillbehor\/pumpar\/co2-pumpar-och-patroner\/muc-off-co2-patron-25-g\/","og_locale":"sv_SE","og_type":"article","og_title":"MUC-OFF CO2 cartridge 25 g - VM Sport","og_description":"Kun tarvitaan nopeaa renkaan t\u00e4ytt\u00f6\u00e4, MUC-OFF CO2 -patruuna 25 g on suunniteltu erityisesti maastopy\u00f6rien rengaspaineiden nopeaan palauttamiseen. Yhteensopivuus MUC-OFF CO2 -t\u00e4ytt\u00f6sarjan kanssa mahdollistaa sis\u00e4renkaiden tehokkaan t\u00e4yt\u00f6n, joten voit jatkaa py\u00f6r\u00e4ily\u00e4 ilman pitki\u00e4 viivytyksi\u00e4. Kompaktin kokoinen CO2-patruuna on helppo pit\u00e4\u00e4 mukana pitkienkin ajomatkojen aikana tai ty\u00f6matkakassissa odottamattomien puhkeamisten varalta. Patruunassa on 25 grammaa hiilidioksidia, mik\u00e4 auttaa [...]L\u00e4s mer \u2026 from MUC-OFF CO2 cartridge 25 g","og_url":"https:\/\/vmsport.fi\/sv\/webbutik\/tillbehor\/pumpar\/co2-pumpar-och-patroner\/muc-off-co2-patron-25-g\/","og_site_name":"VM Sport","article_publisher":"https:\/\/www.facebook.com\/Vmsport.fi\/","article_modified_time":"2026-01-16T11:21:39+00:00","og_image":[{"width":1000,"height":750,"url":"https:\/\/vmsport.fi\/wp-content\/uploads\/2025\/03\/MUC-OFF-co2-cartridge-25g-1.jpg","type":"image\/jpeg"}],"twitter_card":"summary_large_image","schema":{"@context":"https:\/\/schema.org","@graph":[{"@type":["WebPage","ItemPage"],"@id":"https:\/\/vmsport.fi\/verkkokauppa\/tarvikkeet\/pumput\/co2-pumput-ja-patruunat\/muc-off-co2-cartridge-25-g\/","url":"https:\/\/vmsport.fi\/verkkokauppa\/tarvikkeet\/pumput\/co2-pumput-ja-patruunat\/muc-off-co2-cartridge-25-g\/","name":"MUC-OFF CO2-patron 25 g - VM Sport","isPartOf":{"@id":"https:\/\/vmsport.fi\/#website"},"primaryImageOfPage":{"@id":"https:\/\/vmsport.fi\/verkkokauppa\/tarvikkeet\/pumput\/co2-pumput-ja-patruunat\/muc-off-co2-cartridge-25-g\/#primaryimage"},"image":{"@id":"https:\/\/vmsport.fi\/verkkokauppa\/tarvikkeet\/pumput\/co2-pumput-ja-patruunat\/muc-off-co2-cartridge-25-g\/#primaryimage"},"thumbnailUrl":"https:\/\/vmsport.fi\/wp-content\/uploads\/2025\/03\/MUC-OFF-co2-cartridge-25g-1.jpg","datePublished":"2025-03-05T22:27:04+00:00","dateModified":"2026-01-16T11:21:39+00:00","breadcrumb":{"@id":"https:\/\/vmsport.fi\/verkkokauppa\/tarvikkeet\/pumput\/co2-pumput-ja-patruunat\/muc-off-co2-cartridge-25-g\/#breadcrumb"},"inLanguage":"sv-SE","potentialAction":[{"@type":"ReadAction","target":["https:\/\/vmsport.fi\/verkkokauppa\/tarvikkeet\/pumput\/co2-pumput-ja-patruunat\/muc-off-co2-cartridge-25-g\/"]}]},{"@type":"ImageObject","inLanguage":"sv-SE","@id":"https:\/\/vmsport.fi\/verkkokauppa\/tarvikkeet\/pumput\/co2-pumput-ja-patruunat\/muc-off-co2-cartridge-25-g\/#primaryimage","url":"https:\/\/vmsport.fi\/wp-content\/uploads\/2025\/03\/MUC-OFF-co2-cartridge-25g-1.jpg","contentUrl":"https:\/\/vmsport.fi\/wp-content\/uploads\/2025\/03\/MUC-OFF-co2-cartridge-25g-1.jpg","width":1000,"height":750,"caption":"MUC-OFF-co2-cartridge-25g"},{"@type":"BreadcrumbList","@id":"https:\/\/vmsport.fi\/verkkokauppa\/tarvikkeet\/pumput\/co2-pumput-ja-patruunat\/muc-off-co2-cartridge-25-g\/#breadcrumb","itemListElement":[{"@type":"ListItem","position":1,"name":"Etusivu","item":"https:\/\/vmsport.fi\/"},{"@type":"ListItem","position":2,"name":"Online Store","item":"https:\/\/vmsport.fi\/en\/online-store\/"},{"@type":"ListItem","position":3,"name":"Muc-Off","item":"https:\/\/vmsport.fi\/merkki\/muc-off\/"},{"@type":"ListItem","position":4,"name":"MUC-OFF CO2 cartridge 25 g"}]},{"@type":"WebSite","@id":"https:\/\/vmsport.fi\/#website","url":"https:\/\/vmsport.fi\/","name":"Vmsport","description":"Allt p\u00e5 ett st\u00e4lle f\u00f6r cykling","publisher":{"@id":"https:\/\/vmsport.fi\/#organization"},"potentialAction":[{"@type":"SearchAction","target":{"@type":"EntryPoint","urlTemplate":"https:\/\/vmsport.fi\/?s={search_term_string}"},"query-input":{"@type":"PropertyValueSpecification","valueRequired":true,"valueName":"search_term_string"}}],"inLanguage":"sv-SE"},{"@type":"Organization","@id":"https:\/\/vmsport.fi\/#organization","name":"Vmsport","url":"https:\/\/vmsport.fi\/","logo":{"@type":"ImageObject","inLanguage":"sv-SE","@id":"https:\/\/vmsport.fi\/#\/schema\/logo\/image\/","url":"https:\/\/vmsport.fi\/wp-content\/uploads\/2024\/12\/vm_sport_RGB_horisontal-e1734526017575.png","contentUrl":"https:\/\/vmsport.fi\/wp-content\/uploads\/2024\/12\/vm_sport_RGB_horisontal-e1734526017575.png","width":668,"height":85,"caption":"Vmsport"},"image":{"@id":"https:\/\/vmsport.fi\/#\/schema\/logo\/image\/"},"sameAs":["https:\/\/www.facebook.com\/Vmsport.fi\/","https:\/\/www.instagram.com\/vmsport\/"]}]}},"global_unique_id":"","_links":{"self":[{"href":"https:\/\/vmsport.fi\/sv\/wp-json\/wp\/v2\/product\/57028","targetHints":{"allow":["GET"]}}],"collection":[{"href":"https:\/\/vmsport.fi\/sv\/wp-json\/wp\/v2\/product"}],"about":[{"href":"https:\/\/vmsport.fi\/sv\/wp-json\/wp\/v2\/types\/product"}],"replies":[{"embeddable":true,"href":"https:\/\/vmsport.fi\/sv\/wp-json\/wp\/v2\/comments?post=57028"}],"wp:featuredmedia":[{"embeddable":true,"href":"https:\/\/vmsport.fi\/sv\/wp-json\/wp\/v2\/media\/57027"}],"wp:attachment":[{"href":"https:\/\/vmsport.fi\/sv\/wp-json\/wp\/v2\/media?parent=57028"}],"wp:term":[{"taxonomy":"product_brand","embeddable":true,"href":"https:\/\/vmsport.fi\/sv\/wp-json\/wp\/v2\/product_brand?post=57028"},{"taxonomy":"product_model","embeddable":true,"href":"https:\/\/vmsport.fi\/sv\/wp-json\/wp\/v2\/product_model?post=57028"},{"taxonomy":"product_cat","embeddable":true,"href":"https:\/\/vmsport.fi\/sv\/wp-json\/wp\/v2\/product_cat?post=57028"},{"taxonomy":"product_tag","embeddable":true,"href":"https:\/\/vmsport.fi\/sv\/wp-json\/wp\/v2\/product_tag?post=57028"},{"taxonomy":"industry_terminology","embeddable":true,"href":"https:\/\/vmsport.fi\/sv\/wp-json\/wp\/v2\/industry-terminology?post=57028"}],"curies":[{"name":"wp","href":"https:\/\/api.w.org\/{rel}","templated":true}]}}