{"id":57013,"date":"2025-03-06T00:26:54","date_gmt":"2025-03-05T22:26:54","guid":{"rendered":"https:\/\/vmsport.fi\/verkkokauppa\/Ei-luokiteltu\/xlc-vs-x02-bracket-for-e-bike-battery-charger-fits-the-vs-f08-bike-stand\/"},"modified":"2026-01-16T13:25:26","modified_gmt":"2026-01-16T11:25:26","slug":"xlc-vs-x02-bracket-for-e-bike-battery-charger-fits-the-vs-f08-bike-stand","status":"publish","type":"product","link":"https:\/\/vmsport.fi\/sv\/verkkokauppa\/varaosat\/sahkopyorien-osat\/sahkopyora-tarvikkeet\/xlc-vs-x02-bracket-for-e-bike-battery-charger-fits-the-vs-f08-bike-stand\/","title":{"rendered":"XLC VS-X02 F\u00e4ste f\u00f6r batteriladdare f\u00f6r elcykel passar VS-F08 cykelst\u00e4ll"},"content":{"rendered":"<p>XLC VS-X02 -kiinnike on erityisesti suunniteltu s\u00e4hk\u00f6py\u00f6r\u00e4n laturille. Se on yhteensopiva VS-F08-py\u00f6r\u00e4telineen kanssa, mik\u00e4 mahdollistaa laturin helpon ja turvallisen kiinnitt\u00e4misen. Kiinnike on valmistettu kest\u00e4v\u00e4st\u00e4 materiaalista, mik\u00e4 takaa sen pitk\u00e4ik\u00e4isyyden. Asennus k\u00e4y vaivattomasti, sill\u00e4 mukana toimitettavat kiinnitysv\u00e4lineet varmistavat tukevuuden. T\u00e4m\u00e4 kiinnike on erinomainen valinta, kun halutaan pit\u00e4\u00e4 s\u00e4hk\u00f6py\u00f6r\u00e4n laturi siististi paikallaan ja helposti saatavilla.<\/p>","protected":false},"excerpt":{"rendered":"<p>XLC VS-X02 -kiinnike on erityisesti suunniteltu s\u00e4hk\u00f6py\u00f6r\u00e4n laturille. Se on yhteensopiva VS-F08-py\u00f6r\u00e4telineen kanssa, mik\u00e4 mahdollistaa laturin helpon ja turvallisen kiinnitt\u00e4misen. Kiinnike on valmistettu kest\u00e4v\u00e4st\u00e4 materiaalista, mik\u00e4 takaa sen pitk\u00e4ik\u00e4isyyden. Asennus k\u00e4y vaivattomasti, sill\u00e4 mukana toimitettavat kiinnitysv\u00e4lineet varmistavat tukevuuden. T\u00e4m\u00e4 kiinnike on erinomainen valinta, kun halutaan pit\u00e4\u00e4 s\u00e4hk\u00f6py\u00f6r\u00e4n laturi siististi paikallaan ja helposti saatavilla. [&#8230;]<\/p>\n<p><a class=\"btn btn-secondary understrap-read-more-link\" href=\"https:\/\/vmsport.fi\/sv\/verkkokauppa\/varaosat\/sahkopyorien-osat\/sahkopyora-tarvikkeet\/xlc-vs-x02-bracket-for-e-bike-battery-charger-fits-the-vs-f08-bike-stand\/\">L\u00e4s mer \u2026<span class=\"screen-reader-text\"> from XLC VS-X02 Bracket for E-bike battery charger fits the VS-F08 bike stand<\/span><\/a><\/p>\n","protected":false},"featured_media":57012,"comment_status":"open","ping_status":"closed","template":"","meta":{"_acf_changed":false,"_improvement_type_select":"improve_an_existing","_thumb_yes_seoaic":false,"_frame_yes_seoaic":false,"seoaic_generate_description":"","seoaic_improve_instructions_prompt":"","seoaic_rollback_content_improvement":"","seoaic_idea_thumbnail_generator":"","thumbnail_generated":false,"thumbnail_generate_prompt":"","seoaic_article_description":"","_supplier_stock_quantity":0},"product_brand":[],"product_model":[],"product_cat":[9468],"product_tag":[],"industry-terminology":[],"class_list":{"0":"post-57013","1":"product","2":"type-product","3":"status-publish","4":"has-post-thumbnail","6":"product_cat-sahkopyora-tarvikkeet","8":"first","9":"outofstock","10":"taxable","11":"shipping-taxable","12":"product-type-simple"},"acf":{"bike_features":null,"overview":{"copy_overview":null,"key_features":null,"statement":"","youtube_url":""}},"yoast_head":"<!-- This site is optimized with the Yoast SEO plugin v27.3 - https:\/\/yoast.com\/product\/yoast-seo-wordpress\/ -->\n<title>XLC VS-X02 Bracket for E-bike battery charger fits the VS-F08 bike stand - VM Sport<\/title>\n<meta name=\"robots\" content=\"index, follow, max-snippet:-1, max-image-preview:large, max-video-preview:-1\" \/>\n<link rel=\"canonical\" href=\"https:\/\/vmsport.fi\/sv\/webbutik\/reservdelar\/delar-av-sagbockar\/tillbehor-till-sagbock\/xlc-vs-x02-bracket-for-e-bike-battery-charger-fits-the-vs-f08-bike-stand\/\" \/>\n<meta property=\"og:locale\" content=\"sv_SE\" \/>\n<meta property=\"og:type\" content=\"article\" \/>\n<meta property=\"og:title\" content=\"XLC VS-X02 Bracket for E-bike battery charger fits the VS-F08 bike stand - VM Sport\" \/>\n<meta property=\"og:description\" content=\"XLC VS-X02 -kiinnike on erityisesti suunniteltu s\u00e4hk\u00f6py\u00f6r\u00e4n laturille. Se on yhteensopiva VS-F08-py\u00f6r\u00e4telineen kanssa, mik\u00e4 mahdollistaa laturin helpon ja turvallisen kiinnitt\u00e4misen. Kiinnike on valmistettu kest\u00e4v\u00e4st\u00e4 materiaalista, mik\u00e4 takaa sen pitk\u00e4ik\u00e4isyyden. Asennus k\u00e4y vaivattomasti, sill\u00e4 mukana toimitettavat kiinnitysv\u00e4lineet varmistavat tukevuuden. T\u00e4m\u00e4 kiinnike on erinomainen valinta, kun halutaan pit\u00e4\u00e4 s\u00e4hk\u00f6py\u00f6r\u00e4n laturi siististi paikallaan ja helposti saatavilla. [...]L\u00e4s mer \u2026 from XLC VS-X02 Bracket for E-bike battery charger fits the VS-F08 bike stand\" \/>\n<meta property=\"og:url\" content=\"https:\/\/vmsport.fi\/sv\/webbutik\/reservdelar\/delar-av-sagbockar\/tillbehor-till-sagbock\/xlc-vs-x02-bracket-for-e-bike-battery-charger-fits-the-vs-f08-bike-stand\/\" \/>\n<meta property=\"og:site_name\" content=\"VM Sport\" \/>\n<meta property=\"article:publisher\" content=\"https:\/\/www.facebook.com\/Vmsport.fi\/\" \/>\n<meta property=\"article:modified_time\" content=\"2026-01-16T11:25:26+00:00\" \/>\n<meta property=\"og:image\" content=\"https:\/\/vmsport.fi\/wp-content\/uploads\/2025\/03\/mV37sIPG7FcRwrVPO3P0BfT05dIjFb2595s7zstrBeImDhAOxL-1.jpg\" \/>\n\t<meta property=\"og:image:width\" content=\"800\" \/>\n\t<meta property=\"og:image:height\" content=\"800\" \/>\n\t<meta property=\"og:image:type\" content=\"image\/jpeg\" \/>\n<meta name=\"twitter:card\" content=\"summary_large_image\" \/>\n<script type=\"application\/ld+json\" class=\"yoast-schema-graph\">{\"@context\":\"https:\\\/\\\/schema.org\",\"@graph\":[{\"@type\":[\"WebPage\",\"ItemPage\"],\"@id\":\"https:\\\/\\\/vmsport.fi\\\/verkkokauppa\\\/varaosat\\\/sahkopyorien-osat\\\/sahkopyora-tarvikkeet\\\/xlc-vs-x02-bracket-for-e-bike-battery-charger-fits-the-vs-f08-bike-stand\\\/\",\"url\":\"https:\\\/\\\/vmsport.fi\\\/verkkokauppa\\\/varaosat\\\/sahkopyorien-osat\\\/sahkopyora-tarvikkeet\\\/xlc-vs-x02-bracket-for-e-bike-battery-charger-fits-the-vs-f08-bike-stand\\\/\",\"name\":\"XLC VS-X02 Bracket for E-bike battery charger fits the VS-F08 bike stand - VM Sport\",\"isPartOf\":{\"@id\":\"https:\\\/\\\/vmsport.fi\\\/#website\"},\"primaryImageOfPage\":{\"@id\":\"https:\\\/\\\/vmsport.fi\\\/verkkokauppa\\\/varaosat\\\/sahkopyorien-osat\\\/sahkopyora-tarvikkeet\\\/xlc-vs-x02-bracket-for-e-bike-battery-charger-fits-the-vs-f08-bike-stand\\\/#primaryimage\"},\"image\":{\"@id\":\"https:\\\/\\\/vmsport.fi\\\/verkkokauppa\\\/varaosat\\\/sahkopyorien-osat\\\/sahkopyora-tarvikkeet\\\/xlc-vs-x02-bracket-for-e-bike-battery-charger-fits-the-vs-f08-bike-stand\\\/#primaryimage\"},\"thumbnailUrl\":\"https:\\\/\\\/vmsport.fi\\\/wp-content\\\/uploads\\\/2025\\\/03\\\/mV37sIPG7FcRwrVPO3P0BfT05dIjFb2595s7zstrBeImDhAOxL-1.jpg\",\"datePublished\":\"2025-03-05T22:26:54+00:00\",\"dateModified\":\"2026-01-16T11:25:26+00:00\",\"breadcrumb\":{\"@id\":\"https:\\\/\\\/vmsport.fi\\\/verkkokauppa\\\/varaosat\\\/sahkopyorien-osat\\\/sahkopyora-tarvikkeet\\\/xlc-vs-x02-bracket-for-e-bike-battery-charger-fits-the-vs-f08-bike-stand\\\/#breadcrumb\"},\"inLanguage\":\"sv-SE\",\"potentialAction\":[{\"@type\":\"ReadAction\",\"target\":[\"https:\\\/\\\/vmsport.fi\\\/verkkokauppa\\\/varaosat\\\/sahkopyorien-osat\\\/sahkopyora-tarvikkeet\\\/xlc-vs-x02-bracket-for-e-bike-battery-charger-fits-the-vs-f08-bike-stand\\\/\"]}]},{\"@type\":\"ImageObject\",\"inLanguage\":\"sv-SE\",\"@id\":\"https:\\\/\\\/vmsport.fi\\\/verkkokauppa\\\/varaosat\\\/sahkopyorien-osat\\\/sahkopyora-tarvikkeet\\\/xlc-vs-x02-bracket-for-e-bike-battery-charger-fits-the-vs-f08-bike-stand\\\/#primaryimage\",\"url\":\"https:\\\/\\\/vmsport.fi\\\/wp-content\\\/uploads\\\/2025\\\/03\\\/mV37sIPG7FcRwrVPO3P0BfT05dIjFb2595s7zstrBeImDhAOxL-1.jpg\",\"contentUrl\":\"https:\\\/\\\/vmsport.fi\\\/wp-content\\\/uploads\\\/2025\\\/03\\\/mV37sIPG7FcRwrVPO3P0BfT05dIjFb2595s7zstrBeImDhAOxL-1.jpg\",\"width\":800,\"height\":800,\"caption\":\"mV37sIPG7FcRwrVPO3P0BfT05dIjFb2595s7zstrBeImDhAOxL\"},{\"@type\":\"BreadcrumbList\",\"@id\":\"https:\\\/\\\/vmsport.fi\\\/verkkokauppa\\\/varaosat\\\/sahkopyorien-osat\\\/sahkopyora-tarvikkeet\\\/xlc-vs-x02-bracket-for-e-bike-battery-charger-fits-the-vs-f08-bike-stand\\\/#breadcrumb\",\"itemListElement\":[{\"@type\":\"ListItem\",\"position\":1,\"name\":\"Etusivu\",\"item\":\"https:\\\/\\\/vmsport.fi\\\/\"},{\"@type\":\"ListItem\",\"position\":2,\"name\":\"Online Store\",\"item\":\"https:\\\/\\\/vmsport.fi\\\/en\\\/online-store\\\/\"},{\"@type\":\"ListItem\",\"position\":3,\"name\":\"XLC VS-X02 Bracket for E-bike battery charger fits the VS-F08 bike stand\"}]},{\"@type\":\"WebSite\",\"@id\":\"https:\\\/\\\/vmsport.fi\\\/#website\",\"url\":\"https:\\\/\\\/vmsport.fi\\\/\",\"name\":\"Vmsport\",\"description\":\"Kaikki py\u00f6r\u00e4ilyyn yhdest\u00e4 paikasta\",\"publisher\":{\"@id\":\"https:\\\/\\\/vmsport.fi\\\/#organization\"},\"potentialAction\":[{\"@type\":\"SearchAction\",\"target\":{\"@type\":\"EntryPoint\",\"urlTemplate\":\"https:\\\/\\\/vmsport.fi\\\/?s={search_term_string}\"},\"query-input\":{\"@type\":\"PropertyValueSpecification\",\"valueRequired\":true,\"valueName\":\"search_term_string\"}}],\"inLanguage\":\"sv-SE\"},{\"@type\":\"Organization\",\"@id\":\"https:\\\/\\\/vmsport.fi\\\/#organization\",\"name\":\"Vmsport\",\"url\":\"https:\\\/\\\/vmsport.fi\\\/\",\"logo\":{\"@type\":\"ImageObject\",\"inLanguage\":\"sv-SE\",\"@id\":\"https:\\\/\\\/vmsport.fi\\\/#\\\/schema\\\/logo\\\/image\\\/\",\"url\":\"https:\\\/\\\/vmsport.fi\\\/wp-content\\\/uploads\\\/2024\\\/12\\\/vm_sport_RGB_horisontal-e1734526017575.png\",\"contentUrl\":\"https:\\\/\\\/vmsport.fi\\\/wp-content\\\/uploads\\\/2024\\\/12\\\/vm_sport_RGB_horisontal-e1734526017575.png\",\"width\":668,\"height\":85,\"caption\":\"Vmsport\"},\"image\":{\"@id\":\"https:\\\/\\\/vmsport.fi\\\/#\\\/schema\\\/logo\\\/image\\\/\"},\"sameAs\":[\"https:\\\/\\\/www.facebook.com\\\/Vmsport.fi\\\/\",\"https:\\\/\\\/www.instagram.com\\\/vmsport\\\/\"]}]}<\/script>\n<!-- \/ Yoast SEO plugin. -->","yoast_head_json":{"title":"XLC VS-X02 Bracket for E-bike battery charger fits the VS-F08 bike stand - VM Sport","robots":{"index":"index","follow":"follow","max-snippet":"max-snippet:-1","max-image-preview":"max-image-preview:large","max-video-preview":"max-video-preview:-1"},"canonical":"https:\/\/vmsport.fi\/sv\/webbutik\/reservdelar\/delar-av-sagbockar\/tillbehor-till-sagbock\/xlc-vs-x02-bracket-for-e-bike-battery-charger-fits-the-vs-f08-bike-stand\/","og_locale":"sv_SE","og_type":"article","og_title":"XLC VS-X02 Bracket for E-bike battery charger fits the VS-F08 bike stand - VM Sport","og_description":"XLC VS-X02 -kiinnike on erityisesti suunniteltu s\u00e4hk\u00f6py\u00f6r\u00e4n laturille. Se on yhteensopiva VS-F08-py\u00f6r\u00e4telineen kanssa, mik\u00e4 mahdollistaa laturin helpon ja turvallisen kiinnitt\u00e4misen. Kiinnike on valmistettu kest\u00e4v\u00e4st\u00e4 materiaalista, mik\u00e4 takaa sen pitk\u00e4ik\u00e4isyyden. Asennus k\u00e4y vaivattomasti, sill\u00e4 mukana toimitettavat kiinnitysv\u00e4lineet varmistavat tukevuuden. T\u00e4m\u00e4 kiinnike on erinomainen valinta, kun halutaan pit\u00e4\u00e4 s\u00e4hk\u00f6py\u00f6r\u00e4n laturi siististi paikallaan ja helposti saatavilla. [...]L\u00e4s mer \u2026 from XLC VS-X02 Bracket for E-bike battery charger fits the VS-F08 bike stand","og_url":"https:\/\/vmsport.fi\/sv\/webbutik\/reservdelar\/delar-av-sagbockar\/tillbehor-till-sagbock\/xlc-vs-x02-bracket-for-e-bike-battery-charger-fits-the-vs-f08-bike-stand\/","og_site_name":"VM Sport","article_publisher":"https:\/\/www.facebook.com\/Vmsport.fi\/","article_modified_time":"2026-01-16T11:25:26+00:00","og_image":[{"width":800,"height":800,"url":"https:\/\/vmsport.fi\/wp-content\/uploads\/2025\/03\/mV37sIPG7FcRwrVPO3P0BfT05dIjFb2595s7zstrBeImDhAOxL-1.jpg","type":"image\/jpeg"}],"twitter_card":"summary_large_image","schema":{"@context":"https:\/\/schema.org","@graph":[{"@type":["WebPage","ItemPage"],"@id":"https:\/\/vmsport.fi\/verkkokauppa\/varaosat\/sahkopyorien-osat\/sahkopyora-tarvikkeet\/xlc-vs-x02-bracket-for-e-bike-battery-charger-fits-the-vs-f08-bike-stand\/","url":"https:\/\/vmsport.fi\/verkkokauppa\/varaosat\/sahkopyorien-osat\/sahkopyora-tarvikkeet\/xlc-vs-x02-bracket-for-e-bike-battery-charger-fits-the-vs-f08-bike-stand\/","name":"XLC VS-X02 Bracket for E-bike battery charger fits the VS-F08 bike stand - VM Sport","isPartOf":{"@id":"https:\/\/vmsport.fi\/#website"},"primaryImageOfPage":{"@id":"https:\/\/vmsport.fi\/verkkokauppa\/varaosat\/sahkopyorien-osat\/sahkopyora-tarvikkeet\/xlc-vs-x02-bracket-for-e-bike-battery-charger-fits-the-vs-f08-bike-stand\/#primaryimage"},"image":{"@id":"https:\/\/vmsport.fi\/verkkokauppa\/varaosat\/sahkopyorien-osat\/sahkopyora-tarvikkeet\/xlc-vs-x02-bracket-for-e-bike-battery-charger-fits-the-vs-f08-bike-stand\/#primaryimage"},"thumbnailUrl":"https:\/\/vmsport.fi\/wp-content\/uploads\/2025\/03\/mV37sIPG7FcRwrVPO3P0BfT05dIjFb2595s7zstrBeImDhAOxL-1.jpg","datePublished":"2025-03-05T22:26:54+00:00","dateModified":"2026-01-16T11:25:26+00:00","breadcrumb":{"@id":"https:\/\/vmsport.fi\/verkkokauppa\/varaosat\/sahkopyorien-osat\/sahkopyora-tarvikkeet\/xlc-vs-x02-bracket-for-e-bike-battery-charger-fits-the-vs-f08-bike-stand\/#breadcrumb"},"inLanguage":"sv-SE","potentialAction":[{"@type":"ReadAction","target":["https:\/\/vmsport.fi\/verkkokauppa\/varaosat\/sahkopyorien-osat\/sahkopyora-tarvikkeet\/xlc-vs-x02-bracket-for-e-bike-battery-charger-fits-the-vs-f08-bike-stand\/"]}]},{"@type":"ImageObject","inLanguage":"sv-SE","@id":"https:\/\/vmsport.fi\/verkkokauppa\/varaosat\/sahkopyorien-osat\/sahkopyora-tarvikkeet\/xlc-vs-x02-bracket-for-e-bike-battery-charger-fits-the-vs-f08-bike-stand\/#primaryimage","url":"https:\/\/vmsport.fi\/wp-content\/uploads\/2025\/03\/mV37sIPG7FcRwrVPO3P0BfT05dIjFb2595s7zstrBeImDhAOxL-1.jpg","contentUrl":"https:\/\/vmsport.fi\/wp-content\/uploads\/2025\/03\/mV37sIPG7FcRwrVPO3P0BfT05dIjFb2595s7zstrBeImDhAOxL-1.jpg","width":800,"height":800,"caption":"mV37sIPG7FcRwrVPO3P0BfT05dIjFb2595s7zstrBeImDhAOxL"},{"@type":"BreadcrumbList","@id":"https:\/\/vmsport.fi\/verkkokauppa\/varaosat\/sahkopyorien-osat\/sahkopyora-tarvikkeet\/xlc-vs-x02-bracket-for-e-bike-battery-charger-fits-the-vs-f08-bike-stand\/#breadcrumb","itemListElement":[{"@type":"ListItem","position":1,"name":"Etusivu","item":"https:\/\/vmsport.fi\/"},{"@type":"ListItem","position":2,"name":"Online Store","item":"https:\/\/vmsport.fi\/en\/online-store\/"},{"@type":"ListItem","position":3,"name":"XLC VS-X02 Bracket for E-bike battery charger fits the VS-F08 bike stand"}]},{"@type":"WebSite","@id":"https:\/\/vmsport.fi\/#website","url":"https:\/\/vmsport.fi\/","name":"Vmsport","description":"Allt p\u00e5 ett st\u00e4lle f\u00f6r cykling","publisher":{"@id":"https:\/\/vmsport.fi\/#organization"},"potentialAction":[{"@type":"SearchAction","target":{"@type":"EntryPoint","urlTemplate":"https:\/\/vmsport.fi\/?s={search_term_string}"},"query-input":{"@type":"PropertyValueSpecification","valueRequired":true,"valueName":"search_term_string"}}],"inLanguage":"sv-SE"},{"@type":"Organization","@id":"https:\/\/vmsport.fi\/#organization","name":"Vmsport","url":"https:\/\/vmsport.fi\/","logo":{"@type":"ImageObject","inLanguage":"sv-SE","@id":"https:\/\/vmsport.fi\/#\/schema\/logo\/image\/","url":"https:\/\/vmsport.fi\/wp-content\/uploads\/2024\/12\/vm_sport_RGB_horisontal-e1734526017575.png","contentUrl":"https:\/\/vmsport.fi\/wp-content\/uploads\/2024\/12\/vm_sport_RGB_horisontal-e1734526017575.png","width":668,"height":85,"caption":"Vmsport"},"image":{"@id":"https:\/\/vmsport.fi\/#\/schema\/logo\/image\/"},"sameAs":["https:\/\/www.facebook.com\/Vmsport.fi\/","https:\/\/www.instagram.com\/vmsport\/"]}]}},"global_unique_id":"","_links":{"self":[{"href":"https:\/\/vmsport.fi\/sv\/wp-json\/wp\/v2\/product\/57013","targetHints":{"allow":["GET"]}}],"collection":[{"href":"https:\/\/vmsport.fi\/sv\/wp-json\/wp\/v2\/product"}],"about":[{"href":"https:\/\/vmsport.fi\/sv\/wp-json\/wp\/v2\/types\/product"}],"replies":[{"embeddable":true,"href":"https:\/\/vmsport.fi\/sv\/wp-json\/wp\/v2\/comments?post=57013"}],"wp:featuredmedia":[{"embeddable":true,"href":"https:\/\/vmsport.fi\/sv\/wp-json\/wp\/v2\/media\/57012"}],"wp:attachment":[{"href":"https:\/\/vmsport.fi\/sv\/wp-json\/wp\/v2\/media?parent=57013"}],"wp:term":[{"taxonomy":"product_brand","embeddable":true,"href":"https:\/\/vmsport.fi\/sv\/wp-json\/wp\/v2\/product_brand?post=57013"},{"taxonomy":"product_model","embeddable":true,"href":"https:\/\/vmsport.fi\/sv\/wp-json\/wp\/v2\/product_model?post=57013"},{"taxonomy":"product_cat","embeddable":true,"href":"https:\/\/vmsport.fi\/sv\/wp-json\/wp\/v2\/product_cat?post=57013"},{"taxonomy":"product_tag","embeddable":true,"href":"https:\/\/vmsport.fi\/sv\/wp-json\/wp\/v2\/product_tag?post=57013"},{"taxonomy":"industry_terminology","embeddable":true,"href":"https:\/\/vmsport.fi\/sv\/wp-json\/wp\/v2\/industry-terminology?post=57013"}],"curies":[{"name":"wp","href":"https:\/\/api.w.org\/{rel}","templated":true}]}}