{"id":57009,"date":"2025-03-06T00:26:52","date_gmt":"2025-03-05T22:26:52","guid":{"rendered":"https:\/\/vmsport.fi\/verkkokauppa\/Ei-luokiteltu\/trek-rail-5-gen-5-800wh-lithium-grey\/"},"modified":"2026-03-16T15:20:04","modified_gmt":"2026-03-16T13:20:04","slug":"trek-rail-5-gen-5-800wh-litium-gra","status":"publish","type":"product","link":"https:\/\/vmsport.fi\/sv\/verkkokauppa\/polkupyorat\/sahkopyorat\/sahkomaastopyorat\/taysjousitetut-sahkomaastopyorat\/trek-rail-5-gen-5-800wh-lithium-grey\/","title":{"rendered":"Trek Rail+ 5 Gen 5 800wh - LITHIUMGR\u00c5"},"content":{"rendered":"<p>Rail+ 5 erbjuder elektrisk assistans med full fj\u00e4dring f\u00f6r kr\u00e4vande enduro- och trailf\u00f6rh\u00e5llanden: Bosch Performance Line CX-motor, 800 Wh-batteri och justerbar geometri ger l\u00e5ngvarig kraft och omfattande justeringsm\u00f6jligheter. Fj\u00e4dringen fram och bak \u00e4r 160 mm, Shimano Deore 12-v\u00e4xlad transmission s\u00e4kerst\u00e4ller att r\u00e4tt v\u00e4xel alltid \u00e4r inkopplad och hydrauliska skivbromsar med fyra kolvar s\u00e4kerst\u00e4ller tillf\u00f6rlitliga stopp \u00e4ven p\u00e5 kr\u00e4vande stigar.<\/p>","protected":false},"excerpt":{"rendered":"<p>Tehokas moottori, suuri akku ja s\u00e4\u00e4dett\u00e4v\u00e4 geometria tarjoavat Rail+ 5:ssa vankan avustetun suorituskyvyn ja laajat s\u00e4\u00e4t\u00f6mahdollisuudet enduro-tyyliss\u00e4. [&#8230;]<\/p>\n<p><a class=\"btn btn-secondary understrap-read-more-link\" href=\"https:\/\/vmsport.fi\/sv\/verkkokauppa\/polkupyorat\/sahkopyorat\/sahkomaastopyorat\/taysjousitetut-sahkomaastopyorat\/trek-rail-5-gen-5-800wh-lithium-grey\/\">L\u00e4s mer \u2026<span class=\"screen-reader-text\"> from Trek Rail+ 5 Gen 5 800wh &#8211; LITHIUM GREY<\/span><\/a><\/p>\n","protected":false},"featured_media":57008,"comment_status":"open","ping_status":"closed","template":"","meta":{"_acf_changed":false,"_improvement_type_select":"improve_an_existing","_thumb_yes_seoaic":false,"_frame_yes_seoaic":false,"seoaic_generate_description":"","seoaic_improve_instructions_prompt":"","seoaic_rollback_content_improvement":"","seoaic_idea_thumbnail_generator":"","thumbnail_generated":false,"thumbnail_generate_prompt":"","seoaic_article_description":"","_supplier_stock_quantity":0},"product_brand":[37],"product_model":[1537],"product_cat":[9406],"product_tag":[],"industry-terminology":[],"class_list":{"0":"post-57009","1":"product","2":"type-product","3":"status-publish","4":"has-post-thumbnail","6":"product_brand-trek","7":"product_model-rail-plus","8":"product_cat-taysjousitetut-sahkomaastopyorat","10":"first","11":"instock","12":"sale","13":"taxable","14":"shipping-taxable","15":"purchasable","16":"product-type-variable","17":"has-default-attributes"},"acf":{"bike_features":[{"image":"https:\/\/media.trekbikes.com\/image\/upload\/w_768,c_pad,f_auto,fl_progressive:semi,q_auto\/TK25_RailPlus_TechFeatures-6","header":"Bosch Performance CX -moottori","description":"Jopa 85Nm v\u00e4\u00e4nt\u00f6 tarjoaa tehokasta ja tasaista avustusta erilaisissa haastavissa tilanteissa."},{"image":"https:\/\/media.trekbikes.com\/image\/upload\/w_768,c_pad,f_auto,fl_progressive:semi,q_auto\/Tech_RIB2","header":"Irrotettava Integroitu Akustoj\u00e4rjestelm\u00e4 2.0","description":"Sis\u00e4lt\u00e4\u00e4 800Wh:n kapasiteetin, joka tarjoaa helpotusty\u00f6kalun kuljetukseen ja maksimaaliseen k\u00e4ytt\u00f6\u00f6n kaikissa tilanteissa."}],"overview":{"copy_overview":[{"overview":"Rail+ 5 on ratkaisu vaativiin s\u00e4hk\u00f6maastopy\u00f6r\u00e4retkiin tarjoten suoritustehoa ja luotettavuutta."},{"overview":"Bosch Performance CX -moottorin avulla ajan kaikenlaisilla poluilla, ja integroitu 800Wh akkukokonaisuus antaa virtaa pitkille matkoille."}],"key_features":[{"feature":"Kest\u00e4v\u00e4 alumiinirunko monipuoliseen ajoon."},{"feature":"Bosch Performance CX -moottori tehokkaaseen avustukseen."},{"feature":"S\u00e4\u00e4dett\u00e4v\u00e4 geometria yksil\u00f6lliseen ajoasentoon."}],"statement":"Rail+ 5 tarjoaa suorituskyky\u00e4 ja kest\u00e4vyytt\u00e4 s\u00e4hk\u00f6maastopy\u00f6r\u00e4retkillesi.","youtube_url":"https:\/\/www.youtube.com\/watch?v=o7gF6O2FoCs"}},"yoast_head":"<!-- This site is optimized with the Yoast SEO plugin v27.3 - https:\/\/yoast.com\/product\/yoast-seo-wordpress\/ -->\n<title>Trek Rail+ 5 Gen 5 800wh - LITHIUM GREY - VM Sport<\/title>\n<meta name=\"robots\" content=\"index, follow, max-snippet:-1, max-image-preview:large, max-video-preview:-1\" \/>\n<link rel=\"canonical\" href=\"https:\/\/vmsport.fi\/sv\/webbutik\/cyklar\/sahkopyorat\/sagverksskorsten\/sagverksborrmaskiner-med-vagfjadrar\/trek-rail-5-gen-5-800wh-litium-gra\/\" \/>\n<meta property=\"og:locale\" content=\"sv_SE\" \/>\n<meta property=\"og:type\" content=\"article\" \/>\n<meta property=\"og:title\" content=\"Trek Rail+ 5 Gen 5 800wh - LITHIUM GREY - VM Sport\" \/>\n<meta property=\"og:description\" content=\"Tehokas moottori, suuri akku ja s\u00e4\u00e4dett\u00e4v\u00e4 geometria tarjoavat Rail+ 5:ssa vankan avustetun suorituskyvyn ja laajat s\u00e4\u00e4t\u00f6mahdollisuudet enduro-tyyliss\u00e4. [...]L\u00e4s mer \u2026 from Trek Rail+ 5 Gen 5 800wh &#8211; LITHIUM GREY\" \/>\n<meta property=\"og:url\" content=\"https:\/\/vmsport.fi\/sv\/webbutik\/cyklar\/sahkopyorat\/sagverksskorsten\/sagverksborrmaskiner-med-vagfjadrar\/trek-rail-5-gen-5-800wh-litium-gra\/\" \/>\n<meta property=\"og:site_name\" content=\"VM Sport\" \/>\n<meta property=\"article:publisher\" content=\"https:\/\/www.facebook.com\/Vmsport.fi\/\" \/>\n<meta property=\"article:modified_time\" content=\"2026-03-16T13:20:04+00:00\" \/>\n<meta property=\"og:image\" content=\"https:\/\/vmsport.fi\/wp-content\/uploads\/2025\/03\/lONf7sxTJS4oMERLJSicfYYiPVkrbAcnzNvmDikSPcIie0tVKU-1.jpg\" \/>\n\t<meta property=\"og:image:width\" content=\"1000\" \/>\n\t<meta property=\"og:image:height\" content=\"547\" \/>\n\t<meta property=\"og:image:type\" content=\"image\/jpeg\" \/>\n<meta name=\"twitter:card\" content=\"summary_large_image\" \/>\n<script type=\"application\/ld+json\" class=\"yoast-schema-graph\">{\"@context\":\"https:\\\/\\\/schema.org\",\"@graph\":[{\"@type\":[\"WebPage\",\"ItemPage\"],\"@id\":\"https:\\\/\\\/vmsport.fi\\\/verkkokauppa\\\/polkupyorat\\\/sahkopyorat\\\/sahkomaastopyorat\\\/taysjousitetut-sahkomaastopyorat\\\/trek-rail-5-gen-5-800wh-lithium-grey\\\/\",\"url\":\"https:\\\/\\\/vmsport.fi\\\/verkkokauppa\\\/polkupyorat\\\/sahkopyorat\\\/sahkomaastopyorat\\\/taysjousitetut-sahkomaastopyorat\\\/trek-rail-5-gen-5-800wh-lithium-grey\\\/\",\"name\":\"Trek Rail+ 5 Gen 5 800wh - LITHIUM GREY - VM Sport\",\"isPartOf\":{\"@id\":\"https:\\\/\\\/vmsport.fi\\\/#website\"},\"primaryImageOfPage\":{\"@id\":\"https:\\\/\\\/vmsport.fi\\\/verkkokauppa\\\/polkupyorat\\\/sahkopyorat\\\/sahkomaastopyorat\\\/taysjousitetut-sahkomaastopyorat\\\/trek-rail-5-gen-5-800wh-lithium-grey\\\/#primaryimage\"},\"image\":{\"@id\":\"https:\\\/\\\/vmsport.fi\\\/verkkokauppa\\\/polkupyorat\\\/sahkopyorat\\\/sahkomaastopyorat\\\/taysjousitetut-sahkomaastopyorat\\\/trek-rail-5-gen-5-800wh-lithium-grey\\\/#primaryimage\"},\"thumbnailUrl\":\"https:\\\/\\\/vmsport.fi\\\/wp-content\\\/uploads\\\/2025\\\/03\\\/lONf7sxTJS4oMERLJSicfYYiPVkrbAcnzNvmDikSPcIie0tVKU-1.jpg\",\"datePublished\":\"2025-03-05T22:26:52+00:00\",\"dateModified\":\"2026-03-16T13:20:04+00:00\",\"breadcrumb\":{\"@id\":\"https:\\\/\\\/vmsport.fi\\\/verkkokauppa\\\/polkupyorat\\\/sahkopyorat\\\/sahkomaastopyorat\\\/taysjousitetut-sahkomaastopyorat\\\/trek-rail-5-gen-5-800wh-lithium-grey\\\/#breadcrumb\"},\"inLanguage\":\"sv-SE\",\"potentialAction\":[{\"@type\":\"ReadAction\",\"target\":[\"https:\\\/\\\/vmsport.fi\\\/verkkokauppa\\\/polkupyorat\\\/sahkopyorat\\\/sahkomaastopyorat\\\/taysjousitetut-sahkomaastopyorat\\\/trek-rail-5-gen-5-800wh-lithium-grey\\\/\"]}]},{\"@type\":\"ImageObject\",\"inLanguage\":\"sv-SE\",\"@id\":\"https:\\\/\\\/vmsport.fi\\\/verkkokauppa\\\/polkupyorat\\\/sahkopyorat\\\/sahkomaastopyorat\\\/taysjousitetut-sahkomaastopyorat\\\/trek-rail-5-gen-5-800wh-lithium-grey\\\/#primaryimage\",\"url\":\"https:\\\/\\\/vmsport.fi\\\/wp-content\\\/uploads\\\/2025\\\/03\\\/lONf7sxTJS4oMERLJSicfYYiPVkrbAcnzNvmDikSPcIie0tVKU-1.jpg\",\"contentUrl\":\"https:\\\/\\\/vmsport.fi\\\/wp-content\\\/uploads\\\/2025\\\/03\\\/lONf7sxTJS4oMERLJSicfYYiPVkrbAcnzNvmDikSPcIie0tVKU-1.jpg\",\"width\":1000,\"height\":547,\"caption\":\"lONf7sxTJS4oMERLJSicfYYiPVkrbAcnzNvmDikSPcIie0tVKU\"},{\"@type\":\"BreadcrumbList\",\"@id\":\"https:\\\/\\\/vmsport.fi\\\/verkkokauppa\\\/polkupyorat\\\/sahkopyorat\\\/sahkomaastopyorat\\\/taysjousitetut-sahkomaastopyorat\\\/trek-rail-5-gen-5-800wh-lithium-grey\\\/#breadcrumb\",\"itemListElement\":[{\"@type\":\"ListItem\",\"position\":1,\"name\":\"Etusivu\",\"item\":\"https:\\\/\\\/vmsport.fi\\\/\"},{\"@type\":\"ListItem\",\"position\":2,\"name\":\"Online Store\",\"item\":\"https:\\\/\\\/vmsport.fi\\\/en\\\/online-store\\\/\"},{\"@type\":\"ListItem\",\"position\":3,\"name\":\"Trek polkupy\u00f6r\u00e4t\",\"item\":\"https:\\\/\\\/vmsport.fi\\\/sv\\\/merkki\\\/trek\\\/\"},{\"@type\":\"ListItem\",\"position\":4,\"name\":\"Trek Rail+ 5 Gen 5 800wh &#8211; LITHIUM GREY\"}]},{\"@type\":\"WebSite\",\"@id\":\"https:\\\/\\\/vmsport.fi\\\/#website\",\"url\":\"https:\\\/\\\/vmsport.fi\\\/\",\"name\":\"Vmsport\",\"description\":\"Kaikki py\u00f6r\u00e4ilyyn yhdest\u00e4 paikasta\",\"publisher\":{\"@id\":\"https:\\\/\\\/vmsport.fi\\\/#organization\"},\"potentialAction\":[{\"@type\":\"SearchAction\",\"target\":{\"@type\":\"EntryPoint\",\"urlTemplate\":\"https:\\\/\\\/vmsport.fi\\\/?s={search_term_string}\"},\"query-input\":{\"@type\":\"PropertyValueSpecification\",\"valueRequired\":true,\"valueName\":\"search_term_string\"}}],\"inLanguage\":\"sv-SE\"},{\"@type\":\"Organization\",\"@id\":\"https:\\\/\\\/vmsport.fi\\\/#organization\",\"name\":\"Vmsport\",\"url\":\"https:\\\/\\\/vmsport.fi\\\/\",\"logo\":{\"@type\":\"ImageObject\",\"inLanguage\":\"sv-SE\",\"@id\":\"https:\\\/\\\/vmsport.fi\\\/#\\\/schema\\\/logo\\\/image\\\/\",\"url\":\"https:\\\/\\\/vmsport.fi\\\/wp-content\\\/uploads\\\/2024\\\/12\\\/vm_sport_RGB_horisontal-e1734526017575.png\",\"contentUrl\":\"https:\\\/\\\/vmsport.fi\\\/wp-content\\\/uploads\\\/2024\\\/12\\\/vm_sport_RGB_horisontal-e1734526017575.png\",\"width\":668,\"height\":85,\"caption\":\"Vmsport\"},\"image\":{\"@id\":\"https:\\\/\\\/vmsport.fi\\\/#\\\/schema\\\/logo\\\/image\\\/\"},\"sameAs\":[\"https:\\\/\\\/www.facebook.com\\\/Vmsport.fi\\\/\",\"https:\\\/\\\/www.instagram.com\\\/vmsport\\\/\"]}]}<\/script>\n<!-- \/ Yoast SEO plugin. -->","yoast_head_json":{"title":"Trek Rail+ 5 Gen 5 800wh - LITHIUMGR\u00c5 - VM Sport","robots":{"index":"index","follow":"follow","max-snippet":"max-snippet:-1","max-image-preview":"max-image-preview:large","max-video-preview":"max-video-preview:-1"},"canonical":"https:\/\/vmsport.fi\/sv\/webbutik\/cyklar\/sahkopyorat\/sagverksskorsten\/sagverksborrmaskiner-med-vagfjadrar\/trek-rail-5-gen-5-800wh-litium-gra\/","og_locale":"sv_SE","og_type":"article","og_title":"Trek Rail+ 5 Gen 5 800wh - LITHIUM GREY - VM Sport","og_description":"Tehokas moottori, suuri akku ja s\u00e4\u00e4dett\u00e4v\u00e4 geometria tarjoavat Rail+ 5:ssa vankan avustetun suorituskyvyn ja laajat s\u00e4\u00e4t\u00f6mahdollisuudet enduro-tyyliss\u00e4. [...]L\u00e4s mer \u2026 from Trek Rail+ 5 Gen 5 800wh &#8211; LITHIUM GREY","og_url":"https:\/\/vmsport.fi\/sv\/webbutik\/cyklar\/sahkopyorat\/sagverksskorsten\/sagverksborrmaskiner-med-vagfjadrar\/trek-rail-5-gen-5-800wh-litium-gra\/","og_site_name":"VM Sport","article_publisher":"https:\/\/www.facebook.com\/Vmsport.fi\/","article_modified_time":"2026-03-16T13:20:04+00:00","og_image":[{"width":1000,"height":547,"url":"https:\/\/vmsport.fi\/wp-content\/uploads\/2025\/03\/lONf7sxTJS4oMERLJSicfYYiPVkrbAcnzNvmDikSPcIie0tVKU-1.jpg","type":"image\/jpeg"}],"twitter_card":"summary_large_image","schema":{"@context":"https:\/\/schema.org","@graph":[{"@type":["WebPage","ItemPage"],"@id":"https:\/\/vmsport.fi\/verkkokauppa\/polkupyorat\/sahkopyorat\/sahkomaastopyorat\/taysjousitetut-sahkomaastopyorat\/trek-rail-5-gen-5-800wh-lithium-grey\/","url":"https:\/\/vmsport.fi\/verkkokauppa\/polkupyorat\/sahkopyorat\/sahkomaastopyorat\/taysjousitetut-sahkomaastopyorat\/trek-rail-5-gen-5-800wh-lithium-grey\/","name":"Trek Rail+ 5 Gen 5 800wh - LITHIUMGR\u00c5 - VM Sport","isPartOf":{"@id":"https:\/\/vmsport.fi\/#website"},"primaryImageOfPage":{"@id":"https:\/\/vmsport.fi\/verkkokauppa\/polkupyorat\/sahkopyorat\/sahkomaastopyorat\/taysjousitetut-sahkomaastopyorat\/trek-rail-5-gen-5-800wh-lithium-grey\/#primaryimage"},"image":{"@id":"https:\/\/vmsport.fi\/verkkokauppa\/polkupyorat\/sahkopyorat\/sahkomaastopyorat\/taysjousitetut-sahkomaastopyorat\/trek-rail-5-gen-5-800wh-lithium-grey\/#primaryimage"},"thumbnailUrl":"https:\/\/vmsport.fi\/wp-content\/uploads\/2025\/03\/lONf7sxTJS4oMERLJSicfYYiPVkrbAcnzNvmDikSPcIie0tVKU-1.jpg","datePublished":"2025-03-05T22:26:52+00:00","dateModified":"2026-03-16T13:20:04+00:00","breadcrumb":{"@id":"https:\/\/vmsport.fi\/verkkokauppa\/polkupyorat\/sahkopyorat\/sahkomaastopyorat\/taysjousitetut-sahkomaastopyorat\/trek-rail-5-gen-5-800wh-lithium-grey\/#breadcrumb"},"inLanguage":"sv-SE","potentialAction":[{"@type":"ReadAction","target":["https:\/\/vmsport.fi\/verkkokauppa\/polkupyorat\/sahkopyorat\/sahkomaastopyorat\/taysjousitetut-sahkomaastopyorat\/trek-rail-5-gen-5-800wh-lithium-grey\/"]}]},{"@type":"ImageObject","inLanguage":"sv-SE","@id":"https:\/\/vmsport.fi\/verkkokauppa\/polkupyorat\/sahkopyorat\/sahkomaastopyorat\/taysjousitetut-sahkomaastopyorat\/trek-rail-5-gen-5-800wh-lithium-grey\/#primaryimage","url":"https:\/\/vmsport.fi\/wp-content\/uploads\/2025\/03\/lONf7sxTJS4oMERLJSicfYYiPVkrbAcnzNvmDikSPcIie0tVKU-1.jpg","contentUrl":"https:\/\/vmsport.fi\/wp-content\/uploads\/2025\/03\/lONf7sxTJS4oMERLJSicfYYiPVkrbAcnzNvmDikSPcIie0tVKU-1.jpg","width":1000,"height":547,"caption":"lONf7sxTJS4oMERLJSicfYYiPVkrbAcnzNvmDikSPcIie0tVKU"},{"@type":"BreadcrumbList","@id":"https:\/\/vmsport.fi\/verkkokauppa\/polkupyorat\/sahkopyorat\/sahkomaastopyorat\/taysjousitetut-sahkomaastopyorat\/trek-rail-5-gen-5-800wh-lithium-grey\/#breadcrumb","itemListElement":[{"@type":"ListItem","position":1,"name":"Etusivu","item":"https:\/\/vmsport.fi\/"},{"@type":"ListItem","position":2,"name":"Online Store","item":"https:\/\/vmsport.fi\/en\/online-store\/"},{"@type":"ListItem","position":3,"name":"Trek polkupy\u00f6r\u00e4t","item":"https:\/\/vmsport.fi\/sv\/merkki\/trek\/"},{"@type":"ListItem","position":4,"name":"Trek Rail+ 5 Gen 5 800wh &#8211; LITHIUM GREY"}]},{"@type":"WebSite","@id":"https:\/\/vmsport.fi\/#website","url":"https:\/\/vmsport.fi\/","name":"Vmsport","description":"Allt p\u00e5 ett st\u00e4lle f\u00f6r cykling","publisher":{"@id":"https:\/\/vmsport.fi\/#organization"},"potentialAction":[{"@type":"SearchAction","target":{"@type":"EntryPoint","urlTemplate":"https:\/\/vmsport.fi\/?s={search_term_string}"},"query-input":{"@type":"PropertyValueSpecification","valueRequired":true,"valueName":"search_term_string"}}],"inLanguage":"sv-SE"},{"@type":"Organization","@id":"https:\/\/vmsport.fi\/#organization","name":"Vmsport","url":"https:\/\/vmsport.fi\/","logo":{"@type":"ImageObject","inLanguage":"sv-SE","@id":"https:\/\/vmsport.fi\/#\/schema\/logo\/image\/","url":"https:\/\/vmsport.fi\/wp-content\/uploads\/2024\/12\/vm_sport_RGB_horisontal-e1734526017575.png","contentUrl":"https:\/\/vmsport.fi\/wp-content\/uploads\/2024\/12\/vm_sport_RGB_horisontal-e1734526017575.png","width":668,"height":85,"caption":"Vmsport"},"image":{"@id":"https:\/\/vmsport.fi\/#\/schema\/logo\/image\/"},"sameAs":["https:\/\/www.facebook.com\/Vmsport.fi\/","https:\/\/www.instagram.com\/vmsport\/"]}]}},"global_unique_id":"","_links":{"self":[{"href":"https:\/\/vmsport.fi\/sv\/wp-json\/wp\/v2\/product\/57009","targetHints":{"allow":["GET"]}}],"collection":[{"href":"https:\/\/vmsport.fi\/sv\/wp-json\/wp\/v2\/product"}],"about":[{"href":"https:\/\/vmsport.fi\/sv\/wp-json\/wp\/v2\/types\/product"}],"replies":[{"embeddable":true,"href":"https:\/\/vmsport.fi\/sv\/wp-json\/wp\/v2\/comments?post=57009"}],"wp:featuredmedia":[{"embeddable":true,"href":"https:\/\/vmsport.fi\/sv\/wp-json\/wp\/v2\/media\/57008"}],"wp:attachment":[{"href":"https:\/\/vmsport.fi\/sv\/wp-json\/wp\/v2\/media?parent=57009"}],"wp:term":[{"taxonomy":"product_brand","embeddable":true,"href":"https:\/\/vmsport.fi\/sv\/wp-json\/wp\/v2\/product_brand?post=57009"},{"taxonomy":"product_model","embeddable":true,"href":"https:\/\/vmsport.fi\/sv\/wp-json\/wp\/v2\/product_model?post=57009"},{"taxonomy":"product_cat","embeddable":true,"href":"https:\/\/vmsport.fi\/sv\/wp-json\/wp\/v2\/product_cat?post=57009"},{"taxonomy":"product_tag","embeddable":true,"href":"https:\/\/vmsport.fi\/sv\/wp-json\/wp\/v2\/product_tag?post=57009"},{"taxonomy":"industry_terminology","embeddable":true,"href":"https:\/\/vmsport.fi\/sv\/wp-json\/wp\/v2\/industry-terminology?post=57009"}],"curies":[{"name":"wp","href":"https:\/\/api.w.org\/{rel}","templated":true}]}}