{"id":56993,"date":"2025-03-06T00:26:27","date_gmt":"2025-03-05T22:26:27","guid":{"rendered":"https:\/\/vmsport.fi\/verkkokauppa\/Ei-luokiteltu\/sram-chainring-direct-mount-bosch-singlespeed-18t\/"},"modified":"2026-04-22T15:04:36","modified_gmt":"2026-04-22T12:04:36","slug":"sram-chainring-direct-mount-bosch-singlespeed-18t","status":"publish","type":"product","link":"https:\/\/vmsport.fi\/sv\/verkkokauppa\/varaosat\/sahkopyorien-osat\/sahkopyorien-osat-sahkopyorien-osat\/sram-chainring-direct-mount-bosch-singlespeed-18t\/","title":{"rendered":"SRAM-kedjehjul med direktmontering (Bosch) Singlespeed 18T"},"content":{"rendered":"<p>SRAM Direct Mount -ketjupy\u00f6r\u00e4, joka on yhteensopiva Bosch-j\u00e4rjestelmien kanssa, tarjoaa huippusuorituskyky\u00e4 erityisesti yksivaihteisiin j\u00e4rjestelmiin. T\u00e4m\u00e4 18-hampainen ketjupy\u00f6r\u00e4 on suunniteltu tukemaan moitteetonta suoravetoasennusta, mik\u00e4 parantaa ajon laatua ja v\u00e4hent\u00e4\u00e4 huollon tarvetta. Edistynyt suunnittelu takaa tehokkaan tehonsiirron, mik\u00e4 tekee siit\u00e4 erinomaisen valinnan niille, jotka arvostavat luotettavuutta ja kest\u00e4vyytt\u00e4 py\u00f6r\u00e4ilykokemuksessaan.<\/p>","protected":false},"excerpt":{"rendered":"<p>SRAM Direct Mount -ketjupy\u00f6r\u00e4, joka on yhteensopiva Bosch-j\u00e4rjestelmien kanssa, tarjoaa huippusuorituskyky\u00e4 erityisesti yksivaihteisiin j\u00e4rjestelmiin. T\u00e4m\u00e4 18-hampainen ketjupy\u00f6r\u00e4 on suunniteltu tukemaan moitteetonta suoravetoasennusta, mik\u00e4 parantaa ajon laatua ja v\u00e4hent\u00e4\u00e4 huollon tarvetta. Edistynyt suunnittelu takaa tehokkaan tehonsiirron, mik\u00e4 tekee siit\u00e4 erinomaisen valinnan niille, jotka arvostavat luotettavuutta ja kest\u00e4vyytt\u00e4 py\u00f6r\u00e4ilykokemuksessaan. [&#8230;]<\/p>\n<p><a class=\"btn btn-secondary understrap-read-more-link\" href=\"https:\/\/vmsport.fi\/sv\/verkkokauppa\/varaosat\/sahkopyorien-osat\/sahkopyorien-osat-sahkopyorien-osat\/sram-chainring-direct-mount-bosch-singlespeed-18t\/\">L\u00e4s mer \u2026<span class=\"screen-reader-text\"> from SRAM Chainring Direct Mount (Bosch) Singlespeed 18T<\/span><\/a><\/p>\n","protected":false},"featured_media":56992,"comment_status":"open","ping_status":"closed","template":"","meta":{"_acf_changed":false,"_improvement_type_select":"improve_an_existing","_thumb_yes_seoaic":false,"_frame_yes_seoaic":false,"seoaic_generate_description":"","seoaic_improve_instructions_prompt":"","seoaic_rollback_content_improvement":"","seoaic_idea_thumbnail_generator":"","thumbnail_generated":false,"thumbnail_generate_prompt":"","seoaic_article_description":"","_supplier_stock_quantity":0},"product_brand":[1588],"product_model":[],"product_cat":[9482,9252],"product_tag":[],"industry-terminology":[],"class_list":{"0":"post-56993","1":"product","2":"type-product","3":"status-publish","4":"has-post-thumbnail","6":"product_brand-sram","7":"product_cat-sahkopyorien-osat-sahkopyorien-osat","8":"product_cat-eturattaat","10":"first","11":"outofstock","12":"taxable","13":"shipping-taxable","14":"product-type-simple"},"acf":{"bike_features":null,"overview":{"copy_overview":null,"key_features":null,"statement":"","youtube_url":""}},"yoast_head":"<!-- This site is optimized with the Yoast SEO plugin v27.4 - https:\/\/yoast.com\/product\/yoast-seo-wordpress\/ -->\n<title>SRAM Chainring Direct Mount (Bosch) Singlespeed 18T - VM Sport<\/title>\n<meta name=\"robots\" content=\"index, follow, max-snippet:-1, max-image-preview:large, max-video-preview:-1\" \/>\n<link rel=\"canonical\" href=\"https:\/\/vmsport.fi\/sv\/webbutik\/reservdelar\/delar-av-sagbockar\/delar-av-sagbock-delar-av-sagbock\/sram-chainring-direct-mount-bosch-singlespeed-18t\/\" \/>\n<meta property=\"og:locale\" content=\"sv_SE\" \/>\n<meta property=\"og:type\" content=\"article\" \/>\n<meta property=\"og:title\" content=\"SRAM Chainring Direct Mount (Bosch) Singlespeed 18T - VM Sport\" \/>\n<meta property=\"og:description\" content=\"SRAM Direct Mount -ketjupy\u00f6r\u00e4, joka on yhteensopiva Bosch-j\u00e4rjestelmien kanssa, tarjoaa huippusuorituskyky\u00e4 erityisesti yksivaihteisiin j\u00e4rjestelmiin. T\u00e4m\u00e4 18-hampainen ketjupy\u00f6r\u00e4 on suunniteltu tukemaan moitteetonta suoravetoasennusta, mik\u00e4 parantaa ajon laatua ja v\u00e4hent\u00e4\u00e4 huollon tarvetta. Edistynyt suunnittelu takaa tehokkaan tehonsiirron, mik\u00e4 tekee siit\u00e4 erinomaisen valinnan niille, jotka arvostavat luotettavuutta ja kest\u00e4vyytt\u00e4 py\u00f6r\u00e4ilykokemuksessaan. [...]L\u00e4s mer \u2026 from SRAM Chainring Direct Mount (Bosch) Singlespeed 18T\" \/>\n<meta property=\"og:url\" content=\"https:\/\/vmsport.fi\/sv\/webbutik\/reservdelar\/delar-av-sagbockar\/delar-av-sagbock-delar-av-sagbock\/sram-chainring-direct-mount-bosch-singlespeed-18t\/\" \/>\n<meta property=\"og:site_name\" content=\"VM Sport\" \/>\n<meta property=\"article:publisher\" content=\"https:\/\/www.facebook.com\/Vmsport.fi\/\" \/>\n<meta property=\"article:modified_time\" content=\"2026-04-22T12:04:36+00:00\" \/>\n<meta property=\"og:image\" content=\"https:\/\/vmsport.fi\/wp-content\/uploads\/2025\/03\/2mLJT6R7n3AKY06qGbniyeQpvWxMLlSAwZ9DErSutm9OqD5UC2-1.jpg\" \/>\n\t<meta property=\"og:image:width\" content=\"635\" \/>\n\t<meta property=\"og:image:height\" content=\"640\" \/>\n\t<meta property=\"og:image:type\" content=\"image\/jpeg\" \/>\n<meta name=\"twitter:card\" content=\"summary_large_image\" \/>\n<script type=\"application\/ld+json\" class=\"yoast-schema-graph\">{\"@context\":\"https:\\\/\\\/schema.org\",\"@graph\":[{\"@type\":[\"WebPage\",\"ItemPage\"],\"@id\":\"https:\\\/\\\/vmsport.fi\\\/verkkokauppa\\\/varaosat\\\/sahkopyorien-osat\\\/sahkopyorien-osat-sahkopyorien-osat\\\/sram-chainring-direct-mount-bosch-singlespeed-18t\\\/\",\"url\":\"https:\\\/\\\/vmsport.fi\\\/verkkokauppa\\\/varaosat\\\/sahkopyorien-osat\\\/sahkopyorien-osat-sahkopyorien-osat\\\/sram-chainring-direct-mount-bosch-singlespeed-18t\\\/\",\"name\":\"SRAM Chainring Direct Mount (Bosch) Singlespeed 18T - VM Sport\",\"isPartOf\":{\"@id\":\"https:\\\/\\\/vmsport.fi\\\/#website\"},\"primaryImageOfPage\":{\"@id\":\"https:\\\/\\\/vmsport.fi\\\/verkkokauppa\\\/varaosat\\\/sahkopyorien-osat\\\/sahkopyorien-osat-sahkopyorien-osat\\\/sram-chainring-direct-mount-bosch-singlespeed-18t\\\/#primaryimage\"},\"image\":{\"@id\":\"https:\\\/\\\/vmsport.fi\\\/verkkokauppa\\\/varaosat\\\/sahkopyorien-osat\\\/sahkopyorien-osat-sahkopyorien-osat\\\/sram-chainring-direct-mount-bosch-singlespeed-18t\\\/#primaryimage\"},\"thumbnailUrl\":\"https:\\\/\\\/vmsport.fi\\\/wp-content\\\/uploads\\\/2025\\\/03\\\/2mLJT6R7n3AKY06qGbniyeQpvWxMLlSAwZ9DErSutm9OqD5UC2-1.jpg\",\"datePublished\":\"2025-03-05T22:26:27+00:00\",\"dateModified\":\"2026-04-22T12:04:36+00:00\",\"breadcrumb\":{\"@id\":\"https:\\\/\\\/vmsport.fi\\\/verkkokauppa\\\/varaosat\\\/sahkopyorien-osat\\\/sahkopyorien-osat-sahkopyorien-osat\\\/sram-chainring-direct-mount-bosch-singlespeed-18t\\\/#breadcrumb\"},\"inLanguage\":\"sv-SE\",\"potentialAction\":[{\"@type\":\"ReadAction\",\"target\":[\"https:\\\/\\\/vmsport.fi\\\/verkkokauppa\\\/varaosat\\\/sahkopyorien-osat\\\/sahkopyorien-osat-sahkopyorien-osat\\\/sram-chainring-direct-mount-bosch-singlespeed-18t\\\/\"]}]},{\"@type\":\"ImageObject\",\"inLanguage\":\"sv-SE\",\"@id\":\"https:\\\/\\\/vmsport.fi\\\/verkkokauppa\\\/varaosat\\\/sahkopyorien-osat\\\/sahkopyorien-osat-sahkopyorien-osat\\\/sram-chainring-direct-mount-bosch-singlespeed-18t\\\/#primaryimage\",\"url\":\"https:\\\/\\\/vmsport.fi\\\/wp-content\\\/uploads\\\/2025\\\/03\\\/2mLJT6R7n3AKY06qGbniyeQpvWxMLlSAwZ9DErSutm9OqD5UC2-1.jpg\",\"contentUrl\":\"https:\\\/\\\/vmsport.fi\\\/wp-content\\\/uploads\\\/2025\\\/03\\\/2mLJT6R7n3AKY06qGbniyeQpvWxMLlSAwZ9DErSutm9OqD5UC2-1.jpg\",\"width\":635,\"height\":640,\"caption\":\"2mLJT6R7n3AKY06qGbniyeQpvWxMLlSAwZ9DErSutm9OqD5UC2\"},{\"@type\":\"BreadcrumbList\",\"@id\":\"https:\\\/\\\/vmsport.fi\\\/verkkokauppa\\\/varaosat\\\/sahkopyorien-osat\\\/sahkopyorien-osat-sahkopyorien-osat\\\/sram-chainring-direct-mount-bosch-singlespeed-18t\\\/#breadcrumb\",\"itemListElement\":[{\"@type\":\"ListItem\",\"position\":1,\"name\":\"Etusivu\",\"item\":\"https:\\\/\\\/vmsport.fi\\\/\"},{\"@type\":\"ListItem\",\"position\":2,\"name\":\"Online Store\",\"item\":\"https:\\\/\\\/vmsport.fi\\\/en\\\/online-store\\\/\"},{\"@type\":\"ListItem\",\"position\":3,\"name\":\"SRAM Chainring Direct Mount (Bosch) Singlespeed 18T\"}]},{\"@type\":\"WebSite\",\"@id\":\"https:\\\/\\\/vmsport.fi\\\/#website\",\"url\":\"https:\\\/\\\/vmsport.fi\\\/\",\"name\":\"Vmsport\",\"description\":\"Kaikki py\u00f6r\u00e4ilyyn yhdest\u00e4 paikasta\",\"publisher\":{\"@id\":\"https:\\\/\\\/vmsport.fi\\\/#organization\"},\"potentialAction\":[{\"@type\":\"SearchAction\",\"target\":{\"@type\":\"EntryPoint\",\"urlTemplate\":\"https:\\\/\\\/vmsport.fi\\\/?s={search_term_string}\"},\"query-input\":{\"@type\":\"PropertyValueSpecification\",\"valueRequired\":true,\"valueName\":\"search_term_string\"}}],\"inLanguage\":\"sv-SE\"},{\"@type\":\"Organization\",\"@id\":\"https:\\\/\\\/vmsport.fi\\\/#organization\",\"name\":\"Vmsport\",\"url\":\"https:\\\/\\\/vmsport.fi\\\/\",\"logo\":{\"@type\":\"ImageObject\",\"inLanguage\":\"sv-SE\",\"@id\":\"https:\\\/\\\/vmsport.fi\\\/#\\\/schema\\\/logo\\\/image\\\/\",\"url\":\"https:\\\/\\\/vmsport.fi\\\/wp-content\\\/uploads\\\/2024\\\/12\\\/vm_sport_RGB_horisontal-e1734526017575.png\",\"contentUrl\":\"https:\\\/\\\/vmsport.fi\\\/wp-content\\\/uploads\\\/2024\\\/12\\\/vm_sport_RGB_horisontal-e1734526017575.png\",\"width\":668,\"height\":85,\"caption\":\"Vmsport\"},\"image\":{\"@id\":\"https:\\\/\\\/vmsport.fi\\\/#\\\/schema\\\/logo\\\/image\\\/\"},\"sameAs\":[\"https:\\\/\\\/www.facebook.com\\\/Vmsport.fi\\\/\",\"https:\\\/\\\/www.instagram.com\\\/vmsport\\\/\"]}]}<\/script>\n<!-- \/ Yoast SEO plugin. -->","yoast_head_json":{"title":"SRAM Chainring Direct Mount (Bosch) Singlespeed 18T - VM Sport","robots":{"index":"index","follow":"follow","max-snippet":"max-snippet:-1","max-image-preview":"max-image-preview:large","max-video-preview":"max-video-preview:-1"},"canonical":"https:\/\/vmsport.fi\/sv\/webbutik\/reservdelar\/delar-av-sagbockar\/delar-av-sagbock-delar-av-sagbock\/sram-chainring-direct-mount-bosch-singlespeed-18t\/","og_locale":"sv_SE","og_type":"article","og_title":"SRAM Chainring Direct Mount (Bosch) Singlespeed 18T - VM Sport","og_description":"SRAM Direct Mount -ketjupy\u00f6r\u00e4, joka on yhteensopiva Bosch-j\u00e4rjestelmien kanssa, tarjoaa huippusuorituskyky\u00e4 erityisesti yksivaihteisiin j\u00e4rjestelmiin. T\u00e4m\u00e4 18-hampainen ketjupy\u00f6r\u00e4 on suunniteltu tukemaan moitteetonta suoravetoasennusta, mik\u00e4 parantaa ajon laatua ja v\u00e4hent\u00e4\u00e4 huollon tarvetta. Edistynyt suunnittelu takaa tehokkaan tehonsiirron, mik\u00e4 tekee siit\u00e4 erinomaisen valinnan niille, jotka arvostavat luotettavuutta ja kest\u00e4vyytt\u00e4 py\u00f6r\u00e4ilykokemuksessaan. [...]L\u00e4s mer \u2026 from SRAM Chainring Direct Mount (Bosch) Singlespeed 18T","og_url":"https:\/\/vmsport.fi\/sv\/webbutik\/reservdelar\/delar-av-sagbockar\/delar-av-sagbock-delar-av-sagbock\/sram-chainring-direct-mount-bosch-singlespeed-18t\/","og_site_name":"VM Sport","article_publisher":"https:\/\/www.facebook.com\/Vmsport.fi\/","article_modified_time":"2026-04-22T12:04:36+00:00","og_image":[{"width":635,"height":640,"url":"https:\/\/vmsport.fi\/wp-content\/uploads\/2025\/03\/2mLJT6R7n3AKY06qGbniyeQpvWxMLlSAwZ9DErSutm9OqD5UC2-1.jpg","type":"image\/jpeg"}],"twitter_card":"summary_large_image","schema":{"@context":"https:\/\/schema.org","@graph":[{"@type":["WebPage","ItemPage"],"@id":"https:\/\/vmsport.fi\/verkkokauppa\/varaosat\/sahkopyorien-osat\/sahkopyorien-osat-sahkopyorien-osat\/sram-chainring-direct-mount-bosch-singlespeed-18t\/","url":"https:\/\/vmsport.fi\/verkkokauppa\/varaosat\/sahkopyorien-osat\/sahkopyorien-osat-sahkopyorien-osat\/sram-chainring-direct-mount-bosch-singlespeed-18t\/","name":"SRAM Chainring Direct Mount (Bosch) Singlespeed 18T - VM Sport","isPartOf":{"@id":"https:\/\/vmsport.fi\/#website"},"primaryImageOfPage":{"@id":"https:\/\/vmsport.fi\/verkkokauppa\/varaosat\/sahkopyorien-osat\/sahkopyorien-osat-sahkopyorien-osat\/sram-chainring-direct-mount-bosch-singlespeed-18t\/#primaryimage"},"image":{"@id":"https:\/\/vmsport.fi\/verkkokauppa\/varaosat\/sahkopyorien-osat\/sahkopyorien-osat-sahkopyorien-osat\/sram-chainring-direct-mount-bosch-singlespeed-18t\/#primaryimage"},"thumbnailUrl":"https:\/\/vmsport.fi\/wp-content\/uploads\/2025\/03\/2mLJT6R7n3AKY06qGbniyeQpvWxMLlSAwZ9DErSutm9OqD5UC2-1.jpg","datePublished":"2025-03-05T22:26:27+00:00","dateModified":"2026-04-22T12:04:36+00:00","breadcrumb":{"@id":"https:\/\/vmsport.fi\/verkkokauppa\/varaosat\/sahkopyorien-osat\/sahkopyorien-osat-sahkopyorien-osat\/sram-chainring-direct-mount-bosch-singlespeed-18t\/#breadcrumb"},"inLanguage":"sv-SE","potentialAction":[{"@type":"ReadAction","target":["https:\/\/vmsport.fi\/verkkokauppa\/varaosat\/sahkopyorien-osat\/sahkopyorien-osat-sahkopyorien-osat\/sram-chainring-direct-mount-bosch-singlespeed-18t\/"]}]},{"@type":"ImageObject","inLanguage":"sv-SE","@id":"https:\/\/vmsport.fi\/verkkokauppa\/varaosat\/sahkopyorien-osat\/sahkopyorien-osat-sahkopyorien-osat\/sram-chainring-direct-mount-bosch-singlespeed-18t\/#primaryimage","url":"https:\/\/vmsport.fi\/wp-content\/uploads\/2025\/03\/2mLJT6R7n3AKY06qGbniyeQpvWxMLlSAwZ9DErSutm9OqD5UC2-1.jpg","contentUrl":"https:\/\/vmsport.fi\/wp-content\/uploads\/2025\/03\/2mLJT6R7n3AKY06qGbniyeQpvWxMLlSAwZ9DErSutm9OqD5UC2-1.jpg","width":635,"height":640,"caption":"2mLJT6R7n3AKY06qGbniyeQpvWxMLlSAwZ9DErSutm9OqD5UC2"},{"@type":"BreadcrumbList","@id":"https:\/\/vmsport.fi\/verkkokauppa\/varaosat\/sahkopyorien-osat\/sahkopyorien-osat-sahkopyorien-osat\/sram-chainring-direct-mount-bosch-singlespeed-18t\/#breadcrumb","itemListElement":[{"@type":"ListItem","position":1,"name":"Etusivu","item":"https:\/\/vmsport.fi\/"},{"@type":"ListItem","position":2,"name":"Online Store","item":"https:\/\/vmsport.fi\/en\/online-store\/"},{"@type":"ListItem","position":3,"name":"SRAM Chainring Direct Mount (Bosch) Singlespeed 18T"}]},{"@type":"WebSite","@id":"https:\/\/vmsport.fi\/#website","url":"https:\/\/vmsport.fi\/","name":"Vmsport","description":"Allt p\u00e5 ett st\u00e4lle f\u00f6r cykling","publisher":{"@id":"https:\/\/vmsport.fi\/#organization"},"potentialAction":[{"@type":"SearchAction","target":{"@type":"EntryPoint","urlTemplate":"https:\/\/vmsport.fi\/?s={search_term_string}"},"query-input":{"@type":"PropertyValueSpecification","valueRequired":true,"valueName":"search_term_string"}}],"inLanguage":"sv-SE"},{"@type":"Organization","@id":"https:\/\/vmsport.fi\/#organization","name":"Vmsport","url":"https:\/\/vmsport.fi\/","logo":{"@type":"ImageObject","inLanguage":"sv-SE","@id":"https:\/\/vmsport.fi\/#\/schema\/logo\/image\/","url":"https:\/\/vmsport.fi\/wp-content\/uploads\/2024\/12\/vm_sport_RGB_horisontal-e1734526017575.png","contentUrl":"https:\/\/vmsport.fi\/wp-content\/uploads\/2024\/12\/vm_sport_RGB_horisontal-e1734526017575.png","width":668,"height":85,"caption":"Vmsport"},"image":{"@id":"https:\/\/vmsport.fi\/#\/schema\/logo\/image\/"},"sameAs":["https:\/\/www.facebook.com\/Vmsport.fi\/","https:\/\/www.instagram.com\/vmsport\/"]}]}},"global_unique_id":"","_links":{"self":[{"href":"https:\/\/vmsport.fi\/sv\/wp-json\/wp\/v2\/product\/56993","targetHints":{"allow":["GET"]}}],"collection":[{"href":"https:\/\/vmsport.fi\/sv\/wp-json\/wp\/v2\/product"}],"about":[{"href":"https:\/\/vmsport.fi\/sv\/wp-json\/wp\/v2\/types\/product"}],"replies":[{"embeddable":true,"href":"https:\/\/vmsport.fi\/sv\/wp-json\/wp\/v2\/comments?post=56993"}],"wp:featuredmedia":[{"embeddable":true,"href":"https:\/\/vmsport.fi\/sv\/wp-json\/wp\/v2\/media\/56992"}],"wp:attachment":[{"href":"https:\/\/vmsport.fi\/sv\/wp-json\/wp\/v2\/media?parent=56993"}],"wp:term":[{"taxonomy":"product_brand","embeddable":true,"href":"https:\/\/vmsport.fi\/sv\/wp-json\/wp\/v2\/product_brand?post=56993"},{"taxonomy":"product_model","embeddable":true,"href":"https:\/\/vmsport.fi\/sv\/wp-json\/wp\/v2\/product_model?post=56993"},{"taxonomy":"product_cat","embeddable":true,"href":"https:\/\/vmsport.fi\/sv\/wp-json\/wp\/v2\/product_cat?post=56993"},{"taxonomy":"product_tag","embeddable":true,"href":"https:\/\/vmsport.fi\/sv\/wp-json\/wp\/v2\/product_tag?post=56993"},{"taxonomy":"industry_terminology","embeddable":true,"href":"https:\/\/vmsport.fi\/sv\/wp-json\/wp\/v2\/industry-terminology?post=56993"}],"curies":[{"name":"wp","href":"https:\/\/api.w.org\/{rel}","templated":true}]}}