{"id":56988,"date":"2025-03-06T00:26:25","date_gmt":"2025-03-05T22:26:25","guid":{"rendered":"https:\/\/vmsport.fi\/verkkokauppa\/Ei-luokiteltu\/oxc-driver-lock-on-mtb-grips-musta\/"},"modified":"2026-04-22T15:10:48","modified_gmt":"2026-04-22T12:10:48","slug":"oxc-driver-lock-on-mtb-grepp-svart","status":"publish","type":"product","link":"https:\/\/vmsport.fi\/sv\/verkkokauppa\/varaosat\/ohjaamo\/gripit\/oxc-driver-lock-on-mtb-grips-musta\/","title":{"rendered":"OXC Driver Lock-on MTB-grepp svart"},"content":{"rendered":"<p>OXC Driver Lock-on MTB-grepp i svart ger utm\u00e4rkt grepp och komfort med en tv\u00e5delad profilkonstruktion som kombinerar ett n\u00e4tm\u00f6nster med en v\u00e5fflad yta f\u00f6r f\u00f6rb\u00e4ttrad kontroll i alla v\u00e4derf\u00f6rh\u00e5llanden. Mesh-strukturen minskar vibrationerna i h\u00e4nderna avsev\u00e4rt, vilket g\u00f6r cyklingen bekv\u00e4mare p\u00e5 l\u00e4ngre str\u00e4ckor. En enkelsidig l\u00e5sring i aluminium ger en s\u00e4ker passform och f\u00f6rhindrar att handtagen glider och vrider sig under snabb k\u00f6rning. Med en l\u00e4ngd p\u00e5 130 mm och en diameter p\u00e5 30 mm passar handtagen till styren med en diameter p\u00e5 22,2 mm. Ett inbyggt \u00e4ndlock ger ytterligare skydd och ett snyggt utseende.<\/p>","protected":false},"excerpt":{"rendered":"<p>OXC Driver Lock-on MTB -kahvat mustassa v\u00e4riss\u00e4 tarjoavat erinomaisen otteen ja mukavuuden, sill\u00e4 niiden kaksiosainen profiilirakenne yhdist\u00e4\u00e4 verkkokuvion ja vohvelipinnan, mik\u00e4 parantaa hallintaa kaikissa s\u00e4\u00e4olosuhteissa. Verkkorakenne v\u00e4hent\u00e4\u00e4 huomattavasti k\u00e4siin kohdistuvia t\u00e4rin\u00f6it\u00e4, mik\u00e4 tekee ajamisesta miellytt\u00e4v\u00e4mp\u00e4\u00e4 pidemmill\u00e4 matkoilla. Yksipuolinen alumiininen lukitusrengas takaa varman kiinnityksen, est\u00e4en kahvojen liukumisen ja kiertymisen vauhdikkaan ajon aikana. Kahvojen pituus on 130 [&#8230;]<\/p>\n<p><a class=\"btn btn-secondary understrap-read-more-link\" href=\"https:\/\/vmsport.fi\/sv\/verkkokauppa\/varaosat\/ohjaamo\/gripit\/oxc-driver-lock-on-mtb-grips-musta\/\">L\u00e4s mer \u2026<span class=\"screen-reader-text\"> from OXC Driver Lock-on MTB Grips musta<\/span><\/a><\/p>\n","protected":false},"featured_media":56987,"comment_status":"open","ping_status":"closed","template":"","meta":{"_acf_changed":false,"_improvement_type_select":"improve_an_existing","_thumb_yes_seoaic":false,"_frame_yes_seoaic":false,"seoaic_generate_description":"","seoaic_improve_instructions_prompt":"","seoaic_rollback_content_improvement":"","seoaic_idea_thumbnail_generator":"","thumbnail_generated":false,"thumbnail_generate_prompt":"","seoaic_article_description":"","_supplier_stock_quantity":0},"product_brand":[],"product_model":[],"product_cat":[9292],"product_tag":[],"industry-terminology":[],"class_list":{"0":"post-56988","1":"product","2":"type-product","3":"status-publish","4":"has-post-thumbnail","6":"product_cat-gripit","8":"first","9":"outofstock","10":"taxable","11":"shipping-taxable","12":"product-type-simple"},"acf":{"bike_features":null,"overview":{"copy_overview":null,"key_features":null,"statement":"","youtube_url":""}},"yoast_head":"<!-- This site is optimized with the Yoast SEO plugin v27.4 - https:\/\/yoast.com\/product\/yoast-seo-wordpress\/ -->\n<title>OXC Driver Lock-on MTB Grips musta - VM Sport<\/title>\n<meta name=\"robots\" content=\"index, follow, max-snippet:-1, max-image-preview:large, max-video-preview:-1\" \/>\n<link rel=\"canonical\" href=\"https:\/\/vmsport.fi\/sv\/webbutik\/reservdelar\/taxi\/grepp\/oxc-driver-lock-on-mtb-grepp-svart\/\" \/>\n<meta property=\"og:locale\" content=\"sv_SE\" \/>\n<meta property=\"og:type\" content=\"article\" \/>\n<meta property=\"og:title\" content=\"OXC Driver Lock-on MTB Grips musta - VM Sport\" \/>\n<meta property=\"og:description\" content=\"OXC Driver Lock-on MTB -kahvat mustassa v\u00e4riss\u00e4 tarjoavat erinomaisen otteen ja mukavuuden, sill\u00e4 niiden kaksiosainen profiilirakenne yhdist\u00e4\u00e4 verkkokuvion ja vohvelipinnan, mik\u00e4 parantaa hallintaa kaikissa s\u00e4\u00e4olosuhteissa. Verkkorakenne v\u00e4hent\u00e4\u00e4 huomattavasti k\u00e4siin kohdistuvia t\u00e4rin\u00f6it\u00e4, mik\u00e4 tekee ajamisesta miellytt\u00e4v\u00e4mp\u00e4\u00e4 pidemmill\u00e4 matkoilla. Yksipuolinen alumiininen lukitusrengas takaa varman kiinnityksen, est\u00e4en kahvojen liukumisen ja kiertymisen vauhdikkaan ajon aikana. Kahvojen pituus on 130 [...]L\u00e4s mer \u2026 from OXC Driver Lock-on MTB Grips musta\" \/>\n<meta property=\"og:url\" content=\"https:\/\/vmsport.fi\/sv\/webbutik\/reservdelar\/taxi\/grepp\/oxc-driver-lock-on-mtb-grepp-svart\/\" \/>\n<meta property=\"og:site_name\" content=\"VM Sport\" \/>\n<meta property=\"article:publisher\" content=\"https:\/\/www.facebook.com\/Vmsport.fi\/\" \/>\n<meta property=\"article:modified_time\" content=\"2026-04-22T12:10:48+00:00\" \/>\n<meta property=\"og:image\" content=\"https:\/\/vmsport.fi\/wp-content\/uploads\/2025\/03\/OXCHG805B-01-jpg-thumb-572-572-1.png\" \/>\n\t<meta property=\"og:image:width\" content=\"572\" \/>\n\t<meta property=\"og:image:height\" content=\"572\" \/>\n\t<meta property=\"og:image:type\" content=\"image\/png\" \/>\n<meta name=\"twitter:card\" content=\"summary_large_image\" \/>\n<script type=\"application\/ld+json\" class=\"yoast-schema-graph\">{\"@context\":\"https:\\\/\\\/schema.org\",\"@graph\":[{\"@type\":[\"WebPage\",\"ItemPage\"],\"@id\":\"https:\\\/\\\/vmsport.fi\\\/verkkokauppa\\\/varaosat\\\/ohjaamo\\\/gripit\\\/oxc-driver-lock-on-mtb-grips-musta\\\/\",\"url\":\"https:\\\/\\\/vmsport.fi\\\/verkkokauppa\\\/varaosat\\\/ohjaamo\\\/gripit\\\/oxc-driver-lock-on-mtb-grips-musta\\\/\",\"name\":\"OXC Driver Lock-on MTB Grips musta - VM Sport\",\"isPartOf\":{\"@id\":\"https:\\\/\\\/vmsport.fi\\\/#website\"},\"primaryImageOfPage\":{\"@id\":\"https:\\\/\\\/vmsport.fi\\\/verkkokauppa\\\/varaosat\\\/ohjaamo\\\/gripit\\\/oxc-driver-lock-on-mtb-grips-musta\\\/#primaryimage\"},\"image\":{\"@id\":\"https:\\\/\\\/vmsport.fi\\\/verkkokauppa\\\/varaosat\\\/ohjaamo\\\/gripit\\\/oxc-driver-lock-on-mtb-grips-musta\\\/#primaryimage\"},\"thumbnailUrl\":\"https:\\\/\\\/vmsport.fi\\\/wp-content\\\/uploads\\\/2025\\\/03\\\/OXCHG805B-01-jpg-thumb-572-572-1.png\",\"datePublished\":\"2025-03-05T22:26:25+00:00\",\"dateModified\":\"2026-04-22T12:10:48+00:00\",\"breadcrumb\":{\"@id\":\"https:\\\/\\\/vmsport.fi\\\/verkkokauppa\\\/varaosat\\\/ohjaamo\\\/gripit\\\/oxc-driver-lock-on-mtb-grips-musta\\\/#breadcrumb\"},\"inLanguage\":\"sv-SE\",\"potentialAction\":[{\"@type\":\"ReadAction\",\"target\":[\"https:\\\/\\\/vmsport.fi\\\/verkkokauppa\\\/varaosat\\\/ohjaamo\\\/gripit\\\/oxc-driver-lock-on-mtb-grips-musta\\\/\"]}]},{\"@type\":\"ImageObject\",\"inLanguage\":\"sv-SE\",\"@id\":\"https:\\\/\\\/vmsport.fi\\\/verkkokauppa\\\/varaosat\\\/ohjaamo\\\/gripit\\\/oxc-driver-lock-on-mtb-grips-musta\\\/#primaryimage\",\"url\":\"https:\\\/\\\/vmsport.fi\\\/wp-content\\\/uploads\\\/2025\\\/03\\\/OXCHG805B-01-jpg-thumb-572-572-1.png\",\"contentUrl\":\"https:\\\/\\\/vmsport.fi\\\/wp-content\\\/uploads\\\/2025\\\/03\\\/OXCHG805B-01-jpg-thumb-572-572-1.png\",\"width\":572,\"height\":572,\"caption\":\"OXCHG805B-01-jpg-thumb-572-572\"},{\"@type\":\"BreadcrumbList\",\"@id\":\"https:\\\/\\\/vmsport.fi\\\/verkkokauppa\\\/varaosat\\\/ohjaamo\\\/gripit\\\/oxc-driver-lock-on-mtb-grips-musta\\\/#breadcrumb\",\"itemListElement\":[{\"@type\":\"ListItem\",\"position\":1,\"name\":\"Etusivu\",\"item\":\"https:\\\/\\\/vmsport.fi\\\/\"},{\"@type\":\"ListItem\",\"position\":2,\"name\":\"Online Store\",\"item\":\"https:\\\/\\\/vmsport.fi\\\/en\\\/online-store\\\/\"},{\"@type\":\"ListItem\",\"position\":3,\"name\":\"OXC Driver Lock-on MTB Grips musta\"}]},{\"@type\":\"WebSite\",\"@id\":\"https:\\\/\\\/vmsport.fi\\\/#website\",\"url\":\"https:\\\/\\\/vmsport.fi\\\/\",\"name\":\"Vmsport\",\"description\":\"Kaikki py\u00f6r\u00e4ilyyn yhdest\u00e4 paikasta\",\"publisher\":{\"@id\":\"https:\\\/\\\/vmsport.fi\\\/#organization\"},\"potentialAction\":[{\"@type\":\"SearchAction\",\"target\":{\"@type\":\"EntryPoint\",\"urlTemplate\":\"https:\\\/\\\/vmsport.fi\\\/?s={search_term_string}\"},\"query-input\":{\"@type\":\"PropertyValueSpecification\",\"valueRequired\":true,\"valueName\":\"search_term_string\"}}],\"inLanguage\":\"sv-SE\"},{\"@type\":\"Organization\",\"@id\":\"https:\\\/\\\/vmsport.fi\\\/#organization\",\"name\":\"Vmsport\",\"url\":\"https:\\\/\\\/vmsport.fi\\\/\",\"logo\":{\"@type\":\"ImageObject\",\"inLanguage\":\"sv-SE\",\"@id\":\"https:\\\/\\\/vmsport.fi\\\/#\\\/schema\\\/logo\\\/image\\\/\",\"url\":\"https:\\\/\\\/vmsport.fi\\\/wp-content\\\/uploads\\\/2024\\\/12\\\/vm_sport_RGB_horisontal-e1734526017575.png\",\"contentUrl\":\"https:\\\/\\\/vmsport.fi\\\/wp-content\\\/uploads\\\/2024\\\/12\\\/vm_sport_RGB_horisontal-e1734526017575.png\",\"width\":668,\"height\":85,\"caption\":\"Vmsport\"},\"image\":{\"@id\":\"https:\\\/\\\/vmsport.fi\\\/#\\\/schema\\\/logo\\\/image\\\/\"},\"sameAs\":[\"https:\\\/\\\/www.facebook.com\\\/Vmsport.fi\\\/\",\"https:\\\/\\\/www.instagram.com\\\/vmsport\\\/\"]}]}<\/script>\n<!-- \/ Yoast SEO plugin. -->","yoast_head_json":{"title":"OXC Driver Lock-on MTB-grepp svart - VM Sport","robots":{"index":"index","follow":"follow","max-snippet":"max-snippet:-1","max-image-preview":"max-image-preview:large","max-video-preview":"max-video-preview:-1"},"canonical":"https:\/\/vmsport.fi\/sv\/webbutik\/reservdelar\/taxi\/grepp\/oxc-driver-lock-on-mtb-grepp-svart\/","og_locale":"sv_SE","og_type":"article","og_title":"OXC Driver Lock-on MTB Grips musta - VM Sport","og_description":"OXC Driver Lock-on MTB -kahvat mustassa v\u00e4riss\u00e4 tarjoavat erinomaisen otteen ja mukavuuden, sill\u00e4 niiden kaksiosainen profiilirakenne yhdist\u00e4\u00e4 verkkokuvion ja vohvelipinnan, mik\u00e4 parantaa hallintaa kaikissa s\u00e4\u00e4olosuhteissa. Verkkorakenne v\u00e4hent\u00e4\u00e4 huomattavasti k\u00e4siin kohdistuvia t\u00e4rin\u00f6it\u00e4, mik\u00e4 tekee ajamisesta miellytt\u00e4v\u00e4mp\u00e4\u00e4 pidemmill\u00e4 matkoilla. Yksipuolinen alumiininen lukitusrengas takaa varman kiinnityksen, est\u00e4en kahvojen liukumisen ja kiertymisen vauhdikkaan ajon aikana. Kahvojen pituus on 130 [...]L\u00e4s mer \u2026 from OXC Driver Lock-on MTB Grips musta","og_url":"https:\/\/vmsport.fi\/sv\/webbutik\/reservdelar\/taxi\/grepp\/oxc-driver-lock-on-mtb-grepp-svart\/","og_site_name":"VM Sport","article_publisher":"https:\/\/www.facebook.com\/Vmsport.fi\/","article_modified_time":"2026-04-22T12:10:48+00:00","og_image":[{"width":572,"height":572,"url":"https:\/\/vmsport.fi\/wp-content\/uploads\/2025\/03\/OXCHG805B-01-jpg-thumb-572-572-1.png","type":"image\/png"}],"twitter_card":"summary_large_image","schema":{"@context":"https:\/\/schema.org","@graph":[{"@type":["WebPage","ItemPage"],"@id":"https:\/\/vmsport.fi\/verkkokauppa\/varaosat\/ohjaamo\/gripit\/oxc-driver-lock-on-mtb-grips-musta\/","url":"https:\/\/vmsport.fi\/verkkokauppa\/varaosat\/ohjaamo\/gripit\/oxc-driver-lock-on-mtb-grips-musta\/","name":"OXC Driver Lock-on MTB-grepp svart - VM Sport","isPartOf":{"@id":"https:\/\/vmsport.fi\/#website"},"primaryImageOfPage":{"@id":"https:\/\/vmsport.fi\/verkkokauppa\/varaosat\/ohjaamo\/gripit\/oxc-driver-lock-on-mtb-grips-musta\/#primaryimage"},"image":{"@id":"https:\/\/vmsport.fi\/verkkokauppa\/varaosat\/ohjaamo\/gripit\/oxc-driver-lock-on-mtb-grips-musta\/#primaryimage"},"thumbnailUrl":"https:\/\/vmsport.fi\/wp-content\/uploads\/2025\/03\/OXCHG805B-01-jpg-thumb-572-572-1.png","datePublished":"2025-03-05T22:26:25+00:00","dateModified":"2026-04-22T12:10:48+00:00","breadcrumb":{"@id":"https:\/\/vmsport.fi\/verkkokauppa\/varaosat\/ohjaamo\/gripit\/oxc-driver-lock-on-mtb-grips-musta\/#breadcrumb"},"inLanguage":"sv-SE","potentialAction":[{"@type":"ReadAction","target":["https:\/\/vmsport.fi\/verkkokauppa\/varaosat\/ohjaamo\/gripit\/oxc-driver-lock-on-mtb-grips-musta\/"]}]},{"@type":"ImageObject","inLanguage":"sv-SE","@id":"https:\/\/vmsport.fi\/verkkokauppa\/varaosat\/ohjaamo\/gripit\/oxc-driver-lock-on-mtb-grips-musta\/#primaryimage","url":"https:\/\/vmsport.fi\/wp-content\/uploads\/2025\/03\/OXCHG805B-01-jpg-thumb-572-572-1.png","contentUrl":"https:\/\/vmsport.fi\/wp-content\/uploads\/2025\/03\/OXCHG805B-01-jpg-thumb-572-572-1.png","width":572,"height":572,"caption":"OXCHG805B-01-jpg-thumb-572-572"},{"@type":"BreadcrumbList","@id":"https:\/\/vmsport.fi\/verkkokauppa\/varaosat\/ohjaamo\/gripit\/oxc-driver-lock-on-mtb-grips-musta\/#breadcrumb","itemListElement":[{"@type":"ListItem","position":1,"name":"Etusivu","item":"https:\/\/vmsport.fi\/"},{"@type":"ListItem","position":2,"name":"Online Store","item":"https:\/\/vmsport.fi\/en\/online-store\/"},{"@type":"ListItem","position":3,"name":"OXC Driver Lock-on MTB Grips musta"}]},{"@type":"WebSite","@id":"https:\/\/vmsport.fi\/#website","url":"https:\/\/vmsport.fi\/","name":"Vmsport","description":"Allt p\u00e5 ett st\u00e4lle f\u00f6r cykling","publisher":{"@id":"https:\/\/vmsport.fi\/#organization"},"potentialAction":[{"@type":"SearchAction","target":{"@type":"EntryPoint","urlTemplate":"https:\/\/vmsport.fi\/?s={search_term_string}"},"query-input":{"@type":"PropertyValueSpecification","valueRequired":true,"valueName":"search_term_string"}}],"inLanguage":"sv-SE"},{"@type":"Organization","@id":"https:\/\/vmsport.fi\/#organization","name":"Vmsport","url":"https:\/\/vmsport.fi\/","logo":{"@type":"ImageObject","inLanguage":"sv-SE","@id":"https:\/\/vmsport.fi\/#\/schema\/logo\/image\/","url":"https:\/\/vmsport.fi\/wp-content\/uploads\/2024\/12\/vm_sport_RGB_horisontal-e1734526017575.png","contentUrl":"https:\/\/vmsport.fi\/wp-content\/uploads\/2024\/12\/vm_sport_RGB_horisontal-e1734526017575.png","width":668,"height":85,"caption":"Vmsport"},"image":{"@id":"https:\/\/vmsport.fi\/#\/schema\/logo\/image\/"},"sameAs":["https:\/\/www.facebook.com\/Vmsport.fi\/","https:\/\/www.instagram.com\/vmsport\/"]}]}},"global_unique_id":"","_links":{"self":[{"href":"https:\/\/vmsport.fi\/sv\/wp-json\/wp\/v2\/product\/56988","targetHints":{"allow":["GET"]}}],"collection":[{"href":"https:\/\/vmsport.fi\/sv\/wp-json\/wp\/v2\/product"}],"about":[{"href":"https:\/\/vmsport.fi\/sv\/wp-json\/wp\/v2\/types\/product"}],"replies":[{"embeddable":true,"href":"https:\/\/vmsport.fi\/sv\/wp-json\/wp\/v2\/comments?post=56988"}],"wp:featuredmedia":[{"embeddable":true,"href":"https:\/\/vmsport.fi\/sv\/wp-json\/wp\/v2\/media\/56987"}],"wp:attachment":[{"href":"https:\/\/vmsport.fi\/sv\/wp-json\/wp\/v2\/media?parent=56988"}],"wp:term":[{"taxonomy":"product_brand","embeddable":true,"href":"https:\/\/vmsport.fi\/sv\/wp-json\/wp\/v2\/product_brand?post=56988"},{"taxonomy":"product_model","embeddable":true,"href":"https:\/\/vmsport.fi\/sv\/wp-json\/wp\/v2\/product_model?post=56988"},{"taxonomy":"product_cat","embeddable":true,"href":"https:\/\/vmsport.fi\/sv\/wp-json\/wp\/v2\/product_cat?post=56988"},{"taxonomy":"product_tag","embeddable":true,"href":"https:\/\/vmsport.fi\/sv\/wp-json\/wp\/v2\/product_tag?post=56988"},{"taxonomy":"industry_terminology","embeddable":true,"href":"https:\/\/vmsport.fi\/sv\/wp-json\/wp\/v2\/industry-terminology?post=56988"}],"curies":[{"name":"wp","href":"https:\/\/api.w.org\/{rel}","templated":true}]}}