{"id":56986,"date":"2025-03-06T00:26:24","date_gmt":"2025-03-05T22:26:24","guid":{"rendered":"https:\/\/vmsport.fi\/verkkokauppa\/Ei-luokiteltu\/sram-dub-pressfit-30-mtb-83-mm-ai-83-mm\/"},"modified":"2026-01-16T13:22:23","modified_gmt":"2026-01-16T11:22:23","slug":"sram-dub-pressfit-30-mtb-83-mm-ai-83-mm","status":"publish","type":"product","link":"https:\/\/vmsport.fi\/sv\/verkkokauppa\/varaosat\/voimansiirto\/keskiolaakerit\/sram-dub-pressfit-30-mtb-83-mm-ai-83-mm\/","title":{"rendered":"SRAM DUB PressFit 30 (MTB) 83 mm Ai 83 mm"},"content":{"rendered":"<p>SRAM DUB PressFit 30-navet \u00e4r s\u00e4rskilt utformat f\u00f6r mountainbikes och anv\u00e4nder PressFit 30-systemet. Kompatibiliteten med DUB-vevaxeln s\u00e4kerst\u00e4ller att denna komponent passar s\u00f6ml\u00f6st med ett brett utbud av olika ramar. Det 83 mm breda centrumet monteras p\u00e5 plats och ger en utm\u00e4rkt balans mellan h\u00e5llbarhet och l\u00e4tthet. Ai-kompatibiliteten inneb\u00e4r att den st\u00f6der asymmetrisk integration, vilket s\u00e4rskilt f\u00f6rb\u00e4ttrar ringavst\u00e5ndet i vissa ramgeometrier. Denna funktion m\u00f6jligg\u00f6r \u00e4nnu b\u00e4ttre prestanda i olika terr\u00e4nger, vilket g\u00f6r den till ett utm\u00e4rkt val f\u00f6r kr\u00e4vande cykelentusiaster.<\/p>","protected":false},"excerpt":{"rendered":"<p>SRAM DUB PressFit 30 -keski\u00f6 on suunniteltu erityisesti maastopy\u00f6riin, hy\u00f6dynt\u00e4en PressFit 30 -j\u00e4rjestelm\u00e4\u00e4. Yhteensopivuus DUB-kampiakselin kanssa varmistaa, ett\u00e4 t\u00e4m\u00e4 komponentti asettuu saumattomasti useiden erilaisten runkojen kanssa. Keski\u00f6, jonka leveys on 83 mm, asennetaan paikoilleen tarjoten erinomaisen tasapainon kest\u00e4vyyden ja keveyden v\u00e4lill\u00e4. Sen Ai-yhteensopivuus tarkoittaa, ett\u00e4 se tukee ep\u00e4symmetrist\u00e4 integrointia, parantaen erityisesti rengastilaa tietyiss\u00e4 runkogeometrioissa. T\u00e4m\u00e4 [&#8230;]<\/p>\n<p><a class=\"btn btn-secondary understrap-read-more-link\" href=\"https:\/\/vmsport.fi\/sv\/verkkokauppa\/varaosat\/voimansiirto\/keskiolaakerit\/sram-dub-pressfit-30-mtb-83-mm-ai-83-mm\/\">L\u00e4s mer \u2026<span class=\"screen-reader-text\"> from SRAM DUB PressFit 30 (MTB) 83 mm Ai 83 mm<\/span><\/a><\/p>\n","protected":false},"featured_media":56985,"comment_status":"open","ping_status":"closed","template":"","meta":{"_acf_changed":false,"_improvement_type_select":"improve_an_existing","_thumb_yes_seoaic":false,"_frame_yes_seoaic":false,"seoaic_generate_description":"","seoaic_improve_instructions_prompt":"","seoaic_rollback_content_improvement":"","seoaic_idea_thumbnail_generator":"","thumbnail_generated":false,"thumbnail_generate_prompt":"","seoaic_article_description":"","_supplier_stock_quantity":0},"product_brand":[1588],"product_model":[],"product_cat":[9350],"product_tag":[],"industry-terminology":[],"class_list":{"0":"post-56986","1":"product","2":"type-product","3":"status-publish","4":"has-post-thumbnail","6":"product_brand-sram","7":"product_cat-keskiolaakerit","9":"first","10":"outofstock","11":"taxable","12":"shipping-taxable","13":"product-type-simple"},"acf":{"bike_features":null,"overview":{"copy_overview":null,"key_features":null,"statement":"","youtube_url":""}},"yoast_head":"<!-- This site is optimized with the Yoast SEO plugin v27.3 - https:\/\/yoast.com\/product\/yoast-seo-wordpress\/ -->\n<title>SRAM DUB PressFit 30 (MTB) 83 mm Ai 83 mm - VM Sport<\/title>\n<meta name=\"robots\" content=\"index, follow, max-snippet:-1, max-image-preview:large, max-video-preview:-1\" \/>\n<link rel=\"canonical\" href=\"https:\/\/vmsport.fi\/sv\/webbutik\/reservdelar\/transmission\/mittlager\/sram-dub-pressfit-30-mtb-83-mm-ai-83-mm\/\" \/>\n<meta property=\"og:locale\" content=\"sv_SE\" \/>\n<meta property=\"og:type\" content=\"article\" \/>\n<meta property=\"og:title\" content=\"SRAM DUB PressFit 30 (MTB) 83 mm Ai 83 mm - VM Sport\" \/>\n<meta property=\"og:description\" content=\"SRAM DUB PressFit 30 -keski\u00f6 on suunniteltu erityisesti maastopy\u00f6riin, hy\u00f6dynt\u00e4en PressFit 30 -j\u00e4rjestelm\u00e4\u00e4. Yhteensopivuus DUB-kampiakselin kanssa varmistaa, ett\u00e4 t\u00e4m\u00e4 komponentti asettuu saumattomasti useiden erilaisten runkojen kanssa. Keski\u00f6, jonka leveys on 83 mm, asennetaan paikoilleen tarjoten erinomaisen tasapainon kest\u00e4vyyden ja keveyden v\u00e4lill\u00e4. Sen Ai-yhteensopivuus tarkoittaa, ett\u00e4 se tukee ep\u00e4symmetrist\u00e4 integrointia, parantaen erityisesti rengastilaa tietyiss\u00e4 runkogeometrioissa. T\u00e4m\u00e4 [...]L\u00e4s mer \u2026 from SRAM DUB PressFit 30 (MTB) 83 mm Ai 83 mm\" \/>\n<meta property=\"og:url\" content=\"https:\/\/vmsport.fi\/sv\/webbutik\/reservdelar\/transmission\/mittlager\/sram-dub-pressfit-30-mtb-83-mm-ai-83-mm\/\" \/>\n<meta property=\"og:site_name\" content=\"VM Sport\" \/>\n<meta property=\"article:publisher\" content=\"https:\/\/www.facebook.com\/Vmsport.fi\/\" \/>\n<meta property=\"article:modified_time\" content=\"2026-01-16T11:22:23+00:00\" \/>\n<meta property=\"og:image\" content=\"https:\/\/vmsport.fi\/wp-content\/uploads\/2025\/03\/uD0NQbaCKKCUpZOLaQT0DPlkLIIaNBAgAekvDSHMmL6fXD8F6M-1.jpg\" \/>\n\t<meta property=\"og:image:width\" content=\"800\" \/>\n\t<meta property=\"og:image:height\" content=\"800\" \/>\n\t<meta property=\"og:image:type\" content=\"image\/jpeg\" \/>\n<meta name=\"twitter:card\" content=\"summary_large_image\" \/>\n<script type=\"application\/ld+json\" class=\"yoast-schema-graph\">{\"@context\":\"https:\\\/\\\/schema.org\",\"@graph\":[{\"@type\":[\"WebPage\",\"ItemPage\"],\"@id\":\"https:\\\/\\\/vmsport.fi\\\/verkkokauppa\\\/varaosat\\\/voimansiirto\\\/keskiolaakerit\\\/sram-dub-pressfit-30-mtb-83-mm-ai-83-mm\\\/\",\"url\":\"https:\\\/\\\/vmsport.fi\\\/verkkokauppa\\\/varaosat\\\/voimansiirto\\\/keskiolaakerit\\\/sram-dub-pressfit-30-mtb-83-mm-ai-83-mm\\\/\",\"name\":\"SRAM DUB PressFit 30 (MTB) 83 mm Ai 83 mm - VM Sport\",\"isPartOf\":{\"@id\":\"https:\\\/\\\/vmsport.fi\\\/#website\"},\"primaryImageOfPage\":{\"@id\":\"https:\\\/\\\/vmsport.fi\\\/verkkokauppa\\\/varaosat\\\/voimansiirto\\\/keskiolaakerit\\\/sram-dub-pressfit-30-mtb-83-mm-ai-83-mm\\\/#primaryimage\"},\"image\":{\"@id\":\"https:\\\/\\\/vmsport.fi\\\/verkkokauppa\\\/varaosat\\\/voimansiirto\\\/keskiolaakerit\\\/sram-dub-pressfit-30-mtb-83-mm-ai-83-mm\\\/#primaryimage\"},\"thumbnailUrl\":\"https:\\\/\\\/vmsport.fi\\\/wp-content\\\/uploads\\\/2025\\\/03\\\/uD0NQbaCKKCUpZOLaQT0DPlkLIIaNBAgAekvDSHMmL6fXD8F6M-1.jpg\",\"datePublished\":\"2025-03-05T22:26:24+00:00\",\"dateModified\":\"2026-01-16T11:22:23+00:00\",\"breadcrumb\":{\"@id\":\"https:\\\/\\\/vmsport.fi\\\/verkkokauppa\\\/varaosat\\\/voimansiirto\\\/keskiolaakerit\\\/sram-dub-pressfit-30-mtb-83-mm-ai-83-mm\\\/#breadcrumb\"},\"inLanguage\":\"sv-SE\",\"potentialAction\":[{\"@type\":\"ReadAction\",\"target\":[\"https:\\\/\\\/vmsport.fi\\\/verkkokauppa\\\/varaosat\\\/voimansiirto\\\/keskiolaakerit\\\/sram-dub-pressfit-30-mtb-83-mm-ai-83-mm\\\/\"]}]},{\"@type\":\"ImageObject\",\"inLanguage\":\"sv-SE\",\"@id\":\"https:\\\/\\\/vmsport.fi\\\/verkkokauppa\\\/varaosat\\\/voimansiirto\\\/keskiolaakerit\\\/sram-dub-pressfit-30-mtb-83-mm-ai-83-mm\\\/#primaryimage\",\"url\":\"https:\\\/\\\/vmsport.fi\\\/wp-content\\\/uploads\\\/2025\\\/03\\\/uD0NQbaCKKCUpZOLaQT0DPlkLIIaNBAgAekvDSHMmL6fXD8F6M-1.jpg\",\"contentUrl\":\"https:\\\/\\\/vmsport.fi\\\/wp-content\\\/uploads\\\/2025\\\/03\\\/uD0NQbaCKKCUpZOLaQT0DPlkLIIaNBAgAekvDSHMmL6fXD8F6M-1.jpg\",\"width\":800,\"height\":800,\"caption\":\"uD0NQbaCKKCUpZOLaQT0DPlkLIIaNBAgAekvDSHMmL6fXD8F6M\"},{\"@type\":\"BreadcrumbList\",\"@id\":\"https:\\\/\\\/vmsport.fi\\\/verkkokauppa\\\/varaosat\\\/voimansiirto\\\/keskiolaakerit\\\/sram-dub-pressfit-30-mtb-83-mm-ai-83-mm\\\/#breadcrumb\",\"itemListElement\":[{\"@type\":\"ListItem\",\"position\":1,\"name\":\"Etusivu\",\"item\":\"https:\\\/\\\/vmsport.fi\\\/\"},{\"@type\":\"ListItem\",\"position\":2,\"name\":\"Online Store\",\"item\":\"https:\\\/\\\/vmsport.fi\\\/en\\\/online-store\\\/\"},{\"@type\":\"ListItem\",\"position\":3,\"name\":\"Sram\",\"item\":\"https:\\\/\\\/vmsport.fi\\\/merkki\\\/sram\\\/\"},{\"@type\":\"ListItem\",\"position\":4,\"name\":\"SRAM DUB PressFit 30 (MTB) 83 mm Ai 83 mm\"}]},{\"@type\":\"WebSite\",\"@id\":\"https:\\\/\\\/vmsport.fi\\\/#website\",\"url\":\"https:\\\/\\\/vmsport.fi\\\/\",\"name\":\"Vmsport\",\"description\":\"Kaikki py\u00f6r\u00e4ilyyn yhdest\u00e4 paikasta\",\"publisher\":{\"@id\":\"https:\\\/\\\/vmsport.fi\\\/#organization\"},\"potentialAction\":[{\"@type\":\"SearchAction\",\"target\":{\"@type\":\"EntryPoint\",\"urlTemplate\":\"https:\\\/\\\/vmsport.fi\\\/?s={search_term_string}\"},\"query-input\":{\"@type\":\"PropertyValueSpecification\",\"valueRequired\":true,\"valueName\":\"search_term_string\"}}],\"inLanguage\":\"sv-SE\"},{\"@type\":\"Organization\",\"@id\":\"https:\\\/\\\/vmsport.fi\\\/#organization\",\"name\":\"Vmsport\",\"url\":\"https:\\\/\\\/vmsport.fi\\\/\",\"logo\":{\"@type\":\"ImageObject\",\"inLanguage\":\"sv-SE\",\"@id\":\"https:\\\/\\\/vmsport.fi\\\/#\\\/schema\\\/logo\\\/image\\\/\",\"url\":\"https:\\\/\\\/vmsport.fi\\\/wp-content\\\/uploads\\\/2024\\\/12\\\/vm_sport_RGB_horisontal-e1734526017575.png\",\"contentUrl\":\"https:\\\/\\\/vmsport.fi\\\/wp-content\\\/uploads\\\/2024\\\/12\\\/vm_sport_RGB_horisontal-e1734526017575.png\",\"width\":668,\"height\":85,\"caption\":\"Vmsport\"},\"image\":{\"@id\":\"https:\\\/\\\/vmsport.fi\\\/#\\\/schema\\\/logo\\\/image\\\/\"},\"sameAs\":[\"https:\\\/\\\/www.facebook.com\\\/Vmsport.fi\\\/\",\"https:\\\/\\\/www.instagram.com\\\/vmsport\\\/\"]}]}<\/script>\n<!-- \/ Yoast SEO plugin. -->","yoast_head_json":{"title":"SRAM DUB PressFit 30 (MTB) 83 mm Ai 83 mm - VM Sport","robots":{"index":"index","follow":"follow","max-snippet":"max-snippet:-1","max-image-preview":"max-image-preview:large","max-video-preview":"max-video-preview:-1"},"canonical":"https:\/\/vmsport.fi\/sv\/webbutik\/reservdelar\/transmission\/mittlager\/sram-dub-pressfit-30-mtb-83-mm-ai-83-mm\/","og_locale":"sv_SE","og_type":"article","og_title":"SRAM DUB PressFit 30 (MTB) 83 mm Ai 83 mm - VM Sport","og_description":"SRAM DUB PressFit 30 -keski\u00f6 on suunniteltu erityisesti maastopy\u00f6riin, hy\u00f6dynt\u00e4en PressFit 30 -j\u00e4rjestelm\u00e4\u00e4. Yhteensopivuus DUB-kampiakselin kanssa varmistaa, ett\u00e4 t\u00e4m\u00e4 komponentti asettuu saumattomasti useiden erilaisten runkojen kanssa. Keski\u00f6, jonka leveys on 83 mm, asennetaan paikoilleen tarjoten erinomaisen tasapainon kest\u00e4vyyden ja keveyden v\u00e4lill\u00e4. Sen Ai-yhteensopivuus tarkoittaa, ett\u00e4 se tukee ep\u00e4symmetrist\u00e4 integrointia, parantaen erityisesti rengastilaa tietyiss\u00e4 runkogeometrioissa. T\u00e4m\u00e4 [...]L\u00e4s mer \u2026 from SRAM DUB PressFit 30 (MTB) 83 mm Ai 83 mm","og_url":"https:\/\/vmsport.fi\/sv\/webbutik\/reservdelar\/transmission\/mittlager\/sram-dub-pressfit-30-mtb-83-mm-ai-83-mm\/","og_site_name":"VM Sport","article_publisher":"https:\/\/www.facebook.com\/Vmsport.fi\/","article_modified_time":"2026-01-16T11:22:23+00:00","og_image":[{"width":800,"height":800,"url":"https:\/\/vmsport.fi\/wp-content\/uploads\/2025\/03\/uD0NQbaCKKCUpZOLaQT0DPlkLIIaNBAgAekvDSHMmL6fXD8F6M-1.jpg","type":"image\/jpeg"}],"twitter_card":"summary_large_image","schema":{"@context":"https:\/\/schema.org","@graph":[{"@type":["WebPage","ItemPage"],"@id":"https:\/\/vmsport.fi\/verkkokauppa\/varaosat\/voimansiirto\/keskiolaakerit\/sram-dub-pressfit-30-mtb-83-mm-ai-83-mm\/","url":"https:\/\/vmsport.fi\/verkkokauppa\/varaosat\/voimansiirto\/keskiolaakerit\/sram-dub-pressfit-30-mtb-83-mm-ai-83-mm\/","name":"SRAM DUB PressFit 30 (MTB) 83 mm Ai 83 mm - VM Sport","isPartOf":{"@id":"https:\/\/vmsport.fi\/#website"},"primaryImageOfPage":{"@id":"https:\/\/vmsport.fi\/verkkokauppa\/varaosat\/voimansiirto\/keskiolaakerit\/sram-dub-pressfit-30-mtb-83-mm-ai-83-mm\/#primaryimage"},"image":{"@id":"https:\/\/vmsport.fi\/verkkokauppa\/varaosat\/voimansiirto\/keskiolaakerit\/sram-dub-pressfit-30-mtb-83-mm-ai-83-mm\/#primaryimage"},"thumbnailUrl":"https:\/\/vmsport.fi\/wp-content\/uploads\/2025\/03\/uD0NQbaCKKCUpZOLaQT0DPlkLIIaNBAgAekvDSHMmL6fXD8F6M-1.jpg","datePublished":"2025-03-05T22:26:24+00:00","dateModified":"2026-01-16T11:22:23+00:00","breadcrumb":{"@id":"https:\/\/vmsport.fi\/verkkokauppa\/varaosat\/voimansiirto\/keskiolaakerit\/sram-dub-pressfit-30-mtb-83-mm-ai-83-mm\/#breadcrumb"},"inLanguage":"sv-SE","potentialAction":[{"@type":"ReadAction","target":["https:\/\/vmsport.fi\/verkkokauppa\/varaosat\/voimansiirto\/keskiolaakerit\/sram-dub-pressfit-30-mtb-83-mm-ai-83-mm\/"]}]},{"@type":"ImageObject","inLanguage":"sv-SE","@id":"https:\/\/vmsport.fi\/verkkokauppa\/varaosat\/voimansiirto\/keskiolaakerit\/sram-dub-pressfit-30-mtb-83-mm-ai-83-mm\/#primaryimage","url":"https:\/\/vmsport.fi\/wp-content\/uploads\/2025\/03\/uD0NQbaCKKCUpZOLaQT0DPlkLIIaNBAgAekvDSHMmL6fXD8F6M-1.jpg","contentUrl":"https:\/\/vmsport.fi\/wp-content\/uploads\/2025\/03\/uD0NQbaCKKCUpZOLaQT0DPlkLIIaNBAgAekvDSHMmL6fXD8F6M-1.jpg","width":800,"height":800,"caption":"uD0NQbaCKKCUpZOLaQT0DPlkLIIaNBAgAekvDSHMmL6fXD8F6M"},{"@type":"BreadcrumbList","@id":"https:\/\/vmsport.fi\/verkkokauppa\/varaosat\/voimansiirto\/keskiolaakerit\/sram-dub-pressfit-30-mtb-83-mm-ai-83-mm\/#breadcrumb","itemListElement":[{"@type":"ListItem","position":1,"name":"Etusivu","item":"https:\/\/vmsport.fi\/"},{"@type":"ListItem","position":2,"name":"Online Store","item":"https:\/\/vmsport.fi\/en\/online-store\/"},{"@type":"ListItem","position":3,"name":"Sram","item":"https:\/\/vmsport.fi\/merkki\/sram\/"},{"@type":"ListItem","position":4,"name":"SRAM DUB PressFit 30 (MTB) 83 mm Ai 83 mm"}]},{"@type":"WebSite","@id":"https:\/\/vmsport.fi\/#website","url":"https:\/\/vmsport.fi\/","name":"Vmsport","description":"Allt p\u00e5 ett st\u00e4lle f\u00f6r cykling","publisher":{"@id":"https:\/\/vmsport.fi\/#organization"},"potentialAction":[{"@type":"SearchAction","target":{"@type":"EntryPoint","urlTemplate":"https:\/\/vmsport.fi\/?s={search_term_string}"},"query-input":{"@type":"PropertyValueSpecification","valueRequired":true,"valueName":"search_term_string"}}],"inLanguage":"sv-SE"},{"@type":"Organization","@id":"https:\/\/vmsport.fi\/#organization","name":"Vmsport","url":"https:\/\/vmsport.fi\/","logo":{"@type":"ImageObject","inLanguage":"sv-SE","@id":"https:\/\/vmsport.fi\/#\/schema\/logo\/image\/","url":"https:\/\/vmsport.fi\/wp-content\/uploads\/2024\/12\/vm_sport_RGB_horisontal-e1734526017575.png","contentUrl":"https:\/\/vmsport.fi\/wp-content\/uploads\/2024\/12\/vm_sport_RGB_horisontal-e1734526017575.png","width":668,"height":85,"caption":"Vmsport"},"image":{"@id":"https:\/\/vmsport.fi\/#\/schema\/logo\/image\/"},"sameAs":["https:\/\/www.facebook.com\/Vmsport.fi\/","https:\/\/www.instagram.com\/vmsport\/"]}]}},"global_unique_id":"","_links":{"self":[{"href":"https:\/\/vmsport.fi\/sv\/wp-json\/wp\/v2\/product\/56986","targetHints":{"allow":["GET"]}}],"collection":[{"href":"https:\/\/vmsport.fi\/sv\/wp-json\/wp\/v2\/product"}],"about":[{"href":"https:\/\/vmsport.fi\/sv\/wp-json\/wp\/v2\/types\/product"}],"replies":[{"embeddable":true,"href":"https:\/\/vmsport.fi\/sv\/wp-json\/wp\/v2\/comments?post=56986"}],"wp:featuredmedia":[{"embeddable":true,"href":"https:\/\/vmsport.fi\/sv\/wp-json\/wp\/v2\/media\/56985"}],"wp:attachment":[{"href":"https:\/\/vmsport.fi\/sv\/wp-json\/wp\/v2\/media?parent=56986"}],"wp:term":[{"taxonomy":"product_brand","embeddable":true,"href":"https:\/\/vmsport.fi\/sv\/wp-json\/wp\/v2\/product_brand?post=56986"},{"taxonomy":"product_model","embeddable":true,"href":"https:\/\/vmsport.fi\/sv\/wp-json\/wp\/v2\/product_model?post=56986"},{"taxonomy":"product_cat","embeddable":true,"href":"https:\/\/vmsport.fi\/sv\/wp-json\/wp\/v2\/product_cat?post=56986"},{"taxonomy":"product_tag","embeddable":true,"href":"https:\/\/vmsport.fi\/sv\/wp-json\/wp\/v2\/product_tag?post=56986"},{"taxonomy":"industry_terminology","embeddable":true,"href":"https:\/\/vmsport.fi\/sv\/wp-json\/wp\/v2\/industry-terminology?post=56986"}],"curies":[{"name":"wp","href":"https:\/\/api.w.org\/{rel}","templated":true}]}}