{"id":56978,"date":"2025-03-06T00:26:20","date_gmt":"2025-03-05T22:26:20","guid":{"rendered":"https:\/\/vmsport.fi\/verkkokauppa\/Ei-luokiteltu\/xlc-pc-b08-black-349-mm\/"},"modified":"2026-01-16T13:25:44","modified_gmt":"2026-01-16T11:25:44","slug":"xlc-pc-b08-svart-349-mm","status":"publish","type":"product","link":"https:\/\/vmsport.fi\/sv\/verkkokauppa\/varaosat\/satulat-ja-satulatolpat\/satula-ja-satulatolppien-varaosat\/xlc-pc-b08-black-349-mm\/","title":{"rendered":"XLC PC-B08 Svart 34,9 mm"},"content":{"rendered":"<p>XLC PC-B08 sadelstolpsp\u00e4nnare med en diameter p\u00e5 34,9 mm \u00e4r det perfekta valet f\u00f6r cyklister som v\u00e4rdes\u00e4tter h\u00e5llbarhet och s\u00e4kerhet. Den \u00e4r tillverkad av robust aluminium och ger ett p\u00e5litligt grepp och l\u00e5ng h\u00e5llbarhet. Den snygga svarta finishen ger en extra touch till utseendet p\u00e5 alla cyklar, medan de h\u00f6gkvalitativa materialen s\u00e4kerst\u00e4ller att kl\u00e4mman sitter stadigt p\u00e5 plats under alla f\u00f6rh\u00e5llanden. Oavsett om du k\u00f6r off-road eller p\u00e5 stadens gator kommer det h\u00e4r kl\u00e4mman att uppfylla dina behov. XLC, som \u00e4r k\u00e4nt f\u00f6r sina h\u00f6gkvalitativa cykeltillbeh\u00f6r, har lyckats kombinera funktionalitet och estetik i denna enast\u00e5ende produkt.<\/p>","protected":false},"excerpt":{"rendered":"<p>XLC PC-B08 -satulatolpan kiristin, jonka halkaisija on 34,9 mm, on ihanteellinen valinta py\u00f6r\u00e4ilij\u00f6ille, jotka arvostavat kest\u00e4vyytt\u00e4 ja varmuutta. Vankasta alumiinista valmistettuna se tarjoaa luotettavan pidon ja pitk\u00e4kestoisuuden. Tyylik\u00e4s musta pintaviimeistely antaa lis\u00e4s\u00e4v\u00e4yksen mink\u00e4 tahansa py\u00f6r\u00e4n ulkon\u00e4k\u00f6\u00f6n, ja korkealaatuiset materiaalit takaavat, ett\u00e4 kiristin pysyy lujasti paikoillaan kaikissa olosuhteissa. Olitpa maastossa tai kaupungin kaduilla, t\u00e4m\u00e4 kiristin vastaa [&#8230;]<\/p>\n<p><a class=\"btn btn-secondary understrap-read-more-link\" href=\"https:\/\/vmsport.fi\/sv\/verkkokauppa\/varaosat\/satulat-ja-satulatolpat\/satula-ja-satulatolppien-varaosat\/xlc-pc-b08-black-349-mm\/\">L\u00e4s mer \u2026<span class=\"screen-reader-text\"> from XLC PC-B08 Black 34,9 mm<\/span><\/a><\/p>\n","protected":false},"featured_media":56977,"comment_status":"open","ping_status":"closed","template":"","meta":{"_acf_changed":false,"_improvement_type_select":"improve_an_existing","_thumb_yes_seoaic":false,"_frame_yes_seoaic":false,"seoaic_generate_description":"","seoaic_improve_instructions_prompt":"","seoaic_rollback_content_improvement":"","seoaic_idea_thumbnail_generator":"","thumbnail_generated":false,"thumbnail_generate_prompt":"","seoaic_article_description":"","_supplier_stock_quantity":0},"product_brand":[],"product_model":[],"product_cat":[9382],"product_tag":[],"industry-terminology":[],"class_list":{"0":"post-56978","1":"product","2":"type-product","3":"status-publish","4":"has-post-thumbnail","6":"product_cat-satula-ja-satulatolppien-varaosat","8":"first","9":"outofstock","10":"taxable","11":"shipping-taxable","12":"product-type-simple"},"acf":{"bike_features":null,"overview":{"copy_overview":null,"key_features":null,"statement":"","youtube_url":""}},"yoast_head":"<!-- This site is optimized with the Yoast SEO plugin v27.3 - https:\/\/yoast.com\/product\/yoast-seo-wordpress\/ -->\n<title>XLC PC-B08 Black 34,9 mm - VM Sport<\/title>\n<meta name=\"robots\" content=\"index, follow, max-snippet:-1, max-image-preview:large, max-video-preview:-1\" \/>\n<link rel=\"canonical\" href=\"https:\/\/vmsport.fi\/sv\/webbutik\/reservdelar\/sadlar-och-sadelstolpar\/reservdelar-till-sadel-och-sadelgjord\/xlc-pc-b08-svart-349-mm\/\" \/>\n<meta property=\"og:locale\" content=\"sv_SE\" \/>\n<meta property=\"og:type\" content=\"article\" \/>\n<meta property=\"og:title\" content=\"XLC PC-B08 Black 34,9 mm - VM Sport\" \/>\n<meta property=\"og:description\" content=\"XLC PC-B08 -satulatolpan kiristin, jonka halkaisija on 34,9 mm, on ihanteellinen valinta py\u00f6r\u00e4ilij\u00f6ille, jotka arvostavat kest\u00e4vyytt\u00e4 ja varmuutta. Vankasta alumiinista valmistettuna se tarjoaa luotettavan pidon ja pitk\u00e4kestoisuuden. Tyylik\u00e4s musta pintaviimeistely antaa lis\u00e4s\u00e4v\u00e4yksen mink\u00e4 tahansa py\u00f6r\u00e4n ulkon\u00e4k\u00f6\u00f6n, ja korkealaatuiset materiaalit takaavat, ett\u00e4 kiristin pysyy lujasti paikoillaan kaikissa olosuhteissa. Olitpa maastossa tai kaupungin kaduilla, t\u00e4m\u00e4 kiristin vastaa [...]L\u00e4s mer \u2026 from XLC PC-B08 Black 34,9 mm\" \/>\n<meta property=\"og:url\" content=\"https:\/\/vmsport.fi\/sv\/webbutik\/reservdelar\/sadlar-och-sadelstolpar\/reservdelar-till-sadel-och-sadelgjord\/xlc-pc-b08-svart-349-mm\/\" \/>\n<meta property=\"og:site_name\" content=\"VM Sport\" \/>\n<meta property=\"article:publisher\" content=\"https:\/\/www.facebook.com\/Vmsport.fi\/\" \/>\n<meta property=\"article:modified_time\" content=\"2026-01-16T11:25:44+00:00\" \/>\n<meta property=\"og:image\" content=\"https:\/\/vmsport.fi\/wp-content\/uploads\/2025\/03\/2502063124-large-1.jpg\" \/>\n\t<meta property=\"og:image:width\" content=\"1000\" \/>\n\t<meta property=\"og:image:height\" content=\"750\" \/>\n\t<meta property=\"og:image:type\" content=\"image\/jpeg\" \/>\n<meta name=\"twitter:card\" content=\"summary_large_image\" \/>\n<script type=\"application\/ld+json\" class=\"yoast-schema-graph\">{\"@context\":\"https:\\\/\\\/schema.org\",\"@graph\":[{\"@type\":[\"WebPage\",\"ItemPage\"],\"@id\":\"https:\\\/\\\/vmsport.fi\\\/verkkokauppa\\\/varaosat\\\/satulat-ja-satulatolpat\\\/satula-ja-satulatolppien-varaosat\\\/xlc-pc-b08-black-349-mm\\\/\",\"url\":\"https:\\\/\\\/vmsport.fi\\\/verkkokauppa\\\/varaosat\\\/satulat-ja-satulatolpat\\\/satula-ja-satulatolppien-varaosat\\\/xlc-pc-b08-black-349-mm\\\/\",\"name\":\"XLC PC-B08 Black 34,9 mm - VM Sport\",\"isPartOf\":{\"@id\":\"https:\\\/\\\/vmsport.fi\\\/#website\"},\"primaryImageOfPage\":{\"@id\":\"https:\\\/\\\/vmsport.fi\\\/verkkokauppa\\\/varaosat\\\/satulat-ja-satulatolpat\\\/satula-ja-satulatolppien-varaosat\\\/xlc-pc-b08-black-349-mm\\\/#primaryimage\"},\"image\":{\"@id\":\"https:\\\/\\\/vmsport.fi\\\/verkkokauppa\\\/varaosat\\\/satulat-ja-satulatolpat\\\/satula-ja-satulatolppien-varaosat\\\/xlc-pc-b08-black-349-mm\\\/#primaryimage\"},\"thumbnailUrl\":\"https:\\\/\\\/vmsport.fi\\\/wp-content\\\/uploads\\\/2025\\\/03\\\/2502063124-large-1.jpg\",\"datePublished\":\"2025-03-05T22:26:20+00:00\",\"dateModified\":\"2026-01-16T11:25:44+00:00\",\"breadcrumb\":{\"@id\":\"https:\\\/\\\/vmsport.fi\\\/verkkokauppa\\\/varaosat\\\/satulat-ja-satulatolpat\\\/satula-ja-satulatolppien-varaosat\\\/xlc-pc-b08-black-349-mm\\\/#breadcrumb\"},\"inLanguage\":\"sv-SE\",\"potentialAction\":[{\"@type\":\"ReadAction\",\"target\":[\"https:\\\/\\\/vmsport.fi\\\/verkkokauppa\\\/varaosat\\\/satulat-ja-satulatolpat\\\/satula-ja-satulatolppien-varaosat\\\/xlc-pc-b08-black-349-mm\\\/\"]}]},{\"@type\":\"ImageObject\",\"inLanguage\":\"sv-SE\",\"@id\":\"https:\\\/\\\/vmsport.fi\\\/verkkokauppa\\\/varaosat\\\/satulat-ja-satulatolpat\\\/satula-ja-satulatolppien-varaosat\\\/xlc-pc-b08-black-349-mm\\\/#primaryimage\",\"url\":\"https:\\\/\\\/vmsport.fi\\\/wp-content\\\/uploads\\\/2025\\\/03\\\/2502063124-large-1.jpg\",\"contentUrl\":\"https:\\\/\\\/vmsport.fi\\\/wp-content\\\/uploads\\\/2025\\\/03\\\/2502063124-large-1.jpg\",\"width\":1000,\"height\":750,\"caption\":\"2502063124-large\"},{\"@type\":\"BreadcrumbList\",\"@id\":\"https:\\\/\\\/vmsport.fi\\\/verkkokauppa\\\/varaosat\\\/satulat-ja-satulatolpat\\\/satula-ja-satulatolppien-varaosat\\\/xlc-pc-b08-black-349-mm\\\/#breadcrumb\",\"itemListElement\":[{\"@type\":\"ListItem\",\"position\":1,\"name\":\"Etusivu\",\"item\":\"https:\\\/\\\/vmsport.fi\\\/\"},{\"@type\":\"ListItem\",\"position\":2,\"name\":\"Online Store\",\"item\":\"https:\\\/\\\/vmsport.fi\\\/en\\\/online-store\\\/\"},{\"@type\":\"ListItem\",\"position\":3,\"name\":\"XLC PC-B08 Black 34,9 mm\"}]},{\"@type\":\"WebSite\",\"@id\":\"https:\\\/\\\/vmsport.fi\\\/#website\",\"url\":\"https:\\\/\\\/vmsport.fi\\\/\",\"name\":\"Vmsport\",\"description\":\"Kaikki py\u00f6r\u00e4ilyyn yhdest\u00e4 paikasta\",\"publisher\":{\"@id\":\"https:\\\/\\\/vmsport.fi\\\/#organization\"},\"potentialAction\":[{\"@type\":\"SearchAction\",\"target\":{\"@type\":\"EntryPoint\",\"urlTemplate\":\"https:\\\/\\\/vmsport.fi\\\/?s={search_term_string}\"},\"query-input\":{\"@type\":\"PropertyValueSpecification\",\"valueRequired\":true,\"valueName\":\"search_term_string\"}}],\"inLanguage\":\"sv-SE\"},{\"@type\":\"Organization\",\"@id\":\"https:\\\/\\\/vmsport.fi\\\/#organization\",\"name\":\"Vmsport\",\"url\":\"https:\\\/\\\/vmsport.fi\\\/\",\"logo\":{\"@type\":\"ImageObject\",\"inLanguage\":\"sv-SE\",\"@id\":\"https:\\\/\\\/vmsport.fi\\\/#\\\/schema\\\/logo\\\/image\\\/\",\"url\":\"https:\\\/\\\/vmsport.fi\\\/wp-content\\\/uploads\\\/2024\\\/12\\\/vm_sport_RGB_horisontal-e1734526017575.png\",\"contentUrl\":\"https:\\\/\\\/vmsport.fi\\\/wp-content\\\/uploads\\\/2024\\\/12\\\/vm_sport_RGB_horisontal-e1734526017575.png\",\"width\":668,\"height\":85,\"caption\":\"Vmsport\"},\"image\":{\"@id\":\"https:\\\/\\\/vmsport.fi\\\/#\\\/schema\\\/logo\\\/image\\\/\"},\"sameAs\":[\"https:\\\/\\\/www.facebook.com\\\/Vmsport.fi\\\/\",\"https:\\\/\\\/www.instagram.com\\\/vmsport\\\/\"]}]}<\/script>\n<!-- \/ Yoast SEO plugin. -->","yoast_head_json":{"title":"XLC PC-B08 Svart 34,9 mm - VM Sport","robots":{"index":"index","follow":"follow","max-snippet":"max-snippet:-1","max-image-preview":"max-image-preview:large","max-video-preview":"max-video-preview:-1"},"canonical":"https:\/\/vmsport.fi\/sv\/webbutik\/reservdelar\/sadlar-och-sadelstolpar\/reservdelar-till-sadel-och-sadelgjord\/xlc-pc-b08-svart-349-mm\/","og_locale":"sv_SE","og_type":"article","og_title":"XLC PC-B08 Black 34,9 mm - VM Sport","og_description":"XLC PC-B08 -satulatolpan kiristin, jonka halkaisija on 34,9 mm, on ihanteellinen valinta py\u00f6r\u00e4ilij\u00f6ille, jotka arvostavat kest\u00e4vyytt\u00e4 ja varmuutta. Vankasta alumiinista valmistettuna se tarjoaa luotettavan pidon ja pitk\u00e4kestoisuuden. Tyylik\u00e4s musta pintaviimeistely antaa lis\u00e4s\u00e4v\u00e4yksen mink\u00e4 tahansa py\u00f6r\u00e4n ulkon\u00e4k\u00f6\u00f6n, ja korkealaatuiset materiaalit takaavat, ett\u00e4 kiristin pysyy lujasti paikoillaan kaikissa olosuhteissa. Olitpa maastossa tai kaupungin kaduilla, t\u00e4m\u00e4 kiristin vastaa [...]L\u00e4s mer \u2026 from XLC PC-B08 Black 34,9 mm","og_url":"https:\/\/vmsport.fi\/sv\/webbutik\/reservdelar\/sadlar-och-sadelstolpar\/reservdelar-till-sadel-och-sadelgjord\/xlc-pc-b08-svart-349-mm\/","og_site_name":"VM Sport","article_publisher":"https:\/\/www.facebook.com\/Vmsport.fi\/","article_modified_time":"2026-01-16T11:25:44+00:00","og_image":[{"width":1000,"height":750,"url":"https:\/\/vmsport.fi\/wp-content\/uploads\/2025\/03\/2502063124-large-1.jpg","type":"image\/jpeg"}],"twitter_card":"summary_large_image","schema":{"@context":"https:\/\/schema.org","@graph":[{"@type":["WebPage","ItemPage"],"@id":"https:\/\/vmsport.fi\/verkkokauppa\/varaosat\/satulat-ja-satulatolpat\/satula-ja-satulatolppien-varaosat\/xlc-pc-b08-black-349-mm\/","url":"https:\/\/vmsport.fi\/verkkokauppa\/varaosat\/satulat-ja-satulatolpat\/satula-ja-satulatolppien-varaosat\/xlc-pc-b08-black-349-mm\/","name":"XLC PC-B08 Svart 34,9 mm - VM Sport","isPartOf":{"@id":"https:\/\/vmsport.fi\/#website"},"primaryImageOfPage":{"@id":"https:\/\/vmsport.fi\/verkkokauppa\/varaosat\/satulat-ja-satulatolpat\/satula-ja-satulatolppien-varaosat\/xlc-pc-b08-black-349-mm\/#primaryimage"},"image":{"@id":"https:\/\/vmsport.fi\/verkkokauppa\/varaosat\/satulat-ja-satulatolpat\/satula-ja-satulatolppien-varaosat\/xlc-pc-b08-black-349-mm\/#primaryimage"},"thumbnailUrl":"https:\/\/vmsport.fi\/wp-content\/uploads\/2025\/03\/2502063124-large-1.jpg","datePublished":"2025-03-05T22:26:20+00:00","dateModified":"2026-01-16T11:25:44+00:00","breadcrumb":{"@id":"https:\/\/vmsport.fi\/verkkokauppa\/varaosat\/satulat-ja-satulatolpat\/satula-ja-satulatolppien-varaosat\/xlc-pc-b08-black-349-mm\/#breadcrumb"},"inLanguage":"sv-SE","potentialAction":[{"@type":"ReadAction","target":["https:\/\/vmsport.fi\/verkkokauppa\/varaosat\/satulat-ja-satulatolpat\/satula-ja-satulatolppien-varaosat\/xlc-pc-b08-black-349-mm\/"]}]},{"@type":"ImageObject","inLanguage":"sv-SE","@id":"https:\/\/vmsport.fi\/verkkokauppa\/varaosat\/satulat-ja-satulatolpat\/satula-ja-satulatolppien-varaosat\/xlc-pc-b08-black-349-mm\/#primaryimage","url":"https:\/\/vmsport.fi\/wp-content\/uploads\/2025\/03\/2502063124-large-1.jpg","contentUrl":"https:\/\/vmsport.fi\/wp-content\/uploads\/2025\/03\/2502063124-large-1.jpg","width":1000,"height":750,"caption":"2502063124-large"},{"@type":"BreadcrumbList","@id":"https:\/\/vmsport.fi\/verkkokauppa\/varaosat\/satulat-ja-satulatolpat\/satula-ja-satulatolppien-varaosat\/xlc-pc-b08-black-349-mm\/#breadcrumb","itemListElement":[{"@type":"ListItem","position":1,"name":"Etusivu","item":"https:\/\/vmsport.fi\/"},{"@type":"ListItem","position":2,"name":"Online Store","item":"https:\/\/vmsport.fi\/en\/online-store\/"},{"@type":"ListItem","position":3,"name":"XLC PC-B08 Black 34,9 mm"}]},{"@type":"WebSite","@id":"https:\/\/vmsport.fi\/#website","url":"https:\/\/vmsport.fi\/","name":"Vmsport","description":"Allt p\u00e5 ett st\u00e4lle f\u00f6r cykling","publisher":{"@id":"https:\/\/vmsport.fi\/#organization"},"potentialAction":[{"@type":"SearchAction","target":{"@type":"EntryPoint","urlTemplate":"https:\/\/vmsport.fi\/?s={search_term_string}"},"query-input":{"@type":"PropertyValueSpecification","valueRequired":true,"valueName":"search_term_string"}}],"inLanguage":"sv-SE"},{"@type":"Organization","@id":"https:\/\/vmsport.fi\/#organization","name":"Vmsport","url":"https:\/\/vmsport.fi\/","logo":{"@type":"ImageObject","inLanguage":"sv-SE","@id":"https:\/\/vmsport.fi\/#\/schema\/logo\/image\/","url":"https:\/\/vmsport.fi\/wp-content\/uploads\/2024\/12\/vm_sport_RGB_horisontal-e1734526017575.png","contentUrl":"https:\/\/vmsport.fi\/wp-content\/uploads\/2024\/12\/vm_sport_RGB_horisontal-e1734526017575.png","width":668,"height":85,"caption":"Vmsport"},"image":{"@id":"https:\/\/vmsport.fi\/#\/schema\/logo\/image\/"},"sameAs":["https:\/\/www.facebook.com\/Vmsport.fi\/","https:\/\/www.instagram.com\/vmsport\/"]}]}},"global_unique_id":"","_links":{"self":[{"href":"https:\/\/vmsport.fi\/sv\/wp-json\/wp\/v2\/product\/56978","targetHints":{"allow":["GET"]}}],"collection":[{"href":"https:\/\/vmsport.fi\/sv\/wp-json\/wp\/v2\/product"}],"about":[{"href":"https:\/\/vmsport.fi\/sv\/wp-json\/wp\/v2\/types\/product"}],"replies":[{"embeddable":true,"href":"https:\/\/vmsport.fi\/sv\/wp-json\/wp\/v2\/comments?post=56978"}],"wp:featuredmedia":[{"embeddable":true,"href":"https:\/\/vmsport.fi\/sv\/wp-json\/wp\/v2\/media\/56977"}],"wp:attachment":[{"href":"https:\/\/vmsport.fi\/sv\/wp-json\/wp\/v2\/media?parent=56978"}],"wp:term":[{"taxonomy":"product_brand","embeddable":true,"href":"https:\/\/vmsport.fi\/sv\/wp-json\/wp\/v2\/product_brand?post=56978"},{"taxonomy":"product_model","embeddable":true,"href":"https:\/\/vmsport.fi\/sv\/wp-json\/wp\/v2\/product_model?post=56978"},{"taxonomy":"product_cat","embeddable":true,"href":"https:\/\/vmsport.fi\/sv\/wp-json\/wp\/v2\/product_cat?post=56978"},{"taxonomy":"product_tag","embeddable":true,"href":"https:\/\/vmsport.fi\/sv\/wp-json\/wp\/v2\/product_tag?post=56978"},{"taxonomy":"industry_terminology","embeddable":true,"href":"https:\/\/vmsport.fi\/sv\/wp-json\/wp\/v2\/industry-terminology?post=56978"}],"curies":[{"name":"wp","href":"https:\/\/api.w.org\/{rel}","templated":true}]}}