{"id":56973,"date":"2025-03-06T00:26:17","date_gmt":"2025-03-05T22:26:17","guid":{"rendered":"https:\/\/vmsport.fi\/verkkokauppa\/Ei-luokiteltu\/ohjainlaakeri-xlc-hs-i03-black\/"},"modified":"2026-01-16T13:25:34","modified_gmt":"2026-01-16T11:25:34","slug":"ohjainlaakeri-xlc-hs-i03-black","status":"publish","type":"product","link":"https:\/\/vmsport.fi\/sv\/verkkokauppa\/varaosat\/ohjaamo\/ohjainlaakerit-ja-osat\/ohjainlaakeri-xlc-hs-i03-black\/","title":{"rendered":"Styrlager XLC HS-I03 Svart"},"content":{"rendered":"<p>XLC HS-I03 -ohjainlaakeri on suunniteltu erityisesti py\u00f6r\u00e4ilij\u00f6ille, jotka arvostavat luotettavuutta ja tehokkuutta. T\u00e4m\u00e4 musta laakeri sopii erinomaisesti yhteen Cane Creek -j\u00e4rjestelm\u00e4n kanssa, mik\u00e4 parantaa py\u00f6r\u00e4si suorituskyky\u00e4. Kest\u00e4v\u00e4t ja laadukkaat materiaalit takaavat pitk\u00e4ik\u00e4isyyden, ja sen suunnittelu mahdollistaa kevyen ja tarkan ohjauksen. T\u00e4m\u00e4 ohjainlaakeri on t\u00e4rke\u00e4 osa py\u00f6r\u00e4\u00e4, sill\u00e4 se yhdist\u00e4\u00e4 suorituskyvyn ja luotettavuuden jokap\u00e4iv\u00e4iseen py\u00f6r\u00e4ilyyn.<\/p>","protected":false},"excerpt":{"rendered":"<p>XLC HS-I03 -ohjainlaakeri on suunniteltu erityisesti py\u00f6r\u00e4ilij\u00f6ille, jotka arvostavat luotettavuutta ja tehokkuutta. T\u00e4m\u00e4 musta laakeri sopii erinomaisesti yhteen Cane Creek -j\u00e4rjestelm\u00e4n kanssa, mik\u00e4 parantaa py\u00f6r\u00e4si suorituskyky\u00e4. Kest\u00e4v\u00e4t ja laadukkaat materiaalit takaavat pitk\u00e4ik\u00e4isyyden, ja sen suunnittelu mahdollistaa kevyen ja tarkan ohjauksen. T\u00e4m\u00e4 ohjainlaakeri on t\u00e4rke\u00e4 osa py\u00f6r\u00e4\u00e4, sill\u00e4 se yhdist\u00e4\u00e4 suorituskyvyn ja luotettavuuden jokap\u00e4iv\u00e4iseen py\u00f6r\u00e4ilyyn. [&#8230;]<\/p>\n<p><a class=\"btn btn-secondary understrap-read-more-link\" href=\"https:\/\/vmsport.fi\/sv\/verkkokauppa\/varaosat\/ohjaamo\/ohjainlaakerit-ja-osat\/ohjainlaakeri-xlc-hs-i03-black\/\">L\u00e4s mer \u2026<span class=\"screen-reader-text\"> from ohjainlaakeri XLC HS-I03 Black<\/span><\/a><\/p>\n","protected":false},"featured_media":56972,"comment_status":"open","ping_status":"closed","template":"","meta":{"_acf_changed":false,"_improvement_type_select":"improve_an_existing","_thumb_yes_seoaic":false,"_frame_yes_seoaic":false,"seoaic_generate_description":"","seoaic_improve_instructions_prompt":"","seoaic_rollback_content_improvement":"","seoaic_idea_thumbnail_generator":"","thumbnail_generated":false,"thumbnail_generate_prompt":"","seoaic_article_description":"","_supplier_stock_quantity":0},"product_brand":[],"product_model":[],"product_cat":[9492],"product_tag":[],"industry-terminology":[],"class_list":{"0":"post-56973","1":"product","2":"type-product","3":"status-publish","4":"has-post-thumbnail","6":"product_cat-ohjainlaakerit-ja-osat","8":"first","9":"instock","10":"taxable","11":"shipping-taxable","12":"purchasable","13":"product-type-simple"},"acf":{"bike_features":null,"overview":{"copy_overview":null,"key_features":null,"statement":"","youtube_url":""}},"yoast_head":"<!-- This site is optimized with the Yoast SEO plugin v27.3 - https:\/\/yoast.com\/product\/yoast-seo-wordpress\/ -->\n<title>ohjainlaakeri XLC HS-I03 Black - VM Sport<\/title>\n<meta name=\"robots\" content=\"index, follow, max-snippet:-1, max-image-preview:large, max-video-preview:-1\" \/>\n<link rel=\"canonical\" href=\"https:\/\/vmsport.fi\/sv\/webbutik\/reservdelar\/taxi\/styrlager-och-delar\/ohjainlaakeri-xlc-hs-i03-black\/\" \/>\n<meta property=\"og:locale\" content=\"sv_SE\" \/>\n<meta property=\"og:type\" content=\"article\" \/>\n<meta property=\"og:title\" content=\"ohjainlaakeri XLC HS-I03 Black - VM Sport\" \/>\n<meta property=\"og:description\" content=\"XLC HS-I03 -ohjainlaakeri on suunniteltu erityisesti py\u00f6r\u00e4ilij\u00f6ille, jotka arvostavat luotettavuutta ja tehokkuutta. T\u00e4m\u00e4 musta laakeri sopii erinomaisesti yhteen Cane Creek -j\u00e4rjestelm\u00e4n kanssa, mik\u00e4 parantaa py\u00f6r\u00e4si suorituskyky\u00e4. Kest\u00e4v\u00e4t ja laadukkaat materiaalit takaavat pitk\u00e4ik\u00e4isyyden, ja sen suunnittelu mahdollistaa kevyen ja tarkan ohjauksen. T\u00e4m\u00e4 ohjainlaakeri on t\u00e4rke\u00e4 osa py\u00f6r\u00e4\u00e4, sill\u00e4 se yhdist\u00e4\u00e4 suorituskyvyn ja luotettavuuden jokap\u00e4iv\u00e4iseen py\u00f6r\u00e4ilyyn. [...]L\u00e4s mer \u2026 from ohjainlaakeri XLC HS-I03 Black\" \/>\n<meta property=\"og:url\" content=\"https:\/\/vmsport.fi\/sv\/webbutik\/reservdelar\/taxi\/styrlager-och-delar\/ohjainlaakeri-xlc-hs-i03-black\/\" \/>\n<meta property=\"og:site_name\" content=\"VM Sport\" \/>\n<meta property=\"article:publisher\" content=\"https:\/\/www.facebook.com\/Vmsport.fi\/\" \/>\n<meta property=\"article:modified_time\" content=\"2026-01-16T11:25:34+00:00\" \/>\n<meta property=\"og:image\" content=\"https:\/\/vmsport.fi\/wp-content\/uploads\/2025\/03\/rFaSIVQyOfEyH5gq3tdVe8DxhCvJGuvst9YFTKDAcolYuJQLQa-1.jpg\" \/>\n\t<meta property=\"og:image:width\" content=\"331\" \/>\n\t<meta property=\"og:image:height\" content=\"279\" \/>\n\t<meta property=\"og:image:type\" content=\"image\/jpeg\" \/>\n<meta name=\"twitter:card\" content=\"summary_large_image\" \/>\n<script type=\"application\/ld+json\" class=\"yoast-schema-graph\">{\"@context\":\"https:\\\/\\\/schema.org\",\"@graph\":[{\"@type\":[\"WebPage\",\"ItemPage\"],\"@id\":\"https:\\\/\\\/vmsport.fi\\\/verkkokauppa\\\/varaosat\\\/ohjaamo\\\/ohjainlaakerit-ja-osat\\\/ohjainlaakeri-xlc-hs-i03-black\\\/\",\"url\":\"https:\\\/\\\/vmsport.fi\\\/verkkokauppa\\\/varaosat\\\/ohjaamo\\\/ohjainlaakerit-ja-osat\\\/ohjainlaakeri-xlc-hs-i03-black\\\/\",\"name\":\"ohjainlaakeri XLC HS-I03 Black - VM Sport\",\"isPartOf\":{\"@id\":\"https:\\\/\\\/vmsport.fi\\\/#website\"},\"primaryImageOfPage\":{\"@id\":\"https:\\\/\\\/vmsport.fi\\\/verkkokauppa\\\/varaosat\\\/ohjaamo\\\/ohjainlaakerit-ja-osat\\\/ohjainlaakeri-xlc-hs-i03-black\\\/#primaryimage\"},\"image\":{\"@id\":\"https:\\\/\\\/vmsport.fi\\\/verkkokauppa\\\/varaosat\\\/ohjaamo\\\/ohjainlaakerit-ja-osat\\\/ohjainlaakeri-xlc-hs-i03-black\\\/#primaryimage\"},\"thumbnailUrl\":\"https:\\\/\\\/vmsport.fi\\\/wp-content\\\/uploads\\\/2025\\\/03\\\/rFaSIVQyOfEyH5gq3tdVe8DxhCvJGuvst9YFTKDAcolYuJQLQa-1.jpg\",\"datePublished\":\"2025-03-05T22:26:17+00:00\",\"dateModified\":\"2026-01-16T11:25:34+00:00\",\"breadcrumb\":{\"@id\":\"https:\\\/\\\/vmsport.fi\\\/verkkokauppa\\\/varaosat\\\/ohjaamo\\\/ohjainlaakerit-ja-osat\\\/ohjainlaakeri-xlc-hs-i03-black\\\/#breadcrumb\"},\"inLanguage\":\"sv-SE\",\"potentialAction\":[{\"@type\":\"ReadAction\",\"target\":[\"https:\\\/\\\/vmsport.fi\\\/verkkokauppa\\\/varaosat\\\/ohjaamo\\\/ohjainlaakerit-ja-osat\\\/ohjainlaakeri-xlc-hs-i03-black\\\/\"]}]},{\"@type\":\"ImageObject\",\"inLanguage\":\"sv-SE\",\"@id\":\"https:\\\/\\\/vmsport.fi\\\/verkkokauppa\\\/varaosat\\\/ohjaamo\\\/ohjainlaakerit-ja-osat\\\/ohjainlaakeri-xlc-hs-i03-black\\\/#primaryimage\",\"url\":\"https:\\\/\\\/vmsport.fi\\\/wp-content\\\/uploads\\\/2025\\\/03\\\/rFaSIVQyOfEyH5gq3tdVe8DxhCvJGuvst9YFTKDAcolYuJQLQa-1.jpg\",\"contentUrl\":\"https:\\\/\\\/vmsport.fi\\\/wp-content\\\/uploads\\\/2025\\\/03\\\/rFaSIVQyOfEyH5gq3tdVe8DxhCvJGuvst9YFTKDAcolYuJQLQa-1.jpg\",\"width\":331,\"height\":279,\"caption\":\"rFaSIVQyOfEyH5gq3tdVe8DxhCvJGuvst9YFTKDAcolYuJQLQa\"},{\"@type\":\"BreadcrumbList\",\"@id\":\"https:\\\/\\\/vmsport.fi\\\/verkkokauppa\\\/varaosat\\\/ohjaamo\\\/ohjainlaakerit-ja-osat\\\/ohjainlaakeri-xlc-hs-i03-black\\\/#breadcrumb\",\"itemListElement\":[{\"@type\":\"ListItem\",\"position\":1,\"name\":\"Etusivu\",\"item\":\"https:\\\/\\\/vmsport.fi\\\/\"},{\"@type\":\"ListItem\",\"position\":2,\"name\":\"Online Store\",\"item\":\"https:\\\/\\\/vmsport.fi\\\/en\\\/online-store\\\/\"},{\"@type\":\"ListItem\",\"position\":3,\"name\":\"ohjainlaakeri XLC HS-I03 Black\"}]},{\"@type\":\"WebSite\",\"@id\":\"https:\\\/\\\/vmsport.fi\\\/#website\",\"url\":\"https:\\\/\\\/vmsport.fi\\\/\",\"name\":\"Vmsport\",\"description\":\"Kaikki py\u00f6r\u00e4ilyyn yhdest\u00e4 paikasta\",\"publisher\":{\"@id\":\"https:\\\/\\\/vmsport.fi\\\/#organization\"},\"potentialAction\":[{\"@type\":\"SearchAction\",\"target\":{\"@type\":\"EntryPoint\",\"urlTemplate\":\"https:\\\/\\\/vmsport.fi\\\/?s={search_term_string}\"},\"query-input\":{\"@type\":\"PropertyValueSpecification\",\"valueRequired\":true,\"valueName\":\"search_term_string\"}}],\"inLanguage\":\"sv-SE\"},{\"@type\":\"Organization\",\"@id\":\"https:\\\/\\\/vmsport.fi\\\/#organization\",\"name\":\"Vmsport\",\"url\":\"https:\\\/\\\/vmsport.fi\\\/\",\"logo\":{\"@type\":\"ImageObject\",\"inLanguage\":\"sv-SE\",\"@id\":\"https:\\\/\\\/vmsport.fi\\\/#\\\/schema\\\/logo\\\/image\\\/\",\"url\":\"https:\\\/\\\/vmsport.fi\\\/wp-content\\\/uploads\\\/2024\\\/12\\\/vm_sport_RGB_horisontal-e1734526017575.png\",\"contentUrl\":\"https:\\\/\\\/vmsport.fi\\\/wp-content\\\/uploads\\\/2024\\\/12\\\/vm_sport_RGB_horisontal-e1734526017575.png\",\"width\":668,\"height\":85,\"caption\":\"Vmsport\"},\"image\":{\"@id\":\"https:\\\/\\\/vmsport.fi\\\/#\\\/schema\\\/logo\\\/image\\\/\"},\"sameAs\":[\"https:\\\/\\\/www.facebook.com\\\/Vmsport.fi\\\/\",\"https:\\\/\\\/www.instagram.com\\\/vmsport\\\/\"]}]}<\/script>\n<!-- \/ Yoast SEO plugin. -->","yoast_head_json":{"title":"ohjainlaakeri XLC HS-I03 Black - VM Sport","robots":{"index":"index","follow":"follow","max-snippet":"max-snippet:-1","max-image-preview":"max-image-preview:large","max-video-preview":"max-video-preview:-1"},"canonical":"https:\/\/vmsport.fi\/sv\/webbutik\/reservdelar\/taxi\/styrlager-och-delar\/ohjainlaakeri-xlc-hs-i03-black\/","og_locale":"sv_SE","og_type":"article","og_title":"ohjainlaakeri XLC HS-I03 Black - VM Sport","og_description":"XLC HS-I03 -ohjainlaakeri on suunniteltu erityisesti py\u00f6r\u00e4ilij\u00f6ille, jotka arvostavat luotettavuutta ja tehokkuutta. T\u00e4m\u00e4 musta laakeri sopii erinomaisesti yhteen Cane Creek -j\u00e4rjestelm\u00e4n kanssa, mik\u00e4 parantaa py\u00f6r\u00e4si suorituskyky\u00e4. Kest\u00e4v\u00e4t ja laadukkaat materiaalit takaavat pitk\u00e4ik\u00e4isyyden, ja sen suunnittelu mahdollistaa kevyen ja tarkan ohjauksen. T\u00e4m\u00e4 ohjainlaakeri on t\u00e4rke\u00e4 osa py\u00f6r\u00e4\u00e4, sill\u00e4 se yhdist\u00e4\u00e4 suorituskyvyn ja luotettavuuden jokap\u00e4iv\u00e4iseen py\u00f6r\u00e4ilyyn. [...]L\u00e4s mer \u2026 from ohjainlaakeri XLC HS-I03 Black","og_url":"https:\/\/vmsport.fi\/sv\/webbutik\/reservdelar\/taxi\/styrlager-och-delar\/ohjainlaakeri-xlc-hs-i03-black\/","og_site_name":"VM Sport","article_publisher":"https:\/\/www.facebook.com\/Vmsport.fi\/","article_modified_time":"2026-01-16T11:25:34+00:00","og_image":[{"width":331,"height":279,"url":"https:\/\/vmsport.fi\/wp-content\/uploads\/2025\/03\/rFaSIVQyOfEyH5gq3tdVe8DxhCvJGuvst9YFTKDAcolYuJQLQa-1.jpg","type":"image\/jpeg"}],"twitter_card":"summary_large_image","schema":{"@context":"https:\/\/schema.org","@graph":[{"@type":["WebPage","ItemPage"],"@id":"https:\/\/vmsport.fi\/verkkokauppa\/varaosat\/ohjaamo\/ohjainlaakerit-ja-osat\/ohjainlaakeri-xlc-hs-i03-black\/","url":"https:\/\/vmsport.fi\/verkkokauppa\/varaosat\/ohjaamo\/ohjainlaakerit-ja-osat\/ohjainlaakeri-xlc-hs-i03-black\/","name":"ohjainlaakeri XLC HS-I03 Black - VM Sport","isPartOf":{"@id":"https:\/\/vmsport.fi\/#website"},"primaryImageOfPage":{"@id":"https:\/\/vmsport.fi\/verkkokauppa\/varaosat\/ohjaamo\/ohjainlaakerit-ja-osat\/ohjainlaakeri-xlc-hs-i03-black\/#primaryimage"},"image":{"@id":"https:\/\/vmsport.fi\/verkkokauppa\/varaosat\/ohjaamo\/ohjainlaakerit-ja-osat\/ohjainlaakeri-xlc-hs-i03-black\/#primaryimage"},"thumbnailUrl":"https:\/\/vmsport.fi\/wp-content\/uploads\/2025\/03\/rFaSIVQyOfEyH5gq3tdVe8DxhCvJGuvst9YFTKDAcolYuJQLQa-1.jpg","datePublished":"2025-03-05T22:26:17+00:00","dateModified":"2026-01-16T11:25:34+00:00","breadcrumb":{"@id":"https:\/\/vmsport.fi\/verkkokauppa\/varaosat\/ohjaamo\/ohjainlaakerit-ja-osat\/ohjainlaakeri-xlc-hs-i03-black\/#breadcrumb"},"inLanguage":"sv-SE","potentialAction":[{"@type":"ReadAction","target":["https:\/\/vmsport.fi\/verkkokauppa\/varaosat\/ohjaamo\/ohjainlaakerit-ja-osat\/ohjainlaakeri-xlc-hs-i03-black\/"]}]},{"@type":"ImageObject","inLanguage":"sv-SE","@id":"https:\/\/vmsport.fi\/verkkokauppa\/varaosat\/ohjaamo\/ohjainlaakerit-ja-osat\/ohjainlaakeri-xlc-hs-i03-black\/#primaryimage","url":"https:\/\/vmsport.fi\/wp-content\/uploads\/2025\/03\/rFaSIVQyOfEyH5gq3tdVe8DxhCvJGuvst9YFTKDAcolYuJQLQa-1.jpg","contentUrl":"https:\/\/vmsport.fi\/wp-content\/uploads\/2025\/03\/rFaSIVQyOfEyH5gq3tdVe8DxhCvJGuvst9YFTKDAcolYuJQLQa-1.jpg","width":331,"height":279,"caption":"rFaSIVQyOfEyH5gq3tdVe8DxhCvJGuvst9YFTKDAcolYuJQLQa"},{"@type":"BreadcrumbList","@id":"https:\/\/vmsport.fi\/verkkokauppa\/varaosat\/ohjaamo\/ohjainlaakerit-ja-osat\/ohjainlaakeri-xlc-hs-i03-black\/#breadcrumb","itemListElement":[{"@type":"ListItem","position":1,"name":"Etusivu","item":"https:\/\/vmsport.fi\/"},{"@type":"ListItem","position":2,"name":"Online Store","item":"https:\/\/vmsport.fi\/en\/online-store\/"},{"@type":"ListItem","position":3,"name":"ohjainlaakeri XLC HS-I03 Black"}]},{"@type":"WebSite","@id":"https:\/\/vmsport.fi\/#website","url":"https:\/\/vmsport.fi\/","name":"Vmsport","description":"Allt p\u00e5 ett st\u00e4lle f\u00f6r cykling","publisher":{"@id":"https:\/\/vmsport.fi\/#organization"},"potentialAction":[{"@type":"SearchAction","target":{"@type":"EntryPoint","urlTemplate":"https:\/\/vmsport.fi\/?s={search_term_string}"},"query-input":{"@type":"PropertyValueSpecification","valueRequired":true,"valueName":"search_term_string"}}],"inLanguage":"sv-SE"},{"@type":"Organization","@id":"https:\/\/vmsport.fi\/#organization","name":"Vmsport","url":"https:\/\/vmsport.fi\/","logo":{"@type":"ImageObject","inLanguage":"sv-SE","@id":"https:\/\/vmsport.fi\/#\/schema\/logo\/image\/","url":"https:\/\/vmsport.fi\/wp-content\/uploads\/2024\/12\/vm_sport_RGB_horisontal-e1734526017575.png","contentUrl":"https:\/\/vmsport.fi\/wp-content\/uploads\/2024\/12\/vm_sport_RGB_horisontal-e1734526017575.png","width":668,"height":85,"caption":"Vmsport"},"image":{"@id":"https:\/\/vmsport.fi\/#\/schema\/logo\/image\/"},"sameAs":["https:\/\/www.facebook.com\/Vmsport.fi\/","https:\/\/www.instagram.com\/vmsport\/"]}]}},"global_unique_id":"","_links":{"self":[{"href":"https:\/\/vmsport.fi\/sv\/wp-json\/wp\/v2\/product\/56973","targetHints":{"allow":["GET"]}}],"collection":[{"href":"https:\/\/vmsport.fi\/sv\/wp-json\/wp\/v2\/product"}],"about":[{"href":"https:\/\/vmsport.fi\/sv\/wp-json\/wp\/v2\/types\/product"}],"replies":[{"embeddable":true,"href":"https:\/\/vmsport.fi\/sv\/wp-json\/wp\/v2\/comments?post=56973"}],"wp:featuredmedia":[{"embeddable":true,"href":"https:\/\/vmsport.fi\/sv\/wp-json\/wp\/v2\/media\/56972"}],"wp:attachment":[{"href":"https:\/\/vmsport.fi\/sv\/wp-json\/wp\/v2\/media?parent=56973"}],"wp:term":[{"taxonomy":"product_brand","embeddable":true,"href":"https:\/\/vmsport.fi\/sv\/wp-json\/wp\/v2\/product_brand?post=56973"},{"taxonomy":"product_model","embeddable":true,"href":"https:\/\/vmsport.fi\/sv\/wp-json\/wp\/v2\/product_model?post=56973"},{"taxonomy":"product_cat","embeddable":true,"href":"https:\/\/vmsport.fi\/sv\/wp-json\/wp\/v2\/product_cat?post=56973"},{"taxonomy":"product_tag","embeddable":true,"href":"https:\/\/vmsport.fi\/sv\/wp-json\/wp\/v2\/product_tag?post=56973"},{"taxonomy":"industry_terminology","embeddable":true,"href":"https:\/\/vmsport.fi\/sv\/wp-json\/wp\/v2\/industry-terminology?post=56973"}],"curies":[{"name":"wp","href":"https:\/\/api.w.org\/{rel}","templated":true}]}}