{"id":56969,"date":"2025-03-06T00:26:15","date_gmt":"2025-03-05T22:26:15","guid":{"rendered":"https:\/\/vmsport.fi\/verkkokauppa\/Ei-luokiteltu\/galfer-mtb-disc-wave-floating-o180x2-0mm-green-pins\/"},"modified":"2026-01-16T13:21:28","modified_gmt":"2026-01-16T11:21:28","slug":"galfer-mtb-skiva-vag-flytande-o180x2-0mm-grona-stift","status":"publish","type":"product","link":"https:\/\/vmsport.fi\/sv\/verkkokauppa\/varaosat\/jarrut\/jarrulevyt\/galfer-mtb-disc-wave-floating-o180x2-0mm-green-pins\/","title":{"rendered":"Galfer MTB-skiva Wave flytande \u00d8180X2,0 mm gr\u00f6na stift"},"content":{"rendered":"<p>Galfer MTB Disc Wave Floating \u00d8180\u00d72,0mm \u00e4r en toppmodern skiva som erbjuder utm\u00e4rkt prestanda f\u00f6r mountainbike. Den v\u00e5giga designen f\u00f6rb\u00e4ttrar effektiviteten och v\u00e4rmeavledningen och bibeh\u00e5ller h\u00f6g bromsprestanda \u00e4ven under kr\u00e4vande f\u00f6rh\u00e5llanden. Skivans diameter p\u00e5 180 mm s\u00e4kerst\u00e4ller en j\u00e4mn f\u00f6rdelning av bromskraften, vilket ger en kontrollerad och s\u00e4ker cykling. Den flytande designen minskar vibrationer och buller, vilket g\u00f6r cyklingen mer bekv\u00e4m och lugn. Gr\u00f6na monteringsstift ger bromsskivan ett fr\u00e4scht utseende och f\u00f6rb\u00e4ttrar samtidigt h\u00e5llbarheten och tillf\u00f6rlitligheten hos konstruktionen.<\/p>","protected":false},"excerpt":{"rendered":"<p>Galfer MTB Disc Wave Floating \u00d8180&#215;2.0mm on huippuluokan jarrulevy, joka tarjoaa erinomaisen suorituskyvyn maastopy\u00f6r\u00e4ilyss\u00e4. Sen aaltoileva muotoilu parantaa tehokkuutta ja l\u00e4mm\u00f6n haihtumista, jolloin jarrutusteho s\u00e4ilyy korkeana my\u00f6s vaativissa olosuhteissa. Levyn 180 mm:n halkaisija takaa tasaisen jarrutusvoiman jakautumisen, joka mahdollistaa py\u00f6r\u00e4ilyn hallitun ja varman etenemisen. Kelluva rakenne v\u00e4hent\u00e4\u00e4 t\u00e4rin\u00e4\u00e4 ja melua, mik\u00e4 tekee ajamisesta miellytt\u00e4v\u00e4mp\u00e4\u00e4 ja [&#8230;]<\/p>\n<p><a class=\"btn btn-secondary understrap-read-more-link\" href=\"https:\/\/vmsport.fi\/sv\/verkkokauppa\/varaosat\/jarrut\/jarrulevyt\/galfer-mtb-disc-wave-floating-o180x2-0mm-green-pins\/\">L\u00e4s mer \u2026<span class=\"screen-reader-text\"> from Galfer MTB Disc Wave Floating \u00d8180X2.0mm Green Pins<\/span><\/a><\/p>\n","protected":false},"featured_media":56968,"comment_status":"open","ping_status":"closed","template":"","meta":{"_acf_changed":false,"_improvement_type_select":"improve_an_existing","_thumb_yes_seoaic":false,"_frame_yes_seoaic":false,"seoaic_generate_description":"","seoaic_improve_instructions_prompt":"","seoaic_rollback_content_improvement":"","seoaic_idea_thumbnail_generator":"","thumbnail_generated":false,"thumbnail_generate_prompt":"","seoaic_article_description":"","_supplier_stock_quantity":0},"product_brand":[],"product_model":[],"product_cat":[9340],"product_tag":[],"industry-terminology":[],"class_list":{"0":"post-56969","1":"product","2":"type-product","3":"status-publish","4":"has-post-thumbnail","6":"product_cat-jarrulevyt","8":"first","9":"instock","10":"taxable","11":"shipping-taxable","12":"purchasable","13":"product-type-simple"},"acf":{"bike_features":null,"overview":{"copy_overview":null,"key_features":null,"statement":"","youtube_url":""}},"yoast_head":"<!-- This site is optimized with the Yoast SEO plugin v27.3 - https:\/\/yoast.com\/product\/yoast-seo-wordpress\/ -->\n<title>Galfer MTB Disc Wave Floating \u00d8180X2.0mm Green Pins - VM Sport<\/title>\n<meta name=\"robots\" content=\"index, follow, max-snippet:-1, max-image-preview:large, max-video-preview:-1\" \/>\n<link rel=\"canonical\" href=\"https:\/\/vmsport.fi\/sv\/webbutik\/reservdelar\/bromsar\/bromsskivor\/galfer-mtb-skiva-vag-flytande-o180x2-0mm-grona-stift\/\" \/>\n<meta property=\"og:locale\" content=\"sv_SE\" \/>\n<meta property=\"og:type\" content=\"article\" \/>\n<meta property=\"og:title\" content=\"Galfer MTB Disc Wave Floating \u00d8180X2.0mm Green Pins - VM Sport\" \/>\n<meta property=\"og:description\" content=\"Galfer MTB Disc Wave Floating \u00d8180&#215;2.0mm on huippuluokan jarrulevy, joka tarjoaa erinomaisen suorituskyvyn maastopy\u00f6r\u00e4ilyss\u00e4. Sen aaltoileva muotoilu parantaa tehokkuutta ja l\u00e4mm\u00f6n haihtumista, jolloin jarrutusteho s\u00e4ilyy korkeana my\u00f6s vaativissa olosuhteissa. Levyn 180 mm:n halkaisija takaa tasaisen jarrutusvoiman jakautumisen, joka mahdollistaa py\u00f6r\u00e4ilyn hallitun ja varman etenemisen. Kelluva rakenne v\u00e4hent\u00e4\u00e4 t\u00e4rin\u00e4\u00e4 ja melua, mik\u00e4 tekee ajamisesta miellytt\u00e4v\u00e4mp\u00e4\u00e4 ja [...]L\u00e4s mer \u2026 from Galfer MTB Disc Wave Floating \u00d8180X2.0mm Green Pins\" \/>\n<meta property=\"og:url\" content=\"https:\/\/vmsport.fi\/sv\/webbutik\/reservdelar\/bromsar\/bromsskivor\/galfer-mtb-skiva-vag-flytande-o180x2-0mm-grona-stift\/\" \/>\n<meta property=\"og:site_name\" content=\"VM Sport\" \/>\n<meta property=\"article:publisher\" content=\"https:\/\/www.facebook.com\/Vmsport.fi\/\" \/>\n<meta property=\"article:modified_time\" content=\"2026-01-16T11:21:28+00:00\" \/>\n<meta property=\"og:image\" content=\"https:\/\/vmsport.fi\/wp-content\/uploads\/2025\/03\/GBDB01XKFLWG-2-1.jpg\" \/>\n\t<meta property=\"og:image:width\" content=\"1000\" \/>\n\t<meta property=\"og:image:height\" content=\"1000\" \/>\n\t<meta property=\"og:image:type\" content=\"image\/jpeg\" \/>\n<meta name=\"twitter:card\" content=\"summary_large_image\" \/>\n<script type=\"application\/ld+json\" class=\"yoast-schema-graph\">{\"@context\":\"https:\\\/\\\/schema.org\",\"@graph\":[{\"@type\":[\"WebPage\",\"ItemPage\"],\"@id\":\"https:\\\/\\\/vmsport.fi\\\/verkkokauppa\\\/varaosat\\\/jarrut\\\/jarrulevyt\\\/galfer-mtb-disc-wave-floating-o180x2-0mm-green-pins\\\/\",\"url\":\"https:\\\/\\\/vmsport.fi\\\/verkkokauppa\\\/varaosat\\\/jarrut\\\/jarrulevyt\\\/galfer-mtb-disc-wave-floating-o180x2-0mm-green-pins\\\/\",\"name\":\"Galfer MTB Disc Wave Floating \u00d8180X2.0mm Green Pins - VM Sport\",\"isPartOf\":{\"@id\":\"https:\\\/\\\/vmsport.fi\\\/#website\"},\"primaryImageOfPage\":{\"@id\":\"https:\\\/\\\/vmsport.fi\\\/verkkokauppa\\\/varaosat\\\/jarrut\\\/jarrulevyt\\\/galfer-mtb-disc-wave-floating-o180x2-0mm-green-pins\\\/#primaryimage\"},\"image\":{\"@id\":\"https:\\\/\\\/vmsport.fi\\\/verkkokauppa\\\/varaosat\\\/jarrut\\\/jarrulevyt\\\/galfer-mtb-disc-wave-floating-o180x2-0mm-green-pins\\\/#primaryimage\"},\"thumbnailUrl\":\"https:\\\/\\\/vmsport.fi\\\/wp-content\\\/uploads\\\/2025\\\/03\\\/GBDB01XKFLWG-2-1.jpg\",\"datePublished\":\"2025-03-05T22:26:15+00:00\",\"dateModified\":\"2026-01-16T11:21:28+00:00\",\"breadcrumb\":{\"@id\":\"https:\\\/\\\/vmsport.fi\\\/verkkokauppa\\\/varaosat\\\/jarrut\\\/jarrulevyt\\\/galfer-mtb-disc-wave-floating-o180x2-0mm-green-pins\\\/#breadcrumb\"},\"inLanguage\":\"sv-SE\",\"potentialAction\":[{\"@type\":\"ReadAction\",\"target\":[\"https:\\\/\\\/vmsport.fi\\\/verkkokauppa\\\/varaosat\\\/jarrut\\\/jarrulevyt\\\/galfer-mtb-disc-wave-floating-o180x2-0mm-green-pins\\\/\"]}]},{\"@type\":\"ImageObject\",\"inLanguage\":\"sv-SE\",\"@id\":\"https:\\\/\\\/vmsport.fi\\\/verkkokauppa\\\/varaosat\\\/jarrut\\\/jarrulevyt\\\/galfer-mtb-disc-wave-floating-o180x2-0mm-green-pins\\\/#primaryimage\",\"url\":\"https:\\\/\\\/vmsport.fi\\\/wp-content\\\/uploads\\\/2025\\\/03\\\/GBDB01XKFLWG-2-1.jpg\",\"contentUrl\":\"https:\\\/\\\/vmsport.fi\\\/wp-content\\\/uploads\\\/2025\\\/03\\\/GBDB01XKFLWG-2-1.jpg\",\"width\":1000,\"height\":1000,\"caption\":\"GBDB01XKFLWG-2\"},{\"@type\":\"BreadcrumbList\",\"@id\":\"https:\\\/\\\/vmsport.fi\\\/verkkokauppa\\\/varaosat\\\/jarrut\\\/jarrulevyt\\\/galfer-mtb-disc-wave-floating-o180x2-0mm-green-pins\\\/#breadcrumb\",\"itemListElement\":[{\"@type\":\"ListItem\",\"position\":1,\"name\":\"Etusivu\",\"item\":\"https:\\\/\\\/vmsport.fi\\\/\"},{\"@type\":\"ListItem\",\"position\":2,\"name\":\"Online Store\",\"item\":\"https:\\\/\\\/vmsport.fi\\\/en\\\/online-store\\\/\"},{\"@type\":\"ListItem\",\"position\":3,\"name\":\"Galfer MTB Disc Wave Floating \u00d8180X2.0mm Green Pins\"}]},{\"@type\":\"WebSite\",\"@id\":\"https:\\\/\\\/vmsport.fi\\\/#website\",\"url\":\"https:\\\/\\\/vmsport.fi\\\/\",\"name\":\"Vmsport\",\"description\":\"Kaikki py\u00f6r\u00e4ilyyn yhdest\u00e4 paikasta\",\"publisher\":{\"@id\":\"https:\\\/\\\/vmsport.fi\\\/#organization\"},\"potentialAction\":[{\"@type\":\"SearchAction\",\"target\":{\"@type\":\"EntryPoint\",\"urlTemplate\":\"https:\\\/\\\/vmsport.fi\\\/?s={search_term_string}\"},\"query-input\":{\"@type\":\"PropertyValueSpecification\",\"valueRequired\":true,\"valueName\":\"search_term_string\"}}],\"inLanguage\":\"sv-SE\"},{\"@type\":\"Organization\",\"@id\":\"https:\\\/\\\/vmsport.fi\\\/#organization\",\"name\":\"Vmsport\",\"url\":\"https:\\\/\\\/vmsport.fi\\\/\",\"logo\":{\"@type\":\"ImageObject\",\"inLanguage\":\"sv-SE\",\"@id\":\"https:\\\/\\\/vmsport.fi\\\/#\\\/schema\\\/logo\\\/image\\\/\",\"url\":\"https:\\\/\\\/vmsport.fi\\\/wp-content\\\/uploads\\\/2024\\\/12\\\/vm_sport_RGB_horisontal-e1734526017575.png\",\"contentUrl\":\"https:\\\/\\\/vmsport.fi\\\/wp-content\\\/uploads\\\/2024\\\/12\\\/vm_sport_RGB_horisontal-e1734526017575.png\",\"width\":668,\"height\":85,\"caption\":\"Vmsport\"},\"image\":{\"@id\":\"https:\\\/\\\/vmsport.fi\\\/#\\\/schema\\\/logo\\\/image\\\/\"},\"sameAs\":[\"https:\\\/\\\/www.facebook.com\\\/Vmsport.fi\\\/\",\"https:\\\/\\\/www.instagram.com\\\/vmsport\\\/\"]}]}<\/script>\n<!-- \/ Yoast SEO plugin. -->","yoast_head_json":{"title":"Galfer MTB-skiva Wave flytande \u00d8180X2,0mm gr\u00f6na stift - VM Sport","robots":{"index":"index","follow":"follow","max-snippet":"max-snippet:-1","max-image-preview":"max-image-preview:large","max-video-preview":"max-video-preview:-1"},"canonical":"https:\/\/vmsport.fi\/sv\/webbutik\/reservdelar\/bromsar\/bromsskivor\/galfer-mtb-skiva-vag-flytande-o180x2-0mm-grona-stift\/","og_locale":"sv_SE","og_type":"article","og_title":"Galfer MTB Disc Wave Floating \u00d8180X2.0mm Green Pins - VM Sport","og_description":"Galfer MTB Disc Wave Floating \u00d8180&#215;2.0mm on huippuluokan jarrulevy, joka tarjoaa erinomaisen suorituskyvyn maastopy\u00f6r\u00e4ilyss\u00e4. Sen aaltoileva muotoilu parantaa tehokkuutta ja l\u00e4mm\u00f6n haihtumista, jolloin jarrutusteho s\u00e4ilyy korkeana my\u00f6s vaativissa olosuhteissa. Levyn 180 mm:n halkaisija takaa tasaisen jarrutusvoiman jakautumisen, joka mahdollistaa py\u00f6r\u00e4ilyn hallitun ja varman etenemisen. Kelluva rakenne v\u00e4hent\u00e4\u00e4 t\u00e4rin\u00e4\u00e4 ja melua, mik\u00e4 tekee ajamisesta miellytt\u00e4v\u00e4mp\u00e4\u00e4 ja [...]L\u00e4s mer \u2026 from Galfer MTB Disc Wave Floating \u00d8180X2.0mm Green Pins","og_url":"https:\/\/vmsport.fi\/sv\/webbutik\/reservdelar\/bromsar\/bromsskivor\/galfer-mtb-skiva-vag-flytande-o180x2-0mm-grona-stift\/","og_site_name":"VM Sport","article_publisher":"https:\/\/www.facebook.com\/Vmsport.fi\/","article_modified_time":"2026-01-16T11:21:28+00:00","og_image":[{"width":1000,"height":1000,"url":"https:\/\/vmsport.fi\/wp-content\/uploads\/2025\/03\/GBDB01XKFLWG-2-1.jpg","type":"image\/jpeg"}],"twitter_card":"summary_large_image","schema":{"@context":"https:\/\/schema.org","@graph":[{"@type":["WebPage","ItemPage"],"@id":"https:\/\/vmsport.fi\/verkkokauppa\/varaosat\/jarrut\/jarrulevyt\/galfer-mtb-disc-wave-floating-o180x2-0mm-green-pins\/","url":"https:\/\/vmsport.fi\/verkkokauppa\/varaosat\/jarrut\/jarrulevyt\/galfer-mtb-disc-wave-floating-o180x2-0mm-green-pins\/","name":"Galfer MTB-skiva Wave flytande \u00d8180X2,0mm gr\u00f6na stift - VM Sport","isPartOf":{"@id":"https:\/\/vmsport.fi\/#website"},"primaryImageOfPage":{"@id":"https:\/\/vmsport.fi\/verkkokauppa\/varaosat\/jarrut\/jarrulevyt\/galfer-mtb-disc-wave-floating-o180x2-0mm-green-pins\/#primaryimage"},"image":{"@id":"https:\/\/vmsport.fi\/verkkokauppa\/varaosat\/jarrut\/jarrulevyt\/galfer-mtb-disc-wave-floating-o180x2-0mm-green-pins\/#primaryimage"},"thumbnailUrl":"https:\/\/vmsport.fi\/wp-content\/uploads\/2025\/03\/GBDB01XKFLWG-2-1.jpg","datePublished":"2025-03-05T22:26:15+00:00","dateModified":"2026-01-16T11:21:28+00:00","breadcrumb":{"@id":"https:\/\/vmsport.fi\/verkkokauppa\/varaosat\/jarrut\/jarrulevyt\/galfer-mtb-disc-wave-floating-o180x2-0mm-green-pins\/#breadcrumb"},"inLanguage":"sv-SE","potentialAction":[{"@type":"ReadAction","target":["https:\/\/vmsport.fi\/verkkokauppa\/varaosat\/jarrut\/jarrulevyt\/galfer-mtb-disc-wave-floating-o180x2-0mm-green-pins\/"]}]},{"@type":"ImageObject","inLanguage":"sv-SE","@id":"https:\/\/vmsport.fi\/verkkokauppa\/varaosat\/jarrut\/jarrulevyt\/galfer-mtb-disc-wave-floating-o180x2-0mm-green-pins\/#primaryimage","url":"https:\/\/vmsport.fi\/wp-content\/uploads\/2025\/03\/GBDB01XKFLWG-2-1.jpg","contentUrl":"https:\/\/vmsport.fi\/wp-content\/uploads\/2025\/03\/GBDB01XKFLWG-2-1.jpg","width":1000,"height":1000,"caption":"GBDB01XKFLWG-2"},{"@type":"BreadcrumbList","@id":"https:\/\/vmsport.fi\/verkkokauppa\/varaosat\/jarrut\/jarrulevyt\/galfer-mtb-disc-wave-floating-o180x2-0mm-green-pins\/#breadcrumb","itemListElement":[{"@type":"ListItem","position":1,"name":"Etusivu","item":"https:\/\/vmsport.fi\/"},{"@type":"ListItem","position":2,"name":"Online Store","item":"https:\/\/vmsport.fi\/en\/online-store\/"},{"@type":"ListItem","position":3,"name":"Galfer MTB Disc Wave Floating \u00d8180X2.0mm Green Pins"}]},{"@type":"WebSite","@id":"https:\/\/vmsport.fi\/#website","url":"https:\/\/vmsport.fi\/","name":"Vmsport","description":"Allt p\u00e5 ett st\u00e4lle f\u00f6r cykling","publisher":{"@id":"https:\/\/vmsport.fi\/#organization"},"potentialAction":[{"@type":"SearchAction","target":{"@type":"EntryPoint","urlTemplate":"https:\/\/vmsport.fi\/?s={search_term_string}"},"query-input":{"@type":"PropertyValueSpecification","valueRequired":true,"valueName":"search_term_string"}}],"inLanguage":"sv-SE"},{"@type":"Organization","@id":"https:\/\/vmsport.fi\/#organization","name":"Vmsport","url":"https:\/\/vmsport.fi\/","logo":{"@type":"ImageObject","inLanguage":"sv-SE","@id":"https:\/\/vmsport.fi\/#\/schema\/logo\/image\/","url":"https:\/\/vmsport.fi\/wp-content\/uploads\/2024\/12\/vm_sport_RGB_horisontal-e1734526017575.png","contentUrl":"https:\/\/vmsport.fi\/wp-content\/uploads\/2024\/12\/vm_sport_RGB_horisontal-e1734526017575.png","width":668,"height":85,"caption":"Vmsport"},"image":{"@id":"https:\/\/vmsport.fi\/#\/schema\/logo\/image\/"},"sameAs":["https:\/\/www.facebook.com\/Vmsport.fi\/","https:\/\/www.instagram.com\/vmsport\/"]}]}},"global_unique_id":"","_links":{"self":[{"href":"https:\/\/vmsport.fi\/sv\/wp-json\/wp\/v2\/product\/56969","targetHints":{"allow":["GET"]}}],"collection":[{"href":"https:\/\/vmsport.fi\/sv\/wp-json\/wp\/v2\/product"}],"about":[{"href":"https:\/\/vmsport.fi\/sv\/wp-json\/wp\/v2\/types\/product"}],"replies":[{"embeddable":true,"href":"https:\/\/vmsport.fi\/sv\/wp-json\/wp\/v2\/comments?post=56969"}],"wp:featuredmedia":[{"embeddable":true,"href":"https:\/\/vmsport.fi\/sv\/wp-json\/wp\/v2\/media\/56968"}],"wp:attachment":[{"href":"https:\/\/vmsport.fi\/sv\/wp-json\/wp\/v2\/media?parent=56969"}],"wp:term":[{"taxonomy":"product_brand","embeddable":true,"href":"https:\/\/vmsport.fi\/sv\/wp-json\/wp\/v2\/product_brand?post=56969"},{"taxonomy":"product_model","embeddable":true,"href":"https:\/\/vmsport.fi\/sv\/wp-json\/wp\/v2\/product_model?post=56969"},{"taxonomy":"product_cat","embeddable":true,"href":"https:\/\/vmsport.fi\/sv\/wp-json\/wp\/v2\/product_cat?post=56969"},{"taxonomy":"product_tag","embeddable":true,"href":"https:\/\/vmsport.fi\/sv\/wp-json\/wp\/v2\/product_tag?post=56969"},{"taxonomy":"industry_terminology","embeddable":true,"href":"https:\/\/vmsport.fi\/sv\/wp-json\/wp\/v2\/industry-terminology?post=56969"}],"curies":[{"name":"wp","href":"https:\/\/api.w.org\/{rel}","templated":true}]}}