{"id":56967,"date":"2025-03-06T00:26:14","date_gmt":"2025-03-05T22:26:14","guid":{"rendered":"https:\/\/vmsport.fi\/verkkokauppa\/Ei-luokiteltu\/muc-off-dry-lube-50-ml\/"},"modified":"2026-04-01T03:00:21","modified_gmt":"2026-04-01T00:00:21","slug":"muc-off-torr-glidmedel-50-ml","status":"publish","type":"product","link":"https:\/\/vmsport.fi\/sv\/verkkokauppa\/tarvikkeet\/huolto-ja-pesu\/voiteluaineet\/muc-off-dry-lube-50-ml\/","title":{"rendered":"MUC-OFF TORR GLIDMEDEL 50 ML"},"content":{"rendered":"<p>MUC-OFF Dry Lube 50 ml \u00e4r en produkt som \u00e4r speciellt utformad f\u00f6r sm\u00f6rjning av hjulkedjor och ger utm\u00e4rkt skydd och h\u00e5llbarhet. Dess avancerade torra formulering ger ett rent och l\u00e5ngvarigt skyddsskikt som effektivt f\u00f6rhindrar rost och korrosion. Sm\u00f6rjmedlet, som anv\u00e4nder en halks\u00e4ker PTFE, tr\u00e4nger djupt in, minskar friktion och slitage och f\u00f6rb\u00e4ttrar cykelns energieffektivitet. <\/p>\n<p>Produkten \u00e4r idealisk f\u00f6r en m\u00e4ngd olika v\u00e4derf\u00f6rh\u00e5llanden och ger ett tillf\u00f6rlitligt skydd oavsett v\u00e4der. Sm\u00f6rjmedlet \u00e4r kompatibelt med O-, X- och Z-ringkedjor och ger m\u00e5ngsidig anv\u00e4ndning f\u00f6r olika kedjemodeller. Appliceringen \u00e4r enkel och ren och l\u00e4mnar efter sig en fl\u00e4ckfri yta.<\/p>","protected":false},"excerpt":{"rendered":"<p>MUC-OFF Dry Lube 50 ml on erityisesti py\u00f6r\u00e4n ketjujen voiteluun suunniteltu tuote, joka tarjoaa erinomaista suojaa ja kest\u00e4vyytt\u00e4. Sen edistynyt kuiva koostumus muodostaa puhtaan ja pitk\u00e4kestoisen suojakerroksen, joka est\u00e4\u00e4 tehokkaasti ruosteen ja korroosion muodostumista. Luistavaa PTFE:t\u00e4 hy\u00f6dynt\u00e4v\u00e4 voiteluaine tunkeutuu syv\u00e4lle, v\u00e4hent\u00e4\u00e4 kitkaa ja kulumista sek\u00e4 parantaa polkupy\u00f6r\u00e4n energiatehokkuutta. Tuote soveltuu mainiosti erilaisiin s\u00e4\u00e4olosuhteisiin, tarjoten luotettavaa [&#8230;]<\/p>\n<p><a class=\"btn btn-secondary understrap-read-more-link\" href=\"https:\/\/vmsport.fi\/sv\/verkkokauppa\/tarvikkeet\/huolto-ja-pesu\/voiteluaineet\/muc-off-dry-lube-50-ml\/\">L\u00e4s mer \u2026<span class=\"screen-reader-text\"> from MUC-OFF DRY LUBE 50 ML<\/span><\/a><\/p>\n","protected":false},"featured_media":56966,"comment_status":"open","ping_status":"closed","template":"","meta":{"_acf_changed":false,"_improvement_type_select":"improve_an_existing","_thumb_yes_seoaic":false,"_frame_yes_seoaic":false,"seoaic_generate_description":"","seoaic_improve_instructions_prompt":"","seoaic_rollback_content_improvement":"","seoaic_idea_thumbnail_generator":"","thumbnail_generated":false,"thumbnail_generate_prompt":"","seoaic_article_description":"","_supplier_stock_quantity":0},"product_brand":[1584],"product_model":[],"product_cat":[9362],"product_tag":[],"industry-terminology":[],"class_list":{"0":"post-56967","1":"product","2":"type-product","3":"status-publish","4":"has-post-thumbnail","6":"product_brand-muc-off","7":"product_cat-voiteluaineet","9":"first","10":"instock","11":"taxable","12":"shipping-taxable","13":"purchasable","14":"product-type-simple"},"acf":{"bike_features":null,"overview":{"copy_overview":null,"key_features":null,"statement":"","youtube_url":""}},"yoast_head":"<!-- This site is optimized with the Yoast SEO plugin v27.3 - https:\/\/yoast.com\/product\/yoast-seo-wordpress\/ -->\n<title>MUC-OFF DRY LUBE 50 ML - VM Sport<\/title>\n<meta name=\"robots\" content=\"index, follow, max-snippet:-1, max-image-preview:large, max-video-preview:-1\" \/>\n<link rel=\"canonical\" href=\"https:\/\/vmsport.fi\/sv\/webbutik\/tillbehor\/underhall-och-tvatt\/smorjmedel\/muc-off-torr-glidmedel-50-ml\/\" \/>\n<meta property=\"og:locale\" content=\"sv_SE\" \/>\n<meta property=\"og:type\" content=\"article\" \/>\n<meta property=\"og:title\" content=\"MUC-OFF DRY LUBE 50 ML - VM Sport\" \/>\n<meta property=\"og:description\" content=\"MUC-OFF Dry Lube 50 ml on erityisesti py\u00f6r\u00e4n ketjujen voiteluun suunniteltu tuote, joka tarjoaa erinomaista suojaa ja kest\u00e4vyytt\u00e4. Sen edistynyt kuiva koostumus muodostaa puhtaan ja pitk\u00e4kestoisen suojakerroksen, joka est\u00e4\u00e4 tehokkaasti ruosteen ja korroosion muodostumista. Luistavaa PTFE:t\u00e4 hy\u00f6dynt\u00e4v\u00e4 voiteluaine tunkeutuu syv\u00e4lle, v\u00e4hent\u00e4\u00e4 kitkaa ja kulumista sek\u00e4 parantaa polkupy\u00f6r\u00e4n energiatehokkuutta. Tuote soveltuu mainiosti erilaisiin s\u00e4\u00e4olosuhteisiin, tarjoten luotettavaa [...]L\u00e4s mer \u2026 from MUC-OFF DRY LUBE 50 ML\" \/>\n<meta property=\"og:url\" content=\"https:\/\/vmsport.fi\/sv\/webbutik\/tillbehor\/underhall-och-tvatt\/smorjmedel\/muc-off-torr-glidmedel-50-ml\/\" \/>\n<meta property=\"og:site_name\" content=\"VM Sport\" \/>\n<meta property=\"article:publisher\" content=\"https:\/\/www.facebook.com\/Vmsport.fi\/\" \/>\n<meta property=\"article:modified_time\" content=\"2026-04-01T00:00:21+00:00\" \/>\n<meta property=\"og:image\" content=\"https:\/\/vmsport.fi\/wp-content\/uploads\/2025\/03\/MUC-OFF-Dry-Lube-50-ml-1.jpg\" \/>\n\t<meta property=\"og:image:width\" content=\"1000\" \/>\n\t<meta property=\"og:image:height\" content=\"750\" \/>\n\t<meta property=\"og:image:type\" content=\"image\/jpeg\" \/>\n<meta name=\"twitter:card\" content=\"summary_large_image\" \/>\n<script type=\"application\/ld+json\" class=\"yoast-schema-graph\">{\"@context\":\"https:\\\/\\\/schema.org\",\"@graph\":[{\"@type\":[\"WebPage\",\"ItemPage\"],\"@id\":\"https:\\\/\\\/vmsport.fi\\\/verkkokauppa\\\/tarvikkeet\\\/huolto-ja-pesu\\\/voiteluaineet\\\/muc-off-dry-lube-50-ml\\\/\",\"url\":\"https:\\\/\\\/vmsport.fi\\\/verkkokauppa\\\/tarvikkeet\\\/huolto-ja-pesu\\\/voiteluaineet\\\/muc-off-dry-lube-50-ml\\\/\",\"name\":\"MUC-OFF DRY LUBE 50 ML - VM Sport\",\"isPartOf\":{\"@id\":\"https:\\\/\\\/vmsport.fi\\\/#website\"},\"primaryImageOfPage\":{\"@id\":\"https:\\\/\\\/vmsport.fi\\\/verkkokauppa\\\/tarvikkeet\\\/huolto-ja-pesu\\\/voiteluaineet\\\/muc-off-dry-lube-50-ml\\\/#primaryimage\"},\"image\":{\"@id\":\"https:\\\/\\\/vmsport.fi\\\/verkkokauppa\\\/tarvikkeet\\\/huolto-ja-pesu\\\/voiteluaineet\\\/muc-off-dry-lube-50-ml\\\/#primaryimage\"},\"thumbnailUrl\":\"https:\\\/\\\/vmsport.fi\\\/wp-content\\\/uploads\\\/2025\\\/03\\\/MUC-OFF-Dry-Lube-50-ml-1.jpg\",\"datePublished\":\"2025-03-05T22:26:14+00:00\",\"dateModified\":\"2026-04-01T00:00:21+00:00\",\"breadcrumb\":{\"@id\":\"https:\\\/\\\/vmsport.fi\\\/verkkokauppa\\\/tarvikkeet\\\/huolto-ja-pesu\\\/voiteluaineet\\\/muc-off-dry-lube-50-ml\\\/#breadcrumb\"},\"inLanguage\":\"sv-SE\",\"potentialAction\":[{\"@type\":\"ReadAction\",\"target\":[\"https:\\\/\\\/vmsport.fi\\\/verkkokauppa\\\/tarvikkeet\\\/huolto-ja-pesu\\\/voiteluaineet\\\/muc-off-dry-lube-50-ml\\\/\"]}]},{\"@type\":\"ImageObject\",\"inLanguage\":\"sv-SE\",\"@id\":\"https:\\\/\\\/vmsport.fi\\\/verkkokauppa\\\/tarvikkeet\\\/huolto-ja-pesu\\\/voiteluaineet\\\/muc-off-dry-lube-50-ml\\\/#primaryimage\",\"url\":\"https:\\\/\\\/vmsport.fi\\\/wp-content\\\/uploads\\\/2025\\\/03\\\/MUC-OFF-Dry-Lube-50-ml-1.jpg\",\"contentUrl\":\"https:\\\/\\\/vmsport.fi\\\/wp-content\\\/uploads\\\/2025\\\/03\\\/MUC-OFF-Dry-Lube-50-ml-1.jpg\",\"width\":1000,\"height\":750,\"caption\":\"MUC-OFF-Dry-Lube-50-ml\"},{\"@type\":\"BreadcrumbList\",\"@id\":\"https:\\\/\\\/vmsport.fi\\\/verkkokauppa\\\/tarvikkeet\\\/huolto-ja-pesu\\\/voiteluaineet\\\/muc-off-dry-lube-50-ml\\\/#breadcrumb\",\"itemListElement\":[{\"@type\":\"ListItem\",\"position\":1,\"name\":\"Etusivu\",\"item\":\"https:\\\/\\\/vmsport.fi\\\/\"},{\"@type\":\"ListItem\",\"position\":2,\"name\":\"Online Store\",\"item\":\"https:\\\/\\\/vmsport.fi\\\/en\\\/online-store\\\/\"},{\"@type\":\"ListItem\",\"position\":3,\"name\":\"MUC-OFF DRY LUBE 50 ML\"}]},{\"@type\":\"WebSite\",\"@id\":\"https:\\\/\\\/vmsport.fi\\\/#website\",\"url\":\"https:\\\/\\\/vmsport.fi\\\/\",\"name\":\"Vmsport\",\"description\":\"Kaikki py\u00f6r\u00e4ilyyn yhdest\u00e4 paikasta\",\"publisher\":{\"@id\":\"https:\\\/\\\/vmsport.fi\\\/#organization\"},\"potentialAction\":[{\"@type\":\"SearchAction\",\"target\":{\"@type\":\"EntryPoint\",\"urlTemplate\":\"https:\\\/\\\/vmsport.fi\\\/?s={search_term_string}\"},\"query-input\":{\"@type\":\"PropertyValueSpecification\",\"valueRequired\":true,\"valueName\":\"search_term_string\"}}],\"inLanguage\":\"sv-SE\"},{\"@type\":\"Organization\",\"@id\":\"https:\\\/\\\/vmsport.fi\\\/#organization\",\"name\":\"Vmsport\",\"url\":\"https:\\\/\\\/vmsport.fi\\\/\",\"logo\":{\"@type\":\"ImageObject\",\"inLanguage\":\"sv-SE\",\"@id\":\"https:\\\/\\\/vmsport.fi\\\/#\\\/schema\\\/logo\\\/image\\\/\",\"url\":\"https:\\\/\\\/vmsport.fi\\\/wp-content\\\/uploads\\\/2024\\\/12\\\/vm_sport_RGB_horisontal-e1734526017575.png\",\"contentUrl\":\"https:\\\/\\\/vmsport.fi\\\/wp-content\\\/uploads\\\/2024\\\/12\\\/vm_sport_RGB_horisontal-e1734526017575.png\",\"width\":668,\"height\":85,\"caption\":\"Vmsport\"},\"image\":{\"@id\":\"https:\\\/\\\/vmsport.fi\\\/#\\\/schema\\\/logo\\\/image\\\/\"},\"sameAs\":[\"https:\\\/\\\/www.facebook.com\\\/Vmsport.fi\\\/\",\"https:\\\/\\\/www.instagram.com\\\/vmsport\\\/\"]}]}<\/script>\n<!-- \/ Yoast SEO plugin. -->","yoast_head_json":{"title":"MUC-OFF DRY LUBE 50 ML - VM Sport","robots":{"index":"index","follow":"follow","max-snippet":"max-snippet:-1","max-image-preview":"max-image-preview:large","max-video-preview":"max-video-preview:-1"},"canonical":"https:\/\/vmsport.fi\/sv\/webbutik\/tillbehor\/underhall-och-tvatt\/smorjmedel\/muc-off-torr-glidmedel-50-ml\/","og_locale":"sv_SE","og_type":"article","og_title":"MUC-OFF DRY LUBE 50 ML - VM Sport","og_description":"MUC-OFF Dry Lube 50 ml on erityisesti py\u00f6r\u00e4n ketjujen voiteluun suunniteltu tuote, joka tarjoaa erinomaista suojaa ja kest\u00e4vyytt\u00e4. Sen edistynyt kuiva koostumus muodostaa puhtaan ja pitk\u00e4kestoisen suojakerroksen, joka est\u00e4\u00e4 tehokkaasti ruosteen ja korroosion muodostumista. Luistavaa PTFE:t\u00e4 hy\u00f6dynt\u00e4v\u00e4 voiteluaine tunkeutuu syv\u00e4lle, v\u00e4hent\u00e4\u00e4 kitkaa ja kulumista sek\u00e4 parantaa polkupy\u00f6r\u00e4n energiatehokkuutta. Tuote soveltuu mainiosti erilaisiin s\u00e4\u00e4olosuhteisiin, tarjoten luotettavaa [...]L\u00e4s mer \u2026 from MUC-OFF DRY LUBE 50 ML","og_url":"https:\/\/vmsport.fi\/sv\/webbutik\/tillbehor\/underhall-och-tvatt\/smorjmedel\/muc-off-torr-glidmedel-50-ml\/","og_site_name":"VM Sport","article_publisher":"https:\/\/www.facebook.com\/Vmsport.fi\/","article_modified_time":"2026-04-01T00:00:21+00:00","og_image":[{"width":1000,"height":750,"url":"https:\/\/vmsport.fi\/wp-content\/uploads\/2025\/03\/MUC-OFF-Dry-Lube-50-ml-1.jpg","type":"image\/jpeg"}],"twitter_card":"summary_large_image","schema":{"@context":"https:\/\/schema.org","@graph":[{"@type":["WebPage","ItemPage"],"@id":"https:\/\/vmsport.fi\/verkkokauppa\/tarvikkeet\/huolto-ja-pesu\/voiteluaineet\/muc-off-dry-lube-50-ml\/","url":"https:\/\/vmsport.fi\/verkkokauppa\/tarvikkeet\/huolto-ja-pesu\/voiteluaineet\/muc-off-dry-lube-50-ml\/","name":"MUC-OFF DRY LUBE 50 ML - VM Sport","isPartOf":{"@id":"https:\/\/vmsport.fi\/#website"},"primaryImageOfPage":{"@id":"https:\/\/vmsport.fi\/verkkokauppa\/tarvikkeet\/huolto-ja-pesu\/voiteluaineet\/muc-off-dry-lube-50-ml\/#primaryimage"},"image":{"@id":"https:\/\/vmsport.fi\/verkkokauppa\/tarvikkeet\/huolto-ja-pesu\/voiteluaineet\/muc-off-dry-lube-50-ml\/#primaryimage"},"thumbnailUrl":"https:\/\/vmsport.fi\/wp-content\/uploads\/2025\/03\/MUC-OFF-Dry-Lube-50-ml-1.jpg","datePublished":"2025-03-05T22:26:14+00:00","dateModified":"2026-04-01T00:00:21+00:00","breadcrumb":{"@id":"https:\/\/vmsport.fi\/verkkokauppa\/tarvikkeet\/huolto-ja-pesu\/voiteluaineet\/muc-off-dry-lube-50-ml\/#breadcrumb"},"inLanguage":"sv-SE","potentialAction":[{"@type":"ReadAction","target":["https:\/\/vmsport.fi\/verkkokauppa\/tarvikkeet\/huolto-ja-pesu\/voiteluaineet\/muc-off-dry-lube-50-ml\/"]}]},{"@type":"ImageObject","inLanguage":"sv-SE","@id":"https:\/\/vmsport.fi\/verkkokauppa\/tarvikkeet\/huolto-ja-pesu\/voiteluaineet\/muc-off-dry-lube-50-ml\/#primaryimage","url":"https:\/\/vmsport.fi\/wp-content\/uploads\/2025\/03\/MUC-OFF-Dry-Lube-50-ml-1.jpg","contentUrl":"https:\/\/vmsport.fi\/wp-content\/uploads\/2025\/03\/MUC-OFF-Dry-Lube-50-ml-1.jpg","width":1000,"height":750,"caption":"MUC-OFF-Dry-Lube-50-ml"},{"@type":"BreadcrumbList","@id":"https:\/\/vmsport.fi\/verkkokauppa\/tarvikkeet\/huolto-ja-pesu\/voiteluaineet\/muc-off-dry-lube-50-ml\/#breadcrumb","itemListElement":[{"@type":"ListItem","position":1,"name":"Etusivu","item":"https:\/\/vmsport.fi\/"},{"@type":"ListItem","position":2,"name":"Online Store","item":"https:\/\/vmsport.fi\/en\/online-store\/"},{"@type":"ListItem","position":3,"name":"MUC-OFF DRY LUBE 50 ML"}]},{"@type":"WebSite","@id":"https:\/\/vmsport.fi\/#website","url":"https:\/\/vmsport.fi\/","name":"Vmsport","description":"Allt p\u00e5 ett st\u00e4lle f\u00f6r cykling","publisher":{"@id":"https:\/\/vmsport.fi\/#organization"},"potentialAction":[{"@type":"SearchAction","target":{"@type":"EntryPoint","urlTemplate":"https:\/\/vmsport.fi\/?s={search_term_string}"},"query-input":{"@type":"PropertyValueSpecification","valueRequired":true,"valueName":"search_term_string"}}],"inLanguage":"sv-SE"},{"@type":"Organization","@id":"https:\/\/vmsport.fi\/#organization","name":"Vmsport","url":"https:\/\/vmsport.fi\/","logo":{"@type":"ImageObject","inLanguage":"sv-SE","@id":"https:\/\/vmsport.fi\/#\/schema\/logo\/image\/","url":"https:\/\/vmsport.fi\/wp-content\/uploads\/2024\/12\/vm_sport_RGB_horisontal-e1734526017575.png","contentUrl":"https:\/\/vmsport.fi\/wp-content\/uploads\/2024\/12\/vm_sport_RGB_horisontal-e1734526017575.png","width":668,"height":85,"caption":"Vmsport"},"image":{"@id":"https:\/\/vmsport.fi\/#\/schema\/logo\/image\/"},"sameAs":["https:\/\/www.facebook.com\/Vmsport.fi\/","https:\/\/www.instagram.com\/vmsport\/"]}]}},"global_unique_id":"","_links":{"self":[{"href":"https:\/\/vmsport.fi\/sv\/wp-json\/wp\/v2\/product\/56967","targetHints":{"allow":["GET"]}}],"collection":[{"href":"https:\/\/vmsport.fi\/sv\/wp-json\/wp\/v2\/product"}],"about":[{"href":"https:\/\/vmsport.fi\/sv\/wp-json\/wp\/v2\/types\/product"}],"replies":[{"embeddable":true,"href":"https:\/\/vmsport.fi\/sv\/wp-json\/wp\/v2\/comments?post=56967"}],"wp:featuredmedia":[{"embeddable":true,"href":"https:\/\/vmsport.fi\/sv\/wp-json\/wp\/v2\/media\/56966"}],"wp:attachment":[{"href":"https:\/\/vmsport.fi\/sv\/wp-json\/wp\/v2\/media?parent=56967"}],"wp:term":[{"taxonomy":"product_brand","embeddable":true,"href":"https:\/\/vmsport.fi\/sv\/wp-json\/wp\/v2\/product_brand?post=56967"},{"taxonomy":"product_model","embeddable":true,"href":"https:\/\/vmsport.fi\/sv\/wp-json\/wp\/v2\/product_model?post=56967"},{"taxonomy":"product_cat","embeddable":true,"href":"https:\/\/vmsport.fi\/sv\/wp-json\/wp\/v2\/product_cat?post=56967"},{"taxonomy":"product_tag","embeddable":true,"href":"https:\/\/vmsport.fi\/sv\/wp-json\/wp\/v2\/product_tag?post=56967"},{"taxonomy":"industry_terminology","embeddable":true,"href":"https:\/\/vmsport.fi\/sv\/wp-json\/wp\/v2\/industry-terminology?post=56967"}],"curies":[{"name":"wp","href":"https:\/\/api.w.org\/{rel}","templated":true}]}}