{"id":56962,"date":"2025-03-06T00:26:12","date_gmt":"2025-03-05T22:26:12","guid":{"rendered":"https:\/\/vmsport.fi\/verkkokauppa\/Ei-luokiteltu\/xlc-br-x66-magura-bleed-kit\/"},"modified":"2026-01-20T17:04:03","modified_gmt":"2026-01-20T15:04:03","slug":"xlc-br-x66-magura-avluftningssats","status":"publish","type":"product","link":"https:\/\/vmsport.fi\/sv\/verkkokauppa\/tarvikkeet\/tyokalut\/jarrunilmaussarjat\/xlc-br-x66-magura-bleed-kit\/","title":{"rendered":"XLC BR-X66 Magura avluftningssats"},"content":{"rendered":"<p>XLC BR-X66 Magura luftningssats \u00e4r s\u00e4rskilt utformad f\u00f6r luftning av Avid- och Hope-bromssystem. Med den h\u00e4r satsen kan du s\u00e4kerst\u00e4lla optimal bromsprestanda och underh\u00e5ll. Den p\u00e5litliga och effektiva luftningssatsen inneh\u00e5ller n\u00f6dv\u00e4ndiga komponenter som sprutor, slangar och eventuella adaptrar, som alla st\u00f6der bromsunderh\u00e5ll och drifts\u00e4kerhet. Den h\u00e4r produkten \u00e4r enkel att anv\u00e4nda och idealisk f\u00f6r hjulunderh\u00e5ll och \u00e4r ett utm\u00e4rkt val f\u00f6r luftning av ditt hjulbromssystem.<\/p>","protected":false},"excerpt":{"rendered":"<p>XLC BR-X66 Magura -ilmasarja on suunniteltu erityisesti Avid- ja Hope-jarruj\u00e4rjestelmien ilmaukseen. T\u00e4m\u00e4n sarjan avulla varmistat jarrujen optimaalisen toiminnan ja huollon. Luotettava ja tehokas ilmasarja sis\u00e4lt\u00e4\u00e4 tarvittavat osat, kuten ruiskut, letkut ja mahdollisesti sovittimet, jotka kaikki tukevat jarrujen kunnossapitoa ja k\u00e4yt\u00f6n turvallisuutta. Helppo k\u00e4ytt\u00e4\u00e4 ja ihanteellinen py\u00f6r\u00e4n yll\u00e4pitoon, t\u00e4m\u00e4 tuote on mainio valinta py\u00f6r\u00e4n jarruj\u00e4rjestelm\u00e4n ilmaukseen. [&#8230;]<\/p>\n<p><a class=\"btn btn-secondary understrap-read-more-link\" href=\"https:\/\/vmsport.fi\/sv\/verkkokauppa\/tarvikkeet\/tyokalut\/jarrunilmaussarjat\/xlc-br-x66-magura-bleed-kit\/\">L\u00e4s mer \u2026<span class=\"screen-reader-text\"> from XLC BR-X66 Magura bleed kit<\/span><\/a><\/p>\n","protected":false},"featured_media":56961,"comment_status":"open","ping_status":"closed","template":"","meta":{"_acf_changed":false,"_improvement_type_select":"improve_an_existing","_thumb_yes_seoaic":false,"_frame_yes_seoaic":false,"seoaic_generate_description":"","seoaic_improve_instructions_prompt":"","seoaic_rollback_content_improvement":"","seoaic_idea_thumbnail_generator":"","thumbnail_generated":false,"thumbnail_generate_prompt":"","seoaic_article_description":"","_supplier_stock_quantity":0},"product_brand":[],"product_model":[],"product_cat":[9578],"product_tag":[],"industry-terminology":[],"class_list":{"0":"post-56962","1":"product","2":"type-product","3":"status-publish","4":"has-post-thumbnail","6":"product_cat-jarrunilmaussarjat","8":"first","9":"outofstock","10":"taxable","11":"shipping-taxable","12":"product-type-simple"},"acf":{"bike_features":null,"overview":{"copy_overview":null,"key_features":null,"statement":"","youtube_url":""}},"yoast_head":"<!-- This site is optimized with the Yoast SEO plugin v27.3 - https:\/\/yoast.com\/product\/yoast-seo-wordpress\/ -->\n<title>XLC BR-X66 Magura bleed kit - VM Sport<\/title>\n<meta name=\"robots\" content=\"index, follow, max-snippet:-1, max-image-preview:large, max-video-preview:-1\" \/>\n<link rel=\"canonical\" href=\"https:\/\/vmsport.fi\/sv\/webbutik\/dack\/systerdack\/vag-och-grusdack-for-systrar\/xlc-br-x66-magura-avluftningssats\/\" \/>\n<meta property=\"og:locale\" content=\"sv_SE\" \/>\n<meta property=\"og:type\" content=\"article\" \/>\n<meta property=\"og:title\" content=\"XLC BR-X66 Magura bleed kit - VM Sport\" \/>\n<meta property=\"og:description\" content=\"XLC BR-X66 Magura -ilmasarja on suunniteltu erityisesti Avid- ja Hope-jarruj\u00e4rjestelmien ilmaukseen. T\u00e4m\u00e4n sarjan avulla varmistat jarrujen optimaalisen toiminnan ja huollon. Luotettava ja tehokas ilmasarja sis\u00e4lt\u00e4\u00e4 tarvittavat osat, kuten ruiskut, letkut ja mahdollisesti sovittimet, jotka kaikki tukevat jarrujen kunnossapitoa ja k\u00e4yt\u00f6n turvallisuutta. Helppo k\u00e4ytt\u00e4\u00e4 ja ihanteellinen py\u00f6r\u00e4n yll\u00e4pitoon, t\u00e4m\u00e4 tuote on mainio valinta py\u00f6r\u00e4n jarruj\u00e4rjestelm\u00e4n ilmaukseen. [...]L\u00e4s mer \u2026 from XLC BR-X66 Magura bleed kit\" \/>\n<meta property=\"og:url\" content=\"https:\/\/vmsport.fi\/sv\/webbutik\/dack\/systerdack\/vag-och-grusdack-for-systrar\/xlc-br-x66-magura-avluftningssats\/\" \/>\n<meta property=\"og:site_name\" content=\"VM Sport\" \/>\n<meta property=\"article:publisher\" content=\"https:\/\/www.facebook.com\/Vmsport.fi\/\" \/>\n<meta property=\"article:modified_time\" content=\"2026-01-20T15:04:03+00:00\" \/>\n<meta property=\"og:image\" content=\"https:\/\/vmsport.fi\/wp-content\/uploads\/2025\/03\/DjWM5Xkut8s2TcVdBif7aKytPmgtvinbtDeIquKDR1fLLPecSL-1.jpg\" \/>\n\t<meta property=\"og:image:width\" content=\"800\" \/>\n\t<meta property=\"og:image:height\" content=\"800\" \/>\n\t<meta property=\"og:image:type\" content=\"image\/jpeg\" \/>\n<meta name=\"twitter:card\" content=\"summary_large_image\" \/>\n<script type=\"application\/ld+json\" class=\"yoast-schema-graph\">{\"@context\":\"https:\\\/\\\/schema.org\",\"@graph\":[{\"@type\":[\"WebPage\",\"ItemPage\"],\"@id\":\"https:\\\/\\\/vmsport.fi\\\/verkkokauppa\\\/renkaat\\\/sisarenkaat\\\/maantie-ja-gravel-sisarenkaat\\\/xlc-br-x66-magura-bleed-kit\\\/\",\"url\":\"https:\\\/\\\/vmsport.fi\\\/verkkokauppa\\\/renkaat\\\/sisarenkaat\\\/maantie-ja-gravel-sisarenkaat\\\/xlc-br-x66-magura-bleed-kit\\\/\",\"name\":\"XLC BR-X66 Magura bleed kit - VM Sport\",\"isPartOf\":{\"@id\":\"https:\\\/\\\/vmsport.fi\\\/#website\"},\"primaryImageOfPage\":{\"@id\":\"https:\\\/\\\/vmsport.fi\\\/verkkokauppa\\\/renkaat\\\/sisarenkaat\\\/maantie-ja-gravel-sisarenkaat\\\/xlc-br-x66-magura-bleed-kit\\\/#primaryimage\"},\"image\":{\"@id\":\"https:\\\/\\\/vmsport.fi\\\/verkkokauppa\\\/renkaat\\\/sisarenkaat\\\/maantie-ja-gravel-sisarenkaat\\\/xlc-br-x66-magura-bleed-kit\\\/#primaryimage\"},\"thumbnailUrl\":\"https:\\\/\\\/vmsport.fi\\\/wp-content\\\/uploads\\\/2025\\\/03\\\/DjWM5Xkut8s2TcVdBif7aKytPmgtvinbtDeIquKDR1fLLPecSL-1.jpg\",\"datePublished\":\"2025-03-05T22:26:12+00:00\",\"dateModified\":\"2026-01-20T15:04:03+00:00\",\"breadcrumb\":{\"@id\":\"https:\\\/\\\/vmsport.fi\\\/verkkokauppa\\\/renkaat\\\/sisarenkaat\\\/maantie-ja-gravel-sisarenkaat\\\/xlc-br-x66-magura-bleed-kit\\\/#breadcrumb\"},\"inLanguage\":\"sv-SE\",\"potentialAction\":[{\"@type\":\"ReadAction\",\"target\":[\"https:\\\/\\\/vmsport.fi\\\/verkkokauppa\\\/renkaat\\\/sisarenkaat\\\/maantie-ja-gravel-sisarenkaat\\\/xlc-br-x66-magura-bleed-kit\\\/\"]}]},{\"@type\":\"ImageObject\",\"inLanguage\":\"sv-SE\",\"@id\":\"https:\\\/\\\/vmsport.fi\\\/verkkokauppa\\\/renkaat\\\/sisarenkaat\\\/maantie-ja-gravel-sisarenkaat\\\/xlc-br-x66-magura-bleed-kit\\\/#primaryimage\",\"url\":\"https:\\\/\\\/vmsport.fi\\\/wp-content\\\/uploads\\\/2025\\\/03\\\/DjWM5Xkut8s2TcVdBif7aKytPmgtvinbtDeIquKDR1fLLPecSL-1.jpg\",\"contentUrl\":\"https:\\\/\\\/vmsport.fi\\\/wp-content\\\/uploads\\\/2025\\\/03\\\/DjWM5Xkut8s2TcVdBif7aKytPmgtvinbtDeIquKDR1fLLPecSL-1.jpg\",\"width\":800,\"height\":800,\"caption\":\"DjWM5Xkut8s2TcVdBif7aKytPmgtvinbtDeIquKDR1fLLPecSL\"},{\"@type\":\"BreadcrumbList\",\"@id\":\"https:\\\/\\\/vmsport.fi\\\/verkkokauppa\\\/renkaat\\\/sisarenkaat\\\/maantie-ja-gravel-sisarenkaat\\\/xlc-br-x66-magura-bleed-kit\\\/#breadcrumb\",\"itemListElement\":[{\"@type\":\"ListItem\",\"position\":1,\"name\":\"Etusivu\",\"item\":\"https:\\\/\\\/vmsport.fi\\\/\"},{\"@type\":\"ListItem\",\"position\":2,\"name\":\"Online Store\",\"item\":\"https:\\\/\\\/vmsport.fi\\\/en\\\/online-store\\\/\"},{\"@type\":\"ListItem\",\"position\":3,\"name\":\"XLC BR-X66 Magura bleed kit\"}]},{\"@type\":\"WebSite\",\"@id\":\"https:\\\/\\\/vmsport.fi\\\/#website\",\"url\":\"https:\\\/\\\/vmsport.fi\\\/\",\"name\":\"Vmsport\",\"description\":\"Kaikki py\u00f6r\u00e4ilyyn yhdest\u00e4 paikasta\",\"publisher\":{\"@id\":\"https:\\\/\\\/vmsport.fi\\\/#organization\"},\"potentialAction\":[{\"@type\":\"SearchAction\",\"target\":{\"@type\":\"EntryPoint\",\"urlTemplate\":\"https:\\\/\\\/vmsport.fi\\\/?s={search_term_string}\"},\"query-input\":{\"@type\":\"PropertyValueSpecification\",\"valueRequired\":true,\"valueName\":\"search_term_string\"}}],\"inLanguage\":\"sv-SE\"},{\"@type\":\"Organization\",\"@id\":\"https:\\\/\\\/vmsport.fi\\\/#organization\",\"name\":\"Vmsport\",\"url\":\"https:\\\/\\\/vmsport.fi\\\/\",\"logo\":{\"@type\":\"ImageObject\",\"inLanguage\":\"sv-SE\",\"@id\":\"https:\\\/\\\/vmsport.fi\\\/#\\\/schema\\\/logo\\\/image\\\/\",\"url\":\"https:\\\/\\\/vmsport.fi\\\/wp-content\\\/uploads\\\/2024\\\/12\\\/vm_sport_RGB_horisontal-e1734526017575.png\",\"contentUrl\":\"https:\\\/\\\/vmsport.fi\\\/wp-content\\\/uploads\\\/2024\\\/12\\\/vm_sport_RGB_horisontal-e1734526017575.png\",\"width\":668,\"height\":85,\"caption\":\"Vmsport\"},\"image\":{\"@id\":\"https:\\\/\\\/vmsport.fi\\\/#\\\/schema\\\/logo\\\/image\\\/\"},\"sameAs\":[\"https:\\\/\\\/www.facebook.com\\\/Vmsport.fi\\\/\",\"https:\\\/\\\/www.instagram.com\\\/vmsport\\\/\"]}]}<\/script>\n<!-- \/ Yoast SEO plugin. -->","yoast_head_json":{"title":"XLC BR-X66 Magura avluftningssats - VM Sport","robots":{"index":"index","follow":"follow","max-snippet":"max-snippet:-1","max-image-preview":"max-image-preview:large","max-video-preview":"max-video-preview:-1"},"canonical":"https:\/\/vmsport.fi\/sv\/webbutik\/dack\/systerdack\/vag-och-grusdack-for-systrar\/xlc-br-x66-magura-avluftningssats\/","og_locale":"sv_SE","og_type":"article","og_title":"XLC BR-X66 Magura bleed kit - VM Sport","og_description":"XLC BR-X66 Magura -ilmasarja on suunniteltu erityisesti Avid- ja Hope-jarruj\u00e4rjestelmien ilmaukseen. T\u00e4m\u00e4n sarjan avulla varmistat jarrujen optimaalisen toiminnan ja huollon. Luotettava ja tehokas ilmasarja sis\u00e4lt\u00e4\u00e4 tarvittavat osat, kuten ruiskut, letkut ja mahdollisesti sovittimet, jotka kaikki tukevat jarrujen kunnossapitoa ja k\u00e4yt\u00f6n turvallisuutta. Helppo k\u00e4ytt\u00e4\u00e4 ja ihanteellinen py\u00f6r\u00e4n yll\u00e4pitoon, t\u00e4m\u00e4 tuote on mainio valinta py\u00f6r\u00e4n jarruj\u00e4rjestelm\u00e4n ilmaukseen. [...]L\u00e4s mer \u2026 from XLC BR-X66 Magura bleed kit","og_url":"https:\/\/vmsport.fi\/sv\/webbutik\/dack\/systerdack\/vag-och-grusdack-for-systrar\/xlc-br-x66-magura-avluftningssats\/","og_site_name":"VM Sport","article_publisher":"https:\/\/www.facebook.com\/Vmsport.fi\/","article_modified_time":"2026-01-20T15:04:03+00:00","og_image":[{"width":800,"height":800,"url":"https:\/\/vmsport.fi\/wp-content\/uploads\/2025\/03\/DjWM5Xkut8s2TcVdBif7aKytPmgtvinbtDeIquKDR1fLLPecSL-1.jpg","type":"image\/jpeg"}],"twitter_card":"summary_large_image","schema":{"@context":"https:\/\/schema.org","@graph":[{"@type":["WebPage","ItemPage"],"@id":"https:\/\/vmsport.fi\/verkkokauppa\/renkaat\/sisarenkaat\/maantie-ja-gravel-sisarenkaat\/xlc-br-x66-magura-bleed-kit\/","url":"https:\/\/vmsport.fi\/verkkokauppa\/renkaat\/sisarenkaat\/maantie-ja-gravel-sisarenkaat\/xlc-br-x66-magura-bleed-kit\/","name":"XLC BR-X66 Magura avluftningssats - VM Sport","isPartOf":{"@id":"https:\/\/vmsport.fi\/#website"},"primaryImageOfPage":{"@id":"https:\/\/vmsport.fi\/verkkokauppa\/renkaat\/sisarenkaat\/maantie-ja-gravel-sisarenkaat\/xlc-br-x66-magura-bleed-kit\/#primaryimage"},"image":{"@id":"https:\/\/vmsport.fi\/verkkokauppa\/renkaat\/sisarenkaat\/maantie-ja-gravel-sisarenkaat\/xlc-br-x66-magura-bleed-kit\/#primaryimage"},"thumbnailUrl":"https:\/\/vmsport.fi\/wp-content\/uploads\/2025\/03\/DjWM5Xkut8s2TcVdBif7aKytPmgtvinbtDeIquKDR1fLLPecSL-1.jpg","datePublished":"2025-03-05T22:26:12+00:00","dateModified":"2026-01-20T15:04:03+00:00","breadcrumb":{"@id":"https:\/\/vmsport.fi\/verkkokauppa\/renkaat\/sisarenkaat\/maantie-ja-gravel-sisarenkaat\/xlc-br-x66-magura-bleed-kit\/#breadcrumb"},"inLanguage":"sv-SE","potentialAction":[{"@type":"ReadAction","target":["https:\/\/vmsport.fi\/verkkokauppa\/renkaat\/sisarenkaat\/maantie-ja-gravel-sisarenkaat\/xlc-br-x66-magura-bleed-kit\/"]}]},{"@type":"ImageObject","inLanguage":"sv-SE","@id":"https:\/\/vmsport.fi\/verkkokauppa\/renkaat\/sisarenkaat\/maantie-ja-gravel-sisarenkaat\/xlc-br-x66-magura-bleed-kit\/#primaryimage","url":"https:\/\/vmsport.fi\/wp-content\/uploads\/2025\/03\/DjWM5Xkut8s2TcVdBif7aKytPmgtvinbtDeIquKDR1fLLPecSL-1.jpg","contentUrl":"https:\/\/vmsport.fi\/wp-content\/uploads\/2025\/03\/DjWM5Xkut8s2TcVdBif7aKytPmgtvinbtDeIquKDR1fLLPecSL-1.jpg","width":800,"height":800,"caption":"DjWM5Xkut8s2TcVdBif7aKytPmgtvinbtDeIquKDR1fLLPecSL"},{"@type":"BreadcrumbList","@id":"https:\/\/vmsport.fi\/verkkokauppa\/renkaat\/sisarenkaat\/maantie-ja-gravel-sisarenkaat\/xlc-br-x66-magura-bleed-kit\/#breadcrumb","itemListElement":[{"@type":"ListItem","position":1,"name":"Etusivu","item":"https:\/\/vmsport.fi\/"},{"@type":"ListItem","position":2,"name":"Online Store","item":"https:\/\/vmsport.fi\/en\/online-store\/"},{"@type":"ListItem","position":3,"name":"XLC BR-X66 Magura bleed kit"}]},{"@type":"WebSite","@id":"https:\/\/vmsport.fi\/#website","url":"https:\/\/vmsport.fi\/","name":"Vmsport","description":"Allt p\u00e5 ett st\u00e4lle f\u00f6r cykling","publisher":{"@id":"https:\/\/vmsport.fi\/#organization"},"potentialAction":[{"@type":"SearchAction","target":{"@type":"EntryPoint","urlTemplate":"https:\/\/vmsport.fi\/?s={search_term_string}"},"query-input":{"@type":"PropertyValueSpecification","valueRequired":true,"valueName":"search_term_string"}}],"inLanguage":"sv-SE"},{"@type":"Organization","@id":"https:\/\/vmsport.fi\/#organization","name":"Vmsport","url":"https:\/\/vmsport.fi\/","logo":{"@type":"ImageObject","inLanguage":"sv-SE","@id":"https:\/\/vmsport.fi\/#\/schema\/logo\/image\/","url":"https:\/\/vmsport.fi\/wp-content\/uploads\/2024\/12\/vm_sport_RGB_horisontal-e1734526017575.png","contentUrl":"https:\/\/vmsport.fi\/wp-content\/uploads\/2024\/12\/vm_sport_RGB_horisontal-e1734526017575.png","width":668,"height":85,"caption":"Vmsport"},"image":{"@id":"https:\/\/vmsport.fi\/#\/schema\/logo\/image\/"},"sameAs":["https:\/\/www.facebook.com\/Vmsport.fi\/","https:\/\/www.instagram.com\/vmsport\/"]}]}},"global_unique_id":"","_links":{"self":[{"href":"https:\/\/vmsport.fi\/sv\/wp-json\/wp\/v2\/product\/56962","targetHints":{"allow":["GET"]}}],"collection":[{"href":"https:\/\/vmsport.fi\/sv\/wp-json\/wp\/v2\/product"}],"about":[{"href":"https:\/\/vmsport.fi\/sv\/wp-json\/wp\/v2\/types\/product"}],"replies":[{"embeddable":true,"href":"https:\/\/vmsport.fi\/sv\/wp-json\/wp\/v2\/comments?post=56962"}],"wp:featuredmedia":[{"embeddable":true,"href":"https:\/\/vmsport.fi\/sv\/wp-json\/wp\/v2\/media\/56961"}],"wp:attachment":[{"href":"https:\/\/vmsport.fi\/sv\/wp-json\/wp\/v2\/media?parent=56962"}],"wp:term":[{"taxonomy":"product_brand","embeddable":true,"href":"https:\/\/vmsport.fi\/sv\/wp-json\/wp\/v2\/product_brand?post=56962"},{"taxonomy":"product_model","embeddable":true,"href":"https:\/\/vmsport.fi\/sv\/wp-json\/wp\/v2\/product_model?post=56962"},{"taxonomy":"product_cat","embeddable":true,"href":"https:\/\/vmsport.fi\/sv\/wp-json\/wp\/v2\/product_cat?post=56962"},{"taxonomy":"product_tag","embeddable":true,"href":"https:\/\/vmsport.fi\/sv\/wp-json\/wp\/v2\/product_tag?post=56962"},{"taxonomy":"industry_terminology","embeddable":true,"href":"https:\/\/vmsport.fi\/sv\/wp-json\/wp\/v2\/industry-terminology?post=56962"}],"curies":[{"name":"wp","href":"https:\/\/api.w.org\/{rel}","templated":true}]}}