{"id":56959,"date":"2025-03-06T00:26:10","date_gmt":"2025-03-05T22:26:10","guid":{"rendered":"https:\/\/vmsport.fi\/verkkokauppa\/Ei-luokiteltu\/keskiolaakeri-bsa-122-5-73mm-bb-un300-nelikantti-d-nl\/"},"modified":"2026-03-18T02:00:21","modified_gmt":"2026-03-18T00:00:21","slug":"centrumlager-bsa-122-5-73mm-bb-un300-square-d-nl","status":"publish","type":"product","link":"https:\/\/vmsport.fi\/sv\/verkkokauppa\/varaosat\/voimansiirto\/keskiolaakerit\/keskiolaakeri-bsa-122-5-73mm-bb-un300-nelikantti-d-nl\/","title":{"rendered":"Vevlager BSA 122,5\/73mm BB-UN300 fyrkant (D-NL)"},"content":{"rendered":"<p>BSA 122,5\/73 mm centrumlager BB-UN300 erbjuder utm\u00e4rkt tillf\u00f6rlitlighet och effektivitet, eftersom det har utvecklats f\u00f6r ett centrum med fyra kanaler f\u00f6r en h\u00e5llbar och stabil passform. Den h\u00e4r modellen \u00e4r kompatibel med BSA-g\u00e4ngor och har exakta m\u00e5tt p\u00e5 122,5 mm p\u00e5 axell\u00e4ngden och 73 mm p\u00e5 centrumbredden. Detta centrumlager f\u00f6rb\u00e4ttrar din cykels prestanda och s\u00e4kerst\u00e4ller smidig kraft\u00f6verf\u00f6ring, vilket g\u00f6r installationen snabb och enkel.<\/p>","protected":false},"excerpt":{"rendered":"<p>Keski\u00f6laakeri BSA 122.5\/73mm BB-UN300 tarjoaa erinomaista luotettavuutta ja tehokkuutta, sill\u00e4 se on kehitetty nelikanttikeski\u00f6lle, joka takaa kest\u00e4v\u00e4n ja vakaan istuvuuden. T\u00e4m\u00e4 malli on yhteensopiva BSA-kierteiden kanssa ja sen tarkat mitat ovat 122,5 millimetri\u00e4 akselin pituudella ja 73 millimetri\u00e4 keski\u00f6n leveydell\u00e4. T\u00e4m\u00e4 keski\u00f6laakeri parantaa py\u00f6r\u00e4si suorituskyky\u00e4 ja varmistaa tasaisen voimansiirron, mink\u00e4 ansiosta asennus sujuu vaivattomasti ja [&#8230;]<\/p>\n<p><a class=\"btn btn-secondary understrap-read-more-link\" href=\"https:\/\/vmsport.fi\/sv\/verkkokauppa\/varaosat\/voimansiirto\/keskiolaakerit\/keskiolaakeri-bsa-122-5-73mm-bb-un300-nelikantti-d-nl\/\">L\u00e4s mer \u2026<span class=\"screen-reader-text\"> from Keski\u00f6laakeri BSA 122.5\/73mm BB-UN300 nelikantti (D-NL)<\/span><\/a><\/p>\n","protected":false},"featured_media":56958,"comment_status":"open","ping_status":"closed","template":"","meta":{"_acf_changed":false,"_improvement_type_select":"improve_an_existing","_thumb_yes_seoaic":false,"_frame_yes_seoaic":false,"seoaic_generate_description":"","seoaic_improve_instructions_prompt":"","seoaic_rollback_content_improvement":"","seoaic_idea_thumbnail_generator":"","thumbnail_generated":false,"thumbnail_generate_prompt":"","seoaic_article_description":"","_supplier_stock_quantity":0},"product_brand":[],"product_model":[],"product_cat":[9350],"product_tag":[],"industry-terminology":[],"class_list":{"0":"post-56959","1":"product","2":"type-product","3":"status-publish","4":"has-post-thumbnail","6":"product_cat-keskiolaakerit","8":"first","9":"instock","10":"taxable","11":"shipping-taxable","12":"purchasable","13":"product-type-simple"},"acf":{"bike_features":null,"overview":{"copy_overview":null,"key_features":null,"statement":"","youtube_url":""}},"yoast_head":"<!-- This site is optimized with the Yoast SEO plugin v27.3 - https:\/\/yoast.com\/product\/yoast-seo-wordpress\/ -->\n<title>Keski\u00f6laakeri BSA 122.5\/73mm BB-UN300 nelikantti (D-NL) - VM Sport<\/title>\n<meta name=\"robots\" content=\"index, follow, max-snippet:-1, max-image-preview:large, max-video-preview:-1\" \/>\n<link rel=\"canonical\" href=\"https:\/\/vmsport.fi\/sv\/webbutik\/reservdelar\/transmission\/mittlager\/centrumlager-bsa-122-5-73mm-bb-un300-square-d-nl\/\" \/>\n<meta property=\"og:locale\" content=\"sv_SE\" \/>\n<meta property=\"og:type\" content=\"article\" \/>\n<meta property=\"og:title\" content=\"Keski\u00f6laakeri BSA 122.5\/73mm BB-UN300 nelikantti (D-NL) - VM Sport\" \/>\n<meta property=\"og:description\" content=\"Keski\u00f6laakeri BSA 122.5\/73mm BB-UN300 tarjoaa erinomaista luotettavuutta ja tehokkuutta, sill\u00e4 se on kehitetty nelikanttikeski\u00f6lle, joka takaa kest\u00e4v\u00e4n ja vakaan istuvuuden. T\u00e4m\u00e4 malli on yhteensopiva BSA-kierteiden kanssa ja sen tarkat mitat ovat 122,5 millimetri\u00e4 akselin pituudella ja 73 millimetri\u00e4 keski\u00f6n leveydell\u00e4. T\u00e4m\u00e4 keski\u00f6laakeri parantaa py\u00f6r\u00e4si suorituskyky\u00e4 ja varmistaa tasaisen voimansiirron, mink\u00e4 ansiosta asennus sujuu vaivattomasti ja [...]L\u00e4s mer \u2026 from Keski\u00f6laakeri BSA 122.5\/73mm BB-UN300 nelikantti (D-NL)\" \/>\n<meta property=\"og:url\" content=\"https:\/\/vmsport.fi\/sv\/webbutik\/reservdelar\/transmission\/mittlager\/centrumlager-bsa-122-5-73mm-bb-un300-square-d-nl\/\" \/>\n<meta property=\"og:site_name\" content=\"VM Sport\" \/>\n<meta property=\"article:publisher\" content=\"https:\/\/www.facebook.com\/Vmsport.fi\/\" \/>\n<meta property=\"article:modified_time\" content=\"2026-03-18T00:00:21+00:00\" \/>\n<meta property=\"og:image\" content=\"https:\/\/vmsport.fi\/wp-content\/uploads\/2025\/03\/kCSGmkV00wevj1KnaI5jXd7nr97SL2ZFYKFY10P4Rm53Jb6igU-1.jpg\" \/>\n\t<meta property=\"og:image:width\" content=\"600\" \/>\n\t<meta property=\"og:image:height\" content=\"600\" \/>\n\t<meta property=\"og:image:type\" content=\"image\/jpeg\" \/>\n<meta name=\"twitter:card\" content=\"summary_large_image\" \/>\n<script type=\"application\/ld+json\" class=\"yoast-schema-graph\">{\"@context\":\"https:\\\/\\\/schema.org\",\"@graph\":[{\"@type\":[\"WebPage\",\"ItemPage\"],\"@id\":\"https:\\\/\\\/vmsport.fi\\\/verkkokauppa\\\/varaosat\\\/voimansiirto\\\/keskiolaakerit\\\/keskiolaakeri-bsa-122-5-73mm-bb-un300-nelikantti-d-nl\\\/\",\"url\":\"https:\\\/\\\/vmsport.fi\\\/verkkokauppa\\\/varaosat\\\/voimansiirto\\\/keskiolaakerit\\\/keskiolaakeri-bsa-122-5-73mm-bb-un300-nelikantti-d-nl\\\/\",\"name\":\"Keski\u00f6laakeri BSA 122.5\\\/73mm BB-UN300 nelikantti (D-NL) - VM Sport\",\"isPartOf\":{\"@id\":\"https:\\\/\\\/vmsport.fi\\\/#website\"},\"primaryImageOfPage\":{\"@id\":\"https:\\\/\\\/vmsport.fi\\\/verkkokauppa\\\/varaosat\\\/voimansiirto\\\/keskiolaakerit\\\/keskiolaakeri-bsa-122-5-73mm-bb-un300-nelikantti-d-nl\\\/#primaryimage\"},\"image\":{\"@id\":\"https:\\\/\\\/vmsport.fi\\\/verkkokauppa\\\/varaosat\\\/voimansiirto\\\/keskiolaakerit\\\/keskiolaakeri-bsa-122-5-73mm-bb-un300-nelikantti-d-nl\\\/#primaryimage\"},\"thumbnailUrl\":\"https:\\\/\\\/vmsport.fi\\\/wp-content\\\/uploads\\\/2025\\\/03\\\/kCSGmkV00wevj1KnaI5jXd7nr97SL2ZFYKFY10P4Rm53Jb6igU-1.jpg\",\"datePublished\":\"2025-03-05T22:26:10+00:00\",\"dateModified\":\"2026-03-18T00:00:21+00:00\",\"breadcrumb\":{\"@id\":\"https:\\\/\\\/vmsport.fi\\\/verkkokauppa\\\/varaosat\\\/voimansiirto\\\/keskiolaakerit\\\/keskiolaakeri-bsa-122-5-73mm-bb-un300-nelikantti-d-nl\\\/#breadcrumb\"},\"inLanguage\":\"sv-SE\",\"potentialAction\":[{\"@type\":\"ReadAction\",\"target\":[\"https:\\\/\\\/vmsport.fi\\\/verkkokauppa\\\/varaosat\\\/voimansiirto\\\/keskiolaakerit\\\/keskiolaakeri-bsa-122-5-73mm-bb-un300-nelikantti-d-nl\\\/\"]}]},{\"@type\":\"ImageObject\",\"inLanguage\":\"sv-SE\",\"@id\":\"https:\\\/\\\/vmsport.fi\\\/verkkokauppa\\\/varaosat\\\/voimansiirto\\\/keskiolaakerit\\\/keskiolaakeri-bsa-122-5-73mm-bb-un300-nelikantti-d-nl\\\/#primaryimage\",\"url\":\"https:\\\/\\\/vmsport.fi\\\/wp-content\\\/uploads\\\/2025\\\/03\\\/kCSGmkV00wevj1KnaI5jXd7nr97SL2ZFYKFY10P4Rm53Jb6igU-1.jpg\",\"contentUrl\":\"https:\\\/\\\/vmsport.fi\\\/wp-content\\\/uploads\\\/2025\\\/03\\\/kCSGmkV00wevj1KnaI5jXd7nr97SL2ZFYKFY10P4Rm53Jb6igU-1.jpg\",\"width\":600,\"height\":600,\"caption\":\"kCSGmkV00wevj1KnaI5jXd7nr97SL2ZFYKFY10P4Rm53Jb6igU\"},{\"@type\":\"BreadcrumbList\",\"@id\":\"https:\\\/\\\/vmsport.fi\\\/verkkokauppa\\\/varaosat\\\/voimansiirto\\\/keskiolaakerit\\\/keskiolaakeri-bsa-122-5-73mm-bb-un300-nelikantti-d-nl\\\/#breadcrumb\",\"itemListElement\":[{\"@type\":\"ListItem\",\"position\":1,\"name\":\"Etusivu\",\"item\":\"https:\\\/\\\/vmsport.fi\\\/\"},{\"@type\":\"ListItem\",\"position\":2,\"name\":\"Online Store\",\"item\":\"https:\\\/\\\/vmsport.fi\\\/en\\\/online-store\\\/\"},{\"@type\":\"ListItem\",\"position\":3,\"name\":\"Keski\u00f6laakeri BSA 122.5\\\/73mm BB-UN300 nelikantti (D-NL)\"}]},{\"@type\":\"WebSite\",\"@id\":\"https:\\\/\\\/vmsport.fi\\\/#website\",\"url\":\"https:\\\/\\\/vmsport.fi\\\/\",\"name\":\"Vmsport\",\"description\":\"Kaikki py\u00f6r\u00e4ilyyn yhdest\u00e4 paikasta\",\"publisher\":{\"@id\":\"https:\\\/\\\/vmsport.fi\\\/#organization\"},\"potentialAction\":[{\"@type\":\"SearchAction\",\"target\":{\"@type\":\"EntryPoint\",\"urlTemplate\":\"https:\\\/\\\/vmsport.fi\\\/?s={search_term_string}\"},\"query-input\":{\"@type\":\"PropertyValueSpecification\",\"valueRequired\":true,\"valueName\":\"search_term_string\"}}],\"inLanguage\":\"sv-SE\"},{\"@type\":\"Organization\",\"@id\":\"https:\\\/\\\/vmsport.fi\\\/#organization\",\"name\":\"Vmsport\",\"url\":\"https:\\\/\\\/vmsport.fi\\\/\",\"logo\":{\"@type\":\"ImageObject\",\"inLanguage\":\"sv-SE\",\"@id\":\"https:\\\/\\\/vmsport.fi\\\/#\\\/schema\\\/logo\\\/image\\\/\",\"url\":\"https:\\\/\\\/vmsport.fi\\\/wp-content\\\/uploads\\\/2024\\\/12\\\/vm_sport_RGB_horisontal-e1734526017575.png\",\"contentUrl\":\"https:\\\/\\\/vmsport.fi\\\/wp-content\\\/uploads\\\/2024\\\/12\\\/vm_sport_RGB_horisontal-e1734526017575.png\",\"width\":668,\"height\":85,\"caption\":\"Vmsport\"},\"image\":{\"@id\":\"https:\\\/\\\/vmsport.fi\\\/#\\\/schema\\\/logo\\\/image\\\/\"},\"sameAs\":[\"https:\\\/\\\/www.facebook.com\\\/Vmsport.fi\\\/\",\"https:\\\/\\\/www.instagram.com\\\/vmsport\\\/\"]}]}<\/script>\n<!-- \/ Yoast SEO plugin. -->","yoast_head_json":{"title":"Centrumlager BSA 122,5\/73mm BB-UN300 fyrkant (D-NL) - VM Sport","robots":{"index":"index","follow":"follow","max-snippet":"max-snippet:-1","max-image-preview":"max-image-preview:large","max-video-preview":"max-video-preview:-1"},"canonical":"https:\/\/vmsport.fi\/sv\/webbutik\/reservdelar\/transmission\/mittlager\/centrumlager-bsa-122-5-73mm-bb-un300-square-d-nl\/","og_locale":"sv_SE","og_type":"article","og_title":"Keski\u00f6laakeri BSA 122.5\/73mm BB-UN300 nelikantti (D-NL) - VM Sport","og_description":"Keski\u00f6laakeri BSA 122.5\/73mm BB-UN300 tarjoaa erinomaista luotettavuutta ja tehokkuutta, sill\u00e4 se on kehitetty nelikanttikeski\u00f6lle, joka takaa kest\u00e4v\u00e4n ja vakaan istuvuuden. T\u00e4m\u00e4 malli on yhteensopiva BSA-kierteiden kanssa ja sen tarkat mitat ovat 122,5 millimetri\u00e4 akselin pituudella ja 73 millimetri\u00e4 keski\u00f6n leveydell\u00e4. T\u00e4m\u00e4 keski\u00f6laakeri parantaa py\u00f6r\u00e4si suorituskyky\u00e4 ja varmistaa tasaisen voimansiirron, mink\u00e4 ansiosta asennus sujuu vaivattomasti ja [...]L\u00e4s mer \u2026 from Keski\u00f6laakeri BSA 122.5\/73mm BB-UN300 nelikantti (D-NL)","og_url":"https:\/\/vmsport.fi\/sv\/webbutik\/reservdelar\/transmission\/mittlager\/centrumlager-bsa-122-5-73mm-bb-un300-square-d-nl\/","og_site_name":"VM Sport","article_publisher":"https:\/\/www.facebook.com\/Vmsport.fi\/","article_modified_time":"2026-03-18T00:00:21+00:00","og_image":[{"width":600,"height":600,"url":"https:\/\/vmsport.fi\/wp-content\/uploads\/2025\/03\/kCSGmkV00wevj1KnaI5jXd7nr97SL2ZFYKFY10P4Rm53Jb6igU-1.jpg","type":"image\/jpeg"}],"twitter_card":"summary_large_image","schema":{"@context":"https:\/\/schema.org","@graph":[{"@type":["WebPage","ItemPage"],"@id":"https:\/\/vmsport.fi\/verkkokauppa\/varaosat\/voimansiirto\/keskiolaakerit\/keskiolaakeri-bsa-122-5-73mm-bb-un300-nelikantti-d-nl\/","url":"https:\/\/vmsport.fi\/verkkokauppa\/varaosat\/voimansiirto\/keskiolaakerit\/keskiolaakeri-bsa-122-5-73mm-bb-un300-nelikantti-d-nl\/","name":"Centrumlager BSA 122,5\/73mm BB-UN300 fyrkant (D-NL) - VM Sport","isPartOf":{"@id":"https:\/\/vmsport.fi\/#website"},"primaryImageOfPage":{"@id":"https:\/\/vmsport.fi\/verkkokauppa\/varaosat\/voimansiirto\/keskiolaakerit\/keskiolaakeri-bsa-122-5-73mm-bb-un300-nelikantti-d-nl\/#primaryimage"},"image":{"@id":"https:\/\/vmsport.fi\/verkkokauppa\/varaosat\/voimansiirto\/keskiolaakerit\/keskiolaakeri-bsa-122-5-73mm-bb-un300-nelikantti-d-nl\/#primaryimage"},"thumbnailUrl":"https:\/\/vmsport.fi\/wp-content\/uploads\/2025\/03\/kCSGmkV00wevj1KnaI5jXd7nr97SL2ZFYKFY10P4Rm53Jb6igU-1.jpg","datePublished":"2025-03-05T22:26:10+00:00","dateModified":"2026-03-18T00:00:21+00:00","breadcrumb":{"@id":"https:\/\/vmsport.fi\/verkkokauppa\/varaosat\/voimansiirto\/keskiolaakerit\/keskiolaakeri-bsa-122-5-73mm-bb-un300-nelikantti-d-nl\/#breadcrumb"},"inLanguage":"sv-SE","potentialAction":[{"@type":"ReadAction","target":["https:\/\/vmsport.fi\/verkkokauppa\/varaosat\/voimansiirto\/keskiolaakerit\/keskiolaakeri-bsa-122-5-73mm-bb-un300-nelikantti-d-nl\/"]}]},{"@type":"ImageObject","inLanguage":"sv-SE","@id":"https:\/\/vmsport.fi\/verkkokauppa\/varaosat\/voimansiirto\/keskiolaakerit\/keskiolaakeri-bsa-122-5-73mm-bb-un300-nelikantti-d-nl\/#primaryimage","url":"https:\/\/vmsport.fi\/wp-content\/uploads\/2025\/03\/kCSGmkV00wevj1KnaI5jXd7nr97SL2ZFYKFY10P4Rm53Jb6igU-1.jpg","contentUrl":"https:\/\/vmsport.fi\/wp-content\/uploads\/2025\/03\/kCSGmkV00wevj1KnaI5jXd7nr97SL2ZFYKFY10P4Rm53Jb6igU-1.jpg","width":600,"height":600,"caption":"kCSGmkV00wevj1KnaI5jXd7nr97SL2ZFYKFY10P4Rm53Jb6igU"},{"@type":"BreadcrumbList","@id":"https:\/\/vmsport.fi\/verkkokauppa\/varaosat\/voimansiirto\/keskiolaakerit\/keskiolaakeri-bsa-122-5-73mm-bb-un300-nelikantti-d-nl\/#breadcrumb","itemListElement":[{"@type":"ListItem","position":1,"name":"Etusivu","item":"https:\/\/vmsport.fi\/"},{"@type":"ListItem","position":2,"name":"Online Store","item":"https:\/\/vmsport.fi\/en\/online-store\/"},{"@type":"ListItem","position":3,"name":"Keski\u00f6laakeri BSA 122.5\/73mm BB-UN300 nelikantti (D-NL)"}]},{"@type":"WebSite","@id":"https:\/\/vmsport.fi\/#website","url":"https:\/\/vmsport.fi\/","name":"Vmsport","description":"Allt p\u00e5 ett st\u00e4lle f\u00f6r cykling","publisher":{"@id":"https:\/\/vmsport.fi\/#organization"},"potentialAction":[{"@type":"SearchAction","target":{"@type":"EntryPoint","urlTemplate":"https:\/\/vmsport.fi\/?s={search_term_string}"},"query-input":{"@type":"PropertyValueSpecification","valueRequired":true,"valueName":"search_term_string"}}],"inLanguage":"sv-SE"},{"@type":"Organization","@id":"https:\/\/vmsport.fi\/#organization","name":"Vmsport","url":"https:\/\/vmsport.fi\/","logo":{"@type":"ImageObject","inLanguage":"sv-SE","@id":"https:\/\/vmsport.fi\/#\/schema\/logo\/image\/","url":"https:\/\/vmsport.fi\/wp-content\/uploads\/2024\/12\/vm_sport_RGB_horisontal-e1734526017575.png","contentUrl":"https:\/\/vmsport.fi\/wp-content\/uploads\/2024\/12\/vm_sport_RGB_horisontal-e1734526017575.png","width":668,"height":85,"caption":"Vmsport"},"image":{"@id":"https:\/\/vmsport.fi\/#\/schema\/logo\/image\/"},"sameAs":["https:\/\/www.facebook.com\/Vmsport.fi\/","https:\/\/www.instagram.com\/vmsport\/"]}]}},"global_unique_id":"","_links":{"self":[{"href":"https:\/\/vmsport.fi\/sv\/wp-json\/wp\/v2\/product\/56959","targetHints":{"allow":["GET"]}}],"collection":[{"href":"https:\/\/vmsport.fi\/sv\/wp-json\/wp\/v2\/product"}],"about":[{"href":"https:\/\/vmsport.fi\/sv\/wp-json\/wp\/v2\/types\/product"}],"replies":[{"embeddable":true,"href":"https:\/\/vmsport.fi\/sv\/wp-json\/wp\/v2\/comments?post=56959"}],"wp:featuredmedia":[{"embeddable":true,"href":"https:\/\/vmsport.fi\/sv\/wp-json\/wp\/v2\/media\/56958"}],"wp:attachment":[{"href":"https:\/\/vmsport.fi\/sv\/wp-json\/wp\/v2\/media?parent=56959"}],"wp:term":[{"taxonomy":"product_brand","embeddable":true,"href":"https:\/\/vmsport.fi\/sv\/wp-json\/wp\/v2\/product_brand?post=56959"},{"taxonomy":"product_model","embeddable":true,"href":"https:\/\/vmsport.fi\/sv\/wp-json\/wp\/v2\/product_model?post=56959"},{"taxonomy":"product_cat","embeddable":true,"href":"https:\/\/vmsport.fi\/sv\/wp-json\/wp\/v2\/product_cat?post=56959"},{"taxonomy":"product_tag","embeddable":true,"href":"https:\/\/vmsport.fi\/sv\/wp-json\/wp\/v2\/product_tag?post=56959"},{"taxonomy":"industry_terminology","embeddable":true,"href":"https:\/\/vmsport.fi\/sv\/wp-json\/wp\/v2\/industry-terminology?post=56959"}],"curies":[{"name":"wp","href":"https:\/\/api.w.org\/{rel}","templated":true}]}}