{"id":56955,"date":"2025-03-06T00:26:08","date_gmt":"2025-03-05T22:26:08","guid":{"rendered":"https:\/\/vmsport.fi\/verkkokauppa\/Ei-luokiteltu\/muc-off-disc-brake-covers-camo\/"},"modified":"2026-04-22T15:08:41","modified_gmt":"2026-04-22T12:08:41","slug":"muc-off-skivbromsskydd-camo","status":"publish","type":"product","link":"https:\/\/vmsport.fi\/sv\/verkkokauppa\/tarvikkeet\/telineet\/sailytys-ja-kuljetustelineet\/muc-off-disc-brake-covers-camo\/","title":{"rendered":"MUC-OFF skivbroms\u00f6verdrag CAMO"},"content":{"rendered":"<p>MUC-OFF Disc Brake Covers CAMO skyddar effektivt cykelskivor och bromsbel\u00e4gg fr\u00e5n f\u00f6roreningar som oavsiktligt kan hamna p\u00e5 fel st\u00e4llen under underh\u00e5ll eller transport. Skydden \u00e4r tillverkade av neopren som andas, vilket m\u00f6jligg\u00f6r luftcirkulation och minskar fuktansamlingar. De passar alla skivbromsar f\u00f6r landsv\u00e4gs- och terr\u00e4ngcyklar och \u00e4r l\u00e4tta att montera tack vare kardborref\u00e4stet. Skydden kan tv\u00e4ttas och \u00e5teranv\u00e4ndas, vilket g\u00f6r dem praktiska och ekonomiska. Det patenterade skyddet f\u00f6rhindrar inte bara att bromsarnas prestanda f\u00f6rs\u00e4mras, utan \u00e4r s\u00e4rskilt utformat f\u00f6r aktiva cyklister som ofta servar och transporterar sina cyklar. Observera att skydden ska tas bort f\u00f6re cykling och rekommenderas f\u00f6r anv\u00e4ndning vid intern transport av cykeln f\u00f6r att h\u00e5lla klisterm\u00e4rkena anv\u00e4ndbara.<\/p>","protected":false},"excerpt":{"rendered":"<p>MUC-OFF Disc Brake Covers CAMO suojaa tehokkaasti polkupy\u00f6r\u00e4n jarrulevyj\u00e4 ja -paloja ep\u00e4puhtauksilta, jotka voivat huomaamatta p\u00e4\u00e4ty\u00e4 v\u00e4\u00e4riin paikkoihin huollon tai kuljetuksen aikana. N\u00e4m\u00e4 suojat on valmistettu hengitt\u00e4v\u00e4st\u00e4 neopreenist\u00e4, joka mahdollistaa ilmankierron ja v\u00e4hent\u00e4\u00e4 kosteuden kertymist\u00e4. Ne sopivat kaikkiin maantie- ja maastopy\u00f6rien levyjarruihin ja on helppo kiinnitt\u00e4\u00e4 paikoilleen tarrakiinnityksen ansiosta. Suojat voidaan pest\u00e4 ja k\u00e4ytt\u00e4\u00e4 uudelleen, [&#8230;]<\/p>\n<p><a class=\"btn btn-secondary understrap-read-more-link\" href=\"https:\/\/vmsport.fi\/sv\/verkkokauppa\/tarvikkeet\/telineet\/sailytys-ja-kuljetustelineet\/muc-off-disc-brake-covers-camo\/\">L\u00e4s mer \u2026<span class=\"screen-reader-text\"> from MUC-OFF Disc Brake Covers CAMO<\/span><\/a><\/p>\n","protected":false},"featured_media":56954,"comment_status":"open","ping_status":"closed","template":"","meta":{"_acf_changed":false,"_improvement_type_select":"improve_an_existing","_thumb_yes_seoaic":false,"_frame_yes_seoaic":false,"seoaic_generate_description":"","seoaic_improve_instructions_prompt":"","seoaic_rollback_content_improvement":"","seoaic_idea_thumbnail_generator":"","thumbnail_generated":false,"thumbnail_generate_prompt":"","seoaic_article_description":"","_supplier_stock_quantity":0},"product_brand":[1584],"product_model":[],"product_cat":[9426],"product_tag":[],"industry-terminology":[],"class_list":{"0":"post-56955","1":"product","2":"type-product","3":"status-publish","4":"has-post-thumbnail","6":"product_brand-muc-off","7":"product_cat-sailytys-ja-kuljetustelineet","9":"first","10":"instock","11":"taxable","12":"shipping-taxable","13":"purchasable","14":"product-type-simple"},"acf":{"bike_features":null,"overview":{"copy_overview":null,"key_features":null,"statement":"","youtube_url":""}},"yoast_head":"<!-- This site is optimized with the Yoast SEO plugin v27.4 - https:\/\/yoast.com\/product\/yoast-seo-wordpress\/ -->\n<title>MUC-OFF Disc Brake Covers CAMO - VM Sport<\/title>\n<meta name=\"robots\" content=\"index, follow, max-snippet:-1, max-image-preview:large, max-video-preview:-1\" \/>\n<link rel=\"canonical\" href=\"https:\/\/vmsport.fi\/sv\/webbutik\/tillbehor\/byggnadsstallningar\/forvaringsstall-och-transportstall\/muc-off-skivbromsskydd-camo\/\" \/>\n<meta property=\"og:locale\" content=\"sv_SE\" \/>\n<meta property=\"og:type\" content=\"article\" \/>\n<meta property=\"og:title\" content=\"MUC-OFF Disc Brake Covers CAMO - VM Sport\" \/>\n<meta property=\"og:description\" content=\"MUC-OFF Disc Brake Covers CAMO suojaa tehokkaasti polkupy\u00f6r\u00e4n jarrulevyj\u00e4 ja -paloja ep\u00e4puhtauksilta, jotka voivat huomaamatta p\u00e4\u00e4ty\u00e4 v\u00e4\u00e4riin paikkoihin huollon tai kuljetuksen aikana. N\u00e4m\u00e4 suojat on valmistettu hengitt\u00e4v\u00e4st\u00e4 neopreenist\u00e4, joka mahdollistaa ilmankierron ja v\u00e4hent\u00e4\u00e4 kosteuden kertymist\u00e4. Ne sopivat kaikkiin maantie- ja maastopy\u00f6rien levyjarruihin ja on helppo kiinnitt\u00e4\u00e4 paikoilleen tarrakiinnityksen ansiosta. Suojat voidaan pest\u00e4 ja k\u00e4ytt\u00e4\u00e4 uudelleen, [...]L\u00e4s mer \u2026 from MUC-OFF Disc Brake Covers CAMO\" \/>\n<meta property=\"og:url\" content=\"https:\/\/vmsport.fi\/sv\/webbutik\/tillbehor\/byggnadsstallningar\/forvaringsstall-och-transportstall\/muc-off-skivbromsskydd-camo\/\" \/>\n<meta property=\"og:site_name\" content=\"VM Sport\" \/>\n<meta property=\"article:publisher\" content=\"https:\/\/www.facebook.com\/Vmsport.fi\/\" \/>\n<meta property=\"article:modified_time\" content=\"2026-04-22T12:08:41+00:00\" \/>\n<meta property=\"og:image\" content=\"https:\/\/vmsport.fi\/wp-content\/uploads\/2025\/03\/kewIqMVaxkI5USPtcP8rJlCzKSm8rxDgu1Zrk5U0e58I2CBIlm-1.jpg\" \/>\n\t<meta property=\"og:image:width\" content=\"800\" \/>\n\t<meta property=\"og:image:height\" content=\"800\" \/>\n\t<meta property=\"og:image:type\" content=\"image\/jpeg\" \/>\n<meta name=\"twitter:card\" content=\"summary_large_image\" \/>\n<meta name=\"twitter:label1\" content=\"Ber\u00e4knad l\u00e4stid\" \/>\n\t<meta name=\"twitter:data1\" content=\"1 minut\" \/>\n<script type=\"application\/ld+json\" class=\"yoast-schema-graph\">{\"@context\":\"https:\\\/\\\/schema.org\",\"@graph\":[{\"@type\":[\"WebPage\",\"ItemPage\"],\"@id\":\"https:\\\/\\\/vmsport.fi\\\/verkkokauppa\\\/tarvikkeet\\\/telineet\\\/sailytys-ja-kuljetustelineet\\\/muc-off-disc-brake-covers-camo\\\/\",\"url\":\"https:\\\/\\\/vmsport.fi\\\/verkkokauppa\\\/tarvikkeet\\\/telineet\\\/sailytys-ja-kuljetustelineet\\\/muc-off-disc-brake-covers-camo\\\/\",\"name\":\"MUC-OFF Disc Brake Covers CAMO - VM Sport\",\"isPartOf\":{\"@id\":\"https:\\\/\\\/vmsport.fi\\\/#website\"},\"primaryImageOfPage\":{\"@id\":\"https:\\\/\\\/vmsport.fi\\\/verkkokauppa\\\/tarvikkeet\\\/telineet\\\/sailytys-ja-kuljetustelineet\\\/muc-off-disc-brake-covers-camo\\\/#primaryimage\"},\"image\":{\"@id\":\"https:\\\/\\\/vmsport.fi\\\/verkkokauppa\\\/tarvikkeet\\\/telineet\\\/sailytys-ja-kuljetustelineet\\\/muc-off-disc-brake-covers-camo\\\/#primaryimage\"},\"thumbnailUrl\":\"https:\\\/\\\/vmsport.fi\\\/wp-content\\\/uploads\\\/2025\\\/03\\\/kewIqMVaxkI5USPtcP8rJlCzKSm8rxDgu1Zrk5U0e58I2CBIlm-1.jpg\",\"datePublished\":\"2025-03-05T22:26:08+00:00\",\"dateModified\":\"2026-04-22T12:08:41+00:00\",\"breadcrumb\":{\"@id\":\"https:\\\/\\\/vmsport.fi\\\/verkkokauppa\\\/tarvikkeet\\\/telineet\\\/sailytys-ja-kuljetustelineet\\\/muc-off-disc-brake-covers-camo\\\/#breadcrumb\"},\"inLanguage\":\"sv-SE\",\"potentialAction\":[{\"@type\":\"ReadAction\",\"target\":[\"https:\\\/\\\/vmsport.fi\\\/verkkokauppa\\\/tarvikkeet\\\/telineet\\\/sailytys-ja-kuljetustelineet\\\/muc-off-disc-brake-covers-camo\\\/\"]}]},{\"@type\":\"ImageObject\",\"inLanguage\":\"sv-SE\",\"@id\":\"https:\\\/\\\/vmsport.fi\\\/verkkokauppa\\\/tarvikkeet\\\/telineet\\\/sailytys-ja-kuljetustelineet\\\/muc-off-disc-brake-covers-camo\\\/#primaryimage\",\"url\":\"https:\\\/\\\/vmsport.fi\\\/wp-content\\\/uploads\\\/2025\\\/03\\\/kewIqMVaxkI5USPtcP8rJlCzKSm8rxDgu1Zrk5U0e58I2CBIlm-1.jpg\",\"contentUrl\":\"https:\\\/\\\/vmsport.fi\\\/wp-content\\\/uploads\\\/2025\\\/03\\\/kewIqMVaxkI5USPtcP8rJlCzKSm8rxDgu1Zrk5U0e58I2CBIlm-1.jpg\",\"width\":800,\"height\":800,\"caption\":\"kewIqMVaxkI5USPtcP8rJlCzKSm8rxDgu1Zrk5U0e58I2CBIlm\"},{\"@type\":\"BreadcrumbList\",\"@id\":\"https:\\\/\\\/vmsport.fi\\\/verkkokauppa\\\/tarvikkeet\\\/telineet\\\/sailytys-ja-kuljetustelineet\\\/muc-off-disc-brake-covers-camo\\\/#breadcrumb\",\"itemListElement\":[{\"@type\":\"ListItem\",\"position\":1,\"name\":\"Etusivu\",\"item\":\"https:\\\/\\\/vmsport.fi\\\/\"},{\"@type\":\"ListItem\",\"position\":2,\"name\":\"Online Store\",\"item\":\"https:\\\/\\\/vmsport.fi\\\/en\\\/online-store\\\/\"},{\"@type\":\"ListItem\",\"position\":3,\"name\":\"MUC-OFF Disc Brake Covers CAMO\"}]},{\"@type\":\"WebSite\",\"@id\":\"https:\\\/\\\/vmsport.fi\\\/#website\",\"url\":\"https:\\\/\\\/vmsport.fi\\\/\",\"name\":\"Vmsport\",\"description\":\"Kaikki py\u00f6r\u00e4ilyyn yhdest\u00e4 paikasta\",\"publisher\":{\"@id\":\"https:\\\/\\\/vmsport.fi\\\/#organization\"},\"potentialAction\":[{\"@type\":\"SearchAction\",\"target\":{\"@type\":\"EntryPoint\",\"urlTemplate\":\"https:\\\/\\\/vmsport.fi\\\/?s={search_term_string}\"},\"query-input\":{\"@type\":\"PropertyValueSpecification\",\"valueRequired\":true,\"valueName\":\"search_term_string\"}}],\"inLanguage\":\"sv-SE\"},{\"@type\":\"Organization\",\"@id\":\"https:\\\/\\\/vmsport.fi\\\/#organization\",\"name\":\"Vmsport\",\"url\":\"https:\\\/\\\/vmsport.fi\\\/\",\"logo\":{\"@type\":\"ImageObject\",\"inLanguage\":\"sv-SE\",\"@id\":\"https:\\\/\\\/vmsport.fi\\\/#\\\/schema\\\/logo\\\/image\\\/\",\"url\":\"https:\\\/\\\/vmsport.fi\\\/wp-content\\\/uploads\\\/2024\\\/12\\\/vm_sport_RGB_horisontal-e1734526017575.png\",\"contentUrl\":\"https:\\\/\\\/vmsport.fi\\\/wp-content\\\/uploads\\\/2024\\\/12\\\/vm_sport_RGB_horisontal-e1734526017575.png\",\"width\":668,\"height\":85,\"caption\":\"Vmsport\"},\"image\":{\"@id\":\"https:\\\/\\\/vmsport.fi\\\/#\\\/schema\\\/logo\\\/image\\\/\"},\"sameAs\":[\"https:\\\/\\\/www.facebook.com\\\/Vmsport.fi\\\/\",\"https:\\\/\\\/www.instagram.com\\\/vmsport\\\/\"]}]}<\/script>\n<!-- \/ Yoast SEO plugin. -->","yoast_head_json":{"title":"MUC-OFF skivbroms\u00f6verdrag CAMO - VM Sport","robots":{"index":"index","follow":"follow","max-snippet":"max-snippet:-1","max-image-preview":"max-image-preview:large","max-video-preview":"max-video-preview:-1"},"canonical":"https:\/\/vmsport.fi\/sv\/webbutik\/tillbehor\/byggnadsstallningar\/forvaringsstall-och-transportstall\/muc-off-skivbromsskydd-camo\/","og_locale":"sv_SE","og_type":"article","og_title":"MUC-OFF Disc Brake Covers CAMO - VM Sport","og_description":"MUC-OFF Disc Brake Covers CAMO suojaa tehokkaasti polkupy\u00f6r\u00e4n jarrulevyj\u00e4 ja -paloja ep\u00e4puhtauksilta, jotka voivat huomaamatta p\u00e4\u00e4ty\u00e4 v\u00e4\u00e4riin paikkoihin huollon tai kuljetuksen aikana. N\u00e4m\u00e4 suojat on valmistettu hengitt\u00e4v\u00e4st\u00e4 neopreenist\u00e4, joka mahdollistaa ilmankierron ja v\u00e4hent\u00e4\u00e4 kosteuden kertymist\u00e4. Ne sopivat kaikkiin maantie- ja maastopy\u00f6rien levyjarruihin ja on helppo kiinnitt\u00e4\u00e4 paikoilleen tarrakiinnityksen ansiosta. Suojat voidaan pest\u00e4 ja k\u00e4ytt\u00e4\u00e4 uudelleen, [...]L\u00e4s mer \u2026 from MUC-OFF Disc Brake Covers CAMO","og_url":"https:\/\/vmsport.fi\/sv\/webbutik\/tillbehor\/byggnadsstallningar\/forvaringsstall-och-transportstall\/muc-off-skivbromsskydd-camo\/","og_site_name":"VM Sport","article_publisher":"https:\/\/www.facebook.com\/Vmsport.fi\/","article_modified_time":"2026-04-22T12:08:41+00:00","og_image":[{"width":800,"height":800,"url":"https:\/\/vmsport.fi\/wp-content\/uploads\/2025\/03\/kewIqMVaxkI5USPtcP8rJlCzKSm8rxDgu1Zrk5U0e58I2CBIlm-1.jpg","type":"image\/jpeg"}],"twitter_card":"summary_large_image","twitter_misc":{"Ber\u00e4knad l\u00e4stid":"1 minut"},"schema":{"@context":"https:\/\/schema.org","@graph":[{"@type":["WebPage","ItemPage"],"@id":"https:\/\/vmsport.fi\/verkkokauppa\/tarvikkeet\/telineet\/sailytys-ja-kuljetustelineet\/muc-off-disc-brake-covers-camo\/","url":"https:\/\/vmsport.fi\/verkkokauppa\/tarvikkeet\/telineet\/sailytys-ja-kuljetustelineet\/muc-off-disc-brake-covers-camo\/","name":"MUC-OFF skivbroms\u00f6verdrag CAMO - VM Sport","isPartOf":{"@id":"https:\/\/vmsport.fi\/#website"},"primaryImageOfPage":{"@id":"https:\/\/vmsport.fi\/verkkokauppa\/tarvikkeet\/telineet\/sailytys-ja-kuljetustelineet\/muc-off-disc-brake-covers-camo\/#primaryimage"},"image":{"@id":"https:\/\/vmsport.fi\/verkkokauppa\/tarvikkeet\/telineet\/sailytys-ja-kuljetustelineet\/muc-off-disc-brake-covers-camo\/#primaryimage"},"thumbnailUrl":"https:\/\/vmsport.fi\/wp-content\/uploads\/2025\/03\/kewIqMVaxkI5USPtcP8rJlCzKSm8rxDgu1Zrk5U0e58I2CBIlm-1.jpg","datePublished":"2025-03-05T22:26:08+00:00","dateModified":"2026-04-22T12:08:41+00:00","breadcrumb":{"@id":"https:\/\/vmsport.fi\/verkkokauppa\/tarvikkeet\/telineet\/sailytys-ja-kuljetustelineet\/muc-off-disc-brake-covers-camo\/#breadcrumb"},"inLanguage":"sv-SE","potentialAction":[{"@type":"ReadAction","target":["https:\/\/vmsport.fi\/verkkokauppa\/tarvikkeet\/telineet\/sailytys-ja-kuljetustelineet\/muc-off-disc-brake-covers-camo\/"]}]},{"@type":"ImageObject","inLanguage":"sv-SE","@id":"https:\/\/vmsport.fi\/verkkokauppa\/tarvikkeet\/telineet\/sailytys-ja-kuljetustelineet\/muc-off-disc-brake-covers-camo\/#primaryimage","url":"https:\/\/vmsport.fi\/wp-content\/uploads\/2025\/03\/kewIqMVaxkI5USPtcP8rJlCzKSm8rxDgu1Zrk5U0e58I2CBIlm-1.jpg","contentUrl":"https:\/\/vmsport.fi\/wp-content\/uploads\/2025\/03\/kewIqMVaxkI5USPtcP8rJlCzKSm8rxDgu1Zrk5U0e58I2CBIlm-1.jpg","width":800,"height":800,"caption":"kewIqMVaxkI5USPtcP8rJlCzKSm8rxDgu1Zrk5U0e58I2CBIlm"},{"@type":"BreadcrumbList","@id":"https:\/\/vmsport.fi\/verkkokauppa\/tarvikkeet\/telineet\/sailytys-ja-kuljetustelineet\/muc-off-disc-brake-covers-camo\/#breadcrumb","itemListElement":[{"@type":"ListItem","position":1,"name":"Etusivu","item":"https:\/\/vmsport.fi\/"},{"@type":"ListItem","position":2,"name":"Online Store","item":"https:\/\/vmsport.fi\/en\/online-store\/"},{"@type":"ListItem","position":3,"name":"MUC-OFF Disc Brake Covers CAMO"}]},{"@type":"WebSite","@id":"https:\/\/vmsport.fi\/#website","url":"https:\/\/vmsport.fi\/","name":"Vmsport","description":"Allt p\u00e5 ett st\u00e4lle f\u00f6r cykling","publisher":{"@id":"https:\/\/vmsport.fi\/#organization"},"potentialAction":[{"@type":"SearchAction","target":{"@type":"EntryPoint","urlTemplate":"https:\/\/vmsport.fi\/?s={search_term_string}"},"query-input":{"@type":"PropertyValueSpecification","valueRequired":true,"valueName":"search_term_string"}}],"inLanguage":"sv-SE"},{"@type":"Organization","@id":"https:\/\/vmsport.fi\/#organization","name":"Vmsport","url":"https:\/\/vmsport.fi\/","logo":{"@type":"ImageObject","inLanguage":"sv-SE","@id":"https:\/\/vmsport.fi\/#\/schema\/logo\/image\/","url":"https:\/\/vmsport.fi\/wp-content\/uploads\/2024\/12\/vm_sport_RGB_horisontal-e1734526017575.png","contentUrl":"https:\/\/vmsport.fi\/wp-content\/uploads\/2024\/12\/vm_sport_RGB_horisontal-e1734526017575.png","width":668,"height":85,"caption":"Vmsport"},"image":{"@id":"https:\/\/vmsport.fi\/#\/schema\/logo\/image\/"},"sameAs":["https:\/\/www.facebook.com\/Vmsport.fi\/","https:\/\/www.instagram.com\/vmsport\/"]}]}},"global_unique_id":"","_links":{"self":[{"href":"https:\/\/vmsport.fi\/sv\/wp-json\/wp\/v2\/product\/56955","targetHints":{"allow":["GET"]}}],"collection":[{"href":"https:\/\/vmsport.fi\/sv\/wp-json\/wp\/v2\/product"}],"about":[{"href":"https:\/\/vmsport.fi\/sv\/wp-json\/wp\/v2\/types\/product"}],"replies":[{"embeddable":true,"href":"https:\/\/vmsport.fi\/sv\/wp-json\/wp\/v2\/comments?post=56955"}],"wp:featuredmedia":[{"embeddable":true,"href":"https:\/\/vmsport.fi\/sv\/wp-json\/wp\/v2\/media\/56954"}],"wp:attachment":[{"href":"https:\/\/vmsport.fi\/sv\/wp-json\/wp\/v2\/media?parent=56955"}],"wp:term":[{"taxonomy":"product_brand","embeddable":true,"href":"https:\/\/vmsport.fi\/sv\/wp-json\/wp\/v2\/product_brand?post=56955"},{"taxonomy":"product_model","embeddable":true,"href":"https:\/\/vmsport.fi\/sv\/wp-json\/wp\/v2\/product_model?post=56955"},{"taxonomy":"product_cat","embeddable":true,"href":"https:\/\/vmsport.fi\/sv\/wp-json\/wp\/v2\/product_cat?post=56955"},{"taxonomy":"product_tag","embeddable":true,"href":"https:\/\/vmsport.fi\/sv\/wp-json\/wp\/v2\/product_tag?post=56955"},{"taxonomy":"industry_terminology","embeddable":true,"href":"https:\/\/vmsport.fi\/sv\/wp-json\/wp\/v2\/industry-terminology?post=56955"}],"curies":[{"name":"wp","href":"https:\/\/api.w.org\/{rel}","templated":true}]}}