{"id":56944,"date":"2025-03-06T00:25:59","date_gmt":"2025-03-05T22:25:59","guid":{"rendered":"https:\/\/vmsport.fi\/verkkokauppa\/Ei-luokiteltu\/bontrager-xr2-comp-mtb-29-x-2-2\/"},"modified":"2026-01-16T13:20:51","modified_gmt":"2026-01-16T11:20:51","slug":"bontrager-xr2-comp-mtb-29-x-2-2","status":"publish","type":"product","link":"https:\/\/vmsport.fi\/sv\/verkkokauppa\/renkaat\/ulkorenkaat\/maastopyoran-renkaat\/bontrager-xr2-comp-mtb-29-x-2-2\/","title":{"rendered":"Bontrager XR2 Comp MTB 29\u2033 x 2,2\u2033"},"content":{"rendered":"<p>Bontrager XR2 Comp MTB 29\u2033 x 2,2\u2033 \u00e4r utformat f\u00f6r mountainbikecyklister som s\u00f6ker ett p\u00e5litligt d\u00e4ck f\u00f6r allroundk\u00f6rning i terr\u00e4ng. Dess snabba rullegenskaper ger ett j\u00e4mnt och f\u00f6ruts\u00e4gbart grepp i alla v\u00e4derf\u00f6rh\u00e5llanden. D\u00e4cket presterar s\u00e4rskilt bra p\u00e5 l\u00f6sa och h\u00e5rda underlag, vilket g\u00f6r det till ett idealiskt val f\u00f6r en m\u00e4ngd olika sp\u00e5rf\u00f6rh\u00e5llanden. Detta d\u00e4ck \u00e4r utformat f\u00f6r att erbjuda m\u00e5ngsidig och p\u00e5litlig prestanda, vilket s\u00e4kerst\u00e4ller att din cykelupplevelse alltid \u00e4r optimal.<\/p>","protected":false},"excerpt":{"rendered":"<p>Bontrager XR2 Comp MTB 29&#8243; x 2.2&#8243; on suunniteltu maastopy\u00f6r\u00e4ilij\u00f6ille, jotka etsiv\u00e4t luotettavaa rengasta monipuoliseen maastoajoon. Sen nopeat rullaavat ominaisuudet tarjoavat tasaisen ja ennakoitavan pidon kaikissa s\u00e4\u00e4olosuhteissa. Rengas toimii erinomaisesti erityisesti irtonaisella ja kovapintaisella alustalla, mik\u00e4 tekee siit\u00e4 ihanteellisen valinnan erilaisiin polkuolosuhteisiin. T\u00e4m\u00e4 rengas on suunniteltu tarjoamaan monipuolista ja luotettavaa suorituskyky\u00e4, varmistaen, ett\u00e4 py\u00f6r\u00e4ilykokemuksesi on [&#8230;]<\/p>\n<p><a class=\"btn btn-secondary understrap-read-more-link\" href=\"https:\/\/vmsport.fi\/sv\/verkkokauppa\/renkaat\/ulkorenkaat\/maastopyoran-renkaat\/bontrager-xr2-comp-mtb-29-x-2-2\/\">L\u00e4s mer \u2026<span class=\"screen-reader-text\"> from Bontrager XR2 Comp MTB 29&#8243; x 2.2&#8243;<\/span><\/a><\/p>\n","protected":false},"featured_media":56943,"comment_status":"open","ping_status":"closed","template":"","meta":{"_acf_changed":false,"_improvement_type_select":"improve_an_existing","_thumb_yes_seoaic":false,"_frame_yes_seoaic":false,"seoaic_generate_description":"","seoaic_improve_instructions_prompt":"","seoaic_rollback_content_improvement":"","seoaic_idea_thumbnail_generator":"","thumbnail_generated":false,"thumbnail_generate_prompt":"","seoaic_article_description":"","_supplier_stock_quantity":0},"product_brand":[],"product_model":[],"product_cat":[9314],"product_tag":[],"industry-terminology":[],"class_list":{"0":"post-56944","1":"product","2":"type-product","3":"status-publish","4":"has-post-thumbnail","6":"product_cat-maastopyoran-renkaat","8":"first","9":"instock","10":"taxable","11":"shipping-taxable","12":"purchasable","13":"product-type-simple"},"acf":{"bike_features":null,"overview":{"copy_overview":null,"key_features":null,"statement":"","youtube_url":""}},"yoast_head":"<!-- This site is optimized with the Yoast SEO plugin v27.3 - https:\/\/yoast.com\/product\/yoast-seo-wordpress\/ -->\n<title>Bontrager XR2 Comp MTB 29&quot; x 2.2&quot; - VM Sport<\/title>\n<meta name=\"robots\" content=\"index, follow, max-snippet:-1, max-image-preview:large, max-video-preview:-1\" \/>\n<link rel=\"canonical\" href=\"https:\/\/vmsport.fi\/sv\/webbutik\/dack\/dack-for-utomhusbruk\/dack-for-terrangfordon\/bontrager-xr2-comp-mtb-29-x-2-2\/\" \/>\n<meta property=\"og:locale\" content=\"sv_SE\" \/>\n<meta property=\"og:type\" content=\"article\" \/>\n<meta property=\"og:title\" content=\"Bontrager XR2 Comp MTB 29&quot; x 2.2&quot; - VM Sport\" \/>\n<meta property=\"og:description\" content=\"Bontrager XR2 Comp MTB 29&#8243; x 2.2&#8243; on suunniteltu maastopy\u00f6r\u00e4ilij\u00f6ille, jotka etsiv\u00e4t luotettavaa rengasta monipuoliseen maastoajoon. Sen nopeat rullaavat ominaisuudet tarjoavat tasaisen ja ennakoitavan pidon kaikissa s\u00e4\u00e4olosuhteissa. Rengas toimii erinomaisesti erityisesti irtonaisella ja kovapintaisella alustalla, mik\u00e4 tekee siit\u00e4 ihanteellisen valinnan erilaisiin polkuolosuhteisiin. T\u00e4m\u00e4 rengas on suunniteltu tarjoamaan monipuolista ja luotettavaa suorituskyky\u00e4, varmistaen, ett\u00e4 py\u00f6r\u00e4ilykokemuksesi on [...]L\u00e4s mer \u2026 from Bontrager XR2 Comp MTB 29&#8243; x 2.2&#8243;\" \/>\n<meta property=\"og:url\" content=\"https:\/\/vmsport.fi\/sv\/webbutik\/dack\/dack-for-utomhusbruk\/dack-for-terrangfordon\/bontrager-xr2-comp-mtb-29-x-2-2\/\" \/>\n<meta property=\"og:site_name\" content=\"VM Sport\" \/>\n<meta property=\"article:publisher\" content=\"https:\/\/www.facebook.com\/Vmsport.fi\/\" \/>\n<meta property=\"article:modified_time\" content=\"2026-01-16T11:20:51+00:00\" \/>\n<meta property=\"og:image\" content=\"https:\/\/vmsport.fi\/wp-content\/uploads\/2025\/03\/BontragerXR2Comp-11868-D-Primary-1.jpg\" \/>\n\t<meta property=\"og:image:width\" content=\"1000\" \/>\n\t<meta property=\"og:image:height\" content=\"750\" \/>\n\t<meta property=\"og:image:type\" content=\"image\/jpeg\" \/>\n<meta name=\"twitter:card\" content=\"summary_large_image\" \/>\n<script type=\"application\/ld+json\" class=\"yoast-schema-graph\">{\"@context\":\"https:\\\/\\\/schema.org\",\"@graph\":[{\"@type\":[\"WebPage\",\"ItemPage\"],\"@id\":\"https:\\\/\\\/vmsport.fi\\\/verkkokauppa\\\/renkaat\\\/ulkorenkaat\\\/maastopyoran-renkaat\\\/bontrager-xr2-comp-mtb-29-x-2-2\\\/\",\"url\":\"https:\\\/\\\/vmsport.fi\\\/verkkokauppa\\\/renkaat\\\/ulkorenkaat\\\/maastopyoran-renkaat\\\/bontrager-xr2-comp-mtb-29-x-2-2\\\/\",\"name\":\"Bontrager XR2 Comp MTB 29\\\" x 2.2\\\" - VM Sport\",\"isPartOf\":{\"@id\":\"https:\\\/\\\/vmsport.fi\\\/#website\"},\"primaryImageOfPage\":{\"@id\":\"https:\\\/\\\/vmsport.fi\\\/verkkokauppa\\\/renkaat\\\/ulkorenkaat\\\/maastopyoran-renkaat\\\/bontrager-xr2-comp-mtb-29-x-2-2\\\/#primaryimage\"},\"image\":{\"@id\":\"https:\\\/\\\/vmsport.fi\\\/verkkokauppa\\\/renkaat\\\/ulkorenkaat\\\/maastopyoran-renkaat\\\/bontrager-xr2-comp-mtb-29-x-2-2\\\/#primaryimage\"},\"thumbnailUrl\":\"https:\\\/\\\/vmsport.fi\\\/wp-content\\\/uploads\\\/2025\\\/03\\\/BontragerXR2Comp-11868-D-Primary-1.jpg\",\"datePublished\":\"2025-03-05T22:25:59+00:00\",\"dateModified\":\"2026-01-16T11:20:51+00:00\",\"breadcrumb\":{\"@id\":\"https:\\\/\\\/vmsport.fi\\\/verkkokauppa\\\/renkaat\\\/ulkorenkaat\\\/maastopyoran-renkaat\\\/bontrager-xr2-comp-mtb-29-x-2-2\\\/#breadcrumb\"},\"inLanguage\":\"sv-SE\",\"potentialAction\":[{\"@type\":\"ReadAction\",\"target\":[\"https:\\\/\\\/vmsport.fi\\\/verkkokauppa\\\/renkaat\\\/ulkorenkaat\\\/maastopyoran-renkaat\\\/bontrager-xr2-comp-mtb-29-x-2-2\\\/\"]}]},{\"@type\":\"ImageObject\",\"inLanguage\":\"sv-SE\",\"@id\":\"https:\\\/\\\/vmsport.fi\\\/verkkokauppa\\\/renkaat\\\/ulkorenkaat\\\/maastopyoran-renkaat\\\/bontrager-xr2-comp-mtb-29-x-2-2\\\/#primaryimage\",\"url\":\"https:\\\/\\\/vmsport.fi\\\/wp-content\\\/uploads\\\/2025\\\/03\\\/BontragerXR2Comp-11868-D-Primary-1.jpg\",\"contentUrl\":\"https:\\\/\\\/vmsport.fi\\\/wp-content\\\/uploads\\\/2025\\\/03\\\/BontragerXR2Comp-11868-D-Primary-1.jpg\",\"width\":1000,\"height\":750,\"caption\":\"BontragerXR2Comp-11868-D-Primary\"},{\"@type\":\"BreadcrumbList\",\"@id\":\"https:\\\/\\\/vmsport.fi\\\/verkkokauppa\\\/renkaat\\\/ulkorenkaat\\\/maastopyoran-renkaat\\\/bontrager-xr2-comp-mtb-29-x-2-2\\\/#breadcrumb\",\"itemListElement\":[{\"@type\":\"ListItem\",\"position\":1,\"name\":\"Etusivu\",\"item\":\"https:\\\/\\\/vmsport.fi\\\/\"},{\"@type\":\"ListItem\",\"position\":2,\"name\":\"Online Store\",\"item\":\"https:\\\/\\\/vmsport.fi\\\/en\\\/online-store\\\/\"},{\"@type\":\"ListItem\",\"position\":3,\"name\":\"Bontrager XR2 Comp MTB 29&#8243; x 2.2&#8243;\"}]},{\"@type\":\"WebSite\",\"@id\":\"https:\\\/\\\/vmsport.fi\\\/#website\",\"url\":\"https:\\\/\\\/vmsport.fi\\\/\",\"name\":\"Vmsport\",\"description\":\"Kaikki py\u00f6r\u00e4ilyyn yhdest\u00e4 paikasta\",\"publisher\":{\"@id\":\"https:\\\/\\\/vmsport.fi\\\/#organization\"},\"potentialAction\":[{\"@type\":\"SearchAction\",\"target\":{\"@type\":\"EntryPoint\",\"urlTemplate\":\"https:\\\/\\\/vmsport.fi\\\/?s={search_term_string}\"},\"query-input\":{\"@type\":\"PropertyValueSpecification\",\"valueRequired\":true,\"valueName\":\"search_term_string\"}}],\"inLanguage\":\"sv-SE\"},{\"@type\":\"Organization\",\"@id\":\"https:\\\/\\\/vmsport.fi\\\/#organization\",\"name\":\"Vmsport\",\"url\":\"https:\\\/\\\/vmsport.fi\\\/\",\"logo\":{\"@type\":\"ImageObject\",\"inLanguage\":\"sv-SE\",\"@id\":\"https:\\\/\\\/vmsport.fi\\\/#\\\/schema\\\/logo\\\/image\\\/\",\"url\":\"https:\\\/\\\/vmsport.fi\\\/wp-content\\\/uploads\\\/2024\\\/12\\\/vm_sport_RGB_horisontal-e1734526017575.png\",\"contentUrl\":\"https:\\\/\\\/vmsport.fi\\\/wp-content\\\/uploads\\\/2024\\\/12\\\/vm_sport_RGB_horisontal-e1734526017575.png\",\"width\":668,\"height\":85,\"caption\":\"Vmsport\"},\"image\":{\"@id\":\"https:\\\/\\\/vmsport.fi\\\/#\\\/schema\\\/logo\\\/image\\\/\"},\"sameAs\":[\"https:\\\/\\\/www.facebook.com\\\/Vmsport.fi\\\/\",\"https:\\\/\\\/www.instagram.com\\\/vmsport\\\/\"]}]}<\/script>\n<!-- \/ Yoast SEO plugin. -->","yoast_head_json":{"title":"Bontrager XR2 Comp MTB 29\" x 2,2\" - VM Sport","robots":{"index":"index","follow":"follow","max-snippet":"max-snippet:-1","max-image-preview":"max-image-preview:large","max-video-preview":"max-video-preview:-1"},"canonical":"https:\/\/vmsport.fi\/sv\/webbutik\/dack\/dack-for-utomhusbruk\/dack-for-terrangfordon\/bontrager-xr2-comp-mtb-29-x-2-2\/","og_locale":"sv_SE","og_type":"article","og_title":"Bontrager XR2 Comp MTB 29\" x 2.2\" - VM Sport","og_description":"Bontrager XR2 Comp MTB 29&#8243; x 2.2&#8243; on suunniteltu maastopy\u00f6r\u00e4ilij\u00f6ille, jotka etsiv\u00e4t luotettavaa rengasta monipuoliseen maastoajoon. Sen nopeat rullaavat ominaisuudet tarjoavat tasaisen ja ennakoitavan pidon kaikissa s\u00e4\u00e4olosuhteissa. Rengas toimii erinomaisesti erityisesti irtonaisella ja kovapintaisella alustalla, mik\u00e4 tekee siit\u00e4 ihanteellisen valinnan erilaisiin polkuolosuhteisiin. T\u00e4m\u00e4 rengas on suunniteltu tarjoamaan monipuolista ja luotettavaa suorituskyky\u00e4, varmistaen, ett\u00e4 py\u00f6r\u00e4ilykokemuksesi on [...]L\u00e4s mer \u2026 from Bontrager XR2 Comp MTB 29&#8243; x 2.2&#8243;","og_url":"https:\/\/vmsport.fi\/sv\/webbutik\/dack\/dack-for-utomhusbruk\/dack-for-terrangfordon\/bontrager-xr2-comp-mtb-29-x-2-2\/","og_site_name":"VM Sport","article_publisher":"https:\/\/www.facebook.com\/Vmsport.fi\/","article_modified_time":"2026-01-16T11:20:51+00:00","og_image":[{"width":1000,"height":750,"url":"https:\/\/vmsport.fi\/wp-content\/uploads\/2025\/03\/BontragerXR2Comp-11868-D-Primary-1.jpg","type":"image\/jpeg"}],"twitter_card":"summary_large_image","schema":{"@context":"https:\/\/schema.org","@graph":[{"@type":["WebPage","ItemPage"],"@id":"https:\/\/vmsport.fi\/verkkokauppa\/renkaat\/ulkorenkaat\/maastopyoran-renkaat\/bontrager-xr2-comp-mtb-29-x-2-2\/","url":"https:\/\/vmsport.fi\/verkkokauppa\/renkaat\/ulkorenkaat\/maastopyoran-renkaat\/bontrager-xr2-comp-mtb-29-x-2-2\/","name":"Bontrager XR2 Comp MTB 29\" x 2,2\" - VM Sport","isPartOf":{"@id":"https:\/\/vmsport.fi\/#website"},"primaryImageOfPage":{"@id":"https:\/\/vmsport.fi\/verkkokauppa\/renkaat\/ulkorenkaat\/maastopyoran-renkaat\/bontrager-xr2-comp-mtb-29-x-2-2\/#primaryimage"},"image":{"@id":"https:\/\/vmsport.fi\/verkkokauppa\/renkaat\/ulkorenkaat\/maastopyoran-renkaat\/bontrager-xr2-comp-mtb-29-x-2-2\/#primaryimage"},"thumbnailUrl":"https:\/\/vmsport.fi\/wp-content\/uploads\/2025\/03\/BontragerXR2Comp-11868-D-Primary-1.jpg","datePublished":"2025-03-05T22:25:59+00:00","dateModified":"2026-01-16T11:20:51+00:00","breadcrumb":{"@id":"https:\/\/vmsport.fi\/verkkokauppa\/renkaat\/ulkorenkaat\/maastopyoran-renkaat\/bontrager-xr2-comp-mtb-29-x-2-2\/#breadcrumb"},"inLanguage":"sv-SE","potentialAction":[{"@type":"ReadAction","target":["https:\/\/vmsport.fi\/verkkokauppa\/renkaat\/ulkorenkaat\/maastopyoran-renkaat\/bontrager-xr2-comp-mtb-29-x-2-2\/"]}]},{"@type":"ImageObject","inLanguage":"sv-SE","@id":"https:\/\/vmsport.fi\/verkkokauppa\/renkaat\/ulkorenkaat\/maastopyoran-renkaat\/bontrager-xr2-comp-mtb-29-x-2-2\/#primaryimage","url":"https:\/\/vmsport.fi\/wp-content\/uploads\/2025\/03\/BontragerXR2Comp-11868-D-Primary-1.jpg","contentUrl":"https:\/\/vmsport.fi\/wp-content\/uploads\/2025\/03\/BontragerXR2Comp-11868-D-Primary-1.jpg","width":1000,"height":750,"caption":"BontragerXR2Comp-11868-D-Primary"},{"@type":"BreadcrumbList","@id":"https:\/\/vmsport.fi\/verkkokauppa\/renkaat\/ulkorenkaat\/maastopyoran-renkaat\/bontrager-xr2-comp-mtb-29-x-2-2\/#breadcrumb","itemListElement":[{"@type":"ListItem","position":1,"name":"Etusivu","item":"https:\/\/vmsport.fi\/"},{"@type":"ListItem","position":2,"name":"Online Store","item":"https:\/\/vmsport.fi\/en\/online-store\/"},{"@type":"ListItem","position":3,"name":"Bontrager XR2 Comp MTB 29&#8243; x 2.2&#8243;"}]},{"@type":"WebSite","@id":"https:\/\/vmsport.fi\/#website","url":"https:\/\/vmsport.fi\/","name":"Vmsport","description":"Allt p\u00e5 ett st\u00e4lle f\u00f6r cykling","publisher":{"@id":"https:\/\/vmsport.fi\/#organization"},"potentialAction":[{"@type":"SearchAction","target":{"@type":"EntryPoint","urlTemplate":"https:\/\/vmsport.fi\/?s={search_term_string}"},"query-input":{"@type":"PropertyValueSpecification","valueRequired":true,"valueName":"search_term_string"}}],"inLanguage":"sv-SE"},{"@type":"Organization","@id":"https:\/\/vmsport.fi\/#organization","name":"Vmsport","url":"https:\/\/vmsport.fi\/","logo":{"@type":"ImageObject","inLanguage":"sv-SE","@id":"https:\/\/vmsport.fi\/#\/schema\/logo\/image\/","url":"https:\/\/vmsport.fi\/wp-content\/uploads\/2024\/12\/vm_sport_RGB_horisontal-e1734526017575.png","contentUrl":"https:\/\/vmsport.fi\/wp-content\/uploads\/2024\/12\/vm_sport_RGB_horisontal-e1734526017575.png","width":668,"height":85,"caption":"Vmsport"},"image":{"@id":"https:\/\/vmsport.fi\/#\/schema\/logo\/image\/"},"sameAs":["https:\/\/www.facebook.com\/Vmsport.fi\/","https:\/\/www.instagram.com\/vmsport\/"]}]}},"global_unique_id":"","_links":{"self":[{"href":"https:\/\/vmsport.fi\/sv\/wp-json\/wp\/v2\/product\/56944","targetHints":{"allow":["GET"]}}],"collection":[{"href":"https:\/\/vmsport.fi\/sv\/wp-json\/wp\/v2\/product"}],"about":[{"href":"https:\/\/vmsport.fi\/sv\/wp-json\/wp\/v2\/types\/product"}],"replies":[{"embeddable":true,"href":"https:\/\/vmsport.fi\/sv\/wp-json\/wp\/v2\/comments?post=56944"}],"wp:featuredmedia":[{"embeddable":true,"href":"https:\/\/vmsport.fi\/sv\/wp-json\/wp\/v2\/media\/56943"}],"wp:attachment":[{"href":"https:\/\/vmsport.fi\/sv\/wp-json\/wp\/v2\/media?parent=56944"}],"wp:term":[{"taxonomy":"product_brand","embeddable":true,"href":"https:\/\/vmsport.fi\/sv\/wp-json\/wp\/v2\/product_brand?post=56944"},{"taxonomy":"product_model","embeddable":true,"href":"https:\/\/vmsport.fi\/sv\/wp-json\/wp\/v2\/product_model?post=56944"},{"taxonomy":"product_cat","embeddable":true,"href":"https:\/\/vmsport.fi\/sv\/wp-json\/wp\/v2\/product_cat?post=56944"},{"taxonomy":"product_tag","embeddable":true,"href":"https:\/\/vmsport.fi\/sv\/wp-json\/wp\/v2\/product_tag?post=56944"},{"taxonomy":"industry_terminology","embeddable":true,"href":"https:\/\/vmsport.fi\/sv\/wp-json\/wp\/v2\/industry-terminology?post=56944"}],"curies":[{"name":"wp","href":"https:\/\/api.w.org\/{rel}","templated":true}]}}