{"id":56932,"date":"2025-03-06T00:25:52","date_gmt":"2025-03-05T22:25:52","guid":{"rendered":"https:\/\/vmsport.fi\/verkkokauppa\/Ei-luokiteltu\/sram-dub-bb386-road-bb386\/"},"modified":"2026-01-16T13:21:25","modified_gmt":"2026-01-16T11:21:25","slug":"sram-dub-bb386-road-bb386","status":"publish","type":"product","link":"https:\/\/vmsport.fi\/sv\/verkkokauppa\/varaosat\/voimansiirto\/keskiolaakerit\/sram-dub-bb386-road-bb386\/","title":{"rendered":"SRAM DUB BB386 (landsv\u00e4g) BB386"},"content":{"rendered":"<p>SRAM DUB BB386 (Road) on huippuluokan py\u00f6r\u00e4n keski\u00f6laakeri, joka on erityisesti suunniteltu maantiepy\u00f6r\u00e4ilyyn. T\u00e4m\u00e4 kevyt ja kest\u00e4v\u00e4 komponentti takaa erinomaisen suorituskyvyn ja luotettavuuden. Laakeri varmistaa tehokkaan voimansiirron, mik\u00e4 parantaa ajokokemusta merkitt\u00e4v\u00e4sti. DUB-teknologian ansiosta keski\u00f6laakeri on yhteensopiva monenlaisten py\u00f6r\u00e4mallien kanssa, joten se soveltuu useisiin erilaisiin runkosuunnitteluihin. Laakerin innovatiivinen rakenne helpottaa sen asennusta ja huoltoa. T\u00e4m\u00e4 on paras valinta niille, jotka arvostavat korkeaa luotettavuutta ja erinomaista suorituskyky\u00e4.<\/p>","protected":false},"excerpt":{"rendered":"<p>SRAM DUB BB386 (Road) on huippuluokan py\u00f6r\u00e4n keski\u00f6laakeri, joka on erityisesti suunniteltu maantiepy\u00f6r\u00e4ilyyn. T\u00e4m\u00e4 kevyt ja kest\u00e4v\u00e4 komponentti takaa erinomaisen suorituskyvyn ja luotettavuuden. Laakeri varmistaa tehokkaan voimansiirron, mik\u00e4 parantaa ajokokemusta merkitt\u00e4v\u00e4sti. DUB-teknologian ansiosta keski\u00f6laakeri on yhteensopiva monenlaisten py\u00f6r\u00e4mallien kanssa, joten se soveltuu useisiin erilaisiin runkosuunnitteluihin. Laakerin innovatiivinen rakenne helpottaa sen asennusta ja huoltoa. T\u00e4m\u00e4 on [&#8230;]<\/p>\n<p><a class=\"btn btn-secondary understrap-read-more-link\" href=\"https:\/\/vmsport.fi\/sv\/verkkokauppa\/varaosat\/voimansiirto\/keskiolaakerit\/sram-dub-bb386-road-bb386\/\">L\u00e4s mer \u2026<span class=\"screen-reader-text\"> from SRAM DUB BB386 (Road) BB386<\/span><\/a><\/p>\n","protected":false},"featured_media":56931,"comment_status":"open","ping_status":"closed","template":"","meta":{"_acf_changed":false,"_improvement_type_select":"improve_an_existing","_thumb_yes_seoaic":false,"_frame_yes_seoaic":false,"seoaic_generate_description":"","seoaic_improve_instructions_prompt":"","seoaic_rollback_content_improvement":"","seoaic_idea_thumbnail_generator":"","thumbnail_generated":false,"thumbnail_generate_prompt":"","seoaic_article_description":"","_supplier_stock_quantity":0},"product_brand":[1588],"product_model":[],"product_cat":[9350],"product_tag":[],"industry-terminology":[],"class_list":{"0":"post-56932","1":"product","2":"type-product","3":"status-publish","4":"has-post-thumbnail","6":"product_brand-sram","7":"product_cat-keskiolaakerit","9":"first","10":"instock","11":"taxable","12":"shipping-taxable","13":"purchasable","14":"product-type-simple"},"acf":{"bike_features":null,"overview":{"copy_overview":null,"key_features":null,"statement":"","youtube_url":""}},"yoast_head":"<!-- This site is optimized with the Yoast SEO plugin v27.3 - https:\/\/yoast.com\/product\/yoast-seo-wordpress\/ -->\n<title>SRAM DUB BB386 (Road) BB386 - VM Sport<\/title>\n<meta name=\"robots\" content=\"index, follow, max-snippet:-1, max-image-preview:large, max-video-preview:-1\" \/>\n<link rel=\"canonical\" href=\"https:\/\/vmsport.fi\/sv\/webbutik\/reservdelar\/transmission\/mittlager\/sram-dub-bb386-road-bb386\/\" \/>\n<meta property=\"og:locale\" content=\"sv_SE\" \/>\n<meta property=\"og:type\" content=\"article\" \/>\n<meta property=\"og:title\" content=\"SRAM DUB BB386 (Road) BB386 - VM Sport\" \/>\n<meta property=\"og:description\" content=\"SRAM DUB BB386 (Road) on huippuluokan py\u00f6r\u00e4n keski\u00f6laakeri, joka on erityisesti suunniteltu maantiepy\u00f6r\u00e4ilyyn. T\u00e4m\u00e4 kevyt ja kest\u00e4v\u00e4 komponentti takaa erinomaisen suorituskyvyn ja luotettavuuden. Laakeri varmistaa tehokkaan voimansiirron, mik\u00e4 parantaa ajokokemusta merkitt\u00e4v\u00e4sti. DUB-teknologian ansiosta keski\u00f6laakeri on yhteensopiva monenlaisten py\u00f6r\u00e4mallien kanssa, joten se soveltuu useisiin erilaisiin runkosuunnitteluihin. Laakerin innovatiivinen rakenne helpottaa sen asennusta ja huoltoa. T\u00e4m\u00e4 on [...]L\u00e4s mer \u2026 from SRAM DUB BB386 (Road) BB386\" \/>\n<meta property=\"og:url\" content=\"https:\/\/vmsport.fi\/sv\/webbutik\/reservdelar\/transmission\/mittlager\/sram-dub-bb386-road-bb386\/\" \/>\n<meta property=\"og:site_name\" content=\"VM Sport\" \/>\n<meta property=\"article:publisher\" content=\"https:\/\/www.facebook.com\/Vmsport.fi\/\" \/>\n<meta property=\"article:modified_time\" content=\"2026-01-16T11:21:25+00:00\" \/>\n<meta property=\"og:image\" content=\"https:\/\/vmsport.fi\/wp-content\/uploads\/2025\/03\/eCO4c49Umi9JohUGX0Ya2hqTqurC27f65uRTTHertfoyUAmJvQ-1.jpg\" \/>\n\t<meta property=\"og:image:width\" content=\"800\" \/>\n\t<meta property=\"og:image:height\" content=\"800\" \/>\n\t<meta property=\"og:image:type\" content=\"image\/jpeg\" \/>\n<meta name=\"twitter:card\" content=\"summary_large_image\" \/>\n<script type=\"application\/ld+json\" class=\"yoast-schema-graph\">{\"@context\":\"https:\\\/\\\/schema.org\",\"@graph\":[{\"@type\":[\"WebPage\",\"ItemPage\"],\"@id\":\"https:\\\/\\\/vmsport.fi\\\/verkkokauppa\\\/varaosat\\\/voimansiirto\\\/keskiolaakerit\\\/sram-dub-bb386-road-bb386\\\/\",\"url\":\"https:\\\/\\\/vmsport.fi\\\/verkkokauppa\\\/varaosat\\\/voimansiirto\\\/keskiolaakerit\\\/sram-dub-bb386-road-bb386\\\/\",\"name\":\"SRAM DUB BB386 (Road) BB386 - VM Sport\",\"isPartOf\":{\"@id\":\"https:\\\/\\\/vmsport.fi\\\/#website\"},\"primaryImageOfPage\":{\"@id\":\"https:\\\/\\\/vmsport.fi\\\/verkkokauppa\\\/varaosat\\\/voimansiirto\\\/keskiolaakerit\\\/sram-dub-bb386-road-bb386\\\/#primaryimage\"},\"image\":{\"@id\":\"https:\\\/\\\/vmsport.fi\\\/verkkokauppa\\\/varaosat\\\/voimansiirto\\\/keskiolaakerit\\\/sram-dub-bb386-road-bb386\\\/#primaryimage\"},\"thumbnailUrl\":\"https:\\\/\\\/vmsport.fi\\\/wp-content\\\/uploads\\\/2025\\\/03\\\/eCO4c49Umi9JohUGX0Ya2hqTqurC27f65uRTTHertfoyUAmJvQ-1.jpg\",\"datePublished\":\"2025-03-05T22:25:52+00:00\",\"dateModified\":\"2026-01-16T11:21:25+00:00\",\"breadcrumb\":{\"@id\":\"https:\\\/\\\/vmsport.fi\\\/verkkokauppa\\\/varaosat\\\/voimansiirto\\\/keskiolaakerit\\\/sram-dub-bb386-road-bb386\\\/#breadcrumb\"},\"inLanguage\":\"sv-SE\",\"potentialAction\":[{\"@type\":\"ReadAction\",\"target\":[\"https:\\\/\\\/vmsport.fi\\\/verkkokauppa\\\/varaosat\\\/voimansiirto\\\/keskiolaakerit\\\/sram-dub-bb386-road-bb386\\\/\"]}]},{\"@type\":\"ImageObject\",\"inLanguage\":\"sv-SE\",\"@id\":\"https:\\\/\\\/vmsport.fi\\\/verkkokauppa\\\/varaosat\\\/voimansiirto\\\/keskiolaakerit\\\/sram-dub-bb386-road-bb386\\\/#primaryimage\",\"url\":\"https:\\\/\\\/vmsport.fi\\\/wp-content\\\/uploads\\\/2025\\\/03\\\/eCO4c49Umi9JohUGX0Ya2hqTqurC27f65uRTTHertfoyUAmJvQ-1.jpg\",\"contentUrl\":\"https:\\\/\\\/vmsport.fi\\\/wp-content\\\/uploads\\\/2025\\\/03\\\/eCO4c49Umi9JohUGX0Ya2hqTqurC27f65uRTTHertfoyUAmJvQ-1.jpg\",\"width\":800,\"height\":800,\"caption\":\"eCO4c49Umi9JohUGX0Ya2hqTqurC27f65uRTTHertfoyUAmJvQ\"},{\"@type\":\"BreadcrumbList\",\"@id\":\"https:\\\/\\\/vmsport.fi\\\/verkkokauppa\\\/varaosat\\\/voimansiirto\\\/keskiolaakerit\\\/sram-dub-bb386-road-bb386\\\/#breadcrumb\",\"itemListElement\":[{\"@type\":\"ListItem\",\"position\":1,\"name\":\"Etusivu\",\"item\":\"https:\\\/\\\/vmsport.fi\\\/\"},{\"@type\":\"ListItem\",\"position\":2,\"name\":\"Online Store\",\"item\":\"https:\\\/\\\/vmsport.fi\\\/en\\\/online-store\\\/\"},{\"@type\":\"ListItem\",\"position\":3,\"name\":\"SRAM DUB BB386 (Road) BB386\"}]},{\"@type\":\"WebSite\",\"@id\":\"https:\\\/\\\/vmsport.fi\\\/#website\",\"url\":\"https:\\\/\\\/vmsport.fi\\\/\",\"name\":\"Vmsport\",\"description\":\"Kaikki py\u00f6r\u00e4ilyyn yhdest\u00e4 paikasta\",\"publisher\":{\"@id\":\"https:\\\/\\\/vmsport.fi\\\/#organization\"},\"potentialAction\":[{\"@type\":\"SearchAction\",\"target\":{\"@type\":\"EntryPoint\",\"urlTemplate\":\"https:\\\/\\\/vmsport.fi\\\/?s={search_term_string}\"},\"query-input\":{\"@type\":\"PropertyValueSpecification\",\"valueRequired\":true,\"valueName\":\"search_term_string\"}}],\"inLanguage\":\"sv-SE\"},{\"@type\":\"Organization\",\"@id\":\"https:\\\/\\\/vmsport.fi\\\/#organization\",\"name\":\"Vmsport\",\"url\":\"https:\\\/\\\/vmsport.fi\\\/\",\"logo\":{\"@type\":\"ImageObject\",\"inLanguage\":\"sv-SE\",\"@id\":\"https:\\\/\\\/vmsport.fi\\\/#\\\/schema\\\/logo\\\/image\\\/\",\"url\":\"https:\\\/\\\/vmsport.fi\\\/wp-content\\\/uploads\\\/2024\\\/12\\\/vm_sport_RGB_horisontal-e1734526017575.png\",\"contentUrl\":\"https:\\\/\\\/vmsport.fi\\\/wp-content\\\/uploads\\\/2024\\\/12\\\/vm_sport_RGB_horisontal-e1734526017575.png\",\"width\":668,\"height\":85,\"caption\":\"Vmsport\"},\"image\":{\"@id\":\"https:\\\/\\\/vmsport.fi\\\/#\\\/schema\\\/logo\\\/image\\\/\"},\"sameAs\":[\"https:\\\/\\\/www.facebook.com\\\/Vmsport.fi\\\/\",\"https:\\\/\\\/www.instagram.com\\\/vmsport\\\/\"]}]}<\/script>\n<!-- \/ Yoast SEO plugin. -->","yoast_head_json":{"title":"SRAM DUB BB386 (Road) BB386 - VM Sport","robots":{"index":"index","follow":"follow","max-snippet":"max-snippet:-1","max-image-preview":"max-image-preview:large","max-video-preview":"max-video-preview:-1"},"canonical":"https:\/\/vmsport.fi\/sv\/webbutik\/reservdelar\/transmission\/mittlager\/sram-dub-bb386-road-bb386\/","og_locale":"sv_SE","og_type":"article","og_title":"SRAM DUB BB386 (Road) BB386 - VM Sport","og_description":"SRAM DUB BB386 (Road) on huippuluokan py\u00f6r\u00e4n keski\u00f6laakeri, joka on erityisesti suunniteltu maantiepy\u00f6r\u00e4ilyyn. T\u00e4m\u00e4 kevyt ja kest\u00e4v\u00e4 komponentti takaa erinomaisen suorituskyvyn ja luotettavuuden. Laakeri varmistaa tehokkaan voimansiirron, mik\u00e4 parantaa ajokokemusta merkitt\u00e4v\u00e4sti. DUB-teknologian ansiosta keski\u00f6laakeri on yhteensopiva monenlaisten py\u00f6r\u00e4mallien kanssa, joten se soveltuu useisiin erilaisiin runkosuunnitteluihin. Laakerin innovatiivinen rakenne helpottaa sen asennusta ja huoltoa. T\u00e4m\u00e4 on [...]L\u00e4s mer \u2026 from SRAM DUB BB386 (Road) BB386","og_url":"https:\/\/vmsport.fi\/sv\/webbutik\/reservdelar\/transmission\/mittlager\/sram-dub-bb386-road-bb386\/","og_site_name":"VM Sport","article_publisher":"https:\/\/www.facebook.com\/Vmsport.fi\/","article_modified_time":"2026-01-16T11:21:25+00:00","og_image":[{"width":800,"height":800,"url":"https:\/\/vmsport.fi\/wp-content\/uploads\/2025\/03\/eCO4c49Umi9JohUGX0Ya2hqTqurC27f65uRTTHertfoyUAmJvQ-1.jpg","type":"image\/jpeg"}],"twitter_card":"summary_large_image","schema":{"@context":"https:\/\/schema.org","@graph":[{"@type":["WebPage","ItemPage"],"@id":"https:\/\/vmsport.fi\/verkkokauppa\/varaosat\/voimansiirto\/keskiolaakerit\/sram-dub-bb386-road-bb386\/","url":"https:\/\/vmsport.fi\/verkkokauppa\/varaosat\/voimansiirto\/keskiolaakerit\/sram-dub-bb386-road-bb386\/","name":"SRAM DUB BB386 (Road) BB386 - VM Sport","isPartOf":{"@id":"https:\/\/vmsport.fi\/#website"},"primaryImageOfPage":{"@id":"https:\/\/vmsport.fi\/verkkokauppa\/varaosat\/voimansiirto\/keskiolaakerit\/sram-dub-bb386-road-bb386\/#primaryimage"},"image":{"@id":"https:\/\/vmsport.fi\/verkkokauppa\/varaosat\/voimansiirto\/keskiolaakerit\/sram-dub-bb386-road-bb386\/#primaryimage"},"thumbnailUrl":"https:\/\/vmsport.fi\/wp-content\/uploads\/2025\/03\/eCO4c49Umi9JohUGX0Ya2hqTqurC27f65uRTTHertfoyUAmJvQ-1.jpg","datePublished":"2025-03-05T22:25:52+00:00","dateModified":"2026-01-16T11:21:25+00:00","breadcrumb":{"@id":"https:\/\/vmsport.fi\/verkkokauppa\/varaosat\/voimansiirto\/keskiolaakerit\/sram-dub-bb386-road-bb386\/#breadcrumb"},"inLanguage":"sv-SE","potentialAction":[{"@type":"ReadAction","target":["https:\/\/vmsport.fi\/verkkokauppa\/varaosat\/voimansiirto\/keskiolaakerit\/sram-dub-bb386-road-bb386\/"]}]},{"@type":"ImageObject","inLanguage":"sv-SE","@id":"https:\/\/vmsport.fi\/verkkokauppa\/varaosat\/voimansiirto\/keskiolaakerit\/sram-dub-bb386-road-bb386\/#primaryimage","url":"https:\/\/vmsport.fi\/wp-content\/uploads\/2025\/03\/eCO4c49Umi9JohUGX0Ya2hqTqurC27f65uRTTHertfoyUAmJvQ-1.jpg","contentUrl":"https:\/\/vmsport.fi\/wp-content\/uploads\/2025\/03\/eCO4c49Umi9JohUGX0Ya2hqTqurC27f65uRTTHertfoyUAmJvQ-1.jpg","width":800,"height":800,"caption":"eCO4c49Umi9JohUGX0Ya2hqTqurC27f65uRTTHertfoyUAmJvQ"},{"@type":"BreadcrumbList","@id":"https:\/\/vmsport.fi\/verkkokauppa\/varaosat\/voimansiirto\/keskiolaakerit\/sram-dub-bb386-road-bb386\/#breadcrumb","itemListElement":[{"@type":"ListItem","position":1,"name":"Etusivu","item":"https:\/\/vmsport.fi\/"},{"@type":"ListItem","position":2,"name":"Online Store","item":"https:\/\/vmsport.fi\/en\/online-store\/"},{"@type":"ListItem","position":3,"name":"SRAM DUB BB386 (Road) BB386"}]},{"@type":"WebSite","@id":"https:\/\/vmsport.fi\/#website","url":"https:\/\/vmsport.fi\/","name":"Vmsport","description":"Allt p\u00e5 ett st\u00e4lle f\u00f6r cykling","publisher":{"@id":"https:\/\/vmsport.fi\/#organization"},"potentialAction":[{"@type":"SearchAction","target":{"@type":"EntryPoint","urlTemplate":"https:\/\/vmsport.fi\/?s={search_term_string}"},"query-input":{"@type":"PropertyValueSpecification","valueRequired":true,"valueName":"search_term_string"}}],"inLanguage":"sv-SE"},{"@type":"Organization","@id":"https:\/\/vmsport.fi\/#organization","name":"Vmsport","url":"https:\/\/vmsport.fi\/","logo":{"@type":"ImageObject","inLanguage":"sv-SE","@id":"https:\/\/vmsport.fi\/#\/schema\/logo\/image\/","url":"https:\/\/vmsport.fi\/wp-content\/uploads\/2024\/12\/vm_sport_RGB_horisontal-e1734526017575.png","contentUrl":"https:\/\/vmsport.fi\/wp-content\/uploads\/2024\/12\/vm_sport_RGB_horisontal-e1734526017575.png","width":668,"height":85,"caption":"Vmsport"},"image":{"@id":"https:\/\/vmsport.fi\/#\/schema\/logo\/image\/"},"sameAs":["https:\/\/www.facebook.com\/Vmsport.fi\/","https:\/\/www.instagram.com\/vmsport\/"]}]}},"global_unique_id":"","_links":{"self":[{"href":"https:\/\/vmsport.fi\/sv\/wp-json\/wp\/v2\/product\/56932","targetHints":{"allow":["GET"]}}],"collection":[{"href":"https:\/\/vmsport.fi\/sv\/wp-json\/wp\/v2\/product"}],"about":[{"href":"https:\/\/vmsport.fi\/sv\/wp-json\/wp\/v2\/types\/product"}],"replies":[{"embeddable":true,"href":"https:\/\/vmsport.fi\/sv\/wp-json\/wp\/v2\/comments?post=56932"}],"wp:featuredmedia":[{"embeddable":true,"href":"https:\/\/vmsport.fi\/sv\/wp-json\/wp\/v2\/media\/56931"}],"wp:attachment":[{"href":"https:\/\/vmsport.fi\/sv\/wp-json\/wp\/v2\/media?parent=56932"}],"wp:term":[{"taxonomy":"product_brand","embeddable":true,"href":"https:\/\/vmsport.fi\/sv\/wp-json\/wp\/v2\/product_brand?post=56932"},{"taxonomy":"product_model","embeddable":true,"href":"https:\/\/vmsport.fi\/sv\/wp-json\/wp\/v2\/product_model?post=56932"},{"taxonomy":"product_cat","embeddable":true,"href":"https:\/\/vmsport.fi\/sv\/wp-json\/wp\/v2\/product_cat?post=56932"},{"taxonomy":"product_tag","embeddable":true,"href":"https:\/\/vmsport.fi\/sv\/wp-json\/wp\/v2\/product_tag?post=56932"},{"taxonomy":"industry_terminology","embeddable":true,"href":"https:\/\/vmsport.fi\/sv\/wp-json\/wp\/v2\/industry-terminology?post=56932"}],"curies":[{"name":"wp","href":"https:\/\/api.w.org\/{rel}","templated":true}]}}