{"id":56930,"date":"2025-03-06T00:25:51","date_gmt":"2025-03-05T22:25:51","guid":{"rendered":"https:\/\/vmsport.fi\/verkkokauppa\/Ei-luokiteltu\/poc-ws-re-cycle-boxer-uranium-black\/"},"modified":"2026-01-16T13:33:12","modified_gmt":"2026-01-16T11:33:12","slug":"poc-ws-re-cycle-boxer-uranium-svart","status":"publish","type":"product","link":"https:\/\/vmsport.fi\/sv\/verkkokauppa\/ajovarusteet\/vaatteet\/shortsit\/poc-ws-re-cycle-boxer-uranium-black\/","title":{"rendered":"POC W's Re-cycle Boxer Uranium Black"},"content":{"rendered":"<p>POC W's Re-cycle Boxer Uranium Black \u00e4r en cykelboxer f\u00f6r damer som kombinerar komfort och st\u00f6d f\u00f6r l\u00e5nga cykelturer med milj\u00f6v\u00e4nliga material. Boxern \u00e4r tillverkad av 91% \u00e5tervunnen polyester och 9% elastan och ger flexibilitet och andningsf\u00f6rm\u00e5ga. Den mjuka vadderingen f\u00f6rb\u00e4ttrar passformen, s\u00e4rskilt f\u00f6r mountainbike, och hj\u00e4lper till att absorbera st\u00f6tar, vilket ger \u00f6kad komfort under l\u00e5nga cykelturer. Det snabbtorkande, fukttransporterande tyget h\u00e5ller cyklisten torr och bekv\u00e4m. Det breda elastiska midjebandet med POC-logotyp ger en \u00e5tsittande men bekv\u00e4m passform och f\u00f6rhindrar on\u00f6diga r\u00f6relser under k\u00f6rningen. Den h\u00e4r modellen ger f\u00f6rdelarna med cykelbyxor med s\u00e4mskskinn utan den kl\u00e4mmande kompressionen, vilket ger st\u00f6rre r\u00f6relsefrihet.<\/p>","protected":false},"excerpt":{"rendered":"<p>POC W&#8217;s Re-cycle Boxer Uranium Black on naisten py\u00f6r\u00e4ilybokseri, joka yhdist\u00e4\u00e4 mukavuuden ja tuen pitkill\u00e4 matkoilla ymp\u00e4rist\u00f6yst\u00e4v\u00e4llisiin materiaaleihin. Valmistettu 91-prosenttisesti kierr\u00e4tetyst\u00e4 polyesterist\u00e4 ja 9-prosenttisesti elastaanista, t\u00e4m\u00e4 bokseri tarjoaa joustavuutta ja hengitt\u00e4vyytt\u00e4. Muhkea pehmuste parantaa istumamukavuutta erityisesti maastopy\u00f6r\u00e4ilyss\u00e4 ja auttaa vaimentamaan iskuja, lis\u00e4ten mukavuutta pitkill\u00e4 ajomatkoilla. Nopeasti kuivuva ja kosteutta siirt\u00e4v\u00e4 kangas pit\u00e4\u00e4 ajajan kuivana ja [&#8230;]<\/p>\n<p><a class=\"btn btn-secondary understrap-read-more-link\" href=\"https:\/\/vmsport.fi\/sv\/verkkokauppa\/ajovarusteet\/vaatteet\/shortsit\/poc-ws-re-cycle-boxer-uranium-black\/\">L\u00e4s mer \u2026<span class=\"screen-reader-text\"> from POC W&#8217;s Re-cycle Boxer Uranium Black<\/span><\/a><\/p>\n","protected":false},"featured_media":56928,"comment_status":"open","ping_status":"closed","template":"","meta":{"_acf_changed":false,"_improvement_type_select":"improve_an_existing","_thumb_yes_seoaic":false,"_frame_yes_seoaic":false,"seoaic_generate_description":"","seoaic_improve_instructions_prompt":"","seoaic_rollback_content_improvement":"","seoaic_idea_thumbnail_generator":"","thumbnail_generated":false,"thumbnail_generate_prompt":"","seoaic_article_description":"","_supplier_stock_quantity":0},"product_brand":[],"product_model":[],"product_cat":[9462],"product_tag":[],"industry-terminology":[],"class_list":{"0":"post-56930","1":"product","2":"type-product","3":"status-publish","4":"has-post-thumbnail","6":"product_cat-shortsit","8":"first","9":"outofstock","10":"taxable","11":"shipping-taxable","12":"product-type-variable"},"acf":{"bike_features":null,"overview":{"copy_overview":null,"key_features":null,"statement":"","youtube_url":""}},"yoast_head":"<!-- This site is optimized with the Yoast SEO plugin v27.3 - https:\/\/yoast.com\/product\/yoast-seo-wordpress\/ -->\n<title>POC W&#039;s Re-cycle Boxer Uranium Black - VM Sport<\/title>\n<meta name=\"robots\" content=\"index, follow, max-snippet:-1, max-image-preview:large, max-video-preview:-1\" \/>\n<link rel=\"canonical\" href=\"https:\/\/vmsport.fi\/sv\/webbutik\/korutrustning\/klader\/shorts\/poc-ws-re-cycle-boxer-uranium-svart\/\" \/>\n<meta property=\"og:locale\" content=\"sv_SE\" \/>\n<meta property=\"og:type\" content=\"article\" \/>\n<meta property=\"og:title\" content=\"POC W&#039;s Re-cycle Boxer Uranium Black - VM Sport\" \/>\n<meta property=\"og:description\" content=\"POC W&#8217;s Re-cycle Boxer Uranium Black on naisten py\u00f6r\u00e4ilybokseri, joka yhdist\u00e4\u00e4 mukavuuden ja tuen pitkill\u00e4 matkoilla ymp\u00e4rist\u00f6yst\u00e4v\u00e4llisiin materiaaleihin. Valmistettu 91-prosenttisesti kierr\u00e4tetyst\u00e4 polyesterist\u00e4 ja 9-prosenttisesti elastaanista, t\u00e4m\u00e4 bokseri tarjoaa joustavuutta ja hengitt\u00e4vyytt\u00e4. Muhkea pehmuste parantaa istumamukavuutta erityisesti maastopy\u00f6r\u00e4ilyss\u00e4 ja auttaa vaimentamaan iskuja, lis\u00e4ten mukavuutta pitkill\u00e4 ajomatkoilla. Nopeasti kuivuva ja kosteutta siirt\u00e4v\u00e4 kangas pit\u00e4\u00e4 ajajan kuivana ja [...]L\u00e4s mer \u2026 from POC W&#8217;s Re-cycle Boxer Uranium Black\" \/>\n<meta property=\"og:url\" content=\"https:\/\/vmsport.fi\/sv\/webbutik\/korutrustning\/klader\/shorts\/poc-ws-re-cycle-boxer-uranium-svart\/\" \/>\n<meta property=\"og:site_name\" content=\"VM Sport\" \/>\n<meta property=\"article:publisher\" content=\"https:\/\/www.facebook.com\/Vmsport.fi\/\" \/>\n<meta property=\"article:modified_time\" content=\"2026-01-16T11:33:12+00:00\" \/>\n<meta property=\"og:image\" content=\"https:\/\/vmsport.fi\/wp-content\/uploads\/2025\/03\/52907-1002-Ws-Re-cycleBoxer-UraniumBlack-1-1.png\" \/>\n\t<meta property=\"og:image:width\" content=\"1000\" \/>\n\t<meta property=\"og:image:height\" content=\"1000\" \/>\n\t<meta property=\"og:image:type\" content=\"image\/png\" \/>\n<meta name=\"twitter:card\" content=\"summary_large_image\" \/>\n<meta name=\"twitter:label1\" content=\"Ber\u00e4knad l\u00e4stid\" \/>\n\t<meta name=\"twitter:data1\" content=\"1 minut\" \/>\n<script type=\"application\/ld+json\" class=\"yoast-schema-graph\">{\"@context\":\"https:\\\/\\\/schema.org\",\"@graph\":[{\"@type\":[\"WebPage\",\"ItemPage\"],\"@id\":\"https:\\\/\\\/vmsport.fi\\\/verkkokauppa\\\/ajovarusteet\\\/vaatteet\\\/shortsit\\\/poc-ws-re-cycle-boxer-uranium-black\\\/\",\"url\":\"https:\\\/\\\/vmsport.fi\\\/verkkokauppa\\\/ajovarusteet\\\/vaatteet\\\/shortsit\\\/poc-ws-re-cycle-boxer-uranium-black\\\/\",\"name\":\"POC W's Re-cycle Boxer Uranium Black - VM Sport\",\"isPartOf\":{\"@id\":\"https:\\\/\\\/vmsport.fi\\\/#website\"},\"primaryImageOfPage\":{\"@id\":\"https:\\\/\\\/vmsport.fi\\\/verkkokauppa\\\/ajovarusteet\\\/vaatteet\\\/shortsit\\\/poc-ws-re-cycle-boxer-uranium-black\\\/#primaryimage\"},\"image\":{\"@id\":\"https:\\\/\\\/vmsport.fi\\\/verkkokauppa\\\/ajovarusteet\\\/vaatteet\\\/shortsit\\\/poc-ws-re-cycle-boxer-uranium-black\\\/#primaryimage\"},\"thumbnailUrl\":\"https:\\\/\\\/vmsport.fi\\\/wp-content\\\/uploads\\\/2025\\\/03\\\/52907-1002-Ws-Re-cycleBoxer-UraniumBlack-1-1.png\",\"datePublished\":\"2025-03-05T22:25:51+00:00\",\"dateModified\":\"2026-01-16T11:33:12+00:00\",\"breadcrumb\":{\"@id\":\"https:\\\/\\\/vmsport.fi\\\/verkkokauppa\\\/ajovarusteet\\\/vaatteet\\\/shortsit\\\/poc-ws-re-cycle-boxer-uranium-black\\\/#breadcrumb\"},\"inLanguage\":\"sv-SE\",\"potentialAction\":[{\"@type\":\"ReadAction\",\"target\":[\"https:\\\/\\\/vmsport.fi\\\/verkkokauppa\\\/ajovarusteet\\\/vaatteet\\\/shortsit\\\/poc-ws-re-cycle-boxer-uranium-black\\\/\"]}]},{\"@type\":\"ImageObject\",\"inLanguage\":\"sv-SE\",\"@id\":\"https:\\\/\\\/vmsport.fi\\\/verkkokauppa\\\/ajovarusteet\\\/vaatteet\\\/shortsit\\\/poc-ws-re-cycle-boxer-uranium-black\\\/#primaryimage\",\"url\":\"https:\\\/\\\/vmsport.fi\\\/wp-content\\\/uploads\\\/2025\\\/03\\\/52907-1002-Ws-Re-cycleBoxer-UraniumBlack-1-1.png\",\"contentUrl\":\"https:\\\/\\\/vmsport.fi\\\/wp-content\\\/uploads\\\/2025\\\/03\\\/52907-1002-Ws-Re-cycleBoxer-UraniumBlack-1-1.png\",\"width\":1000,\"height\":1000,\"caption\":\"52907-1002-Ws-Re-cycleBoxer-UraniumBlack-1\"},{\"@type\":\"BreadcrumbList\",\"@id\":\"https:\\\/\\\/vmsport.fi\\\/verkkokauppa\\\/ajovarusteet\\\/vaatteet\\\/shortsit\\\/poc-ws-re-cycle-boxer-uranium-black\\\/#breadcrumb\",\"itemListElement\":[{\"@type\":\"ListItem\",\"position\":1,\"name\":\"Etusivu\",\"item\":\"https:\\\/\\\/vmsport.fi\\\/\"},{\"@type\":\"ListItem\",\"position\":2,\"name\":\"Online Store\",\"item\":\"https:\\\/\\\/vmsport.fi\\\/en\\\/online-store\\\/\"},{\"@type\":\"ListItem\",\"position\":3,\"name\":\"POC W&#8217;s Re-cycle Boxer Uranium Black\"}]},{\"@type\":\"WebSite\",\"@id\":\"https:\\\/\\\/vmsport.fi\\\/#website\",\"url\":\"https:\\\/\\\/vmsport.fi\\\/\",\"name\":\"Vmsport\",\"description\":\"Kaikki py\u00f6r\u00e4ilyyn yhdest\u00e4 paikasta\",\"publisher\":{\"@id\":\"https:\\\/\\\/vmsport.fi\\\/#organization\"},\"potentialAction\":[{\"@type\":\"SearchAction\",\"target\":{\"@type\":\"EntryPoint\",\"urlTemplate\":\"https:\\\/\\\/vmsport.fi\\\/?s={search_term_string}\"},\"query-input\":{\"@type\":\"PropertyValueSpecification\",\"valueRequired\":true,\"valueName\":\"search_term_string\"}}],\"inLanguage\":\"sv-SE\"},{\"@type\":\"Organization\",\"@id\":\"https:\\\/\\\/vmsport.fi\\\/#organization\",\"name\":\"Vmsport\",\"url\":\"https:\\\/\\\/vmsport.fi\\\/\",\"logo\":{\"@type\":\"ImageObject\",\"inLanguage\":\"sv-SE\",\"@id\":\"https:\\\/\\\/vmsport.fi\\\/#\\\/schema\\\/logo\\\/image\\\/\",\"url\":\"https:\\\/\\\/vmsport.fi\\\/wp-content\\\/uploads\\\/2024\\\/12\\\/vm_sport_RGB_horisontal-e1734526017575.png\",\"contentUrl\":\"https:\\\/\\\/vmsport.fi\\\/wp-content\\\/uploads\\\/2024\\\/12\\\/vm_sport_RGB_horisontal-e1734526017575.png\",\"width\":668,\"height\":85,\"caption\":\"Vmsport\"},\"image\":{\"@id\":\"https:\\\/\\\/vmsport.fi\\\/#\\\/schema\\\/logo\\\/image\\\/\"},\"sameAs\":[\"https:\\\/\\\/www.facebook.com\\\/Vmsport.fi\\\/\",\"https:\\\/\\\/www.instagram.com\\\/vmsport\\\/\"]}]}<\/script>\n<!-- \/ Yoast SEO plugin. -->","yoast_head_json":{"title":"POC W's Re-cycle Boxer Uranium Black - VM Sport","robots":{"index":"index","follow":"follow","max-snippet":"max-snippet:-1","max-image-preview":"max-image-preview:large","max-video-preview":"max-video-preview:-1"},"canonical":"https:\/\/vmsport.fi\/sv\/webbutik\/korutrustning\/klader\/shorts\/poc-ws-re-cycle-boxer-uranium-svart\/","og_locale":"sv_SE","og_type":"article","og_title":"POC W's Re-cycle Boxer Uranium Black - VM Sport","og_description":"POC W&#8217;s Re-cycle Boxer Uranium Black on naisten py\u00f6r\u00e4ilybokseri, joka yhdist\u00e4\u00e4 mukavuuden ja tuen pitkill\u00e4 matkoilla ymp\u00e4rist\u00f6yst\u00e4v\u00e4llisiin materiaaleihin. Valmistettu 91-prosenttisesti kierr\u00e4tetyst\u00e4 polyesterist\u00e4 ja 9-prosenttisesti elastaanista, t\u00e4m\u00e4 bokseri tarjoaa joustavuutta ja hengitt\u00e4vyytt\u00e4. Muhkea pehmuste parantaa istumamukavuutta erityisesti maastopy\u00f6r\u00e4ilyss\u00e4 ja auttaa vaimentamaan iskuja, lis\u00e4ten mukavuutta pitkill\u00e4 ajomatkoilla. Nopeasti kuivuva ja kosteutta siirt\u00e4v\u00e4 kangas pit\u00e4\u00e4 ajajan kuivana ja [...]L\u00e4s mer \u2026 from POC W&#8217;s Re-cycle Boxer Uranium Black","og_url":"https:\/\/vmsport.fi\/sv\/webbutik\/korutrustning\/klader\/shorts\/poc-ws-re-cycle-boxer-uranium-svart\/","og_site_name":"VM Sport","article_publisher":"https:\/\/www.facebook.com\/Vmsport.fi\/","article_modified_time":"2026-01-16T11:33:12+00:00","og_image":[{"width":1000,"height":1000,"url":"https:\/\/vmsport.fi\/wp-content\/uploads\/2025\/03\/52907-1002-Ws-Re-cycleBoxer-UraniumBlack-1-1.png","type":"image\/png"}],"twitter_card":"summary_large_image","twitter_misc":{"Ber\u00e4knad l\u00e4stid":"1 minut"},"schema":{"@context":"https:\/\/schema.org","@graph":[{"@type":["WebPage","ItemPage"],"@id":"https:\/\/vmsport.fi\/verkkokauppa\/ajovarusteet\/vaatteet\/shortsit\/poc-ws-re-cycle-boxer-uranium-black\/","url":"https:\/\/vmsport.fi\/verkkokauppa\/ajovarusteet\/vaatteet\/shortsit\/poc-ws-re-cycle-boxer-uranium-black\/","name":"POC W's Re-cycle Boxer Uranium Black - VM Sport","isPartOf":{"@id":"https:\/\/vmsport.fi\/#website"},"primaryImageOfPage":{"@id":"https:\/\/vmsport.fi\/verkkokauppa\/ajovarusteet\/vaatteet\/shortsit\/poc-ws-re-cycle-boxer-uranium-black\/#primaryimage"},"image":{"@id":"https:\/\/vmsport.fi\/verkkokauppa\/ajovarusteet\/vaatteet\/shortsit\/poc-ws-re-cycle-boxer-uranium-black\/#primaryimage"},"thumbnailUrl":"https:\/\/vmsport.fi\/wp-content\/uploads\/2025\/03\/52907-1002-Ws-Re-cycleBoxer-UraniumBlack-1-1.png","datePublished":"2025-03-05T22:25:51+00:00","dateModified":"2026-01-16T11:33:12+00:00","breadcrumb":{"@id":"https:\/\/vmsport.fi\/verkkokauppa\/ajovarusteet\/vaatteet\/shortsit\/poc-ws-re-cycle-boxer-uranium-black\/#breadcrumb"},"inLanguage":"sv-SE","potentialAction":[{"@type":"ReadAction","target":["https:\/\/vmsport.fi\/verkkokauppa\/ajovarusteet\/vaatteet\/shortsit\/poc-ws-re-cycle-boxer-uranium-black\/"]}]},{"@type":"ImageObject","inLanguage":"sv-SE","@id":"https:\/\/vmsport.fi\/verkkokauppa\/ajovarusteet\/vaatteet\/shortsit\/poc-ws-re-cycle-boxer-uranium-black\/#primaryimage","url":"https:\/\/vmsport.fi\/wp-content\/uploads\/2025\/03\/52907-1002-Ws-Re-cycleBoxer-UraniumBlack-1-1.png","contentUrl":"https:\/\/vmsport.fi\/wp-content\/uploads\/2025\/03\/52907-1002-Ws-Re-cycleBoxer-UraniumBlack-1-1.png","width":1000,"height":1000,"caption":"52907-1002-Ws-Re-cycleBoxer-UraniumBlack-1"},{"@type":"BreadcrumbList","@id":"https:\/\/vmsport.fi\/verkkokauppa\/ajovarusteet\/vaatteet\/shortsit\/poc-ws-re-cycle-boxer-uranium-black\/#breadcrumb","itemListElement":[{"@type":"ListItem","position":1,"name":"Etusivu","item":"https:\/\/vmsport.fi\/"},{"@type":"ListItem","position":2,"name":"Online Store","item":"https:\/\/vmsport.fi\/en\/online-store\/"},{"@type":"ListItem","position":3,"name":"POC W&#8217;s Re-cycle Boxer Uranium Black"}]},{"@type":"WebSite","@id":"https:\/\/vmsport.fi\/#website","url":"https:\/\/vmsport.fi\/","name":"Vmsport","description":"Allt p\u00e5 ett st\u00e4lle f\u00f6r cykling","publisher":{"@id":"https:\/\/vmsport.fi\/#organization"},"potentialAction":[{"@type":"SearchAction","target":{"@type":"EntryPoint","urlTemplate":"https:\/\/vmsport.fi\/?s={search_term_string}"},"query-input":{"@type":"PropertyValueSpecification","valueRequired":true,"valueName":"search_term_string"}}],"inLanguage":"sv-SE"},{"@type":"Organization","@id":"https:\/\/vmsport.fi\/#organization","name":"Vmsport","url":"https:\/\/vmsport.fi\/","logo":{"@type":"ImageObject","inLanguage":"sv-SE","@id":"https:\/\/vmsport.fi\/#\/schema\/logo\/image\/","url":"https:\/\/vmsport.fi\/wp-content\/uploads\/2024\/12\/vm_sport_RGB_horisontal-e1734526017575.png","contentUrl":"https:\/\/vmsport.fi\/wp-content\/uploads\/2024\/12\/vm_sport_RGB_horisontal-e1734526017575.png","width":668,"height":85,"caption":"Vmsport"},"image":{"@id":"https:\/\/vmsport.fi\/#\/schema\/logo\/image\/"},"sameAs":["https:\/\/www.facebook.com\/Vmsport.fi\/","https:\/\/www.instagram.com\/vmsport\/"]}]}},"global_unique_id":"","_links":{"self":[{"href":"https:\/\/vmsport.fi\/sv\/wp-json\/wp\/v2\/product\/56930","targetHints":{"allow":["GET"]}}],"collection":[{"href":"https:\/\/vmsport.fi\/sv\/wp-json\/wp\/v2\/product"}],"about":[{"href":"https:\/\/vmsport.fi\/sv\/wp-json\/wp\/v2\/types\/product"}],"replies":[{"embeddable":true,"href":"https:\/\/vmsport.fi\/sv\/wp-json\/wp\/v2\/comments?post=56930"}],"wp:featuredmedia":[{"embeddable":true,"href":"https:\/\/vmsport.fi\/sv\/wp-json\/wp\/v2\/media\/56928"}],"wp:attachment":[{"href":"https:\/\/vmsport.fi\/sv\/wp-json\/wp\/v2\/media?parent=56930"}],"wp:term":[{"taxonomy":"product_brand","embeddable":true,"href":"https:\/\/vmsport.fi\/sv\/wp-json\/wp\/v2\/product_brand?post=56930"},{"taxonomy":"product_model","embeddable":true,"href":"https:\/\/vmsport.fi\/sv\/wp-json\/wp\/v2\/product_model?post=56930"},{"taxonomy":"product_cat","embeddable":true,"href":"https:\/\/vmsport.fi\/sv\/wp-json\/wp\/v2\/product_cat?post=56930"},{"taxonomy":"product_tag","embeddable":true,"href":"https:\/\/vmsport.fi\/sv\/wp-json\/wp\/v2\/product_tag?post=56930"},{"taxonomy":"industry_terminology","embeddable":true,"href":"https:\/\/vmsport.fi\/sv\/wp-json\/wp\/v2\/industry-terminology?post=56930"}],"curies":[{"name":"wp","href":"https:\/\/api.w.org\/{rel}","templated":true}]}}