{"id":56924,"date":"2025-03-06T00:25:42","date_gmt":"2025-03-05T22:25:42","guid":{"rendered":"https:\/\/vmsport.fi\/verkkokauppa\/Ei-luokiteltu\/kasetti-10-v-11-25-cs-hg500-10-tiagra\/"},"modified":"2026-04-01T12:15:33","modified_gmt":"2026-04-01T09:15:33","slug":"kassett-10-v-11-25-cs-hg500-10-tiagra","status":"publish","type":"product","link":"https:\/\/vmsport.fi\/sv\/verkkokauppa\/varaosat\/voimansiirto\/takarattaat\/kasetti-10-v-11-25-cs-hg500-10-tiagra\/","title":{"rendered":"Kassett 10-v 11-25 CS-HG500-10 Tiagra"},"content":{"rendered":"<p>Shimano Tiagra CS-HG500-10 kassett, utformad f\u00f6r 10-v\u00e4xlad transmission, erbjuder utm\u00e4rkt v\u00e4xlingssmidighet tack vare sitt Hyperglide-system. Kassetten, med en tandf\u00f6rdelning p\u00e5 11-25, ger exakt v\u00e4xling och har en l\u00e4tt konstruktion. Denna slitstarka kassett \u00e4r l\u00e4mplig f\u00f6r ett brett utbud av k\u00f6rstilar och terr\u00e4ng, \u00e4r skr\u00e4ddarsydd f\u00f6r cyklistens behov och erbjuder ett brett utbud av v\u00e4xelomr\u00e5den. Den \u00e4r kompatibel med b\u00e5de Shimano- och Sram-frihjul och har en l\u00e5sring f\u00f6r s\u00e4ker passform.<\/p>","protected":false},"excerpt":{"rendered":"<p>Shimano Tiagra CS-HG500-10 -kasetti, joka on suunniteltu 10-vaihteiseen voimansiirtoon, tarjoaa erinomaisen sujuvuuden vaihdoissaan Hyperglide-j\u00e4rjestelm\u00e4n ansiosta. Kasetti, jonka hampaiden jakauma on 11-25, varmistaa tarkan vaihteiden toiminnan ja kevyen rakenteen. T\u00e4m\u00e4 kest\u00e4v\u00e4 kasetti sopii monenlaisiin ajotyyleihin ja -maastoihin, sill\u00e4 se on r\u00e4\u00e4t\u00e4l\u00f6ity ajajan tarpeisiin ja tarjoaa laajan valikoiman vaihdealueita. Se on yhteensopiva sek\u00e4 Shimano- ett\u00e4 Sram-vapaarattaiden kanssa [&#8230;]<\/p>\n<p><a class=\"btn btn-secondary understrap-read-more-link\" href=\"https:\/\/vmsport.fi\/sv\/verkkokauppa\/varaosat\/voimansiirto\/takarattaat\/kasetti-10-v-11-25-cs-hg500-10-tiagra\/\">L\u00e4s mer \u2026<span class=\"screen-reader-text\"> from Kasetti 10-v 11-25 CS-HG500-10 Tiagra<\/span><\/a><\/p>\n","protected":false},"featured_media":56923,"comment_status":"open","ping_status":"closed","template":"","meta":{"_acf_changed":false,"_improvement_type_select":"improve_an_existing","_thumb_yes_seoaic":false,"_frame_yes_seoaic":false,"seoaic_generate_description":"","seoaic_improve_instructions_prompt":"","seoaic_rollback_content_improvement":"","seoaic_idea_thumbnail_generator":"","thumbnail_generated":false,"thumbnail_generate_prompt":"","seoaic_article_description":"","_supplier_stock_quantity":0},"product_brand":[],"product_model":[],"product_cat":[9348],"product_tag":[],"industry-terminology":[],"class_list":{"0":"post-56924","1":"product","2":"type-product","3":"status-publish","4":"has-post-thumbnail","6":"product_cat-takarattaat","8":"first","9":"instock","10":"taxable","11":"shipping-taxable","12":"purchasable","13":"product-type-simple"},"acf":{"bike_features":null,"overview":{"copy_overview":null,"key_features":null,"statement":"","youtube_url":""}},"yoast_head":"<!-- This site is optimized with the Yoast SEO plugin v27.3 - https:\/\/yoast.com\/product\/yoast-seo-wordpress\/ -->\n<title>Kasetti 10-v 11-25 CS-HG500-10 Tiagra - VM Sport<\/title>\n<meta name=\"robots\" content=\"index, follow, max-snippet:-1, max-image-preview:large, max-video-preview:-1\" \/>\n<link rel=\"canonical\" href=\"https:\/\/vmsport.fi\/sv\/webbutik\/reservdelar\/transmission\/takarattaat\/kassett-10-v-11-25-cs-hg500-10-tiagra\/\" \/>\n<meta property=\"og:locale\" content=\"sv_SE\" \/>\n<meta property=\"og:type\" content=\"article\" \/>\n<meta property=\"og:title\" content=\"Kasetti 10-v 11-25 CS-HG500-10 Tiagra - VM Sport\" \/>\n<meta property=\"og:description\" content=\"Shimano Tiagra CS-HG500-10 -kasetti, joka on suunniteltu 10-vaihteiseen voimansiirtoon, tarjoaa erinomaisen sujuvuuden vaihdoissaan Hyperglide-j\u00e4rjestelm\u00e4n ansiosta. Kasetti, jonka hampaiden jakauma on 11-25, varmistaa tarkan vaihteiden toiminnan ja kevyen rakenteen. T\u00e4m\u00e4 kest\u00e4v\u00e4 kasetti sopii monenlaisiin ajotyyleihin ja -maastoihin, sill\u00e4 se on r\u00e4\u00e4t\u00e4l\u00f6ity ajajan tarpeisiin ja tarjoaa laajan valikoiman vaihdealueita. Se on yhteensopiva sek\u00e4 Shimano- ett\u00e4 Sram-vapaarattaiden kanssa [...]L\u00e4s mer \u2026 from Kasetti 10-v 11-25 CS-HG500-10 Tiagra\" \/>\n<meta property=\"og:url\" content=\"https:\/\/vmsport.fi\/sv\/webbutik\/reservdelar\/transmission\/takarattaat\/kassett-10-v-11-25-cs-hg500-10-tiagra\/\" \/>\n<meta property=\"og:site_name\" content=\"VM Sport\" \/>\n<meta property=\"article:publisher\" content=\"https:\/\/www.facebook.com\/Vmsport.fi\/\" \/>\n<meta property=\"article:modified_time\" content=\"2026-04-01T09:15:33+00:00\" \/>\n<meta property=\"og:image\" content=\"https:\/\/vmsport.fi\/wp-content\/uploads\/2025\/03\/lixKwSeoO0CuzAA1SzKfXopd60tJCuTpIhHWVxDFrmZDeybvoD-1.jpg\" \/>\n\t<meta property=\"og:image:width\" content=\"600\" \/>\n\t<meta property=\"og:image:height\" content=\"600\" \/>\n\t<meta property=\"og:image:type\" content=\"image\/jpeg\" \/>\n<meta name=\"twitter:card\" content=\"summary_large_image\" \/>\n<script type=\"application\/ld+json\" class=\"yoast-schema-graph\">{\"@context\":\"https:\\\/\\\/schema.org\",\"@graph\":[{\"@type\":[\"WebPage\",\"ItemPage\"],\"@id\":\"https:\\\/\\\/vmsport.fi\\\/verkkokauppa\\\/varaosat\\\/voimansiirto\\\/takarattaat\\\/kasetti-10-v-11-25-cs-hg500-10-tiagra\\\/\",\"url\":\"https:\\\/\\\/vmsport.fi\\\/verkkokauppa\\\/varaosat\\\/voimansiirto\\\/takarattaat\\\/kasetti-10-v-11-25-cs-hg500-10-tiagra\\\/\",\"name\":\"Kasetti 10-v 11-25 CS-HG500-10 Tiagra - VM Sport\",\"isPartOf\":{\"@id\":\"https:\\\/\\\/vmsport.fi\\\/#website\"},\"primaryImageOfPage\":{\"@id\":\"https:\\\/\\\/vmsport.fi\\\/verkkokauppa\\\/varaosat\\\/voimansiirto\\\/takarattaat\\\/kasetti-10-v-11-25-cs-hg500-10-tiagra\\\/#primaryimage\"},\"image\":{\"@id\":\"https:\\\/\\\/vmsport.fi\\\/verkkokauppa\\\/varaosat\\\/voimansiirto\\\/takarattaat\\\/kasetti-10-v-11-25-cs-hg500-10-tiagra\\\/#primaryimage\"},\"thumbnailUrl\":\"https:\\\/\\\/vmsport.fi\\\/wp-content\\\/uploads\\\/2025\\\/03\\\/lixKwSeoO0CuzAA1SzKfXopd60tJCuTpIhHWVxDFrmZDeybvoD-1.jpg\",\"datePublished\":\"2025-03-05T22:25:42+00:00\",\"dateModified\":\"2026-04-01T09:15:33+00:00\",\"breadcrumb\":{\"@id\":\"https:\\\/\\\/vmsport.fi\\\/verkkokauppa\\\/varaosat\\\/voimansiirto\\\/takarattaat\\\/kasetti-10-v-11-25-cs-hg500-10-tiagra\\\/#breadcrumb\"},\"inLanguage\":\"sv-SE\",\"potentialAction\":[{\"@type\":\"ReadAction\",\"target\":[\"https:\\\/\\\/vmsport.fi\\\/verkkokauppa\\\/varaosat\\\/voimansiirto\\\/takarattaat\\\/kasetti-10-v-11-25-cs-hg500-10-tiagra\\\/\"]}]},{\"@type\":\"ImageObject\",\"inLanguage\":\"sv-SE\",\"@id\":\"https:\\\/\\\/vmsport.fi\\\/verkkokauppa\\\/varaosat\\\/voimansiirto\\\/takarattaat\\\/kasetti-10-v-11-25-cs-hg500-10-tiagra\\\/#primaryimage\",\"url\":\"https:\\\/\\\/vmsport.fi\\\/wp-content\\\/uploads\\\/2025\\\/03\\\/lixKwSeoO0CuzAA1SzKfXopd60tJCuTpIhHWVxDFrmZDeybvoD-1.jpg\",\"contentUrl\":\"https:\\\/\\\/vmsport.fi\\\/wp-content\\\/uploads\\\/2025\\\/03\\\/lixKwSeoO0CuzAA1SzKfXopd60tJCuTpIhHWVxDFrmZDeybvoD-1.jpg\",\"width\":600,\"height\":600,\"caption\":\"lixKwSeoO0CuzAA1SzKfXopd60tJCuTpIhHWVxDFrmZDeybvoD\"},{\"@type\":\"BreadcrumbList\",\"@id\":\"https:\\\/\\\/vmsport.fi\\\/verkkokauppa\\\/varaosat\\\/voimansiirto\\\/takarattaat\\\/kasetti-10-v-11-25-cs-hg500-10-tiagra\\\/#breadcrumb\",\"itemListElement\":[{\"@type\":\"ListItem\",\"position\":1,\"name\":\"Etusivu\",\"item\":\"https:\\\/\\\/vmsport.fi\\\/\"},{\"@type\":\"ListItem\",\"position\":2,\"name\":\"Online Store\",\"item\":\"https:\\\/\\\/vmsport.fi\\\/en\\\/online-store\\\/\"},{\"@type\":\"ListItem\",\"position\":3,\"name\":\"Kasetti 10-v 11-25 CS-HG500-10 Tiagra\"}]},{\"@type\":\"WebSite\",\"@id\":\"https:\\\/\\\/vmsport.fi\\\/#website\",\"url\":\"https:\\\/\\\/vmsport.fi\\\/\",\"name\":\"Vmsport\",\"description\":\"Kaikki py\u00f6r\u00e4ilyyn yhdest\u00e4 paikasta\",\"publisher\":{\"@id\":\"https:\\\/\\\/vmsport.fi\\\/#organization\"},\"potentialAction\":[{\"@type\":\"SearchAction\",\"target\":{\"@type\":\"EntryPoint\",\"urlTemplate\":\"https:\\\/\\\/vmsport.fi\\\/?s={search_term_string}\"},\"query-input\":{\"@type\":\"PropertyValueSpecification\",\"valueRequired\":true,\"valueName\":\"search_term_string\"}}],\"inLanguage\":\"sv-SE\"},{\"@type\":\"Organization\",\"@id\":\"https:\\\/\\\/vmsport.fi\\\/#organization\",\"name\":\"Vmsport\",\"url\":\"https:\\\/\\\/vmsport.fi\\\/\",\"logo\":{\"@type\":\"ImageObject\",\"inLanguage\":\"sv-SE\",\"@id\":\"https:\\\/\\\/vmsport.fi\\\/#\\\/schema\\\/logo\\\/image\\\/\",\"url\":\"https:\\\/\\\/vmsport.fi\\\/wp-content\\\/uploads\\\/2024\\\/12\\\/vm_sport_RGB_horisontal-e1734526017575.png\",\"contentUrl\":\"https:\\\/\\\/vmsport.fi\\\/wp-content\\\/uploads\\\/2024\\\/12\\\/vm_sport_RGB_horisontal-e1734526017575.png\",\"width\":668,\"height\":85,\"caption\":\"Vmsport\"},\"image\":{\"@id\":\"https:\\\/\\\/vmsport.fi\\\/#\\\/schema\\\/logo\\\/image\\\/\"},\"sameAs\":[\"https:\\\/\\\/www.facebook.com\\\/Vmsport.fi\\\/\",\"https:\\\/\\\/www.instagram.com\\\/vmsport\\\/\"]}]}<\/script>\n<!-- \/ Yoast SEO plugin. -->","yoast_head_json":{"title":"Kassett 10-v 11-25 CS-HG500-10 Tiagra - VM Sport","robots":{"index":"index","follow":"follow","max-snippet":"max-snippet:-1","max-image-preview":"max-image-preview:large","max-video-preview":"max-video-preview:-1"},"canonical":"https:\/\/vmsport.fi\/sv\/webbutik\/reservdelar\/transmission\/takarattaat\/kassett-10-v-11-25-cs-hg500-10-tiagra\/","og_locale":"sv_SE","og_type":"article","og_title":"Kasetti 10-v 11-25 CS-HG500-10 Tiagra - VM Sport","og_description":"Shimano Tiagra CS-HG500-10 -kasetti, joka on suunniteltu 10-vaihteiseen voimansiirtoon, tarjoaa erinomaisen sujuvuuden vaihdoissaan Hyperglide-j\u00e4rjestelm\u00e4n ansiosta. Kasetti, jonka hampaiden jakauma on 11-25, varmistaa tarkan vaihteiden toiminnan ja kevyen rakenteen. T\u00e4m\u00e4 kest\u00e4v\u00e4 kasetti sopii monenlaisiin ajotyyleihin ja -maastoihin, sill\u00e4 se on r\u00e4\u00e4t\u00e4l\u00f6ity ajajan tarpeisiin ja tarjoaa laajan valikoiman vaihdealueita. Se on yhteensopiva sek\u00e4 Shimano- ett\u00e4 Sram-vapaarattaiden kanssa [...]L\u00e4s mer \u2026 from Kasetti 10-v 11-25 CS-HG500-10 Tiagra","og_url":"https:\/\/vmsport.fi\/sv\/webbutik\/reservdelar\/transmission\/takarattaat\/kassett-10-v-11-25-cs-hg500-10-tiagra\/","og_site_name":"VM Sport","article_publisher":"https:\/\/www.facebook.com\/Vmsport.fi\/","article_modified_time":"2026-04-01T09:15:33+00:00","og_image":[{"width":600,"height":600,"url":"https:\/\/vmsport.fi\/wp-content\/uploads\/2025\/03\/lixKwSeoO0CuzAA1SzKfXopd60tJCuTpIhHWVxDFrmZDeybvoD-1.jpg","type":"image\/jpeg"}],"twitter_card":"summary_large_image","schema":{"@context":"https:\/\/schema.org","@graph":[{"@type":["WebPage","ItemPage"],"@id":"https:\/\/vmsport.fi\/verkkokauppa\/varaosat\/voimansiirto\/takarattaat\/kasetti-10-v-11-25-cs-hg500-10-tiagra\/","url":"https:\/\/vmsport.fi\/verkkokauppa\/varaosat\/voimansiirto\/takarattaat\/kasetti-10-v-11-25-cs-hg500-10-tiagra\/","name":"Kassett 10-v 11-25 CS-HG500-10 Tiagra - VM Sport","isPartOf":{"@id":"https:\/\/vmsport.fi\/#website"},"primaryImageOfPage":{"@id":"https:\/\/vmsport.fi\/verkkokauppa\/varaosat\/voimansiirto\/takarattaat\/kasetti-10-v-11-25-cs-hg500-10-tiagra\/#primaryimage"},"image":{"@id":"https:\/\/vmsport.fi\/verkkokauppa\/varaosat\/voimansiirto\/takarattaat\/kasetti-10-v-11-25-cs-hg500-10-tiagra\/#primaryimage"},"thumbnailUrl":"https:\/\/vmsport.fi\/wp-content\/uploads\/2025\/03\/lixKwSeoO0CuzAA1SzKfXopd60tJCuTpIhHWVxDFrmZDeybvoD-1.jpg","datePublished":"2025-03-05T22:25:42+00:00","dateModified":"2026-04-01T09:15:33+00:00","breadcrumb":{"@id":"https:\/\/vmsport.fi\/verkkokauppa\/varaosat\/voimansiirto\/takarattaat\/kasetti-10-v-11-25-cs-hg500-10-tiagra\/#breadcrumb"},"inLanguage":"sv-SE","potentialAction":[{"@type":"ReadAction","target":["https:\/\/vmsport.fi\/verkkokauppa\/varaosat\/voimansiirto\/takarattaat\/kasetti-10-v-11-25-cs-hg500-10-tiagra\/"]}]},{"@type":"ImageObject","inLanguage":"sv-SE","@id":"https:\/\/vmsport.fi\/verkkokauppa\/varaosat\/voimansiirto\/takarattaat\/kasetti-10-v-11-25-cs-hg500-10-tiagra\/#primaryimage","url":"https:\/\/vmsport.fi\/wp-content\/uploads\/2025\/03\/lixKwSeoO0CuzAA1SzKfXopd60tJCuTpIhHWVxDFrmZDeybvoD-1.jpg","contentUrl":"https:\/\/vmsport.fi\/wp-content\/uploads\/2025\/03\/lixKwSeoO0CuzAA1SzKfXopd60tJCuTpIhHWVxDFrmZDeybvoD-1.jpg","width":600,"height":600,"caption":"lixKwSeoO0CuzAA1SzKfXopd60tJCuTpIhHWVxDFrmZDeybvoD"},{"@type":"BreadcrumbList","@id":"https:\/\/vmsport.fi\/verkkokauppa\/varaosat\/voimansiirto\/takarattaat\/kasetti-10-v-11-25-cs-hg500-10-tiagra\/#breadcrumb","itemListElement":[{"@type":"ListItem","position":1,"name":"Etusivu","item":"https:\/\/vmsport.fi\/"},{"@type":"ListItem","position":2,"name":"Online Store","item":"https:\/\/vmsport.fi\/en\/online-store\/"},{"@type":"ListItem","position":3,"name":"Kasetti 10-v 11-25 CS-HG500-10 Tiagra"}]},{"@type":"WebSite","@id":"https:\/\/vmsport.fi\/#website","url":"https:\/\/vmsport.fi\/","name":"Vmsport","description":"Allt p\u00e5 ett st\u00e4lle f\u00f6r cykling","publisher":{"@id":"https:\/\/vmsport.fi\/#organization"},"potentialAction":[{"@type":"SearchAction","target":{"@type":"EntryPoint","urlTemplate":"https:\/\/vmsport.fi\/?s={search_term_string}"},"query-input":{"@type":"PropertyValueSpecification","valueRequired":true,"valueName":"search_term_string"}}],"inLanguage":"sv-SE"},{"@type":"Organization","@id":"https:\/\/vmsport.fi\/#organization","name":"Vmsport","url":"https:\/\/vmsport.fi\/","logo":{"@type":"ImageObject","inLanguage":"sv-SE","@id":"https:\/\/vmsport.fi\/#\/schema\/logo\/image\/","url":"https:\/\/vmsport.fi\/wp-content\/uploads\/2024\/12\/vm_sport_RGB_horisontal-e1734526017575.png","contentUrl":"https:\/\/vmsport.fi\/wp-content\/uploads\/2024\/12\/vm_sport_RGB_horisontal-e1734526017575.png","width":668,"height":85,"caption":"Vmsport"},"image":{"@id":"https:\/\/vmsport.fi\/#\/schema\/logo\/image\/"},"sameAs":["https:\/\/www.facebook.com\/Vmsport.fi\/","https:\/\/www.instagram.com\/vmsport\/"]}]}},"global_unique_id":"","_links":{"self":[{"href":"https:\/\/vmsport.fi\/sv\/wp-json\/wp\/v2\/product\/56924","targetHints":{"allow":["GET"]}}],"collection":[{"href":"https:\/\/vmsport.fi\/sv\/wp-json\/wp\/v2\/product"}],"about":[{"href":"https:\/\/vmsport.fi\/sv\/wp-json\/wp\/v2\/types\/product"}],"replies":[{"embeddable":true,"href":"https:\/\/vmsport.fi\/sv\/wp-json\/wp\/v2\/comments?post=56924"}],"wp:featuredmedia":[{"embeddable":true,"href":"https:\/\/vmsport.fi\/sv\/wp-json\/wp\/v2\/media\/56923"}],"wp:attachment":[{"href":"https:\/\/vmsport.fi\/sv\/wp-json\/wp\/v2\/media?parent=56924"}],"wp:term":[{"taxonomy":"product_brand","embeddable":true,"href":"https:\/\/vmsport.fi\/sv\/wp-json\/wp\/v2\/product_brand?post=56924"},{"taxonomy":"product_model","embeddable":true,"href":"https:\/\/vmsport.fi\/sv\/wp-json\/wp\/v2\/product_model?post=56924"},{"taxonomy":"product_cat","embeddable":true,"href":"https:\/\/vmsport.fi\/sv\/wp-json\/wp\/v2\/product_cat?post=56924"},{"taxonomy":"product_tag","embeddable":true,"href":"https:\/\/vmsport.fi\/sv\/wp-json\/wp\/v2\/product_tag?post=56924"},{"taxonomy":"industry_terminology","embeddable":true,"href":"https:\/\/vmsport.fi\/sv\/wp-json\/wp\/v2\/industry-terminology?post=56924"}],"curies":[{"name":"wp","href":"https:\/\/api.w.org\/{rel}","templated":true}]}}