{"id":56922,"date":"2025-03-06T00:25:41","date_gmt":"2025-03-05T22:25:41","guid":{"rendered":"https:\/\/vmsport.fi\/verkkokauppa\/Ei-luokiteltu\/lake-mxz304-x-talvimaastokenka\/"},"modified":"2026-04-02T13:56:34","modified_gmt":"2026-04-02T10:56:34","slug":"lake-mxz304-x-vinterdack","status":"publish","type":"product","link":"https:\/\/vmsport.fi\/sv\/verkkokauppa\/ajovarusteet\/kengat\/talvikengat\/lake-mxz304-x-talvimaastokenka\/","title":{"rendered":"Lake MXZ304-X terr\u00e4ngsko f\u00f6r vinterbruk"},"content":{"rendered":"<p>Lake MXZ304-X vinterterr\u00e4ngsko \u00e4r s\u00e4rskilt utformad f\u00f6r vintercykling och erbjuder f\u00f6rstklassig komfort och prestanda i kalla f\u00f6rh\u00e5llanden. Skon har en bredare l\u00e4st som ger mer utrymme och f\u00f6rb\u00e4ttrar cirkulationen tack vare en st\u00f6rre t\u00e5box f\u00f6r \u00f6kad komfort.<\/p>\n<p>Ovandelen \u00e4r tillverkad av Pittards WR100-l\u00e4der, som kombinerar vattenavvisning med andningsf\u00f6rm\u00e5ga. Panelerna i Hecklor-l\u00e4der ger skon extra h\u00e5llbarhet och g\u00f6r att den h\u00e5ller l\u00e4nge. Skon har Outlast v\u00e4rmefoder, Thinsulate-isolering i t\u00e5partiet och en Thermosol-isolerad innersula som ser till att v\u00e4rmen h\u00e5lls kvar i skon.<\/p>\n<p>Boa Power M4-stretchsystemet g\u00f6r det enkelt att justera och ger en stabil passform. Vibram Mountain V-yttersula ger utm\u00e4rkt grepp och stabilitet p\u00e5 m\u00e5nga olika underlag.<\/p>\n<p>Skon \u00e4r utformad f\u00f6r att fungera effektivt i temperaturer fr\u00e5n -14\u00b0C till 7\u00b0C, vilket g\u00f6r den till ett utm\u00e4rkt val f\u00f6r cykling i kalla f\u00f6rh\u00e5llanden.<\/p>","protected":false},"excerpt":{"rendered":"<p>Lake MXZ304-X talvimaastokenk\u00e4 on suunniteltu erityisesti talvipy\u00f6r\u00e4ilyyn, tarjoten ensiluokkaista mukavuutta ja suorituskyky\u00e4 kylmiss\u00e4 olosuhteissa. Kenk\u00e4 hy\u00f6dynt\u00e4\u00e4 leve\u00e4mp\u00e4\u00e4 lesti\u00e4, joka tarjoaa enemm\u00e4n tilaa ja parantaa verenkiertoa suuremman varvastilan ansiosta, mik\u00e4 lis\u00e4\u00e4 k\u00e4ytt\u00f6mukavuutta. Keng\u00e4n yl\u00e4osa on valmistettu Pittards WR100 -nahasta, joka yhdist\u00e4\u00e4 vedenhylkivyyden ja hengitt\u00e4vyyden. Hecklor-nahkapaneelit lis\u00e4\u00e4v\u00e4t kest\u00e4vyytt\u00e4 ja tekev\u00e4t keng\u00e4st\u00e4 pitk\u00e4ik\u00e4isen. Kenk\u00e4 sis\u00e4lt\u00e4\u00e4 Outlast-l\u00e4mp\u00f6vuorauksen, Thinsulate-eristeen varpaiden [&#8230;]<\/p>\n<p><a class=\"btn btn-secondary understrap-read-more-link\" href=\"https:\/\/vmsport.fi\/sv\/verkkokauppa\/ajovarusteet\/kengat\/talvikengat\/lake-mxz304-x-talvimaastokenka\/\">L\u00e4s mer \u2026<span class=\"screen-reader-text\"> from Lake MXZ304-X talvimaastokenk\u00e4<\/span><\/a><\/p>\n","protected":false},"featured_media":56921,"comment_status":"open","ping_status":"closed","template":"","meta":{"_acf_changed":false,"_improvement_type_select":"improve_an_existing","_thumb_yes_seoaic":false,"_frame_yes_seoaic":false,"seoaic_generate_description":"","seoaic_improve_instructions_prompt":"","seoaic_rollback_content_improvement":"","seoaic_idea_thumbnail_generator":"","thumbnail_generated":false,"thumbnail_generate_prompt":"","seoaic_article_description":"","_supplier_stock_quantity":0},"product_brand":[],"product_model":[],"product_cat":[9502],"product_tag":[],"industry-terminology":[],"class_list":{"0":"post-56922","1":"product","2":"type-product","3":"status-publish","4":"has-post-thumbnail","6":"product_cat-talvikengat","8":"first","9":"instock","10":"sale","11":"taxable","12":"shipping-taxable","13":"purchasable","14":"product-type-variable"},"acf":{"bike_features":null,"overview":{"copy_overview":null,"key_features":null,"statement":"","youtube_url":""}},"yoast_head":"<!-- This site is optimized with the Yoast SEO plugin v27.3 - https:\/\/yoast.com\/product\/yoast-seo-wordpress\/ -->\n<title>Lake MXZ304-X talvimaastokenk\u00e4 - VM Sport<\/title>\n<meta name=\"robots\" content=\"index, follow, max-snippet:-1, max-image-preview:large, max-video-preview:-1\" \/>\n<link rel=\"canonical\" href=\"https:\/\/vmsport.fi\/sv\/webbutik\/korutrustning\/skor\/vinterskor\/lake-mxz304-x-vinterdack\/\" \/>\n<meta property=\"og:locale\" content=\"sv_SE\" \/>\n<meta property=\"og:type\" content=\"article\" \/>\n<meta property=\"og:title\" content=\"Lake MXZ304-X talvimaastokenk\u00e4 - VM Sport\" \/>\n<meta property=\"og:description\" content=\"Lake MXZ304-X talvimaastokenk\u00e4 on suunniteltu erityisesti talvipy\u00f6r\u00e4ilyyn, tarjoten ensiluokkaista mukavuutta ja suorituskyky\u00e4 kylmiss\u00e4 olosuhteissa. Kenk\u00e4 hy\u00f6dynt\u00e4\u00e4 leve\u00e4mp\u00e4\u00e4 lesti\u00e4, joka tarjoaa enemm\u00e4n tilaa ja parantaa verenkiertoa suuremman varvastilan ansiosta, mik\u00e4 lis\u00e4\u00e4 k\u00e4ytt\u00f6mukavuutta. Keng\u00e4n yl\u00e4osa on valmistettu Pittards WR100 -nahasta, joka yhdist\u00e4\u00e4 vedenhylkivyyden ja hengitt\u00e4vyyden. Hecklor-nahkapaneelit lis\u00e4\u00e4v\u00e4t kest\u00e4vyytt\u00e4 ja tekev\u00e4t keng\u00e4st\u00e4 pitk\u00e4ik\u00e4isen. Kenk\u00e4 sis\u00e4lt\u00e4\u00e4 Outlast-l\u00e4mp\u00f6vuorauksen, Thinsulate-eristeen varpaiden [...]L\u00e4s mer \u2026 from Lake MXZ304-X talvimaastokenk\u00e4\" \/>\n<meta property=\"og:url\" content=\"https:\/\/vmsport.fi\/sv\/webbutik\/korutrustning\/skor\/vinterskor\/lake-mxz304-x-vinterdack\/\" \/>\n<meta property=\"og:site_name\" content=\"VM Sport\" \/>\n<meta property=\"article:publisher\" content=\"https:\/\/www.facebook.com\/Vmsport.fi\/\" \/>\n<meta property=\"article:modified_time\" content=\"2026-04-02T10:56:34+00:00\" \/>\n<meta property=\"og:image\" content=\"https:\/\/vmsport.fi\/wp-content\/uploads\/2025\/03\/mxz304-front-ea1d870b-3394-46ed-9e97-fc3cd5033ea5-1800x1800-prpage-1.jpg\" \/>\n\t<meta property=\"og:image:width\" content=\"390\" \/>\n\t<meta property=\"og:image:height\" content=\"351\" \/>\n\t<meta property=\"og:image:type\" content=\"image\/jpeg\" \/>\n<meta name=\"twitter:card\" content=\"summary_large_image\" \/>\n<meta name=\"twitter:label1\" content=\"Ber\u00e4knad l\u00e4stid\" \/>\n\t<meta name=\"twitter:data1\" content=\"1 minut\" \/>\n<script type=\"application\/ld+json\" class=\"yoast-schema-graph\">{\"@context\":\"https:\\\/\\\/schema.org\",\"@graph\":[{\"@type\":[\"WebPage\",\"ItemPage\"],\"@id\":\"https:\\\/\\\/vmsport.fi\\\/verkkokauppa\\\/ajovarusteet\\\/kengat\\\/talvikengat\\\/lake-mxz304-x-talvimaastokenka\\\/\",\"url\":\"https:\\\/\\\/vmsport.fi\\\/verkkokauppa\\\/ajovarusteet\\\/kengat\\\/talvikengat\\\/lake-mxz304-x-talvimaastokenka\\\/\",\"name\":\"Lake MXZ304-X talvimaastokenk\u00e4 - VM Sport\",\"isPartOf\":{\"@id\":\"https:\\\/\\\/vmsport.fi\\\/#website\"},\"primaryImageOfPage\":{\"@id\":\"https:\\\/\\\/vmsport.fi\\\/verkkokauppa\\\/ajovarusteet\\\/kengat\\\/talvikengat\\\/lake-mxz304-x-talvimaastokenka\\\/#primaryimage\"},\"image\":{\"@id\":\"https:\\\/\\\/vmsport.fi\\\/verkkokauppa\\\/ajovarusteet\\\/kengat\\\/talvikengat\\\/lake-mxz304-x-talvimaastokenka\\\/#primaryimage\"},\"thumbnailUrl\":\"https:\\\/\\\/vmsport.fi\\\/wp-content\\\/uploads\\\/2025\\\/03\\\/mxz304-front-ea1d870b-3394-46ed-9e97-fc3cd5033ea5-1800x1800-prpage-1.jpg\",\"datePublished\":\"2025-03-05T22:25:41+00:00\",\"dateModified\":\"2026-04-02T10:56:34+00:00\",\"breadcrumb\":{\"@id\":\"https:\\\/\\\/vmsport.fi\\\/verkkokauppa\\\/ajovarusteet\\\/kengat\\\/talvikengat\\\/lake-mxz304-x-talvimaastokenka\\\/#breadcrumb\"},\"inLanguage\":\"sv-SE\",\"potentialAction\":[{\"@type\":\"ReadAction\",\"target\":[\"https:\\\/\\\/vmsport.fi\\\/verkkokauppa\\\/ajovarusteet\\\/kengat\\\/talvikengat\\\/lake-mxz304-x-talvimaastokenka\\\/\"]}]},{\"@type\":\"ImageObject\",\"inLanguage\":\"sv-SE\",\"@id\":\"https:\\\/\\\/vmsport.fi\\\/verkkokauppa\\\/ajovarusteet\\\/kengat\\\/talvikengat\\\/lake-mxz304-x-talvimaastokenka\\\/#primaryimage\",\"url\":\"https:\\\/\\\/vmsport.fi\\\/wp-content\\\/uploads\\\/2025\\\/03\\\/mxz304-front-ea1d870b-3394-46ed-9e97-fc3cd5033ea5-1800x1800-prpage-1.jpg\",\"contentUrl\":\"https:\\\/\\\/vmsport.fi\\\/wp-content\\\/uploads\\\/2025\\\/03\\\/mxz304-front-ea1d870b-3394-46ed-9e97-fc3cd5033ea5-1800x1800-prpage-1.jpg\",\"width\":390,\"height\":351,\"caption\":\"mxz304-front-ea1d870b-3394-46ed-9e97-fc3cd5033ea5-1800x1800-prpage\"},{\"@type\":\"BreadcrumbList\",\"@id\":\"https:\\\/\\\/vmsport.fi\\\/verkkokauppa\\\/ajovarusteet\\\/kengat\\\/talvikengat\\\/lake-mxz304-x-talvimaastokenka\\\/#breadcrumb\",\"itemListElement\":[{\"@type\":\"ListItem\",\"position\":1,\"name\":\"Etusivu\",\"item\":\"https:\\\/\\\/vmsport.fi\\\/\"},{\"@type\":\"ListItem\",\"position\":2,\"name\":\"Online Store\",\"item\":\"https:\\\/\\\/vmsport.fi\\\/en\\\/online-store\\\/\"},{\"@type\":\"ListItem\",\"position\":3,\"name\":\"Lake MXZ304-X talvimaastokenk\u00e4\"}]},{\"@type\":\"WebSite\",\"@id\":\"https:\\\/\\\/vmsport.fi\\\/#website\",\"url\":\"https:\\\/\\\/vmsport.fi\\\/\",\"name\":\"Vmsport\",\"description\":\"Kaikki py\u00f6r\u00e4ilyyn yhdest\u00e4 paikasta\",\"publisher\":{\"@id\":\"https:\\\/\\\/vmsport.fi\\\/#organization\"},\"potentialAction\":[{\"@type\":\"SearchAction\",\"target\":{\"@type\":\"EntryPoint\",\"urlTemplate\":\"https:\\\/\\\/vmsport.fi\\\/?s={search_term_string}\"},\"query-input\":{\"@type\":\"PropertyValueSpecification\",\"valueRequired\":true,\"valueName\":\"search_term_string\"}}],\"inLanguage\":\"sv-SE\"},{\"@type\":\"Organization\",\"@id\":\"https:\\\/\\\/vmsport.fi\\\/#organization\",\"name\":\"Vmsport\",\"url\":\"https:\\\/\\\/vmsport.fi\\\/\",\"logo\":{\"@type\":\"ImageObject\",\"inLanguage\":\"sv-SE\",\"@id\":\"https:\\\/\\\/vmsport.fi\\\/#\\\/schema\\\/logo\\\/image\\\/\",\"url\":\"https:\\\/\\\/vmsport.fi\\\/wp-content\\\/uploads\\\/2024\\\/12\\\/vm_sport_RGB_horisontal-e1734526017575.png\",\"contentUrl\":\"https:\\\/\\\/vmsport.fi\\\/wp-content\\\/uploads\\\/2024\\\/12\\\/vm_sport_RGB_horisontal-e1734526017575.png\",\"width\":668,\"height\":85,\"caption\":\"Vmsport\"},\"image\":{\"@id\":\"https:\\\/\\\/vmsport.fi\\\/#\\\/schema\\\/logo\\\/image\\\/\"},\"sameAs\":[\"https:\\\/\\\/www.facebook.com\\\/Vmsport.fi\\\/\",\"https:\\\/\\\/www.instagram.com\\\/vmsport\\\/\"]}]}<\/script>\n<!-- \/ Yoast SEO plugin. -->","yoast_head_json":{"title":"Lake MXZ304-X vinterterr\u00e4ngsko - VM Sport","robots":{"index":"index","follow":"follow","max-snippet":"max-snippet:-1","max-image-preview":"max-image-preview:large","max-video-preview":"max-video-preview:-1"},"canonical":"https:\/\/vmsport.fi\/sv\/webbutik\/korutrustning\/skor\/vinterskor\/lake-mxz304-x-vinterdack\/","og_locale":"sv_SE","og_type":"article","og_title":"Lake MXZ304-X talvimaastokenk\u00e4 - VM Sport","og_description":"Lake MXZ304-X talvimaastokenk\u00e4 on suunniteltu erityisesti talvipy\u00f6r\u00e4ilyyn, tarjoten ensiluokkaista mukavuutta ja suorituskyky\u00e4 kylmiss\u00e4 olosuhteissa. Kenk\u00e4 hy\u00f6dynt\u00e4\u00e4 leve\u00e4mp\u00e4\u00e4 lesti\u00e4, joka tarjoaa enemm\u00e4n tilaa ja parantaa verenkiertoa suuremman varvastilan ansiosta, mik\u00e4 lis\u00e4\u00e4 k\u00e4ytt\u00f6mukavuutta. Keng\u00e4n yl\u00e4osa on valmistettu Pittards WR100 -nahasta, joka yhdist\u00e4\u00e4 vedenhylkivyyden ja hengitt\u00e4vyyden. Hecklor-nahkapaneelit lis\u00e4\u00e4v\u00e4t kest\u00e4vyytt\u00e4 ja tekev\u00e4t keng\u00e4st\u00e4 pitk\u00e4ik\u00e4isen. Kenk\u00e4 sis\u00e4lt\u00e4\u00e4 Outlast-l\u00e4mp\u00f6vuorauksen, Thinsulate-eristeen varpaiden [...]L\u00e4s mer \u2026 from Lake MXZ304-X talvimaastokenk\u00e4","og_url":"https:\/\/vmsport.fi\/sv\/webbutik\/korutrustning\/skor\/vinterskor\/lake-mxz304-x-vinterdack\/","og_site_name":"VM Sport","article_publisher":"https:\/\/www.facebook.com\/Vmsport.fi\/","article_modified_time":"2026-04-02T10:56:34+00:00","og_image":[{"width":390,"height":351,"url":"https:\/\/vmsport.fi\/wp-content\/uploads\/2025\/03\/mxz304-front-ea1d870b-3394-46ed-9e97-fc3cd5033ea5-1800x1800-prpage-1.jpg","type":"image\/jpeg"}],"twitter_card":"summary_large_image","twitter_misc":{"Ber\u00e4knad l\u00e4stid":"1 minut"},"schema":{"@context":"https:\/\/schema.org","@graph":[{"@type":["WebPage","ItemPage"],"@id":"https:\/\/vmsport.fi\/verkkokauppa\/ajovarusteet\/kengat\/talvikengat\/lake-mxz304-x-talvimaastokenka\/","url":"https:\/\/vmsport.fi\/verkkokauppa\/ajovarusteet\/kengat\/talvikengat\/lake-mxz304-x-talvimaastokenka\/","name":"Lake MXZ304-X vinterterr\u00e4ngsko - VM Sport","isPartOf":{"@id":"https:\/\/vmsport.fi\/#website"},"primaryImageOfPage":{"@id":"https:\/\/vmsport.fi\/verkkokauppa\/ajovarusteet\/kengat\/talvikengat\/lake-mxz304-x-talvimaastokenka\/#primaryimage"},"image":{"@id":"https:\/\/vmsport.fi\/verkkokauppa\/ajovarusteet\/kengat\/talvikengat\/lake-mxz304-x-talvimaastokenka\/#primaryimage"},"thumbnailUrl":"https:\/\/vmsport.fi\/wp-content\/uploads\/2025\/03\/mxz304-front-ea1d870b-3394-46ed-9e97-fc3cd5033ea5-1800x1800-prpage-1.jpg","datePublished":"2025-03-05T22:25:41+00:00","dateModified":"2026-04-02T10:56:34+00:00","breadcrumb":{"@id":"https:\/\/vmsport.fi\/verkkokauppa\/ajovarusteet\/kengat\/talvikengat\/lake-mxz304-x-talvimaastokenka\/#breadcrumb"},"inLanguage":"sv-SE","potentialAction":[{"@type":"ReadAction","target":["https:\/\/vmsport.fi\/verkkokauppa\/ajovarusteet\/kengat\/talvikengat\/lake-mxz304-x-talvimaastokenka\/"]}]},{"@type":"ImageObject","inLanguage":"sv-SE","@id":"https:\/\/vmsport.fi\/verkkokauppa\/ajovarusteet\/kengat\/talvikengat\/lake-mxz304-x-talvimaastokenka\/#primaryimage","url":"https:\/\/vmsport.fi\/wp-content\/uploads\/2025\/03\/mxz304-front-ea1d870b-3394-46ed-9e97-fc3cd5033ea5-1800x1800-prpage-1.jpg","contentUrl":"https:\/\/vmsport.fi\/wp-content\/uploads\/2025\/03\/mxz304-front-ea1d870b-3394-46ed-9e97-fc3cd5033ea5-1800x1800-prpage-1.jpg","width":390,"height":351,"caption":"mxz304-front-ea1d870b-3394-46ed-9e97-fc3cd5033ea5-1800x1800-prpage"},{"@type":"BreadcrumbList","@id":"https:\/\/vmsport.fi\/verkkokauppa\/ajovarusteet\/kengat\/talvikengat\/lake-mxz304-x-talvimaastokenka\/#breadcrumb","itemListElement":[{"@type":"ListItem","position":1,"name":"Etusivu","item":"https:\/\/vmsport.fi\/"},{"@type":"ListItem","position":2,"name":"Online Store","item":"https:\/\/vmsport.fi\/en\/online-store\/"},{"@type":"ListItem","position":3,"name":"Lake MXZ304-X talvimaastokenk\u00e4"}]},{"@type":"WebSite","@id":"https:\/\/vmsport.fi\/#website","url":"https:\/\/vmsport.fi\/","name":"Vmsport","description":"Allt p\u00e5 ett st\u00e4lle f\u00f6r cykling","publisher":{"@id":"https:\/\/vmsport.fi\/#organization"},"potentialAction":[{"@type":"SearchAction","target":{"@type":"EntryPoint","urlTemplate":"https:\/\/vmsport.fi\/?s={search_term_string}"},"query-input":{"@type":"PropertyValueSpecification","valueRequired":true,"valueName":"search_term_string"}}],"inLanguage":"sv-SE"},{"@type":"Organization","@id":"https:\/\/vmsport.fi\/#organization","name":"Vmsport","url":"https:\/\/vmsport.fi\/","logo":{"@type":"ImageObject","inLanguage":"sv-SE","@id":"https:\/\/vmsport.fi\/#\/schema\/logo\/image\/","url":"https:\/\/vmsport.fi\/wp-content\/uploads\/2024\/12\/vm_sport_RGB_horisontal-e1734526017575.png","contentUrl":"https:\/\/vmsport.fi\/wp-content\/uploads\/2024\/12\/vm_sport_RGB_horisontal-e1734526017575.png","width":668,"height":85,"caption":"Vmsport"},"image":{"@id":"https:\/\/vmsport.fi\/#\/schema\/logo\/image\/"},"sameAs":["https:\/\/www.facebook.com\/Vmsport.fi\/","https:\/\/www.instagram.com\/vmsport\/"]}]}},"global_unique_id":"","_links":{"self":[{"href":"https:\/\/vmsport.fi\/sv\/wp-json\/wp\/v2\/product\/56922","targetHints":{"allow":["GET"]}}],"collection":[{"href":"https:\/\/vmsport.fi\/sv\/wp-json\/wp\/v2\/product"}],"about":[{"href":"https:\/\/vmsport.fi\/sv\/wp-json\/wp\/v2\/types\/product"}],"replies":[{"embeddable":true,"href":"https:\/\/vmsport.fi\/sv\/wp-json\/wp\/v2\/comments?post=56922"}],"wp:featuredmedia":[{"embeddable":true,"href":"https:\/\/vmsport.fi\/sv\/wp-json\/wp\/v2\/media\/56921"}],"wp:attachment":[{"href":"https:\/\/vmsport.fi\/sv\/wp-json\/wp\/v2\/media?parent=56922"}],"wp:term":[{"taxonomy":"product_brand","embeddable":true,"href":"https:\/\/vmsport.fi\/sv\/wp-json\/wp\/v2\/product_brand?post=56922"},{"taxonomy":"product_model","embeddable":true,"href":"https:\/\/vmsport.fi\/sv\/wp-json\/wp\/v2\/product_model?post=56922"},{"taxonomy":"product_cat","embeddable":true,"href":"https:\/\/vmsport.fi\/sv\/wp-json\/wp\/v2\/product_cat?post=56922"},{"taxonomy":"product_tag","embeddable":true,"href":"https:\/\/vmsport.fi\/sv\/wp-json\/wp\/v2\/product_tag?post=56922"},{"taxonomy":"industry_terminology","embeddable":true,"href":"https:\/\/vmsport.fi\/sv\/wp-json\/wp\/v2\/industry-terminology?post=56922"}],"curies":[{"name":"wp","href":"https:\/\/api.w.org\/{rel}","templated":true}]}}