{"id":56918,"date":"2025-03-06T00:25:40","date_gmt":"2025-03-05T22:25:40","guid":{"rendered":"https:\/\/vmsport.fi\/verkkokauppa\/Ei-luokiteltu\/bosch-connection-cable-200-mm-for-rear-lights\/"},"modified":"2026-01-16T13:20:42","modified_gmt":"2026-01-16T11:20:42","slug":"bosch-anslutningskabel-200-mm-for-bakljus","status":"publish","type":"product","link":"https:\/\/vmsport.fi\/sv\/verkkokauppa\/tarvikkeet\/valaisimet-ja-osat\/johtosarjat-valoihin\/bosch-connection-cable-200-mm-for-rear-lights\/","title":{"rendered":"Bosch anslutningskabel 200 mm f\u00f6r bakljus"},"content":{"rendered":"<p>Bosch anslutningskabel, som \u00e4r utformad f\u00f6r Bosch Smart System, garanterar perfekt kompatibilitet och enkel anv\u00e4ndning. Kabell\u00e4ngden p\u00e5 200 mm och de tv\u00e5 dubbelriktade kontakterna ger flexibilitet f\u00f6r olika installationer. Den anv\u00e4ndarv\u00e4nliga stickproppsanslutningen g\u00f6r installationen snabb och enkel. PVC-fritt material bidrar till milj\u00f6v\u00e4nlighet. Den h\u00e4r kabeln \u00e4r en praktisk och tillf\u00f6rlitlig l\u00f6sning f\u00f6r anslutning av bakljus.<\/p>","protected":false},"excerpt":{"rendered":"<p>Bosch-liit\u00e4nt\u00e4kaapeli, joka on suunniteltu Bosch Smart System -j\u00e4rjestelm\u00e4lle, varmistaa moitteettoman yhteensopivuuden ja helppok\u00e4ytt\u00f6isyyden. Kaapelin 200 mm pituus sek\u00e4 kaksi kaksisuuntaista liitint\u00e4 tarjoavat joustavuutta erilaisiin asennuksiin. K\u00e4ytt\u00e4j\u00e4yst\u00e4v\u00e4llinen pistokeliit\u00e4nt\u00e4 tekee asennuksesta nopeaa ja vaivatonta. PVC-vapaa materiaali edist\u00e4\u00e4 ymp\u00e4rist\u00f6yst\u00e4v\u00e4llisyytt\u00e4. T\u00e4m\u00e4 kaapeli tarjoaa k\u00e4yt\u00e4nn\u00f6llisen ja luotettavan ratkaisun takavalojen liitt\u00e4miseen. [&#8230;]<\/p>\n<p><a class=\"btn btn-secondary understrap-read-more-link\" href=\"https:\/\/vmsport.fi\/sv\/verkkokauppa\/tarvikkeet\/valaisimet-ja-osat\/johtosarjat-valoihin\/bosch-connection-cable-200-mm-for-rear-lights\/\">L\u00e4s mer \u2026<span class=\"screen-reader-text\"> from Bosch Connection Cable 200 mm for Rear Lights<\/span><\/a><\/p>\n","protected":false},"featured_media":56917,"comment_status":"open","ping_status":"closed","template":"","meta":{"_acf_changed":false,"_improvement_type_select":"improve_an_existing","_thumb_yes_seoaic":false,"_frame_yes_seoaic":false,"seoaic_generate_description":"","seoaic_improve_instructions_prompt":"","seoaic_rollback_content_improvement":"","seoaic_idea_thumbnail_generator":"","thumbnail_generated":false,"thumbnail_generate_prompt":"","seoaic_article_description":"","_supplier_stock_quantity":0},"product_brand":[],"product_model":[],"product_cat":[9568],"product_tag":[],"industry-terminology":[],"class_list":{"0":"post-56918","1":"product","2":"type-product","3":"status-publish","4":"has-post-thumbnail","6":"product_cat-johtosarjat-valoihin","8":"first","9":"outofstock","10":"taxable","11":"shipping-taxable","12":"product-type-simple"},"acf":{"bike_features":null,"overview":{"copy_overview":null,"key_features":null,"statement":"","youtube_url":""}},"yoast_head":"<!-- This site is optimized with the Yoast SEO plugin v27.3 - https:\/\/yoast.com\/product\/yoast-seo-wordpress\/ -->\n<title>Bosch Connection Cable 200 mm for Rear Lights - VM Sport<\/title>\n<meta name=\"robots\" content=\"index, follow, max-snippet:-1, max-image-preview:large, max-video-preview:-1\" \/>\n<link rel=\"canonical\" href=\"https:\/\/vmsport.fi\/sv\/webbutik\/tillbehor\/armaturer-och-komponenter\/ledningsnat-for-lampor\/bosch-anslutningskabel-200-mm-for-bakljus\/\" \/>\n<meta property=\"og:locale\" content=\"sv_SE\" \/>\n<meta property=\"og:type\" content=\"article\" \/>\n<meta property=\"og:title\" content=\"Bosch Connection Cable 200 mm for Rear Lights - VM Sport\" \/>\n<meta property=\"og:description\" content=\"Bosch-liit\u00e4nt\u00e4kaapeli, joka on suunniteltu Bosch Smart System -j\u00e4rjestelm\u00e4lle, varmistaa moitteettoman yhteensopivuuden ja helppok\u00e4ytt\u00f6isyyden. Kaapelin 200 mm pituus sek\u00e4 kaksi kaksisuuntaista liitint\u00e4 tarjoavat joustavuutta erilaisiin asennuksiin. K\u00e4ytt\u00e4j\u00e4yst\u00e4v\u00e4llinen pistokeliit\u00e4nt\u00e4 tekee asennuksesta nopeaa ja vaivatonta. PVC-vapaa materiaali edist\u00e4\u00e4 ymp\u00e4rist\u00f6yst\u00e4v\u00e4llisyytt\u00e4. T\u00e4m\u00e4 kaapeli tarjoaa k\u00e4yt\u00e4nn\u00f6llisen ja luotettavan ratkaisun takavalojen liitt\u00e4miseen. [...]L\u00e4s mer \u2026 from Bosch Connection Cable 200 mm for Rear Lights\" \/>\n<meta property=\"og:url\" content=\"https:\/\/vmsport.fi\/sv\/webbutik\/tillbehor\/armaturer-och-komponenter\/ledningsnat-for-lampor\/bosch-anslutningskabel-200-mm-for-bakljus\/\" \/>\n<meta property=\"og:site_name\" content=\"VM Sport\" \/>\n<meta property=\"article:publisher\" content=\"https:\/\/www.facebook.com\/Vmsport.fi\/\" \/>\n<meta property=\"article:modified_time\" content=\"2026-01-16T11:20:42+00:00\" \/>\n<meta property=\"og:image\" content=\"https:\/\/vmsport.fi\/wp-content\/uploads\/2025\/03\/236469-00-d-457601-1.jpg\" \/>\n\t<meta property=\"og:image:width\" content=\"1000\" \/>\n\t<meta property=\"og:image:height\" content=\"1000\" \/>\n\t<meta property=\"og:image:type\" content=\"image\/jpeg\" \/>\n<meta name=\"twitter:card\" content=\"summary_large_image\" \/>\n<script type=\"application\/ld+json\" class=\"yoast-schema-graph\">{\"@context\":\"https:\\\/\\\/schema.org\",\"@graph\":[{\"@type\":[\"WebPage\",\"ItemPage\"],\"@id\":\"https:\\\/\\\/vmsport.fi\\\/verkkokauppa\\\/tarvikkeet\\\/valaisimet-ja-osat\\\/johtosarjat-valoihin\\\/bosch-connection-cable-200-mm-for-rear-lights\\\/\",\"url\":\"https:\\\/\\\/vmsport.fi\\\/verkkokauppa\\\/tarvikkeet\\\/valaisimet-ja-osat\\\/johtosarjat-valoihin\\\/bosch-connection-cable-200-mm-for-rear-lights\\\/\",\"name\":\"Bosch Connection Cable 200 mm for Rear Lights - VM Sport\",\"isPartOf\":{\"@id\":\"https:\\\/\\\/vmsport.fi\\\/#website\"},\"primaryImageOfPage\":{\"@id\":\"https:\\\/\\\/vmsport.fi\\\/verkkokauppa\\\/tarvikkeet\\\/valaisimet-ja-osat\\\/johtosarjat-valoihin\\\/bosch-connection-cable-200-mm-for-rear-lights\\\/#primaryimage\"},\"image\":{\"@id\":\"https:\\\/\\\/vmsport.fi\\\/verkkokauppa\\\/tarvikkeet\\\/valaisimet-ja-osat\\\/johtosarjat-valoihin\\\/bosch-connection-cable-200-mm-for-rear-lights\\\/#primaryimage\"},\"thumbnailUrl\":\"https:\\\/\\\/vmsport.fi\\\/wp-content\\\/uploads\\\/2025\\\/03\\\/236469-00-d-457601-1.jpg\",\"datePublished\":\"2025-03-05T22:25:40+00:00\",\"dateModified\":\"2026-01-16T11:20:42+00:00\",\"breadcrumb\":{\"@id\":\"https:\\\/\\\/vmsport.fi\\\/verkkokauppa\\\/tarvikkeet\\\/valaisimet-ja-osat\\\/johtosarjat-valoihin\\\/bosch-connection-cable-200-mm-for-rear-lights\\\/#breadcrumb\"},\"inLanguage\":\"sv-SE\",\"potentialAction\":[{\"@type\":\"ReadAction\",\"target\":[\"https:\\\/\\\/vmsport.fi\\\/verkkokauppa\\\/tarvikkeet\\\/valaisimet-ja-osat\\\/johtosarjat-valoihin\\\/bosch-connection-cable-200-mm-for-rear-lights\\\/\"]}]},{\"@type\":\"ImageObject\",\"inLanguage\":\"sv-SE\",\"@id\":\"https:\\\/\\\/vmsport.fi\\\/verkkokauppa\\\/tarvikkeet\\\/valaisimet-ja-osat\\\/johtosarjat-valoihin\\\/bosch-connection-cable-200-mm-for-rear-lights\\\/#primaryimage\",\"url\":\"https:\\\/\\\/vmsport.fi\\\/wp-content\\\/uploads\\\/2025\\\/03\\\/236469-00-d-457601-1.jpg\",\"contentUrl\":\"https:\\\/\\\/vmsport.fi\\\/wp-content\\\/uploads\\\/2025\\\/03\\\/236469-00-d-457601-1.jpg\",\"width\":1000,\"height\":1000,\"caption\":\"236469-00-d-457601\"},{\"@type\":\"BreadcrumbList\",\"@id\":\"https:\\\/\\\/vmsport.fi\\\/verkkokauppa\\\/tarvikkeet\\\/valaisimet-ja-osat\\\/johtosarjat-valoihin\\\/bosch-connection-cable-200-mm-for-rear-lights\\\/#breadcrumb\",\"itemListElement\":[{\"@type\":\"ListItem\",\"position\":1,\"name\":\"Etusivu\",\"item\":\"https:\\\/\\\/vmsport.fi\\\/\"},{\"@type\":\"ListItem\",\"position\":2,\"name\":\"Online Store\",\"item\":\"https:\\\/\\\/vmsport.fi\\\/en\\\/online-store\\\/\"},{\"@type\":\"ListItem\",\"position\":3,\"name\":\"Bosch Connection Cable 200 mm for Rear Lights\"}]},{\"@type\":\"WebSite\",\"@id\":\"https:\\\/\\\/vmsport.fi\\\/#website\",\"url\":\"https:\\\/\\\/vmsport.fi\\\/\",\"name\":\"Vmsport\",\"description\":\"Kaikki py\u00f6r\u00e4ilyyn yhdest\u00e4 paikasta\",\"publisher\":{\"@id\":\"https:\\\/\\\/vmsport.fi\\\/#organization\"},\"potentialAction\":[{\"@type\":\"SearchAction\",\"target\":{\"@type\":\"EntryPoint\",\"urlTemplate\":\"https:\\\/\\\/vmsport.fi\\\/?s={search_term_string}\"},\"query-input\":{\"@type\":\"PropertyValueSpecification\",\"valueRequired\":true,\"valueName\":\"search_term_string\"}}],\"inLanguage\":\"sv-SE\"},{\"@type\":\"Organization\",\"@id\":\"https:\\\/\\\/vmsport.fi\\\/#organization\",\"name\":\"Vmsport\",\"url\":\"https:\\\/\\\/vmsport.fi\\\/\",\"logo\":{\"@type\":\"ImageObject\",\"inLanguage\":\"sv-SE\",\"@id\":\"https:\\\/\\\/vmsport.fi\\\/#\\\/schema\\\/logo\\\/image\\\/\",\"url\":\"https:\\\/\\\/vmsport.fi\\\/wp-content\\\/uploads\\\/2024\\\/12\\\/vm_sport_RGB_horisontal-e1734526017575.png\",\"contentUrl\":\"https:\\\/\\\/vmsport.fi\\\/wp-content\\\/uploads\\\/2024\\\/12\\\/vm_sport_RGB_horisontal-e1734526017575.png\",\"width\":668,\"height\":85,\"caption\":\"Vmsport\"},\"image\":{\"@id\":\"https:\\\/\\\/vmsport.fi\\\/#\\\/schema\\\/logo\\\/image\\\/\"},\"sameAs\":[\"https:\\\/\\\/www.facebook.com\\\/Vmsport.fi\\\/\",\"https:\\\/\\\/www.instagram.com\\\/vmsport\\\/\"]}]}<\/script>\n<!-- \/ Yoast SEO plugin. -->","yoast_head_json":{"title":"Bosch anslutningskabel 200 mm f\u00f6r bakljus - VM Sport","robots":{"index":"index","follow":"follow","max-snippet":"max-snippet:-1","max-image-preview":"max-image-preview:large","max-video-preview":"max-video-preview:-1"},"canonical":"https:\/\/vmsport.fi\/sv\/webbutik\/tillbehor\/armaturer-och-komponenter\/ledningsnat-for-lampor\/bosch-anslutningskabel-200-mm-for-bakljus\/","og_locale":"sv_SE","og_type":"article","og_title":"Bosch Connection Cable 200 mm for Rear Lights - VM Sport","og_description":"Bosch-liit\u00e4nt\u00e4kaapeli, joka on suunniteltu Bosch Smart System -j\u00e4rjestelm\u00e4lle, varmistaa moitteettoman yhteensopivuuden ja helppok\u00e4ytt\u00f6isyyden. Kaapelin 200 mm pituus sek\u00e4 kaksi kaksisuuntaista liitint\u00e4 tarjoavat joustavuutta erilaisiin asennuksiin. K\u00e4ytt\u00e4j\u00e4yst\u00e4v\u00e4llinen pistokeliit\u00e4nt\u00e4 tekee asennuksesta nopeaa ja vaivatonta. PVC-vapaa materiaali edist\u00e4\u00e4 ymp\u00e4rist\u00f6yst\u00e4v\u00e4llisyytt\u00e4. T\u00e4m\u00e4 kaapeli tarjoaa k\u00e4yt\u00e4nn\u00f6llisen ja luotettavan ratkaisun takavalojen liitt\u00e4miseen. [...]L\u00e4s mer \u2026 from Bosch Connection Cable 200 mm for Rear Lights","og_url":"https:\/\/vmsport.fi\/sv\/webbutik\/tillbehor\/armaturer-och-komponenter\/ledningsnat-for-lampor\/bosch-anslutningskabel-200-mm-for-bakljus\/","og_site_name":"VM Sport","article_publisher":"https:\/\/www.facebook.com\/Vmsport.fi\/","article_modified_time":"2026-01-16T11:20:42+00:00","og_image":[{"width":1000,"height":1000,"url":"https:\/\/vmsport.fi\/wp-content\/uploads\/2025\/03\/236469-00-d-457601-1.jpg","type":"image\/jpeg"}],"twitter_card":"summary_large_image","schema":{"@context":"https:\/\/schema.org","@graph":[{"@type":["WebPage","ItemPage"],"@id":"https:\/\/vmsport.fi\/verkkokauppa\/tarvikkeet\/valaisimet-ja-osat\/johtosarjat-valoihin\/bosch-connection-cable-200-mm-for-rear-lights\/","url":"https:\/\/vmsport.fi\/verkkokauppa\/tarvikkeet\/valaisimet-ja-osat\/johtosarjat-valoihin\/bosch-connection-cable-200-mm-for-rear-lights\/","name":"Bosch anslutningskabel 200 mm f\u00f6r bakljus - VM Sport","isPartOf":{"@id":"https:\/\/vmsport.fi\/#website"},"primaryImageOfPage":{"@id":"https:\/\/vmsport.fi\/verkkokauppa\/tarvikkeet\/valaisimet-ja-osat\/johtosarjat-valoihin\/bosch-connection-cable-200-mm-for-rear-lights\/#primaryimage"},"image":{"@id":"https:\/\/vmsport.fi\/verkkokauppa\/tarvikkeet\/valaisimet-ja-osat\/johtosarjat-valoihin\/bosch-connection-cable-200-mm-for-rear-lights\/#primaryimage"},"thumbnailUrl":"https:\/\/vmsport.fi\/wp-content\/uploads\/2025\/03\/236469-00-d-457601-1.jpg","datePublished":"2025-03-05T22:25:40+00:00","dateModified":"2026-01-16T11:20:42+00:00","breadcrumb":{"@id":"https:\/\/vmsport.fi\/verkkokauppa\/tarvikkeet\/valaisimet-ja-osat\/johtosarjat-valoihin\/bosch-connection-cable-200-mm-for-rear-lights\/#breadcrumb"},"inLanguage":"sv-SE","potentialAction":[{"@type":"ReadAction","target":["https:\/\/vmsport.fi\/verkkokauppa\/tarvikkeet\/valaisimet-ja-osat\/johtosarjat-valoihin\/bosch-connection-cable-200-mm-for-rear-lights\/"]}]},{"@type":"ImageObject","inLanguage":"sv-SE","@id":"https:\/\/vmsport.fi\/verkkokauppa\/tarvikkeet\/valaisimet-ja-osat\/johtosarjat-valoihin\/bosch-connection-cable-200-mm-for-rear-lights\/#primaryimage","url":"https:\/\/vmsport.fi\/wp-content\/uploads\/2025\/03\/236469-00-d-457601-1.jpg","contentUrl":"https:\/\/vmsport.fi\/wp-content\/uploads\/2025\/03\/236469-00-d-457601-1.jpg","width":1000,"height":1000,"caption":"236469-00-d-457601"},{"@type":"BreadcrumbList","@id":"https:\/\/vmsport.fi\/verkkokauppa\/tarvikkeet\/valaisimet-ja-osat\/johtosarjat-valoihin\/bosch-connection-cable-200-mm-for-rear-lights\/#breadcrumb","itemListElement":[{"@type":"ListItem","position":1,"name":"Etusivu","item":"https:\/\/vmsport.fi\/"},{"@type":"ListItem","position":2,"name":"Online Store","item":"https:\/\/vmsport.fi\/en\/online-store\/"},{"@type":"ListItem","position":3,"name":"Bosch Connection Cable 200 mm for Rear Lights"}]},{"@type":"WebSite","@id":"https:\/\/vmsport.fi\/#website","url":"https:\/\/vmsport.fi\/","name":"Vmsport","description":"Allt p\u00e5 ett st\u00e4lle f\u00f6r cykling","publisher":{"@id":"https:\/\/vmsport.fi\/#organization"},"potentialAction":[{"@type":"SearchAction","target":{"@type":"EntryPoint","urlTemplate":"https:\/\/vmsport.fi\/?s={search_term_string}"},"query-input":{"@type":"PropertyValueSpecification","valueRequired":true,"valueName":"search_term_string"}}],"inLanguage":"sv-SE"},{"@type":"Organization","@id":"https:\/\/vmsport.fi\/#organization","name":"Vmsport","url":"https:\/\/vmsport.fi\/","logo":{"@type":"ImageObject","inLanguage":"sv-SE","@id":"https:\/\/vmsport.fi\/#\/schema\/logo\/image\/","url":"https:\/\/vmsport.fi\/wp-content\/uploads\/2024\/12\/vm_sport_RGB_horisontal-e1734526017575.png","contentUrl":"https:\/\/vmsport.fi\/wp-content\/uploads\/2024\/12\/vm_sport_RGB_horisontal-e1734526017575.png","width":668,"height":85,"caption":"Vmsport"},"image":{"@id":"https:\/\/vmsport.fi\/#\/schema\/logo\/image\/"},"sameAs":["https:\/\/www.facebook.com\/Vmsport.fi\/","https:\/\/www.instagram.com\/vmsport\/"]}]}},"global_unique_id":"","_links":{"self":[{"href":"https:\/\/vmsport.fi\/sv\/wp-json\/wp\/v2\/product\/56918","targetHints":{"allow":["GET"]}}],"collection":[{"href":"https:\/\/vmsport.fi\/sv\/wp-json\/wp\/v2\/product"}],"about":[{"href":"https:\/\/vmsport.fi\/sv\/wp-json\/wp\/v2\/types\/product"}],"replies":[{"embeddable":true,"href":"https:\/\/vmsport.fi\/sv\/wp-json\/wp\/v2\/comments?post=56918"}],"wp:featuredmedia":[{"embeddable":true,"href":"https:\/\/vmsport.fi\/sv\/wp-json\/wp\/v2\/media\/56917"}],"wp:attachment":[{"href":"https:\/\/vmsport.fi\/sv\/wp-json\/wp\/v2\/media?parent=56918"}],"wp:term":[{"taxonomy":"product_brand","embeddable":true,"href":"https:\/\/vmsport.fi\/sv\/wp-json\/wp\/v2\/product_brand?post=56918"},{"taxonomy":"product_model","embeddable":true,"href":"https:\/\/vmsport.fi\/sv\/wp-json\/wp\/v2\/product_model?post=56918"},{"taxonomy":"product_cat","embeddable":true,"href":"https:\/\/vmsport.fi\/sv\/wp-json\/wp\/v2\/product_cat?post=56918"},{"taxonomy":"product_tag","embeddable":true,"href":"https:\/\/vmsport.fi\/sv\/wp-json\/wp\/v2\/product_tag?post=56918"},{"taxonomy":"industry_terminology","embeddable":true,"href":"https:\/\/vmsport.fi\/sv\/wp-json\/wp\/v2\/industry-terminology?post=56918"}],"curies":[{"name":"wp","href":"https:\/\/api.w.org\/{rel}","templated":true}]}}