{"id":56915,"date":"2025-03-06T00:25:38","date_gmt":"2025-03-05T22:25:38","guid":{"rendered":"https:\/\/vmsport.fi\/verkkokauppa\/Ei-luokiteltu\/shimano-rear-derailleur-ultegra-6700-2x10-speed-ird6700assg\/"},"modified":"2026-04-22T15:08:11","modified_gmt":"2026-04-22T12:08:11","slug":"shimano-bakvaxel-ultegra-6700-2x10-vaxlar-ird6700assg","status":"publish","type":"product","link":"https:\/\/vmsport.fi\/sv\/verkkokauppa\/varaosat\/vaihteistot\/takavaihtajat\/shimano-rear-derailleur-ultegra-6700-2x10-speed-ird6700assg\/","title":{"rendered":"Shimano Bakv\u00e4xel ultegra 6700 2\u00d710 v\u00e4xlar - IRD6700ASSG"},"content":{"rendered":"<p>Shimano Ultegra 6700 bakv\u00e4xel \u00e4r utformad f\u00f6r 10-v\u00e4xlade landsv\u00e4gscyklar och erbjuder prestanda p\u00e5 h\u00f6gsta niv\u00e5 och exakt v\u00e4xling. Konstruerad av h\u00f6gh\u00e5llfast aluminium och st\u00e5l, kombinerat med en h\u00f6gkvalitativ gr\u00e5 finish, \u00e4r denna komponent h\u00e5llbar och elegant. F\u00f6r cyklister som v\u00e4rdes\u00e4tter tillf\u00f6rlitlighet fungerar den h\u00e4r bakv\u00e4xeln utm\u00e4rkt med kassetter upp till 28 t\u00e4nder. Den direktmonterade designen har en kort v\u00e4xlingsbur och en avancerad fj\u00e4dermekanism f\u00f6r snabba, mjuka v\u00e4xlingar \u00e4ven under utmanande f\u00f6rh\u00e5llanden.<\/p>","protected":false},"excerpt":{"rendered":"<p>Shimano Ultegra 6700 -takavaihtaja on suunniteltu 10-vaihteisiin maantiepy\u00f6riin, tarjoten huipputason suorituskyky\u00e4 ja tarkkaa vaihtamista. Lujasta alumiinista ja ter\u00e4ksest\u00e4 valmistettu rakenne, yhdistettyn\u00e4 laadukkaaseen harmaaseen viimeistelyyn, tekee t\u00e4st\u00e4 komponentista kest\u00e4v\u00e4n ja tyylikk\u00e4\u00e4n. Py\u00f6r\u00e4ilij\u00f6ille, jotka arvostavat luotettavuutta, t\u00e4m\u00e4 takavaihtaja toimii erinomaisesti jopa 28 hampaan kasettien kanssa. Suoraan asennettava malli sis\u00e4lt\u00e4\u00e4 lyhyen vaihtajanh\u00e4kin ja kehittyneen jousimekanismin, mik\u00e4 mahdollistaa nopeat [&#8230;]<\/p>\n<p><a class=\"btn btn-secondary understrap-read-more-link\" href=\"https:\/\/vmsport.fi\/sv\/verkkokauppa\/varaosat\/vaihteistot\/takavaihtajat\/shimano-rear-derailleur-ultegra-6700-2x10-speed-ird6700assg\/\">L\u00e4s mer \u2026<span class=\"screen-reader-text\"> from Shimano Rear derailleur ultegra 6700 2&#215;10 speed &#8211; IRD6700ASSG<\/span><\/a><\/p>\n","protected":false},"featured_media":56914,"comment_status":"open","ping_status":"closed","template":"","meta":{"_acf_changed":false,"_improvement_type_select":"improve_an_existing","_thumb_yes_seoaic":false,"_frame_yes_seoaic":false,"seoaic_generate_description":"","seoaic_improve_instructions_prompt":"","seoaic_rollback_content_improvement":"","seoaic_idea_thumbnail_generator":"","thumbnail_generated":false,"thumbnail_generate_prompt":"","seoaic_article_description":"","_supplier_stock_quantity":0},"product_brand":[],"product_model":[],"product_cat":[9390],"product_tag":[],"industry-terminology":[],"class_list":{"0":"post-56915","1":"product","2":"type-product","3":"status-publish","4":"has-post-thumbnail","6":"product_cat-takavaihtajat","8":"first","9":"outofstock","10":"taxable","11":"shipping-taxable","12":"product-type-simple"},"acf":{"bike_features":null,"overview":{"copy_overview":null,"key_features":null,"statement":"","youtube_url":""}},"yoast_head":"<!-- This site is optimized with the Yoast SEO plugin v27.4 - https:\/\/yoast.com\/product\/yoast-seo-wordpress\/ -->\n<title>Shimano Rear derailleur ultegra 6700 2x10 speed - IRD6700ASSG - VM Sport<\/title>\n<meta name=\"robots\" content=\"index, follow, max-snippet:-1, max-image-preview:large, max-video-preview:-1\" \/>\n<link rel=\"canonical\" href=\"https:\/\/vmsport.fi\/sv\/webbutik\/reservdelar\/vaxellador\/bakre-vaxlar\/shimano-bakvaxel-ultegra-6700-2x10-vaxlar-ird6700assg\/\" \/>\n<meta property=\"og:locale\" content=\"sv_SE\" \/>\n<meta property=\"og:type\" content=\"article\" \/>\n<meta property=\"og:title\" content=\"Shimano Rear derailleur ultegra 6700 2x10 speed - IRD6700ASSG - VM Sport\" \/>\n<meta property=\"og:description\" content=\"Shimano Ultegra 6700 -takavaihtaja on suunniteltu 10-vaihteisiin maantiepy\u00f6riin, tarjoten huipputason suorituskyky\u00e4 ja tarkkaa vaihtamista. Lujasta alumiinista ja ter\u00e4ksest\u00e4 valmistettu rakenne, yhdistettyn\u00e4 laadukkaaseen harmaaseen viimeistelyyn, tekee t\u00e4st\u00e4 komponentista kest\u00e4v\u00e4n ja tyylikk\u00e4\u00e4n. Py\u00f6r\u00e4ilij\u00f6ille, jotka arvostavat luotettavuutta, t\u00e4m\u00e4 takavaihtaja toimii erinomaisesti jopa 28 hampaan kasettien kanssa. Suoraan asennettava malli sis\u00e4lt\u00e4\u00e4 lyhyen vaihtajanh\u00e4kin ja kehittyneen jousimekanismin, mik\u00e4 mahdollistaa nopeat [...]L\u00e4s mer \u2026 from Shimano Rear derailleur ultegra 6700 2&#215;10 speed &#8211; IRD6700ASSG\" \/>\n<meta property=\"og:url\" content=\"https:\/\/vmsport.fi\/sv\/webbutik\/reservdelar\/vaxellador\/bakre-vaxlar\/shimano-bakvaxel-ultegra-6700-2x10-vaxlar-ird6700assg\/\" \/>\n<meta property=\"og:site_name\" content=\"VM Sport\" \/>\n<meta property=\"article:publisher\" content=\"https:\/\/www.facebook.com\/Vmsport.fi\/\" \/>\n<meta property=\"article:modified_time\" content=\"2026-04-22T12:08:11+00:00\" \/>\n<meta property=\"og:image\" content=\"https:\/\/vmsport.fi\/wp-content\/uploads\/2025\/03\/IRD6700ASSG-1.jpg\" \/>\n\t<meta property=\"og:image:width\" content=\"1000\" \/>\n\t<meta property=\"og:image:height\" content=\"1000\" \/>\n\t<meta property=\"og:image:type\" content=\"image\/jpeg\" \/>\n<meta name=\"twitter:card\" content=\"summary_large_image\" \/>\n<script type=\"application\/ld+json\" class=\"yoast-schema-graph\">{\"@context\":\"https:\\\/\\\/schema.org\",\"@graph\":[{\"@type\":[\"WebPage\",\"ItemPage\"],\"@id\":\"https:\\\/\\\/vmsport.fi\\\/verkkokauppa\\\/varaosat\\\/vaihteistot\\\/takavaihtajat\\\/shimano-rear-derailleur-ultegra-6700-2x10-speed-ird6700assg\\\/\",\"url\":\"https:\\\/\\\/vmsport.fi\\\/verkkokauppa\\\/varaosat\\\/vaihteistot\\\/takavaihtajat\\\/shimano-rear-derailleur-ultegra-6700-2x10-speed-ird6700assg\\\/\",\"name\":\"Shimano Rear derailleur ultegra 6700 2x10 speed - IRD6700ASSG - VM Sport\",\"isPartOf\":{\"@id\":\"https:\\\/\\\/vmsport.fi\\\/#website\"},\"primaryImageOfPage\":{\"@id\":\"https:\\\/\\\/vmsport.fi\\\/verkkokauppa\\\/varaosat\\\/vaihteistot\\\/takavaihtajat\\\/shimano-rear-derailleur-ultegra-6700-2x10-speed-ird6700assg\\\/#primaryimage\"},\"image\":{\"@id\":\"https:\\\/\\\/vmsport.fi\\\/verkkokauppa\\\/varaosat\\\/vaihteistot\\\/takavaihtajat\\\/shimano-rear-derailleur-ultegra-6700-2x10-speed-ird6700assg\\\/#primaryimage\"},\"thumbnailUrl\":\"https:\\\/\\\/vmsport.fi\\\/wp-content\\\/uploads\\\/2025\\\/03\\\/IRD6700ASSG-1.jpg\",\"datePublished\":\"2025-03-05T22:25:38+00:00\",\"dateModified\":\"2026-04-22T12:08:11+00:00\",\"breadcrumb\":{\"@id\":\"https:\\\/\\\/vmsport.fi\\\/verkkokauppa\\\/varaosat\\\/vaihteistot\\\/takavaihtajat\\\/shimano-rear-derailleur-ultegra-6700-2x10-speed-ird6700assg\\\/#breadcrumb\"},\"inLanguage\":\"sv-SE\",\"potentialAction\":[{\"@type\":\"ReadAction\",\"target\":[\"https:\\\/\\\/vmsport.fi\\\/verkkokauppa\\\/varaosat\\\/vaihteistot\\\/takavaihtajat\\\/shimano-rear-derailleur-ultegra-6700-2x10-speed-ird6700assg\\\/\"]}]},{\"@type\":\"ImageObject\",\"inLanguage\":\"sv-SE\",\"@id\":\"https:\\\/\\\/vmsport.fi\\\/verkkokauppa\\\/varaosat\\\/vaihteistot\\\/takavaihtajat\\\/shimano-rear-derailleur-ultegra-6700-2x10-speed-ird6700assg\\\/#primaryimage\",\"url\":\"https:\\\/\\\/vmsport.fi\\\/wp-content\\\/uploads\\\/2025\\\/03\\\/IRD6700ASSG-1.jpg\",\"contentUrl\":\"https:\\\/\\\/vmsport.fi\\\/wp-content\\\/uploads\\\/2025\\\/03\\\/IRD6700ASSG-1.jpg\",\"width\":1000,\"height\":1000,\"caption\":\"IRD6700ASSG\"},{\"@type\":\"BreadcrumbList\",\"@id\":\"https:\\\/\\\/vmsport.fi\\\/verkkokauppa\\\/varaosat\\\/vaihteistot\\\/takavaihtajat\\\/shimano-rear-derailleur-ultegra-6700-2x10-speed-ird6700assg\\\/#breadcrumb\",\"itemListElement\":[{\"@type\":\"ListItem\",\"position\":1,\"name\":\"Etusivu\",\"item\":\"https:\\\/\\\/vmsport.fi\\\/\"},{\"@type\":\"ListItem\",\"position\":2,\"name\":\"Online Store\",\"item\":\"https:\\\/\\\/vmsport.fi\\\/en\\\/online-store\\\/\"},{\"@type\":\"ListItem\",\"position\":3,\"name\":\"Shimano Rear derailleur ultegra 6700 2&#215;10 speed &#8211; IRD6700ASSG\"}]},{\"@type\":\"WebSite\",\"@id\":\"https:\\\/\\\/vmsport.fi\\\/#website\",\"url\":\"https:\\\/\\\/vmsport.fi\\\/\",\"name\":\"Vmsport\",\"description\":\"Kaikki py\u00f6r\u00e4ilyyn yhdest\u00e4 paikasta\",\"publisher\":{\"@id\":\"https:\\\/\\\/vmsport.fi\\\/#organization\"},\"potentialAction\":[{\"@type\":\"SearchAction\",\"target\":{\"@type\":\"EntryPoint\",\"urlTemplate\":\"https:\\\/\\\/vmsport.fi\\\/?s={search_term_string}\"},\"query-input\":{\"@type\":\"PropertyValueSpecification\",\"valueRequired\":true,\"valueName\":\"search_term_string\"}}],\"inLanguage\":\"sv-SE\"},{\"@type\":\"Organization\",\"@id\":\"https:\\\/\\\/vmsport.fi\\\/#organization\",\"name\":\"Vmsport\",\"url\":\"https:\\\/\\\/vmsport.fi\\\/\",\"logo\":{\"@type\":\"ImageObject\",\"inLanguage\":\"sv-SE\",\"@id\":\"https:\\\/\\\/vmsport.fi\\\/#\\\/schema\\\/logo\\\/image\\\/\",\"url\":\"https:\\\/\\\/vmsport.fi\\\/wp-content\\\/uploads\\\/2024\\\/12\\\/vm_sport_RGB_horisontal-e1734526017575.png\",\"contentUrl\":\"https:\\\/\\\/vmsport.fi\\\/wp-content\\\/uploads\\\/2024\\\/12\\\/vm_sport_RGB_horisontal-e1734526017575.png\",\"width\":668,\"height\":85,\"caption\":\"Vmsport\"},\"image\":{\"@id\":\"https:\\\/\\\/vmsport.fi\\\/#\\\/schema\\\/logo\\\/image\\\/\"},\"sameAs\":[\"https:\\\/\\\/www.facebook.com\\\/Vmsport.fi\\\/\",\"https:\\\/\\\/www.instagram.com\\\/vmsport\\\/\"]}]}<\/script>\n<!-- \/ Yoast SEO plugin. -->","yoast_head_json":{"title":"Shimano Bakv\u00e4xel ultegra 6700 2x10 v\u00e4xlar - IRD6700ASSG - VM Sport","robots":{"index":"index","follow":"follow","max-snippet":"max-snippet:-1","max-image-preview":"max-image-preview:large","max-video-preview":"max-video-preview:-1"},"canonical":"https:\/\/vmsport.fi\/sv\/webbutik\/reservdelar\/vaxellador\/bakre-vaxlar\/shimano-bakvaxel-ultegra-6700-2x10-vaxlar-ird6700assg\/","og_locale":"sv_SE","og_type":"article","og_title":"Shimano Rear derailleur ultegra 6700 2x10 speed - IRD6700ASSG - VM Sport","og_description":"Shimano Ultegra 6700 -takavaihtaja on suunniteltu 10-vaihteisiin maantiepy\u00f6riin, tarjoten huipputason suorituskyky\u00e4 ja tarkkaa vaihtamista. Lujasta alumiinista ja ter\u00e4ksest\u00e4 valmistettu rakenne, yhdistettyn\u00e4 laadukkaaseen harmaaseen viimeistelyyn, tekee t\u00e4st\u00e4 komponentista kest\u00e4v\u00e4n ja tyylikk\u00e4\u00e4n. Py\u00f6r\u00e4ilij\u00f6ille, jotka arvostavat luotettavuutta, t\u00e4m\u00e4 takavaihtaja toimii erinomaisesti jopa 28 hampaan kasettien kanssa. Suoraan asennettava malli sis\u00e4lt\u00e4\u00e4 lyhyen vaihtajanh\u00e4kin ja kehittyneen jousimekanismin, mik\u00e4 mahdollistaa nopeat [...]L\u00e4s mer \u2026 from Shimano Rear derailleur ultegra 6700 2&#215;10 speed &#8211; IRD6700ASSG","og_url":"https:\/\/vmsport.fi\/sv\/webbutik\/reservdelar\/vaxellador\/bakre-vaxlar\/shimano-bakvaxel-ultegra-6700-2x10-vaxlar-ird6700assg\/","og_site_name":"VM Sport","article_publisher":"https:\/\/www.facebook.com\/Vmsport.fi\/","article_modified_time":"2026-04-22T12:08:11+00:00","og_image":[{"width":1000,"height":1000,"url":"https:\/\/vmsport.fi\/wp-content\/uploads\/2025\/03\/IRD6700ASSG-1.jpg","type":"image\/jpeg"}],"twitter_card":"summary_large_image","schema":{"@context":"https:\/\/schema.org","@graph":[{"@type":["WebPage","ItemPage"],"@id":"https:\/\/vmsport.fi\/verkkokauppa\/varaosat\/vaihteistot\/takavaihtajat\/shimano-rear-derailleur-ultegra-6700-2x10-speed-ird6700assg\/","url":"https:\/\/vmsport.fi\/verkkokauppa\/varaosat\/vaihteistot\/takavaihtajat\/shimano-rear-derailleur-ultegra-6700-2x10-speed-ird6700assg\/","name":"Shimano Bakv\u00e4xel ultegra 6700 2x10 v\u00e4xlar - IRD6700ASSG - VM Sport","isPartOf":{"@id":"https:\/\/vmsport.fi\/#website"},"primaryImageOfPage":{"@id":"https:\/\/vmsport.fi\/verkkokauppa\/varaosat\/vaihteistot\/takavaihtajat\/shimano-rear-derailleur-ultegra-6700-2x10-speed-ird6700assg\/#primaryimage"},"image":{"@id":"https:\/\/vmsport.fi\/verkkokauppa\/varaosat\/vaihteistot\/takavaihtajat\/shimano-rear-derailleur-ultegra-6700-2x10-speed-ird6700assg\/#primaryimage"},"thumbnailUrl":"https:\/\/vmsport.fi\/wp-content\/uploads\/2025\/03\/IRD6700ASSG-1.jpg","datePublished":"2025-03-05T22:25:38+00:00","dateModified":"2026-04-22T12:08:11+00:00","breadcrumb":{"@id":"https:\/\/vmsport.fi\/verkkokauppa\/varaosat\/vaihteistot\/takavaihtajat\/shimano-rear-derailleur-ultegra-6700-2x10-speed-ird6700assg\/#breadcrumb"},"inLanguage":"sv-SE","potentialAction":[{"@type":"ReadAction","target":["https:\/\/vmsport.fi\/verkkokauppa\/varaosat\/vaihteistot\/takavaihtajat\/shimano-rear-derailleur-ultegra-6700-2x10-speed-ird6700assg\/"]}]},{"@type":"ImageObject","inLanguage":"sv-SE","@id":"https:\/\/vmsport.fi\/verkkokauppa\/varaosat\/vaihteistot\/takavaihtajat\/shimano-rear-derailleur-ultegra-6700-2x10-speed-ird6700assg\/#primaryimage","url":"https:\/\/vmsport.fi\/wp-content\/uploads\/2025\/03\/IRD6700ASSG-1.jpg","contentUrl":"https:\/\/vmsport.fi\/wp-content\/uploads\/2025\/03\/IRD6700ASSG-1.jpg","width":1000,"height":1000,"caption":"IRD6700ASSG"},{"@type":"BreadcrumbList","@id":"https:\/\/vmsport.fi\/verkkokauppa\/varaosat\/vaihteistot\/takavaihtajat\/shimano-rear-derailleur-ultegra-6700-2x10-speed-ird6700assg\/#breadcrumb","itemListElement":[{"@type":"ListItem","position":1,"name":"Etusivu","item":"https:\/\/vmsport.fi\/"},{"@type":"ListItem","position":2,"name":"Online Store","item":"https:\/\/vmsport.fi\/en\/online-store\/"},{"@type":"ListItem","position":3,"name":"Shimano Rear derailleur ultegra 6700 2&#215;10 speed &#8211; IRD6700ASSG"}]},{"@type":"WebSite","@id":"https:\/\/vmsport.fi\/#website","url":"https:\/\/vmsport.fi\/","name":"Vmsport","description":"Allt p\u00e5 ett st\u00e4lle f\u00f6r cykling","publisher":{"@id":"https:\/\/vmsport.fi\/#organization"},"potentialAction":[{"@type":"SearchAction","target":{"@type":"EntryPoint","urlTemplate":"https:\/\/vmsport.fi\/?s={search_term_string}"},"query-input":{"@type":"PropertyValueSpecification","valueRequired":true,"valueName":"search_term_string"}}],"inLanguage":"sv-SE"},{"@type":"Organization","@id":"https:\/\/vmsport.fi\/#organization","name":"Vmsport","url":"https:\/\/vmsport.fi\/","logo":{"@type":"ImageObject","inLanguage":"sv-SE","@id":"https:\/\/vmsport.fi\/#\/schema\/logo\/image\/","url":"https:\/\/vmsport.fi\/wp-content\/uploads\/2024\/12\/vm_sport_RGB_horisontal-e1734526017575.png","contentUrl":"https:\/\/vmsport.fi\/wp-content\/uploads\/2024\/12\/vm_sport_RGB_horisontal-e1734526017575.png","width":668,"height":85,"caption":"Vmsport"},"image":{"@id":"https:\/\/vmsport.fi\/#\/schema\/logo\/image\/"},"sameAs":["https:\/\/www.facebook.com\/Vmsport.fi\/","https:\/\/www.instagram.com\/vmsport\/"]}]}},"global_unique_id":"","_links":{"self":[{"href":"https:\/\/vmsport.fi\/sv\/wp-json\/wp\/v2\/product\/56915","targetHints":{"allow":["GET"]}}],"collection":[{"href":"https:\/\/vmsport.fi\/sv\/wp-json\/wp\/v2\/product"}],"about":[{"href":"https:\/\/vmsport.fi\/sv\/wp-json\/wp\/v2\/types\/product"}],"replies":[{"embeddable":true,"href":"https:\/\/vmsport.fi\/sv\/wp-json\/wp\/v2\/comments?post=56915"}],"wp:featuredmedia":[{"embeddable":true,"href":"https:\/\/vmsport.fi\/sv\/wp-json\/wp\/v2\/media\/56914"}],"wp:attachment":[{"href":"https:\/\/vmsport.fi\/sv\/wp-json\/wp\/v2\/media?parent=56915"}],"wp:term":[{"taxonomy":"product_brand","embeddable":true,"href":"https:\/\/vmsport.fi\/sv\/wp-json\/wp\/v2\/product_brand?post=56915"},{"taxonomy":"product_model","embeddable":true,"href":"https:\/\/vmsport.fi\/sv\/wp-json\/wp\/v2\/product_model?post=56915"},{"taxonomy":"product_cat","embeddable":true,"href":"https:\/\/vmsport.fi\/sv\/wp-json\/wp\/v2\/product_cat?post=56915"},{"taxonomy":"product_tag","embeddable":true,"href":"https:\/\/vmsport.fi\/sv\/wp-json\/wp\/v2\/product_tag?post=56915"},{"taxonomy":"industry_terminology","embeddable":true,"href":"https:\/\/vmsport.fi\/sv\/wp-json\/wp\/v2\/industry-terminology?post=56915"}],"curies":[{"name":"wp","href":"https:\/\/api.w.org\/{rel}","templated":true}]}}