{"id":56913,"date":"2025-03-06T00:25:37","date_gmt":"2025-03-05T22:25:37","guid":{"rendered":"https:\/\/vmsport.fi\/verkkokauppa\/Ei-luokiteltu\/poc-ventral-air-mips-hydrogen-white\/"},"modified":"2026-04-22T15:44:15","modified_gmt":"2026-04-22T12:44:15","slug":"poc-ventral-air-mips-hydrogen-white","status":"publish","type":"product","link":"https:\/\/vmsport.fi\/sv\/verkkokauppa\/ajovarusteet\/kyparat\/maantiekyparat\/poc-ventral-air-mips-hydrogen-white\/","title":{"rendered":"POC Ventral Air MIPS V\u00e4te Vit"},"content":{"rendered":"<p>POC Ventral Air MIPS Hydrogen White -kyp\u00e4r\u00e4 yhdist\u00e4\u00e4 turvallisuuden, mukavuuden ja aerodynamiikan. Sen MIPS-teknologia parantaa suojaa kiertoliikkeiden aiheuttamia vammoja vastaan, samalla kun kevyt EPS-vuori varmistaa korkean suojatason. Kokonaisvaltainen unibody-rakenne lis\u00e4\u00e4 kyp\u00e4r\u00e4n kest\u00e4vyytt\u00e4 ja vakautta.<\/p>\n<p>Hyvin sijoitetut ilmanvaihtoalueet tarjoavat erinomaisen ilmanvirtauksen, mik\u00e4 tekee kyp\u00e4r\u00e4st\u00e4 erinomaisen valinnan pitkille, l\u00e4mpimille ajomatkoille. Aerodynaaminen muotoilu sis\u00e4lt\u00e4\u00e4 erityisen trailing edge -reunan, joka v\u00e4hent\u00e4\u00e4 turbulenttia ilmavirtaa ja hallitsee ilmavirtausta, mik\u00e4 parantaa tehokkuutta.<\/p>\n<p>S\u00e4\u00e4dett\u00e4v\u00e4 360 asteen istuvuusj\u00e4rjestelm\u00e4 mahdollistaa yksil\u00f6llisen istuvuuden, ja kevyt rakenne takaa mukavuuden pitkill\u00e4 matkoilla. K\u00e4yt\u00e4nn\u00f6llinen silm\u00e4lasipaikka tarjoaa turvallisen s\u00e4ilytyspaikan ajon aikana. T\u00e4m\u00e4 monik\u00e4ytt\u00f6inen kyp\u00e4r\u00e4 on ihanteellinen valinta kest\u00e4vyysajoihin ja l\u00e4mpimiin olosuhteisiin, tarjoten erinomaisen yhdistelm\u00e4n suorituskyky\u00e4, ilmanvaihtoa ja turvallisuutta.<\/p>","protected":false},"excerpt":{"rendered":"<p>POC Ventral Air MIPS Hydrogen White -kyp\u00e4r\u00e4 yhdist\u00e4\u00e4 turvallisuuden, mukavuuden ja aerodynamiikan. Sen MIPS-teknologia parantaa suojaa kiertoliikkeiden aiheuttamia vammoja vastaan, samalla kun kevyt EPS-vuori varmistaa korkean suojatason. Kokonaisvaltainen unibody-rakenne lis\u00e4\u00e4 kyp\u00e4r\u00e4n kest\u00e4vyytt\u00e4 ja vakautta. Hyvin sijoitetut ilmanvaihtoalueet tarjoavat erinomaisen ilmanvirtauksen, mik\u00e4 tekee kyp\u00e4r\u00e4st\u00e4 erinomaisen valinnan pitkille, l\u00e4mpimille ajomatkoille. Aerodynaaminen muotoilu sis\u00e4lt\u00e4\u00e4 erityisen trailing edge -reunan, [&#8230;]<\/p>\n<p><a class=\"btn btn-secondary understrap-read-more-link\" href=\"https:\/\/vmsport.fi\/sv\/verkkokauppa\/ajovarusteet\/kyparat\/maantiekyparat\/poc-ventral-air-mips-hydrogen-white\/\">L\u00e4s mer \u2026<span class=\"screen-reader-text\"> from POC Ventral Air MIPS Hydrogen White<\/span><\/a><\/p>\n","protected":false},"featured_media":56909,"comment_status":"open","ping_status":"closed","template":"","meta":{"_acf_changed":false,"_improvement_type_select":"improve_an_existing","_thumb_yes_seoaic":false,"_frame_yes_seoaic":false,"seoaic_generate_description":"","seoaic_improve_instructions_prompt":"","seoaic_rollback_content_improvement":"","seoaic_idea_thumbnail_generator":"","thumbnail_generated":false,"thumbnail_generate_prompt":"","seoaic_article_description":"","_supplier_stock_quantity":0},"product_brand":[],"product_model":[],"product_cat":[9514],"product_tag":[],"industry-terminology":[],"class_list":{"0":"post-56913","1":"product","2":"type-product","3":"status-publish","4":"has-post-thumbnail","6":"product_cat-maantiekyparat","8":"first","9":"instock","10":"sale","11":"taxable","12":"shipping-taxable","13":"purchasable","14":"product-type-variable"},"acf":{"bike_features":null,"overview":{"copy_overview":null,"key_features":null,"statement":"","youtube_url":""}},"yoast_head":"<!-- This site is optimized with the Yoast SEO plugin v27.4 - https:\/\/yoast.com\/product\/yoast-seo-wordpress\/ -->\n<title>POC Ventral Air MIPS Hydrogen White - VM Sport<\/title>\n<meta name=\"robots\" content=\"index, follow, max-snippet:-1, max-image-preview:large, max-video-preview:-1\" \/>\n<link rel=\"canonical\" href=\"https:\/\/vmsport.fi\/sv\/webbutik\/korutrustning\/kyparat\/vagassistans\/poc-ventral-air-mips-hydrogen-white\/\" \/>\n<meta property=\"og:locale\" content=\"sv_SE\" \/>\n<meta property=\"og:type\" content=\"article\" \/>\n<meta property=\"og:title\" content=\"POC Ventral Air MIPS Hydrogen White - VM Sport\" \/>\n<meta property=\"og:description\" content=\"POC Ventral Air MIPS Hydrogen White -kyp\u00e4r\u00e4 yhdist\u00e4\u00e4 turvallisuuden, mukavuuden ja aerodynamiikan. Sen MIPS-teknologia parantaa suojaa kiertoliikkeiden aiheuttamia vammoja vastaan, samalla kun kevyt EPS-vuori varmistaa korkean suojatason. Kokonaisvaltainen unibody-rakenne lis\u00e4\u00e4 kyp\u00e4r\u00e4n kest\u00e4vyytt\u00e4 ja vakautta. Hyvin sijoitetut ilmanvaihtoalueet tarjoavat erinomaisen ilmanvirtauksen, mik\u00e4 tekee kyp\u00e4r\u00e4st\u00e4 erinomaisen valinnan pitkille, l\u00e4mpimille ajomatkoille. Aerodynaaminen muotoilu sis\u00e4lt\u00e4\u00e4 erityisen trailing edge -reunan, [...]L\u00e4s mer \u2026 from POC Ventral Air MIPS Hydrogen White\" \/>\n<meta property=\"og:url\" content=\"https:\/\/vmsport.fi\/sv\/webbutik\/korutrustning\/kyparat\/vagassistans\/poc-ventral-air-mips-hydrogen-white\/\" \/>\n<meta property=\"og:site_name\" content=\"VM Sport\" \/>\n<meta property=\"article:publisher\" content=\"https:\/\/www.facebook.com\/Vmsport.fi\/\" \/>\n<meta property=\"article:modified_time\" content=\"2026-04-22T12:44:15+00:00\" \/>\n<meta property=\"og:image\" content=\"https:\/\/vmsport.fi\/wp-content\/uploads\/2025\/03\/10755-VentralAirMIPS-1034-HydrogenWhite-0001-1.png\" \/>\n\t<meta property=\"og:image:width\" content=\"1000\" \/>\n\t<meta property=\"og:image:height\" content=\"1000\" \/>\n\t<meta property=\"og:image:type\" content=\"image\/png\" \/>\n<meta name=\"twitter:card\" content=\"summary_large_image\" \/>\n<meta name=\"twitter:label1\" content=\"Ber\u00e4knad l\u00e4stid\" \/>\n\t<meta name=\"twitter:data1\" content=\"1 minut\" \/>\n<script type=\"application\/ld+json\" class=\"yoast-schema-graph\">{\"@context\":\"https:\\\/\\\/schema.org\",\"@graph\":[{\"@type\":[\"WebPage\",\"ItemPage\"],\"@id\":\"https:\\\/\\\/vmsport.fi\\\/verkkokauppa\\\/ajovarusteet\\\/kyparat\\\/maantiekyparat\\\/poc-ventral-air-mips-hydrogen-white\\\/\",\"url\":\"https:\\\/\\\/vmsport.fi\\\/verkkokauppa\\\/ajovarusteet\\\/kyparat\\\/maantiekyparat\\\/poc-ventral-air-mips-hydrogen-white\\\/\",\"name\":\"POC Ventral Air MIPS Hydrogen White - VM Sport\",\"isPartOf\":{\"@id\":\"https:\\\/\\\/vmsport.fi\\\/#website\"},\"primaryImageOfPage\":{\"@id\":\"https:\\\/\\\/vmsport.fi\\\/verkkokauppa\\\/ajovarusteet\\\/kyparat\\\/maantiekyparat\\\/poc-ventral-air-mips-hydrogen-white\\\/#primaryimage\"},\"image\":{\"@id\":\"https:\\\/\\\/vmsport.fi\\\/verkkokauppa\\\/ajovarusteet\\\/kyparat\\\/maantiekyparat\\\/poc-ventral-air-mips-hydrogen-white\\\/#primaryimage\"},\"thumbnailUrl\":\"https:\\\/\\\/vmsport.fi\\\/wp-content\\\/uploads\\\/2025\\\/03\\\/10755-VentralAirMIPS-1034-HydrogenWhite-0001-1.png\",\"datePublished\":\"2025-03-05T22:25:37+00:00\",\"dateModified\":\"2026-04-22T12:44:15+00:00\",\"breadcrumb\":{\"@id\":\"https:\\\/\\\/vmsport.fi\\\/verkkokauppa\\\/ajovarusteet\\\/kyparat\\\/maantiekyparat\\\/poc-ventral-air-mips-hydrogen-white\\\/#breadcrumb\"},\"inLanguage\":\"sv-SE\",\"potentialAction\":[{\"@type\":\"ReadAction\",\"target\":[\"https:\\\/\\\/vmsport.fi\\\/verkkokauppa\\\/ajovarusteet\\\/kyparat\\\/maantiekyparat\\\/poc-ventral-air-mips-hydrogen-white\\\/\"]}]},{\"@type\":\"ImageObject\",\"inLanguage\":\"sv-SE\",\"@id\":\"https:\\\/\\\/vmsport.fi\\\/verkkokauppa\\\/ajovarusteet\\\/kyparat\\\/maantiekyparat\\\/poc-ventral-air-mips-hydrogen-white\\\/#primaryimage\",\"url\":\"https:\\\/\\\/vmsport.fi\\\/wp-content\\\/uploads\\\/2025\\\/03\\\/10755-VentralAirMIPS-1034-HydrogenWhite-0001-1.png\",\"contentUrl\":\"https:\\\/\\\/vmsport.fi\\\/wp-content\\\/uploads\\\/2025\\\/03\\\/10755-VentralAirMIPS-1034-HydrogenWhite-0001-1.png\",\"width\":1000,\"height\":1000,\"caption\":\"10755-VentralAirMIPS-1034-HydrogenWhite-0001\"},{\"@type\":\"BreadcrumbList\",\"@id\":\"https:\\\/\\\/vmsport.fi\\\/verkkokauppa\\\/ajovarusteet\\\/kyparat\\\/maantiekyparat\\\/poc-ventral-air-mips-hydrogen-white\\\/#breadcrumb\",\"itemListElement\":[{\"@type\":\"ListItem\",\"position\":1,\"name\":\"Etusivu\",\"item\":\"https:\\\/\\\/vmsport.fi\\\/\"},{\"@type\":\"ListItem\",\"position\":2,\"name\":\"Online Store\",\"item\":\"https:\\\/\\\/vmsport.fi\\\/en\\\/online-store\\\/\"},{\"@type\":\"ListItem\",\"position\":3,\"name\":\"POC Ventral Air MIPS Hydrogen White\"}]},{\"@type\":\"WebSite\",\"@id\":\"https:\\\/\\\/vmsport.fi\\\/#website\",\"url\":\"https:\\\/\\\/vmsport.fi\\\/\",\"name\":\"Vmsport\",\"description\":\"Kaikki py\u00f6r\u00e4ilyyn yhdest\u00e4 paikasta\",\"publisher\":{\"@id\":\"https:\\\/\\\/vmsport.fi\\\/#organization\"},\"potentialAction\":[{\"@type\":\"SearchAction\",\"target\":{\"@type\":\"EntryPoint\",\"urlTemplate\":\"https:\\\/\\\/vmsport.fi\\\/?s={search_term_string}\"},\"query-input\":{\"@type\":\"PropertyValueSpecification\",\"valueRequired\":true,\"valueName\":\"search_term_string\"}}],\"inLanguage\":\"sv-SE\"},{\"@type\":\"Organization\",\"@id\":\"https:\\\/\\\/vmsport.fi\\\/#organization\",\"name\":\"Vmsport\",\"url\":\"https:\\\/\\\/vmsport.fi\\\/\",\"logo\":{\"@type\":\"ImageObject\",\"inLanguage\":\"sv-SE\",\"@id\":\"https:\\\/\\\/vmsport.fi\\\/#\\\/schema\\\/logo\\\/image\\\/\",\"url\":\"https:\\\/\\\/vmsport.fi\\\/wp-content\\\/uploads\\\/2024\\\/12\\\/vm_sport_RGB_horisontal-e1734526017575.png\",\"contentUrl\":\"https:\\\/\\\/vmsport.fi\\\/wp-content\\\/uploads\\\/2024\\\/12\\\/vm_sport_RGB_horisontal-e1734526017575.png\",\"width\":668,\"height\":85,\"caption\":\"Vmsport\"},\"image\":{\"@id\":\"https:\\\/\\\/vmsport.fi\\\/#\\\/schema\\\/logo\\\/image\\\/\"},\"sameAs\":[\"https:\\\/\\\/www.facebook.com\\\/Vmsport.fi\\\/\",\"https:\\\/\\\/www.instagram.com\\\/vmsport\\\/\"]}]}<\/script>\n<!-- \/ Yoast SEO plugin. -->","yoast_head_json":{"title":"POC Ventral Air MIPS Hydrogen White - VM Sport","robots":{"index":"index","follow":"follow","max-snippet":"max-snippet:-1","max-image-preview":"max-image-preview:large","max-video-preview":"max-video-preview:-1"},"canonical":"https:\/\/vmsport.fi\/sv\/webbutik\/korutrustning\/kyparat\/vagassistans\/poc-ventral-air-mips-hydrogen-white\/","og_locale":"sv_SE","og_type":"article","og_title":"POC Ventral Air MIPS Hydrogen White - VM Sport","og_description":"POC Ventral Air MIPS Hydrogen White -kyp\u00e4r\u00e4 yhdist\u00e4\u00e4 turvallisuuden, mukavuuden ja aerodynamiikan. Sen MIPS-teknologia parantaa suojaa kiertoliikkeiden aiheuttamia vammoja vastaan, samalla kun kevyt EPS-vuori varmistaa korkean suojatason. Kokonaisvaltainen unibody-rakenne lis\u00e4\u00e4 kyp\u00e4r\u00e4n kest\u00e4vyytt\u00e4 ja vakautta. Hyvin sijoitetut ilmanvaihtoalueet tarjoavat erinomaisen ilmanvirtauksen, mik\u00e4 tekee kyp\u00e4r\u00e4st\u00e4 erinomaisen valinnan pitkille, l\u00e4mpimille ajomatkoille. Aerodynaaminen muotoilu sis\u00e4lt\u00e4\u00e4 erityisen trailing edge -reunan, [...]L\u00e4s mer \u2026 from POC Ventral Air MIPS Hydrogen White","og_url":"https:\/\/vmsport.fi\/sv\/webbutik\/korutrustning\/kyparat\/vagassistans\/poc-ventral-air-mips-hydrogen-white\/","og_site_name":"VM Sport","article_publisher":"https:\/\/www.facebook.com\/Vmsport.fi\/","article_modified_time":"2026-04-22T12:44:15+00:00","og_image":[{"width":1000,"height":1000,"url":"https:\/\/vmsport.fi\/wp-content\/uploads\/2025\/03\/10755-VentralAirMIPS-1034-HydrogenWhite-0001-1.png","type":"image\/png"}],"twitter_card":"summary_large_image","twitter_misc":{"Ber\u00e4knad l\u00e4stid":"1 minut"},"schema":{"@context":"https:\/\/schema.org","@graph":[{"@type":["WebPage","ItemPage"],"@id":"https:\/\/vmsport.fi\/verkkokauppa\/ajovarusteet\/kyparat\/maantiekyparat\/poc-ventral-air-mips-hydrogen-white\/","url":"https:\/\/vmsport.fi\/verkkokauppa\/ajovarusteet\/kyparat\/maantiekyparat\/poc-ventral-air-mips-hydrogen-white\/","name":"POC Ventral Air MIPS Hydrogen White - VM Sport","isPartOf":{"@id":"https:\/\/vmsport.fi\/#website"},"primaryImageOfPage":{"@id":"https:\/\/vmsport.fi\/verkkokauppa\/ajovarusteet\/kyparat\/maantiekyparat\/poc-ventral-air-mips-hydrogen-white\/#primaryimage"},"image":{"@id":"https:\/\/vmsport.fi\/verkkokauppa\/ajovarusteet\/kyparat\/maantiekyparat\/poc-ventral-air-mips-hydrogen-white\/#primaryimage"},"thumbnailUrl":"https:\/\/vmsport.fi\/wp-content\/uploads\/2025\/03\/10755-VentralAirMIPS-1034-HydrogenWhite-0001-1.png","datePublished":"2025-03-05T22:25:37+00:00","dateModified":"2026-04-22T12:44:15+00:00","breadcrumb":{"@id":"https:\/\/vmsport.fi\/verkkokauppa\/ajovarusteet\/kyparat\/maantiekyparat\/poc-ventral-air-mips-hydrogen-white\/#breadcrumb"},"inLanguage":"sv-SE","potentialAction":[{"@type":"ReadAction","target":["https:\/\/vmsport.fi\/verkkokauppa\/ajovarusteet\/kyparat\/maantiekyparat\/poc-ventral-air-mips-hydrogen-white\/"]}]},{"@type":"ImageObject","inLanguage":"sv-SE","@id":"https:\/\/vmsport.fi\/verkkokauppa\/ajovarusteet\/kyparat\/maantiekyparat\/poc-ventral-air-mips-hydrogen-white\/#primaryimage","url":"https:\/\/vmsport.fi\/wp-content\/uploads\/2025\/03\/10755-VentralAirMIPS-1034-HydrogenWhite-0001-1.png","contentUrl":"https:\/\/vmsport.fi\/wp-content\/uploads\/2025\/03\/10755-VentralAirMIPS-1034-HydrogenWhite-0001-1.png","width":1000,"height":1000,"caption":"10755-VentralAirMIPS-1034-HydrogenWhite-0001"},{"@type":"BreadcrumbList","@id":"https:\/\/vmsport.fi\/verkkokauppa\/ajovarusteet\/kyparat\/maantiekyparat\/poc-ventral-air-mips-hydrogen-white\/#breadcrumb","itemListElement":[{"@type":"ListItem","position":1,"name":"Etusivu","item":"https:\/\/vmsport.fi\/"},{"@type":"ListItem","position":2,"name":"Online Store","item":"https:\/\/vmsport.fi\/en\/online-store\/"},{"@type":"ListItem","position":3,"name":"POC Ventral Air MIPS Hydrogen White"}]},{"@type":"WebSite","@id":"https:\/\/vmsport.fi\/#website","url":"https:\/\/vmsport.fi\/","name":"Vmsport","description":"Allt p\u00e5 ett st\u00e4lle f\u00f6r cykling","publisher":{"@id":"https:\/\/vmsport.fi\/#organization"},"potentialAction":[{"@type":"SearchAction","target":{"@type":"EntryPoint","urlTemplate":"https:\/\/vmsport.fi\/?s={search_term_string}"},"query-input":{"@type":"PropertyValueSpecification","valueRequired":true,"valueName":"search_term_string"}}],"inLanguage":"sv-SE"},{"@type":"Organization","@id":"https:\/\/vmsport.fi\/#organization","name":"Vmsport","url":"https:\/\/vmsport.fi\/","logo":{"@type":"ImageObject","inLanguage":"sv-SE","@id":"https:\/\/vmsport.fi\/#\/schema\/logo\/image\/","url":"https:\/\/vmsport.fi\/wp-content\/uploads\/2024\/12\/vm_sport_RGB_horisontal-e1734526017575.png","contentUrl":"https:\/\/vmsport.fi\/wp-content\/uploads\/2024\/12\/vm_sport_RGB_horisontal-e1734526017575.png","width":668,"height":85,"caption":"Vmsport"},"image":{"@id":"https:\/\/vmsport.fi\/#\/schema\/logo\/image\/"},"sameAs":["https:\/\/www.facebook.com\/Vmsport.fi\/","https:\/\/www.instagram.com\/vmsport\/"]}]}},"global_unique_id":"","_links":{"self":[{"href":"https:\/\/vmsport.fi\/sv\/wp-json\/wp\/v2\/product\/56913","targetHints":{"allow":["GET"]}}],"collection":[{"href":"https:\/\/vmsport.fi\/sv\/wp-json\/wp\/v2\/product"}],"about":[{"href":"https:\/\/vmsport.fi\/sv\/wp-json\/wp\/v2\/types\/product"}],"replies":[{"embeddable":true,"href":"https:\/\/vmsport.fi\/sv\/wp-json\/wp\/v2\/comments?post=56913"}],"wp:featuredmedia":[{"embeddable":true,"href":"https:\/\/vmsport.fi\/sv\/wp-json\/wp\/v2\/media\/56909"}],"wp:attachment":[{"href":"https:\/\/vmsport.fi\/sv\/wp-json\/wp\/v2\/media?parent=56913"}],"wp:term":[{"taxonomy":"product_brand","embeddable":true,"href":"https:\/\/vmsport.fi\/sv\/wp-json\/wp\/v2\/product_brand?post=56913"},{"taxonomy":"product_model","embeddable":true,"href":"https:\/\/vmsport.fi\/sv\/wp-json\/wp\/v2\/product_model?post=56913"},{"taxonomy":"product_cat","embeddable":true,"href":"https:\/\/vmsport.fi\/sv\/wp-json\/wp\/v2\/product_cat?post=56913"},{"taxonomy":"product_tag","embeddable":true,"href":"https:\/\/vmsport.fi\/sv\/wp-json\/wp\/v2\/product_tag?post=56913"},{"taxonomy":"industry_terminology","embeddable":true,"href":"https:\/\/vmsport.fi\/sv\/wp-json\/wp\/v2\/industry-terminology?post=56913"}],"curies":[{"name":"wp","href":"https:\/\/api.w.org\/{rel}","templated":true}]}}