{"id":56908,"date":"2025-03-06T00:25:28","date_gmt":"2025-03-05T22:25:28","guid":{"rendered":"https:\/\/vmsport.fi\/verkkokauppa\/Ei-luokiteltu\/loffler-pipo-softshell-windstopper\/"},"modified":"2026-01-16T13:24:18","modified_gmt":"2026-01-16T11:24:18","slug":"loffler-pipo-softshell-windstopper","status":"publish","type":"product","link":"https:\/\/vmsport.fi\/sv\/verkkokauppa\/ajovarusteet\/vaatteet\/paahineet-ja-huivit\/loffler-pipo-softshell-windstopper\/","title":{"rendered":"L\u00f6ffler Pipo Softshell Windstopper"},"content":{"rendered":"<p>L\u00f6ffler beanie \u00e4r tillverkad i mjukt och slitstarkt Softshell-tyg och ger ett utm\u00e4rkt skydd mot vinden. Denna svarta m\u00f6ssa \u00e4r s\u00e4rskilt utformad f\u00f6r utomhusbruk, med en vindt\u00e4t konstruktion som h\u00e5ller huvudet varmt i bl\u00e5siga f\u00f6rh\u00e5llanden. Den ergonomiska designen s\u00e4kerst\u00e4ller en bra passform, vilket g\u00f6r den till ett utm\u00e4rkt val f\u00f6r alla som v\u00e4rdes\u00e4tter komfort och funktionalitet n\u00e4r de \u00e4r utomhus.<\/p>","protected":false},"excerpt":{"rendered":"<p>L\u00f6fflerin pipo, joka on valmistettu pehme\u00e4st\u00e4 ja kest\u00e4v\u00e4st\u00e4 Softshell-kankaasta, tarjoaa erinomaista suojaa tuulta vastaan. T\u00e4m\u00e4 musta p\u00e4\u00e4hine on tarkoitettu erityisesti ulkoilmak\u00e4ytt\u00f6\u00f6n, sill\u00e4 sen tuulenpit\u00e4v\u00e4 rakenne pit\u00e4\u00e4 p\u00e4\u00e4n l\u00e4mpim\u00e4n\u00e4 tuulisissa olosuhteissa. Ergonominen muotoilu takaa hyv\u00e4n istuvuuden, mik\u00e4 tekee siit\u00e4 loistavan valinnan kaikille, jotka arvostavat mukavuutta ja k\u00e4yt\u00e4nn\u00f6llisyytt\u00e4 ulkoillessaan. [&#8230;]<\/p>\n<p><a class=\"btn btn-secondary understrap-read-more-link\" href=\"https:\/\/vmsport.fi\/sv\/verkkokauppa\/ajovarusteet\/vaatteet\/paahineet-ja-huivit\/loffler-pipo-softshell-windstopper\/\">L\u00e4s mer \u2026<span class=\"screen-reader-text\"> from L\u00f6ffler Pipo Softshell Windstopper<\/span><\/a><\/p>\n","protected":false},"featured_media":56906,"comment_status":"open","ping_status":"closed","template":"","meta":{"_acf_changed":false,"_improvement_type_select":"improve_an_existing","_thumb_yes_seoaic":false,"_frame_yes_seoaic":false,"seoaic_generate_description":"","seoaic_improve_instructions_prompt":"","seoaic_rollback_content_improvement":"","seoaic_idea_thumbnail_generator":"","thumbnail_generated":false,"thumbnail_generate_prompt":"","seoaic_article_description":"","_supplier_stock_quantity":0},"product_brand":[],"product_model":[],"product_cat":[9496],"product_tag":[],"industry-terminology":[],"class_list":{"0":"post-56908","1":"product","2":"type-product","3":"status-publish","4":"has-post-thumbnail","6":"product_cat-paahineet-ja-huivit","8":"first","9":"outofstock","10":"taxable","11":"shipping-taxable","12":"product-type-simple"},"acf":{"bike_features":null,"overview":{"copy_overview":null,"key_features":null,"statement":"","youtube_url":""}},"yoast_head":"<!-- This site is optimized with the Yoast SEO plugin v27.3 - https:\/\/yoast.com\/product\/yoast-seo-wordpress\/ -->\n<title>L\u00f6ffler Pipo Softshell Windstopper - VM Sport<\/title>\n<meta name=\"robots\" content=\"index, follow, max-snippet:-1, max-image-preview:large, max-video-preview:-1\" \/>\n<link rel=\"canonical\" href=\"https:\/\/vmsport.fi\/sv\/webbutik\/korutrustning\/klader\/handdukar-och-halsdukar\/loffler-pipo-softshell-windstopper\/\" \/>\n<meta property=\"og:locale\" content=\"sv_SE\" \/>\n<meta property=\"og:type\" content=\"article\" \/>\n<meta property=\"og:title\" content=\"L\u00f6ffler Pipo Softshell Windstopper - VM Sport\" \/>\n<meta property=\"og:description\" content=\"L\u00f6fflerin pipo, joka on valmistettu pehme\u00e4st\u00e4 ja kest\u00e4v\u00e4st\u00e4 Softshell-kankaasta, tarjoaa erinomaista suojaa tuulta vastaan. T\u00e4m\u00e4 musta p\u00e4\u00e4hine on tarkoitettu erityisesti ulkoilmak\u00e4ytt\u00f6\u00f6n, sill\u00e4 sen tuulenpit\u00e4v\u00e4 rakenne pit\u00e4\u00e4 p\u00e4\u00e4n l\u00e4mpim\u00e4n\u00e4 tuulisissa olosuhteissa. Ergonominen muotoilu takaa hyv\u00e4n istuvuuden, mik\u00e4 tekee siit\u00e4 loistavan valinnan kaikille, jotka arvostavat mukavuutta ja k\u00e4yt\u00e4nn\u00f6llisyytt\u00e4 ulkoillessaan. [...]L\u00e4s mer \u2026 from L\u00f6ffler Pipo Softshell Windstopper\" \/>\n<meta property=\"og:url\" content=\"https:\/\/vmsport.fi\/sv\/webbutik\/korutrustning\/klader\/handdukar-och-halsdukar\/loffler-pipo-softshell-windstopper\/\" \/>\n<meta property=\"og:site_name\" content=\"VM Sport\" \/>\n<meta property=\"article:publisher\" content=\"https:\/\/www.facebook.com\/Vmsport.fi\/\" \/>\n<meta property=\"article:modified_time\" content=\"2026-01-16T11:24:18+00:00\" \/>\n<meta property=\"og:image\" content=\"https:\/\/vmsport.fi\/wp-content\/uploads\/2025\/03\/05498871-bdbc-491f-bcfe-cc85581bec17-1.jpg\" \/>\n\t<meta property=\"og:image:width\" content=\"600\" \/>\n\t<meta property=\"og:image:height\" content=\"600\" \/>\n\t<meta property=\"og:image:type\" content=\"image\/jpeg\" \/>\n<meta name=\"twitter:card\" content=\"summary_large_image\" \/>\n<script type=\"application\/ld+json\" class=\"yoast-schema-graph\">{\"@context\":\"https:\\\/\\\/schema.org\",\"@graph\":[{\"@type\":[\"WebPage\",\"ItemPage\"],\"@id\":\"https:\\\/\\\/vmsport.fi\\\/verkkokauppa\\\/ajovarusteet\\\/vaatteet\\\/paahineet-ja-huivit\\\/loffler-pipo-softshell-windstopper\\\/\",\"url\":\"https:\\\/\\\/vmsport.fi\\\/verkkokauppa\\\/ajovarusteet\\\/vaatteet\\\/paahineet-ja-huivit\\\/loffler-pipo-softshell-windstopper\\\/\",\"name\":\"L\u00f6ffler Pipo Softshell Windstopper - VM Sport\",\"isPartOf\":{\"@id\":\"https:\\\/\\\/vmsport.fi\\\/#website\"},\"primaryImageOfPage\":{\"@id\":\"https:\\\/\\\/vmsport.fi\\\/verkkokauppa\\\/ajovarusteet\\\/vaatteet\\\/paahineet-ja-huivit\\\/loffler-pipo-softshell-windstopper\\\/#primaryimage\"},\"image\":{\"@id\":\"https:\\\/\\\/vmsport.fi\\\/verkkokauppa\\\/ajovarusteet\\\/vaatteet\\\/paahineet-ja-huivit\\\/loffler-pipo-softshell-windstopper\\\/#primaryimage\"},\"thumbnailUrl\":\"https:\\\/\\\/vmsport.fi\\\/wp-content\\\/uploads\\\/2025\\\/03\\\/05498871-bdbc-491f-bcfe-cc85581bec17-1.jpg\",\"datePublished\":\"2025-03-05T22:25:28+00:00\",\"dateModified\":\"2026-01-16T11:24:18+00:00\",\"breadcrumb\":{\"@id\":\"https:\\\/\\\/vmsport.fi\\\/verkkokauppa\\\/ajovarusteet\\\/vaatteet\\\/paahineet-ja-huivit\\\/loffler-pipo-softshell-windstopper\\\/#breadcrumb\"},\"inLanguage\":\"sv-SE\",\"potentialAction\":[{\"@type\":\"ReadAction\",\"target\":[\"https:\\\/\\\/vmsport.fi\\\/verkkokauppa\\\/ajovarusteet\\\/vaatteet\\\/paahineet-ja-huivit\\\/loffler-pipo-softshell-windstopper\\\/\"]}]},{\"@type\":\"ImageObject\",\"inLanguage\":\"sv-SE\",\"@id\":\"https:\\\/\\\/vmsport.fi\\\/verkkokauppa\\\/ajovarusteet\\\/vaatteet\\\/paahineet-ja-huivit\\\/loffler-pipo-softshell-windstopper\\\/#primaryimage\",\"url\":\"https:\\\/\\\/vmsport.fi\\\/wp-content\\\/uploads\\\/2025\\\/03\\\/05498871-bdbc-491f-bcfe-cc85581bec17-1.jpg\",\"contentUrl\":\"https:\\\/\\\/vmsport.fi\\\/wp-content\\\/uploads\\\/2025\\\/03\\\/05498871-bdbc-491f-bcfe-cc85581bec17-1.jpg\",\"width\":600,\"height\":600,\"caption\":\"05498871-bdbc-491f-bcfe-cc85581bec17\"},{\"@type\":\"BreadcrumbList\",\"@id\":\"https:\\\/\\\/vmsport.fi\\\/verkkokauppa\\\/ajovarusteet\\\/vaatteet\\\/paahineet-ja-huivit\\\/loffler-pipo-softshell-windstopper\\\/#breadcrumb\",\"itemListElement\":[{\"@type\":\"ListItem\",\"position\":1,\"name\":\"Etusivu\",\"item\":\"https:\\\/\\\/vmsport.fi\\\/\"},{\"@type\":\"ListItem\",\"position\":2,\"name\":\"Online Store\",\"item\":\"https:\\\/\\\/vmsport.fi\\\/en\\\/online-store\\\/\"},{\"@type\":\"ListItem\",\"position\":3,\"name\":\"L\u00f6ffler Pipo Softshell Windstopper\"}]},{\"@type\":\"WebSite\",\"@id\":\"https:\\\/\\\/vmsport.fi\\\/#website\",\"url\":\"https:\\\/\\\/vmsport.fi\\\/\",\"name\":\"Vmsport\",\"description\":\"Kaikki py\u00f6r\u00e4ilyyn yhdest\u00e4 paikasta\",\"publisher\":{\"@id\":\"https:\\\/\\\/vmsport.fi\\\/#organization\"},\"potentialAction\":[{\"@type\":\"SearchAction\",\"target\":{\"@type\":\"EntryPoint\",\"urlTemplate\":\"https:\\\/\\\/vmsport.fi\\\/?s={search_term_string}\"},\"query-input\":{\"@type\":\"PropertyValueSpecification\",\"valueRequired\":true,\"valueName\":\"search_term_string\"}}],\"inLanguage\":\"sv-SE\"},{\"@type\":\"Organization\",\"@id\":\"https:\\\/\\\/vmsport.fi\\\/#organization\",\"name\":\"Vmsport\",\"url\":\"https:\\\/\\\/vmsport.fi\\\/\",\"logo\":{\"@type\":\"ImageObject\",\"inLanguage\":\"sv-SE\",\"@id\":\"https:\\\/\\\/vmsport.fi\\\/#\\\/schema\\\/logo\\\/image\\\/\",\"url\":\"https:\\\/\\\/vmsport.fi\\\/wp-content\\\/uploads\\\/2024\\\/12\\\/vm_sport_RGB_horisontal-e1734526017575.png\",\"contentUrl\":\"https:\\\/\\\/vmsport.fi\\\/wp-content\\\/uploads\\\/2024\\\/12\\\/vm_sport_RGB_horisontal-e1734526017575.png\",\"width\":668,\"height\":85,\"caption\":\"Vmsport\"},\"image\":{\"@id\":\"https:\\\/\\\/vmsport.fi\\\/#\\\/schema\\\/logo\\\/image\\\/\"},\"sameAs\":[\"https:\\\/\\\/www.facebook.com\\\/Vmsport.fi\\\/\",\"https:\\\/\\\/www.instagram.com\\\/vmsport\\\/\"]}]}<\/script>\n<!-- \/ Yoast SEO plugin. -->","yoast_head_json":{"title":"L\u00f6ffler Pipo Softshell Windstopper - VM Sport","robots":{"index":"index","follow":"follow","max-snippet":"max-snippet:-1","max-image-preview":"max-image-preview:large","max-video-preview":"max-video-preview:-1"},"canonical":"https:\/\/vmsport.fi\/sv\/webbutik\/korutrustning\/klader\/handdukar-och-halsdukar\/loffler-pipo-softshell-windstopper\/","og_locale":"sv_SE","og_type":"article","og_title":"L\u00f6ffler Pipo Softshell Windstopper - VM Sport","og_description":"L\u00f6fflerin pipo, joka on valmistettu pehme\u00e4st\u00e4 ja kest\u00e4v\u00e4st\u00e4 Softshell-kankaasta, tarjoaa erinomaista suojaa tuulta vastaan. T\u00e4m\u00e4 musta p\u00e4\u00e4hine on tarkoitettu erityisesti ulkoilmak\u00e4ytt\u00f6\u00f6n, sill\u00e4 sen tuulenpit\u00e4v\u00e4 rakenne pit\u00e4\u00e4 p\u00e4\u00e4n l\u00e4mpim\u00e4n\u00e4 tuulisissa olosuhteissa. Ergonominen muotoilu takaa hyv\u00e4n istuvuuden, mik\u00e4 tekee siit\u00e4 loistavan valinnan kaikille, jotka arvostavat mukavuutta ja k\u00e4yt\u00e4nn\u00f6llisyytt\u00e4 ulkoillessaan. [...]L\u00e4s mer \u2026 from L\u00f6ffler Pipo Softshell Windstopper","og_url":"https:\/\/vmsport.fi\/sv\/webbutik\/korutrustning\/klader\/handdukar-och-halsdukar\/loffler-pipo-softshell-windstopper\/","og_site_name":"VM Sport","article_publisher":"https:\/\/www.facebook.com\/Vmsport.fi\/","article_modified_time":"2026-01-16T11:24:18+00:00","og_image":[{"width":600,"height":600,"url":"https:\/\/vmsport.fi\/wp-content\/uploads\/2025\/03\/05498871-bdbc-491f-bcfe-cc85581bec17-1.jpg","type":"image\/jpeg"}],"twitter_card":"summary_large_image","schema":{"@context":"https:\/\/schema.org","@graph":[{"@type":["WebPage","ItemPage"],"@id":"https:\/\/vmsport.fi\/verkkokauppa\/ajovarusteet\/vaatteet\/paahineet-ja-huivit\/loffler-pipo-softshell-windstopper\/","url":"https:\/\/vmsport.fi\/verkkokauppa\/ajovarusteet\/vaatteet\/paahineet-ja-huivit\/loffler-pipo-softshell-windstopper\/","name":"L\u00f6ffler Pipo Softshell Windstopper - VM Sport","isPartOf":{"@id":"https:\/\/vmsport.fi\/#website"},"primaryImageOfPage":{"@id":"https:\/\/vmsport.fi\/verkkokauppa\/ajovarusteet\/vaatteet\/paahineet-ja-huivit\/loffler-pipo-softshell-windstopper\/#primaryimage"},"image":{"@id":"https:\/\/vmsport.fi\/verkkokauppa\/ajovarusteet\/vaatteet\/paahineet-ja-huivit\/loffler-pipo-softshell-windstopper\/#primaryimage"},"thumbnailUrl":"https:\/\/vmsport.fi\/wp-content\/uploads\/2025\/03\/05498871-bdbc-491f-bcfe-cc85581bec17-1.jpg","datePublished":"2025-03-05T22:25:28+00:00","dateModified":"2026-01-16T11:24:18+00:00","breadcrumb":{"@id":"https:\/\/vmsport.fi\/verkkokauppa\/ajovarusteet\/vaatteet\/paahineet-ja-huivit\/loffler-pipo-softshell-windstopper\/#breadcrumb"},"inLanguage":"sv-SE","potentialAction":[{"@type":"ReadAction","target":["https:\/\/vmsport.fi\/verkkokauppa\/ajovarusteet\/vaatteet\/paahineet-ja-huivit\/loffler-pipo-softshell-windstopper\/"]}]},{"@type":"ImageObject","inLanguage":"sv-SE","@id":"https:\/\/vmsport.fi\/verkkokauppa\/ajovarusteet\/vaatteet\/paahineet-ja-huivit\/loffler-pipo-softshell-windstopper\/#primaryimage","url":"https:\/\/vmsport.fi\/wp-content\/uploads\/2025\/03\/05498871-bdbc-491f-bcfe-cc85581bec17-1.jpg","contentUrl":"https:\/\/vmsport.fi\/wp-content\/uploads\/2025\/03\/05498871-bdbc-491f-bcfe-cc85581bec17-1.jpg","width":600,"height":600,"caption":"05498871-bdbc-491f-bcfe-cc85581bec17"},{"@type":"BreadcrumbList","@id":"https:\/\/vmsport.fi\/verkkokauppa\/ajovarusteet\/vaatteet\/paahineet-ja-huivit\/loffler-pipo-softshell-windstopper\/#breadcrumb","itemListElement":[{"@type":"ListItem","position":1,"name":"Etusivu","item":"https:\/\/vmsport.fi\/"},{"@type":"ListItem","position":2,"name":"Online Store","item":"https:\/\/vmsport.fi\/en\/online-store\/"},{"@type":"ListItem","position":3,"name":"L\u00f6ffler Pipo Softshell Windstopper"}]},{"@type":"WebSite","@id":"https:\/\/vmsport.fi\/#website","url":"https:\/\/vmsport.fi\/","name":"Vmsport","description":"Allt p\u00e5 ett st\u00e4lle f\u00f6r cykling","publisher":{"@id":"https:\/\/vmsport.fi\/#organization"},"potentialAction":[{"@type":"SearchAction","target":{"@type":"EntryPoint","urlTemplate":"https:\/\/vmsport.fi\/?s={search_term_string}"},"query-input":{"@type":"PropertyValueSpecification","valueRequired":true,"valueName":"search_term_string"}}],"inLanguage":"sv-SE"},{"@type":"Organization","@id":"https:\/\/vmsport.fi\/#organization","name":"Vmsport","url":"https:\/\/vmsport.fi\/","logo":{"@type":"ImageObject","inLanguage":"sv-SE","@id":"https:\/\/vmsport.fi\/#\/schema\/logo\/image\/","url":"https:\/\/vmsport.fi\/wp-content\/uploads\/2024\/12\/vm_sport_RGB_horisontal-e1734526017575.png","contentUrl":"https:\/\/vmsport.fi\/wp-content\/uploads\/2024\/12\/vm_sport_RGB_horisontal-e1734526017575.png","width":668,"height":85,"caption":"Vmsport"},"image":{"@id":"https:\/\/vmsport.fi\/#\/schema\/logo\/image\/"},"sameAs":["https:\/\/www.facebook.com\/Vmsport.fi\/","https:\/\/www.instagram.com\/vmsport\/"]}]}},"global_unique_id":"","_links":{"self":[{"href":"https:\/\/vmsport.fi\/sv\/wp-json\/wp\/v2\/product\/56908","targetHints":{"allow":["GET"]}}],"collection":[{"href":"https:\/\/vmsport.fi\/sv\/wp-json\/wp\/v2\/product"}],"about":[{"href":"https:\/\/vmsport.fi\/sv\/wp-json\/wp\/v2\/types\/product"}],"replies":[{"embeddable":true,"href":"https:\/\/vmsport.fi\/sv\/wp-json\/wp\/v2\/comments?post=56908"}],"wp:featuredmedia":[{"embeddable":true,"href":"https:\/\/vmsport.fi\/sv\/wp-json\/wp\/v2\/media\/56906"}],"wp:attachment":[{"href":"https:\/\/vmsport.fi\/sv\/wp-json\/wp\/v2\/media?parent=56908"}],"wp:term":[{"taxonomy":"product_brand","embeddable":true,"href":"https:\/\/vmsport.fi\/sv\/wp-json\/wp\/v2\/product_brand?post=56908"},{"taxonomy":"product_model","embeddable":true,"href":"https:\/\/vmsport.fi\/sv\/wp-json\/wp\/v2\/product_model?post=56908"},{"taxonomy":"product_cat","embeddable":true,"href":"https:\/\/vmsport.fi\/sv\/wp-json\/wp\/v2\/product_cat?post=56908"},{"taxonomy":"product_tag","embeddable":true,"href":"https:\/\/vmsport.fi\/sv\/wp-json\/wp\/v2\/product_tag?post=56908"},{"taxonomy":"industry_terminology","embeddable":true,"href":"https:\/\/vmsport.fi\/sv\/wp-json\/wp\/v2\/industry-terminology?post=56908"}],"curies":[{"name":"wp","href":"https:\/\/api.w.org\/{rel}","templated":true}]}}