{"id":56901,"date":"2025-03-06T00:25:20","date_gmt":"2025-03-05T22:25:20","guid":{"rendered":"https:\/\/vmsport.fi\/verkkokauppa\/Ei-luokiteltu\/kasetti-10-v-11-42-cs-m4100-10-deore\/"},"modified":"2026-03-12T02:00:13","modified_gmt":"2026-03-12T00:00:13","slug":"kassett-10-v-11-42-cs-m4100-10-deore","status":"publish","type":"product","link":"https:\/\/vmsport.fi\/sv\/verkkokauppa\/varaosat\/voimansiirto\/takarattaat\/kasetti-10-v-11-42-cs-m4100-10-deore\/","title":{"rendered":"Kassett 10-v 11-42 CS-M4100-10 Deore"},"content":{"rendered":"<p>Den 10-v\u00e4xlade kassetten 11-42 CS-M4100-10 Deore erbjuder f\u00f6rstklassig v\u00e4xling genom den innovativa HYPERGLIDE-tekniken, som anv\u00e4nder datorutvecklad kuggdesign. Den h\u00e4r l\u00e4ttviktskassetten, som \u00e4r utformad f\u00f6r HG-navramen och kompatibel med 10-v\u00e4xlade HG-X mountainbike-kedjor, ger energieffektivitet och exakt pedalrytmkontroll genom sluten utv\u00e4xling. Tandavst\u00e5ndet 11-42 m\u00f6jligg\u00f6r ett brett utbud av v\u00e4xlar, medan den enkla utformningen av de r\u00e4fflade och borrade kuggarna s\u00e4kerst\u00e4ller l\u00e4tthet utan att kompromissa med styvheten. Den h\u00e4r kassetten \u00e4r ett utm\u00e4rkt val f\u00f6r kr\u00e4vande terr\u00e4ngcykling d\u00e4r prestanda och h\u00e5llbarhet v\u00e4rderas h\u00f6gt.<\/p>","protected":false},"excerpt":{"rendered":"<p>10-vaihteinen kasetti 11-42 CS-M4100-10 Deore tarjoaa ensiluokkaisen vaihteensiirron innovatiivisen HYPERGLIDE-teknologian avulla, joka hy\u00f6dynt\u00e4\u00e4 tietokoneella suunniteltua hammastuksen muotoilua. T\u00e4m\u00e4 kevyt kasetti, suunniteltu HG-navan rungolle ja yhteensopiva 10-vaihteisten HG-X-maastopy\u00f6r\u00e4ketjujen kanssa, tarjoaa energiatehokkuutta ja tarkan poljinkadenssin hallintaa suljetun v\u00e4lityssuhteen avulla. Hammasv\u00e4li 11\u201342 mahdollistaa laajan vaihdevalikoiman, ja uritettujen sek\u00e4 porattujen rattaiden yksinkertainen muotoilu takaa keveyden ilman, ett\u00e4 se heikent\u00e4\u00e4 [&#8230;]<\/p>\n<p><a class=\"btn btn-secondary understrap-read-more-link\" href=\"https:\/\/vmsport.fi\/sv\/verkkokauppa\/varaosat\/voimansiirto\/takarattaat\/kasetti-10-v-11-42-cs-m4100-10-deore\/\">L\u00e4s mer \u2026<span class=\"screen-reader-text\"> from Kasetti 10-v 11-42 CS-M4100-10 Deore<\/span><\/a><\/p>\n","protected":false},"featured_media":56900,"comment_status":"open","ping_status":"closed","template":"","meta":{"_acf_changed":false,"_improvement_type_select":"improve_an_existing","_thumb_yes_seoaic":false,"_frame_yes_seoaic":false,"seoaic_generate_description":"","seoaic_improve_instructions_prompt":"","seoaic_rollback_content_improvement":"","seoaic_idea_thumbnail_generator":"","thumbnail_generated":false,"thumbnail_generate_prompt":"","seoaic_article_description":"","_supplier_stock_quantity":0},"product_brand":[],"product_model":[],"product_cat":[9348],"product_tag":[],"industry-terminology":[],"class_list":{"0":"post-56901","1":"product","2":"type-product","3":"status-publish","4":"has-post-thumbnail","6":"product_cat-takarattaat","8":"first","9":"instock","10":"taxable","11":"shipping-taxable","12":"purchasable","13":"product-type-simple"},"acf":{"bike_features":null,"overview":{"copy_overview":null,"key_features":null,"statement":"","youtube_url":""}},"yoast_head":"<!-- This site is optimized with the Yoast SEO plugin v27.3 - https:\/\/yoast.com\/product\/yoast-seo-wordpress\/ -->\n<title>Kasetti 10-v 11-42 CS-M4100-10 Deore - VM Sport<\/title>\n<meta name=\"robots\" content=\"index, follow, max-snippet:-1, max-image-preview:large, max-video-preview:-1\" \/>\n<link rel=\"canonical\" href=\"https:\/\/vmsport.fi\/sv\/webbutik\/reservdelar\/transmission\/takarattaat\/kassett-10-v-11-42-cs-m4100-10-deore\/\" \/>\n<meta property=\"og:locale\" content=\"sv_SE\" \/>\n<meta property=\"og:type\" content=\"article\" \/>\n<meta property=\"og:title\" content=\"Kasetti 10-v 11-42 CS-M4100-10 Deore - VM Sport\" \/>\n<meta property=\"og:description\" content=\"10-vaihteinen kasetti 11-42 CS-M4100-10 Deore tarjoaa ensiluokkaisen vaihteensiirron innovatiivisen HYPERGLIDE-teknologian avulla, joka hy\u00f6dynt\u00e4\u00e4 tietokoneella suunniteltua hammastuksen muotoilua. T\u00e4m\u00e4 kevyt kasetti, suunniteltu HG-navan rungolle ja yhteensopiva 10-vaihteisten HG-X-maastopy\u00f6r\u00e4ketjujen kanssa, tarjoaa energiatehokkuutta ja tarkan poljinkadenssin hallintaa suljetun v\u00e4lityssuhteen avulla. Hammasv\u00e4li 11\u201342 mahdollistaa laajan vaihdevalikoiman, ja uritettujen sek\u00e4 porattujen rattaiden yksinkertainen muotoilu takaa keveyden ilman, ett\u00e4 se heikent\u00e4\u00e4 [...]L\u00e4s mer \u2026 from Kasetti 10-v 11-42 CS-M4100-10 Deore\" \/>\n<meta property=\"og:url\" content=\"https:\/\/vmsport.fi\/sv\/webbutik\/reservdelar\/transmission\/takarattaat\/kassett-10-v-11-42-cs-m4100-10-deore\/\" \/>\n<meta property=\"og:site_name\" content=\"VM Sport\" \/>\n<meta property=\"article:publisher\" content=\"https:\/\/www.facebook.com\/Vmsport.fi\/\" \/>\n<meta property=\"article:modified_time\" content=\"2026-03-12T00:00:13+00:00\" \/>\n<meta property=\"og:image\" content=\"https:\/\/vmsport.fi\/wp-content\/uploads\/2025\/03\/tP9JDUo6mDkJLQitZdoLnvtD5eRy70wFY5xojMmAC0KVvHSLWz-1.jpg\" \/>\n\t<meta property=\"og:image:width\" content=\"600\" \/>\n\t<meta property=\"og:image:height\" content=\"600\" \/>\n\t<meta property=\"og:image:type\" content=\"image\/jpeg\" \/>\n<meta name=\"twitter:card\" content=\"summary_large_image\" \/>\n<script type=\"application\/ld+json\" class=\"yoast-schema-graph\">{\"@context\":\"https:\\\/\\\/schema.org\",\"@graph\":[{\"@type\":[\"WebPage\",\"ItemPage\"],\"@id\":\"https:\\\/\\\/vmsport.fi\\\/verkkokauppa\\\/varaosat\\\/voimansiirto\\\/takarattaat\\\/kasetti-10-v-11-42-cs-m4100-10-deore\\\/\",\"url\":\"https:\\\/\\\/vmsport.fi\\\/verkkokauppa\\\/varaosat\\\/voimansiirto\\\/takarattaat\\\/kasetti-10-v-11-42-cs-m4100-10-deore\\\/\",\"name\":\"Kasetti 10-v 11-42 CS-M4100-10 Deore - VM Sport\",\"isPartOf\":{\"@id\":\"https:\\\/\\\/vmsport.fi\\\/#website\"},\"primaryImageOfPage\":{\"@id\":\"https:\\\/\\\/vmsport.fi\\\/verkkokauppa\\\/varaosat\\\/voimansiirto\\\/takarattaat\\\/kasetti-10-v-11-42-cs-m4100-10-deore\\\/#primaryimage\"},\"image\":{\"@id\":\"https:\\\/\\\/vmsport.fi\\\/verkkokauppa\\\/varaosat\\\/voimansiirto\\\/takarattaat\\\/kasetti-10-v-11-42-cs-m4100-10-deore\\\/#primaryimage\"},\"thumbnailUrl\":\"https:\\\/\\\/vmsport.fi\\\/wp-content\\\/uploads\\\/2025\\\/03\\\/tP9JDUo6mDkJLQitZdoLnvtD5eRy70wFY5xojMmAC0KVvHSLWz-1.jpg\",\"datePublished\":\"2025-03-05T22:25:20+00:00\",\"dateModified\":\"2026-03-12T00:00:13+00:00\",\"breadcrumb\":{\"@id\":\"https:\\\/\\\/vmsport.fi\\\/verkkokauppa\\\/varaosat\\\/voimansiirto\\\/takarattaat\\\/kasetti-10-v-11-42-cs-m4100-10-deore\\\/#breadcrumb\"},\"inLanguage\":\"sv-SE\",\"potentialAction\":[{\"@type\":\"ReadAction\",\"target\":[\"https:\\\/\\\/vmsport.fi\\\/verkkokauppa\\\/varaosat\\\/voimansiirto\\\/takarattaat\\\/kasetti-10-v-11-42-cs-m4100-10-deore\\\/\"]}]},{\"@type\":\"ImageObject\",\"inLanguage\":\"sv-SE\",\"@id\":\"https:\\\/\\\/vmsport.fi\\\/verkkokauppa\\\/varaosat\\\/voimansiirto\\\/takarattaat\\\/kasetti-10-v-11-42-cs-m4100-10-deore\\\/#primaryimage\",\"url\":\"https:\\\/\\\/vmsport.fi\\\/wp-content\\\/uploads\\\/2025\\\/03\\\/tP9JDUo6mDkJLQitZdoLnvtD5eRy70wFY5xojMmAC0KVvHSLWz-1.jpg\",\"contentUrl\":\"https:\\\/\\\/vmsport.fi\\\/wp-content\\\/uploads\\\/2025\\\/03\\\/tP9JDUo6mDkJLQitZdoLnvtD5eRy70wFY5xojMmAC0KVvHSLWz-1.jpg\",\"width\":600,\"height\":600,\"caption\":\"tP9JDUo6mDkJLQitZdoLnvtD5eRy70wFY5xojMmAC0KVvHSLWz\"},{\"@type\":\"BreadcrumbList\",\"@id\":\"https:\\\/\\\/vmsport.fi\\\/verkkokauppa\\\/varaosat\\\/voimansiirto\\\/takarattaat\\\/kasetti-10-v-11-42-cs-m4100-10-deore\\\/#breadcrumb\",\"itemListElement\":[{\"@type\":\"ListItem\",\"position\":1,\"name\":\"Etusivu\",\"item\":\"https:\\\/\\\/vmsport.fi\\\/\"},{\"@type\":\"ListItem\",\"position\":2,\"name\":\"Online Store\",\"item\":\"https:\\\/\\\/vmsport.fi\\\/en\\\/online-store\\\/\"},{\"@type\":\"ListItem\",\"position\":3,\"name\":\"Kasetti 10-v 11-42 CS-M4100-10 Deore\"}]},{\"@type\":\"WebSite\",\"@id\":\"https:\\\/\\\/vmsport.fi\\\/#website\",\"url\":\"https:\\\/\\\/vmsport.fi\\\/\",\"name\":\"Vmsport\",\"description\":\"Kaikki py\u00f6r\u00e4ilyyn yhdest\u00e4 paikasta\",\"publisher\":{\"@id\":\"https:\\\/\\\/vmsport.fi\\\/#organization\"},\"potentialAction\":[{\"@type\":\"SearchAction\",\"target\":{\"@type\":\"EntryPoint\",\"urlTemplate\":\"https:\\\/\\\/vmsport.fi\\\/?s={search_term_string}\"},\"query-input\":{\"@type\":\"PropertyValueSpecification\",\"valueRequired\":true,\"valueName\":\"search_term_string\"}}],\"inLanguage\":\"sv-SE\"},{\"@type\":\"Organization\",\"@id\":\"https:\\\/\\\/vmsport.fi\\\/#organization\",\"name\":\"Vmsport\",\"url\":\"https:\\\/\\\/vmsport.fi\\\/\",\"logo\":{\"@type\":\"ImageObject\",\"inLanguage\":\"sv-SE\",\"@id\":\"https:\\\/\\\/vmsport.fi\\\/#\\\/schema\\\/logo\\\/image\\\/\",\"url\":\"https:\\\/\\\/vmsport.fi\\\/wp-content\\\/uploads\\\/2024\\\/12\\\/vm_sport_RGB_horisontal-e1734526017575.png\",\"contentUrl\":\"https:\\\/\\\/vmsport.fi\\\/wp-content\\\/uploads\\\/2024\\\/12\\\/vm_sport_RGB_horisontal-e1734526017575.png\",\"width\":668,\"height\":85,\"caption\":\"Vmsport\"},\"image\":{\"@id\":\"https:\\\/\\\/vmsport.fi\\\/#\\\/schema\\\/logo\\\/image\\\/\"},\"sameAs\":[\"https:\\\/\\\/www.facebook.com\\\/Vmsport.fi\\\/\",\"https:\\\/\\\/www.instagram.com\\\/vmsport\\\/\"]}]}<\/script>\n<!-- \/ Yoast SEO plugin. -->","yoast_head_json":{"title":"Kassett 10-v 11-42 CS-M4100-10 Deore - VM Sport","robots":{"index":"index","follow":"follow","max-snippet":"max-snippet:-1","max-image-preview":"max-image-preview:large","max-video-preview":"max-video-preview:-1"},"canonical":"https:\/\/vmsport.fi\/sv\/webbutik\/reservdelar\/transmission\/takarattaat\/kassett-10-v-11-42-cs-m4100-10-deore\/","og_locale":"sv_SE","og_type":"article","og_title":"Kasetti 10-v 11-42 CS-M4100-10 Deore - VM Sport","og_description":"10-vaihteinen kasetti 11-42 CS-M4100-10 Deore tarjoaa ensiluokkaisen vaihteensiirron innovatiivisen HYPERGLIDE-teknologian avulla, joka hy\u00f6dynt\u00e4\u00e4 tietokoneella suunniteltua hammastuksen muotoilua. T\u00e4m\u00e4 kevyt kasetti, suunniteltu HG-navan rungolle ja yhteensopiva 10-vaihteisten HG-X-maastopy\u00f6r\u00e4ketjujen kanssa, tarjoaa energiatehokkuutta ja tarkan poljinkadenssin hallintaa suljetun v\u00e4lityssuhteen avulla. Hammasv\u00e4li 11\u201342 mahdollistaa laajan vaihdevalikoiman, ja uritettujen sek\u00e4 porattujen rattaiden yksinkertainen muotoilu takaa keveyden ilman, ett\u00e4 se heikent\u00e4\u00e4 [...]L\u00e4s mer \u2026 from Kasetti 10-v 11-42 CS-M4100-10 Deore","og_url":"https:\/\/vmsport.fi\/sv\/webbutik\/reservdelar\/transmission\/takarattaat\/kassett-10-v-11-42-cs-m4100-10-deore\/","og_site_name":"VM Sport","article_publisher":"https:\/\/www.facebook.com\/Vmsport.fi\/","article_modified_time":"2026-03-12T00:00:13+00:00","og_image":[{"width":600,"height":600,"url":"https:\/\/vmsport.fi\/wp-content\/uploads\/2025\/03\/tP9JDUo6mDkJLQitZdoLnvtD5eRy70wFY5xojMmAC0KVvHSLWz-1.jpg","type":"image\/jpeg"}],"twitter_card":"summary_large_image","schema":{"@context":"https:\/\/schema.org","@graph":[{"@type":["WebPage","ItemPage"],"@id":"https:\/\/vmsport.fi\/verkkokauppa\/varaosat\/voimansiirto\/takarattaat\/kasetti-10-v-11-42-cs-m4100-10-deore\/","url":"https:\/\/vmsport.fi\/verkkokauppa\/varaosat\/voimansiirto\/takarattaat\/kasetti-10-v-11-42-cs-m4100-10-deore\/","name":"Kassett 10-v 11-42 CS-M4100-10 Deore - VM Sport","isPartOf":{"@id":"https:\/\/vmsport.fi\/#website"},"primaryImageOfPage":{"@id":"https:\/\/vmsport.fi\/verkkokauppa\/varaosat\/voimansiirto\/takarattaat\/kasetti-10-v-11-42-cs-m4100-10-deore\/#primaryimage"},"image":{"@id":"https:\/\/vmsport.fi\/verkkokauppa\/varaosat\/voimansiirto\/takarattaat\/kasetti-10-v-11-42-cs-m4100-10-deore\/#primaryimage"},"thumbnailUrl":"https:\/\/vmsport.fi\/wp-content\/uploads\/2025\/03\/tP9JDUo6mDkJLQitZdoLnvtD5eRy70wFY5xojMmAC0KVvHSLWz-1.jpg","datePublished":"2025-03-05T22:25:20+00:00","dateModified":"2026-03-12T00:00:13+00:00","breadcrumb":{"@id":"https:\/\/vmsport.fi\/verkkokauppa\/varaosat\/voimansiirto\/takarattaat\/kasetti-10-v-11-42-cs-m4100-10-deore\/#breadcrumb"},"inLanguage":"sv-SE","potentialAction":[{"@type":"ReadAction","target":["https:\/\/vmsport.fi\/verkkokauppa\/varaosat\/voimansiirto\/takarattaat\/kasetti-10-v-11-42-cs-m4100-10-deore\/"]}]},{"@type":"ImageObject","inLanguage":"sv-SE","@id":"https:\/\/vmsport.fi\/verkkokauppa\/varaosat\/voimansiirto\/takarattaat\/kasetti-10-v-11-42-cs-m4100-10-deore\/#primaryimage","url":"https:\/\/vmsport.fi\/wp-content\/uploads\/2025\/03\/tP9JDUo6mDkJLQitZdoLnvtD5eRy70wFY5xojMmAC0KVvHSLWz-1.jpg","contentUrl":"https:\/\/vmsport.fi\/wp-content\/uploads\/2025\/03\/tP9JDUo6mDkJLQitZdoLnvtD5eRy70wFY5xojMmAC0KVvHSLWz-1.jpg","width":600,"height":600,"caption":"tP9JDUo6mDkJLQitZdoLnvtD5eRy70wFY5xojMmAC0KVvHSLWz"},{"@type":"BreadcrumbList","@id":"https:\/\/vmsport.fi\/verkkokauppa\/varaosat\/voimansiirto\/takarattaat\/kasetti-10-v-11-42-cs-m4100-10-deore\/#breadcrumb","itemListElement":[{"@type":"ListItem","position":1,"name":"Etusivu","item":"https:\/\/vmsport.fi\/"},{"@type":"ListItem","position":2,"name":"Online Store","item":"https:\/\/vmsport.fi\/en\/online-store\/"},{"@type":"ListItem","position":3,"name":"Kasetti 10-v 11-42 CS-M4100-10 Deore"}]},{"@type":"WebSite","@id":"https:\/\/vmsport.fi\/#website","url":"https:\/\/vmsport.fi\/","name":"Vmsport","description":"Allt p\u00e5 ett st\u00e4lle f\u00f6r cykling","publisher":{"@id":"https:\/\/vmsport.fi\/#organization"},"potentialAction":[{"@type":"SearchAction","target":{"@type":"EntryPoint","urlTemplate":"https:\/\/vmsport.fi\/?s={search_term_string}"},"query-input":{"@type":"PropertyValueSpecification","valueRequired":true,"valueName":"search_term_string"}}],"inLanguage":"sv-SE"},{"@type":"Organization","@id":"https:\/\/vmsport.fi\/#organization","name":"Vmsport","url":"https:\/\/vmsport.fi\/","logo":{"@type":"ImageObject","inLanguage":"sv-SE","@id":"https:\/\/vmsport.fi\/#\/schema\/logo\/image\/","url":"https:\/\/vmsport.fi\/wp-content\/uploads\/2024\/12\/vm_sport_RGB_horisontal-e1734526017575.png","contentUrl":"https:\/\/vmsport.fi\/wp-content\/uploads\/2024\/12\/vm_sport_RGB_horisontal-e1734526017575.png","width":668,"height":85,"caption":"Vmsport"},"image":{"@id":"https:\/\/vmsport.fi\/#\/schema\/logo\/image\/"},"sameAs":["https:\/\/www.facebook.com\/Vmsport.fi\/","https:\/\/www.instagram.com\/vmsport\/"]}]}},"global_unique_id":"","_links":{"self":[{"href":"https:\/\/vmsport.fi\/sv\/wp-json\/wp\/v2\/product\/56901","targetHints":{"allow":["GET"]}}],"collection":[{"href":"https:\/\/vmsport.fi\/sv\/wp-json\/wp\/v2\/product"}],"about":[{"href":"https:\/\/vmsport.fi\/sv\/wp-json\/wp\/v2\/types\/product"}],"replies":[{"embeddable":true,"href":"https:\/\/vmsport.fi\/sv\/wp-json\/wp\/v2\/comments?post=56901"}],"wp:featuredmedia":[{"embeddable":true,"href":"https:\/\/vmsport.fi\/sv\/wp-json\/wp\/v2\/media\/56900"}],"wp:attachment":[{"href":"https:\/\/vmsport.fi\/sv\/wp-json\/wp\/v2\/media?parent=56901"}],"wp:term":[{"taxonomy":"product_brand","embeddable":true,"href":"https:\/\/vmsport.fi\/sv\/wp-json\/wp\/v2\/product_brand?post=56901"},{"taxonomy":"product_model","embeddable":true,"href":"https:\/\/vmsport.fi\/sv\/wp-json\/wp\/v2\/product_model?post=56901"},{"taxonomy":"product_cat","embeddable":true,"href":"https:\/\/vmsport.fi\/sv\/wp-json\/wp\/v2\/product_cat?post=56901"},{"taxonomy":"product_tag","embeddable":true,"href":"https:\/\/vmsport.fi\/sv\/wp-json\/wp\/v2\/product_tag?post=56901"},{"taxonomy":"industry_terminology","embeddable":true,"href":"https:\/\/vmsport.fi\/sv\/wp-json\/wp\/v2\/industry-terminology?post=56901"}],"curies":[{"name":"wp","href":"https:\/\/api.w.org\/{rel}","templated":true}]}}