{"id":56896,"date":"2025-03-06T00:25:18","date_gmt":"2025-03-05T22:25:18","guid":{"rendered":"https:\/\/vmsport.fi\/verkkokauppa\/Ei-luokiteltu\/muc-off-bike-cleaner-concentrate-5l\/"},"modified":"2026-01-16T13:22:03","modified_gmt":"2026-01-16T11:22:03","slug":"muc-off-bike-cleaner-concentrate-5l","status":"publish","type":"product","link":"https:\/\/vmsport.fi\/sv\/verkkokauppa\/tarvikkeet\/huolto-ja-pesu\/puhdistusaineet\/muc-off-bike-cleaner-concentrate-5l\/","title":{"rendered":"MUC-OFF Cykelreng\u00f6ring koncentrat 5L"},"content":{"rendered":"<p>MUC-OFF Bike Cleaner Concentrate 5L on ymp\u00e4rist\u00f6yst\u00e4v\u00e4llinen ja kustannustehokas puhdistusratkaisu polkupy\u00f6rille ja moottoripy\u00f6rille. Hy\u00f6dynt\u00e4en nanoteknologiaa, se tarjoaa tehokkaan mutta turvallisen puhdistusvoiman, joka puhdistaa perusteellisesti erilaiset osat ja pinnat. Konsentroitu ja biohajoava, alkalipohjainen koostumus on vapaa hapoista, liuottimista sek\u00e4 CFC-yhdisteist\u00e4. Se sopii my\u00f6s rasvanpoistoon vaikeamman lian poistamiseksi. Puhdistusaine on yhteensopiva monenlaisten pintojen, kuten alumiinin, karkaistujen metallien, maalipinnoitteiden, kromin ja hiilikuidun kanssa. Tuote edist\u00e4\u00e4 ymp\u00e4rist\u00f6yst\u00e4v\u00e4llisi\u00e4 k\u00e4yt\u00e4nt\u00f6j\u00e4 hy\u00f6dynt\u00e4m\u00e4ll\u00e4 89 % v\u00e4hemm\u00e4n pakkausmateriaalia verrattuna pienempiin pakkauksiin. K\u00e4ytt\u00e4m\u00e4ll\u00e4 5 litran konsentraattia voi valmistaa jopa 20 litraa puhdistusainetta, kun se sekoitetaan veteen. T\u00e4m\u00e4 s\u00e4\u00e4steli\u00e4s muotoilu tekee tuotteesta monik\u00e4ytt\u00f6isen erilaisiin huoltotarpeisiin.<\/p>","protected":false},"excerpt":{"rendered":"<p>MUC-OFF Bike Cleaner Concentrate 5L on ymp\u00e4rist\u00f6yst\u00e4v\u00e4llinen ja kustannustehokas puhdistusratkaisu polkupy\u00f6rille ja moottoripy\u00f6rille. Hy\u00f6dynt\u00e4en nanoteknologiaa, se tarjoaa tehokkaan mutta turvallisen puhdistusvoiman, joka puhdistaa perusteellisesti erilaiset osat ja pinnat. Konsentroitu ja biohajoava, alkalipohjainen koostumus on vapaa hapoista, liuottimista sek\u00e4 CFC-yhdisteist\u00e4. Se sopii my\u00f6s rasvanpoistoon vaikeamman lian poistamiseksi. Puhdistusaine on yhteensopiva monenlaisten pintojen, kuten alumiinin, karkaistujen metallien, [&#8230;]<\/p>\n<p><a class=\"btn btn-secondary understrap-read-more-link\" href=\"https:\/\/vmsport.fi\/sv\/verkkokauppa\/tarvikkeet\/huolto-ja-pesu\/puhdistusaineet\/muc-off-bike-cleaner-concentrate-5l\/\">L\u00e4s mer \u2026<span class=\"screen-reader-text\"> from MUC-OFF Bike Cleaner Concentrate 5L<\/span><\/a><\/p>\n","protected":false},"featured_media":56895,"comment_status":"open","ping_status":"closed","template":"","meta":{"_acf_changed":false,"_improvement_type_select":"improve_an_existing","_thumb_yes_seoaic":false,"_frame_yes_seoaic":false,"seoaic_generate_description":"","seoaic_improve_instructions_prompt":"","seoaic_rollback_content_improvement":"","seoaic_idea_thumbnail_generator":"","thumbnail_generated":false,"thumbnail_generate_prompt":"","seoaic_article_description":"","_supplier_stock_quantity":0},"product_brand":[1584],"product_model":[],"product_cat":[9358],"product_tag":[],"industry-terminology":[],"class_list":{"0":"post-56896","1":"product","2":"type-product","3":"status-publish","4":"has-post-thumbnail","6":"product_brand-muc-off","7":"product_cat-puhdistusaineet","9":"first","10":"outofstock","11":"taxable","12":"shipping-taxable","13":"product-type-simple"},"acf":{"bike_features":null,"overview":{"copy_overview":null,"key_features":null,"statement":"","youtube_url":""}},"yoast_head":"<!-- This site is optimized with the Yoast SEO plugin v27.3 - https:\/\/yoast.com\/product\/yoast-seo-wordpress\/ -->\n<title>MUC-OFF Bike Cleaner Concentrate 5L - VM Sport<\/title>\n<meta name=\"robots\" content=\"index, follow, max-snippet:-1, max-image-preview:large, max-video-preview:-1\" \/>\n<link rel=\"canonical\" href=\"https:\/\/vmsport.fi\/sv\/webbutik\/tillbehor\/underhall-och-tvatt\/rengoringsprodukter\/muc-off-bike-cleaner-concentrate-5l\/\" \/>\n<meta property=\"og:locale\" content=\"sv_SE\" \/>\n<meta property=\"og:type\" content=\"article\" \/>\n<meta property=\"og:title\" content=\"MUC-OFF Bike Cleaner Concentrate 5L - VM Sport\" \/>\n<meta property=\"og:description\" content=\"MUC-OFF Bike Cleaner Concentrate 5L on ymp\u00e4rist\u00f6yst\u00e4v\u00e4llinen ja kustannustehokas puhdistusratkaisu polkupy\u00f6rille ja moottoripy\u00f6rille. Hy\u00f6dynt\u00e4en nanoteknologiaa, se tarjoaa tehokkaan mutta turvallisen puhdistusvoiman, joka puhdistaa perusteellisesti erilaiset osat ja pinnat. Konsentroitu ja biohajoava, alkalipohjainen koostumus on vapaa hapoista, liuottimista sek\u00e4 CFC-yhdisteist\u00e4. Se sopii my\u00f6s rasvanpoistoon vaikeamman lian poistamiseksi. Puhdistusaine on yhteensopiva monenlaisten pintojen, kuten alumiinin, karkaistujen metallien, [...]L\u00e4s mer \u2026 from MUC-OFF Bike Cleaner Concentrate 5L\" \/>\n<meta property=\"og:url\" content=\"https:\/\/vmsport.fi\/sv\/webbutik\/tillbehor\/underhall-och-tvatt\/rengoringsprodukter\/muc-off-bike-cleaner-concentrate-5l\/\" \/>\n<meta property=\"og:site_name\" content=\"VM Sport\" \/>\n<meta property=\"article:publisher\" content=\"https:\/\/www.facebook.com\/Vmsport.fi\/\" \/>\n<meta property=\"article:modified_time\" content=\"2026-01-16T11:22:03+00:00\" \/>\n<meta property=\"og:image\" content=\"https:\/\/vmsport.fi\/wp-content\/uploads\/2025\/03\/5iSKbJ135aEiOo0BYJzjZ9xMcZhS7bmTX7xra19tCITuo0a9Gp-1.jpg\" \/>\n\t<meta property=\"og:image:width\" content=\"800\" \/>\n\t<meta property=\"og:image:height\" content=\"800\" \/>\n\t<meta property=\"og:image:type\" content=\"image\/jpeg\" \/>\n<meta name=\"twitter:card\" content=\"summary_large_image\" \/>\n<meta name=\"twitter:label1\" content=\"Ber\u00e4knad l\u00e4stid\" \/>\n\t<meta name=\"twitter:data1\" content=\"1 minut\" \/>\n<script type=\"application\/ld+json\" class=\"yoast-schema-graph\">{\"@context\":\"https:\\\/\\\/schema.org\",\"@graph\":[{\"@type\":[\"WebPage\",\"ItemPage\"],\"@id\":\"https:\\\/\\\/vmsport.fi\\\/verkkokauppa\\\/tarvikkeet\\\/huolto-ja-pesu\\\/puhdistusaineet\\\/muc-off-bike-cleaner-concentrate-5l\\\/\",\"url\":\"https:\\\/\\\/vmsport.fi\\\/verkkokauppa\\\/tarvikkeet\\\/huolto-ja-pesu\\\/puhdistusaineet\\\/muc-off-bike-cleaner-concentrate-5l\\\/\",\"name\":\"MUC-OFF Bike Cleaner Concentrate 5L - VM Sport\",\"isPartOf\":{\"@id\":\"https:\\\/\\\/vmsport.fi\\\/#website\"},\"primaryImageOfPage\":{\"@id\":\"https:\\\/\\\/vmsport.fi\\\/verkkokauppa\\\/tarvikkeet\\\/huolto-ja-pesu\\\/puhdistusaineet\\\/muc-off-bike-cleaner-concentrate-5l\\\/#primaryimage\"},\"image\":{\"@id\":\"https:\\\/\\\/vmsport.fi\\\/verkkokauppa\\\/tarvikkeet\\\/huolto-ja-pesu\\\/puhdistusaineet\\\/muc-off-bike-cleaner-concentrate-5l\\\/#primaryimage\"},\"thumbnailUrl\":\"https:\\\/\\\/vmsport.fi\\\/wp-content\\\/uploads\\\/2025\\\/03\\\/5iSKbJ135aEiOo0BYJzjZ9xMcZhS7bmTX7xra19tCITuo0a9Gp-1.jpg\",\"datePublished\":\"2025-03-05T22:25:18+00:00\",\"dateModified\":\"2026-01-16T11:22:03+00:00\",\"breadcrumb\":{\"@id\":\"https:\\\/\\\/vmsport.fi\\\/verkkokauppa\\\/tarvikkeet\\\/huolto-ja-pesu\\\/puhdistusaineet\\\/muc-off-bike-cleaner-concentrate-5l\\\/#breadcrumb\"},\"inLanguage\":\"sv-SE\",\"potentialAction\":[{\"@type\":\"ReadAction\",\"target\":[\"https:\\\/\\\/vmsport.fi\\\/verkkokauppa\\\/tarvikkeet\\\/huolto-ja-pesu\\\/puhdistusaineet\\\/muc-off-bike-cleaner-concentrate-5l\\\/\"]}]},{\"@type\":\"ImageObject\",\"inLanguage\":\"sv-SE\",\"@id\":\"https:\\\/\\\/vmsport.fi\\\/verkkokauppa\\\/tarvikkeet\\\/huolto-ja-pesu\\\/puhdistusaineet\\\/muc-off-bike-cleaner-concentrate-5l\\\/#primaryimage\",\"url\":\"https:\\\/\\\/vmsport.fi\\\/wp-content\\\/uploads\\\/2025\\\/03\\\/5iSKbJ135aEiOo0BYJzjZ9xMcZhS7bmTX7xra19tCITuo0a9Gp-1.jpg\",\"contentUrl\":\"https:\\\/\\\/vmsport.fi\\\/wp-content\\\/uploads\\\/2025\\\/03\\\/5iSKbJ135aEiOo0BYJzjZ9xMcZhS7bmTX7xra19tCITuo0a9Gp-1.jpg\",\"width\":800,\"height\":800,\"caption\":\"5iSKbJ135aEiOo0BYJzjZ9xMcZhS7bmTX7xra19tCITuo0a9Gp\"},{\"@type\":\"BreadcrumbList\",\"@id\":\"https:\\\/\\\/vmsport.fi\\\/verkkokauppa\\\/tarvikkeet\\\/huolto-ja-pesu\\\/puhdistusaineet\\\/muc-off-bike-cleaner-concentrate-5l\\\/#breadcrumb\",\"itemListElement\":[{\"@type\":\"ListItem\",\"position\":1,\"name\":\"Etusivu\",\"item\":\"https:\\\/\\\/vmsport.fi\\\/\"},{\"@type\":\"ListItem\",\"position\":2,\"name\":\"Online Store\",\"item\":\"https:\\\/\\\/vmsport.fi\\\/en\\\/online-store\\\/\"},{\"@type\":\"ListItem\",\"position\":3,\"name\":\"MUC-OFF Bike Cleaner Concentrate 5L\"}]},{\"@type\":\"WebSite\",\"@id\":\"https:\\\/\\\/vmsport.fi\\\/#website\",\"url\":\"https:\\\/\\\/vmsport.fi\\\/\",\"name\":\"Vmsport\",\"description\":\"Kaikki py\u00f6r\u00e4ilyyn yhdest\u00e4 paikasta\",\"publisher\":{\"@id\":\"https:\\\/\\\/vmsport.fi\\\/#organization\"},\"potentialAction\":[{\"@type\":\"SearchAction\",\"target\":{\"@type\":\"EntryPoint\",\"urlTemplate\":\"https:\\\/\\\/vmsport.fi\\\/?s={search_term_string}\"},\"query-input\":{\"@type\":\"PropertyValueSpecification\",\"valueRequired\":true,\"valueName\":\"search_term_string\"}}],\"inLanguage\":\"sv-SE\"},{\"@type\":\"Organization\",\"@id\":\"https:\\\/\\\/vmsport.fi\\\/#organization\",\"name\":\"Vmsport\",\"url\":\"https:\\\/\\\/vmsport.fi\\\/\",\"logo\":{\"@type\":\"ImageObject\",\"inLanguage\":\"sv-SE\",\"@id\":\"https:\\\/\\\/vmsport.fi\\\/#\\\/schema\\\/logo\\\/image\\\/\",\"url\":\"https:\\\/\\\/vmsport.fi\\\/wp-content\\\/uploads\\\/2024\\\/12\\\/vm_sport_RGB_horisontal-e1734526017575.png\",\"contentUrl\":\"https:\\\/\\\/vmsport.fi\\\/wp-content\\\/uploads\\\/2024\\\/12\\\/vm_sport_RGB_horisontal-e1734526017575.png\",\"width\":668,\"height\":85,\"caption\":\"Vmsport\"},\"image\":{\"@id\":\"https:\\\/\\\/vmsport.fi\\\/#\\\/schema\\\/logo\\\/image\\\/\"},\"sameAs\":[\"https:\\\/\\\/www.facebook.com\\\/Vmsport.fi\\\/\",\"https:\\\/\\\/www.instagram.com\\\/vmsport\\\/\"]}]}<\/script>\n<!-- \/ Yoast SEO plugin. -->","yoast_head_json":{"title":"MUC-OFF Bike Cleaner Concentrate 5L - VM Sport","robots":{"index":"index","follow":"follow","max-snippet":"max-snippet:-1","max-image-preview":"max-image-preview:large","max-video-preview":"max-video-preview:-1"},"canonical":"https:\/\/vmsport.fi\/sv\/webbutik\/tillbehor\/underhall-och-tvatt\/rengoringsprodukter\/muc-off-bike-cleaner-concentrate-5l\/","og_locale":"sv_SE","og_type":"article","og_title":"MUC-OFF Bike Cleaner Concentrate 5L - VM Sport","og_description":"MUC-OFF Bike Cleaner Concentrate 5L on ymp\u00e4rist\u00f6yst\u00e4v\u00e4llinen ja kustannustehokas puhdistusratkaisu polkupy\u00f6rille ja moottoripy\u00f6rille. Hy\u00f6dynt\u00e4en nanoteknologiaa, se tarjoaa tehokkaan mutta turvallisen puhdistusvoiman, joka puhdistaa perusteellisesti erilaiset osat ja pinnat. Konsentroitu ja biohajoava, alkalipohjainen koostumus on vapaa hapoista, liuottimista sek\u00e4 CFC-yhdisteist\u00e4. Se sopii my\u00f6s rasvanpoistoon vaikeamman lian poistamiseksi. Puhdistusaine on yhteensopiva monenlaisten pintojen, kuten alumiinin, karkaistujen metallien, [...]L\u00e4s mer \u2026 from MUC-OFF Bike Cleaner Concentrate 5L","og_url":"https:\/\/vmsport.fi\/sv\/webbutik\/tillbehor\/underhall-och-tvatt\/rengoringsprodukter\/muc-off-bike-cleaner-concentrate-5l\/","og_site_name":"VM Sport","article_publisher":"https:\/\/www.facebook.com\/Vmsport.fi\/","article_modified_time":"2026-01-16T11:22:03+00:00","og_image":[{"width":800,"height":800,"url":"https:\/\/vmsport.fi\/wp-content\/uploads\/2025\/03\/5iSKbJ135aEiOo0BYJzjZ9xMcZhS7bmTX7xra19tCITuo0a9Gp-1.jpg","type":"image\/jpeg"}],"twitter_card":"summary_large_image","twitter_misc":{"Ber\u00e4knad l\u00e4stid":"1 minut"},"schema":{"@context":"https:\/\/schema.org","@graph":[{"@type":["WebPage","ItemPage"],"@id":"https:\/\/vmsport.fi\/verkkokauppa\/tarvikkeet\/huolto-ja-pesu\/puhdistusaineet\/muc-off-bike-cleaner-concentrate-5l\/","url":"https:\/\/vmsport.fi\/verkkokauppa\/tarvikkeet\/huolto-ja-pesu\/puhdistusaineet\/muc-off-bike-cleaner-concentrate-5l\/","name":"MUC-OFF Bike Cleaner Concentrate 5L - VM Sport","isPartOf":{"@id":"https:\/\/vmsport.fi\/#website"},"primaryImageOfPage":{"@id":"https:\/\/vmsport.fi\/verkkokauppa\/tarvikkeet\/huolto-ja-pesu\/puhdistusaineet\/muc-off-bike-cleaner-concentrate-5l\/#primaryimage"},"image":{"@id":"https:\/\/vmsport.fi\/verkkokauppa\/tarvikkeet\/huolto-ja-pesu\/puhdistusaineet\/muc-off-bike-cleaner-concentrate-5l\/#primaryimage"},"thumbnailUrl":"https:\/\/vmsport.fi\/wp-content\/uploads\/2025\/03\/5iSKbJ135aEiOo0BYJzjZ9xMcZhS7bmTX7xra19tCITuo0a9Gp-1.jpg","datePublished":"2025-03-05T22:25:18+00:00","dateModified":"2026-01-16T11:22:03+00:00","breadcrumb":{"@id":"https:\/\/vmsport.fi\/verkkokauppa\/tarvikkeet\/huolto-ja-pesu\/puhdistusaineet\/muc-off-bike-cleaner-concentrate-5l\/#breadcrumb"},"inLanguage":"sv-SE","potentialAction":[{"@type":"ReadAction","target":["https:\/\/vmsport.fi\/verkkokauppa\/tarvikkeet\/huolto-ja-pesu\/puhdistusaineet\/muc-off-bike-cleaner-concentrate-5l\/"]}]},{"@type":"ImageObject","inLanguage":"sv-SE","@id":"https:\/\/vmsport.fi\/verkkokauppa\/tarvikkeet\/huolto-ja-pesu\/puhdistusaineet\/muc-off-bike-cleaner-concentrate-5l\/#primaryimage","url":"https:\/\/vmsport.fi\/wp-content\/uploads\/2025\/03\/5iSKbJ135aEiOo0BYJzjZ9xMcZhS7bmTX7xra19tCITuo0a9Gp-1.jpg","contentUrl":"https:\/\/vmsport.fi\/wp-content\/uploads\/2025\/03\/5iSKbJ135aEiOo0BYJzjZ9xMcZhS7bmTX7xra19tCITuo0a9Gp-1.jpg","width":800,"height":800,"caption":"5iSKbJ135aEiOo0BYJzjZ9xMcZhS7bmTX7xra19tCITuo0a9Gp"},{"@type":"BreadcrumbList","@id":"https:\/\/vmsport.fi\/verkkokauppa\/tarvikkeet\/huolto-ja-pesu\/puhdistusaineet\/muc-off-bike-cleaner-concentrate-5l\/#breadcrumb","itemListElement":[{"@type":"ListItem","position":1,"name":"Etusivu","item":"https:\/\/vmsport.fi\/"},{"@type":"ListItem","position":2,"name":"Online Store","item":"https:\/\/vmsport.fi\/en\/online-store\/"},{"@type":"ListItem","position":3,"name":"MUC-OFF Bike Cleaner Concentrate 5L"}]},{"@type":"WebSite","@id":"https:\/\/vmsport.fi\/#website","url":"https:\/\/vmsport.fi\/","name":"Vmsport","description":"Allt p\u00e5 ett st\u00e4lle f\u00f6r cykling","publisher":{"@id":"https:\/\/vmsport.fi\/#organization"},"potentialAction":[{"@type":"SearchAction","target":{"@type":"EntryPoint","urlTemplate":"https:\/\/vmsport.fi\/?s={search_term_string}"},"query-input":{"@type":"PropertyValueSpecification","valueRequired":true,"valueName":"search_term_string"}}],"inLanguage":"sv-SE"},{"@type":"Organization","@id":"https:\/\/vmsport.fi\/#organization","name":"Vmsport","url":"https:\/\/vmsport.fi\/","logo":{"@type":"ImageObject","inLanguage":"sv-SE","@id":"https:\/\/vmsport.fi\/#\/schema\/logo\/image\/","url":"https:\/\/vmsport.fi\/wp-content\/uploads\/2024\/12\/vm_sport_RGB_horisontal-e1734526017575.png","contentUrl":"https:\/\/vmsport.fi\/wp-content\/uploads\/2024\/12\/vm_sport_RGB_horisontal-e1734526017575.png","width":668,"height":85,"caption":"Vmsport"},"image":{"@id":"https:\/\/vmsport.fi\/#\/schema\/logo\/image\/"},"sameAs":["https:\/\/www.facebook.com\/Vmsport.fi\/","https:\/\/www.instagram.com\/vmsport\/"]}]}},"global_unique_id":"","_links":{"self":[{"href":"https:\/\/vmsport.fi\/sv\/wp-json\/wp\/v2\/product\/56896","targetHints":{"allow":["GET"]}}],"collection":[{"href":"https:\/\/vmsport.fi\/sv\/wp-json\/wp\/v2\/product"}],"about":[{"href":"https:\/\/vmsport.fi\/sv\/wp-json\/wp\/v2\/types\/product"}],"replies":[{"embeddable":true,"href":"https:\/\/vmsport.fi\/sv\/wp-json\/wp\/v2\/comments?post=56896"}],"wp:featuredmedia":[{"embeddable":true,"href":"https:\/\/vmsport.fi\/sv\/wp-json\/wp\/v2\/media\/56895"}],"wp:attachment":[{"href":"https:\/\/vmsport.fi\/sv\/wp-json\/wp\/v2\/media?parent=56896"}],"wp:term":[{"taxonomy":"product_brand","embeddable":true,"href":"https:\/\/vmsport.fi\/sv\/wp-json\/wp\/v2\/product_brand?post=56896"},{"taxonomy":"product_model","embeddable":true,"href":"https:\/\/vmsport.fi\/sv\/wp-json\/wp\/v2\/product_model?post=56896"},{"taxonomy":"product_cat","embeddable":true,"href":"https:\/\/vmsport.fi\/sv\/wp-json\/wp\/v2\/product_cat?post=56896"},{"taxonomy":"product_tag","embeddable":true,"href":"https:\/\/vmsport.fi\/sv\/wp-json\/wp\/v2\/product_tag?post=56896"},{"taxonomy":"industry_terminology","embeddable":true,"href":"https:\/\/vmsport.fi\/sv\/wp-json\/wp\/v2\/industry-terminology?post=56896"}],"curies":[{"name":"wp","href":"https:\/\/api.w.org\/{rel}","templated":true}]}}