{"id":56876,"date":"2025-03-06T00:25:01","date_gmt":"2025-03-05T22:25:01","guid":{"rendered":"https:\/\/vmsport.fi\/verkkokauppa\/Ei-luokiteltu\/muc-off-bio-degreaser\/"},"modified":"2026-04-22T15:05:58","modified_gmt":"2026-04-22T12:05:58","slug":"muc-off-bio-avfettningsmedel","status":"publish","type":"product","link":"https:\/\/vmsport.fi\/sv\/verkkokauppa\/tarvikkeet\/huolto-ja-pesu\/puhdistusaineet\/muc-off-bio-degreaser\/","title":{"rendered":"MUC-OFF Bio Avfettningsmedel"},"content":{"rendered":"<p>MUC-OFF Bio Degreaser \u00e4r ett milj\u00f6v\u00e4nligt reng\u00f6ringsmedel som ing\u00e5r i Project Green-initiativet, eftersom dess biologiskt nedbrytbara sammans\u00e4ttning s\u00e4kerst\u00e4ller ett litet ekologiskt fotavtryck. Den vattenl\u00f6sliga sammans\u00e4ttningen m\u00f6jligg\u00f6r enkel sk\u00f6ljning och l\u00e5ga kemiska resthalter, vilket g\u00f6r att den inte f\u00f6rorenar milj\u00f6n. Utvecklad f\u00f6r att effektivt avl\u00e4gsna envis fett, olja och smuts och \u00e4r idealisk f\u00f6r behandling av vattent\u00e4tt fett och motors\u00e5gsrester. Den kan anv\u00e4ndas p\u00e5 m\u00e5nga olika ytor och delar, t.ex. metall, plast och gummi, och \u00e4r s\u00e4rskilt effektiv f\u00f6r reng\u00f6ring av kedjor, kugghjul och hjuldelar. Skaka burken f\u00f6re anv\u00e4ndning f\u00f6r att aktivera formulan och applicera sedan p\u00e5 \u00f6nskat omr\u00e5de. F\u00f6r b\u00e4sta resultat, l\u00e5t verka i ca fem minuter och anv\u00e4nd en borste eller trasa f\u00f6r att avl\u00e4gsna fastkl\u00e4md smuts. Sk\u00f6lj sedan med rent vatten och torka bort eventuella rester.<\/p>","protected":false},"excerpt":{"rendered":"<p>MUC-OFF Bio Degreaser on ymp\u00e4rist\u00f6yst\u00e4v\u00e4llinen puhdistusaine, joka kuuluu Project Green -aloitteeseen, sill\u00e4 sen biohajoava koostumus takaa pienen ekologisen jalanj\u00e4ljen. Vesiliukoinen koostumus mahdollistaa helpon huuhtelun ja v\u00e4h\u00e4iset kemialliset j\u00e4\u00e4m\u00e4t, joten se ei kuormita luontoa. Kehitetty tehokkaasti poistamaan itsepintainen rasva, \u00f6ljy ja lika, se sopii erinomaisesti vedenpit\u00e4vien rasvojen ja ketjuvahan j\u00e4\u00e4nn\u00f6sten k\u00e4sittelyyn. Sopii k\u00e4ytett\u00e4v\u00e4ksi monilla pinnoilla ja [&#8230;]<\/p>\n<p><a class=\"btn btn-secondary understrap-read-more-link\" href=\"https:\/\/vmsport.fi\/sv\/verkkokauppa\/tarvikkeet\/huolto-ja-pesu\/puhdistusaineet\/muc-off-bio-degreaser\/\">L\u00e4s mer \u2026<span class=\"screen-reader-text\"> from MUC-OFF Bio Degreaser<\/span><\/a><\/p>\n","protected":false},"featured_media":56875,"comment_status":"open","ping_status":"closed","template":"","meta":{"_acf_changed":false,"_improvement_type_select":"improve_an_existing","_thumb_yes_seoaic":false,"_frame_yes_seoaic":false,"seoaic_generate_description":"","seoaic_improve_instructions_prompt":"","seoaic_rollback_content_improvement":"","seoaic_idea_thumbnail_generator":"","thumbnail_generated":false,"thumbnail_generate_prompt":"","seoaic_article_description":"","_supplier_stock_quantity":0},"product_brand":[1584],"product_model":[],"product_cat":[9358],"product_tag":[],"industry-terminology":[],"class_list":{"0":"post-56876","1":"product","2":"type-product","3":"status-publish","4":"has-post-thumbnail","6":"product_brand-muc-off","7":"product_cat-puhdistusaineet","9":"first","10":"instock","11":"taxable","12":"shipping-taxable","13":"purchasable","14":"product-type-simple"},"acf":{"bike_features":null,"overview":{"copy_overview":null,"key_features":null,"statement":"","youtube_url":""}},"yoast_head":"<!-- This site is optimized with the Yoast SEO plugin v27.4 - https:\/\/yoast.com\/product\/yoast-seo-wordpress\/ -->\n<title>MUC-OFF Bio Degreaser - VM Sport<\/title>\n<meta name=\"robots\" content=\"index, follow, max-snippet:-1, max-image-preview:large, max-video-preview:-1\" \/>\n<link rel=\"canonical\" href=\"https:\/\/vmsport.fi\/sv\/webbutik\/tillbehor\/underhall-och-tvatt\/rengoringsprodukter\/muc-off-bio-avfettningsmedel\/\" \/>\n<meta property=\"og:locale\" content=\"sv_SE\" \/>\n<meta property=\"og:type\" content=\"article\" \/>\n<meta property=\"og:title\" content=\"MUC-OFF Bio Degreaser - VM Sport\" \/>\n<meta property=\"og:description\" content=\"MUC-OFF Bio Degreaser on ymp\u00e4rist\u00f6yst\u00e4v\u00e4llinen puhdistusaine, joka kuuluu Project Green -aloitteeseen, sill\u00e4 sen biohajoava koostumus takaa pienen ekologisen jalanj\u00e4ljen. Vesiliukoinen koostumus mahdollistaa helpon huuhtelun ja v\u00e4h\u00e4iset kemialliset j\u00e4\u00e4m\u00e4t, joten se ei kuormita luontoa. Kehitetty tehokkaasti poistamaan itsepintainen rasva, \u00f6ljy ja lika, se sopii erinomaisesti vedenpit\u00e4vien rasvojen ja ketjuvahan j\u00e4\u00e4nn\u00f6sten k\u00e4sittelyyn. Sopii k\u00e4ytett\u00e4v\u00e4ksi monilla pinnoilla ja [...]L\u00e4s mer \u2026 from MUC-OFF Bio Degreaser\" \/>\n<meta property=\"og:url\" content=\"https:\/\/vmsport.fi\/sv\/webbutik\/tillbehor\/underhall-och-tvatt\/rengoringsprodukter\/muc-off-bio-avfettningsmedel\/\" \/>\n<meta property=\"og:site_name\" content=\"VM Sport\" \/>\n<meta property=\"article:publisher\" content=\"https:\/\/www.facebook.com\/Vmsport.fi\/\" \/>\n<meta property=\"article:modified_time\" content=\"2026-04-22T12:05:58+00:00\" \/>\n<meta property=\"og:image\" content=\"https:\/\/vmsport.fi\/wp-content\/uploads\/2025\/03\/YhGcvm1UVDuwLdKxfpOFp0a9YlXz9uwdMXUEx5JFbJ4Hd3Jsfi-1.jpg\" \/>\n\t<meta property=\"og:image:width\" content=\"174\" \/>\n\t<meta property=\"og:image:height\" content=\"600\" \/>\n\t<meta property=\"og:image:type\" content=\"image\/jpeg\" \/>\n<meta name=\"twitter:card\" content=\"summary_large_image\" \/>\n<meta name=\"twitter:label1\" content=\"Ber\u00e4knad l\u00e4stid\" \/>\n\t<meta name=\"twitter:data1\" content=\"1 minut\" \/>\n<script type=\"application\/ld+json\" class=\"yoast-schema-graph\">{\"@context\":\"https:\\\/\\\/schema.org\",\"@graph\":[{\"@type\":[\"WebPage\",\"ItemPage\"],\"@id\":\"https:\\\/\\\/vmsport.fi\\\/verkkokauppa\\\/tarvikkeet\\\/huolto-ja-pesu\\\/puhdistusaineet\\\/muc-off-bio-degreaser\\\/\",\"url\":\"https:\\\/\\\/vmsport.fi\\\/verkkokauppa\\\/tarvikkeet\\\/huolto-ja-pesu\\\/puhdistusaineet\\\/muc-off-bio-degreaser\\\/\",\"name\":\"MUC-OFF Bio Degreaser - VM Sport\",\"isPartOf\":{\"@id\":\"https:\\\/\\\/vmsport.fi\\\/#website\"},\"primaryImageOfPage\":{\"@id\":\"https:\\\/\\\/vmsport.fi\\\/verkkokauppa\\\/tarvikkeet\\\/huolto-ja-pesu\\\/puhdistusaineet\\\/muc-off-bio-degreaser\\\/#primaryimage\"},\"image\":{\"@id\":\"https:\\\/\\\/vmsport.fi\\\/verkkokauppa\\\/tarvikkeet\\\/huolto-ja-pesu\\\/puhdistusaineet\\\/muc-off-bio-degreaser\\\/#primaryimage\"},\"thumbnailUrl\":\"https:\\\/\\\/vmsport.fi\\\/wp-content\\\/uploads\\\/2025\\\/03\\\/YhGcvm1UVDuwLdKxfpOFp0a9YlXz9uwdMXUEx5JFbJ4Hd3Jsfi-1.jpg\",\"datePublished\":\"2025-03-05T22:25:01+00:00\",\"dateModified\":\"2026-04-22T12:05:58+00:00\",\"breadcrumb\":{\"@id\":\"https:\\\/\\\/vmsport.fi\\\/verkkokauppa\\\/tarvikkeet\\\/huolto-ja-pesu\\\/puhdistusaineet\\\/muc-off-bio-degreaser\\\/#breadcrumb\"},\"inLanguage\":\"sv-SE\",\"potentialAction\":[{\"@type\":\"ReadAction\",\"target\":[\"https:\\\/\\\/vmsport.fi\\\/verkkokauppa\\\/tarvikkeet\\\/huolto-ja-pesu\\\/puhdistusaineet\\\/muc-off-bio-degreaser\\\/\"]}]},{\"@type\":\"ImageObject\",\"inLanguage\":\"sv-SE\",\"@id\":\"https:\\\/\\\/vmsport.fi\\\/verkkokauppa\\\/tarvikkeet\\\/huolto-ja-pesu\\\/puhdistusaineet\\\/muc-off-bio-degreaser\\\/#primaryimage\",\"url\":\"https:\\\/\\\/vmsport.fi\\\/wp-content\\\/uploads\\\/2025\\\/03\\\/YhGcvm1UVDuwLdKxfpOFp0a9YlXz9uwdMXUEx5JFbJ4Hd3Jsfi-1.jpg\",\"contentUrl\":\"https:\\\/\\\/vmsport.fi\\\/wp-content\\\/uploads\\\/2025\\\/03\\\/YhGcvm1UVDuwLdKxfpOFp0a9YlXz9uwdMXUEx5JFbJ4Hd3Jsfi-1.jpg\",\"width\":174,\"height\":600,\"caption\":\"YhGcvm1UVDuwLdKxfpOFp0a9YlXz9uwdMXUEx5JFbJ4Hd3Jsfi\"},{\"@type\":\"BreadcrumbList\",\"@id\":\"https:\\\/\\\/vmsport.fi\\\/verkkokauppa\\\/tarvikkeet\\\/huolto-ja-pesu\\\/puhdistusaineet\\\/muc-off-bio-degreaser\\\/#breadcrumb\",\"itemListElement\":[{\"@type\":\"ListItem\",\"position\":1,\"name\":\"Etusivu\",\"item\":\"https:\\\/\\\/vmsport.fi\\\/\"},{\"@type\":\"ListItem\",\"position\":2,\"name\":\"Online Store\",\"item\":\"https:\\\/\\\/vmsport.fi\\\/en\\\/online-store\\\/\"},{\"@type\":\"ListItem\",\"position\":3,\"name\":\"MUC-OFF Bio Degreaser\"}]},{\"@type\":\"WebSite\",\"@id\":\"https:\\\/\\\/vmsport.fi\\\/#website\",\"url\":\"https:\\\/\\\/vmsport.fi\\\/\",\"name\":\"Vmsport\",\"description\":\"Kaikki py\u00f6r\u00e4ilyyn yhdest\u00e4 paikasta\",\"publisher\":{\"@id\":\"https:\\\/\\\/vmsport.fi\\\/#organization\"},\"potentialAction\":[{\"@type\":\"SearchAction\",\"target\":{\"@type\":\"EntryPoint\",\"urlTemplate\":\"https:\\\/\\\/vmsport.fi\\\/?s={search_term_string}\"},\"query-input\":{\"@type\":\"PropertyValueSpecification\",\"valueRequired\":true,\"valueName\":\"search_term_string\"}}],\"inLanguage\":\"sv-SE\"},{\"@type\":\"Organization\",\"@id\":\"https:\\\/\\\/vmsport.fi\\\/#organization\",\"name\":\"Vmsport\",\"url\":\"https:\\\/\\\/vmsport.fi\\\/\",\"logo\":{\"@type\":\"ImageObject\",\"inLanguage\":\"sv-SE\",\"@id\":\"https:\\\/\\\/vmsport.fi\\\/#\\\/schema\\\/logo\\\/image\\\/\",\"url\":\"https:\\\/\\\/vmsport.fi\\\/wp-content\\\/uploads\\\/2024\\\/12\\\/vm_sport_RGB_horisontal-e1734526017575.png\",\"contentUrl\":\"https:\\\/\\\/vmsport.fi\\\/wp-content\\\/uploads\\\/2024\\\/12\\\/vm_sport_RGB_horisontal-e1734526017575.png\",\"width\":668,\"height\":85,\"caption\":\"Vmsport\"},\"image\":{\"@id\":\"https:\\\/\\\/vmsport.fi\\\/#\\\/schema\\\/logo\\\/image\\\/\"},\"sameAs\":[\"https:\\\/\\\/www.facebook.com\\\/Vmsport.fi\\\/\",\"https:\\\/\\\/www.instagram.com\\\/vmsport\\\/\"]}]}<\/script>\n<!-- \/ Yoast SEO plugin. -->","yoast_head_json":{"title":"MUC-OFF Bio Avfettningsmedel - VM Sport","robots":{"index":"index","follow":"follow","max-snippet":"max-snippet:-1","max-image-preview":"max-image-preview:large","max-video-preview":"max-video-preview:-1"},"canonical":"https:\/\/vmsport.fi\/sv\/webbutik\/tillbehor\/underhall-och-tvatt\/rengoringsprodukter\/muc-off-bio-avfettningsmedel\/","og_locale":"sv_SE","og_type":"article","og_title":"MUC-OFF Bio Degreaser - VM Sport","og_description":"MUC-OFF Bio Degreaser on ymp\u00e4rist\u00f6yst\u00e4v\u00e4llinen puhdistusaine, joka kuuluu Project Green -aloitteeseen, sill\u00e4 sen biohajoava koostumus takaa pienen ekologisen jalanj\u00e4ljen. Vesiliukoinen koostumus mahdollistaa helpon huuhtelun ja v\u00e4h\u00e4iset kemialliset j\u00e4\u00e4m\u00e4t, joten se ei kuormita luontoa. Kehitetty tehokkaasti poistamaan itsepintainen rasva, \u00f6ljy ja lika, se sopii erinomaisesti vedenpit\u00e4vien rasvojen ja ketjuvahan j\u00e4\u00e4nn\u00f6sten k\u00e4sittelyyn. Sopii k\u00e4ytett\u00e4v\u00e4ksi monilla pinnoilla ja [...]L\u00e4s mer \u2026 from MUC-OFF Bio Degreaser","og_url":"https:\/\/vmsport.fi\/sv\/webbutik\/tillbehor\/underhall-och-tvatt\/rengoringsprodukter\/muc-off-bio-avfettningsmedel\/","og_site_name":"VM Sport","article_publisher":"https:\/\/www.facebook.com\/Vmsport.fi\/","article_modified_time":"2026-04-22T12:05:58+00:00","og_image":[{"width":174,"height":600,"url":"https:\/\/vmsport.fi\/wp-content\/uploads\/2025\/03\/YhGcvm1UVDuwLdKxfpOFp0a9YlXz9uwdMXUEx5JFbJ4Hd3Jsfi-1.jpg","type":"image\/jpeg"}],"twitter_card":"summary_large_image","twitter_misc":{"Ber\u00e4knad l\u00e4stid":"1 minut"},"schema":{"@context":"https:\/\/schema.org","@graph":[{"@type":["WebPage","ItemPage"],"@id":"https:\/\/vmsport.fi\/verkkokauppa\/tarvikkeet\/huolto-ja-pesu\/puhdistusaineet\/muc-off-bio-degreaser\/","url":"https:\/\/vmsport.fi\/verkkokauppa\/tarvikkeet\/huolto-ja-pesu\/puhdistusaineet\/muc-off-bio-degreaser\/","name":"MUC-OFF Bio Avfettningsmedel - VM Sport","isPartOf":{"@id":"https:\/\/vmsport.fi\/#website"},"primaryImageOfPage":{"@id":"https:\/\/vmsport.fi\/verkkokauppa\/tarvikkeet\/huolto-ja-pesu\/puhdistusaineet\/muc-off-bio-degreaser\/#primaryimage"},"image":{"@id":"https:\/\/vmsport.fi\/verkkokauppa\/tarvikkeet\/huolto-ja-pesu\/puhdistusaineet\/muc-off-bio-degreaser\/#primaryimage"},"thumbnailUrl":"https:\/\/vmsport.fi\/wp-content\/uploads\/2025\/03\/YhGcvm1UVDuwLdKxfpOFp0a9YlXz9uwdMXUEx5JFbJ4Hd3Jsfi-1.jpg","datePublished":"2025-03-05T22:25:01+00:00","dateModified":"2026-04-22T12:05:58+00:00","breadcrumb":{"@id":"https:\/\/vmsport.fi\/verkkokauppa\/tarvikkeet\/huolto-ja-pesu\/puhdistusaineet\/muc-off-bio-degreaser\/#breadcrumb"},"inLanguage":"sv-SE","potentialAction":[{"@type":"ReadAction","target":["https:\/\/vmsport.fi\/verkkokauppa\/tarvikkeet\/huolto-ja-pesu\/puhdistusaineet\/muc-off-bio-degreaser\/"]}]},{"@type":"ImageObject","inLanguage":"sv-SE","@id":"https:\/\/vmsport.fi\/verkkokauppa\/tarvikkeet\/huolto-ja-pesu\/puhdistusaineet\/muc-off-bio-degreaser\/#primaryimage","url":"https:\/\/vmsport.fi\/wp-content\/uploads\/2025\/03\/YhGcvm1UVDuwLdKxfpOFp0a9YlXz9uwdMXUEx5JFbJ4Hd3Jsfi-1.jpg","contentUrl":"https:\/\/vmsport.fi\/wp-content\/uploads\/2025\/03\/YhGcvm1UVDuwLdKxfpOFp0a9YlXz9uwdMXUEx5JFbJ4Hd3Jsfi-1.jpg","width":174,"height":600,"caption":"YhGcvm1UVDuwLdKxfpOFp0a9YlXz9uwdMXUEx5JFbJ4Hd3Jsfi"},{"@type":"BreadcrumbList","@id":"https:\/\/vmsport.fi\/verkkokauppa\/tarvikkeet\/huolto-ja-pesu\/puhdistusaineet\/muc-off-bio-degreaser\/#breadcrumb","itemListElement":[{"@type":"ListItem","position":1,"name":"Etusivu","item":"https:\/\/vmsport.fi\/"},{"@type":"ListItem","position":2,"name":"Online Store","item":"https:\/\/vmsport.fi\/en\/online-store\/"},{"@type":"ListItem","position":3,"name":"MUC-OFF Bio Degreaser"}]},{"@type":"WebSite","@id":"https:\/\/vmsport.fi\/#website","url":"https:\/\/vmsport.fi\/","name":"Vmsport","description":"Allt p\u00e5 ett st\u00e4lle f\u00f6r cykling","publisher":{"@id":"https:\/\/vmsport.fi\/#organization"},"potentialAction":[{"@type":"SearchAction","target":{"@type":"EntryPoint","urlTemplate":"https:\/\/vmsport.fi\/?s={search_term_string}"},"query-input":{"@type":"PropertyValueSpecification","valueRequired":true,"valueName":"search_term_string"}}],"inLanguage":"sv-SE"},{"@type":"Organization","@id":"https:\/\/vmsport.fi\/#organization","name":"Vmsport","url":"https:\/\/vmsport.fi\/","logo":{"@type":"ImageObject","inLanguage":"sv-SE","@id":"https:\/\/vmsport.fi\/#\/schema\/logo\/image\/","url":"https:\/\/vmsport.fi\/wp-content\/uploads\/2024\/12\/vm_sport_RGB_horisontal-e1734526017575.png","contentUrl":"https:\/\/vmsport.fi\/wp-content\/uploads\/2024\/12\/vm_sport_RGB_horisontal-e1734526017575.png","width":668,"height":85,"caption":"Vmsport"},"image":{"@id":"https:\/\/vmsport.fi\/#\/schema\/logo\/image\/"},"sameAs":["https:\/\/www.facebook.com\/Vmsport.fi\/","https:\/\/www.instagram.com\/vmsport\/"]}]}},"global_unique_id":"","_links":{"self":[{"href":"https:\/\/vmsport.fi\/sv\/wp-json\/wp\/v2\/product\/56876","targetHints":{"allow":["GET"]}}],"collection":[{"href":"https:\/\/vmsport.fi\/sv\/wp-json\/wp\/v2\/product"}],"about":[{"href":"https:\/\/vmsport.fi\/sv\/wp-json\/wp\/v2\/types\/product"}],"replies":[{"embeddable":true,"href":"https:\/\/vmsport.fi\/sv\/wp-json\/wp\/v2\/comments?post=56876"}],"wp:featuredmedia":[{"embeddable":true,"href":"https:\/\/vmsport.fi\/sv\/wp-json\/wp\/v2\/media\/56875"}],"wp:attachment":[{"href":"https:\/\/vmsport.fi\/sv\/wp-json\/wp\/v2\/media?parent=56876"}],"wp:term":[{"taxonomy":"product_brand","embeddable":true,"href":"https:\/\/vmsport.fi\/sv\/wp-json\/wp\/v2\/product_brand?post=56876"},{"taxonomy":"product_model","embeddable":true,"href":"https:\/\/vmsport.fi\/sv\/wp-json\/wp\/v2\/product_model?post=56876"},{"taxonomy":"product_cat","embeddable":true,"href":"https:\/\/vmsport.fi\/sv\/wp-json\/wp\/v2\/product_cat?post=56876"},{"taxonomy":"product_tag","embeddable":true,"href":"https:\/\/vmsport.fi\/sv\/wp-json\/wp\/v2\/product_tag?post=56876"},{"taxonomy":"industry_terminology","embeddable":true,"href":"https:\/\/vmsport.fi\/sv\/wp-json\/wp\/v2\/industry-terminology?post=56876"}],"curies":[{"name":"wp","href":"https:\/\/api.w.org\/{rel}","templated":true}]}}