{"id":56874,"date":"2025-03-06T00:25:00","date_gmt":"2025-03-05T22:25:00","guid":{"rendered":"https:\/\/vmsport.fi\/verkkokauppa\/Ei-luokiteltu\/ulkorengas-28-continental-ride-tour-42-622-musta\/"},"modified":"2026-04-22T15:05:26","modified_gmt":"2026-04-22T12:05:26","slug":"ulkorengas-28-continental-ride-tour-42-622-musta","status":"publish","type":"product","link":"https:\/\/vmsport.fi\/sv\/verkkokauppa\/renkaat\/ulkorenkaat\/kaupunki-ja-hybridirenkaat\/ulkorengas-28-continental-ride-tour-42-622-musta\/","title":{"rendered":"Ytterd\u00e4ck 28\u2033 CONTINENTAL Ride Tour 42-622, svart"},"content":{"rendered":"<p>Continental Ride Tour 28&#8243; ulkorengas (42-622) mustassa v\u00e4riss\u00e4 yhdist\u00e4\u00e4 kest\u00e4vyyden ja pitk\u00e4n k\u00e4ytt\u00f6i\u00e4n, mik\u00e4 tekee siit\u00e4 loistavan valinnan sek\u00e4 kaupunkiajoon ett\u00e4 retkipy\u00f6r\u00e4ilyyn. Renkaan monipuolinen pintakuvio takaa hyv\u00e4n pidon erilaisilla tienpinnoilla. Erityinen pistosuojatekniikka, johon kuuluu kumilla vahvistetut sivusein\u00e4m\u00e4t, ehk\u00e4isee tehokkaasti puhkeamisia ja kulumista. Kest\u00e4v\u00e4 kumiseos varmistaa luotettavan suorituskyvyn jokap\u00e4iv\u00e4isess\u00e4 ajossa. Yli sadan vuoden kokemukseen perustuva ECO-teknologia tekee t\u00e4st\u00e4 renkaasta erityisen sopivan s\u00e4hk\u00f6py\u00f6rille, jotka tukevat nopeuksia jopa 25 km\/h. Rengas tarjoaa alhaisen vierint\u00e4vastuksen ja erinomaisen pistosuojan, mik\u00e4 tekee siit\u00e4 monik\u00e4ytt\u00f6isen valinnan eri py\u00f6r\u00e4malleihin. Optimoitu erityisesti s\u00e4hk\u00f6py\u00f6r\u00e4k\u00e4ytt\u00f6\u00f6n, t\u00e4m\u00e4 rengas varmistaa turvallisen ajon jopa 25 km\/h nopeuksilla.<\/p>","protected":false},"excerpt":{"rendered":"<p>Continental Ride Tour 28&#8243; ulkorengas (42-622) mustassa v\u00e4riss\u00e4 yhdist\u00e4\u00e4 kest\u00e4vyyden ja pitk\u00e4n k\u00e4ytt\u00f6i\u00e4n, mik\u00e4 tekee siit\u00e4 loistavan valinnan sek\u00e4 kaupunkiajoon ett\u00e4 retkipy\u00f6r\u00e4ilyyn. Renkaan monipuolinen pintakuvio takaa hyv\u00e4n pidon erilaisilla tienpinnoilla. Erityinen pistosuojatekniikka, johon kuuluu kumilla vahvistetut sivusein\u00e4m\u00e4t, ehk\u00e4isee tehokkaasti puhkeamisia ja kulumista. Kest\u00e4v\u00e4 kumiseos varmistaa luotettavan suorituskyvyn jokap\u00e4iv\u00e4isess\u00e4 ajossa. Yli sadan vuoden kokemukseen perustuva ECO-teknologia [&#8230;]<\/p>\n<p><a class=\"btn btn-secondary understrap-read-more-link\" href=\"https:\/\/vmsport.fi\/sv\/verkkokauppa\/renkaat\/ulkorenkaat\/kaupunki-ja-hybridirenkaat\/ulkorengas-28-continental-ride-tour-42-622-musta\/\">L\u00e4s mer \u2026<span class=\"screen-reader-text\"> from Ulkorengas 28&#8243; CONTINENTAL Ride Tour 42-622, musta<\/span><\/a><\/p>\n","protected":false},"featured_media":56873,"comment_status":"open","ping_status":"closed","template":"","meta":{"_acf_changed":false,"_improvement_type_select":"improve_an_existing","_thumb_yes_seoaic":false,"_frame_yes_seoaic":false,"seoaic_generate_description":"","seoaic_improve_instructions_prompt":"","seoaic_rollback_content_improvement":"","seoaic_idea_thumbnail_generator":"","thumbnail_generated":false,"thumbnail_generate_prompt":"","seoaic_article_description":"","_supplier_stock_quantity":0},"product_brand":[1585],"product_model":[],"product_cat":[9318],"product_tag":[],"industry-terminology":[],"class_list":{"0":"post-56874","1":"product","2":"type-product","3":"status-publish","4":"has-post-thumbnail","6":"product_brand-continental","7":"product_cat-kaupunki-ja-hybridirenkaat","9":"first","10":"instock","11":"taxable","12":"shipping-taxable","13":"purchasable","14":"product-type-simple"},"acf":{"bike_features":null,"overview":{"copy_overview":null,"key_features":null,"statement":"","youtube_url":""}},"yoast_head":"<!-- This site is optimized with the Yoast SEO plugin v27.4 - https:\/\/yoast.com\/product\/yoast-seo-wordpress\/ -->\n<title>Ulkorengas 28&quot; CONTINENTAL Ride Tour 42-622, musta - VM Sport<\/title>\n<meta name=\"robots\" content=\"index, follow, max-snippet:-1, max-image-preview:large, max-video-preview:-1\" \/>\n<link rel=\"canonical\" href=\"https:\/\/vmsport.fi\/sv\/webbutik\/dack\/dack-for-utomhusbruk\/stads-och-hybriddack\/ulkorengas-28-continental-ride-tour-42-622-musta\/\" \/>\n<meta property=\"og:locale\" content=\"sv_SE\" \/>\n<meta property=\"og:type\" content=\"article\" \/>\n<meta property=\"og:title\" content=\"Ulkorengas 28&quot; CONTINENTAL Ride Tour 42-622, musta - VM Sport\" \/>\n<meta property=\"og:description\" content=\"Continental Ride Tour 28&#8243; ulkorengas (42-622) mustassa v\u00e4riss\u00e4 yhdist\u00e4\u00e4 kest\u00e4vyyden ja pitk\u00e4n k\u00e4ytt\u00f6i\u00e4n, mik\u00e4 tekee siit\u00e4 loistavan valinnan sek\u00e4 kaupunkiajoon ett\u00e4 retkipy\u00f6r\u00e4ilyyn. Renkaan monipuolinen pintakuvio takaa hyv\u00e4n pidon erilaisilla tienpinnoilla. Erityinen pistosuojatekniikka, johon kuuluu kumilla vahvistetut sivusein\u00e4m\u00e4t, ehk\u00e4isee tehokkaasti puhkeamisia ja kulumista. Kest\u00e4v\u00e4 kumiseos varmistaa luotettavan suorituskyvyn jokap\u00e4iv\u00e4isess\u00e4 ajossa. Yli sadan vuoden kokemukseen perustuva ECO-teknologia [...]L\u00e4s mer \u2026 from Ulkorengas 28&#8243; CONTINENTAL Ride Tour 42-622, musta\" \/>\n<meta property=\"og:url\" content=\"https:\/\/vmsport.fi\/sv\/webbutik\/dack\/dack-for-utomhusbruk\/stads-och-hybriddack\/ulkorengas-28-continental-ride-tour-42-622-musta\/\" \/>\n<meta property=\"og:site_name\" content=\"VM Sport\" \/>\n<meta property=\"article:publisher\" content=\"https:\/\/www.facebook.com\/Vmsport.fi\/\" \/>\n<meta property=\"article:modified_time\" content=\"2026-04-22T12:05:26+00:00\" \/>\n<meta property=\"og:image\" content=\"https:\/\/vmsport.fi\/wp-content\/uploads\/2025\/03\/ride-tour-1.jpg\" \/>\n\t<meta property=\"og:image:width\" content=\"75\" \/>\n\t<meta property=\"og:image:height\" content=\"75\" \/>\n\t<meta property=\"og:image:type\" content=\"image\/jpeg\" \/>\n<meta name=\"twitter:card\" content=\"summary_large_image\" \/>\n<meta name=\"twitter:label1\" content=\"Ber\u00e4knad l\u00e4stid\" \/>\n\t<meta name=\"twitter:data1\" content=\"1 minut\" \/>\n<script type=\"application\/ld+json\" class=\"yoast-schema-graph\">{\"@context\":\"https:\\\/\\\/schema.org\",\"@graph\":[{\"@type\":[\"WebPage\",\"ItemPage\"],\"@id\":\"https:\\\/\\\/vmsport.fi\\\/verkkokauppa\\\/renkaat\\\/ulkorenkaat\\\/kaupunki-ja-hybridirenkaat\\\/ulkorengas-28-continental-ride-tour-42-622-musta\\\/\",\"url\":\"https:\\\/\\\/vmsport.fi\\\/verkkokauppa\\\/renkaat\\\/ulkorenkaat\\\/kaupunki-ja-hybridirenkaat\\\/ulkorengas-28-continental-ride-tour-42-622-musta\\\/\",\"name\":\"Ulkorengas 28\\\" CONTINENTAL Ride Tour 42-622, musta - VM Sport\",\"isPartOf\":{\"@id\":\"https:\\\/\\\/vmsport.fi\\\/#website\"},\"primaryImageOfPage\":{\"@id\":\"https:\\\/\\\/vmsport.fi\\\/verkkokauppa\\\/renkaat\\\/ulkorenkaat\\\/kaupunki-ja-hybridirenkaat\\\/ulkorengas-28-continental-ride-tour-42-622-musta\\\/#primaryimage\"},\"image\":{\"@id\":\"https:\\\/\\\/vmsport.fi\\\/verkkokauppa\\\/renkaat\\\/ulkorenkaat\\\/kaupunki-ja-hybridirenkaat\\\/ulkorengas-28-continental-ride-tour-42-622-musta\\\/#primaryimage\"},\"thumbnailUrl\":\"https:\\\/\\\/vmsport.fi\\\/wp-content\\\/uploads\\\/2025\\\/03\\\/ride-tour-1.jpg\",\"datePublished\":\"2025-03-05T22:25:00+00:00\",\"dateModified\":\"2026-04-22T12:05:26+00:00\",\"breadcrumb\":{\"@id\":\"https:\\\/\\\/vmsport.fi\\\/verkkokauppa\\\/renkaat\\\/ulkorenkaat\\\/kaupunki-ja-hybridirenkaat\\\/ulkorengas-28-continental-ride-tour-42-622-musta\\\/#breadcrumb\"},\"inLanguage\":\"sv-SE\",\"potentialAction\":[{\"@type\":\"ReadAction\",\"target\":[\"https:\\\/\\\/vmsport.fi\\\/verkkokauppa\\\/renkaat\\\/ulkorenkaat\\\/kaupunki-ja-hybridirenkaat\\\/ulkorengas-28-continental-ride-tour-42-622-musta\\\/\"]}]},{\"@type\":\"ImageObject\",\"inLanguage\":\"sv-SE\",\"@id\":\"https:\\\/\\\/vmsport.fi\\\/verkkokauppa\\\/renkaat\\\/ulkorenkaat\\\/kaupunki-ja-hybridirenkaat\\\/ulkorengas-28-continental-ride-tour-42-622-musta\\\/#primaryimage\",\"url\":\"https:\\\/\\\/vmsport.fi\\\/wp-content\\\/uploads\\\/2025\\\/03\\\/ride-tour-1.jpg\",\"contentUrl\":\"https:\\\/\\\/vmsport.fi\\\/wp-content\\\/uploads\\\/2025\\\/03\\\/ride-tour-1.jpg\",\"width\":75,\"height\":75,\"caption\":\"ride-tour\"},{\"@type\":\"BreadcrumbList\",\"@id\":\"https:\\\/\\\/vmsport.fi\\\/verkkokauppa\\\/renkaat\\\/ulkorenkaat\\\/kaupunki-ja-hybridirenkaat\\\/ulkorengas-28-continental-ride-tour-42-622-musta\\\/#breadcrumb\",\"itemListElement\":[{\"@type\":\"ListItem\",\"position\":1,\"name\":\"Etusivu\",\"item\":\"https:\\\/\\\/vmsport.fi\\\/\"},{\"@type\":\"ListItem\",\"position\":2,\"name\":\"Online Store\",\"item\":\"https:\\\/\\\/vmsport.fi\\\/en\\\/online-store\\\/\"},{\"@type\":\"ListItem\",\"position\":3,\"name\":\"Continental\",\"item\":\"https:\\\/\\\/vmsport.fi\\\/merkki\\\/continental\\\/\"},{\"@type\":\"ListItem\",\"position\":4,\"name\":\"Ulkorengas 28&#8243; CONTINENTAL Ride Tour 42-622, musta\"}]},{\"@type\":\"WebSite\",\"@id\":\"https:\\\/\\\/vmsport.fi\\\/#website\",\"url\":\"https:\\\/\\\/vmsport.fi\\\/\",\"name\":\"Vmsport\",\"description\":\"Kaikki py\u00f6r\u00e4ilyyn yhdest\u00e4 paikasta\",\"publisher\":{\"@id\":\"https:\\\/\\\/vmsport.fi\\\/#organization\"},\"potentialAction\":[{\"@type\":\"SearchAction\",\"target\":{\"@type\":\"EntryPoint\",\"urlTemplate\":\"https:\\\/\\\/vmsport.fi\\\/?s={search_term_string}\"},\"query-input\":{\"@type\":\"PropertyValueSpecification\",\"valueRequired\":true,\"valueName\":\"search_term_string\"}}],\"inLanguage\":\"sv-SE\"},{\"@type\":\"Organization\",\"@id\":\"https:\\\/\\\/vmsport.fi\\\/#organization\",\"name\":\"Vmsport\",\"url\":\"https:\\\/\\\/vmsport.fi\\\/\",\"logo\":{\"@type\":\"ImageObject\",\"inLanguage\":\"sv-SE\",\"@id\":\"https:\\\/\\\/vmsport.fi\\\/#\\\/schema\\\/logo\\\/image\\\/\",\"url\":\"https:\\\/\\\/vmsport.fi\\\/wp-content\\\/uploads\\\/2024\\\/12\\\/vm_sport_RGB_horisontal-e1734526017575.png\",\"contentUrl\":\"https:\\\/\\\/vmsport.fi\\\/wp-content\\\/uploads\\\/2024\\\/12\\\/vm_sport_RGB_horisontal-e1734526017575.png\",\"width\":668,\"height\":85,\"caption\":\"Vmsport\"},\"image\":{\"@id\":\"https:\\\/\\\/vmsport.fi\\\/#\\\/schema\\\/logo\\\/image\\\/\"},\"sameAs\":[\"https:\\\/\\\/www.facebook.com\\\/Vmsport.fi\\\/\",\"https:\\\/\\\/www.instagram.com\\\/vmsport\\\/\"]}]}<\/script>\n<!-- \/ Yoast SEO plugin. -->","yoast_head_json":{"title":"Ulkorengas 28\" CONTINENTAL Ride Tour 42-622, musta - VM Sport","robots":{"index":"index","follow":"follow","max-snippet":"max-snippet:-1","max-image-preview":"max-image-preview:large","max-video-preview":"max-video-preview:-1"},"canonical":"https:\/\/vmsport.fi\/sv\/webbutik\/dack\/dack-for-utomhusbruk\/stads-och-hybriddack\/ulkorengas-28-continental-ride-tour-42-622-musta\/","og_locale":"sv_SE","og_type":"article","og_title":"Ulkorengas 28\" CONTINENTAL Ride Tour 42-622, musta - VM Sport","og_description":"Continental Ride Tour 28&#8243; ulkorengas (42-622) mustassa v\u00e4riss\u00e4 yhdist\u00e4\u00e4 kest\u00e4vyyden ja pitk\u00e4n k\u00e4ytt\u00f6i\u00e4n, mik\u00e4 tekee siit\u00e4 loistavan valinnan sek\u00e4 kaupunkiajoon ett\u00e4 retkipy\u00f6r\u00e4ilyyn. Renkaan monipuolinen pintakuvio takaa hyv\u00e4n pidon erilaisilla tienpinnoilla. Erityinen pistosuojatekniikka, johon kuuluu kumilla vahvistetut sivusein\u00e4m\u00e4t, ehk\u00e4isee tehokkaasti puhkeamisia ja kulumista. Kest\u00e4v\u00e4 kumiseos varmistaa luotettavan suorituskyvyn jokap\u00e4iv\u00e4isess\u00e4 ajossa. Yli sadan vuoden kokemukseen perustuva ECO-teknologia [...]L\u00e4s mer \u2026 from Ulkorengas 28&#8243; CONTINENTAL Ride Tour 42-622, musta","og_url":"https:\/\/vmsport.fi\/sv\/webbutik\/dack\/dack-for-utomhusbruk\/stads-och-hybriddack\/ulkorengas-28-continental-ride-tour-42-622-musta\/","og_site_name":"VM Sport","article_publisher":"https:\/\/www.facebook.com\/Vmsport.fi\/","article_modified_time":"2026-04-22T12:05:26+00:00","og_image":[{"width":75,"height":75,"url":"https:\/\/vmsport.fi\/wp-content\/uploads\/2025\/03\/ride-tour-1.jpg","type":"image\/jpeg"}],"twitter_card":"summary_large_image","twitter_misc":{"Ber\u00e4knad l\u00e4stid":"1 minut"},"schema":{"@context":"https:\/\/schema.org","@graph":[{"@type":["WebPage","ItemPage"],"@id":"https:\/\/vmsport.fi\/verkkokauppa\/renkaat\/ulkorenkaat\/kaupunki-ja-hybridirenkaat\/ulkorengas-28-continental-ride-tour-42-622-musta\/","url":"https:\/\/vmsport.fi\/verkkokauppa\/renkaat\/ulkorenkaat\/kaupunki-ja-hybridirenkaat\/ulkorengas-28-continental-ride-tour-42-622-musta\/","name":"Ulkorengas 28\" CONTINENTAL Ride Tour 42-622, musta - VM Sport","isPartOf":{"@id":"https:\/\/vmsport.fi\/#website"},"primaryImageOfPage":{"@id":"https:\/\/vmsport.fi\/verkkokauppa\/renkaat\/ulkorenkaat\/kaupunki-ja-hybridirenkaat\/ulkorengas-28-continental-ride-tour-42-622-musta\/#primaryimage"},"image":{"@id":"https:\/\/vmsport.fi\/verkkokauppa\/renkaat\/ulkorenkaat\/kaupunki-ja-hybridirenkaat\/ulkorengas-28-continental-ride-tour-42-622-musta\/#primaryimage"},"thumbnailUrl":"https:\/\/vmsport.fi\/wp-content\/uploads\/2025\/03\/ride-tour-1.jpg","datePublished":"2025-03-05T22:25:00+00:00","dateModified":"2026-04-22T12:05:26+00:00","breadcrumb":{"@id":"https:\/\/vmsport.fi\/verkkokauppa\/renkaat\/ulkorenkaat\/kaupunki-ja-hybridirenkaat\/ulkorengas-28-continental-ride-tour-42-622-musta\/#breadcrumb"},"inLanguage":"sv-SE","potentialAction":[{"@type":"ReadAction","target":["https:\/\/vmsport.fi\/verkkokauppa\/renkaat\/ulkorenkaat\/kaupunki-ja-hybridirenkaat\/ulkorengas-28-continental-ride-tour-42-622-musta\/"]}]},{"@type":"ImageObject","inLanguage":"sv-SE","@id":"https:\/\/vmsport.fi\/verkkokauppa\/renkaat\/ulkorenkaat\/kaupunki-ja-hybridirenkaat\/ulkorengas-28-continental-ride-tour-42-622-musta\/#primaryimage","url":"https:\/\/vmsport.fi\/wp-content\/uploads\/2025\/03\/ride-tour-1.jpg","contentUrl":"https:\/\/vmsport.fi\/wp-content\/uploads\/2025\/03\/ride-tour-1.jpg","width":75,"height":75,"caption":"ride-tour"},{"@type":"BreadcrumbList","@id":"https:\/\/vmsport.fi\/verkkokauppa\/renkaat\/ulkorenkaat\/kaupunki-ja-hybridirenkaat\/ulkorengas-28-continental-ride-tour-42-622-musta\/#breadcrumb","itemListElement":[{"@type":"ListItem","position":1,"name":"Etusivu","item":"https:\/\/vmsport.fi\/"},{"@type":"ListItem","position":2,"name":"Online Store","item":"https:\/\/vmsport.fi\/en\/online-store\/"},{"@type":"ListItem","position":3,"name":"Continental","item":"https:\/\/vmsport.fi\/merkki\/continental\/"},{"@type":"ListItem","position":4,"name":"Ulkorengas 28&#8243; CONTINENTAL Ride Tour 42-622, musta"}]},{"@type":"WebSite","@id":"https:\/\/vmsport.fi\/#website","url":"https:\/\/vmsport.fi\/","name":"Vmsport","description":"Allt p\u00e5 ett st\u00e4lle f\u00f6r cykling","publisher":{"@id":"https:\/\/vmsport.fi\/#organization"},"potentialAction":[{"@type":"SearchAction","target":{"@type":"EntryPoint","urlTemplate":"https:\/\/vmsport.fi\/?s={search_term_string}"},"query-input":{"@type":"PropertyValueSpecification","valueRequired":true,"valueName":"search_term_string"}}],"inLanguage":"sv-SE"},{"@type":"Organization","@id":"https:\/\/vmsport.fi\/#organization","name":"Vmsport","url":"https:\/\/vmsport.fi\/","logo":{"@type":"ImageObject","inLanguage":"sv-SE","@id":"https:\/\/vmsport.fi\/#\/schema\/logo\/image\/","url":"https:\/\/vmsport.fi\/wp-content\/uploads\/2024\/12\/vm_sport_RGB_horisontal-e1734526017575.png","contentUrl":"https:\/\/vmsport.fi\/wp-content\/uploads\/2024\/12\/vm_sport_RGB_horisontal-e1734526017575.png","width":668,"height":85,"caption":"Vmsport"},"image":{"@id":"https:\/\/vmsport.fi\/#\/schema\/logo\/image\/"},"sameAs":["https:\/\/www.facebook.com\/Vmsport.fi\/","https:\/\/www.instagram.com\/vmsport\/"]}]}},"global_unique_id":"","_links":{"self":[{"href":"https:\/\/vmsport.fi\/sv\/wp-json\/wp\/v2\/product\/56874","targetHints":{"allow":["GET"]}}],"collection":[{"href":"https:\/\/vmsport.fi\/sv\/wp-json\/wp\/v2\/product"}],"about":[{"href":"https:\/\/vmsport.fi\/sv\/wp-json\/wp\/v2\/types\/product"}],"replies":[{"embeddable":true,"href":"https:\/\/vmsport.fi\/sv\/wp-json\/wp\/v2\/comments?post=56874"}],"wp:featuredmedia":[{"embeddable":true,"href":"https:\/\/vmsport.fi\/sv\/wp-json\/wp\/v2\/media\/56873"}],"wp:attachment":[{"href":"https:\/\/vmsport.fi\/sv\/wp-json\/wp\/v2\/media?parent=56874"}],"wp:term":[{"taxonomy":"product_brand","embeddable":true,"href":"https:\/\/vmsport.fi\/sv\/wp-json\/wp\/v2\/product_brand?post=56874"},{"taxonomy":"product_model","embeddable":true,"href":"https:\/\/vmsport.fi\/sv\/wp-json\/wp\/v2\/product_model?post=56874"},{"taxonomy":"product_cat","embeddable":true,"href":"https:\/\/vmsport.fi\/sv\/wp-json\/wp\/v2\/product_cat?post=56874"},{"taxonomy":"product_tag","embeddable":true,"href":"https:\/\/vmsport.fi\/sv\/wp-json\/wp\/v2\/product_tag?post=56874"},{"taxonomy":"industry_terminology","embeddable":true,"href":"https:\/\/vmsport.fi\/sv\/wp-json\/wp\/v2\/industry-terminology?post=56874"}],"curies":[{"name":"wp","href":"https:\/\/api.w.org\/{rel}","templated":true}]}}