{"id":56872,"date":"2025-03-06T00:24:59","date_gmt":"2025-03-05T22:24:59","guid":{"rendered":"https:\/\/vmsport.fi\/verkkokauppa\/Ei-luokiteltu\/muc-off-microfibre-polishing-cloth\/"},"modified":"2026-04-22T15:07:50","modified_gmt":"2026-04-22T12:07:50","slug":"muc-off-polerduk-av-mikrofiber","status":"publish","type":"product","link":"https:\/\/vmsport.fi\/sv\/verkkokauppa\/tarvikkeet\/huolto-ja-pesu\/puhdistustyokalut\/muc-off-microfibre-polishing-cloth\/","title":{"rendered":"MUC-OFF Polerduk av mikrofiber"},"content":{"rendered":"<p>MUC-OFFs polerduk i mikrofiber \u00e4r utformad f\u00f6r att dra nytta av avancerad reng\u00f6ringsteknik genom att fibrerna delas upp i tunna och fina fibrer. Detta f\u00f6rb\u00e4ttrar avsev\u00e4rt dess absorptionsf\u00f6rm\u00e5ga, vilket g\u00f6r att fingeravtryck och fl\u00e4ckar kan tas bort effektivt. Den m\u00e5ngsidiga duken \u00e4r l\u00e4mplig f\u00f6r reng\u00f6ring av b\u00e5de inv\u00e4ndiga och utv\u00e4ndiga ytor, s\u00e4rskilt p\u00e5 cyklar och bilar. Den t\u00e4ta v\u00e5ffelv\u00e4vningen f\u00e5ngar upp smuts och minskar risken f\u00f6r repor p\u00e5 lacken. Ett finmaskigt mikrofibertyg s\u00e4kerst\u00e4ller noggrann reng\u00f6ring. Tack vare den slitstarka konstruktionen kan duken maskintv\u00e4ttas och \u00e5teranv\u00e4ndas flera g\u00e5nger, vilket ger l\u00e5ngvarigt v\u00e4rde och komfort. Den \u00e4r enkel att anv\u00e4nda och g\u00f6r reng\u00f6ring, torkning och polering till en barnlek, vilket avsev\u00e4rt f\u00f6rb\u00e4ttrar reng\u00f6ringsprestandan.<\/p>","protected":false},"excerpt":{"rendered":"<p>MUC-OFF-mikrokuitukiillotusliina on suunniteltu hy\u00f6dynt\u00e4m\u00e4\u00e4n edistynytt\u00e4 puhdistustekniikkaa italaittamalla kuidut ohuiksi ja hienoksi. T\u00e4m\u00e4 parantaa huomattavasti sen imukyky\u00e4, jolloin sormenj\u00e4ljet ja tahrat irtoavat tehokkaasti. Monik\u00e4ytt\u00f6inen liina sopii sek\u00e4 sis\u00e4- ett\u00e4 ulkopintojen puhdistukseen, erityisesti polkupy\u00f6rille ja autoille. Tihe\u00e4 vohvelikudos vangitsee lian ja v\u00e4hent\u00e4\u00e4 maalipinnan naarmuuntumisriski\u00e4. Hienosilkkinen mikrokuitukangas varmistaa perusteellisen puhdistuksen. Kest\u00e4v\u00e4n rakenteensa ansiosta liina on konepest\u00e4v\u00e4 ja sit\u00e4 [&#8230;]<\/p>\n<p><a class=\"btn btn-secondary understrap-read-more-link\" href=\"https:\/\/vmsport.fi\/sv\/verkkokauppa\/tarvikkeet\/huolto-ja-pesu\/puhdistustyokalut\/muc-off-microfibre-polishing-cloth\/\">L\u00e4s mer \u2026<span class=\"screen-reader-text\"> from MUC-OFF Microfibre Polishing Cloth<\/span><\/a><\/p>\n","protected":false},"featured_media":56871,"comment_status":"open","ping_status":"closed","template":"","meta":{"_acf_changed":false,"_improvement_type_select":"improve_an_existing","_thumb_yes_seoaic":false,"_frame_yes_seoaic":false,"seoaic_generate_description":"","seoaic_improve_instructions_prompt":"","seoaic_rollback_content_improvement":"","seoaic_idea_thumbnail_generator":"","thumbnail_generated":false,"thumbnail_generate_prompt":"","seoaic_article_description":"","_supplier_stock_quantity":0},"product_brand":[1584],"product_model":[],"product_cat":[9576],"product_tag":[],"industry-terminology":[],"class_list":{"0":"post-56872","1":"product","2":"type-product","3":"status-publish","4":"has-post-thumbnail","6":"product_brand-muc-off","7":"product_cat-puhdistustyokalut","9":"first","10":"instock","11":"taxable","12":"shipping-taxable","13":"purchasable","14":"product-type-simple"},"acf":{"bike_features":null,"overview":{"copy_overview":null,"key_features":null,"statement":"","youtube_url":""}},"yoast_head":"<!-- This site is optimized with the Yoast SEO plugin v27.4 - https:\/\/yoast.com\/product\/yoast-seo-wordpress\/ -->\n<title>MUC-OFF Microfibre Polishing Cloth - VM Sport<\/title>\n<meta name=\"robots\" content=\"index, follow, max-snippet:-1, max-image-preview:large, max-video-preview:-1\" \/>\n<link rel=\"canonical\" href=\"https:\/\/vmsport.fi\/sv\/webbutik\/tillbehor\/underhall-och-tvatt\/rengoringsutrustning\/muc-off-polerduk-av-mikrofiber\/\" \/>\n<meta property=\"og:locale\" content=\"sv_SE\" \/>\n<meta property=\"og:type\" content=\"article\" \/>\n<meta property=\"og:title\" content=\"MUC-OFF Microfibre Polishing Cloth - VM Sport\" \/>\n<meta property=\"og:description\" content=\"MUC-OFF-mikrokuitukiillotusliina on suunniteltu hy\u00f6dynt\u00e4m\u00e4\u00e4n edistynytt\u00e4 puhdistustekniikkaa italaittamalla kuidut ohuiksi ja hienoksi. T\u00e4m\u00e4 parantaa huomattavasti sen imukyky\u00e4, jolloin sormenj\u00e4ljet ja tahrat irtoavat tehokkaasti. Monik\u00e4ytt\u00f6inen liina sopii sek\u00e4 sis\u00e4- ett\u00e4 ulkopintojen puhdistukseen, erityisesti polkupy\u00f6rille ja autoille. Tihe\u00e4 vohvelikudos vangitsee lian ja v\u00e4hent\u00e4\u00e4 maalipinnan naarmuuntumisriski\u00e4. Hienosilkkinen mikrokuitukangas varmistaa perusteellisen puhdistuksen. Kest\u00e4v\u00e4n rakenteensa ansiosta liina on konepest\u00e4v\u00e4 ja sit\u00e4 [...]L\u00e4s mer \u2026 from MUC-OFF Microfibre Polishing Cloth\" \/>\n<meta property=\"og:url\" content=\"https:\/\/vmsport.fi\/sv\/webbutik\/tillbehor\/underhall-och-tvatt\/rengoringsutrustning\/muc-off-polerduk-av-mikrofiber\/\" \/>\n<meta property=\"og:site_name\" content=\"VM Sport\" \/>\n<meta property=\"article:publisher\" content=\"https:\/\/www.facebook.com\/Vmsport.fi\/\" \/>\n<meta property=\"article:modified_time\" content=\"2026-04-22T12:07:50+00:00\" \/>\n<meta property=\"og:image\" content=\"https:\/\/vmsport.fi\/wp-content\/uploads\/2025\/03\/nbuIPnOxbcHVT4S9EHIHhudgHVM05GGOAUwlCeSoSVXhPBp1Hi-1.jpg\" \/>\n\t<meta property=\"og:image:width\" content=\"250\" \/>\n\t<meta property=\"og:image:height\" content=\"205\" \/>\n\t<meta property=\"og:image:type\" content=\"image\/jpeg\" \/>\n<meta name=\"twitter:card\" content=\"summary_large_image\" \/>\n<script type=\"application\/ld+json\" class=\"yoast-schema-graph\">{\"@context\":\"https:\\\/\\\/schema.org\",\"@graph\":[{\"@type\":[\"WebPage\",\"ItemPage\"],\"@id\":\"https:\\\/\\\/vmsport.fi\\\/verkkokauppa\\\/tarvikkeet\\\/huolto-ja-pesu\\\/puhdistustyokalut\\\/muc-off-microfibre-polishing-cloth\\\/\",\"url\":\"https:\\\/\\\/vmsport.fi\\\/verkkokauppa\\\/tarvikkeet\\\/huolto-ja-pesu\\\/puhdistustyokalut\\\/muc-off-microfibre-polishing-cloth\\\/\",\"name\":\"MUC-OFF Microfibre Polishing Cloth - VM Sport\",\"isPartOf\":{\"@id\":\"https:\\\/\\\/vmsport.fi\\\/#website\"},\"primaryImageOfPage\":{\"@id\":\"https:\\\/\\\/vmsport.fi\\\/verkkokauppa\\\/tarvikkeet\\\/huolto-ja-pesu\\\/puhdistustyokalut\\\/muc-off-microfibre-polishing-cloth\\\/#primaryimage\"},\"image\":{\"@id\":\"https:\\\/\\\/vmsport.fi\\\/verkkokauppa\\\/tarvikkeet\\\/huolto-ja-pesu\\\/puhdistustyokalut\\\/muc-off-microfibre-polishing-cloth\\\/#primaryimage\"},\"thumbnailUrl\":\"https:\\\/\\\/vmsport.fi\\\/wp-content\\\/uploads\\\/2025\\\/03\\\/nbuIPnOxbcHVT4S9EHIHhudgHVM05GGOAUwlCeSoSVXhPBp1Hi-1.jpg\",\"datePublished\":\"2025-03-05T22:24:59+00:00\",\"dateModified\":\"2026-04-22T12:07:50+00:00\",\"breadcrumb\":{\"@id\":\"https:\\\/\\\/vmsport.fi\\\/verkkokauppa\\\/tarvikkeet\\\/huolto-ja-pesu\\\/puhdistustyokalut\\\/muc-off-microfibre-polishing-cloth\\\/#breadcrumb\"},\"inLanguage\":\"sv-SE\",\"potentialAction\":[{\"@type\":\"ReadAction\",\"target\":[\"https:\\\/\\\/vmsport.fi\\\/verkkokauppa\\\/tarvikkeet\\\/huolto-ja-pesu\\\/puhdistustyokalut\\\/muc-off-microfibre-polishing-cloth\\\/\"]}]},{\"@type\":\"ImageObject\",\"inLanguage\":\"sv-SE\",\"@id\":\"https:\\\/\\\/vmsport.fi\\\/verkkokauppa\\\/tarvikkeet\\\/huolto-ja-pesu\\\/puhdistustyokalut\\\/muc-off-microfibre-polishing-cloth\\\/#primaryimage\",\"url\":\"https:\\\/\\\/vmsport.fi\\\/wp-content\\\/uploads\\\/2025\\\/03\\\/nbuIPnOxbcHVT4S9EHIHhudgHVM05GGOAUwlCeSoSVXhPBp1Hi-1.jpg\",\"contentUrl\":\"https:\\\/\\\/vmsport.fi\\\/wp-content\\\/uploads\\\/2025\\\/03\\\/nbuIPnOxbcHVT4S9EHIHhudgHVM05GGOAUwlCeSoSVXhPBp1Hi-1.jpg\",\"width\":250,\"height\":205,\"caption\":\"nbuIPnOxbcHVT4S9EHIHhudgHVM05GGOAUwlCeSoSVXhPBp1Hi\"},{\"@type\":\"BreadcrumbList\",\"@id\":\"https:\\\/\\\/vmsport.fi\\\/verkkokauppa\\\/tarvikkeet\\\/huolto-ja-pesu\\\/puhdistustyokalut\\\/muc-off-microfibre-polishing-cloth\\\/#breadcrumb\",\"itemListElement\":[{\"@type\":\"ListItem\",\"position\":1,\"name\":\"Etusivu\",\"item\":\"https:\\\/\\\/vmsport.fi\\\/\"},{\"@type\":\"ListItem\",\"position\":2,\"name\":\"Online Store\",\"item\":\"https:\\\/\\\/vmsport.fi\\\/en\\\/online-store\\\/\"},{\"@type\":\"ListItem\",\"position\":3,\"name\":\"MUC-OFF Microfibre Polishing Cloth\"}]},{\"@type\":\"WebSite\",\"@id\":\"https:\\\/\\\/vmsport.fi\\\/#website\",\"url\":\"https:\\\/\\\/vmsport.fi\\\/\",\"name\":\"Vmsport\",\"description\":\"Kaikki py\u00f6r\u00e4ilyyn yhdest\u00e4 paikasta\",\"publisher\":{\"@id\":\"https:\\\/\\\/vmsport.fi\\\/#organization\"},\"potentialAction\":[{\"@type\":\"SearchAction\",\"target\":{\"@type\":\"EntryPoint\",\"urlTemplate\":\"https:\\\/\\\/vmsport.fi\\\/?s={search_term_string}\"},\"query-input\":{\"@type\":\"PropertyValueSpecification\",\"valueRequired\":true,\"valueName\":\"search_term_string\"}}],\"inLanguage\":\"sv-SE\"},{\"@type\":\"Organization\",\"@id\":\"https:\\\/\\\/vmsport.fi\\\/#organization\",\"name\":\"Vmsport\",\"url\":\"https:\\\/\\\/vmsport.fi\\\/\",\"logo\":{\"@type\":\"ImageObject\",\"inLanguage\":\"sv-SE\",\"@id\":\"https:\\\/\\\/vmsport.fi\\\/#\\\/schema\\\/logo\\\/image\\\/\",\"url\":\"https:\\\/\\\/vmsport.fi\\\/wp-content\\\/uploads\\\/2024\\\/12\\\/vm_sport_RGB_horisontal-e1734526017575.png\",\"contentUrl\":\"https:\\\/\\\/vmsport.fi\\\/wp-content\\\/uploads\\\/2024\\\/12\\\/vm_sport_RGB_horisontal-e1734526017575.png\",\"width\":668,\"height\":85,\"caption\":\"Vmsport\"},\"image\":{\"@id\":\"https:\\\/\\\/vmsport.fi\\\/#\\\/schema\\\/logo\\\/image\\\/\"},\"sameAs\":[\"https:\\\/\\\/www.facebook.com\\\/Vmsport.fi\\\/\",\"https:\\\/\\\/www.instagram.com\\\/vmsport\\\/\"]}]}<\/script>\n<!-- \/ Yoast SEO plugin. -->","yoast_head_json":{"title":"MUC-OFF Polerduk av mikrofiber - VM Sport","robots":{"index":"index","follow":"follow","max-snippet":"max-snippet:-1","max-image-preview":"max-image-preview:large","max-video-preview":"max-video-preview:-1"},"canonical":"https:\/\/vmsport.fi\/sv\/webbutik\/tillbehor\/underhall-och-tvatt\/rengoringsutrustning\/muc-off-polerduk-av-mikrofiber\/","og_locale":"sv_SE","og_type":"article","og_title":"MUC-OFF Microfibre Polishing Cloth - VM Sport","og_description":"MUC-OFF-mikrokuitukiillotusliina on suunniteltu hy\u00f6dynt\u00e4m\u00e4\u00e4n edistynytt\u00e4 puhdistustekniikkaa italaittamalla kuidut ohuiksi ja hienoksi. T\u00e4m\u00e4 parantaa huomattavasti sen imukyky\u00e4, jolloin sormenj\u00e4ljet ja tahrat irtoavat tehokkaasti. Monik\u00e4ytt\u00f6inen liina sopii sek\u00e4 sis\u00e4- ett\u00e4 ulkopintojen puhdistukseen, erityisesti polkupy\u00f6rille ja autoille. Tihe\u00e4 vohvelikudos vangitsee lian ja v\u00e4hent\u00e4\u00e4 maalipinnan naarmuuntumisriski\u00e4. Hienosilkkinen mikrokuitukangas varmistaa perusteellisen puhdistuksen. Kest\u00e4v\u00e4n rakenteensa ansiosta liina on konepest\u00e4v\u00e4 ja sit\u00e4 [...]L\u00e4s mer \u2026 from MUC-OFF Microfibre Polishing Cloth","og_url":"https:\/\/vmsport.fi\/sv\/webbutik\/tillbehor\/underhall-och-tvatt\/rengoringsutrustning\/muc-off-polerduk-av-mikrofiber\/","og_site_name":"VM Sport","article_publisher":"https:\/\/www.facebook.com\/Vmsport.fi\/","article_modified_time":"2026-04-22T12:07:50+00:00","og_image":[{"width":250,"height":205,"url":"https:\/\/vmsport.fi\/wp-content\/uploads\/2025\/03\/nbuIPnOxbcHVT4S9EHIHhudgHVM05GGOAUwlCeSoSVXhPBp1Hi-1.jpg","type":"image\/jpeg"}],"twitter_card":"summary_large_image","schema":{"@context":"https:\/\/schema.org","@graph":[{"@type":["WebPage","ItemPage"],"@id":"https:\/\/vmsport.fi\/verkkokauppa\/tarvikkeet\/huolto-ja-pesu\/puhdistustyokalut\/muc-off-microfibre-polishing-cloth\/","url":"https:\/\/vmsport.fi\/verkkokauppa\/tarvikkeet\/huolto-ja-pesu\/puhdistustyokalut\/muc-off-microfibre-polishing-cloth\/","name":"MUC-OFF Polerduk av mikrofiber - VM Sport","isPartOf":{"@id":"https:\/\/vmsport.fi\/#website"},"primaryImageOfPage":{"@id":"https:\/\/vmsport.fi\/verkkokauppa\/tarvikkeet\/huolto-ja-pesu\/puhdistustyokalut\/muc-off-microfibre-polishing-cloth\/#primaryimage"},"image":{"@id":"https:\/\/vmsport.fi\/verkkokauppa\/tarvikkeet\/huolto-ja-pesu\/puhdistustyokalut\/muc-off-microfibre-polishing-cloth\/#primaryimage"},"thumbnailUrl":"https:\/\/vmsport.fi\/wp-content\/uploads\/2025\/03\/nbuIPnOxbcHVT4S9EHIHhudgHVM05GGOAUwlCeSoSVXhPBp1Hi-1.jpg","datePublished":"2025-03-05T22:24:59+00:00","dateModified":"2026-04-22T12:07:50+00:00","breadcrumb":{"@id":"https:\/\/vmsport.fi\/verkkokauppa\/tarvikkeet\/huolto-ja-pesu\/puhdistustyokalut\/muc-off-microfibre-polishing-cloth\/#breadcrumb"},"inLanguage":"sv-SE","potentialAction":[{"@type":"ReadAction","target":["https:\/\/vmsport.fi\/verkkokauppa\/tarvikkeet\/huolto-ja-pesu\/puhdistustyokalut\/muc-off-microfibre-polishing-cloth\/"]}]},{"@type":"ImageObject","inLanguage":"sv-SE","@id":"https:\/\/vmsport.fi\/verkkokauppa\/tarvikkeet\/huolto-ja-pesu\/puhdistustyokalut\/muc-off-microfibre-polishing-cloth\/#primaryimage","url":"https:\/\/vmsport.fi\/wp-content\/uploads\/2025\/03\/nbuIPnOxbcHVT4S9EHIHhudgHVM05GGOAUwlCeSoSVXhPBp1Hi-1.jpg","contentUrl":"https:\/\/vmsport.fi\/wp-content\/uploads\/2025\/03\/nbuIPnOxbcHVT4S9EHIHhudgHVM05GGOAUwlCeSoSVXhPBp1Hi-1.jpg","width":250,"height":205,"caption":"nbuIPnOxbcHVT4S9EHIHhudgHVM05GGOAUwlCeSoSVXhPBp1Hi"},{"@type":"BreadcrumbList","@id":"https:\/\/vmsport.fi\/verkkokauppa\/tarvikkeet\/huolto-ja-pesu\/puhdistustyokalut\/muc-off-microfibre-polishing-cloth\/#breadcrumb","itemListElement":[{"@type":"ListItem","position":1,"name":"Etusivu","item":"https:\/\/vmsport.fi\/"},{"@type":"ListItem","position":2,"name":"Online Store","item":"https:\/\/vmsport.fi\/en\/online-store\/"},{"@type":"ListItem","position":3,"name":"MUC-OFF Microfibre Polishing Cloth"}]},{"@type":"WebSite","@id":"https:\/\/vmsport.fi\/#website","url":"https:\/\/vmsport.fi\/","name":"Vmsport","description":"Allt p\u00e5 ett st\u00e4lle f\u00f6r cykling","publisher":{"@id":"https:\/\/vmsport.fi\/#organization"},"potentialAction":[{"@type":"SearchAction","target":{"@type":"EntryPoint","urlTemplate":"https:\/\/vmsport.fi\/?s={search_term_string}"},"query-input":{"@type":"PropertyValueSpecification","valueRequired":true,"valueName":"search_term_string"}}],"inLanguage":"sv-SE"},{"@type":"Organization","@id":"https:\/\/vmsport.fi\/#organization","name":"Vmsport","url":"https:\/\/vmsport.fi\/","logo":{"@type":"ImageObject","inLanguage":"sv-SE","@id":"https:\/\/vmsport.fi\/#\/schema\/logo\/image\/","url":"https:\/\/vmsport.fi\/wp-content\/uploads\/2024\/12\/vm_sport_RGB_horisontal-e1734526017575.png","contentUrl":"https:\/\/vmsport.fi\/wp-content\/uploads\/2024\/12\/vm_sport_RGB_horisontal-e1734526017575.png","width":668,"height":85,"caption":"Vmsport"},"image":{"@id":"https:\/\/vmsport.fi\/#\/schema\/logo\/image\/"},"sameAs":["https:\/\/www.facebook.com\/Vmsport.fi\/","https:\/\/www.instagram.com\/vmsport\/"]}]}},"global_unique_id":"","_links":{"self":[{"href":"https:\/\/vmsport.fi\/sv\/wp-json\/wp\/v2\/product\/56872","targetHints":{"allow":["GET"]}}],"collection":[{"href":"https:\/\/vmsport.fi\/sv\/wp-json\/wp\/v2\/product"}],"about":[{"href":"https:\/\/vmsport.fi\/sv\/wp-json\/wp\/v2\/types\/product"}],"replies":[{"embeddable":true,"href":"https:\/\/vmsport.fi\/sv\/wp-json\/wp\/v2\/comments?post=56872"}],"wp:featuredmedia":[{"embeddable":true,"href":"https:\/\/vmsport.fi\/sv\/wp-json\/wp\/v2\/media\/56871"}],"wp:attachment":[{"href":"https:\/\/vmsport.fi\/sv\/wp-json\/wp\/v2\/media?parent=56872"}],"wp:term":[{"taxonomy":"product_brand","embeddable":true,"href":"https:\/\/vmsport.fi\/sv\/wp-json\/wp\/v2\/product_brand?post=56872"},{"taxonomy":"product_model","embeddable":true,"href":"https:\/\/vmsport.fi\/sv\/wp-json\/wp\/v2\/product_model?post=56872"},{"taxonomy":"product_cat","embeddable":true,"href":"https:\/\/vmsport.fi\/sv\/wp-json\/wp\/v2\/product_cat?post=56872"},{"taxonomy":"product_tag","embeddable":true,"href":"https:\/\/vmsport.fi\/sv\/wp-json\/wp\/v2\/product_tag?post=56872"},{"taxonomy":"industry_terminology","embeddable":true,"href":"https:\/\/vmsport.fi\/sv\/wp-json\/wp\/v2\/industry-terminology?post=56872"}],"curies":[{"name":"wp","href":"https:\/\/api.w.org\/{rel}","templated":true}]}}