{"id":56863,"date":"2025-03-06T00:24:55","date_gmt":"2025-03-05T22:24:55","guid":{"rendered":"https:\/\/vmsport.fi\/verkkokauppa\/Ei-luokiteltu\/sks-chainblade-48-black\/"},"modified":"2026-01-16T13:22:17","modified_gmt":"2026-01-16T11:22:17","slug":"sks-chainblade-48-svart","status":"publish","type":"product","link":"https:\/\/vmsport.fi\/sv\/verkkokauppa\/varaosat\/voimansiirto\/ketjusuojat-ja-ohjurit\/sks-chainblade-48-black\/","title":{"rendered":"SKS Chainblade 48 Svart"},"content":{"rendered":"<p>SKS Chainblade 48 Black \u00e4r ett snyggt och h\u00e5llbart kedjeskydd som \u00e4r s\u00e4rskilt utformat f\u00f6r v\u00e4xlar. Den svarta f\u00e4rgen framh\u00e4ver den str\u00f6mlinjeformade designen samtidigt som den effektivt skyddar kedjan och kedjehjulet. Detta hjulskydd \u00e4r l\u00e4mpligt f\u00f6r kedjehjul med 46-48-tandade framhjul, vilket g\u00f6r det till ett m\u00e5ngsidigt och p\u00e5litligt val f\u00f6r en m\u00e4ngd olika cykelbehov.<\/p>","protected":false},"excerpt":{"rendered":"<p>SKS Chainblade 48 Black on tyylik\u00e4s ja kest\u00e4v\u00e4 ketjusuoja, joka on suunniteltu erityisesti vaihdepy\u00f6rille. Sen musta v\u00e4ri korostaa sen virtaviivaista muotoilua, samalla kun se suojaa tehokkaasti ketjun ja rattaiden aluetta. T\u00e4m\u00e4 py\u00f6r\u00e4varuste sopii ketjupy\u00f6rille, joissa on 46-48 hampaan eturattaat, mik\u00e4 tekee siit\u00e4 monik\u00e4ytt\u00f6isen ja luotettavan valinnan erilaisiin py\u00f6r\u00e4ilytarpeisiin. [&#8230;]<\/p>\n<p><a class=\"btn btn-secondary understrap-read-more-link\" href=\"https:\/\/vmsport.fi\/sv\/verkkokauppa\/varaosat\/voimansiirto\/ketjusuojat-ja-ohjurit\/sks-chainblade-48-black\/\">L\u00e4s mer \u2026<span class=\"screen-reader-text\"> from SKS Chainblade 48 Black<\/span><\/a><\/p>\n","protected":false},"featured_media":56862,"comment_status":"open","ping_status":"closed","template":"","meta":{"_acf_changed":false,"_improvement_type_select":"improve_an_existing","_thumb_yes_seoaic":false,"_frame_yes_seoaic":false,"seoaic_generate_description":"","seoaic_improve_instructions_prompt":"","seoaic_rollback_content_improvement":"","seoaic_idea_thumbnail_generator":"","thumbnail_generated":false,"thumbnail_generate_prompt":"","seoaic_article_description":"","_supplier_stock_quantity":0},"product_brand":[1583],"product_model":[],"product_cat":[9470],"product_tag":[],"industry-terminology":[],"class_list":{"0":"post-56863","1":"product","2":"type-product","3":"status-publish","4":"has-post-thumbnail","6":"product_brand-sks-germany","7":"product_cat-ketjusuojat-ja-ohjurit","9":"first","10":"outofstock","11":"taxable","12":"shipping-taxable","13":"product-type-simple"},"acf":{"bike_features":null,"overview":{"copy_overview":null,"key_features":null,"statement":"","youtube_url":""}},"yoast_head":"<!-- This site is optimized with the Yoast SEO plugin v27.4 - https:\/\/yoast.com\/product\/yoast-seo-wordpress\/ -->\n<title>SKS Chainblade 48 Black - VM Sport<\/title>\n<meta name=\"robots\" content=\"index, follow, max-snippet:-1, max-image-preview:large, max-video-preview:-1\" \/>\n<link rel=\"canonical\" href=\"https:\/\/vmsport.fi\/sv\/webbutik\/reservdelar\/transmission\/kedjeskydd-och-styrningar\/sks-chainblade-48-svart\/\" \/>\n<meta property=\"og:locale\" content=\"sv_SE\" \/>\n<meta property=\"og:type\" content=\"article\" \/>\n<meta property=\"og:title\" content=\"SKS Chainblade 48 Black - VM Sport\" \/>\n<meta property=\"og:description\" content=\"SKS Chainblade 48 Black on tyylik\u00e4s ja kest\u00e4v\u00e4 ketjusuoja, joka on suunniteltu erityisesti vaihdepy\u00f6rille. Sen musta v\u00e4ri korostaa sen virtaviivaista muotoilua, samalla kun se suojaa tehokkaasti ketjun ja rattaiden aluetta. T\u00e4m\u00e4 py\u00f6r\u00e4varuste sopii ketjupy\u00f6rille, joissa on 46-48 hampaan eturattaat, mik\u00e4 tekee siit\u00e4 monik\u00e4ytt\u00f6isen ja luotettavan valinnan erilaisiin py\u00f6r\u00e4ilytarpeisiin. [...]L\u00e4s mer \u2026 from SKS Chainblade 48 Black\" \/>\n<meta property=\"og:url\" content=\"https:\/\/vmsport.fi\/sv\/webbutik\/reservdelar\/transmission\/kedjeskydd-och-styrningar\/sks-chainblade-48-svart\/\" \/>\n<meta property=\"og:site_name\" content=\"VM Sport\" \/>\n<meta property=\"article:publisher\" content=\"https:\/\/www.facebook.com\/Vmsport.fi\/\" \/>\n<meta property=\"article:modified_time\" content=\"2026-01-16T11:22:17+00:00\" \/>\n<meta property=\"og:image\" content=\"https:\/\/vmsport.fi\/wp-content\/uploads\/2025\/03\/K2zUzzQ5fZKA64vs84s3F3z3TjbpVOkjnE4g95wPBjIXDn3CiY-1.jpg\" \/>\n\t<meta property=\"og:image:width\" content=\"800\" \/>\n\t<meta property=\"og:image:height\" content=\"800\" \/>\n\t<meta property=\"og:image:type\" content=\"image\/jpeg\" \/>\n<meta name=\"twitter:card\" content=\"summary_large_image\" \/>\n<script type=\"application\/ld+json\" class=\"yoast-schema-graph\">{\"@context\":\"https:\\\/\\\/schema.org\",\"@graph\":[{\"@type\":[\"WebPage\",\"ItemPage\"],\"@id\":\"https:\\\/\\\/vmsport.fi\\\/verkkokauppa\\\/varaosat\\\/voimansiirto\\\/ketjusuojat-ja-ohjurit\\\/sks-chainblade-48-black\\\/\",\"url\":\"https:\\\/\\\/vmsport.fi\\\/verkkokauppa\\\/varaosat\\\/voimansiirto\\\/ketjusuojat-ja-ohjurit\\\/sks-chainblade-48-black\\\/\",\"name\":\"SKS Chainblade 48 Black - VM Sport\",\"isPartOf\":{\"@id\":\"https:\\\/\\\/vmsport.fi\\\/#website\"},\"primaryImageOfPage\":{\"@id\":\"https:\\\/\\\/vmsport.fi\\\/verkkokauppa\\\/varaosat\\\/voimansiirto\\\/ketjusuojat-ja-ohjurit\\\/sks-chainblade-48-black\\\/#primaryimage\"},\"image\":{\"@id\":\"https:\\\/\\\/vmsport.fi\\\/verkkokauppa\\\/varaosat\\\/voimansiirto\\\/ketjusuojat-ja-ohjurit\\\/sks-chainblade-48-black\\\/#primaryimage\"},\"thumbnailUrl\":\"https:\\\/\\\/vmsport.fi\\\/wp-content\\\/uploads\\\/2025\\\/03\\\/K2zUzzQ5fZKA64vs84s3F3z3TjbpVOkjnE4g95wPBjIXDn3CiY-1.jpg\",\"datePublished\":\"2025-03-05T22:24:55+00:00\",\"dateModified\":\"2026-01-16T11:22:17+00:00\",\"breadcrumb\":{\"@id\":\"https:\\\/\\\/vmsport.fi\\\/verkkokauppa\\\/varaosat\\\/voimansiirto\\\/ketjusuojat-ja-ohjurit\\\/sks-chainblade-48-black\\\/#breadcrumb\"},\"inLanguage\":\"sv-SE\",\"potentialAction\":[{\"@type\":\"ReadAction\",\"target\":[\"https:\\\/\\\/vmsport.fi\\\/verkkokauppa\\\/varaosat\\\/voimansiirto\\\/ketjusuojat-ja-ohjurit\\\/sks-chainblade-48-black\\\/\"]}]},{\"@type\":\"ImageObject\",\"inLanguage\":\"sv-SE\",\"@id\":\"https:\\\/\\\/vmsport.fi\\\/verkkokauppa\\\/varaosat\\\/voimansiirto\\\/ketjusuojat-ja-ohjurit\\\/sks-chainblade-48-black\\\/#primaryimage\",\"url\":\"https:\\\/\\\/vmsport.fi\\\/wp-content\\\/uploads\\\/2025\\\/03\\\/K2zUzzQ5fZKA64vs84s3F3z3TjbpVOkjnE4g95wPBjIXDn3CiY-1.jpg\",\"contentUrl\":\"https:\\\/\\\/vmsport.fi\\\/wp-content\\\/uploads\\\/2025\\\/03\\\/K2zUzzQ5fZKA64vs84s3F3z3TjbpVOkjnE4g95wPBjIXDn3CiY-1.jpg\",\"width\":800,\"height\":800,\"caption\":\"K2zUzzQ5fZKA64vs84s3F3z3TjbpVOkjnE4g95wPBjIXDn3CiY\"},{\"@type\":\"BreadcrumbList\",\"@id\":\"https:\\\/\\\/vmsport.fi\\\/verkkokauppa\\\/varaosat\\\/voimansiirto\\\/ketjusuojat-ja-ohjurit\\\/sks-chainblade-48-black\\\/#breadcrumb\",\"itemListElement\":[{\"@type\":\"ListItem\",\"position\":1,\"name\":\"Etusivu\",\"item\":\"https:\\\/\\\/vmsport.fi\\\/\"},{\"@type\":\"ListItem\",\"position\":2,\"name\":\"Online Store\",\"item\":\"https:\\\/\\\/vmsport.fi\\\/en\\\/online-store\\\/\"},{\"@type\":\"ListItem\",\"position\":3,\"name\":\"SKS Chainblade 48 Black\"}]},{\"@type\":\"WebSite\",\"@id\":\"https:\\\/\\\/vmsport.fi\\\/#website\",\"url\":\"https:\\\/\\\/vmsport.fi\\\/\",\"name\":\"Vmsport\",\"description\":\"Kaikki py\u00f6r\u00e4ilyyn yhdest\u00e4 paikasta\",\"publisher\":{\"@id\":\"https:\\\/\\\/vmsport.fi\\\/#organization\"},\"potentialAction\":[{\"@type\":\"SearchAction\",\"target\":{\"@type\":\"EntryPoint\",\"urlTemplate\":\"https:\\\/\\\/vmsport.fi\\\/?s={search_term_string}\"},\"query-input\":{\"@type\":\"PropertyValueSpecification\",\"valueRequired\":true,\"valueName\":\"search_term_string\"}}],\"inLanguage\":\"sv-SE\"},{\"@type\":\"Organization\",\"@id\":\"https:\\\/\\\/vmsport.fi\\\/#organization\",\"name\":\"Vmsport\",\"url\":\"https:\\\/\\\/vmsport.fi\\\/\",\"logo\":{\"@type\":\"ImageObject\",\"inLanguage\":\"sv-SE\",\"@id\":\"https:\\\/\\\/vmsport.fi\\\/#\\\/schema\\\/logo\\\/image\\\/\",\"url\":\"https:\\\/\\\/vmsport.fi\\\/wp-content\\\/uploads\\\/2024\\\/12\\\/vm_sport_RGB_horisontal-e1734526017575.png\",\"contentUrl\":\"https:\\\/\\\/vmsport.fi\\\/wp-content\\\/uploads\\\/2024\\\/12\\\/vm_sport_RGB_horisontal-e1734526017575.png\",\"width\":668,\"height\":85,\"caption\":\"Vmsport\"},\"image\":{\"@id\":\"https:\\\/\\\/vmsport.fi\\\/#\\\/schema\\\/logo\\\/image\\\/\"},\"sameAs\":[\"https:\\\/\\\/www.facebook.com\\\/Vmsport.fi\\\/\",\"https:\\\/\\\/www.instagram.com\\\/vmsport\\\/\"]}]}<\/script>\n<!-- \/ Yoast SEO plugin. -->","yoast_head_json":{"title":"SKS Chainblade 48 Svart - VM Sport","robots":{"index":"index","follow":"follow","max-snippet":"max-snippet:-1","max-image-preview":"max-image-preview:large","max-video-preview":"max-video-preview:-1"},"canonical":"https:\/\/vmsport.fi\/sv\/webbutik\/reservdelar\/transmission\/kedjeskydd-och-styrningar\/sks-chainblade-48-svart\/","og_locale":"sv_SE","og_type":"article","og_title":"SKS Chainblade 48 Black - VM Sport","og_description":"SKS Chainblade 48 Black on tyylik\u00e4s ja kest\u00e4v\u00e4 ketjusuoja, joka on suunniteltu erityisesti vaihdepy\u00f6rille. Sen musta v\u00e4ri korostaa sen virtaviivaista muotoilua, samalla kun se suojaa tehokkaasti ketjun ja rattaiden aluetta. T\u00e4m\u00e4 py\u00f6r\u00e4varuste sopii ketjupy\u00f6rille, joissa on 46-48 hampaan eturattaat, mik\u00e4 tekee siit\u00e4 monik\u00e4ytt\u00f6isen ja luotettavan valinnan erilaisiin py\u00f6r\u00e4ilytarpeisiin. [...]L\u00e4s mer \u2026 from SKS Chainblade 48 Black","og_url":"https:\/\/vmsport.fi\/sv\/webbutik\/reservdelar\/transmission\/kedjeskydd-och-styrningar\/sks-chainblade-48-svart\/","og_site_name":"VM Sport","article_publisher":"https:\/\/www.facebook.com\/Vmsport.fi\/","article_modified_time":"2026-01-16T11:22:17+00:00","og_image":[{"width":800,"height":800,"url":"https:\/\/vmsport.fi\/wp-content\/uploads\/2025\/03\/K2zUzzQ5fZKA64vs84s3F3z3TjbpVOkjnE4g95wPBjIXDn3CiY-1.jpg","type":"image\/jpeg"}],"twitter_card":"summary_large_image","schema":{"@context":"https:\/\/schema.org","@graph":[{"@type":["WebPage","ItemPage"],"@id":"https:\/\/vmsport.fi\/verkkokauppa\/varaosat\/voimansiirto\/ketjusuojat-ja-ohjurit\/sks-chainblade-48-black\/","url":"https:\/\/vmsport.fi\/verkkokauppa\/varaosat\/voimansiirto\/ketjusuojat-ja-ohjurit\/sks-chainblade-48-black\/","name":"SKS Chainblade 48 Svart - VM Sport","isPartOf":{"@id":"https:\/\/vmsport.fi\/#website"},"primaryImageOfPage":{"@id":"https:\/\/vmsport.fi\/verkkokauppa\/varaosat\/voimansiirto\/ketjusuojat-ja-ohjurit\/sks-chainblade-48-black\/#primaryimage"},"image":{"@id":"https:\/\/vmsport.fi\/verkkokauppa\/varaosat\/voimansiirto\/ketjusuojat-ja-ohjurit\/sks-chainblade-48-black\/#primaryimage"},"thumbnailUrl":"https:\/\/vmsport.fi\/wp-content\/uploads\/2025\/03\/K2zUzzQ5fZKA64vs84s3F3z3TjbpVOkjnE4g95wPBjIXDn3CiY-1.jpg","datePublished":"2025-03-05T22:24:55+00:00","dateModified":"2026-01-16T11:22:17+00:00","breadcrumb":{"@id":"https:\/\/vmsport.fi\/verkkokauppa\/varaosat\/voimansiirto\/ketjusuojat-ja-ohjurit\/sks-chainblade-48-black\/#breadcrumb"},"inLanguage":"sv-SE","potentialAction":[{"@type":"ReadAction","target":["https:\/\/vmsport.fi\/verkkokauppa\/varaosat\/voimansiirto\/ketjusuojat-ja-ohjurit\/sks-chainblade-48-black\/"]}]},{"@type":"ImageObject","inLanguage":"sv-SE","@id":"https:\/\/vmsport.fi\/verkkokauppa\/varaosat\/voimansiirto\/ketjusuojat-ja-ohjurit\/sks-chainblade-48-black\/#primaryimage","url":"https:\/\/vmsport.fi\/wp-content\/uploads\/2025\/03\/K2zUzzQ5fZKA64vs84s3F3z3TjbpVOkjnE4g95wPBjIXDn3CiY-1.jpg","contentUrl":"https:\/\/vmsport.fi\/wp-content\/uploads\/2025\/03\/K2zUzzQ5fZKA64vs84s3F3z3TjbpVOkjnE4g95wPBjIXDn3CiY-1.jpg","width":800,"height":800,"caption":"K2zUzzQ5fZKA64vs84s3F3z3TjbpVOkjnE4g95wPBjIXDn3CiY"},{"@type":"BreadcrumbList","@id":"https:\/\/vmsport.fi\/verkkokauppa\/varaosat\/voimansiirto\/ketjusuojat-ja-ohjurit\/sks-chainblade-48-black\/#breadcrumb","itemListElement":[{"@type":"ListItem","position":1,"name":"Etusivu","item":"https:\/\/vmsport.fi\/"},{"@type":"ListItem","position":2,"name":"Online Store","item":"https:\/\/vmsport.fi\/en\/online-store\/"},{"@type":"ListItem","position":3,"name":"SKS Chainblade 48 Black"}]},{"@type":"WebSite","@id":"https:\/\/vmsport.fi\/#website","url":"https:\/\/vmsport.fi\/","name":"Vmsport","description":"Allt p\u00e5 ett st\u00e4lle f\u00f6r cykling","publisher":{"@id":"https:\/\/vmsport.fi\/#organization"},"potentialAction":[{"@type":"SearchAction","target":{"@type":"EntryPoint","urlTemplate":"https:\/\/vmsport.fi\/?s={search_term_string}"},"query-input":{"@type":"PropertyValueSpecification","valueRequired":true,"valueName":"search_term_string"}}],"inLanguage":"sv-SE"},{"@type":"Organization","@id":"https:\/\/vmsport.fi\/#organization","name":"Vmsport","url":"https:\/\/vmsport.fi\/","logo":{"@type":"ImageObject","inLanguage":"sv-SE","@id":"https:\/\/vmsport.fi\/#\/schema\/logo\/image\/","url":"https:\/\/vmsport.fi\/wp-content\/uploads\/2024\/12\/vm_sport_RGB_horisontal-e1734526017575.png","contentUrl":"https:\/\/vmsport.fi\/wp-content\/uploads\/2024\/12\/vm_sport_RGB_horisontal-e1734526017575.png","width":668,"height":85,"caption":"Vmsport"},"image":{"@id":"https:\/\/vmsport.fi\/#\/schema\/logo\/image\/"},"sameAs":["https:\/\/www.facebook.com\/Vmsport.fi\/","https:\/\/www.instagram.com\/vmsport\/"]}]}},"global_unique_id":"","_links":{"self":[{"href":"https:\/\/vmsport.fi\/sv\/wp-json\/wp\/v2\/product\/56863","targetHints":{"allow":["GET"]}}],"collection":[{"href":"https:\/\/vmsport.fi\/sv\/wp-json\/wp\/v2\/product"}],"about":[{"href":"https:\/\/vmsport.fi\/sv\/wp-json\/wp\/v2\/types\/product"}],"replies":[{"embeddable":true,"href":"https:\/\/vmsport.fi\/sv\/wp-json\/wp\/v2\/comments?post=56863"}],"wp:featuredmedia":[{"embeddable":true,"href":"https:\/\/vmsport.fi\/sv\/wp-json\/wp\/v2\/media\/56862"}],"wp:attachment":[{"href":"https:\/\/vmsport.fi\/sv\/wp-json\/wp\/v2\/media?parent=56863"}],"wp:term":[{"taxonomy":"product_brand","embeddable":true,"href":"https:\/\/vmsport.fi\/sv\/wp-json\/wp\/v2\/product_brand?post=56863"},{"taxonomy":"product_model","embeddable":true,"href":"https:\/\/vmsport.fi\/sv\/wp-json\/wp\/v2\/product_model?post=56863"},{"taxonomy":"product_cat","embeddable":true,"href":"https:\/\/vmsport.fi\/sv\/wp-json\/wp\/v2\/product_cat?post=56863"},{"taxonomy":"product_tag","embeddable":true,"href":"https:\/\/vmsport.fi\/sv\/wp-json\/wp\/v2\/product_tag?post=56863"},{"taxonomy":"industry_terminology","embeddable":true,"href":"https:\/\/vmsport.fi\/sv\/wp-json\/wp\/v2\/industry-terminology?post=56863"}],"curies":[{"name":"wp","href":"https:\/\/api.w.org\/{rel}","templated":true}]}}