{"id":56858,"date":"2025-03-06T00:24:52","date_gmt":"2025-03-05T22:24:52","guid":{"rendered":"https:\/\/vmsport.fi\/verkkokauppa\/Ei-luokiteltu\/shimano-ajolasit-ce-tcnm2-technium-ridescape-gravel-pronssikulta\/"},"modified":"2026-01-16T13:24:55","modified_gmt":"2026-01-16T11:24:55","slug":"shimano-ajolasit-ce-tcnm2-technium-ridescape-grus-brons-guld","status":"publish","type":"product","link":"https:\/\/vmsport.fi\/sv\/verkkokauppa\/ajovarusteet\/ajolasit\/shimano-ajolasit-ce-tcnm2-technium-ridescape-gravel-pronssikulta\/","title":{"rendered":"SHIMANO CE-TCNM2 TECHNIUM Ridescape Gravel Bronze Gold Solglas\u00f6gon"},"content":{"rendered":"<p>SHIMANO CE-TCNM2 TECHNIUM Ridescape Gravel Bronze Gold solglas\u00f6gon \u00e4r specialdesignade solglas\u00f6gon f\u00f6r cykling som ger ett utm\u00e4rkt UV-400-skydd mot skadliga ultravioletta str\u00e5lar. Glas\u00f6gonens helb\u00e5gsdesign ger ett brett synf\u00e4lt och ett effektivt skydd mot vind, damm och skr\u00e4p, vilket \u00e4r viktigt vid cykling. RIDESCAPE-linserna g\u00f6r att du kan byta linser efter olika k\u00f6rf\u00f6rh\u00e5llanden, vilket f\u00f6rb\u00e4ttrar f\u00e4rgkontrasten och synsk\u00e4rpan. Den ultral\u00e4tta designen ger komfort hela dagen, medan de mjuka greppen och det justerbara n\u00e4sst\u00f6det h\u00e5ller glas\u00f6gonen p\u00e5 plats. Den eleganta och moderna designen passar perfekt ihop med moderna hj\u00e4lmar och ger en s\u00f6ml\u00f6s och i\u00f6gonfallande look f\u00f6r b\u00e4raren.<\/p>","protected":false},"excerpt":{"rendered":"<p>SHIMANO Ajolasit CE-TCNM2 TECHNIUM Ridescape Gravel Pronssikulta ovat erityisesti py\u00f6r\u00e4ilyyn suunnitellut aurinkolasit, jotka tarjoavat erinomaisen UV-400-suojan haitallisilta ultraviolettis\u00e4teilt\u00e4. N\u00e4iden lasien kokokehyksen muotoilu takaa laajan n\u00e4k\u00f6kent\u00e4n ja suojaa tehokkaasti tuulelta, p\u00f6lylt\u00e4 ja roskilta, mik\u00e4 on olennaista py\u00f6r\u00e4ilyss\u00e4. RIDESCAPE-linssit mahdollistavat linssien vaihdon erilaisten ajo-olosuhteiden mukaan, parantaen v\u00e4rien erottuvuutta ja visuaalista selkeytt\u00e4. Eritt\u00e4in kevyt rakenne takaa mukavuuden koko [&#8230;]<\/p>\n<p><a class=\"btn btn-secondary understrap-read-more-link\" href=\"https:\/\/vmsport.fi\/sv\/verkkokauppa\/ajovarusteet\/ajolasit\/shimano-ajolasit-ce-tcnm2-technium-ridescape-gravel-pronssikulta\/\">L\u00e4s mer \u2026<span class=\"screen-reader-text\"> from SHIMANO Ajolasit CE-TCNM2 TECHNIUM Ridescape Gravel Pronssikulta<\/span><\/a><\/p>\n","protected":false},"featured_media":56857,"comment_status":"open","ping_status":"closed","template":"","meta":{"_acf_changed":false,"_improvement_type_select":"improve_an_existing","_thumb_yes_seoaic":false,"_frame_yes_seoaic":false,"seoaic_generate_description":"","seoaic_improve_instructions_prompt":"","seoaic_rollback_content_improvement":"","seoaic_idea_thumbnail_generator":"","thumbnail_generated":false,"thumbnail_generate_prompt":"","seoaic_article_description":"","_supplier_stock_quantity":0},"product_brand":[],"product_model":[],"product_cat":[9280],"product_tag":[],"industry-terminology":[],"class_list":{"0":"post-56858","1":"product","2":"type-product","3":"status-publish","4":"has-post-thumbnail","6":"product_cat-ajolasit","8":"first","9":"outofstock","10":"taxable","11":"shipping-taxable","12":"product-type-simple"},"acf":{"bike_features":null,"overview":{"copy_overview":null,"key_features":null,"statement":"","youtube_url":""}},"yoast_head":"<!-- This site is optimized with the Yoast SEO plugin v27.3 - https:\/\/yoast.com\/product\/yoast-seo-wordpress\/ -->\n<title>SHIMANO Ajolasit CE-TCNM2 TECHNIUM Ridescape Gravel Pronssikulta - VM Sport<\/title>\n<meta name=\"robots\" content=\"index, follow, max-snippet:-1, max-image-preview:large, max-video-preview:-1\" \/>\n<link rel=\"canonical\" href=\"https:\/\/vmsport.fi\/sv\/webbutik\/korutrustning\/drivande-glasogon\/shimano-ajolasit-ce-tcnm2-technium-ridescape-grus-brons-guld\/\" \/>\n<meta property=\"og:locale\" content=\"sv_SE\" \/>\n<meta property=\"og:type\" content=\"article\" \/>\n<meta property=\"og:title\" content=\"SHIMANO Ajolasit CE-TCNM2 TECHNIUM Ridescape Gravel Pronssikulta - VM Sport\" \/>\n<meta property=\"og:description\" content=\"SHIMANO Ajolasit CE-TCNM2 TECHNIUM Ridescape Gravel Pronssikulta ovat erityisesti py\u00f6r\u00e4ilyyn suunnitellut aurinkolasit, jotka tarjoavat erinomaisen UV-400-suojan haitallisilta ultraviolettis\u00e4teilt\u00e4. N\u00e4iden lasien kokokehyksen muotoilu takaa laajan n\u00e4k\u00f6kent\u00e4n ja suojaa tehokkaasti tuulelta, p\u00f6lylt\u00e4 ja roskilta, mik\u00e4 on olennaista py\u00f6r\u00e4ilyss\u00e4. RIDESCAPE-linssit mahdollistavat linssien vaihdon erilaisten ajo-olosuhteiden mukaan, parantaen v\u00e4rien erottuvuutta ja visuaalista selkeytt\u00e4. Eritt\u00e4in kevyt rakenne takaa mukavuuden koko [...]L\u00e4s mer \u2026 from SHIMANO Ajolasit CE-TCNM2 TECHNIUM Ridescape Gravel Pronssikulta\" \/>\n<meta property=\"og:url\" content=\"https:\/\/vmsport.fi\/sv\/webbutik\/korutrustning\/drivande-glasogon\/shimano-ajolasit-ce-tcnm2-technium-ridescape-grus-brons-guld\/\" \/>\n<meta property=\"og:site_name\" content=\"VM Sport\" \/>\n<meta property=\"article:publisher\" content=\"https:\/\/www.facebook.com\/Vmsport.fi\/\" \/>\n<meta property=\"article:modified_time\" content=\"2026-01-16T11:24:55+00:00\" \/>\n<meta property=\"og:image\" content=\"https:\/\/vmsport.fi\/wp-content\/uploads\/2025\/03\/CE-TCNM2-GR-shic358-primary-1-jpg-thumb-572-572-1.png\" \/>\n\t<meta property=\"og:image:width\" content=\"572\" \/>\n\t<meta property=\"og:image:height\" content=\"572\" \/>\n\t<meta property=\"og:image:type\" content=\"image\/png\" \/>\n<meta name=\"twitter:card\" content=\"summary_large_image\" \/>\n<meta name=\"twitter:label1\" content=\"Ber\u00e4knad l\u00e4stid\" \/>\n\t<meta name=\"twitter:data1\" content=\"1 minut\" \/>\n<script type=\"application\/ld+json\" class=\"yoast-schema-graph\">{\"@context\":\"https:\\\/\\\/schema.org\",\"@graph\":[{\"@type\":[\"WebPage\",\"ItemPage\"],\"@id\":\"https:\\\/\\\/vmsport.fi\\\/verkkokauppa\\\/ajovarusteet\\\/ajolasit\\\/shimano-ajolasit-ce-tcnm2-technium-ridescape-gravel-pronssikulta\\\/\",\"url\":\"https:\\\/\\\/vmsport.fi\\\/verkkokauppa\\\/ajovarusteet\\\/ajolasit\\\/shimano-ajolasit-ce-tcnm2-technium-ridescape-gravel-pronssikulta\\\/\",\"name\":\"SHIMANO Ajolasit CE-TCNM2 TECHNIUM Ridescape Gravel Pronssikulta - VM Sport\",\"isPartOf\":{\"@id\":\"https:\\\/\\\/vmsport.fi\\\/#website\"},\"primaryImageOfPage\":{\"@id\":\"https:\\\/\\\/vmsport.fi\\\/verkkokauppa\\\/ajovarusteet\\\/ajolasit\\\/shimano-ajolasit-ce-tcnm2-technium-ridescape-gravel-pronssikulta\\\/#primaryimage\"},\"image\":{\"@id\":\"https:\\\/\\\/vmsport.fi\\\/verkkokauppa\\\/ajovarusteet\\\/ajolasit\\\/shimano-ajolasit-ce-tcnm2-technium-ridescape-gravel-pronssikulta\\\/#primaryimage\"},\"thumbnailUrl\":\"https:\\\/\\\/vmsport.fi\\\/wp-content\\\/uploads\\\/2025\\\/03\\\/CE-TCNM2-GR-shic358-primary-1-jpg-thumb-572-572-1.png\",\"datePublished\":\"2025-03-05T22:24:52+00:00\",\"dateModified\":\"2026-01-16T11:24:55+00:00\",\"breadcrumb\":{\"@id\":\"https:\\\/\\\/vmsport.fi\\\/verkkokauppa\\\/ajovarusteet\\\/ajolasit\\\/shimano-ajolasit-ce-tcnm2-technium-ridescape-gravel-pronssikulta\\\/#breadcrumb\"},\"inLanguage\":\"sv-SE\",\"potentialAction\":[{\"@type\":\"ReadAction\",\"target\":[\"https:\\\/\\\/vmsport.fi\\\/verkkokauppa\\\/ajovarusteet\\\/ajolasit\\\/shimano-ajolasit-ce-tcnm2-technium-ridescape-gravel-pronssikulta\\\/\"]}]},{\"@type\":\"ImageObject\",\"inLanguage\":\"sv-SE\",\"@id\":\"https:\\\/\\\/vmsport.fi\\\/verkkokauppa\\\/ajovarusteet\\\/ajolasit\\\/shimano-ajolasit-ce-tcnm2-technium-ridescape-gravel-pronssikulta\\\/#primaryimage\",\"url\":\"https:\\\/\\\/vmsport.fi\\\/wp-content\\\/uploads\\\/2025\\\/03\\\/CE-TCNM2-GR-shic358-primary-1-jpg-thumb-572-572-1.png\",\"contentUrl\":\"https:\\\/\\\/vmsport.fi\\\/wp-content\\\/uploads\\\/2025\\\/03\\\/CE-TCNM2-GR-shic358-primary-1-jpg-thumb-572-572-1.png\",\"width\":572,\"height\":572,\"caption\":\"CE-TCNM2-GR-shic358-primary-1-jpg-thumb-572-572\"},{\"@type\":\"BreadcrumbList\",\"@id\":\"https:\\\/\\\/vmsport.fi\\\/verkkokauppa\\\/ajovarusteet\\\/ajolasit\\\/shimano-ajolasit-ce-tcnm2-technium-ridescape-gravel-pronssikulta\\\/#breadcrumb\",\"itemListElement\":[{\"@type\":\"ListItem\",\"position\":1,\"name\":\"Etusivu\",\"item\":\"https:\\\/\\\/vmsport.fi\\\/\"},{\"@type\":\"ListItem\",\"position\":2,\"name\":\"Online Store\",\"item\":\"https:\\\/\\\/vmsport.fi\\\/en\\\/online-store\\\/\"},{\"@type\":\"ListItem\",\"position\":3,\"name\":\"SHIMANO Ajolasit CE-TCNM2 TECHNIUM Ridescape Gravel Pronssikulta\"}]},{\"@type\":\"WebSite\",\"@id\":\"https:\\\/\\\/vmsport.fi\\\/#website\",\"url\":\"https:\\\/\\\/vmsport.fi\\\/\",\"name\":\"Vmsport\",\"description\":\"Kaikki py\u00f6r\u00e4ilyyn yhdest\u00e4 paikasta\",\"publisher\":{\"@id\":\"https:\\\/\\\/vmsport.fi\\\/#organization\"},\"potentialAction\":[{\"@type\":\"SearchAction\",\"target\":{\"@type\":\"EntryPoint\",\"urlTemplate\":\"https:\\\/\\\/vmsport.fi\\\/?s={search_term_string}\"},\"query-input\":{\"@type\":\"PropertyValueSpecification\",\"valueRequired\":true,\"valueName\":\"search_term_string\"}}],\"inLanguage\":\"sv-SE\"},{\"@type\":\"Organization\",\"@id\":\"https:\\\/\\\/vmsport.fi\\\/#organization\",\"name\":\"Vmsport\",\"url\":\"https:\\\/\\\/vmsport.fi\\\/\",\"logo\":{\"@type\":\"ImageObject\",\"inLanguage\":\"sv-SE\",\"@id\":\"https:\\\/\\\/vmsport.fi\\\/#\\\/schema\\\/logo\\\/image\\\/\",\"url\":\"https:\\\/\\\/vmsport.fi\\\/wp-content\\\/uploads\\\/2024\\\/12\\\/vm_sport_RGB_horisontal-e1734526017575.png\",\"contentUrl\":\"https:\\\/\\\/vmsport.fi\\\/wp-content\\\/uploads\\\/2024\\\/12\\\/vm_sport_RGB_horisontal-e1734526017575.png\",\"width\":668,\"height\":85,\"caption\":\"Vmsport\"},\"image\":{\"@id\":\"https:\\\/\\\/vmsport.fi\\\/#\\\/schema\\\/logo\\\/image\\\/\"},\"sameAs\":[\"https:\\\/\\\/www.facebook.com\\\/Vmsport.fi\\\/\",\"https:\\\/\\\/www.instagram.com\\\/vmsport\\\/\"]}]}<\/script>\n<!-- \/ Yoast SEO plugin. -->","yoast_head_json":{"title":"SHIMANO CE-TCNM2 TECHNIUM Ridescape Gravel Bronze Gold Solglas\u00f6gon - VM Sport","robots":{"index":"index","follow":"follow","max-snippet":"max-snippet:-1","max-image-preview":"max-image-preview:large","max-video-preview":"max-video-preview:-1"},"canonical":"https:\/\/vmsport.fi\/sv\/webbutik\/korutrustning\/drivande-glasogon\/shimano-ajolasit-ce-tcnm2-technium-ridescape-grus-brons-guld\/","og_locale":"sv_SE","og_type":"article","og_title":"SHIMANO Ajolasit CE-TCNM2 TECHNIUM Ridescape Gravel Pronssikulta - VM Sport","og_description":"SHIMANO Ajolasit CE-TCNM2 TECHNIUM Ridescape Gravel Pronssikulta ovat erityisesti py\u00f6r\u00e4ilyyn suunnitellut aurinkolasit, jotka tarjoavat erinomaisen UV-400-suojan haitallisilta ultraviolettis\u00e4teilt\u00e4. N\u00e4iden lasien kokokehyksen muotoilu takaa laajan n\u00e4k\u00f6kent\u00e4n ja suojaa tehokkaasti tuulelta, p\u00f6lylt\u00e4 ja roskilta, mik\u00e4 on olennaista py\u00f6r\u00e4ilyss\u00e4. RIDESCAPE-linssit mahdollistavat linssien vaihdon erilaisten ajo-olosuhteiden mukaan, parantaen v\u00e4rien erottuvuutta ja visuaalista selkeytt\u00e4. Eritt\u00e4in kevyt rakenne takaa mukavuuden koko [...]L\u00e4s mer \u2026 from SHIMANO Ajolasit CE-TCNM2 TECHNIUM Ridescape Gravel Pronssikulta","og_url":"https:\/\/vmsport.fi\/sv\/webbutik\/korutrustning\/drivande-glasogon\/shimano-ajolasit-ce-tcnm2-technium-ridescape-grus-brons-guld\/","og_site_name":"VM Sport","article_publisher":"https:\/\/www.facebook.com\/Vmsport.fi\/","article_modified_time":"2026-01-16T11:24:55+00:00","og_image":[{"width":572,"height":572,"url":"https:\/\/vmsport.fi\/wp-content\/uploads\/2025\/03\/CE-TCNM2-GR-shic358-primary-1-jpg-thumb-572-572-1.png","type":"image\/png"}],"twitter_card":"summary_large_image","twitter_misc":{"Ber\u00e4knad l\u00e4stid":"1 minut"},"schema":{"@context":"https:\/\/schema.org","@graph":[{"@type":["WebPage","ItemPage"],"@id":"https:\/\/vmsport.fi\/verkkokauppa\/ajovarusteet\/ajolasit\/shimano-ajolasit-ce-tcnm2-technium-ridescape-gravel-pronssikulta\/","url":"https:\/\/vmsport.fi\/verkkokauppa\/ajovarusteet\/ajolasit\/shimano-ajolasit-ce-tcnm2-technium-ridescape-gravel-pronssikulta\/","name":"SHIMANO CE-TCNM2 TECHNIUM Ridescape Gravel Bronze Gold Solglas\u00f6gon - VM Sport","isPartOf":{"@id":"https:\/\/vmsport.fi\/#website"},"primaryImageOfPage":{"@id":"https:\/\/vmsport.fi\/verkkokauppa\/ajovarusteet\/ajolasit\/shimano-ajolasit-ce-tcnm2-technium-ridescape-gravel-pronssikulta\/#primaryimage"},"image":{"@id":"https:\/\/vmsport.fi\/verkkokauppa\/ajovarusteet\/ajolasit\/shimano-ajolasit-ce-tcnm2-technium-ridescape-gravel-pronssikulta\/#primaryimage"},"thumbnailUrl":"https:\/\/vmsport.fi\/wp-content\/uploads\/2025\/03\/CE-TCNM2-GR-shic358-primary-1-jpg-thumb-572-572-1.png","datePublished":"2025-03-05T22:24:52+00:00","dateModified":"2026-01-16T11:24:55+00:00","breadcrumb":{"@id":"https:\/\/vmsport.fi\/verkkokauppa\/ajovarusteet\/ajolasit\/shimano-ajolasit-ce-tcnm2-technium-ridescape-gravel-pronssikulta\/#breadcrumb"},"inLanguage":"sv-SE","potentialAction":[{"@type":"ReadAction","target":["https:\/\/vmsport.fi\/verkkokauppa\/ajovarusteet\/ajolasit\/shimano-ajolasit-ce-tcnm2-technium-ridescape-gravel-pronssikulta\/"]}]},{"@type":"ImageObject","inLanguage":"sv-SE","@id":"https:\/\/vmsport.fi\/verkkokauppa\/ajovarusteet\/ajolasit\/shimano-ajolasit-ce-tcnm2-technium-ridescape-gravel-pronssikulta\/#primaryimage","url":"https:\/\/vmsport.fi\/wp-content\/uploads\/2025\/03\/CE-TCNM2-GR-shic358-primary-1-jpg-thumb-572-572-1.png","contentUrl":"https:\/\/vmsport.fi\/wp-content\/uploads\/2025\/03\/CE-TCNM2-GR-shic358-primary-1-jpg-thumb-572-572-1.png","width":572,"height":572,"caption":"CE-TCNM2-GR-shic358-primary-1-jpg-thumb-572-572"},{"@type":"BreadcrumbList","@id":"https:\/\/vmsport.fi\/verkkokauppa\/ajovarusteet\/ajolasit\/shimano-ajolasit-ce-tcnm2-technium-ridescape-gravel-pronssikulta\/#breadcrumb","itemListElement":[{"@type":"ListItem","position":1,"name":"Etusivu","item":"https:\/\/vmsport.fi\/"},{"@type":"ListItem","position":2,"name":"Online Store","item":"https:\/\/vmsport.fi\/en\/online-store\/"},{"@type":"ListItem","position":3,"name":"SHIMANO Ajolasit CE-TCNM2 TECHNIUM Ridescape Gravel Pronssikulta"}]},{"@type":"WebSite","@id":"https:\/\/vmsport.fi\/#website","url":"https:\/\/vmsport.fi\/","name":"Vmsport","description":"Allt p\u00e5 ett st\u00e4lle f\u00f6r cykling","publisher":{"@id":"https:\/\/vmsport.fi\/#organization"},"potentialAction":[{"@type":"SearchAction","target":{"@type":"EntryPoint","urlTemplate":"https:\/\/vmsport.fi\/?s={search_term_string}"},"query-input":{"@type":"PropertyValueSpecification","valueRequired":true,"valueName":"search_term_string"}}],"inLanguage":"sv-SE"},{"@type":"Organization","@id":"https:\/\/vmsport.fi\/#organization","name":"Vmsport","url":"https:\/\/vmsport.fi\/","logo":{"@type":"ImageObject","inLanguage":"sv-SE","@id":"https:\/\/vmsport.fi\/#\/schema\/logo\/image\/","url":"https:\/\/vmsport.fi\/wp-content\/uploads\/2024\/12\/vm_sport_RGB_horisontal-e1734526017575.png","contentUrl":"https:\/\/vmsport.fi\/wp-content\/uploads\/2024\/12\/vm_sport_RGB_horisontal-e1734526017575.png","width":668,"height":85,"caption":"Vmsport"},"image":{"@id":"https:\/\/vmsport.fi\/#\/schema\/logo\/image\/"},"sameAs":["https:\/\/www.facebook.com\/Vmsport.fi\/","https:\/\/www.instagram.com\/vmsport\/"]}]}},"global_unique_id":"","_links":{"self":[{"href":"https:\/\/vmsport.fi\/sv\/wp-json\/wp\/v2\/product\/56858","targetHints":{"allow":["GET"]}}],"collection":[{"href":"https:\/\/vmsport.fi\/sv\/wp-json\/wp\/v2\/product"}],"about":[{"href":"https:\/\/vmsport.fi\/sv\/wp-json\/wp\/v2\/types\/product"}],"replies":[{"embeddable":true,"href":"https:\/\/vmsport.fi\/sv\/wp-json\/wp\/v2\/comments?post=56858"}],"wp:featuredmedia":[{"embeddable":true,"href":"https:\/\/vmsport.fi\/sv\/wp-json\/wp\/v2\/media\/56857"}],"wp:attachment":[{"href":"https:\/\/vmsport.fi\/sv\/wp-json\/wp\/v2\/media?parent=56858"}],"wp:term":[{"taxonomy":"product_brand","embeddable":true,"href":"https:\/\/vmsport.fi\/sv\/wp-json\/wp\/v2\/product_brand?post=56858"},{"taxonomy":"product_model","embeddable":true,"href":"https:\/\/vmsport.fi\/sv\/wp-json\/wp\/v2\/product_model?post=56858"},{"taxonomy":"product_cat","embeddable":true,"href":"https:\/\/vmsport.fi\/sv\/wp-json\/wp\/v2\/product_cat?post=56858"},{"taxonomy":"product_tag","embeddable":true,"href":"https:\/\/vmsport.fi\/sv\/wp-json\/wp\/v2\/product_tag?post=56858"},{"taxonomy":"industry_terminology","embeddable":true,"href":"https:\/\/vmsport.fi\/sv\/wp-json\/wp\/v2\/industry-terminology?post=56858"}],"curies":[{"name":"wp","href":"https:\/\/api.w.org\/{rel}","templated":true}]}}