{"id":56852,"date":"2025-03-06T00:24:49","date_gmt":"2025-03-05T22:24:49","guid":{"rendered":"https:\/\/vmsport.fi\/verkkokauppa\/Ei-luokiteltu\/muc-off-expanding-sponge\/"},"modified":"2026-01-16T13:25:52","modified_gmt":"2026-01-16T11:25:52","slug":"slem-fran-expanderande-svamp","status":"publish","type":"product","link":"https:\/\/vmsport.fi\/sv\/verkkokauppa\/tarvikkeet\/huolto-ja-pesu\/puhdistustyokalut\/muc-off-expanding-sponge\/","title":{"rendered":"MUC-OFF Expanderande svamp"},"content":{"rendered":"<p>MUC-OFF Expandable Sponge \u00e4r ergonomiskt utformad f\u00f6r utm\u00e4rkt komfort och enkel anv\u00e4ndning. Den unika mikrocellstrukturen har utvecklats f\u00f6r att effektivt avl\u00e4gsna smuts och f\u00f6rb\u00e4ttra reng\u00f6ringsprestandan. Den kompakta f\u00f6rpackningen sparar utrymme och minskar anv\u00e4ndningen av plast. N\u00e4r svampen doppas i vatten expanderar den till perfekt storlek, vilket g\u00f6r den idealisk f\u00f6r reng\u00f6ring av cyklar och hjul. Den h\u00e4r svampen \u00e4r idealisk f\u00f6r reng\u00f6ring av en m\u00e4ngd olika fordon och ger en s\u00e4rskilt effektiv l\u00f6sning f\u00f6r reng\u00f6ring av cyklar och hjul.<\/p>","protected":false},"excerpt":{"rendered":"<p>MUC-OFF Laajeneva Sieni on suunniteltu ergonomisesti, mik\u00e4 takaa erinomaisen k\u00e4ytt\u00f6mukavuuden ja helppok\u00e4ytt\u00f6isyyden. Sen ainutlaatuinen mikrokennorakenne on kehitetty tehokkaasti poistamaan likaa ja parantamaan puhdistustulosta. Kompakti pakkaus s\u00e4\u00e4st\u00e4\u00e4 tilaa ja v\u00e4hent\u00e4\u00e4 muovin k\u00e4ytt\u00f6\u00e4. Kun sienen upottaa veteen, se laajenee t\u00e4ydellisen kokoiseksi, mik\u00e4 tekee siit\u00e4 ihanteellisen polkupy\u00f6rien ja py\u00f6rien puhdistamiseen. T\u00e4m\u00e4 sieni soveltuu loistavasti erilaisten ajoneuvojen puhdistukseen, tarjoten [&#8230;]<\/p>\n<p><a class=\"btn btn-secondary understrap-read-more-link\" href=\"https:\/\/vmsport.fi\/sv\/verkkokauppa\/tarvikkeet\/huolto-ja-pesu\/puhdistustyokalut\/muc-off-expanding-sponge\/\">L\u00e4s mer \u2026<span class=\"screen-reader-text\"> from MUC-OFF Expanding Sponge<\/span><\/a><\/p>\n","protected":false},"featured_media":56851,"comment_status":"open","ping_status":"closed","template":"","meta":{"_acf_changed":false,"_improvement_type_select":"improve_an_existing","_thumb_yes_seoaic":false,"_frame_yes_seoaic":false,"seoaic_generate_description":"","seoaic_improve_instructions_prompt":"","seoaic_rollback_content_improvement":"","seoaic_idea_thumbnail_generator":"","thumbnail_generated":false,"thumbnail_generate_prompt":"","seoaic_article_description":"","_supplier_stock_quantity":0},"product_brand":[1584],"product_model":[],"product_cat":[9576],"product_tag":[],"industry-terminology":[],"class_list":{"0":"post-56852","1":"product","2":"type-product","3":"status-publish","4":"has-post-thumbnail","6":"product_brand-muc-off","7":"product_cat-puhdistustyokalut","9":"first","10":"instock","11":"taxable","12":"shipping-taxable","13":"purchasable","14":"product-type-simple"},"acf":{"bike_features":null,"overview":{"copy_overview":null,"key_features":null,"statement":"","youtube_url":""}},"yoast_head":"<!-- This site is optimized with the Yoast SEO plugin v27.3 - https:\/\/yoast.com\/product\/yoast-seo-wordpress\/ -->\n<title>MUC-OFF Expanding Sponge - VM Sport<\/title>\n<meta name=\"robots\" content=\"index, follow, max-snippet:-1, max-image-preview:large, max-video-preview:-1\" \/>\n<link rel=\"canonical\" href=\"https:\/\/vmsport.fi\/sv\/webbutik\/tillbehor\/underhall-och-tvatt\/rengoringsutrustning\/slem-fran-expanderande-svamp\/\" \/>\n<meta property=\"og:locale\" content=\"sv_SE\" \/>\n<meta property=\"og:type\" content=\"article\" \/>\n<meta property=\"og:title\" content=\"MUC-OFF Expanding Sponge - VM Sport\" \/>\n<meta property=\"og:description\" content=\"MUC-OFF Laajeneva Sieni on suunniteltu ergonomisesti, mik\u00e4 takaa erinomaisen k\u00e4ytt\u00f6mukavuuden ja helppok\u00e4ytt\u00f6isyyden. Sen ainutlaatuinen mikrokennorakenne on kehitetty tehokkaasti poistamaan likaa ja parantamaan puhdistustulosta. Kompakti pakkaus s\u00e4\u00e4st\u00e4\u00e4 tilaa ja v\u00e4hent\u00e4\u00e4 muovin k\u00e4ytt\u00f6\u00e4. Kun sienen upottaa veteen, se laajenee t\u00e4ydellisen kokoiseksi, mik\u00e4 tekee siit\u00e4 ihanteellisen polkupy\u00f6rien ja py\u00f6rien puhdistamiseen. T\u00e4m\u00e4 sieni soveltuu loistavasti erilaisten ajoneuvojen puhdistukseen, tarjoten [...]L\u00e4s mer \u2026 from MUC-OFF Expanding Sponge\" \/>\n<meta property=\"og:url\" content=\"https:\/\/vmsport.fi\/sv\/webbutik\/tillbehor\/underhall-och-tvatt\/rengoringsutrustning\/slem-fran-expanderande-svamp\/\" \/>\n<meta property=\"og:site_name\" content=\"VM Sport\" \/>\n<meta property=\"article:publisher\" content=\"https:\/\/www.facebook.com\/Vmsport.fi\/\" \/>\n<meta property=\"article:modified_time\" content=\"2026-01-16T11:25:52+00:00\" \/>\n<meta property=\"og:image\" content=\"https:\/\/vmsport.fi\/wp-content\/uploads\/2025\/03\/IALXyrs5foueOScwivzyoPBzqJdCUO0BnWU72kqrwm1s8WbZYz-1.jpg\" \/>\n\t<meta property=\"og:image:width\" content=\"571\" \/>\n\t<meta property=\"og:image:height\" content=\"293\" \/>\n\t<meta property=\"og:image:type\" content=\"image\/jpeg\" \/>\n<meta name=\"twitter:card\" content=\"summary_large_image\" \/>\n<script type=\"application\/ld+json\" class=\"yoast-schema-graph\">{\"@context\":\"https:\\\/\\\/schema.org\",\"@graph\":[{\"@type\":[\"WebPage\",\"ItemPage\"],\"@id\":\"https:\\\/\\\/vmsport.fi\\\/verkkokauppa\\\/tarvikkeet\\\/huolto-ja-pesu\\\/puhdistustyokalut\\\/muc-off-expanding-sponge\\\/\",\"url\":\"https:\\\/\\\/vmsport.fi\\\/verkkokauppa\\\/tarvikkeet\\\/huolto-ja-pesu\\\/puhdistustyokalut\\\/muc-off-expanding-sponge\\\/\",\"name\":\"MUC-OFF Expanding Sponge - VM Sport\",\"isPartOf\":{\"@id\":\"https:\\\/\\\/vmsport.fi\\\/#website\"},\"primaryImageOfPage\":{\"@id\":\"https:\\\/\\\/vmsport.fi\\\/verkkokauppa\\\/tarvikkeet\\\/huolto-ja-pesu\\\/puhdistustyokalut\\\/muc-off-expanding-sponge\\\/#primaryimage\"},\"image\":{\"@id\":\"https:\\\/\\\/vmsport.fi\\\/verkkokauppa\\\/tarvikkeet\\\/huolto-ja-pesu\\\/puhdistustyokalut\\\/muc-off-expanding-sponge\\\/#primaryimage\"},\"thumbnailUrl\":\"https:\\\/\\\/vmsport.fi\\\/wp-content\\\/uploads\\\/2025\\\/03\\\/IALXyrs5foueOScwivzyoPBzqJdCUO0BnWU72kqrwm1s8WbZYz-1.jpg\",\"datePublished\":\"2025-03-05T22:24:49+00:00\",\"dateModified\":\"2026-01-16T11:25:52+00:00\",\"breadcrumb\":{\"@id\":\"https:\\\/\\\/vmsport.fi\\\/verkkokauppa\\\/tarvikkeet\\\/huolto-ja-pesu\\\/puhdistustyokalut\\\/muc-off-expanding-sponge\\\/#breadcrumb\"},\"inLanguage\":\"sv-SE\",\"potentialAction\":[{\"@type\":\"ReadAction\",\"target\":[\"https:\\\/\\\/vmsport.fi\\\/verkkokauppa\\\/tarvikkeet\\\/huolto-ja-pesu\\\/puhdistustyokalut\\\/muc-off-expanding-sponge\\\/\"]}]},{\"@type\":\"ImageObject\",\"inLanguage\":\"sv-SE\",\"@id\":\"https:\\\/\\\/vmsport.fi\\\/verkkokauppa\\\/tarvikkeet\\\/huolto-ja-pesu\\\/puhdistustyokalut\\\/muc-off-expanding-sponge\\\/#primaryimage\",\"url\":\"https:\\\/\\\/vmsport.fi\\\/wp-content\\\/uploads\\\/2025\\\/03\\\/IALXyrs5foueOScwivzyoPBzqJdCUO0BnWU72kqrwm1s8WbZYz-1.jpg\",\"contentUrl\":\"https:\\\/\\\/vmsport.fi\\\/wp-content\\\/uploads\\\/2025\\\/03\\\/IALXyrs5foueOScwivzyoPBzqJdCUO0BnWU72kqrwm1s8WbZYz-1.jpg\",\"width\":571,\"height\":293,\"caption\":\"IALXyrs5foueOScwivzyoPBzqJdCUO0BnWU72kqrwm1s8WbZYz\"},{\"@type\":\"BreadcrumbList\",\"@id\":\"https:\\\/\\\/vmsport.fi\\\/verkkokauppa\\\/tarvikkeet\\\/huolto-ja-pesu\\\/puhdistustyokalut\\\/muc-off-expanding-sponge\\\/#breadcrumb\",\"itemListElement\":[{\"@type\":\"ListItem\",\"position\":1,\"name\":\"Etusivu\",\"item\":\"https:\\\/\\\/vmsport.fi\\\/\"},{\"@type\":\"ListItem\",\"position\":2,\"name\":\"Online Store\",\"item\":\"https:\\\/\\\/vmsport.fi\\\/en\\\/online-store\\\/\"},{\"@type\":\"ListItem\",\"position\":3,\"name\":\"MUC-OFF Expanding Sponge\"}]},{\"@type\":\"WebSite\",\"@id\":\"https:\\\/\\\/vmsport.fi\\\/#website\",\"url\":\"https:\\\/\\\/vmsport.fi\\\/\",\"name\":\"Vmsport\",\"description\":\"Kaikki py\u00f6r\u00e4ilyyn yhdest\u00e4 paikasta\",\"publisher\":{\"@id\":\"https:\\\/\\\/vmsport.fi\\\/#organization\"},\"potentialAction\":[{\"@type\":\"SearchAction\",\"target\":{\"@type\":\"EntryPoint\",\"urlTemplate\":\"https:\\\/\\\/vmsport.fi\\\/?s={search_term_string}\"},\"query-input\":{\"@type\":\"PropertyValueSpecification\",\"valueRequired\":true,\"valueName\":\"search_term_string\"}}],\"inLanguage\":\"sv-SE\"},{\"@type\":\"Organization\",\"@id\":\"https:\\\/\\\/vmsport.fi\\\/#organization\",\"name\":\"Vmsport\",\"url\":\"https:\\\/\\\/vmsport.fi\\\/\",\"logo\":{\"@type\":\"ImageObject\",\"inLanguage\":\"sv-SE\",\"@id\":\"https:\\\/\\\/vmsport.fi\\\/#\\\/schema\\\/logo\\\/image\\\/\",\"url\":\"https:\\\/\\\/vmsport.fi\\\/wp-content\\\/uploads\\\/2024\\\/12\\\/vm_sport_RGB_horisontal-e1734526017575.png\",\"contentUrl\":\"https:\\\/\\\/vmsport.fi\\\/wp-content\\\/uploads\\\/2024\\\/12\\\/vm_sport_RGB_horisontal-e1734526017575.png\",\"width\":668,\"height\":85,\"caption\":\"Vmsport\"},\"image\":{\"@id\":\"https:\\\/\\\/vmsport.fi\\\/#\\\/schema\\\/logo\\\/image\\\/\"},\"sameAs\":[\"https:\\\/\\\/www.facebook.com\\\/Vmsport.fi\\\/\",\"https:\\\/\\\/www.instagram.com\\\/vmsport\\\/\"]}]}<\/script>\n<!-- \/ Yoast SEO plugin. -->","yoast_head_json":{"title":"MUC-OFF Expanderande svamp - VM Sport","robots":{"index":"index","follow":"follow","max-snippet":"max-snippet:-1","max-image-preview":"max-image-preview:large","max-video-preview":"max-video-preview:-1"},"canonical":"https:\/\/vmsport.fi\/sv\/webbutik\/tillbehor\/underhall-och-tvatt\/rengoringsutrustning\/slem-fran-expanderande-svamp\/","og_locale":"sv_SE","og_type":"article","og_title":"MUC-OFF Expanding Sponge - VM Sport","og_description":"MUC-OFF Laajeneva Sieni on suunniteltu ergonomisesti, mik\u00e4 takaa erinomaisen k\u00e4ytt\u00f6mukavuuden ja helppok\u00e4ytt\u00f6isyyden. Sen ainutlaatuinen mikrokennorakenne on kehitetty tehokkaasti poistamaan likaa ja parantamaan puhdistustulosta. Kompakti pakkaus s\u00e4\u00e4st\u00e4\u00e4 tilaa ja v\u00e4hent\u00e4\u00e4 muovin k\u00e4ytt\u00f6\u00e4. Kun sienen upottaa veteen, se laajenee t\u00e4ydellisen kokoiseksi, mik\u00e4 tekee siit\u00e4 ihanteellisen polkupy\u00f6rien ja py\u00f6rien puhdistamiseen. T\u00e4m\u00e4 sieni soveltuu loistavasti erilaisten ajoneuvojen puhdistukseen, tarjoten [...]L\u00e4s mer \u2026 from MUC-OFF Expanding Sponge","og_url":"https:\/\/vmsport.fi\/sv\/webbutik\/tillbehor\/underhall-och-tvatt\/rengoringsutrustning\/slem-fran-expanderande-svamp\/","og_site_name":"VM Sport","article_publisher":"https:\/\/www.facebook.com\/Vmsport.fi\/","article_modified_time":"2026-01-16T11:25:52+00:00","og_image":[{"width":571,"height":293,"url":"https:\/\/vmsport.fi\/wp-content\/uploads\/2025\/03\/IALXyrs5foueOScwivzyoPBzqJdCUO0BnWU72kqrwm1s8WbZYz-1.jpg","type":"image\/jpeg"}],"twitter_card":"summary_large_image","schema":{"@context":"https:\/\/schema.org","@graph":[{"@type":["WebPage","ItemPage"],"@id":"https:\/\/vmsport.fi\/verkkokauppa\/tarvikkeet\/huolto-ja-pesu\/puhdistustyokalut\/muc-off-expanding-sponge\/","url":"https:\/\/vmsport.fi\/verkkokauppa\/tarvikkeet\/huolto-ja-pesu\/puhdistustyokalut\/muc-off-expanding-sponge\/","name":"MUC-OFF Expanderande svamp - VM Sport","isPartOf":{"@id":"https:\/\/vmsport.fi\/#website"},"primaryImageOfPage":{"@id":"https:\/\/vmsport.fi\/verkkokauppa\/tarvikkeet\/huolto-ja-pesu\/puhdistustyokalut\/muc-off-expanding-sponge\/#primaryimage"},"image":{"@id":"https:\/\/vmsport.fi\/verkkokauppa\/tarvikkeet\/huolto-ja-pesu\/puhdistustyokalut\/muc-off-expanding-sponge\/#primaryimage"},"thumbnailUrl":"https:\/\/vmsport.fi\/wp-content\/uploads\/2025\/03\/IALXyrs5foueOScwivzyoPBzqJdCUO0BnWU72kqrwm1s8WbZYz-1.jpg","datePublished":"2025-03-05T22:24:49+00:00","dateModified":"2026-01-16T11:25:52+00:00","breadcrumb":{"@id":"https:\/\/vmsport.fi\/verkkokauppa\/tarvikkeet\/huolto-ja-pesu\/puhdistustyokalut\/muc-off-expanding-sponge\/#breadcrumb"},"inLanguage":"sv-SE","potentialAction":[{"@type":"ReadAction","target":["https:\/\/vmsport.fi\/verkkokauppa\/tarvikkeet\/huolto-ja-pesu\/puhdistustyokalut\/muc-off-expanding-sponge\/"]}]},{"@type":"ImageObject","inLanguage":"sv-SE","@id":"https:\/\/vmsport.fi\/verkkokauppa\/tarvikkeet\/huolto-ja-pesu\/puhdistustyokalut\/muc-off-expanding-sponge\/#primaryimage","url":"https:\/\/vmsport.fi\/wp-content\/uploads\/2025\/03\/IALXyrs5foueOScwivzyoPBzqJdCUO0BnWU72kqrwm1s8WbZYz-1.jpg","contentUrl":"https:\/\/vmsport.fi\/wp-content\/uploads\/2025\/03\/IALXyrs5foueOScwivzyoPBzqJdCUO0BnWU72kqrwm1s8WbZYz-1.jpg","width":571,"height":293,"caption":"IALXyrs5foueOScwivzyoPBzqJdCUO0BnWU72kqrwm1s8WbZYz"},{"@type":"BreadcrumbList","@id":"https:\/\/vmsport.fi\/verkkokauppa\/tarvikkeet\/huolto-ja-pesu\/puhdistustyokalut\/muc-off-expanding-sponge\/#breadcrumb","itemListElement":[{"@type":"ListItem","position":1,"name":"Etusivu","item":"https:\/\/vmsport.fi\/"},{"@type":"ListItem","position":2,"name":"Online Store","item":"https:\/\/vmsport.fi\/en\/online-store\/"},{"@type":"ListItem","position":3,"name":"MUC-OFF Expanding Sponge"}]},{"@type":"WebSite","@id":"https:\/\/vmsport.fi\/#website","url":"https:\/\/vmsport.fi\/","name":"Vmsport","description":"Allt p\u00e5 ett st\u00e4lle f\u00f6r cykling","publisher":{"@id":"https:\/\/vmsport.fi\/#organization"},"potentialAction":[{"@type":"SearchAction","target":{"@type":"EntryPoint","urlTemplate":"https:\/\/vmsport.fi\/?s={search_term_string}"},"query-input":{"@type":"PropertyValueSpecification","valueRequired":true,"valueName":"search_term_string"}}],"inLanguage":"sv-SE"},{"@type":"Organization","@id":"https:\/\/vmsport.fi\/#organization","name":"Vmsport","url":"https:\/\/vmsport.fi\/","logo":{"@type":"ImageObject","inLanguage":"sv-SE","@id":"https:\/\/vmsport.fi\/#\/schema\/logo\/image\/","url":"https:\/\/vmsport.fi\/wp-content\/uploads\/2024\/12\/vm_sport_RGB_horisontal-e1734526017575.png","contentUrl":"https:\/\/vmsport.fi\/wp-content\/uploads\/2024\/12\/vm_sport_RGB_horisontal-e1734526017575.png","width":668,"height":85,"caption":"Vmsport"},"image":{"@id":"https:\/\/vmsport.fi\/#\/schema\/logo\/image\/"},"sameAs":["https:\/\/www.facebook.com\/Vmsport.fi\/","https:\/\/www.instagram.com\/vmsport\/"]}]}},"global_unique_id":"","_links":{"self":[{"href":"https:\/\/vmsport.fi\/sv\/wp-json\/wp\/v2\/product\/56852","targetHints":{"allow":["GET"]}}],"collection":[{"href":"https:\/\/vmsport.fi\/sv\/wp-json\/wp\/v2\/product"}],"about":[{"href":"https:\/\/vmsport.fi\/sv\/wp-json\/wp\/v2\/types\/product"}],"replies":[{"embeddable":true,"href":"https:\/\/vmsport.fi\/sv\/wp-json\/wp\/v2\/comments?post=56852"}],"wp:featuredmedia":[{"embeddable":true,"href":"https:\/\/vmsport.fi\/sv\/wp-json\/wp\/v2\/media\/56851"}],"wp:attachment":[{"href":"https:\/\/vmsport.fi\/sv\/wp-json\/wp\/v2\/media?parent=56852"}],"wp:term":[{"taxonomy":"product_brand","embeddable":true,"href":"https:\/\/vmsport.fi\/sv\/wp-json\/wp\/v2\/product_brand?post=56852"},{"taxonomy":"product_model","embeddable":true,"href":"https:\/\/vmsport.fi\/sv\/wp-json\/wp\/v2\/product_model?post=56852"},{"taxonomy":"product_cat","embeddable":true,"href":"https:\/\/vmsport.fi\/sv\/wp-json\/wp\/v2\/product_cat?post=56852"},{"taxonomy":"product_tag","embeddable":true,"href":"https:\/\/vmsport.fi\/sv\/wp-json\/wp\/v2\/product_tag?post=56852"},{"taxonomy":"industry_terminology","embeddable":true,"href":"https:\/\/vmsport.fi\/sv\/wp-json\/wp\/v2\/industry-terminology?post=56852"}],"curies":[{"name":"wp","href":"https:\/\/api.w.org\/{rel}","templated":true}]}}