{"id":56848,"date":"2025-03-06T00:24:48","date_gmt":"2025-03-05T22:24:48","guid":{"rendered":"https:\/\/vmsport.fi\/verkkokauppa\/Ei-luokiteltu\/bontrager-bontrager-line-elite-31-6-hissitolppa\/"},"modified":"2026-01-16T13:29:42","modified_gmt":"2026-01-16T11:29:42","slug":"bontrager-bontrager-line-elite-31-6-lyftstativ","status":"publish","type":"product","link":"https:\/\/vmsport.fi\/sv\/verkkokauppa\/varaosat\/satulat-ja-satulatolpat\/satulatolpat-ja-hissitolpat\/bontrager-bontrager-line-elite-31-6-hissitolppa\/","title":{"rendered":"Bontrager Bontrager Line Elite 31.6 Lyftst\u00e5ng"},"content":{"rendered":"<p>Bontrager Line Elite 31,6 Lift Pole \u00e4r utformad f\u00f6r att ge snabb och smidig r\u00f6relse med sin MaxFlow-teknik, som minskar den kraft som beh\u00f6vs f\u00f6r att s\u00e4nka sadeln 20%. Dess luftfj\u00e4drade hydrauliska l\u00e5spatron \u00e4r l\u00e4tt att justera f\u00f6r exakt kontroll av kl\u00e4mkraften. Lyftmastens slagl\u00e4ngd, fr\u00e5n 100 mm till 170 mm, ger st\u00f6d f\u00f6r en m\u00e4ngd olika cykelstilar, och insatser f\u00f6r finjustering av l\u00e4ngden i storlekarna 10 mm och 30 mm ger ytterligare m\u00f6jligheter. Kompatibilitet med Avid Matchmaker- och Shimano I-Spec II-system m\u00f6jligg\u00f6r enkel integrering i olika hjulkonfigurationer. Intern kabeldragning skapar ett estetiskt rent och str\u00f6mlinjeformat utseende, med alla n\u00f6dv\u00e4ndiga kablar och spakar f\u00f6r enkel installation.<\/p>","protected":false},"excerpt":{"rendered":"<p>Bontrager Line Elite 31.6 -hissitolppa on suunniteltu tarjoamaan nopeaa ja sulavaa toimintaa MaxFlow-teknologiansa avulla, joka v\u00e4hent\u00e4\u00e4 satulan laskemiseen tarvittavaa voimaa 20%. Sen ilmajousitettu hydraulinen lukkopatruuna on helposti s\u00e4\u00e4dett\u00e4v\u00e4, mik\u00e4 mahdollistaa tarkan puristusvoiman hallinnan. Hissitolpan matkavaihtoehdot, vaihdellen 100 mm:st\u00e4 170 mm:iin, tukevat erilaisia ajotyylej\u00e4, ja lis\u00e4osat pituuden hienos\u00e4\u00e4t\u00f6\u00f6n 10 mm:n ja 30 mm:n kokoina tarjoavat lis\u00e4mahdollisuuksia. [&#8230;]<\/p>\n<p><a class=\"btn btn-secondary understrap-read-more-link\" href=\"https:\/\/vmsport.fi\/sv\/verkkokauppa\/varaosat\/satulat-ja-satulatolpat\/satulatolpat-ja-hissitolpat\/bontrager-bontrager-line-elite-31-6-hissitolppa\/\">L\u00e4s mer \u2026<span class=\"screen-reader-text\"> from Bontrager Bontrager Line Elite 31.6 Hissitolppa<\/span><\/a><\/p>\n","protected":false},"featured_media":56847,"comment_status":"open","ping_status":"closed","template":"","meta":{"_acf_changed":false,"_improvement_type_select":"improve_an_existing","_thumb_yes_seoaic":false,"_frame_yes_seoaic":false,"seoaic_generate_description":"","seoaic_improve_instructions_prompt":"","seoaic_rollback_content_improvement":"","seoaic_idea_thumbnail_generator":"","thumbnail_generated":false,"thumbnail_generate_prompt":"","seoaic_article_description":"","_supplier_stock_quantity":0},"product_brand":[],"product_model":[],"product_cat":[9424],"product_tag":[],"industry-terminology":[],"class_list":{"0":"post-56848","1":"product","2":"type-product","3":"status-publish","4":"has-post-thumbnail","6":"product_cat-satulatolpat-ja-hissitolpat","8":"first","9":"outofstock","10":"taxable","11":"shipping-taxable","12":"product-type-variable"},"acf":{"bike_features":null,"overview":{"copy_overview":null,"key_features":null,"statement":"","youtube_url":""}},"yoast_head":"<!-- This site is optimized with the Yoast SEO plugin v27.3 - https:\/\/yoast.com\/product\/yoast-seo-wordpress\/ -->\n<title>Bontrager Bontrager Line Elite 31.6 Hissitolppa - VM Sport<\/title>\n<meta name=\"robots\" content=\"index, follow, max-snippet:-1, max-image-preview:large, max-video-preview:-1\" \/>\n<link rel=\"canonical\" href=\"https:\/\/vmsport.fi\/sv\/webbutik\/reservdelar\/sadlar-och-sadelstolpar\/sadelstolpar-och-lyftmaster\/bontrager-bontrager-line-elite-31-6-lyftstativ\/\" \/>\n<meta property=\"og:locale\" content=\"sv_SE\" \/>\n<meta property=\"og:type\" content=\"article\" \/>\n<meta property=\"og:title\" content=\"Bontrager Bontrager Line Elite 31.6 Hissitolppa - VM Sport\" \/>\n<meta property=\"og:description\" content=\"Bontrager Line Elite 31.6 -hissitolppa on suunniteltu tarjoamaan nopeaa ja sulavaa toimintaa MaxFlow-teknologiansa avulla, joka v\u00e4hent\u00e4\u00e4 satulan laskemiseen tarvittavaa voimaa 20%. Sen ilmajousitettu hydraulinen lukkopatruuna on helposti s\u00e4\u00e4dett\u00e4v\u00e4, mik\u00e4 mahdollistaa tarkan puristusvoiman hallinnan. Hissitolpan matkavaihtoehdot, vaihdellen 100 mm:st\u00e4 170 mm:iin, tukevat erilaisia ajotyylej\u00e4, ja lis\u00e4osat pituuden hienos\u00e4\u00e4t\u00f6\u00f6n 10 mm:n ja 30 mm:n kokoina tarjoavat lis\u00e4mahdollisuuksia. [...]L\u00e4s mer \u2026 from Bontrager Bontrager Line Elite 31.6 Hissitolppa\" \/>\n<meta property=\"og:url\" content=\"https:\/\/vmsport.fi\/sv\/webbutik\/reservdelar\/sadlar-och-sadelstolpar\/sadelstolpar-och-lyftmaster\/bontrager-bontrager-line-elite-31-6-lyftstativ\/\" \/>\n<meta property=\"og:site_name\" content=\"VM Sport\" \/>\n<meta property=\"article:publisher\" content=\"https:\/\/www.facebook.com\/Vmsport.fi\/\" \/>\n<meta property=\"article:modified_time\" content=\"2026-01-16T11:29:42+00:00\" \/>\n<meta property=\"og:image\" content=\"https:\/\/vmsport.fi\/wp-content\/uploads\/2025\/03\/0MoccO3vjlUntPwewaMET5xlVQQ8MkHcgKLk3XUMHXKO2PyEd4-1.jpg\" \/>\n\t<meta property=\"og:image:width\" content=\"400\" \/>\n\t<meta property=\"og:image:height\" content=\"301\" \/>\n\t<meta property=\"og:image:type\" content=\"image\/jpeg\" \/>\n<meta name=\"twitter:card\" content=\"summary_large_image\" \/>\n<script type=\"application\/ld+json\" class=\"yoast-schema-graph\">{\"@context\":\"https:\\\/\\\/schema.org\",\"@graph\":[{\"@type\":[\"WebPage\",\"ItemPage\"],\"@id\":\"https:\\\/\\\/vmsport.fi\\\/verkkokauppa\\\/varaosat\\\/satulat-ja-satulatolpat\\\/satulatolpat-ja-hissitolpat\\\/bontrager-bontrager-line-elite-31-6-hissitolppa\\\/\",\"url\":\"https:\\\/\\\/vmsport.fi\\\/verkkokauppa\\\/varaosat\\\/satulat-ja-satulatolpat\\\/satulatolpat-ja-hissitolpat\\\/bontrager-bontrager-line-elite-31-6-hissitolppa\\\/\",\"name\":\"Bontrager Bontrager Line Elite 31.6 Hissitolppa - VM Sport\",\"isPartOf\":{\"@id\":\"https:\\\/\\\/vmsport.fi\\\/#website\"},\"primaryImageOfPage\":{\"@id\":\"https:\\\/\\\/vmsport.fi\\\/verkkokauppa\\\/varaosat\\\/satulat-ja-satulatolpat\\\/satulatolpat-ja-hissitolpat\\\/bontrager-bontrager-line-elite-31-6-hissitolppa\\\/#primaryimage\"},\"image\":{\"@id\":\"https:\\\/\\\/vmsport.fi\\\/verkkokauppa\\\/varaosat\\\/satulat-ja-satulatolpat\\\/satulatolpat-ja-hissitolpat\\\/bontrager-bontrager-line-elite-31-6-hissitolppa\\\/#primaryimage\"},\"thumbnailUrl\":\"https:\\\/\\\/vmsport.fi\\\/wp-content\\\/uploads\\\/2025\\\/03\\\/0MoccO3vjlUntPwewaMET5xlVQQ8MkHcgKLk3XUMHXKO2PyEd4-1.jpg\",\"datePublished\":\"2025-03-05T22:24:48+00:00\",\"dateModified\":\"2026-01-16T11:29:42+00:00\",\"breadcrumb\":{\"@id\":\"https:\\\/\\\/vmsport.fi\\\/verkkokauppa\\\/varaosat\\\/satulat-ja-satulatolpat\\\/satulatolpat-ja-hissitolpat\\\/bontrager-bontrager-line-elite-31-6-hissitolppa\\\/#breadcrumb\"},\"inLanguage\":\"sv-SE\",\"potentialAction\":[{\"@type\":\"ReadAction\",\"target\":[\"https:\\\/\\\/vmsport.fi\\\/verkkokauppa\\\/varaosat\\\/satulat-ja-satulatolpat\\\/satulatolpat-ja-hissitolpat\\\/bontrager-bontrager-line-elite-31-6-hissitolppa\\\/\"]}]},{\"@type\":\"ImageObject\",\"inLanguage\":\"sv-SE\",\"@id\":\"https:\\\/\\\/vmsport.fi\\\/verkkokauppa\\\/varaosat\\\/satulat-ja-satulatolpat\\\/satulatolpat-ja-hissitolpat\\\/bontrager-bontrager-line-elite-31-6-hissitolppa\\\/#primaryimage\",\"url\":\"https:\\\/\\\/vmsport.fi\\\/wp-content\\\/uploads\\\/2025\\\/03\\\/0MoccO3vjlUntPwewaMET5xlVQQ8MkHcgKLk3XUMHXKO2PyEd4-1.jpg\",\"contentUrl\":\"https:\\\/\\\/vmsport.fi\\\/wp-content\\\/uploads\\\/2025\\\/03\\\/0MoccO3vjlUntPwewaMET5xlVQQ8MkHcgKLk3XUMHXKO2PyEd4-1.jpg\",\"width\":400,\"height\":301,\"caption\":\"0MoccO3vjlUntPwewaMET5xlVQQ8MkHcgKLk3XUMHXKO2PyEd4\"},{\"@type\":\"BreadcrumbList\",\"@id\":\"https:\\\/\\\/vmsport.fi\\\/verkkokauppa\\\/varaosat\\\/satulat-ja-satulatolpat\\\/satulatolpat-ja-hissitolpat\\\/bontrager-bontrager-line-elite-31-6-hissitolppa\\\/#breadcrumb\",\"itemListElement\":[{\"@type\":\"ListItem\",\"position\":1,\"name\":\"Etusivu\",\"item\":\"https:\\\/\\\/vmsport.fi\\\/\"},{\"@type\":\"ListItem\",\"position\":2,\"name\":\"Online Store\",\"item\":\"https:\\\/\\\/vmsport.fi\\\/en\\\/online-store\\\/\"},{\"@type\":\"ListItem\",\"position\":3,\"name\":\"Bontrager Bontrager Line Elite 31.6 Hissitolppa\"}]},{\"@type\":\"WebSite\",\"@id\":\"https:\\\/\\\/vmsport.fi\\\/#website\",\"url\":\"https:\\\/\\\/vmsport.fi\\\/\",\"name\":\"Vmsport\",\"description\":\"Kaikki py\u00f6r\u00e4ilyyn yhdest\u00e4 paikasta\",\"publisher\":{\"@id\":\"https:\\\/\\\/vmsport.fi\\\/#organization\"},\"potentialAction\":[{\"@type\":\"SearchAction\",\"target\":{\"@type\":\"EntryPoint\",\"urlTemplate\":\"https:\\\/\\\/vmsport.fi\\\/?s={search_term_string}\"},\"query-input\":{\"@type\":\"PropertyValueSpecification\",\"valueRequired\":true,\"valueName\":\"search_term_string\"}}],\"inLanguage\":\"sv-SE\"},{\"@type\":\"Organization\",\"@id\":\"https:\\\/\\\/vmsport.fi\\\/#organization\",\"name\":\"Vmsport\",\"url\":\"https:\\\/\\\/vmsport.fi\\\/\",\"logo\":{\"@type\":\"ImageObject\",\"inLanguage\":\"sv-SE\",\"@id\":\"https:\\\/\\\/vmsport.fi\\\/#\\\/schema\\\/logo\\\/image\\\/\",\"url\":\"https:\\\/\\\/vmsport.fi\\\/wp-content\\\/uploads\\\/2024\\\/12\\\/vm_sport_RGB_horisontal-e1734526017575.png\",\"contentUrl\":\"https:\\\/\\\/vmsport.fi\\\/wp-content\\\/uploads\\\/2024\\\/12\\\/vm_sport_RGB_horisontal-e1734526017575.png\",\"width\":668,\"height\":85,\"caption\":\"Vmsport\"},\"image\":{\"@id\":\"https:\\\/\\\/vmsport.fi\\\/#\\\/schema\\\/logo\\\/image\\\/\"},\"sameAs\":[\"https:\\\/\\\/www.facebook.com\\\/Vmsport.fi\\\/\",\"https:\\\/\\\/www.instagram.com\\\/vmsport\\\/\"]}]}<\/script>\n<!-- \/ Yoast SEO plugin. -->","yoast_head_json":{"title":"Bontrager Bontrager Line Elite 31.6 Lyftst\u00e5ng - VM Sport","robots":{"index":"index","follow":"follow","max-snippet":"max-snippet:-1","max-image-preview":"max-image-preview:large","max-video-preview":"max-video-preview:-1"},"canonical":"https:\/\/vmsport.fi\/sv\/webbutik\/reservdelar\/sadlar-och-sadelstolpar\/sadelstolpar-och-lyftmaster\/bontrager-bontrager-line-elite-31-6-lyftstativ\/","og_locale":"sv_SE","og_type":"article","og_title":"Bontrager Bontrager Line Elite 31.6 Hissitolppa - VM Sport","og_description":"Bontrager Line Elite 31.6 -hissitolppa on suunniteltu tarjoamaan nopeaa ja sulavaa toimintaa MaxFlow-teknologiansa avulla, joka v\u00e4hent\u00e4\u00e4 satulan laskemiseen tarvittavaa voimaa 20%. Sen ilmajousitettu hydraulinen lukkopatruuna on helposti s\u00e4\u00e4dett\u00e4v\u00e4, mik\u00e4 mahdollistaa tarkan puristusvoiman hallinnan. Hissitolpan matkavaihtoehdot, vaihdellen 100 mm:st\u00e4 170 mm:iin, tukevat erilaisia ajotyylej\u00e4, ja lis\u00e4osat pituuden hienos\u00e4\u00e4t\u00f6\u00f6n 10 mm:n ja 30 mm:n kokoina tarjoavat lis\u00e4mahdollisuuksia. [...]L\u00e4s mer \u2026 from Bontrager Bontrager Line Elite 31.6 Hissitolppa","og_url":"https:\/\/vmsport.fi\/sv\/webbutik\/reservdelar\/sadlar-och-sadelstolpar\/sadelstolpar-och-lyftmaster\/bontrager-bontrager-line-elite-31-6-lyftstativ\/","og_site_name":"VM Sport","article_publisher":"https:\/\/www.facebook.com\/Vmsport.fi\/","article_modified_time":"2026-01-16T11:29:42+00:00","og_image":[{"width":400,"height":301,"url":"https:\/\/vmsport.fi\/wp-content\/uploads\/2025\/03\/0MoccO3vjlUntPwewaMET5xlVQQ8MkHcgKLk3XUMHXKO2PyEd4-1.jpg","type":"image\/jpeg"}],"twitter_card":"summary_large_image","schema":{"@context":"https:\/\/schema.org","@graph":[{"@type":["WebPage","ItemPage"],"@id":"https:\/\/vmsport.fi\/verkkokauppa\/varaosat\/satulat-ja-satulatolpat\/satulatolpat-ja-hissitolpat\/bontrager-bontrager-line-elite-31-6-hissitolppa\/","url":"https:\/\/vmsport.fi\/verkkokauppa\/varaosat\/satulat-ja-satulatolpat\/satulatolpat-ja-hissitolpat\/bontrager-bontrager-line-elite-31-6-hissitolppa\/","name":"Bontrager Bontrager Line Elite 31.6 Lyftst\u00e5ng - VM Sport","isPartOf":{"@id":"https:\/\/vmsport.fi\/#website"},"primaryImageOfPage":{"@id":"https:\/\/vmsport.fi\/verkkokauppa\/varaosat\/satulat-ja-satulatolpat\/satulatolpat-ja-hissitolpat\/bontrager-bontrager-line-elite-31-6-hissitolppa\/#primaryimage"},"image":{"@id":"https:\/\/vmsport.fi\/verkkokauppa\/varaosat\/satulat-ja-satulatolpat\/satulatolpat-ja-hissitolpat\/bontrager-bontrager-line-elite-31-6-hissitolppa\/#primaryimage"},"thumbnailUrl":"https:\/\/vmsport.fi\/wp-content\/uploads\/2025\/03\/0MoccO3vjlUntPwewaMET5xlVQQ8MkHcgKLk3XUMHXKO2PyEd4-1.jpg","datePublished":"2025-03-05T22:24:48+00:00","dateModified":"2026-01-16T11:29:42+00:00","breadcrumb":{"@id":"https:\/\/vmsport.fi\/verkkokauppa\/varaosat\/satulat-ja-satulatolpat\/satulatolpat-ja-hissitolpat\/bontrager-bontrager-line-elite-31-6-hissitolppa\/#breadcrumb"},"inLanguage":"sv-SE","potentialAction":[{"@type":"ReadAction","target":["https:\/\/vmsport.fi\/verkkokauppa\/varaosat\/satulat-ja-satulatolpat\/satulatolpat-ja-hissitolpat\/bontrager-bontrager-line-elite-31-6-hissitolppa\/"]}]},{"@type":"ImageObject","inLanguage":"sv-SE","@id":"https:\/\/vmsport.fi\/verkkokauppa\/varaosat\/satulat-ja-satulatolpat\/satulatolpat-ja-hissitolpat\/bontrager-bontrager-line-elite-31-6-hissitolppa\/#primaryimage","url":"https:\/\/vmsport.fi\/wp-content\/uploads\/2025\/03\/0MoccO3vjlUntPwewaMET5xlVQQ8MkHcgKLk3XUMHXKO2PyEd4-1.jpg","contentUrl":"https:\/\/vmsport.fi\/wp-content\/uploads\/2025\/03\/0MoccO3vjlUntPwewaMET5xlVQQ8MkHcgKLk3XUMHXKO2PyEd4-1.jpg","width":400,"height":301,"caption":"0MoccO3vjlUntPwewaMET5xlVQQ8MkHcgKLk3XUMHXKO2PyEd4"},{"@type":"BreadcrumbList","@id":"https:\/\/vmsport.fi\/verkkokauppa\/varaosat\/satulat-ja-satulatolpat\/satulatolpat-ja-hissitolpat\/bontrager-bontrager-line-elite-31-6-hissitolppa\/#breadcrumb","itemListElement":[{"@type":"ListItem","position":1,"name":"Etusivu","item":"https:\/\/vmsport.fi\/"},{"@type":"ListItem","position":2,"name":"Online Store","item":"https:\/\/vmsport.fi\/en\/online-store\/"},{"@type":"ListItem","position":3,"name":"Bontrager Bontrager Line Elite 31.6 Hissitolppa"}]},{"@type":"WebSite","@id":"https:\/\/vmsport.fi\/#website","url":"https:\/\/vmsport.fi\/","name":"Vmsport","description":"Allt p\u00e5 ett st\u00e4lle f\u00f6r cykling","publisher":{"@id":"https:\/\/vmsport.fi\/#organization"},"potentialAction":[{"@type":"SearchAction","target":{"@type":"EntryPoint","urlTemplate":"https:\/\/vmsport.fi\/?s={search_term_string}"},"query-input":{"@type":"PropertyValueSpecification","valueRequired":true,"valueName":"search_term_string"}}],"inLanguage":"sv-SE"},{"@type":"Organization","@id":"https:\/\/vmsport.fi\/#organization","name":"Vmsport","url":"https:\/\/vmsport.fi\/","logo":{"@type":"ImageObject","inLanguage":"sv-SE","@id":"https:\/\/vmsport.fi\/#\/schema\/logo\/image\/","url":"https:\/\/vmsport.fi\/wp-content\/uploads\/2024\/12\/vm_sport_RGB_horisontal-e1734526017575.png","contentUrl":"https:\/\/vmsport.fi\/wp-content\/uploads\/2024\/12\/vm_sport_RGB_horisontal-e1734526017575.png","width":668,"height":85,"caption":"Vmsport"},"image":{"@id":"https:\/\/vmsport.fi\/#\/schema\/logo\/image\/"},"sameAs":["https:\/\/www.facebook.com\/Vmsport.fi\/","https:\/\/www.instagram.com\/vmsport\/"]}]}},"global_unique_id":"","_links":{"self":[{"href":"https:\/\/vmsport.fi\/sv\/wp-json\/wp\/v2\/product\/56848","targetHints":{"allow":["GET"]}}],"collection":[{"href":"https:\/\/vmsport.fi\/sv\/wp-json\/wp\/v2\/product"}],"about":[{"href":"https:\/\/vmsport.fi\/sv\/wp-json\/wp\/v2\/types\/product"}],"replies":[{"embeddable":true,"href":"https:\/\/vmsport.fi\/sv\/wp-json\/wp\/v2\/comments?post=56848"}],"wp:featuredmedia":[{"embeddable":true,"href":"https:\/\/vmsport.fi\/sv\/wp-json\/wp\/v2\/media\/56847"}],"wp:attachment":[{"href":"https:\/\/vmsport.fi\/sv\/wp-json\/wp\/v2\/media?parent=56848"}],"wp:term":[{"taxonomy":"product_brand","embeddable":true,"href":"https:\/\/vmsport.fi\/sv\/wp-json\/wp\/v2\/product_brand?post=56848"},{"taxonomy":"product_model","embeddable":true,"href":"https:\/\/vmsport.fi\/sv\/wp-json\/wp\/v2\/product_model?post=56848"},{"taxonomy":"product_cat","embeddable":true,"href":"https:\/\/vmsport.fi\/sv\/wp-json\/wp\/v2\/product_cat?post=56848"},{"taxonomy":"product_tag","embeddable":true,"href":"https:\/\/vmsport.fi\/sv\/wp-json\/wp\/v2\/product_tag?post=56848"},{"taxonomy":"industry_terminology","embeddable":true,"href":"https:\/\/vmsport.fi\/sv\/wp-json\/wp\/v2\/industry-terminology?post=56848"}],"curies":[{"name":"wp","href":"https:\/\/api.w.org\/{rel}","templated":true}]}}