{"id":56846,"date":"2025-03-06T00:24:47","date_gmt":"2025-03-05T22:24:47","guid":{"rendered":"https:\/\/vmsport.fi\/verkkokauppa\/Ei-luokiteltu\/ketju-12-v-kmc-e12-ept-1-2-x-11-128-e-bike-130l-anti-rust\/"},"modified":"2026-01-16T13:25:50","modified_gmt":"2026-01-16T11:25:50","slug":"kedja-12-v-kmc-e12-ept-1-2-x-11-128-elcykel-130l-rostskydd","status":"publish","type":"product","link":"https:\/\/vmsport.fi\/sv\/verkkokauppa\/varaosat\/voimansiirto\/ketjut\/ketju-12-v-kmc-e12-ept-1-2-x-11-128-e-bike-130l-anti-rust\/","title":{"rendered":"Kedja 12-v KMC e12 EPT, 1\/2 x 11\/128\u2033, elcykel, 130L, rostskyddad"},"content":{"rendered":"<p>KMC e12 EPT-kedjan \u00e4r utformad f\u00f6r att erbjuda utm\u00e4rkt prestanda, s\u00e4rskilt f\u00f6r elcyklar och konventionella cyklar med 12-v\u00e4xlad transmission. \u00c4ven om kedjan inte \u00e4r l\u00e4mplig f\u00f6r SRAM Eagle Transmission T-Type eller 12-v\u00e4xlade landsv\u00e4gs- eller gruscyklar, \u00e4r den det perfekta valet n\u00e4r ett h\u00e5llbart och p\u00e5litligt alternativ kr\u00e4vs.<\/p>\n<p>Kedjans dimensioner, t.ex. 1\/2\u2033 x 11\/128\u2033 l\u00e4nkstorlek och 5,2 mm stiftl\u00e4ngd i kombination med 130 l\u00e4nkar, g\u00f6r den l\u00e4mplig f\u00f6r kr\u00e4vande driftsf\u00f6rh\u00e5llanden. S\u00e4rskilt under de utmanande f\u00f6rh\u00e5llanden som r\u00e5der f\u00f6r elcyklar ger kedjan en effektiv drift och Triple X-Durability-funktionen f\u00f6rl\u00e4nger dess livsl\u00e4ngd avsev\u00e4rt.<\/p>\n<p>EPT-bel\u00e4ggningen med EcoProTeQ-teknik ger ett utm\u00e4rkt skydd mot rost och korrosion, s\u00e5 att kedjan h\u00e5ller l\u00e4nge \u00e4ven under sv\u00e5ra v\u00e4derf\u00f6rh\u00e5llanden. Den m\u00f6rksilverf\u00e4rgade kedjan, som v\u00e4ger 272 gram, \u00e4r ett attraktivt val n\u00e4r det g\u00e4ller b\u00e5de h\u00e5llbarhet och utseende f\u00f6r cyklister som v\u00e4rdes\u00e4tter tillf\u00f6rlitlighet och l\u00e5gt underh\u00e5ll, s\u00e4rskilt n\u00e4r de cyklar p\u00e5 en elcykel.<\/p>","protected":false},"excerpt":{"rendered":"<p>KMC e12 EPT -ketju on suunniteltu tarjoamaan erinomaista suorituskyky\u00e4 erityisesti s\u00e4hk\u00f6py\u00f6rille ja perinteisille polkupy\u00f6rille, joissa on 12-vaihteinen voimansiirto. Vaikka ketju ei sovi SRAM Eagle Transmission T-Type- eik\u00e4 12-vaihteisille maantie- tai gravel-py\u00f6rille, se on ihanteellinen valinta, kun tarvitaan kest\u00e4v\u00e4 ja luotettava vaihtoehto. Ketjun mitat, kuten 1\/2&#8243; x 11\/128&#8243; linkkikoko ja 5,2 mm tapinpituus yhdistettyn\u00e4 130 lenkkiin, [&#8230;]<\/p>\n<p><a class=\"btn btn-secondary understrap-read-more-link\" href=\"https:\/\/vmsport.fi\/sv\/verkkokauppa\/varaosat\/voimansiirto\/ketjut\/ketju-12-v-kmc-e12-ept-1-2-x-11-128-e-bike-130l-anti-rust\/\">L\u00e4s mer \u2026<span class=\"screen-reader-text\"> from Ketju 12-v KMC e12 EPT, 1\/2 x 11\/128&#8243;, E-Bike, 130L, Anti Rust<\/span><\/a><\/p>\n","protected":false},"featured_media":56845,"comment_status":"open","ping_status":"closed","template":"","meta":{"_acf_changed":false,"_improvement_type_select":"improve_an_existing","_thumb_yes_seoaic":false,"_frame_yes_seoaic":false,"seoaic_generate_description":"","seoaic_improve_instructions_prompt":"","seoaic_rollback_content_improvement":"","seoaic_idea_thumbnail_generator":"","thumbnail_generated":false,"thumbnail_generate_prompt":"","seoaic_article_description":"","_supplier_stock_quantity":0},"product_brand":[],"product_model":[],"product_cat":[9352],"product_tag":[],"industry-terminology":[],"class_list":{"0":"post-56846","1":"product","2":"type-product","3":"status-publish","4":"has-post-thumbnail","6":"product_cat-ketjut","8":"first","9":"instock","10":"taxable","11":"shipping-taxable","12":"purchasable","13":"product-type-simple"},"acf":{"bike_features":null,"overview":{"copy_overview":null,"key_features":null,"statement":"","youtube_url":""}},"yoast_head":"<!-- This site is optimized with the Yoast SEO plugin v27.4 - https:\/\/yoast.com\/product\/yoast-seo-wordpress\/ -->\n<title>Ketju 12-v KMC e12 EPT, 1\/2 x 11\/128&quot;, E-Bike, 130L, Anti Rust - VM Sport<\/title>\n<meta name=\"robots\" content=\"index, follow, max-snippet:-1, max-image-preview:large, max-video-preview:-1\" \/>\n<link rel=\"canonical\" href=\"https:\/\/vmsport.fi\/sv\/webbutik\/reservdelar\/transmission\/kedjor\/kedja-12-v-kmc-e12-ept-1-2-x-11-128-elcykel-130l-rostskydd\/\" \/>\n<meta property=\"og:locale\" content=\"sv_SE\" \/>\n<meta property=\"og:type\" content=\"article\" \/>\n<meta property=\"og:title\" content=\"Ketju 12-v KMC e12 EPT, 1\/2 x 11\/128&quot;, E-Bike, 130L, Anti Rust - VM Sport\" \/>\n<meta property=\"og:description\" content=\"KMC e12 EPT -ketju on suunniteltu tarjoamaan erinomaista suorituskyky\u00e4 erityisesti s\u00e4hk\u00f6py\u00f6rille ja perinteisille polkupy\u00f6rille, joissa on 12-vaihteinen voimansiirto. Vaikka ketju ei sovi SRAM Eagle Transmission T-Type- eik\u00e4 12-vaihteisille maantie- tai gravel-py\u00f6rille, se on ihanteellinen valinta, kun tarvitaan kest\u00e4v\u00e4 ja luotettava vaihtoehto. Ketjun mitat, kuten 1\/2&#8243; x 11\/128&#8243; linkkikoko ja 5,2 mm tapinpituus yhdistettyn\u00e4 130 lenkkiin, [...]L\u00e4s mer \u2026 from Ketju 12-v KMC e12 EPT, 1\/2 x 11\/128&#8243;, E-Bike, 130L, Anti Rust\" \/>\n<meta property=\"og:url\" content=\"https:\/\/vmsport.fi\/sv\/webbutik\/reservdelar\/transmission\/kedjor\/kedja-12-v-kmc-e12-ept-1-2-x-11-128-elcykel-130l-rostskydd\/\" \/>\n<meta property=\"og:site_name\" content=\"VM Sport\" \/>\n<meta property=\"article:publisher\" content=\"https:\/\/www.facebook.com\/Vmsport.fi\/\" \/>\n<meta property=\"article:modified_time\" content=\"2026-01-16T11:25:50+00:00\" \/>\n<meta property=\"og:image\" content=\"https:\/\/vmsport.fi\/wp-content\/uploads\/2025\/03\/be12tep22-1.jpg\" \/>\n\t<meta property=\"og:image:width\" content=\"1000\" \/>\n\t<meta property=\"og:image:height\" content=\"1000\" \/>\n\t<meta property=\"og:image:type\" content=\"image\/jpeg\" \/>\n<meta name=\"twitter:card\" content=\"summary_large_image\" \/>\n<meta name=\"twitter:label1\" content=\"Ber\u00e4knad l\u00e4stid\" \/>\n\t<meta name=\"twitter:data1\" content=\"1 minut\" \/>\n<script type=\"application\/ld+json\" class=\"yoast-schema-graph\">{\"@context\":\"https:\\\/\\\/schema.org\",\"@graph\":[{\"@type\":[\"WebPage\",\"ItemPage\"],\"@id\":\"https:\\\/\\\/vmsport.fi\\\/verkkokauppa\\\/varaosat\\\/voimansiirto\\\/ketjut\\\/ketju-12-v-kmc-e12-ept-1-2-x-11-128-e-bike-130l-anti-rust\\\/\",\"url\":\"https:\\\/\\\/vmsport.fi\\\/verkkokauppa\\\/varaosat\\\/voimansiirto\\\/ketjut\\\/ketju-12-v-kmc-e12-ept-1-2-x-11-128-e-bike-130l-anti-rust\\\/\",\"name\":\"Ketju 12-v KMC e12 EPT, 1\\\/2 x 11\\\/128\\\", E-Bike, 130L, Anti Rust - VM Sport\",\"isPartOf\":{\"@id\":\"https:\\\/\\\/vmsport.fi\\\/#website\"},\"primaryImageOfPage\":{\"@id\":\"https:\\\/\\\/vmsport.fi\\\/verkkokauppa\\\/varaosat\\\/voimansiirto\\\/ketjut\\\/ketju-12-v-kmc-e12-ept-1-2-x-11-128-e-bike-130l-anti-rust\\\/#primaryimage\"},\"image\":{\"@id\":\"https:\\\/\\\/vmsport.fi\\\/verkkokauppa\\\/varaosat\\\/voimansiirto\\\/ketjut\\\/ketju-12-v-kmc-e12-ept-1-2-x-11-128-e-bike-130l-anti-rust\\\/#primaryimage\"},\"thumbnailUrl\":\"https:\\\/\\\/vmsport.fi\\\/wp-content\\\/uploads\\\/2025\\\/03\\\/be12tep22-1.jpg\",\"datePublished\":\"2025-03-05T22:24:47+00:00\",\"dateModified\":\"2026-01-16T11:25:50+00:00\",\"breadcrumb\":{\"@id\":\"https:\\\/\\\/vmsport.fi\\\/verkkokauppa\\\/varaosat\\\/voimansiirto\\\/ketjut\\\/ketju-12-v-kmc-e12-ept-1-2-x-11-128-e-bike-130l-anti-rust\\\/#breadcrumb\"},\"inLanguage\":\"sv-SE\",\"potentialAction\":[{\"@type\":\"ReadAction\",\"target\":[\"https:\\\/\\\/vmsport.fi\\\/verkkokauppa\\\/varaosat\\\/voimansiirto\\\/ketjut\\\/ketju-12-v-kmc-e12-ept-1-2-x-11-128-e-bike-130l-anti-rust\\\/\"]}]},{\"@type\":\"ImageObject\",\"inLanguage\":\"sv-SE\",\"@id\":\"https:\\\/\\\/vmsport.fi\\\/verkkokauppa\\\/varaosat\\\/voimansiirto\\\/ketjut\\\/ketju-12-v-kmc-e12-ept-1-2-x-11-128-e-bike-130l-anti-rust\\\/#primaryimage\",\"url\":\"https:\\\/\\\/vmsport.fi\\\/wp-content\\\/uploads\\\/2025\\\/03\\\/be12tep22-1.jpg\",\"contentUrl\":\"https:\\\/\\\/vmsport.fi\\\/wp-content\\\/uploads\\\/2025\\\/03\\\/be12tep22-1.jpg\",\"width\":1000,\"height\":1000,\"caption\":\"be12tep22\"},{\"@type\":\"BreadcrumbList\",\"@id\":\"https:\\\/\\\/vmsport.fi\\\/verkkokauppa\\\/varaosat\\\/voimansiirto\\\/ketjut\\\/ketju-12-v-kmc-e12-ept-1-2-x-11-128-e-bike-130l-anti-rust\\\/#breadcrumb\",\"itemListElement\":[{\"@type\":\"ListItem\",\"position\":1,\"name\":\"Etusivu\",\"item\":\"https:\\\/\\\/vmsport.fi\\\/\"},{\"@type\":\"ListItem\",\"position\":2,\"name\":\"Online Store\",\"item\":\"https:\\\/\\\/vmsport.fi\\\/en\\\/online-store\\\/\"},{\"@type\":\"ListItem\",\"position\":3,\"name\":\"Ketju 12-v KMC e12 EPT, 1\\\/2 x 11\\\/128&#8243;, E-Bike, 130L, Anti Rust\"}]},{\"@type\":\"WebSite\",\"@id\":\"https:\\\/\\\/vmsport.fi\\\/#website\",\"url\":\"https:\\\/\\\/vmsport.fi\\\/\",\"name\":\"Vmsport\",\"description\":\"Kaikki py\u00f6r\u00e4ilyyn yhdest\u00e4 paikasta\",\"publisher\":{\"@id\":\"https:\\\/\\\/vmsport.fi\\\/#organization\"},\"potentialAction\":[{\"@type\":\"SearchAction\",\"target\":{\"@type\":\"EntryPoint\",\"urlTemplate\":\"https:\\\/\\\/vmsport.fi\\\/?s={search_term_string}\"},\"query-input\":{\"@type\":\"PropertyValueSpecification\",\"valueRequired\":true,\"valueName\":\"search_term_string\"}}],\"inLanguage\":\"sv-SE\"},{\"@type\":\"Organization\",\"@id\":\"https:\\\/\\\/vmsport.fi\\\/#organization\",\"name\":\"Vmsport\",\"url\":\"https:\\\/\\\/vmsport.fi\\\/\",\"logo\":{\"@type\":\"ImageObject\",\"inLanguage\":\"sv-SE\",\"@id\":\"https:\\\/\\\/vmsport.fi\\\/#\\\/schema\\\/logo\\\/image\\\/\",\"url\":\"https:\\\/\\\/vmsport.fi\\\/wp-content\\\/uploads\\\/2024\\\/12\\\/vm_sport_RGB_horisontal-e1734526017575.png\",\"contentUrl\":\"https:\\\/\\\/vmsport.fi\\\/wp-content\\\/uploads\\\/2024\\\/12\\\/vm_sport_RGB_horisontal-e1734526017575.png\",\"width\":668,\"height\":85,\"caption\":\"Vmsport\"},\"image\":{\"@id\":\"https:\\\/\\\/vmsport.fi\\\/#\\\/schema\\\/logo\\\/image\\\/\"},\"sameAs\":[\"https:\\\/\\\/www.facebook.com\\\/Vmsport.fi\\\/\",\"https:\\\/\\\/www.instagram.com\\\/vmsport\\\/\"]}]}<\/script>\n<!-- \/ Yoast SEO plugin. -->","yoast_head_json":{"title":"Kedja 12-v KMC e12 EPT, 1\/2 x 11\/128\", elcykel, 130L, rostskyddad - VM Sport","robots":{"index":"index","follow":"follow","max-snippet":"max-snippet:-1","max-image-preview":"max-image-preview:large","max-video-preview":"max-video-preview:-1"},"canonical":"https:\/\/vmsport.fi\/sv\/webbutik\/reservdelar\/transmission\/kedjor\/kedja-12-v-kmc-e12-ept-1-2-x-11-128-elcykel-130l-rostskydd\/","og_locale":"sv_SE","og_type":"article","og_title":"Ketju 12-v KMC e12 EPT, 1\/2 x 11\/128\", E-Bike, 130L, Anti Rust - VM Sport","og_description":"KMC e12 EPT -ketju on suunniteltu tarjoamaan erinomaista suorituskyky\u00e4 erityisesti s\u00e4hk\u00f6py\u00f6rille ja perinteisille polkupy\u00f6rille, joissa on 12-vaihteinen voimansiirto. Vaikka ketju ei sovi SRAM Eagle Transmission T-Type- eik\u00e4 12-vaihteisille maantie- tai gravel-py\u00f6rille, se on ihanteellinen valinta, kun tarvitaan kest\u00e4v\u00e4 ja luotettava vaihtoehto. Ketjun mitat, kuten 1\/2&#8243; x 11\/128&#8243; linkkikoko ja 5,2 mm tapinpituus yhdistettyn\u00e4 130 lenkkiin, [...]L\u00e4s mer \u2026 from Ketju 12-v KMC e12 EPT, 1\/2 x 11\/128&#8243;, E-Bike, 130L, Anti Rust","og_url":"https:\/\/vmsport.fi\/sv\/webbutik\/reservdelar\/transmission\/kedjor\/kedja-12-v-kmc-e12-ept-1-2-x-11-128-elcykel-130l-rostskydd\/","og_site_name":"VM Sport","article_publisher":"https:\/\/www.facebook.com\/Vmsport.fi\/","article_modified_time":"2026-01-16T11:25:50+00:00","og_image":[{"width":1000,"height":1000,"url":"https:\/\/vmsport.fi\/wp-content\/uploads\/2025\/03\/be12tep22-1.jpg","type":"image\/jpeg"}],"twitter_card":"summary_large_image","twitter_misc":{"Ber\u00e4knad l\u00e4stid":"1 minut"},"schema":{"@context":"https:\/\/schema.org","@graph":[{"@type":["WebPage","ItemPage"],"@id":"https:\/\/vmsport.fi\/verkkokauppa\/varaosat\/voimansiirto\/ketjut\/ketju-12-v-kmc-e12-ept-1-2-x-11-128-e-bike-130l-anti-rust\/","url":"https:\/\/vmsport.fi\/verkkokauppa\/varaosat\/voimansiirto\/ketjut\/ketju-12-v-kmc-e12-ept-1-2-x-11-128-e-bike-130l-anti-rust\/","name":"Kedja 12-v KMC e12 EPT, 1\/2 x 11\/128\", elcykel, 130L, rostskyddad - VM Sport","isPartOf":{"@id":"https:\/\/vmsport.fi\/#website"},"primaryImageOfPage":{"@id":"https:\/\/vmsport.fi\/verkkokauppa\/varaosat\/voimansiirto\/ketjut\/ketju-12-v-kmc-e12-ept-1-2-x-11-128-e-bike-130l-anti-rust\/#primaryimage"},"image":{"@id":"https:\/\/vmsport.fi\/verkkokauppa\/varaosat\/voimansiirto\/ketjut\/ketju-12-v-kmc-e12-ept-1-2-x-11-128-e-bike-130l-anti-rust\/#primaryimage"},"thumbnailUrl":"https:\/\/vmsport.fi\/wp-content\/uploads\/2025\/03\/be12tep22-1.jpg","datePublished":"2025-03-05T22:24:47+00:00","dateModified":"2026-01-16T11:25:50+00:00","breadcrumb":{"@id":"https:\/\/vmsport.fi\/verkkokauppa\/varaosat\/voimansiirto\/ketjut\/ketju-12-v-kmc-e12-ept-1-2-x-11-128-e-bike-130l-anti-rust\/#breadcrumb"},"inLanguage":"sv-SE","potentialAction":[{"@type":"ReadAction","target":["https:\/\/vmsport.fi\/verkkokauppa\/varaosat\/voimansiirto\/ketjut\/ketju-12-v-kmc-e12-ept-1-2-x-11-128-e-bike-130l-anti-rust\/"]}]},{"@type":"ImageObject","inLanguage":"sv-SE","@id":"https:\/\/vmsport.fi\/verkkokauppa\/varaosat\/voimansiirto\/ketjut\/ketju-12-v-kmc-e12-ept-1-2-x-11-128-e-bike-130l-anti-rust\/#primaryimage","url":"https:\/\/vmsport.fi\/wp-content\/uploads\/2025\/03\/be12tep22-1.jpg","contentUrl":"https:\/\/vmsport.fi\/wp-content\/uploads\/2025\/03\/be12tep22-1.jpg","width":1000,"height":1000,"caption":"be12tep22"},{"@type":"BreadcrumbList","@id":"https:\/\/vmsport.fi\/verkkokauppa\/varaosat\/voimansiirto\/ketjut\/ketju-12-v-kmc-e12-ept-1-2-x-11-128-e-bike-130l-anti-rust\/#breadcrumb","itemListElement":[{"@type":"ListItem","position":1,"name":"Etusivu","item":"https:\/\/vmsport.fi\/"},{"@type":"ListItem","position":2,"name":"Online Store","item":"https:\/\/vmsport.fi\/en\/online-store\/"},{"@type":"ListItem","position":3,"name":"Ketju 12-v KMC e12 EPT, 1\/2 x 11\/128&#8243;, E-Bike, 130L, Anti Rust"}]},{"@type":"WebSite","@id":"https:\/\/vmsport.fi\/#website","url":"https:\/\/vmsport.fi\/","name":"Vmsport","description":"Allt p\u00e5 ett st\u00e4lle f\u00f6r cykling","publisher":{"@id":"https:\/\/vmsport.fi\/#organization"},"potentialAction":[{"@type":"SearchAction","target":{"@type":"EntryPoint","urlTemplate":"https:\/\/vmsport.fi\/?s={search_term_string}"},"query-input":{"@type":"PropertyValueSpecification","valueRequired":true,"valueName":"search_term_string"}}],"inLanguage":"sv-SE"},{"@type":"Organization","@id":"https:\/\/vmsport.fi\/#organization","name":"Vmsport","url":"https:\/\/vmsport.fi\/","logo":{"@type":"ImageObject","inLanguage":"sv-SE","@id":"https:\/\/vmsport.fi\/#\/schema\/logo\/image\/","url":"https:\/\/vmsport.fi\/wp-content\/uploads\/2024\/12\/vm_sport_RGB_horisontal-e1734526017575.png","contentUrl":"https:\/\/vmsport.fi\/wp-content\/uploads\/2024\/12\/vm_sport_RGB_horisontal-e1734526017575.png","width":668,"height":85,"caption":"Vmsport"},"image":{"@id":"https:\/\/vmsport.fi\/#\/schema\/logo\/image\/"},"sameAs":["https:\/\/www.facebook.com\/Vmsport.fi\/","https:\/\/www.instagram.com\/vmsport\/"]}]}},"global_unique_id":"","_links":{"self":[{"href":"https:\/\/vmsport.fi\/sv\/wp-json\/wp\/v2\/product\/56846","targetHints":{"allow":["GET"]}}],"collection":[{"href":"https:\/\/vmsport.fi\/sv\/wp-json\/wp\/v2\/product"}],"about":[{"href":"https:\/\/vmsport.fi\/sv\/wp-json\/wp\/v2\/types\/product"}],"replies":[{"embeddable":true,"href":"https:\/\/vmsport.fi\/sv\/wp-json\/wp\/v2\/comments?post=56846"}],"wp:featuredmedia":[{"embeddable":true,"href":"https:\/\/vmsport.fi\/sv\/wp-json\/wp\/v2\/media\/56845"}],"wp:attachment":[{"href":"https:\/\/vmsport.fi\/sv\/wp-json\/wp\/v2\/media?parent=56846"}],"wp:term":[{"taxonomy":"product_brand","embeddable":true,"href":"https:\/\/vmsport.fi\/sv\/wp-json\/wp\/v2\/product_brand?post=56846"},{"taxonomy":"product_model","embeddable":true,"href":"https:\/\/vmsport.fi\/sv\/wp-json\/wp\/v2\/product_model?post=56846"},{"taxonomy":"product_cat","embeddable":true,"href":"https:\/\/vmsport.fi\/sv\/wp-json\/wp\/v2\/product_cat?post=56846"},{"taxonomy":"product_tag","embeddable":true,"href":"https:\/\/vmsport.fi\/sv\/wp-json\/wp\/v2\/product_tag?post=56846"},{"taxonomy":"industry_terminology","embeddable":true,"href":"https:\/\/vmsport.fi\/sv\/wp-json\/wp\/v2\/industry-terminology?post=56846"}],"curies":[{"name":"wp","href":"https:\/\/api.w.org\/{rel}","templated":true}]}}