{"id":56842,"date":"2025-03-06T00:24:38","date_gmt":"2025-03-05T22:24:38","guid":{"rendered":"https:\/\/vmsport.fi\/verkkokauppa\/Ei-luokiteltu\/muc-off-co2-cartridge-16-g\/"},"modified":"2026-03-30T16:55:44","modified_gmt":"2026-03-30T13:55:44","slug":"muc-off-co2-patron-16-g","status":"publish","type":"product","link":"https:\/\/vmsport.fi\/sv\/verkkokauppa\/tarvikkeet\/pumput\/co2-pumput-ja-patruunat\/muc-off-co2-cartridge-16-g\/","title":{"rendered":"MUC-OFF CO2-patron 16 g"},"content":{"rendered":"<p>Muc-Off CO2-patron med en kapacitet p\u00e5 16 gram \u00e4r speciellt utformad f\u00f6r landsv\u00e4gscykling. Med den h\u00e4r patronen kan du snabbt fylla dina d\u00e4ck. Patronen \u00e4r l\u00e4tt och kompakt och passar perfekt i bakfickan eller sadelv\u00e4skan. Den \u00e4r l\u00e4mplig f\u00f6r anv\u00e4ndning med en m\u00e4ngd olika ventiler, men fungerar s\u00e4rskilt bra p\u00e5 h\u00f6gtrycksd\u00e4ck. Med 40 patroner i f\u00f6rpackningen har du tillr\u00e4ckligt f\u00f6r m\u00e5nga behov under l\u00e5ng tid.<\/p>","protected":false},"excerpt":{"rendered":"<p>Muc-Off CO2 -patruuna on 16 gramman kapasiteetillaan suunniteltu erityisesti maantiepy\u00f6r\u00e4ilyyn. T\u00e4ll\u00e4 patruunalla pystyt t\u00e4ytt\u00e4m\u00e4\u00e4n renkaasi nopeasti. Kevyt ja kompaktin kokoinen patruuna mahtuu k\u00e4tev\u00e4sti takataskuun tai satulalaukkuun. Se sopii k\u00e4ytett\u00e4v\u00e4ksi erilaisissa venttiileiss\u00e4, mutta toimii erityisen hyvin korkeapaineisissa renkaissa. Pakkauksessa on 40 patruunaa, joten siit\u00e4 riitt\u00e4\u00e4 pitk\u00e4ksi aikaa moniin tarpeisiin. [&#8230;]<\/p>\n<p><a class=\"btn btn-secondary understrap-read-more-link\" href=\"https:\/\/vmsport.fi\/sv\/verkkokauppa\/tarvikkeet\/pumput\/co2-pumput-ja-patruunat\/muc-off-co2-cartridge-16-g\/\">L\u00e4s mer \u2026<span class=\"screen-reader-text\"> from MUC-OFF CO2 cartridge 16 g<\/span><\/a><\/p>\n","protected":false},"featured_media":56841,"comment_status":"open","ping_status":"closed","template":"","meta":{"_acf_changed":false,"_improvement_type_select":"improve_an_existing","_thumb_yes_seoaic":false,"_frame_yes_seoaic":false,"seoaic_generate_description":"","seoaic_improve_instructions_prompt":"","seoaic_rollback_content_improvement":"","seoaic_idea_thumbnail_generator":"","thumbnail_generated":false,"thumbnail_generate_prompt":"","seoaic_article_description":"","_supplier_stock_quantity":0},"product_brand":[1584],"product_model":[],"product_cat":[9586],"product_tag":[],"industry-terminology":[],"class_list":{"0":"post-56842","1":"product","2":"type-product","3":"status-publish","4":"has-post-thumbnail","6":"product_brand-muc-off","7":"product_cat-co2-pumput-ja-patruunat","9":"first","10":"instock","11":"taxable","12":"shipping-taxable","13":"purchasable","14":"product-type-simple"},"acf":{"bike_features":null,"overview":{"copy_overview":null,"key_features":null,"statement":"","youtube_url":""}},"yoast_head":"<!-- This site is optimized with the Yoast SEO plugin v27.3 - https:\/\/yoast.com\/product\/yoast-seo-wordpress\/ -->\n<title>MUC-OFF CO2 cartridge 16 g - VM Sport<\/title>\n<meta name=\"robots\" content=\"index, follow, max-snippet:-1, max-image-preview:large, max-video-preview:-1\" \/>\n<link rel=\"canonical\" href=\"https:\/\/vmsport.fi\/sv\/webbutik\/tillbehor\/pumpar\/co2-pumpar-och-patroner\/muc-off-co2-patron-16-g\/\" \/>\n<meta property=\"og:locale\" content=\"sv_SE\" \/>\n<meta property=\"og:type\" content=\"article\" \/>\n<meta property=\"og:title\" content=\"MUC-OFF CO2 cartridge 16 g - VM Sport\" \/>\n<meta property=\"og:description\" content=\"Muc-Off CO2 -patruuna on 16 gramman kapasiteetillaan suunniteltu erityisesti maantiepy\u00f6r\u00e4ilyyn. T\u00e4ll\u00e4 patruunalla pystyt t\u00e4ytt\u00e4m\u00e4\u00e4n renkaasi nopeasti. Kevyt ja kompaktin kokoinen patruuna mahtuu k\u00e4tev\u00e4sti takataskuun tai satulalaukkuun. Se sopii k\u00e4ytett\u00e4v\u00e4ksi erilaisissa venttiileiss\u00e4, mutta toimii erityisen hyvin korkeapaineisissa renkaissa. Pakkauksessa on 40 patruunaa, joten siit\u00e4 riitt\u00e4\u00e4 pitk\u00e4ksi aikaa moniin tarpeisiin. [...]L\u00e4s mer \u2026 from MUC-OFF CO2 cartridge 16 g\" \/>\n<meta property=\"og:url\" content=\"https:\/\/vmsport.fi\/sv\/webbutik\/tillbehor\/pumpar\/co2-pumpar-och-patroner\/muc-off-co2-patron-16-g\/\" \/>\n<meta property=\"og:site_name\" content=\"VM Sport\" \/>\n<meta property=\"article:publisher\" content=\"https:\/\/www.facebook.com\/Vmsport.fi\/\" \/>\n<meta property=\"article:modified_time\" content=\"2026-03-30T13:55:44+00:00\" \/>\n<meta property=\"og:image\" content=\"https:\/\/vmsport.fi\/wp-content\/uploads\/2025\/03\/Muc-off-co2-cartidge-16-g-co2-cartridge-1.jpg\" \/>\n\t<meta property=\"og:image:width\" content=\"1000\" \/>\n\t<meta property=\"og:image:height\" content=\"750\" \/>\n\t<meta property=\"og:image:type\" content=\"image\/jpeg\" \/>\n<meta name=\"twitter:card\" content=\"summary_large_image\" \/>\n<script type=\"application\/ld+json\" class=\"yoast-schema-graph\">{\"@context\":\"https:\\\/\\\/schema.org\",\"@graph\":[{\"@type\":[\"WebPage\",\"ItemPage\"],\"@id\":\"https:\\\/\\\/vmsport.fi\\\/verkkokauppa\\\/tarvikkeet\\\/pumput\\\/co2-pumput-ja-patruunat\\\/muc-off-co2-cartridge-16-g\\\/\",\"url\":\"https:\\\/\\\/vmsport.fi\\\/verkkokauppa\\\/tarvikkeet\\\/pumput\\\/co2-pumput-ja-patruunat\\\/muc-off-co2-cartridge-16-g\\\/\",\"name\":\"MUC-OFF CO2 cartridge 16 g - VM Sport\",\"isPartOf\":{\"@id\":\"https:\\\/\\\/vmsport.fi\\\/#website\"},\"primaryImageOfPage\":{\"@id\":\"https:\\\/\\\/vmsport.fi\\\/verkkokauppa\\\/tarvikkeet\\\/pumput\\\/co2-pumput-ja-patruunat\\\/muc-off-co2-cartridge-16-g\\\/#primaryimage\"},\"image\":{\"@id\":\"https:\\\/\\\/vmsport.fi\\\/verkkokauppa\\\/tarvikkeet\\\/pumput\\\/co2-pumput-ja-patruunat\\\/muc-off-co2-cartridge-16-g\\\/#primaryimage\"},\"thumbnailUrl\":\"https:\\\/\\\/vmsport.fi\\\/wp-content\\\/uploads\\\/2025\\\/03\\\/Muc-off-co2-cartidge-16-g-co2-cartridge-1.jpg\",\"datePublished\":\"2025-03-05T22:24:38+00:00\",\"dateModified\":\"2026-03-30T13:55:44+00:00\",\"breadcrumb\":{\"@id\":\"https:\\\/\\\/vmsport.fi\\\/verkkokauppa\\\/tarvikkeet\\\/pumput\\\/co2-pumput-ja-patruunat\\\/muc-off-co2-cartridge-16-g\\\/#breadcrumb\"},\"inLanguage\":\"sv-SE\",\"potentialAction\":[{\"@type\":\"ReadAction\",\"target\":[\"https:\\\/\\\/vmsport.fi\\\/verkkokauppa\\\/tarvikkeet\\\/pumput\\\/co2-pumput-ja-patruunat\\\/muc-off-co2-cartridge-16-g\\\/\"]}]},{\"@type\":\"ImageObject\",\"inLanguage\":\"sv-SE\",\"@id\":\"https:\\\/\\\/vmsport.fi\\\/verkkokauppa\\\/tarvikkeet\\\/pumput\\\/co2-pumput-ja-patruunat\\\/muc-off-co2-cartridge-16-g\\\/#primaryimage\",\"url\":\"https:\\\/\\\/vmsport.fi\\\/wp-content\\\/uploads\\\/2025\\\/03\\\/Muc-off-co2-cartidge-16-g-co2-cartridge-1.jpg\",\"contentUrl\":\"https:\\\/\\\/vmsport.fi\\\/wp-content\\\/uploads\\\/2025\\\/03\\\/Muc-off-co2-cartidge-16-g-co2-cartridge-1.jpg\",\"width\":1000,\"height\":750,\"caption\":\"Muc-off-co2-cartidge-16-g-co2-cartridge\"},{\"@type\":\"BreadcrumbList\",\"@id\":\"https:\\\/\\\/vmsport.fi\\\/verkkokauppa\\\/tarvikkeet\\\/pumput\\\/co2-pumput-ja-patruunat\\\/muc-off-co2-cartridge-16-g\\\/#breadcrumb\",\"itemListElement\":[{\"@type\":\"ListItem\",\"position\":1,\"name\":\"Etusivu\",\"item\":\"https:\\\/\\\/vmsport.fi\\\/\"},{\"@type\":\"ListItem\",\"position\":2,\"name\":\"Online Store\",\"item\":\"https:\\\/\\\/vmsport.fi\\\/en\\\/online-store\\\/\"},{\"@type\":\"ListItem\",\"position\":3,\"name\":\"MUC-OFF CO2 cartridge 16 g\"}]},{\"@type\":\"WebSite\",\"@id\":\"https:\\\/\\\/vmsport.fi\\\/#website\",\"url\":\"https:\\\/\\\/vmsport.fi\\\/\",\"name\":\"Vmsport\",\"description\":\"Kaikki py\u00f6r\u00e4ilyyn yhdest\u00e4 paikasta\",\"publisher\":{\"@id\":\"https:\\\/\\\/vmsport.fi\\\/#organization\"},\"potentialAction\":[{\"@type\":\"SearchAction\",\"target\":{\"@type\":\"EntryPoint\",\"urlTemplate\":\"https:\\\/\\\/vmsport.fi\\\/?s={search_term_string}\"},\"query-input\":{\"@type\":\"PropertyValueSpecification\",\"valueRequired\":true,\"valueName\":\"search_term_string\"}}],\"inLanguage\":\"sv-SE\"},{\"@type\":\"Organization\",\"@id\":\"https:\\\/\\\/vmsport.fi\\\/#organization\",\"name\":\"Vmsport\",\"url\":\"https:\\\/\\\/vmsport.fi\\\/\",\"logo\":{\"@type\":\"ImageObject\",\"inLanguage\":\"sv-SE\",\"@id\":\"https:\\\/\\\/vmsport.fi\\\/#\\\/schema\\\/logo\\\/image\\\/\",\"url\":\"https:\\\/\\\/vmsport.fi\\\/wp-content\\\/uploads\\\/2024\\\/12\\\/vm_sport_RGB_horisontal-e1734526017575.png\",\"contentUrl\":\"https:\\\/\\\/vmsport.fi\\\/wp-content\\\/uploads\\\/2024\\\/12\\\/vm_sport_RGB_horisontal-e1734526017575.png\",\"width\":668,\"height\":85,\"caption\":\"Vmsport\"},\"image\":{\"@id\":\"https:\\\/\\\/vmsport.fi\\\/#\\\/schema\\\/logo\\\/image\\\/\"},\"sameAs\":[\"https:\\\/\\\/www.facebook.com\\\/Vmsport.fi\\\/\",\"https:\\\/\\\/www.instagram.com\\\/vmsport\\\/\"]}]}<\/script>\n<!-- \/ Yoast SEO plugin. -->","yoast_head_json":{"title":"MUC-OFF CO2-patron 16 g - VM Sport","robots":{"index":"index","follow":"follow","max-snippet":"max-snippet:-1","max-image-preview":"max-image-preview:large","max-video-preview":"max-video-preview:-1"},"canonical":"https:\/\/vmsport.fi\/sv\/webbutik\/tillbehor\/pumpar\/co2-pumpar-och-patroner\/muc-off-co2-patron-16-g\/","og_locale":"sv_SE","og_type":"article","og_title":"MUC-OFF CO2 cartridge 16 g - VM Sport","og_description":"Muc-Off CO2 -patruuna on 16 gramman kapasiteetillaan suunniteltu erityisesti maantiepy\u00f6r\u00e4ilyyn. T\u00e4ll\u00e4 patruunalla pystyt t\u00e4ytt\u00e4m\u00e4\u00e4n renkaasi nopeasti. Kevyt ja kompaktin kokoinen patruuna mahtuu k\u00e4tev\u00e4sti takataskuun tai satulalaukkuun. Se sopii k\u00e4ytett\u00e4v\u00e4ksi erilaisissa venttiileiss\u00e4, mutta toimii erityisen hyvin korkeapaineisissa renkaissa. Pakkauksessa on 40 patruunaa, joten siit\u00e4 riitt\u00e4\u00e4 pitk\u00e4ksi aikaa moniin tarpeisiin. [...]L\u00e4s mer \u2026 from MUC-OFF CO2 cartridge 16 g","og_url":"https:\/\/vmsport.fi\/sv\/webbutik\/tillbehor\/pumpar\/co2-pumpar-och-patroner\/muc-off-co2-patron-16-g\/","og_site_name":"VM Sport","article_publisher":"https:\/\/www.facebook.com\/Vmsport.fi\/","article_modified_time":"2026-03-30T13:55:44+00:00","og_image":[{"width":1000,"height":750,"url":"https:\/\/vmsport.fi\/wp-content\/uploads\/2025\/03\/Muc-off-co2-cartidge-16-g-co2-cartridge-1.jpg","type":"image\/jpeg"}],"twitter_card":"summary_large_image","schema":{"@context":"https:\/\/schema.org","@graph":[{"@type":["WebPage","ItemPage"],"@id":"https:\/\/vmsport.fi\/verkkokauppa\/tarvikkeet\/pumput\/co2-pumput-ja-patruunat\/muc-off-co2-cartridge-16-g\/","url":"https:\/\/vmsport.fi\/verkkokauppa\/tarvikkeet\/pumput\/co2-pumput-ja-patruunat\/muc-off-co2-cartridge-16-g\/","name":"MUC-OFF CO2-patron 16 g - VM Sport","isPartOf":{"@id":"https:\/\/vmsport.fi\/#website"},"primaryImageOfPage":{"@id":"https:\/\/vmsport.fi\/verkkokauppa\/tarvikkeet\/pumput\/co2-pumput-ja-patruunat\/muc-off-co2-cartridge-16-g\/#primaryimage"},"image":{"@id":"https:\/\/vmsport.fi\/verkkokauppa\/tarvikkeet\/pumput\/co2-pumput-ja-patruunat\/muc-off-co2-cartridge-16-g\/#primaryimage"},"thumbnailUrl":"https:\/\/vmsport.fi\/wp-content\/uploads\/2025\/03\/Muc-off-co2-cartidge-16-g-co2-cartridge-1.jpg","datePublished":"2025-03-05T22:24:38+00:00","dateModified":"2026-03-30T13:55:44+00:00","breadcrumb":{"@id":"https:\/\/vmsport.fi\/verkkokauppa\/tarvikkeet\/pumput\/co2-pumput-ja-patruunat\/muc-off-co2-cartridge-16-g\/#breadcrumb"},"inLanguage":"sv-SE","potentialAction":[{"@type":"ReadAction","target":["https:\/\/vmsport.fi\/verkkokauppa\/tarvikkeet\/pumput\/co2-pumput-ja-patruunat\/muc-off-co2-cartridge-16-g\/"]}]},{"@type":"ImageObject","inLanguage":"sv-SE","@id":"https:\/\/vmsport.fi\/verkkokauppa\/tarvikkeet\/pumput\/co2-pumput-ja-patruunat\/muc-off-co2-cartridge-16-g\/#primaryimage","url":"https:\/\/vmsport.fi\/wp-content\/uploads\/2025\/03\/Muc-off-co2-cartidge-16-g-co2-cartridge-1.jpg","contentUrl":"https:\/\/vmsport.fi\/wp-content\/uploads\/2025\/03\/Muc-off-co2-cartidge-16-g-co2-cartridge-1.jpg","width":1000,"height":750,"caption":"Muc-off-co2-cartidge-16-g-co2-cartridge"},{"@type":"BreadcrumbList","@id":"https:\/\/vmsport.fi\/verkkokauppa\/tarvikkeet\/pumput\/co2-pumput-ja-patruunat\/muc-off-co2-cartridge-16-g\/#breadcrumb","itemListElement":[{"@type":"ListItem","position":1,"name":"Etusivu","item":"https:\/\/vmsport.fi\/"},{"@type":"ListItem","position":2,"name":"Online Store","item":"https:\/\/vmsport.fi\/en\/online-store\/"},{"@type":"ListItem","position":3,"name":"MUC-OFF CO2 cartridge 16 g"}]},{"@type":"WebSite","@id":"https:\/\/vmsport.fi\/#website","url":"https:\/\/vmsport.fi\/","name":"Vmsport","description":"Allt p\u00e5 ett st\u00e4lle f\u00f6r cykling","publisher":{"@id":"https:\/\/vmsport.fi\/#organization"},"potentialAction":[{"@type":"SearchAction","target":{"@type":"EntryPoint","urlTemplate":"https:\/\/vmsport.fi\/?s={search_term_string}"},"query-input":{"@type":"PropertyValueSpecification","valueRequired":true,"valueName":"search_term_string"}}],"inLanguage":"sv-SE"},{"@type":"Organization","@id":"https:\/\/vmsport.fi\/#organization","name":"Vmsport","url":"https:\/\/vmsport.fi\/","logo":{"@type":"ImageObject","inLanguage":"sv-SE","@id":"https:\/\/vmsport.fi\/#\/schema\/logo\/image\/","url":"https:\/\/vmsport.fi\/wp-content\/uploads\/2024\/12\/vm_sport_RGB_horisontal-e1734526017575.png","contentUrl":"https:\/\/vmsport.fi\/wp-content\/uploads\/2024\/12\/vm_sport_RGB_horisontal-e1734526017575.png","width":668,"height":85,"caption":"Vmsport"},"image":{"@id":"https:\/\/vmsport.fi\/#\/schema\/logo\/image\/"},"sameAs":["https:\/\/www.facebook.com\/Vmsport.fi\/","https:\/\/www.instagram.com\/vmsport\/"]}]}},"global_unique_id":"","_links":{"self":[{"href":"https:\/\/vmsport.fi\/sv\/wp-json\/wp\/v2\/product\/56842","targetHints":{"allow":["GET"]}}],"collection":[{"href":"https:\/\/vmsport.fi\/sv\/wp-json\/wp\/v2\/product"}],"about":[{"href":"https:\/\/vmsport.fi\/sv\/wp-json\/wp\/v2\/types\/product"}],"replies":[{"embeddable":true,"href":"https:\/\/vmsport.fi\/sv\/wp-json\/wp\/v2\/comments?post=56842"}],"wp:featuredmedia":[{"embeddable":true,"href":"https:\/\/vmsport.fi\/sv\/wp-json\/wp\/v2\/media\/56841"}],"wp:attachment":[{"href":"https:\/\/vmsport.fi\/sv\/wp-json\/wp\/v2\/media?parent=56842"}],"wp:term":[{"taxonomy":"product_brand","embeddable":true,"href":"https:\/\/vmsport.fi\/sv\/wp-json\/wp\/v2\/product_brand?post=56842"},{"taxonomy":"product_model","embeddable":true,"href":"https:\/\/vmsport.fi\/sv\/wp-json\/wp\/v2\/product_model?post=56842"},{"taxonomy":"product_cat","embeddable":true,"href":"https:\/\/vmsport.fi\/sv\/wp-json\/wp\/v2\/product_cat?post=56842"},{"taxonomy":"product_tag","embeddable":true,"href":"https:\/\/vmsport.fi\/sv\/wp-json\/wp\/v2\/product_tag?post=56842"},{"taxonomy":"industry_terminology","embeddable":true,"href":"https:\/\/vmsport.fi\/sv\/wp-json\/wp\/v2\/industry-terminology?post=56842"}],"curies":[{"name":"wp","href":"https:\/\/api.w.org\/{rel}","templated":true}]}}