{"id":56828,"date":"2025-03-06T00:24:31","date_gmt":"2025-03-05T22:24:31","guid":{"rendered":"https:\/\/vmsport.fi\/verkkokauppa\/Ei-luokiteltu\/ketju-cn6701-10-ultegra-10v\/"},"modified":"2026-04-22T15:04:47","modified_gmt":"2026-04-22T12:04:47","slug":"kedja-cn6701-10-ultegra-10v","status":"publish","type":"product","link":"https:\/\/vmsport.fi\/sv\/verkkokauppa\/varaosat\/voimansiirto\/ketjut\/ketju-cn6701-10-ultegra-10v\/","title":{"rendered":"Kedja CN6701 10 Ultegra, 10v"},"content":{"rendered":"<p>Ultegra CN6701 10-v\u00e4xlad kedja \u00e4r utformad f\u00f6r att s\u00e4kerst\u00e4lla en j\u00e4mn och effektiv kraft\u00f6verf\u00f6ring. Den h\u00e4r kedjan ing\u00e5r i Ultegra-serien och \u00e4r optimerad f\u00f6r precision och h\u00e5llbarhet. Dess innovativa design minskar friktionen och f\u00f6rb\u00e4ttrar v\u00e4xlingsprecisionen, vilket g\u00f6r den till ett utm\u00e4rkt val f\u00f6r kr\u00e4vande cyklister. Kedjan kombinerar l\u00e4tthet och h\u00e5llbarhet, vilket ger l\u00e5ngvarig och tillf\u00f6rlitlig prestanda.<\/p>","protected":false},"excerpt":{"rendered":"<p>Ultegra CN6701 10-vaihteinen ketju on suunniteltu varmistamaan sujuva ja tehokas voimansiirto. T\u00e4m\u00e4 ketju kuuluu Ultegra-sarjaan ja on optimoitu tarkkuuden ja kest\u00e4vyyden takaamiseksi. Sen innovatiivinen muotoilu v\u00e4hent\u00e4\u00e4 kitkaa ja parantaa vaihtamisen tarkkuutta, mik\u00e4 tekee siit\u00e4 erinomaisen valinnan vaativille py\u00f6r\u00e4ilij\u00f6ille. Ketju yhdist\u00e4\u00e4 keveyden ja kest\u00e4vyyden, tarjoten pitk\u00e4ik\u00e4isen ja luotettavan suorituskyvyn. [&#8230;]<\/p>\n<p><a class=\"btn btn-secondary understrap-read-more-link\" href=\"https:\/\/vmsport.fi\/sv\/verkkokauppa\/varaosat\/voimansiirto\/ketjut\/ketju-cn6701-10-ultegra-10v\/\">L\u00e4s mer \u2026<span class=\"screen-reader-text\"> from Ketju CN6701 10 Ultegra, 10v<\/span><\/a><\/p>\n","protected":false},"featured_media":56826,"comment_status":"open","ping_status":"closed","template":"","meta":{"_acf_changed":false,"_improvement_type_select":"improve_an_existing","_thumb_yes_seoaic":false,"_frame_yes_seoaic":false,"seoaic_generate_description":"","seoaic_improve_instructions_prompt":"","seoaic_rollback_content_improvement":"","seoaic_idea_thumbnail_generator":"","thumbnail_generated":false,"thumbnail_generate_prompt":"","seoaic_article_description":"","_supplier_stock_quantity":0},"product_brand":[],"product_model":[],"product_cat":[9352],"product_tag":[],"industry-terminology":[],"class_list":{"0":"post-56828","1":"product","2":"type-product","3":"status-publish","4":"has-post-thumbnail","6":"product_cat-ketjut","8":"first","9":"outofstock","10":"taxable","11":"shipping-taxable","12":"product-type-simple"},"acf":{"bike_features":null,"overview":{"copy_overview":null,"key_features":null,"statement":"","youtube_url":""}},"yoast_head":"<!-- This site is optimized with the Yoast SEO plugin v27.4 - https:\/\/yoast.com\/product\/yoast-seo-wordpress\/ -->\n<title>Ketju CN6701 10 Ultegra, 10v - VM Sport<\/title>\n<meta name=\"robots\" content=\"index, follow, max-snippet:-1, max-image-preview:large, max-video-preview:-1\" \/>\n<link rel=\"canonical\" href=\"https:\/\/vmsport.fi\/sv\/webbutik\/reservdelar\/transmission\/kedjor\/kedja-cn6701-10-ultegra-10v\/\" \/>\n<meta property=\"og:locale\" content=\"sv_SE\" \/>\n<meta property=\"og:type\" content=\"article\" \/>\n<meta property=\"og:title\" content=\"Ketju CN6701 10 Ultegra, 10v - VM Sport\" \/>\n<meta property=\"og:description\" content=\"Ultegra CN6701 10-vaihteinen ketju on suunniteltu varmistamaan sujuva ja tehokas voimansiirto. T\u00e4m\u00e4 ketju kuuluu Ultegra-sarjaan ja on optimoitu tarkkuuden ja kest\u00e4vyyden takaamiseksi. Sen innovatiivinen muotoilu v\u00e4hent\u00e4\u00e4 kitkaa ja parantaa vaihtamisen tarkkuutta, mik\u00e4 tekee siit\u00e4 erinomaisen valinnan vaativille py\u00f6r\u00e4ilij\u00f6ille. Ketju yhdist\u00e4\u00e4 keveyden ja kest\u00e4vyyden, tarjoten pitk\u00e4ik\u00e4isen ja luotettavan suorituskyvyn. [...]L\u00e4s mer \u2026 from Ketju CN6701 10 Ultegra, 10v\" \/>\n<meta property=\"og:url\" content=\"https:\/\/vmsport.fi\/sv\/webbutik\/reservdelar\/transmission\/kedjor\/kedja-cn6701-10-ultegra-10v\/\" \/>\n<meta property=\"og:site_name\" content=\"VM Sport\" \/>\n<meta property=\"article:publisher\" content=\"https:\/\/www.facebook.com\/Vmsport.fi\/\" \/>\n<meta property=\"article:modified_time\" content=\"2026-04-22T12:04:47+00:00\" \/>\n<meta property=\"og:image\" content=\"https:\/\/vmsport.fi\/wp-content\/uploads\/2025\/03\/20180102-CN-6701-STD-F1-1.jpg\" \/>\n\t<meta property=\"og:image:width\" content=\"600\" \/>\n\t<meta property=\"og:image:height\" content=\"600\" \/>\n\t<meta property=\"og:image:type\" content=\"image\/jpeg\" \/>\n<meta name=\"twitter:card\" content=\"summary_large_image\" \/>\n<script type=\"application\/ld+json\" class=\"yoast-schema-graph\">{\"@context\":\"https:\\\/\\\/schema.org\",\"@graph\":[{\"@type\":[\"WebPage\",\"ItemPage\"],\"@id\":\"https:\\\/\\\/vmsport.fi\\\/verkkokauppa\\\/varaosat\\\/voimansiirto\\\/ketjut\\\/ketju-cn6701-10-ultegra-10v\\\/\",\"url\":\"https:\\\/\\\/vmsport.fi\\\/verkkokauppa\\\/varaosat\\\/voimansiirto\\\/ketjut\\\/ketju-cn6701-10-ultegra-10v\\\/\",\"name\":\"Ketju CN6701 10 Ultegra, 10v - VM Sport\",\"isPartOf\":{\"@id\":\"https:\\\/\\\/vmsport.fi\\\/#website\"},\"primaryImageOfPage\":{\"@id\":\"https:\\\/\\\/vmsport.fi\\\/verkkokauppa\\\/varaosat\\\/voimansiirto\\\/ketjut\\\/ketju-cn6701-10-ultegra-10v\\\/#primaryimage\"},\"image\":{\"@id\":\"https:\\\/\\\/vmsport.fi\\\/verkkokauppa\\\/varaosat\\\/voimansiirto\\\/ketjut\\\/ketju-cn6701-10-ultegra-10v\\\/#primaryimage\"},\"thumbnailUrl\":\"https:\\\/\\\/vmsport.fi\\\/wp-content\\\/uploads\\\/2025\\\/03\\\/20180102-CN-6701-STD-F1-1.jpg\",\"datePublished\":\"2025-03-05T22:24:31+00:00\",\"dateModified\":\"2026-04-22T12:04:47+00:00\",\"breadcrumb\":{\"@id\":\"https:\\\/\\\/vmsport.fi\\\/verkkokauppa\\\/varaosat\\\/voimansiirto\\\/ketjut\\\/ketju-cn6701-10-ultegra-10v\\\/#breadcrumb\"},\"inLanguage\":\"sv-SE\",\"potentialAction\":[{\"@type\":\"ReadAction\",\"target\":[\"https:\\\/\\\/vmsport.fi\\\/verkkokauppa\\\/varaosat\\\/voimansiirto\\\/ketjut\\\/ketju-cn6701-10-ultegra-10v\\\/\"]}]},{\"@type\":\"ImageObject\",\"inLanguage\":\"sv-SE\",\"@id\":\"https:\\\/\\\/vmsport.fi\\\/verkkokauppa\\\/varaosat\\\/voimansiirto\\\/ketjut\\\/ketju-cn6701-10-ultegra-10v\\\/#primaryimage\",\"url\":\"https:\\\/\\\/vmsport.fi\\\/wp-content\\\/uploads\\\/2025\\\/03\\\/20180102-CN-6701-STD-F1-1.jpg\",\"contentUrl\":\"https:\\\/\\\/vmsport.fi\\\/wp-content\\\/uploads\\\/2025\\\/03\\\/20180102-CN-6701-STD-F1-1.jpg\",\"width\":600,\"height\":600,\"caption\":\"20180102-CN-6701-STD-F1\"},{\"@type\":\"BreadcrumbList\",\"@id\":\"https:\\\/\\\/vmsport.fi\\\/verkkokauppa\\\/varaosat\\\/voimansiirto\\\/ketjut\\\/ketju-cn6701-10-ultegra-10v\\\/#breadcrumb\",\"itemListElement\":[{\"@type\":\"ListItem\",\"position\":1,\"name\":\"Etusivu\",\"item\":\"https:\\\/\\\/vmsport.fi\\\/\"},{\"@type\":\"ListItem\",\"position\":2,\"name\":\"Online Store\",\"item\":\"https:\\\/\\\/vmsport.fi\\\/en\\\/online-store\\\/\"},{\"@type\":\"ListItem\",\"position\":3,\"name\":\"Ketju CN6701 10 Ultegra, 10v\"}]},{\"@type\":\"WebSite\",\"@id\":\"https:\\\/\\\/vmsport.fi\\\/#website\",\"url\":\"https:\\\/\\\/vmsport.fi\\\/\",\"name\":\"Vmsport\",\"description\":\"Kaikki py\u00f6r\u00e4ilyyn yhdest\u00e4 paikasta\",\"publisher\":{\"@id\":\"https:\\\/\\\/vmsport.fi\\\/#organization\"},\"potentialAction\":[{\"@type\":\"SearchAction\",\"target\":{\"@type\":\"EntryPoint\",\"urlTemplate\":\"https:\\\/\\\/vmsport.fi\\\/?s={search_term_string}\"},\"query-input\":{\"@type\":\"PropertyValueSpecification\",\"valueRequired\":true,\"valueName\":\"search_term_string\"}}],\"inLanguage\":\"sv-SE\"},{\"@type\":\"Organization\",\"@id\":\"https:\\\/\\\/vmsport.fi\\\/#organization\",\"name\":\"Vmsport\",\"url\":\"https:\\\/\\\/vmsport.fi\\\/\",\"logo\":{\"@type\":\"ImageObject\",\"inLanguage\":\"sv-SE\",\"@id\":\"https:\\\/\\\/vmsport.fi\\\/#\\\/schema\\\/logo\\\/image\\\/\",\"url\":\"https:\\\/\\\/vmsport.fi\\\/wp-content\\\/uploads\\\/2024\\\/12\\\/vm_sport_RGB_horisontal-e1734526017575.png\",\"contentUrl\":\"https:\\\/\\\/vmsport.fi\\\/wp-content\\\/uploads\\\/2024\\\/12\\\/vm_sport_RGB_horisontal-e1734526017575.png\",\"width\":668,\"height\":85,\"caption\":\"Vmsport\"},\"image\":{\"@id\":\"https:\\\/\\\/vmsport.fi\\\/#\\\/schema\\\/logo\\\/image\\\/\"},\"sameAs\":[\"https:\\\/\\\/www.facebook.com\\\/Vmsport.fi\\\/\",\"https:\\\/\\\/www.instagram.com\\\/vmsport\\\/\"]}]}<\/script>\n<!-- \/ Yoast SEO plugin. -->","yoast_head_json":{"title":"Kedja CN6701 10 Ultegra, 10v - VM Sport","robots":{"index":"index","follow":"follow","max-snippet":"max-snippet:-1","max-image-preview":"max-image-preview:large","max-video-preview":"max-video-preview:-1"},"canonical":"https:\/\/vmsport.fi\/sv\/webbutik\/reservdelar\/transmission\/kedjor\/kedja-cn6701-10-ultegra-10v\/","og_locale":"sv_SE","og_type":"article","og_title":"Ketju CN6701 10 Ultegra, 10v - VM Sport","og_description":"Ultegra CN6701 10-vaihteinen ketju on suunniteltu varmistamaan sujuva ja tehokas voimansiirto. T\u00e4m\u00e4 ketju kuuluu Ultegra-sarjaan ja on optimoitu tarkkuuden ja kest\u00e4vyyden takaamiseksi. Sen innovatiivinen muotoilu v\u00e4hent\u00e4\u00e4 kitkaa ja parantaa vaihtamisen tarkkuutta, mik\u00e4 tekee siit\u00e4 erinomaisen valinnan vaativille py\u00f6r\u00e4ilij\u00f6ille. Ketju yhdist\u00e4\u00e4 keveyden ja kest\u00e4vyyden, tarjoten pitk\u00e4ik\u00e4isen ja luotettavan suorituskyvyn. [...]L\u00e4s mer \u2026 from Ketju CN6701 10 Ultegra, 10v","og_url":"https:\/\/vmsport.fi\/sv\/webbutik\/reservdelar\/transmission\/kedjor\/kedja-cn6701-10-ultegra-10v\/","og_site_name":"VM Sport","article_publisher":"https:\/\/www.facebook.com\/Vmsport.fi\/","article_modified_time":"2026-04-22T12:04:47+00:00","og_image":[{"width":600,"height":600,"url":"https:\/\/vmsport.fi\/wp-content\/uploads\/2025\/03\/20180102-CN-6701-STD-F1-1.jpg","type":"image\/jpeg"}],"twitter_card":"summary_large_image","schema":{"@context":"https:\/\/schema.org","@graph":[{"@type":["WebPage","ItemPage"],"@id":"https:\/\/vmsport.fi\/verkkokauppa\/varaosat\/voimansiirto\/ketjut\/ketju-cn6701-10-ultegra-10v\/","url":"https:\/\/vmsport.fi\/verkkokauppa\/varaosat\/voimansiirto\/ketjut\/ketju-cn6701-10-ultegra-10v\/","name":"Kedja CN6701 10 Ultegra, 10v - VM Sport","isPartOf":{"@id":"https:\/\/vmsport.fi\/#website"},"primaryImageOfPage":{"@id":"https:\/\/vmsport.fi\/verkkokauppa\/varaosat\/voimansiirto\/ketjut\/ketju-cn6701-10-ultegra-10v\/#primaryimage"},"image":{"@id":"https:\/\/vmsport.fi\/verkkokauppa\/varaosat\/voimansiirto\/ketjut\/ketju-cn6701-10-ultegra-10v\/#primaryimage"},"thumbnailUrl":"https:\/\/vmsport.fi\/wp-content\/uploads\/2025\/03\/20180102-CN-6701-STD-F1-1.jpg","datePublished":"2025-03-05T22:24:31+00:00","dateModified":"2026-04-22T12:04:47+00:00","breadcrumb":{"@id":"https:\/\/vmsport.fi\/verkkokauppa\/varaosat\/voimansiirto\/ketjut\/ketju-cn6701-10-ultegra-10v\/#breadcrumb"},"inLanguage":"sv-SE","potentialAction":[{"@type":"ReadAction","target":["https:\/\/vmsport.fi\/verkkokauppa\/varaosat\/voimansiirto\/ketjut\/ketju-cn6701-10-ultegra-10v\/"]}]},{"@type":"ImageObject","inLanguage":"sv-SE","@id":"https:\/\/vmsport.fi\/verkkokauppa\/varaosat\/voimansiirto\/ketjut\/ketju-cn6701-10-ultegra-10v\/#primaryimage","url":"https:\/\/vmsport.fi\/wp-content\/uploads\/2025\/03\/20180102-CN-6701-STD-F1-1.jpg","contentUrl":"https:\/\/vmsport.fi\/wp-content\/uploads\/2025\/03\/20180102-CN-6701-STD-F1-1.jpg","width":600,"height":600,"caption":"20180102-CN-6701-STD-F1"},{"@type":"BreadcrumbList","@id":"https:\/\/vmsport.fi\/verkkokauppa\/varaosat\/voimansiirto\/ketjut\/ketju-cn6701-10-ultegra-10v\/#breadcrumb","itemListElement":[{"@type":"ListItem","position":1,"name":"Etusivu","item":"https:\/\/vmsport.fi\/"},{"@type":"ListItem","position":2,"name":"Online Store","item":"https:\/\/vmsport.fi\/en\/online-store\/"},{"@type":"ListItem","position":3,"name":"Ketju CN6701 10 Ultegra, 10v"}]},{"@type":"WebSite","@id":"https:\/\/vmsport.fi\/#website","url":"https:\/\/vmsport.fi\/","name":"Vmsport","description":"Allt p\u00e5 ett st\u00e4lle f\u00f6r cykling","publisher":{"@id":"https:\/\/vmsport.fi\/#organization"},"potentialAction":[{"@type":"SearchAction","target":{"@type":"EntryPoint","urlTemplate":"https:\/\/vmsport.fi\/?s={search_term_string}"},"query-input":{"@type":"PropertyValueSpecification","valueRequired":true,"valueName":"search_term_string"}}],"inLanguage":"sv-SE"},{"@type":"Organization","@id":"https:\/\/vmsport.fi\/#organization","name":"Vmsport","url":"https:\/\/vmsport.fi\/","logo":{"@type":"ImageObject","inLanguage":"sv-SE","@id":"https:\/\/vmsport.fi\/#\/schema\/logo\/image\/","url":"https:\/\/vmsport.fi\/wp-content\/uploads\/2024\/12\/vm_sport_RGB_horisontal-e1734526017575.png","contentUrl":"https:\/\/vmsport.fi\/wp-content\/uploads\/2024\/12\/vm_sport_RGB_horisontal-e1734526017575.png","width":668,"height":85,"caption":"Vmsport"},"image":{"@id":"https:\/\/vmsport.fi\/#\/schema\/logo\/image\/"},"sameAs":["https:\/\/www.facebook.com\/Vmsport.fi\/","https:\/\/www.instagram.com\/vmsport\/"]}]}},"global_unique_id":"","_links":{"self":[{"href":"https:\/\/vmsport.fi\/sv\/wp-json\/wp\/v2\/product\/56828","targetHints":{"allow":["GET"]}}],"collection":[{"href":"https:\/\/vmsport.fi\/sv\/wp-json\/wp\/v2\/product"}],"about":[{"href":"https:\/\/vmsport.fi\/sv\/wp-json\/wp\/v2\/types\/product"}],"replies":[{"embeddable":true,"href":"https:\/\/vmsport.fi\/sv\/wp-json\/wp\/v2\/comments?post=56828"}],"wp:featuredmedia":[{"embeddable":true,"href":"https:\/\/vmsport.fi\/sv\/wp-json\/wp\/v2\/media\/56826"}],"wp:attachment":[{"href":"https:\/\/vmsport.fi\/sv\/wp-json\/wp\/v2\/media?parent=56828"}],"wp:term":[{"taxonomy":"product_brand","embeddable":true,"href":"https:\/\/vmsport.fi\/sv\/wp-json\/wp\/v2\/product_brand?post=56828"},{"taxonomy":"product_model","embeddable":true,"href":"https:\/\/vmsport.fi\/sv\/wp-json\/wp\/v2\/product_model?post=56828"},{"taxonomy":"product_cat","embeddable":true,"href":"https:\/\/vmsport.fi\/sv\/wp-json\/wp\/v2\/product_cat?post=56828"},{"taxonomy":"product_tag","embeddable":true,"href":"https:\/\/vmsport.fi\/sv\/wp-json\/wp\/v2\/product_tag?post=56828"},{"taxonomy":"industry_terminology","embeddable":true,"href":"https:\/\/vmsport.fi\/sv\/wp-json\/wp\/v2\/industry-terminology?post=56828"}],"curies":[{"name":"wp","href":"https:\/\/api.w.org\/{rel}","templated":true}]}}