{"id":56810,"date":"2025-03-06T00:24:19","date_gmt":"2025-03-05T22:24:19","guid":{"rendered":"https:\/\/vmsport.fi\/verkkokauppa\/Ei-luokiteltu\/ketju-1-v-114l-nexus-cn-nx10\/"},"modified":"2026-04-21T03:00:24","modified_gmt":"2026-04-21T00:00:24","slug":"kedja-1-v-114l-nexus-cn-nx10","status":"publish","type":"product","link":"https:\/\/vmsport.fi\/sv\/verkkokauppa\/varaosat\/voimansiirto\/ketjut\/ketju-1-v-114l-nexus-cn-nx10\/","title":{"rendered":"Kedja 1-v 114l Nexus CN-NX10"},"content":{"rendered":"<p>Den h\u00f6gkvalitativa 1-v 114L Nexus CN-NX10-kedjan har utvecklats speciellt f\u00f6r h\u00e5llbarhet och tillf\u00f6rlitlighet. Kedjan, som best\u00e5r av 114 l\u00e4nkar, \u00e4r idealisk f\u00f6r env\u00e4xlade cykelsystem. Dess slitstarka material garanterar utm\u00e4rkt prestanda och l\u00e5ng livsl\u00e4ngd. Kedjans smidiga funktion minskar friktionen vid t.ex. terr\u00e4ngcykling, vilket g\u00f6r cyklingen smidig och behaglig. Nexus CN-NX10 \u00e4r ett utm\u00e4rkt val f\u00f6r alla cyklister som v\u00e4rdes\u00e4tter prestanda och tillf\u00f6rlitlighet.<\/p>","protected":false},"excerpt":{"rendered":"<p>Laadukas Ketju 1-v 114L Nexus CN-NX10 on kehitetty erityisesti kest\u00e4vyyden ja luotettavuuden takaamiseksi. T\u00e4m\u00e4 ketju, joka koostuu 114 lenkist\u00e4, on ihanteellinen yksivaihteisiin py\u00f6r\u00e4j\u00e4rjestelmiin. Sen kest\u00e4v\u00e4 materiaali varmistaa loistavan suorituskyvyn ja pitk\u00e4n k\u00e4ytt\u00f6i\u00e4n. Ketjun jouheva toiminta v\u00e4hent\u00e4\u00e4 kitkaa esimerkiksi maastopolkuja ajettaessa, mik\u00e4 tekee ajamisesta sujuvaa ja nautittavaa. Nexus CN-NX10 on erinomainen valinta jokaiselle kuljettajalle, joka arvostaa [&#8230;]<\/p>\n<p><a class=\"btn btn-secondary understrap-read-more-link\" href=\"https:\/\/vmsport.fi\/sv\/verkkokauppa\/varaosat\/voimansiirto\/ketjut\/ketju-1-v-114l-nexus-cn-nx10\/\">L\u00e4s mer \u2026<span class=\"screen-reader-text\"> from Ketju 1-v 114l Nexus CN-NX10<\/span><\/a><\/p>\n","protected":false},"featured_media":56809,"comment_status":"open","ping_status":"closed","template":"","meta":{"_acf_changed":false,"_improvement_type_select":"improve_an_existing","_thumb_yes_seoaic":false,"_frame_yes_seoaic":false,"seoaic_generate_description":"","seoaic_improve_instructions_prompt":"","seoaic_rollback_content_improvement":"","seoaic_idea_thumbnail_generator":"","thumbnail_generated":false,"thumbnail_generate_prompt":"","seoaic_article_description":"","_supplier_stock_quantity":0},"product_brand":[],"product_model":[],"product_cat":[9352],"product_tag":[],"industry-terminology":[],"class_list":{"0":"post-56810","1":"product","2":"type-product","3":"status-publish","4":"has-post-thumbnail","6":"product_cat-ketjut","8":"first","9":"instock","10":"taxable","11":"shipping-taxable","12":"purchasable","13":"product-type-simple"},"acf":{"bike_features":null,"overview":{"copy_overview":null,"key_features":null,"statement":"","youtube_url":""}},"yoast_head":"<!-- This site is optimized with the Yoast SEO plugin v27.4 - https:\/\/yoast.com\/product\/yoast-seo-wordpress\/ -->\n<title>Ketju 1-v 114l Nexus CN-NX10 - VM Sport<\/title>\n<meta name=\"robots\" content=\"index, follow, max-snippet:-1, max-image-preview:large, max-video-preview:-1\" \/>\n<link rel=\"canonical\" href=\"https:\/\/vmsport.fi\/sv\/webbutik\/reservdelar\/transmission\/kedjor\/kedja-1-v-114l-nexus-cn-nx10\/\" \/>\n<meta property=\"og:locale\" content=\"sv_SE\" \/>\n<meta property=\"og:type\" content=\"article\" \/>\n<meta property=\"og:title\" content=\"Ketju 1-v 114l Nexus CN-NX10 - VM Sport\" \/>\n<meta property=\"og:description\" content=\"Laadukas Ketju 1-v 114L Nexus CN-NX10 on kehitetty erityisesti kest\u00e4vyyden ja luotettavuuden takaamiseksi. T\u00e4m\u00e4 ketju, joka koostuu 114 lenkist\u00e4, on ihanteellinen yksivaihteisiin py\u00f6r\u00e4j\u00e4rjestelmiin. Sen kest\u00e4v\u00e4 materiaali varmistaa loistavan suorituskyvyn ja pitk\u00e4n k\u00e4ytt\u00f6i\u00e4n. Ketjun jouheva toiminta v\u00e4hent\u00e4\u00e4 kitkaa esimerkiksi maastopolkuja ajettaessa, mik\u00e4 tekee ajamisesta sujuvaa ja nautittavaa. Nexus CN-NX10 on erinomainen valinta jokaiselle kuljettajalle, joka arvostaa [...]L\u00e4s mer \u2026 from Ketju 1-v 114l Nexus CN-NX10\" \/>\n<meta property=\"og:url\" content=\"https:\/\/vmsport.fi\/sv\/webbutik\/reservdelar\/transmission\/kedjor\/kedja-1-v-114l-nexus-cn-nx10\/\" \/>\n<meta property=\"og:site_name\" content=\"VM Sport\" \/>\n<meta property=\"article:publisher\" content=\"https:\/\/www.facebook.com\/Vmsport.fi\/\" \/>\n<meta property=\"article:modified_time\" content=\"2026-04-21T00:00:24+00:00\" \/>\n<meta property=\"og:image\" content=\"https:\/\/vmsport.fi\/wp-content\/uploads\/2025\/03\/GrRZs9KzKVKrwqwo9krkcfrFYipIq4HNMZj5iOD9fSNyRdscNP-1.jpg\" \/>\n\t<meta property=\"og:image:width\" content=\"600\" \/>\n\t<meta property=\"og:image:height\" content=\"600\" \/>\n\t<meta property=\"og:image:type\" content=\"image\/jpeg\" \/>\n<meta name=\"twitter:card\" content=\"summary_large_image\" \/>\n<script type=\"application\/ld+json\" class=\"yoast-schema-graph\">{\"@context\":\"https:\\\/\\\/schema.org\",\"@graph\":[{\"@type\":[\"WebPage\",\"ItemPage\"],\"@id\":\"https:\\\/\\\/vmsport.fi\\\/verkkokauppa\\\/varaosat\\\/voimansiirto\\\/ketjut\\\/ketju-1-v-114l-nexus-cn-nx10\\\/\",\"url\":\"https:\\\/\\\/vmsport.fi\\\/verkkokauppa\\\/varaosat\\\/voimansiirto\\\/ketjut\\\/ketju-1-v-114l-nexus-cn-nx10\\\/\",\"name\":\"Ketju 1-v 114l Nexus CN-NX10 - VM Sport\",\"isPartOf\":{\"@id\":\"https:\\\/\\\/vmsport.fi\\\/#website\"},\"primaryImageOfPage\":{\"@id\":\"https:\\\/\\\/vmsport.fi\\\/verkkokauppa\\\/varaosat\\\/voimansiirto\\\/ketjut\\\/ketju-1-v-114l-nexus-cn-nx10\\\/#primaryimage\"},\"image\":{\"@id\":\"https:\\\/\\\/vmsport.fi\\\/verkkokauppa\\\/varaosat\\\/voimansiirto\\\/ketjut\\\/ketju-1-v-114l-nexus-cn-nx10\\\/#primaryimage\"},\"thumbnailUrl\":\"https:\\\/\\\/vmsport.fi\\\/wp-content\\\/uploads\\\/2025\\\/03\\\/GrRZs9KzKVKrwqwo9krkcfrFYipIq4HNMZj5iOD9fSNyRdscNP-1.jpg\",\"datePublished\":\"2025-03-05T22:24:19+00:00\",\"dateModified\":\"2026-04-21T00:00:24+00:00\",\"breadcrumb\":{\"@id\":\"https:\\\/\\\/vmsport.fi\\\/verkkokauppa\\\/varaosat\\\/voimansiirto\\\/ketjut\\\/ketju-1-v-114l-nexus-cn-nx10\\\/#breadcrumb\"},\"inLanguage\":\"sv-SE\",\"potentialAction\":[{\"@type\":\"ReadAction\",\"target\":[\"https:\\\/\\\/vmsport.fi\\\/verkkokauppa\\\/varaosat\\\/voimansiirto\\\/ketjut\\\/ketju-1-v-114l-nexus-cn-nx10\\\/\"]}]},{\"@type\":\"ImageObject\",\"inLanguage\":\"sv-SE\",\"@id\":\"https:\\\/\\\/vmsport.fi\\\/verkkokauppa\\\/varaosat\\\/voimansiirto\\\/ketjut\\\/ketju-1-v-114l-nexus-cn-nx10\\\/#primaryimage\",\"url\":\"https:\\\/\\\/vmsport.fi\\\/wp-content\\\/uploads\\\/2025\\\/03\\\/GrRZs9KzKVKrwqwo9krkcfrFYipIq4HNMZj5iOD9fSNyRdscNP-1.jpg\",\"contentUrl\":\"https:\\\/\\\/vmsport.fi\\\/wp-content\\\/uploads\\\/2025\\\/03\\\/GrRZs9KzKVKrwqwo9krkcfrFYipIq4HNMZj5iOD9fSNyRdscNP-1.jpg\",\"width\":600,\"height\":600,\"caption\":\"GrRZs9KzKVKrwqwo9krkcfrFYipIq4HNMZj5iOD9fSNyRdscNP\"},{\"@type\":\"BreadcrumbList\",\"@id\":\"https:\\\/\\\/vmsport.fi\\\/verkkokauppa\\\/varaosat\\\/voimansiirto\\\/ketjut\\\/ketju-1-v-114l-nexus-cn-nx10\\\/#breadcrumb\",\"itemListElement\":[{\"@type\":\"ListItem\",\"position\":1,\"name\":\"Etusivu\",\"item\":\"https:\\\/\\\/vmsport.fi\\\/\"},{\"@type\":\"ListItem\",\"position\":2,\"name\":\"Online Store\",\"item\":\"https:\\\/\\\/vmsport.fi\\\/en\\\/online-store\\\/\"},{\"@type\":\"ListItem\",\"position\":3,\"name\":\"Ketju 1-v 114l Nexus CN-NX10\"}]},{\"@type\":\"WebSite\",\"@id\":\"https:\\\/\\\/vmsport.fi\\\/#website\",\"url\":\"https:\\\/\\\/vmsport.fi\\\/\",\"name\":\"Vmsport\",\"description\":\"Kaikki py\u00f6r\u00e4ilyyn yhdest\u00e4 paikasta\",\"publisher\":{\"@id\":\"https:\\\/\\\/vmsport.fi\\\/#organization\"},\"potentialAction\":[{\"@type\":\"SearchAction\",\"target\":{\"@type\":\"EntryPoint\",\"urlTemplate\":\"https:\\\/\\\/vmsport.fi\\\/?s={search_term_string}\"},\"query-input\":{\"@type\":\"PropertyValueSpecification\",\"valueRequired\":true,\"valueName\":\"search_term_string\"}}],\"inLanguage\":\"sv-SE\"},{\"@type\":\"Organization\",\"@id\":\"https:\\\/\\\/vmsport.fi\\\/#organization\",\"name\":\"Vmsport\",\"url\":\"https:\\\/\\\/vmsport.fi\\\/\",\"logo\":{\"@type\":\"ImageObject\",\"inLanguage\":\"sv-SE\",\"@id\":\"https:\\\/\\\/vmsport.fi\\\/#\\\/schema\\\/logo\\\/image\\\/\",\"url\":\"https:\\\/\\\/vmsport.fi\\\/wp-content\\\/uploads\\\/2024\\\/12\\\/vm_sport_RGB_horisontal-e1734526017575.png\",\"contentUrl\":\"https:\\\/\\\/vmsport.fi\\\/wp-content\\\/uploads\\\/2024\\\/12\\\/vm_sport_RGB_horisontal-e1734526017575.png\",\"width\":668,\"height\":85,\"caption\":\"Vmsport\"},\"image\":{\"@id\":\"https:\\\/\\\/vmsport.fi\\\/#\\\/schema\\\/logo\\\/image\\\/\"},\"sameAs\":[\"https:\\\/\\\/www.facebook.com\\\/Vmsport.fi\\\/\",\"https:\\\/\\\/www.instagram.com\\\/vmsport\\\/\"]}]}<\/script>\n<!-- \/ Yoast SEO plugin. -->","yoast_head_json":{"title":"Kedja 1-v 114l Nexus CN-NX10 - VM Sport","robots":{"index":"index","follow":"follow","max-snippet":"max-snippet:-1","max-image-preview":"max-image-preview:large","max-video-preview":"max-video-preview:-1"},"canonical":"https:\/\/vmsport.fi\/sv\/webbutik\/reservdelar\/transmission\/kedjor\/kedja-1-v-114l-nexus-cn-nx10\/","og_locale":"sv_SE","og_type":"article","og_title":"Ketju 1-v 114l Nexus CN-NX10 - VM Sport","og_description":"Laadukas Ketju 1-v 114L Nexus CN-NX10 on kehitetty erityisesti kest\u00e4vyyden ja luotettavuuden takaamiseksi. T\u00e4m\u00e4 ketju, joka koostuu 114 lenkist\u00e4, on ihanteellinen yksivaihteisiin py\u00f6r\u00e4j\u00e4rjestelmiin. Sen kest\u00e4v\u00e4 materiaali varmistaa loistavan suorituskyvyn ja pitk\u00e4n k\u00e4ytt\u00f6i\u00e4n. Ketjun jouheva toiminta v\u00e4hent\u00e4\u00e4 kitkaa esimerkiksi maastopolkuja ajettaessa, mik\u00e4 tekee ajamisesta sujuvaa ja nautittavaa. Nexus CN-NX10 on erinomainen valinta jokaiselle kuljettajalle, joka arvostaa [...]L\u00e4s mer \u2026 from Ketju 1-v 114l Nexus CN-NX10","og_url":"https:\/\/vmsport.fi\/sv\/webbutik\/reservdelar\/transmission\/kedjor\/kedja-1-v-114l-nexus-cn-nx10\/","og_site_name":"VM Sport","article_publisher":"https:\/\/www.facebook.com\/Vmsport.fi\/","article_modified_time":"2026-04-21T00:00:24+00:00","og_image":[{"width":600,"height":600,"url":"https:\/\/vmsport.fi\/wp-content\/uploads\/2025\/03\/GrRZs9KzKVKrwqwo9krkcfrFYipIq4HNMZj5iOD9fSNyRdscNP-1.jpg","type":"image\/jpeg"}],"twitter_card":"summary_large_image","schema":{"@context":"https:\/\/schema.org","@graph":[{"@type":["WebPage","ItemPage"],"@id":"https:\/\/vmsport.fi\/verkkokauppa\/varaosat\/voimansiirto\/ketjut\/ketju-1-v-114l-nexus-cn-nx10\/","url":"https:\/\/vmsport.fi\/verkkokauppa\/varaosat\/voimansiirto\/ketjut\/ketju-1-v-114l-nexus-cn-nx10\/","name":"Kedja 1-v 114l Nexus CN-NX10 - VM Sport","isPartOf":{"@id":"https:\/\/vmsport.fi\/#website"},"primaryImageOfPage":{"@id":"https:\/\/vmsport.fi\/verkkokauppa\/varaosat\/voimansiirto\/ketjut\/ketju-1-v-114l-nexus-cn-nx10\/#primaryimage"},"image":{"@id":"https:\/\/vmsport.fi\/verkkokauppa\/varaosat\/voimansiirto\/ketjut\/ketju-1-v-114l-nexus-cn-nx10\/#primaryimage"},"thumbnailUrl":"https:\/\/vmsport.fi\/wp-content\/uploads\/2025\/03\/GrRZs9KzKVKrwqwo9krkcfrFYipIq4HNMZj5iOD9fSNyRdscNP-1.jpg","datePublished":"2025-03-05T22:24:19+00:00","dateModified":"2026-04-21T00:00:24+00:00","breadcrumb":{"@id":"https:\/\/vmsport.fi\/verkkokauppa\/varaosat\/voimansiirto\/ketjut\/ketju-1-v-114l-nexus-cn-nx10\/#breadcrumb"},"inLanguage":"sv-SE","potentialAction":[{"@type":"ReadAction","target":["https:\/\/vmsport.fi\/verkkokauppa\/varaosat\/voimansiirto\/ketjut\/ketju-1-v-114l-nexus-cn-nx10\/"]}]},{"@type":"ImageObject","inLanguage":"sv-SE","@id":"https:\/\/vmsport.fi\/verkkokauppa\/varaosat\/voimansiirto\/ketjut\/ketju-1-v-114l-nexus-cn-nx10\/#primaryimage","url":"https:\/\/vmsport.fi\/wp-content\/uploads\/2025\/03\/GrRZs9KzKVKrwqwo9krkcfrFYipIq4HNMZj5iOD9fSNyRdscNP-1.jpg","contentUrl":"https:\/\/vmsport.fi\/wp-content\/uploads\/2025\/03\/GrRZs9KzKVKrwqwo9krkcfrFYipIq4HNMZj5iOD9fSNyRdscNP-1.jpg","width":600,"height":600,"caption":"GrRZs9KzKVKrwqwo9krkcfrFYipIq4HNMZj5iOD9fSNyRdscNP"},{"@type":"BreadcrumbList","@id":"https:\/\/vmsport.fi\/verkkokauppa\/varaosat\/voimansiirto\/ketjut\/ketju-1-v-114l-nexus-cn-nx10\/#breadcrumb","itemListElement":[{"@type":"ListItem","position":1,"name":"Etusivu","item":"https:\/\/vmsport.fi\/"},{"@type":"ListItem","position":2,"name":"Online Store","item":"https:\/\/vmsport.fi\/en\/online-store\/"},{"@type":"ListItem","position":3,"name":"Ketju 1-v 114l Nexus CN-NX10"}]},{"@type":"WebSite","@id":"https:\/\/vmsport.fi\/#website","url":"https:\/\/vmsport.fi\/","name":"Vmsport","description":"Allt p\u00e5 ett st\u00e4lle f\u00f6r cykling","publisher":{"@id":"https:\/\/vmsport.fi\/#organization"},"potentialAction":[{"@type":"SearchAction","target":{"@type":"EntryPoint","urlTemplate":"https:\/\/vmsport.fi\/?s={search_term_string}"},"query-input":{"@type":"PropertyValueSpecification","valueRequired":true,"valueName":"search_term_string"}}],"inLanguage":"sv-SE"},{"@type":"Organization","@id":"https:\/\/vmsport.fi\/#organization","name":"Vmsport","url":"https:\/\/vmsport.fi\/","logo":{"@type":"ImageObject","inLanguage":"sv-SE","@id":"https:\/\/vmsport.fi\/#\/schema\/logo\/image\/","url":"https:\/\/vmsport.fi\/wp-content\/uploads\/2024\/12\/vm_sport_RGB_horisontal-e1734526017575.png","contentUrl":"https:\/\/vmsport.fi\/wp-content\/uploads\/2024\/12\/vm_sport_RGB_horisontal-e1734526017575.png","width":668,"height":85,"caption":"Vmsport"},"image":{"@id":"https:\/\/vmsport.fi\/#\/schema\/logo\/image\/"},"sameAs":["https:\/\/www.facebook.com\/Vmsport.fi\/","https:\/\/www.instagram.com\/vmsport\/"]}]}},"global_unique_id":"","_links":{"self":[{"href":"https:\/\/vmsport.fi\/sv\/wp-json\/wp\/v2\/product\/56810","targetHints":{"allow":["GET"]}}],"collection":[{"href":"https:\/\/vmsport.fi\/sv\/wp-json\/wp\/v2\/product"}],"about":[{"href":"https:\/\/vmsport.fi\/sv\/wp-json\/wp\/v2\/types\/product"}],"replies":[{"embeddable":true,"href":"https:\/\/vmsport.fi\/sv\/wp-json\/wp\/v2\/comments?post=56810"}],"wp:featuredmedia":[{"embeddable":true,"href":"https:\/\/vmsport.fi\/sv\/wp-json\/wp\/v2\/media\/56809"}],"wp:attachment":[{"href":"https:\/\/vmsport.fi\/sv\/wp-json\/wp\/v2\/media?parent=56810"}],"wp:term":[{"taxonomy":"product_brand","embeddable":true,"href":"https:\/\/vmsport.fi\/sv\/wp-json\/wp\/v2\/product_brand?post=56810"},{"taxonomy":"product_model","embeddable":true,"href":"https:\/\/vmsport.fi\/sv\/wp-json\/wp\/v2\/product_model?post=56810"},{"taxonomy":"product_cat","embeddable":true,"href":"https:\/\/vmsport.fi\/sv\/wp-json\/wp\/v2\/product_cat?post=56810"},{"taxonomy":"product_tag","embeddable":true,"href":"https:\/\/vmsport.fi\/sv\/wp-json\/wp\/v2\/product_tag?post=56810"},{"taxonomy":"industry_terminology","embeddable":true,"href":"https:\/\/vmsport.fi\/sv\/wp-json\/wp\/v2\/industry-terminology?post=56810"}],"curies":[{"name":"wp","href":"https:\/\/api.w.org\/{rel}","templated":true}]}}