{"id":56808,"date":"2025-03-06T00:24:18","date_gmt":"2025-03-05T22:24:18","guid":{"rendered":"https:\/\/vmsport.fi\/verkkokauppa\/Ei-luokiteltu\/takakiekko-rs-171-11v-tubeless-700c-e-thru\/"},"modified":"2026-01-16T13:22:54","modified_gmt":"2026-01-16T11:22:54","slug":"bakhjul-rs-171-11v-tubeless-700c-e-thru","status":"publish","type":"product","link":"https:\/\/vmsport.fi\/sv\/verkkokauppa\/varaosat\/kiekot-ja-navat\/takakiekot\/takakiekko-rs-171-11v-tubeless-700c-e-thru\/","title":{"rendered":"Bakre skiva RS-171 11v slangl\u00f6s 700c E-thru"},"content":{"rendered":"<p>RS-171 11v tubeless 700c E-thru bakhjul \u00e4r s\u00e4rskilt utformat f\u00f6r landsv\u00e4gscykling och kombinerar prestanda och tillf\u00f6rlitlighet. Denna skiva st\u00f6der slangl\u00f6sa d\u00e4cksystem, vilket g\u00f6r det m\u00f6jligt att anv\u00e4nda t\u00e4tningsmedel f\u00f6r att fixera d\u00e4cket utan verktyg och f\u00f6rhindra punktering. E-thru-axelsystemet s\u00e4kerst\u00e4ller enkel och s\u00e4ker installation, vilket \u00e4r perfekt f\u00f6r 11-v\u00e4xlade hjul. 700c-skivans storlek g\u00f6r den m\u00e5ngsidig p\u00e5 olika v\u00e4gunderlag och \u00e4r kompatibel med m\u00e5nga hjulm\u00e4rken, inklusive Shimano och Fulcrum. Det h\u00e4r hjulet m\u00f6jligg\u00f6r ocks\u00e5 estetisk anpassning eftersom det finns i en rad olika f\u00e4rger.<\/p>","protected":false},"excerpt":{"rendered":"<p>Takakiekko RS-171 11v tubeless 700c E-thru on suunniteltu erityisesti maantiepy\u00f6r\u00e4ilyyn, ja se yhdist\u00e4\u00e4 suorituskyvyn ja luotettavuuden. T\u00e4m\u00e4 kiekko tukee tubeless-rengasj\u00e4rjestelmi\u00e4, mik\u00e4 mahdollistaa tiivistysaineen k\u00e4yt\u00f6n renkaan kiinnityksess\u00e4 ilman ty\u00f6kaluja ja ehk\u00e4isee puhkeamisia. E-thru-akselij\u00e4rjestelm\u00e4 takaa helpon ja turvallisen asennuksen, mik\u00e4 sopii erinomaisesti 11-vaihteisiin py\u00f6riin. 700c-kiekon koko tekee siit\u00e4 monik\u00e4ytt\u00f6isen eri tienpinnoilla ja se on yhteensopiva monien py\u00f6r\u00e4merkkien, [&#8230;]<\/p>\n<p><a class=\"btn btn-secondary understrap-read-more-link\" href=\"https:\/\/vmsport.fi\/sv\/verkkokauppa\/varaosat\/kiekot-ja-navat\/takakiekot\/takakiekko-rs-171-11v-tubeless-700c-e-thru\/\">L\u00e4s mer \u2026<span class=\"screen-reader-text\"> from Takakiekko RS-171 11v tubeless 700c E-thru<\/span><\/a><\/p>\n","protected":false},"featured_media":56807,"comment_status":"open","ping_status":"closed","template":"","meta":{"_acf_changed":false,"_improvement_type_select":"improve_an_existing","_thumb_yes_seoaic":false,"_frame_yes_seoaic":false,"seoaic_generate_description":"","seoaic_improve_instructions_prompt":"","seoaic_rollback_content_improvement":"","seoaic_idea_thumbnail_generator":"","thumbnail_generated":false,"thumbnail_generate_prompt":"","seoaic_article_description":"","_supplier_stock_quantity":0},"product_brand":[],"product_model":[],"product_cat":[9486],"product_tag":[],"industry-terminology":[],"class_list":{"0":"post-56808","1":"product","2":"type-product","3":"status-publish","4":"has-post-thumbnail","6":"product_cat-takakiekot","8":"first","9":"outofstock","10":"taxable","11":"shipping-taxable","12":"product-type-simple"},"acf":{"bike_features":null,"overview":{"copy_overview":null,"key_features":null,"statement":"","youtube_url":""}},"yoast_head":"<!-- This site is optimized with the Yoast SEO plugin v27.3 - https:\/\/yoast.com\/product\/yoast-seo-wordpress\/ -->\n<title>Takakiekko RS-171 11v tubeless 700c E-thru - VM Sport<\/title>\n<meta name=\"robots\" content=\"index, follow, max-snippet:-1, max-image-preview:large, max-video-preview:-1\" \/>\n<link rel=\"canonical\" href=\"https:\/\/vmsport.fi\/sv\/webbutik\/reservdelar\/skivor-och-nav\/bakgrund\/bakhjul-rs-171-11v-tubeless-700c-e-thru\/\" \/>\n<meta property=\"og:locale\" content=\"sv_SE\" \/>\n<meta property=\"og:type\" content=\"article\" \/>\n<meta property=\"og:title\" content=\"Takakiekko RS-171 11v tubeless 700c E-thru - VM Sport\" \/>\n<meta property=\"og:description\" content=\"Takakiekko RS-171 11v tubeless 700c E-thru on suunniteltu erityisesti maantiepy\u00f6r\u00e4ilyyn, ja se yhdist\u00e4\u00e4 suorituskyvyn ja luotettavuuden. T\u00e4m\u00e4 kiekko tukee tubeless-rengasj\u00e4rjestelmi\u00e4, mik\u00e4 mahdollistaa tiivistysaineen k\u00e4yt\u00f6n renkaan kiinnityksess\u00e4 ilman ty\u00f6kaluja ja ehk\u00e4isee puhkeamisia. E-thru-akselij\u00e4rjestelm\u00e4 takaa helpon ja turvallisen asennuksen, mik\u00e4 sopii erinomaisesti 11-vaihteisiin py\u00f6riin. 700c-kiekon koko tekee siit\u00e4 monik\u00e4ytt\u00f6isen eri tienpinnoilla ja se on yhteensopiva monien py\u00f6r\u00e4merkkien, [...]L\u00e4s mer \u2026 from Takakiekko RS-171 11v tubeless 700c E-thru\" \/>\n<meta property=\"og:url\" content=\"https:\/\/vmsport.fi\/sv\/webbutik\/reservdelar\/skivor-och-nav\/bakgrund\/bakhjul-rs-171-11v-tubeless-700c-e-thru\/\" \/>\n<meta property=\"og:site_name\" content=\"VM Sport\" \/>\n<meta property=\"article:publisher\" content=\"https:\/\/www.facebook.com\/Vmsport.fi\/\" \/>\n<meta property=\"article:modified_time\" content=\"2026-01-16T11:22:54+00:00\" \/>\n<meta property=\"og:image\" content=\"https:\/\/vmsport.fi\/wp-content\/uploads\/2025\/03\/pKkyYkbbrhlDtslTyvrVkijJMhUvIQa2xlNXVDbOFYVNia9Gki-1.jpg\" \/>\n\t<meta property=\"og:image:width\" content=\"600\" \/>\n\t<meta property=\"og:image:height\" content=\"600\" \/>\n\t<meta property=\"og:image:type\" content=\"image\/jpeg\" \/>\n<meta name=\"twitter:card\" content=\"summary_large_image\" \/>\n<script type=\"application\/ld+json\" class=\"yoast-schema-graph\">{\"@context\":\"https:\\\/\\\/schema.org\",\"@graph\":[{\"@type\":[\"WebPage\",\"ItemPage\"],\"@id\":\"https:\\\/\\\/vmsport.fi\\\/verkkokauppa\\\/varaosat\\\/kiekot-ja-navat\\\/takakiekot\\\/takakiekko-rs-171-11v-tubeless-700c-e-thru\\\/\",\"url\":\"https:\\\/\\\/vmsport.fi\\\/verkkokauppa\\\/varaosat\\\/kiekot-ja-navat\\\/takakiekot\\\/takakiekko-rs-171-11v-tubeless-700c-e-thru\\\/\",\"name\":\"Takakiekko RS-171 11v tubeless 700c E-thru - VM Sport\",\"isPartOf\":{\"@id\":\"https:\\\/\\\/vmsport.fi\\\/#website\"},\"primaryImageOfPage\":{\"@id\":\"https:\\\/\\\/vmsport.fi\\\/verkkokauppa\\\/varaosat\\\/kiekot-ja-navat\\\/takakiekot\\\/takakiekko-rs-171-11v-tubeless-700c-e-thru\\\/#primaryimage\"},\"image\":{\"@id\":\"https:\\\/\\\/vmsport.fi\\\/verkkokauppa\\\/varaosat\\\/kiekot-ja-navat\\\/takakiekot\\\/takakiekko-rs-171-11v-tubeless-700c-e-thru\\\/#primaryimage\"},\"thumbnailUrl\":\"https:\\\/\\\/vmsport.fi\\\/wp-content\\\/uploads\\\/2025\\\/03\\\/pKkyYkbbrhlDtslTyvrVkijJMhUvIQa2xlNXVDbOFYVNia9Gki-1.jpg\",\"datePublished\":\"2025-03-05T22:24:18+00:00\",\"dateModified\":\"2026-01-16T11:22:54+00:00\",\"breadcrumb\":{\"@id\":\"https:\\\/\\\/vmsport.fi\\\/verkkokauppa\\\/varaosat\\\/kiekot-ja-navat\\\/takakiekot\\\/takakiekko-rs-171-11v-tubeless-700c-e-thru\\\/#breadcrumb\"},\"inLanguage\":\"sv-SE\",\"potentialAction\":[{\"@type\":\"ReadAction\",\"target\":[\"https:\\\/\\\/vmsport.fi\\\/verkkokauppa\\\/varaosat\\\/kiekot-ja-navat\\\/takakiekot\\\/takakiekko-rs-171-11v-tubeless-700c-e-thru\\\/\"]}]},{\"@type\":\"ImageObject\",\"inLanguage\":\"sv-SE\",\"@id\":\"https:\\\/\\\/vmsport.fi\\\/verkkokauppa\\\/varaosat\\\/kiekot-ja-navat\\\/takakiekot\\\/takakiekko-rs-171-11v-tubeless-700c-e-thru\\\/#primaryimage\",\"url\":\"https:\\\/\\\/vmsport.fi\\\/wp-content\\\/uploads\\\/2025\\\/03\\\/pKkyYkbbrhlDtslTyvrVkijJMhUvIQa2xlNXVDbOFYVNia9Gki-1.jpg\",\"contentUrl\":\"https:\\\/\\\/vmsport.fi\\\/wp-content\\\/uploads\\\/2025\\\/03\\\/pKkyYkbbrhlDtslTyvrVkijJMhUvIQa2xlNXVDbOFYVNia9Gki-1.jpg\",\"width\":600,\"height\":600,\"caption\":\"pKkyYkbbrhlDtslTyvrVkijJMhUvIQa2xlNXVDbOFYVNia9Gki\"},{\"@type\":\"BreadcrumbList\",\"@id\":\"https:\\\/\\\/vmsport.fi\\\/verkkokauppa\\\/varaosat\\\/kiekot-ja-navat\\\/takakiekot\\\/takakiekko-rs-171-11v-tubeless-700c-e-thru\\\/#breadcrumb\",\"itemListElement\":[{\"@type\":\"ListItem\",\"position\":1,\"name\":\"Etusivu\",\"item\":\"https:\\\/\\\/vmsport.fi\\\/\"},{\"@type\":\"ListItem\",\"position\":2,\"name\":\"Online Store\",\"item\":\"https:\\\/\\\/vmsport.fi\\\/en\\\/online-store\\\/\"},{\"@type\":\"ListItem\",\"position\":3,\"name\":\"Takakiekko RS-171 11v tubeless 700c E-thru\"}]},{\"@type\":\"WebSite\",\"@id\":\"https:\\\/\\\/vmsport.fi\\\/#website\",\"url\":\"https:\\\/\\\/vmsport.fi\\\/\",\"name\":\"Vmsport\",\"description\":\"Kaikki py\u00f6r\u00e4ilyyn yhdest\u00e4 paikasta\",\"publisher\":{\"@id\":\"https:\\\/\\\/vmsport.fi\\\/#organization\"},\"potentialAction\":[{\"@type\":\"SearchAction\",\"target\":{\"@type\":\"EntryPoint\",\"urlTemplate\":\"https:\\\/\\\/vmsport.fi\\\/?s={search_term_string}\"},\"query-input\":{\"@type\":\"PropertyValueSpecification\",\"valueRequired\":true,\"valueName\":\"search_term_string\"}}],\"inLanguage\":\"sv-SE\"},{\"@type\":\"Organization\",\"@id\":\"https:\\\/\\\/vmsport.fi\\\/#organization\",\"name\":\"Vmsport\",\"url\":\"https:\\\/\\\/vmsport.fi\\\/\",\"logo\":{\"@type\":\"ImageObject\",\"inLanguage\":\"sv-SE\",\"@id\":\"https:\\\/\\\/vmsport.fi\\\/#\\\/schema\\\/logo\\\/image\\\/\",\"url\":\"https:\\\/\\\/vmsport.fi\\\/wp-content\\\/uploads\\\/2024\\\/12\\\/vm_sport_RGB_horisontal-e1734526017575.png\",\"contentUrl\":\"https:\\\/\\\/vmsport.fi\\\/wp-content\\\/uploads\\\/2024\\\/12\\\/vm_sport_RGB_horisontal-e1734526017575.png\",\"width\":668,\"height\":85,\"caption\":\"Vmsport\"},\"image\":{\"@id\":\"https:\\\/\\\/vmsport.fi\\\/#\\\/schema\\\/logo\\\/image\\\/\"},\"sameAs\":[\"https:\\\/\\\/www.facebook.com\\\/Vmsport.fi\\\/\",\"https:\\\/\\\/www.instagram.com\\\/vmsport\\\/\"]}]}<\/script>\n<!-- \/ Yoast SEO plugin. -->","yoast_head_json":{"title":"Bakre skiva RS-171 11v tubeless 700c E-thru - VM Sport","robots":{"index":"index","follow":"follow","max-snippet":"max-snippet:-1","max-image-preview":"max-image-preview:large","max-video-preview":"max-video-preview:-1"},"canonical":"https:\/\/vmsport.fi\/sv\/webbutik\/reservdelar\/skivor-och-nav\/bakgrund\/bakhjul-rs-171-11v-tubeless-700c-e-thru\/","og_locale":"sv_SE","og_type":"article","og_title":"Takakiekko RS-171 11v tubeless 700c E-thru - VM Sport","og_description":"Takakiekko RS-171 11v tubeless 700c E-thru on suunniteltu erityisesti maantiepy\u00f6r\u00e4ilyyn, ja se yhdist\u00e4\u00e4 suorituskyvyn ja luotettavuuden. T\u00e4m\u00e4 kiekko tukee tubeless-rengasj\u00e4rjestelmi\u00e4, mik\u00e4 mahdollistaa tiivistysaineen k\u00e4yt\u00f6n renkaan kiinnityksess\u00e4 ilman ty\u00f6kaluja ja ehk\u00e4isee puhkeamisia. E-thru-akselij\u00e4rjestelm\u00e4 takaa helpon ja turvallisen asennuksen, mik\u00e4 sopii erinomaisesti 11-vaihteisiin py\u00f6riin. 700c-kiekon koko tekee siit\u00e4 monik\u00e4ytt\u00f6isen eri tienpinnoilla ja se on yhteensopiva monien py\u00f6r\u00e4merkkien, [...]L\u00e4s mer \u2026 from Takakiekko RS-171 11v tubeless 700c E-thru","og_url":"https:\/\/vmsport.fi\/sv\/webbutik\/reservdelar\/skivor-och-nav\/bakgrund\/bakhjul-rs-171-11v-tubeless-700c-e-thru\/","og_site_name":"VM Sport","article_publisher":"https:\/\/www.facebook.com\/Vmsport.fi\/","article_modified_time":"2026-01-16T11:22:54+00:00","og_image":[{"width":600,"height":600,"url":"https:\/\/vmsport.fi\/wp-content\/uploads\/2025\/03\/pKkyYkbbrhlDtslTyvrVkijJMhUvIQa2xlNXVDbOFYVNia9Gki-1.jpg","type":"image\/jpeg"}],"twitter_card":"summary_large_image","schema":{"@context":"https:\/\/schema.org","@graph":[{"@type":["WebPage","ItemPage"],"@id":"https:\/\/vmsport.fi\/verkkokauppa\/varaosat\/kiekot-ja-navat\/takakiekot\/takakiekko-rs-171-11v-tubeless-700c-e-thru\/","url":"https:\/\/vmsport.fi\/verkkokauppa\/varaosat\/kiekot-ja-navat\/takakiekot\/takakiekko-rs-171-11v-tubeless-700c-e-thru\/","name":"Bakre skiva RS-171 11v tubeless 700c E-thru - VM Sport","isPartOf":{"@id":"https:\/\/vmsport.fi\/#website"},"primaryImageOfPage":{"@id":"https:\/\/vmsport.fi\/verkkokauppa\/varaosat\/kiekot-ja-navat\/takakiekot\/takakiekko-rs-171-11v-tubeless-700c-e-thru\/#primaryimage"},"image":{"@id":"https:\/\/vmsport.fi\/verkkokauppa\/varaosat\/kiekot-ja-navat\/takakiekot\/takakiekko-rs-171-11v-tubeless-700c-e-thru\/#primaryimage"},"thumbnailUrl":"https:\/\/vmsport.fi\/wp-content\/uploads\/2025\/03\/pKkyYkbbrhlDtslTyvrVkijJMhUvIQa2xlNXVDbOFYVNia9Gki-1.jpg","datePublished":"2025-03-05T22:24:18+00:00","dateModified":"2026-01-16T11:22:54+00:00","breadcrumb":{"@id":"https:\/\/vmsport.fi\/verkkokauppa\/varaosat\/kiekot-ja-navat\/takakiekot\/takakiekko-rs-171-11v-tubeless-700c-e-thru\/#breadcrumb"},"inLanguage":"sv-SE","potentialAction":[{"@type":"ReadAction","target":["https:\/\/vmsport.fi\/verkkokauppa\/varaosat\/kiekot-ja-navat\/takakiekot\/takakiekko-rs-171-11v-tubeless-700c-e-thru\/"]}]},{"@type":"ImageObject","inLanguage":"sv-SE","@id":"https:\/\/vmsport.fi\/verkkokauppa\/varaosat\/kiekot-ja-navat\/takakiekot\/takakiekko-rs-171-11v-tubeless-700c-e-thru\/#primaryimage","url":"https:\/\/vmsport.fi\/wp-content\/uploads\/2025\/03\/pKkyYkbbrhlDtslTyvrVkijJMhUvIQa2xlNXVDbOFYVNia9Gki-1.jpg","contentUrl":"https:\/\/vmsport.fi\/wp-content\/uploads\/2025\/03\/pKkyYkbbrhlDtslTyvrVkijJMhUvIQa2xlNXVDbOFYVNia9Gki-1.jpg","width":600,"height":600,"caption":"pKkyYkbbrhlDtslTyvrVkijJMhUvIQa2xlNXVDbOFYVNia9Gki"},{"@type":"BreadcrumbList","@id":"https:\/\/vmsport.fi\/verkkokauppa\/varaosat\/kiekot-ja-navat\/takakiekot\/takakiekko-rs-171-11v-tubeless-700c-e-thru\/#breadcrumb","itemListElement":[{"@type":"ListItem","position":1,"name":"Etusivu","item":"https:\/\/vmsport.fi\/"},{"@type":"ListItem","position":2,"name":"Online Store","item":"https:\/\/vmsport.fi\/en\/online-store\/"},{"@type":"ListItem","position":3,"name":"Takakiekko RS-171 11v tubeless 700c E-thru"}]},{"@type":"WebSite","@id":"https:\/\/vmsport.fi\/#website","url":"https:\/\/vmsport.fi\/","name":"Vmsport","description":"Allt p\u00e5 ett st\u00e4lle f\u00f6r cykling","publisher":{"@id":"https:\/\/vmsport.fi\/#organization"},"potentialAction":[{"@type":"SearchAction","target":{"@type":"EntryPoint","urlTemplate":"https:\/\/vmsport.fi\/?s={search_term_string}"},"query-input":{"@type":"PropertyValueSpecification","valueRequired":true,"valueName":"search_term_string"}}],"inLanguage":"sv-SE"},{"@type":"Organization","@id":"https:\/\/vmsport.fi\/#organization","name":"Vmsport","url":"https:\/\/vmsport.fi\/","logo":{"@type":"ImageObject","inLanguage":"sv-SE","@id":"https:\/\/vmsport.fi\/#\/schema\/logo\/image\/","url":"https:\/\/vmsport.fi\/wp-content\/uploads\/2024\/12\/vm_sport_RGB_horisontal-e1734526017575.png","contentUrl":"https:\/\/vmsport.fi\/wp-content\/uploads\/2024\/12\/vm_sport_RGB_horisontal-e1734526017575.png","width":668,"height":85,"caption":"Vmsport"},"image":{"@id":"https:\/\/vmsport.fi\/#\/schema\/logo\/image\/"},"sameAs":["https:\/\/www.facebook.com\/Vmsport.fi\/","https:\/\/www.instagram.com\/vmsport\/"]}]}},"global_unique_id":"","_links":{"self":[{"href":"https:\/\/vmsport.fi\/sv\/wp-json\/wp\/v2\/product\/56808","targetHints":{"allow":["GET"]}}],"collection":[{"href":"https:\/\/vmsport.fi\/sv\/wp-json\/wp\/v2\/product"}],"about":[{"href":"https:\/\/vmsport.fi\/sv\/wp-json\/wp\/v2\/types\/product"}],"replies":[{"embeddable":true,"href":"https:\/\/vmsport.fi\/sv\/wp-json\/wp\/v2\/comments?post=56808"}],"wp:featuredmedia":[{"embeddable":true,"href":"https:\/\/vmsport.fi\/sv\/wp-json\/wp\/v2\/media\/56807"}],"wp:attachment":[{"href":"https:\/\/vmsport.fi\/sv\/wp-json\/wp\/v2\/media?parent=56808"}],"wp:term":[{"taxonomy":"product_brand","embeddable":true,"href":"https:\/\/vmsport.fi\/sv\/wp-json\/wp\/v2\/product_brand?post=56808"},{"taxonomy":"product_model","embeddable":true,"href":"https:\/\/vmsport.fi\/sv\/wp-json\/wp\/v2\/product_model?post=56808"},{"taxonomy":"product_cat","embeddable":true,"href":"https:\/\/vmsport.fi\/sv\/wp-json\/wp\/v2\/product_cat?post=56808"},{"taxonomy":"product_tag","embeddable":true,"href":"https:\/\/vmsport.fi\/sv\/wp-json\/wp\/v2\/product_tag?post=56808"},{"taxonomy":"industry_terminology","embeddable":true,"href":"https:\/\/vmsport.fi\/sv\/wp-json\/wp\/v2\/industry-terminology?post=56808"}],"curies":[{"name":"wp","href":"https:\/\/api.w.org\/{rel}","templated":true}]}}