{"id":56798,"date":"2025-03-06T00:24:14","date_gmt":"2025-03-05T22:24:14","guid":{"rendered":"https:\/\/vmsport.fi\/verkkokauppa\/Ei-luokiteltu\/continental-gp5000-28-622-musta-taitettava\/"},"modified":"2026-04-22T15:09:31","modified_gmt":"2026-04-22T12:09:31","slug":"continental-gp5000-28-622-musta-taitettava","status":"publish","type":"product","link":"https:\/\/vmsport.fi\/sv\/verkkokauppa\/renkaat\/ulkorenkaat\/maantierenkaat\/continental-gp5000-28-622-musta-taitettava\/","title":{"rendered":"CONTINENTAL GP5000 28-622 svart, vikbar"},"content":{"rendered":"<p>Continental GP5000 28-622 taitettava rengas tarjoaa huippuluokan suorituskyky\u00e4, perustuen entist\u00e4 parempiin ominaisuuksiin verrattuna edelt\u00e4j\u00e4\u00e4ns\u00e4. Sen rullaavuus on 12 % tehokkaampaa ja puhkeamissuoja on 20 % vahvempi, mik\u00e4 tekee ajamisesta sujuvampaa ja turvallisempaa. Rengas on valmistettu k\u00e4sity\u00f6n\u00e4 3\/330 TPI rakenteella ja hy\u00f6dynt\u00e4\u00e4 Vectran\u2122-teknologiaa, joka yhdist\u00e4\u00e4 kevyen ja joustavan kuidun erinomaiseksi puhkeamissuojaksi.<\/p>\n<p>Black Chili -seos tarjoaa alhaisen vierint\u00e4vastuksen ja poikkeuksellisen pidon, mik\u00e4 on erityisen hy\u00f6dyllist\u00e4, kun s\u00e4\u00e4olosuhteet vaihtelevat. Active Comfort -teknologia v\u00e4hent\u00e4\u00e4 t\u00e4rin\u00e4\u00e4 ja parantaa ajomukavuutta, kun taas Lazer Grip -teknologia antaa varmuutta tiukkoihin mutkiin.<\/p>\n<p>T\u00e4m\u00e4 rengas on monipuolinen, sopien sek\u00e4 harjoitteluun ett\u00e4 kilpa-ajoon eri s\u00e4\u00e4olosuhteissa, tehden siit\u00e4 ihanteellisen valinnan niin sateella kuin auringonpaisteessakin. Leve\u00e4mpi rakenne parantaa pitoa, lis\u00e4\u00e4 turvallisuutta ja parantaa ajomukavuutta. Materiaalivalinnat korostavat kest\u00e4vyytt\u00e4, tehden renkaasta t\u00e4ydellisen valinnan vaativiin ajoihin, joissa suorituskyky on t\u00e4rke\u00e4\u00e4.<\/p>","protected":false},"excerpt":{"rendered":"<p>Continental GP5000 28-622 taitettava rengas tarjoaa huippuluokan suorituskyky\u00e4, perustuen entist\u00e4 parempiin ominaisuuksiin verrattuna edelt\u00e4j\u00e4\u00e4ns\u00e4. Sen rullaavuus on 12 % tehokkaampaa ja puhkeamissuoja on 20 % vahvempi, mik\u00e4 tekee ajamisesta sujuvampaa ja turvallisempaa. Rengas on valmistettu k\u00e4sity\u00f6n\u00e4 3\/330 TPI rakenteella ja hy\u00f6dynt\u00e4\u00e4 Vectran\u2122-teknologiaa, joka yhdist\u00e4\u00e4 kevyen ja joustavan kuidun erinomaiseksi puhkeamissuojaksi. Black Chili -seos tarjoaa alhaisen [&#8230;]<\/p>\n<p><a class=\"btn btn-secondary understrap-read-more-link\" href=\"https:\/\/vmsport.fi\/sv\/verkkokauppa\/renkaat\/ulkorenkaat\/maantierenkaat\/continental-gp5000-28-622-musta-taitettava\/\">L\u00e4s mer \u2026<span class=\"screen-reader-text\"> from CONTINENTAL GP5000 28-622 musta, taitettava<\/span><\/a><\/p>\n","protected":false},"featured_media":56797,"comment_status":"open","ping_status":"closed","template":"","meta":{"_acf_changed":false,"_improvement_type_select":"improve_an_existing","_thumb_yes_seoaic":false,"_frame_yes_seoaic":false,"seoaic_generate_description":"","seoaic_improve_instructions_prompt":"","seoaic_rollback_content_improvement":"","seoaic_idea_thumbnail_generator":"","thumbnail_generated":false,"thumbnail_generate_prompt":"","seoaic_article_description":"","_supplier_stock_quantity":0},"product_brand":[1585],"product_model":[],"product_cat":[9320],"product_tag":[],"industry-terminology":[],"class_list":{"0":"post-56798","1":"product","2":"type-product","3":"status-publish","4":"has-post-thumbnail","6":"product_brand-continental","7":"product_cat-maantierenkaat","9":"first","10":"instock","11":"taxable","12":"shipping-taxable","13":"purchasable","14":"product-type-simple"},"acf":{"bike_features":null,"overview":{"copy_overview":null,"key_features":null,"statement":"","youtube_url":""}},"yoast_head":"<!-- This site is optimized with the Yoast SEO plugin v27.4 - https:\/\/yoast.com\/product\/yoast-seo-wordpress\/ -->\n<title>CONTINENTAL GP5000 28-622 musta, taitettava - VM Sport<\/title>\n<meta name=\"robots\" content=\"index, follow, max-snippet:-1, max-image-preview:large, max-video-preview:-1\" \/>\n<link rel=\"canonical\" href=\"https:\/\/vmsport.fi\/sv\/webbutik\/dack\/dack-for-utomhusbruk\/maantierenkaat\/continental-gp5000-28-622-musta-taitettava\/\" \/>\n<meta property=\"og:locale\" content=\"sv_SE\" \/>\n<meta property=\"og:type\" content=\"article\" \/>\n<meta property=\"og:title\" content=\"CONTINENTAL GP5000 28-622 musta, taitettava - VM Sport\" \/>\n<meta property=\"og:description\" content=\"Continental GP5000 28-622 taitettava rengas tarjoaa huippuluokan suorituskyky\u00e4, perustuen entist\u00e4 parempiin ominaisuuksiin verrattuna edelt\u00e4j\u00e4\u00e4ns\u00e4. Sen rullaavuus on 12 % tehokkaampaa ja puhkeamissuoja on 20 % vahvempi, mik\u00e4 tekee ajamisesta sujuvampaa ja turvallisempaa. Rengas on valmistettu k\u00e4sity\u00f6n\u00e4 3\/330 TPI rakenteella ja hy\u00f6dynt\u00e4\u00e4 Vectran\u2122-teknologiaa, joka yhdist\u00e4\u00e4 kevyen ja joustavan kuidun erinomaiseksi puhkeamissuojaksi. Black Chili -seos tarjoaa alhaisen [...]L\u00e4s mer \u2026 from CONTINENTAL GP5000 28-622 musta, taitettava\" \/>\n<meta property=\"og:url\" content=\"https:\/\/vmsport.fi\/sv\/webbutik\/dack\/dack-for-utomhusbruk\/maantierenkaat\/continental-gp5000-28-622-musta-taitettava\/\" \/>\n<meta property=\"og:site_name\" content=\"VM Sport\" \/>\n<meta property=\"article:publisher\" content=\"https:\/\/www.facebook.com\/Vmsport.fi\/\" \/>\n<meta property=\"article:modified_time\" content=\"2026-04-22T12:09:31+00:00\" \/>\n<meta property=\"og:image\" content=\"https:\/\/vmsport.fi\/wp-content\/uploads\/2025\/03\/Ulkorengas-28-CONTAINENTAL-GP5000-28-622-1.jpg\" \/>\n\t<meta property=\"og:image:width\" content=\"75\" \/>\n\t<meta property=\"og:image:height\" content=\"75\" \/>\n\t<meta property=\"og:image:type\" content=\"image\/jpeg\" \/>\n<meta name=\"twitter:card\" content=\"summary_large_image\" \/>\n<meta name=\"twitter:label1\" content=\"Ber\u00e4knad l\u00e4stid\" \/>\n\t<meta name=\"twitter:data1\" content=\"1 minut\" \/>\n<script type=\"application\/ld+json\" class=\"yoast-schema-graph\">{\"@context\":\"https:\\\/\\\/schema.org\",\"@graph\":[{\"@type\":[\"WebPage\",\"ItemPage\"],\"@id\":\"https:\\\/\\\/vmsport.fi\\\/verkkokauppa\\\/renkaat\\\/ulkorenkaat\\\/maantierenkaat\\\/continental-gp5000-28-622-musta-taitettava\\\/\",\"url\":\"https:\\\/\\\/vmsport.fi\\\/verkkokauppa\\\/renkaat\\\/ulkorenkaat\\\/maantierenkaat\\\/continental-gp5000-28-622-musta-taitettava\\\/\",\"name\":\"CONTINENTAL GP5000 28-622 musta, taitettava - VM Sport\",\"isPartOf\":{\"@id\":\"https:\\\/\\\/vmsport.fi\\\/#website\"},\"primaryImageOfPage\":{\"@id\":\"https:\\\/\\\/vmsport.fi\\\/verkkokauppa\\\/renkaat\\\/ulkorenkaat\\\/maantierenkaat\\\/continental-gp5000-28-622-musta-taitettava\\\/#primaryimage\"},\"image\":{\"@id\":\"https:\\\/\\\/vmsport.fi\\\/verkkokauppa\\\/renkaat\\\/ulkorenkaat\\\/maantierenkaat\\\/continental-gp5000-28-622-musta-taitettava\\\/#primaryimage\"},\"thumbnailUrl\":\"https:\\\/\\\/vmsport.fi\\\/wp-content\\\/uploads\\\/2025\\\/03\\\/Ulkorengas-28-CONTAINENTAL-GP5000-28-622-1.jpg\",\"datePublished\":\"2025-03-05T22:24:14+00:00\",\"dateModified\":\"2026-04-22T12:09:31+00:00\",\"breadcrumb\":{\"@id\":\"https:\\\/\\\/vmsport.fi\\\/verkkokauppa\\\/renkaat\\\/ulkorenkaat\\\/maantierenkaat\\\/continental-gp5000-28-622-musta-taitettava\\\/#breadcrumb\"},\"inLanguage\":\"sv-SE\",\"potentialAction\":[{\"@type\":\"ReadAction\",\"target\":[\"https:\\\/\\\/vmsport.fi\\\/verkkokauppa\\\/renkaat\\\/ulkorenkaat\\\/maantierenkaat\\\/continental-gp5000-28-622-musta-taitettava\\\/\"]}]},{\"@type\":\"ImageObject\",\"inLanguage\":\"sv-SE\",\"@id\":\"https:\\\/\\\/vmsport.fi\\\/verkkokauppa\\\/renkaat\\\/ulkorenkaat\\\/maantierenkaat\\\/continental-gp5000-28-622-musta-taitettava\\\/#primaryimage\",\"url\":\"https:\\\/\\\/vmsport.fi\\\/wp-content\\\/uploads\\\/2025\\\/03\\\/Ulkorengas-28-CONTAINENTAL-GP5000-28-622-1.jpg\",\"contentUrl\":\"https:\\\/\\\/vmsport.fi\\\/wp-content\\\/uploads\\\/2025\\\/03\\\/Ulkorengas-28-CONTAINENTAL-GP5000-28-622-1.jpg\",\"width\":75,\"height\":75,\"caption\":\"Ulkorengas-28-CONTAINENTAL-GP5000-28-622\"},{\"@type\":\"BreadcrumbList\",\"@id\":\"https:\\\/\\\/vmsport.fi\\\/verkkokauppa\\\/renkaat\\\/ulkorenkaat\\\/maantierenkaat\\\/continental-gp5000-28-622-musta-taitettava\\\/#breadcrumb\",\"itemListElement\":[{\"@type\":\"ListItem\",\"position\":1,\"name\":\"Etusivu\",\"item\":\"https:\\\/\\\/vmsport.fi\\\/\"},{\"@type\":\"ListItem\",\"position\":2,\"name\":\"Online Store\",\"item\":\"https:\\\/\\\/vmsport.fi\\\/en\\\/online-store\\\/\"},{\"@type\":\"ListItem\",\"position\":3,\"name\":\"CONTINENTAL GP5000 28-622 musta, taitettava\"}]},{\"@type\":\"WebSite\",\"@id\":\"https:\\\/\\\/vmsport.fi\\\/#website\",\"url\":\"https:\\\/\\\/vmsport.fi\\\/\",\"name\":\"Vmsport\",\"description\":\"Kaikki py\u00f6r\u00e4ilyyn yhdest\u00e4 paikasta\",\"publisher\":{\"@id\":\"https:\\\/\\\/vmsport.fi\\\/#organization\"},\"potentialAction\":[{\"@type\":\"SearchAction\",\"target\":{\"@type\":\"EntryPoint\",\"urlTemplate\":\"https:\\\/\\\/vmsport.fi\\\/?s={search_term_string}\"},\"query-input\":{\"@type\":\"PropertyValueSpecification\",\"valueRequired\":true,\"valueName\":\"search_term_string\"}}],\"inLanguage\":\"sv-SE\"},{\"@type\":\"Organization\",\"@id\":\"https:\\\/\\\/vmsport.fi\\\/#organization\",\"name\":\"Vmsport\",\"url\":\"https:\\\/\\\/vmsport.fi\\\/\",\"logo\":{\"@type\":\"ImageObject\",\"inLanguage\":\"sv-SE\",\"@id\":\"https:\\\/\\\/vmsport.fi\\\/#\\\/schema\\\/logo\\\/image\\\/\",\"url\":\"https:\\\/\\\/vmsport.fi\\\/wp-content\\\/uploads\\\/2024\\\/12\\\/vm_sport_RGB_horisontal-e1734526017575.png\",\"contentUrl\":\"https:\\\/\\\/vmsport.fi\\\/wp-content\\\/uploads\\\/2024\\\/12\\\/vm_sport_RGB_horisontal-e1734526017575.png\",\"width\":668,\"height\":85,\"caption\":\"Vmsport\"},\"image\":{\"@id\":\"https:\\\/\\\/vmsport.fi\\\/#\\\/schema\\\/logo\\\/image\\\/\"},\"sameAs\":[\"https:\\\/\\\/www.facebook.com\\\/Vmsport.fi\\\/\",\"https:\\\/\\\/www.instagram.com\\\/vmsport\\\/\"]}]}<\/script>\n<!-- \/ Yoast SEO plugin. -->","yoast_head_json":{"title":"CONTINENTAL GP5000 28-622 musta, taitettava - VM Sport","robots":{"index":"index","follow":"follow","max-snippet":"max-snippet:-1","max-image-preview":"max-image-preview:large","max-video-preview":"max-video-preview:-1"},"canonical":"https:\/\/vmsport.fi\/sv\/webbutik\/dack\/dack-for-utomhusbruk\/maantierenkaat\/continental-gp5000-28-622-musta-taitettava\/","og_locale":"sv_SE","og_type":"article","og_title":"CONTINENTAL GP5000 28-622 musta, taitettava - VM Sport","og_description":"Continental GP5000 28-622 taitettava rengas tarjoaa huippuluokan suorituskyky\u00e4, perustuen entist\u00e4 parempiin ominaisuuksiin verrattuna edelt\u00e4j\u00e4\u00e4ns\u00e4. Sen rullaavuus on 12 % tehokkaampaa ja puhkeamissuoja on 20 % vahvempi, mik\u00e4 tekee ajamisesta sujuvampaa ja turvallisempaa. Rengas on valmistettu k\u00e4sity\u00f6n\u00e4 3\/330 TPI rakenteella ja hy\u00f6dynt\u00e4\u00e4 Vectran\u2122-teknologiaa, joka yhdist\u00e4\u00e4 kevyen ja joustavan kuidun erinomaiseksi puhkeamissuojaksi. Black Chili -seos tarjoaa alhaisen [...]L\u00e4s mer \u2026 from CONTINENTAL GP5000 28-622 musta, taitettava","og_url":"https:\/\/vmsport.fi\/sv\/webbutik\/dack\/dack-for-utomhusbruk\/maantierenkaat\/continental-gp5000-28-622-musta-taitettava\/","og_site_name":"VM Sport","article_publisher":"https:\/\/www.facebook.com\/Vmsport.fi\/","article_modified_time":"2026-04-22T12:09:31+00:00","og_image":[{"width":75,"height":75,"url":"https:\/\/vmsport.fi\/wp-content\/uploads\/2025\/03\/Ulkorengas-28-CONTAINENTAL-GP5000-28-622-1.jpg","type":"image\/jpeg"}],"twitter_card":"summary_large_image","twitter_misc":{"Ber\u00e4knad l\u00e4stid":"1 minut"},"schema":{"@context":"https:\/\/schema.org","@graph":[{"@type":["WebPage","ItemPage"],"@id":"https:\/\/vmsport.fi\/verkkokauppa\/renkaat\/ulkorenkaat\/maantierenkaat\/continental-gp5000-28-622-musta-taitettava\/","url":"https:\/\/vmsport.fi\/verkkokauppa\/renkaat\/ulkorenkaat\/maantierenkaat\/continental-gp5000-28-622-musta-taitettava\/","name":"CONTINENTAL GP5000 28-622 musta, taitettava - VM Sport","isPartOf":{"@id":"https:\/\/vmsport.fi\/#website"},"primaryImageOfPage":{"@id":"https:\/\/vmsport.fi\/verkkokauppa\/renkaat\/ulkorenkaat\/maantierenkaat\/continental-gp5000-28-622-musta-taitettava\/#primaryimage"},"image":{"@id":"https:\/\/vmsport.fi\/verkkokauppa\/renkaat\/ulkorenkaat\/maantierenkaat\/continental-gp5000-28-622-musta-taitettava\/#primaryimage"},"thumbnailUrl":"https:\/\/vmsport.fi\/wp-content\/uploads\/2025\/03\/Ulkorengas-28-CONTAINENTAL-GP5000-28-622-1.jpg","datePublished":"2025-03-05T22:24:14+00:00","dateModified":"2026-04-22T12:09:31+00:00","breadcrumb":{"@id":"https:\/\/vmsport.fi\/verkkokauppa\/renkaat\/ulkorenkaat\/maantierenkaat\/continental-gp5000-28-622-musta-taitettava\/#breadcrumb"},"inLanguage":"sv-SE","potentialAction":[{"@type":"ReadAction","target":["https:\/\/vmsport.fi\/verkkokauppa\/renkaat\/ulkorenkaat\/maantierenkaat\/continental-gp5000-28-622-musta-taitettava\/"]}]},{"@type":"ImageObject","inLanguage":"sv-SE","@id":"https:\/\/vmsport.fi\/verkkokauppa\/renkaat\/ulkorenkaat\/maantierenkaat\/continental-gp5000-28-622-musta-taitettava\/#primaryimage","url":"https:\/\/vmsport.fi\/wp-content\/uploads\/2025\/03\/Ulkorengas-28-CONTAINENTAL-GP5000-28-622-1.jpg","contentUrl":"https:\/\/vmsport.fi\/wp-content\/uploads\/2025\/03\/Ulkorengas-28-CONTAINENTAL-GP5000-28-622-1.jpg","width":75,"height":75,"caption":"Ulkorengas-28-CONTAINENTAL-GP5000-28-622"},{"@type":"BreadcrumbList","@id":"https:\/\/vmsport.fi\/verkkokauppa\/renkaat\/ulkorenkaat\/maantierenkaat\/continental-gp5000-28-622-musta-taitettava\/#breadcrumb","itemListElement":[{"@type":"ListItem","position":1,"name":"Etusivu","item":"https:\/\/vmsport.fi\/"},{"@type":"ListItem","position":2,"name":"Online Store","item":"https:\/\/vmsport.fi\/en\/online-store\/"},{"@type":"ListItem","position":3,"name":"CONTINENTAL GP5000 28-622 musta, taitettava"}]},{"@type":"WebSite","@id":"https:\/\/vmsport.fi\/#website","url":"https:\/\/vmsport.fi\/","name":"Vmsport","description":"Allt p\u00e5 ett st\u00e4lle f\u00f6r cykling","publisher":{"@id":"https:\/\/vmsport.fi\/#organization"},"potentialAction":[{"@type":"SearchAction","target":{"@type":"EntryPoint","urlTemplate":"https:\/\/vmsport.fi\/?s={search_term_string}"},"query-input":{"@type":"PropertyValueSpecification","valueRequired":true,"valueName":"search_term_string"}}],"inLanguage":"sv-SE"},{"@type":"Organization","@id":"https:\/\/vmsport.fi\/#organization","name":"Vmsport","url":"https:\/\/vmsport.fi\/","logo":{"@type":"ImageObject","inLanguage":"sv-SE","@id":"https:\/\/vmsport.fi\/#\/schema\/logo\/image\/","url":"https:\/\/vmsport.fi\/wp-content\/uploads\/2024\/12\/vm_sport_RGB_horisontal-e1734526017575.png","contentUrl":"https:\/\/vmsport.fi\/wp-content\/uploads\/2024\/12\/vm_sport_RGB_horisontal-e1734526017575.png","width":668,"height":85,"caption":"Vmsport"},"image":{"@id":"https:\/\/vmsport.fi\/#\/schema\/logo\/image\/"},"sameAs":["https:\/\/www.facebook.com\/Vmsport.fi\/","https:\/\/www.instagram.com\/vmsport\/"]}]}},"global_unique_id":"","_links":{"self":[{"href":"https:\/\/vmsport.fi\/sv\/wp-json\/wp\/v2\/product\/56798","targetHints":{"allow":["GET"]}}],"collection":[{"href":"https:\/\/vmsport.fi\/sv\/wp-json\/wp\/v2\/product"}],"about":[{"href":"https:\/\/vmsport.fi\/sv\/wp-json\/wp\/v2\/types\/product"}],"replies":[{"embeddable":true,"href":"https:\/\/vmsport.fi\/sv\/wp-json\/wp\/v2\/comments?post=56798"}],"wp:featuredmedia":[{"embeddable":true,"href":"https:\/\/vmsport.fi\/sv\/wp-json\/wp\/v2\/media\/56797"}],"wp:attachment":[{"href":"https:\/\/vmsport.fi\/sv\/wp-json\/wp\/v2\/media?parent=56798"}],"wp:term":[{"taxonomy":"product_brand","embeddable":true,"href":"https:\/\/vmsport.fi\/sv\/wp-json\/wp\/v2\/product_brand?post=56798"},{"taxonomy":"product_model","embeddable":true,"href":"https:\/\/vmsport.fi\/sv\/wp-json\/wp\/v2\/product_model?post=56798"},{"taxonomy":"product_cat","embeddable":true,"href":"https:\/\/vmsport.fi\/sv\/wp-json\/wp\/v2\/product_cat?post=56798"},{"taxonomy":"product_tag","embeddable":true,"href":"https:\/\/vmsport.fi\/sv\/wp-json\/wp\/v2\/product_tag?post=56798"},{"taxonomy":"industry_terminology","embeddable":true,"href":"https:\/\/vmsport.fi\/sv\/wp-json\/wp\/v2\/industry-terminology?post=56798"}],"curies":[{"name":"wp","href":"https:\/\/api.w.org\/{rel}","templated":true}]}}