{"id":56784,"date":"2025-03-06T00:24:05","date_gmt":"2025-03-05T22:24:05","guid":{"rendered":"https:\/\/vmsport.fi\/verkkokauppa\/Ei-luokiteltu\/satulatolpan-panta-pikalinkku-318mm-musta\/"},"modified":"2026-01-16T13:21:11","modified_gmt":"2026-01-16T11:21:11","slug":"sadelstolpe-krag-snabbkoppling-318mm-svart","status":"publish","type":"product","link":"https:\/\/vmsport.fi\/sv\/verkkokauppa\/varaosat\/satulat-ja-satulatolpat\/satula-ja-satulatolppien-varaosat\/satulatolpan-panta-pikalinkku-318mm-musta\/","title":{"rendered":"Sadelkrage med snabbl\u00e4nk 31,8mm svart"},"content":{"rendered":"<p>Den h\u00e4r snygga och praktiska sadelgjorden \u00e4r s\u00e4rskilt utformad f\u00f6r cyklister som uppskattar enkel anv\u00e4ndning och effektivitet. Tack vare snabbjusteringsfunktionen kan du snabbt och enkelt justera sadelstolpens h\u00f6jd. Med en diameter p\u00e5 31,8 mm \u00e4r den l\u00e4mplig f\u00f6r de flesta cyklar. Den svarta f\u00e4rgen ger en modern och lyxig look som passar bra med m\u00e5nga olika hjulmodeller. Dessutom \u00e4r kragen slitstark och h\u00e5llbar, vilket garanterar l\u00e5ngsiktig tillf\u00f6rlitlighet.<\/p>","protected":false},"excerpt":{"rendered":"<p>T\u00e4m\u00e4 tyylik\u00e4s ja k\u00e4yt\u00e4nn\u00f6llinen satulatolpan panta on erityisesti py\u00f6r\u00e4ilij\u00f6ille, jotka arvostavat helppok\u00e4ytt\u00f6isyytt\u00e4 ja tehokkuutta. Sen pikas\u00e4\u00e4t\u00f6ominaisuus mahdollistaa satulatolpan korkeuden muokkaamisen nopeasti ja vaivattomasti. Pannan halkaisija on 31,8 mm, mik\u00e4 tekee siit\u00e4 sopivan useimpiin py\u00f6riin. Musta v\u00e4ri antaa modernin ja ylellisen ilmeen, joka sointuu hyvin monien eri py\u00f6r\u00e4mallien kanssa. T\u00e4m\u00e4n lis\u00e4ksi panta on kest\u00e4v\u00e4rakenteinen ja pitk\u00e4ik\u00e4inen, [&#8230;]<\/p>\n<p><a class=\"btn btn-secondary understrap-read-more-link\" href=\"https:\/\/vmsport.fi\/sv\/verkkokauppa\/varaosat\/satulat-ja-satulatolpat\/satula-ja-satulatolppien-varaosat\/satulatolpan-panta-pikalinkku-318mm-musta\/\">L\u00e4s mer \u2026<span class=\"screen-reader-text\"> from Satulatolpan panta pikalinkku 31,8mm musta<\/span><\/a><\/p>\n","protected":false},"featured_media":56783,"comment_status":"open","ping_status":"closed","template":"","meta":{"_acf_changed":false,"_improvement_type_select":"improve_an_existing","_thumb_yes_seoaic":false,"_frame_yes_seoaic":false,"seoaic_generate_description":"","seoaic_improve_instructions_prompt":"","seoaic_rollback_content_improvement":"","seoaic_idea_thumbnail_generator":"","thumbnail_generated":false,"thumbnail_generate_prompt":"","seoaic_article_description":"","_supplier_stock_quantity":0},"product_brand":[],"product_model":[],"product_cat":[9382],"product_tag":[],"industry-terminology":[],"class_list":{"0":"post-56784","1":"product","2":"type-product","3":"status-publish","4":"has-post-thumbnail","6":"product_cat-satula-ja-satulatolppien-varaosat","8":"first","9":"outofstock","10":"taxable","11":"shipping-taxable","12":"product-type-simple"},"acf":{"bike_features":null,"overview":{"copy_overview":null,"key_features":null,"statement":"","youtube_url":""}},"yoast_head":"<!-- This site is optimized with the Yoast SEO plugin v27.3 - https:\/\/yoast.com\/product\/yoast-seo-wordpress\/ -->\n<title>Satulatolpan panta pikalinkku 31,8mm musta - VM Sport<\/title>\n<meta name=\"robots\" content=\"index, follow, max-snippet:-1, max-image-preview:large, max-video-preview:-1\" \/>\n<link rel=\"canonical\" href=\"https:\/\/vmsport.fi\/sv\/webbutik\/reservdelar\/sadlar-och-sadelstolpar\/reservdelar-till-sadel-och-sadelgjord\/sadelstolpe-krag-snabbkoppling-318mm-svart\/\" \/>\n<meta property=\"og:locale\" content=\"sv_SE\" \/>\n<meta property=\"og:type\" content=\"article\" \/>\n<meta property=\"og:title\" content=\"Satulatolpan panta pikalinkku 31,8mm musta - VM Sport\" \/>\n<meta property=\"og:description\" content=\"T\u00e4m\u00e4 tyylik\u00e4s ja k\u00e4yt\u00e4nn\u00f6llinen satulatolpan panta on erityisesti py\u00f6r\u00e4ilij\u00f6ille, jotka arvostavat helppok\u00e4ytt\u00f6isyytt\u00e4 ja tehokkuutta. Sen pikas\u00e4\u00e4t\u00f6ominaisuus mahdollistaa satulatolpan korkeuden muokkaamisen nopeasti ja vaivattomasti. Pannan halkaisija on 31,8 mm, mik\u00e4 tekee siit\u00e4 sopivan useimpiin py\u00f6riin. Musta v\u00e4ri antaa modernin ja ylellisen ilmeen, joka sointuu hyvin monien eri py\u00f6r\u00e4mallien kanssa. T\u00e4m\u00e4n lis\u00e4ksi panta on kest\u00e4v\u00e4rakenteinen ja pitk\u00e4ik\u00e4inen, [...]L\u00e4s mer \u2026 from Satulatolpan panta pikalinkku 31,8mm musta\" \/>\n<meta property=\"og:url\" content=\"https:\/\/vmsport.fi\/sv\/webbutik\/reservdelar\/sadlar-och-sadelstolpar\/reservdelar-till-sadel-och-sadelgjord\/sadelstolpe-krag-snabbkoppling-318mm-svart\/\" \/>\n<meta property=\"og:site_name\" content=\"VM Sport\" \/>\n<meta property=\"article:publisher\" content=\"https:\/\/www.facebook.com\/Vmsport.fi\/\" \/>\n<meta property=\"article:modified_time\" content=\"2026-01-16T11:21:11+00:00\" \/>\n<meta property=\"og:image\" content=\"https:\/\/vmsport.fi\/wp-content\/uploads\/2025\/03\/DFQGPUgLESx654rtm7o3XxstJyly7tdd4L8XmEo5wTlIUOi9BS-1.jpg\" \/>\n\t<meta property=\"og:image:width\" content=\"600\" \/>\n\t<meta property=\"og:image:height\" content=\"600\" \/>\n\t<meta property=\"og:image:type\" content=\"image\/jpeg\" \/>\n<meta name=\"twitter:card\" content=\"summary_large_image\" \/>\n<script type=\"application\/ld+json\" class=\"yoast-schema-graph\">{\"@context\":\"https:\\\/\\\/schema.org\",\"@graph\":[{\"@type\":[\"WebPage\",\"ItemPage\"],\"@id\":\"https:\\\/\\\/vmsport.fi\\\/verkkokauppa\\\/varaosat\\\/satulat-ja-satulatolpat\\\/satula-ja-satulatolppien-varaosat\\\/satulatolpan-panta-pikalinkku-318mm-musta\\\/\",\"url\":\"https:\\\/\\\/vmsport.fi\\\/verkkokauppa\\\/varaosat\\\/satulat-ja-satulatolpat\\\/satula-ja-satulatolppien-varaosat\\\/satulatolpan-panta-pikalinkku-318mm-musta\\\/\",\"name\":\"Satulatolpan panta pikalinkku 31,8mm musta - VM Sport\",\"isPartOf\":{\"@id\":\"https:\\\/\\\/vmsport.fi\\\/#website\"},\"primaryImageOfPage\":{\"@id\":\"https:\\\/\\\/vmsport.fi\\\/verkkokauppa\\\/varaosat\\\/satulat-ja-satulatolpat\\\/satula-ja-satulatolppien-varaosat\\\/satulatolpan-panta-pikalinkku-318mm-musta\\\/#primaryimage\"},\"image\":{\"@id\":\"https:\\\/\\\/vmsport.fi\\\/verkkokauppa\\\/varaosat\\\/satulat-ja-satulatolpat\\\/satula-ja-satulatolppien-varaosat\\\/satulatolpan-panta-pikalinkku-318mm-musta\\\/#primaryimage\"},\"thumbnailUrl\":\"https:\\\/\\\/vmsport.fi\\\/wp-content\\\/uploads\\\/2025\\\/03\\\/DFQGPUgLESx654rtm7o3XxstJyly7tdd4L8XmEo5wTlIUOi9BS-1.jpg\",\"datePublished\":\"2025-03-05T22:24:05+00:00\",\"dateModified\":\"2026-01-16T11:21:11+00:00\",\"breadcrumb\":{\"@id\":\"https:\\\/\\\/vmsport.fi\\\/verkkokauppa\\\/varaosat\\\/satulat-ja-satulatolpat\\\/satula-ja-satulatolppien-varaosat\\\/satulatolpan-panta-pikalinkku-318mm-musta\\\/#breadcrumb\"},\"inLanguage\":\"sv-SE\",\"potentialAction\":[{\"@type\":\"ReadAction\",\"target\":[\"https:\\\/\\\/vmsport.fi\\\/verkkokauppa\\\/varaosat\\\/satulat-ja-satulatolpat\\\/satula-ja-satulatolppien-varaosat\\\/satulatolpan-panta-pikalinkku-318mm-musta\\\/\"]}]},{\"@type\":\"ImageObject\",\"inLanguage\":\"sv-SE\",\"@id\":\"https:\\\/\\\/vmsport.fi\\\/verkkokauppa\\\/varaosat\\\/satulat-ja-satulatolpat\\\/satula-ja-satulatolppien-varaosat\\\/satulatolpan-panta-pikalinkku-318mm-musta\\\/#primaryimage\",\"url\":\"https:\\\/\\\/vmsport.fi\\\/wp-content\\\/uploads\\\/2025\\\/03\\\/DFQGPUgLESx654rtm7o3XxstJyly7tdd4L8XmEo5wTlIUOi9BS-1.jpg\",\"contentUrl\":\"https:\\\/\\\/vmsport.fi\\\/wp-content\\\/uploads\\\/2025\\\/03\\\/DFQGPUgLESx654rtm7o3XxstJyly7tdd4L8XmEo5wTlIUOi9BS-1.jpg\",\"width\":600,\"height\":600,\"caption\":\"DFQGPUgLESx654rtm7o3XxstJyly7tdd4L8XmEo5wTlIUOi9BS\"},{\"@type\":\"BreadcrumbList\",\"@id\":\"https:\\\/\\\/vmsport.fi\\\/verkkokauppa\\\/varaosat\\\/satulat-ja-satulatolpat\\\/satula-ja-satulatolppien-varaosat\\\/satulatolpan-panta-pikalinkku-318mm-musta\\\/#breadcrumb\",\"itemListElement\":[{\"@type\":\"ListItem\",\"position\":1,\"name\":\"Etusivu\",\"item\":\"https:\\\/\\\/vmsport.fi\\\/\"},{\"@type\":\"ListItem\",\"position\":2,\"name\":\"Online Store\",\"item\":\"https:\\\/\\\/vmsport.fi\\\/en\\\/online-store\\\/\"},{\"@type\":\"ListItem\",\"position\":3,\"name\":\"Satulatolpan panta pikalinkku 31,8mm musta\"}]},{\"@type\":\"WebSite\",\"@id\":\"https:\\\/\\\/vmsport.fi\\\/#website\",\"url\":\"https:\\\/\\\/vmsport.fi\\\/\",\"name\":\"Vmsport\",\"description\":\"Kaikki py\u00f6r\u00e4ilyyn yhdest\u00e4 paikasta\",\"publisher\":{\"@id\":\"https:\\\/\\\/vmsport.fi\\\/#organization\"},\"potentialAction\":[{\"@type\":\"SearchAction\",\"target\":{\"@type\":\"EntryPoint\",\"urlTemplate\":\"https:\\\/\\\/vmsport.fi\\\/?s={search_term_string}\"},\"query-input\":{\"@type\":\"PropertyValueSpecification\",\"valueRequired\":true,\"valueName\":\"search_term_string\"}}],\"inLanguage\":\"sv-SE\"},{\"@type\":\"Organization\",\"@id\":\"https:\\\/\\\/vmsport.fi\\\/#organization\",\"name\":\"Vmsport\",\"url\":\"https:\\\/\\\/vmsport.fi\\\/\",\"logo\":{\"@type\":\"ImageObject\",\"inLanguage\":\"sv-SE\",\"@id\":\"https:\\\/\\\/vmsport.fi\\\/#\\\/schema\\\/logo\\\/image\\\/\",\"url\":\"https:\\\/\\\/vmsport.fi\\\/wp-content\\\/uploads\\\/2024\\\/12\\\/vm_sport_RGB_horisontal-e1734526017575.png\",\"contentUrl\":\"https:\\\/\\\/vmsport.fi\\\/wp-content\\\/uploads\\\/2024\\\/12\\\/vm_sport_RGB_horisontal-e1734526017575.png\",\"width\":668,\"height\":85,\"caption\":\"Vmsport\"},\"image\":{\"@id\":\"https:\\\/\\\/vmsport.fi\\\/#\\\/schema\\\/logo\\\/image\\\/\"},\"sameAs\":[\"https:\\\/\\\/www.facebook.com\\\/Vmsport.fi\\\/\",\"https:\\\/\\\/www.instagram.com\\\/vmsport\\\/\"]}]}<\/script>\n<!-- \/ Yoast SEO plugin. -->","yoast_head_json":{"title":"Sadelstolpskragen med snabbl\u00e4nk 31,8mm svart - VM Sport","robots":{"index":"index","follow":"follow","max-snippet":"max-snippet:-1","max-image-preview":"max-image-preview:large","max-video-preview":"max-video-preview:-1"},"canonical":"https:\/\/vmsport.fi\/sv\/webbutik\/reservdelar\/sadlar-och-sadelstolpar\/reservdelar-till-sadel-och-sadelgjord\/sadelstolpe-krag-snabbkoppling-318mm-svart\/","og_locale":"sv_SE","og_type":"article","og_title":"Satulatolpan panta pikalinkku 31,8mm musta - VM Sport","og_description":"T\u00e4m\u00e4 tyylik\u00e4s ja k\u00e4yt\u00e4nn\u00f6llinen satulatolpan panta on erityisesti py\u00f6r\u00e4ilij\u00f6ille, jotka arvostavat helppok\u00e4ytt\u00f6isyytt\u00e4 ja tehokkuutta. Sen pikas\u00e4\u00e4t\u00f6ominaisuus mahdollistaa satulatolpan korkeuden muokkaamisen nopeasti ja vaivattomasti. Pannan halkaisija on 31,8 mm, mik\u00e4 tekee siit\u00e4 sopivan useimpiin py\u00f6riin. Musta v\u00e4ri antaa modernin ja ylellisen ilmeen, joka sointuu hyvin monien eri py\u00f6r\u00e4mallien kanssa. T\u00e4m\u00e4n lis\u00e4ksi panta on kest\u00e4v\u00e4rakenteinen ja pitk\u00e4ik\u00e4inen, [...]L\u00e4s mer \u2026 from Satulatolpan panta pikalinkku 31,8mm musta","og_url":"https:\/\/vmsport.fi\/sv\/webbutik\/reservdelar\/sadlar-och-sadelstolpar\/reservdelar-till-sadel-och-sadelgjord\/sadelstolpe-krag-snabbkoppling-318mm-svart\/","og_site_name":"VM Sport","article_publisher":"https:\/\/www.facebook.com\/Vmsport.fi\/","article_modified_time":"2026-01-16T11:21:11+00:00","og_image":[{"width":600,"height":600,"url":"https:\/\/vmsport.fi\/wp-content\/uploads\/2025\/03\/DFQGPUgLESx654rtm7o3XxstJyly7tdd4L8XmEo5wTlIUOi9BS-1.jpg","type":"image\/jpeg"}],"twitter_card":"summary_large_image","schema":{"@context":"https:\/\/schema.org","@graph":[{"@type":["WebPage","ItemPage"],"@id":"https:\/\/vmsport.fi\/verkkokauppa\/varaosat\/satulat-ja-satulatolpat\/satula-ja-satulatolppien-varaosat\/satulatolpan-panta-pikalinkku-318mm-musta\/","url":"https:\/\/vmsport.fi\/verkkokauppa\/varaosat\/satulat-ja-satulatolpat\/satula-ja-satulatolppien-varaosat\/satulatolpan-panta-pikalinkku-318mm-musta\/","name":"Sadelstolpskragen med snabbl\u00e4nk 31,8mm svart - VM Sport","isPartOf":{"@id":"https:\/\/vmsport.fi\/#website"},"primaryImageOfPage":{"@id":"https:\/\/vmsport.fi\/verkkokauppa\/varaosat\/satulat-ja-satulatolpat\/satula-ja-satulatolppien-varaosat\/satulatolpan-panta-pikalinkku-318mm-musta\/#primaryimage"},"image":{"@id":"https:\/\/vmsport.fi\/verkkokauppa\/varaosat\/satulat-ja-satulatolpat\/satula-ja-satulatolppien-varaosat\/satulatolpan-panta-pikalinkku-318mm-musta\/#primaryimage"},"thumbnailUrl":"https:\/\/vmsport.fi\/wp-content\/uploads\/2025\/03\/DFQGPUgLESx654rtm7o3XxstJyly7tdd4L8XmEo5wTlIUOi9BS-1.jpg","datePublished":"2025-03-05T22:24:05+00:00","dateModified":"2026-01-16T11:21:11+00:00","breadcrumb":{"@id":"https:\/\/vmsport.fi\/verkkokauppa\/varaosat\/satulat-ja-satulatolpat\/satula-ja-satulatolppien-varaosat\/satulatolpan-panta-pikalinkku-318mm-musta\/#breadcrumb"},"inLanguage":"sv-SE","potentialAction":[{"@type":"ReadAction","target":["https:\/\/vmsport.fi\/verkkokauppa\/varaosat\/satulat-ja-satulatolpat\/satula-ja-satulatolppien-varaosat\/satulatolpan-panta-pikalinkku-318mm-musta\/"]}]},{"@type":"ImageObject","inLanguage":"sv-SE","@id":"https:\/\/vmsport.fi\/verkkokauppa\/varaosat\/satulat-ja-satulatolpat\/satula-ja-satulatolppien-varaosat\/satulatolpan-panta-pikalinkku-318mm-musta\/#primaryimage","url":"https:\/\/vmsport.fi\/wp-content\/uploads\/2025\/03\/DFQGPUgLESx654rtm7o3XxstJyly7tdd4L8XmEo5wTlIUOi9BS-1.jpg","contentUrl":"https:\/\/vmsport.fi\/wp-content\/uploads\/2025\/03\/DFQGPUgLESx654rtm7o3XxstJyly7tdd4L8XmEo5wTlIUOi9BS-1.jpg","width":600,"height":600,"caption":"DFQGPUgLESx654rtm7o3XxstJyly7tdd4L8XmEo5wTlIUOi9BS"},{"@type":"BreadcrumbList","@id":"https:\/\/vmsport.fi\/verkkokauppa\/varaosat\/satulat-ja-satulatolpat\/satula-ja-satulatolppien-varaosat\/satulatolpan-panta-pikalinkku-318mm-musta\/#breadcrumb","itemListElement":[{"@type":"ListItem","position":1,"name":"Etusivu","item":"https:\/\/vmsport.fi\/"},{"@type":"ListItem","position":2,"name":"Online Store","item":"https:\/\/vmsport.fi\/en\/online-store\/"},{"@type":"ListItem","position":3,"name":"Satulatolpan panta pikalinkku 31,8mm musta"}]},{"@type":"WebSite","@id":"https:\/\/vmsport.fi\/#website","url":"https:\/\/vmsport.fi\/","name":"Vmsport","description":"Allt p\u00e5 ett st\u00e4lle f\u00f6r cykling","publisher":{"@id":"https:\/\/vmsport.fi\/#organization"},"potentialAction":[{"@type":"SearchAction","target":{"@type":"EntryPoint","urlTemplate":"https:\/\/vmsport.fi\/?s={search_term_string}"},"query-input":{"@type":"PropertyValueSpecification","valueRequired":true,"valueName":"search_term_string"}}],"inLanguage":"sv-SE"},{"@type":"Organization","@id":"https:\/\/vmsport.fi\/#organization","name":"Vmsport","url":"https:\/\/vmsport.fi\/","logo":{"@type":"ImageObject","inLanguage":"sv-SE","@id":"https:\/\/vmsport.fi\/#\/schema\/logo\/image\/","url":"https:\/\/vmsport.fi\/wp-content\/uploads\/2024\/12\/vm_sport_RGB_horisontal-e1734526017575.png","contentUrl":"https:\/\/vmsport.fi\/wp-content\/uploads\/2024\/12\/vm_sport_RGB_horisontal-e1734526017575.png","width":668,"height":85,"caption":"Vmsport"},"image":{"@id":"https:\/\/vmsport.fi\/#\/schema\/logo\/image\/"},"sameAs":["https:\/\/www.facebook.com\/Vmsport.fi\/","https:\/\/www.instagram.com\/vmsport\/"]}]}},"global_unique_id":"","_links":{"self":[{"href":"https:\/\/vmsport.fi\/sv\/wp-json\/wp\/v2\/product\/56784","targetHints":{"allow":["GET"]}}],"collection":[{"href":"https:\/\/vmsport.fi\/sv\/wp-json\/wp\/v2\/product"}],"about":[{"href":"https:\/\/vmsport.fi\/sv\/wp-json\/wp\/v2\/types\/product"}],"replies":[{"embeddable":true,"href":"https:\/\/vmsport.fi\/sv\/wp-json\/wp\/v2\/comments?post=56784"}],"wp:featuredmedia":[{"embeddable":true,"href":"https:\/\/vmsport.fi\/sv\/wp-json\/wp\/v2\/media\/56783"}],"wp:attachment":[{"href":"https:\/\/vmsport.fi\/sv\/wp-json\/wp\/v2\/media?parent=56784"}],"wp:term":[{"taxonomy":"product_brand","embeddable":true,"href":"https:\/\/vmsport.fi\/sv\/wp-json\/wp\/v2\/product_brand?post=56784"},{"taxonomy":"product_model","embeddable":true,"href":"https:\/\/vmsport.fi\/sv\/wp-json\/wp\/v2\/product_model?post=56784"},{"taxonomy":"product_cat","embeddable":true,"href":"https:\/\/vmsport.fi\/sv\/wp-json\/wp\/v2\/product_cat?post=56784"},{"taxonomy":"product_tag","embeddable":true,"href":"https:\/\/vmsport.fi\/sv\/wp-json\/wp\/v2\/product_tag?post=56784"},{"taxonomy":"industry_terminology","embeddable":true,"href":"https:\/\/vmsport.fi\/sv\/wp-json\/wp\/v2\/industry-terminology?post=56784"}],"curies":[{"name":"wp","href":"https:\/\/api.w.org\/{rel}","templated":true}]}}