{"id":56760,"date":"2025-03-06T00:23:52","date_gmt":"2025-03-05T22:23:52","guid":{"rendered":"https:\/\/vmsport.fi\/verkkokauppa\/Ei-luokiteltu\/levyjarrukahva-bl-mt201-oikea-musta\/"},"modified":"2026-01-16T13:24:13","modified_gmt":"2026-01-16T11:24:13","slug":"skivbromsspak-bl-mt201-hoger-svart","status":"publish","type":"product","link":"https:\/\/vmsport.fi\/sv\/verkkokauppa\/varaosat\/jarrut\/jarrukahvat\/levyjarrukahva-bl-mt201-oikea-musta\/","title":{"rendered":"Skivbromsspak BL-MT201 h\u00f6ger svart"},"content":{"rendered":"<p>N\u00e4r du cyklar snabbt och s\u00e4kert \u00e4r Shimano BL-MT201 bromshandtag ett utm\u00e4rkt val f\u00f6r sin effektivitet. Dess eleganta svarta f\u00e4rg kompletterar skivbromsen p\u00e5 h\u00f6ger sida. \u00c4ven om den \u00e4r utformad med tanke p\u00e5 precisionsanv\u00e4ndning erbjuder den ocks\u00e5 en bekv\u00e4m k\u00f6rk\u00e4nsla. Den h\u00e5llbara konstruktionen s\u00e4kerst\u00e4ller tillf\u00f6rlitlighet under m\u00e5nga olika f\u00f6rh\u00e5llanden.<\/p>","protected":false},"excerpt":{"rendered":"<p>Kun py\u00f6r\u00e4ilet nopeasti ja turvallisesti, Shimano BL-MT201 -jarrukahva on erinomainen valinta sen tehokkuuden ansiosta. Jarrukahvan tyylik\u00e4s musta v\u00e4ri t\u00e4ydent\u00e4\u00e4 sen oikean puolen levyjarrun. Vaikka se on suunniteltu tarkkaa k\u00e4ytt\u00f6\u00e4 silm\u00e4ll\u00e4 pit\u00e4en, se tarjoaa my\u00f6s mukavan ajotuntuman. Kest\u00e4v\u00e4 rakenne varmistaa luotettavuuden monenlaisissa olosuhteissa. [&#8230;]<\/p>\n<p><a class=\"btn btn-secondary understrap-read-more-link\" href=\"https:\/\/vmsport.fi\/sv\/verkkokauppa\/varaosat\/jarrut\/jarrukahvat\/levyjarrukahva-bl-mt201-oikea-musta\/\">L\u00e4s mer \u2026<span class=\"screen-reader-text\"> from Levyjarrukahva BL-MT201 Oikea musta<\/span><\/a><\/p>\n","protected":false},"featured_media":56759,"comment_status":"open","ping_status":"closed","template":"","meta":{"_acf_changed":false,"_improvement_type_select":"improve_an_existing","_thumb_yes_seoaic":false,"_frame_yes_seoaic":false,"seoaic_generate_description":"","seoaic_improve_instructions_prompt":"","seoaic_rollback_content_improvement":"","seoaic_idea_thumbnail_generator":"","thumbnail_generated":false,"thumbnail_generate_prompt":"","seoaic_article_description":"","_supplier_stock_quantity":0},"product_brand":[],"product_model":[],"product_cat":[9430],"product_tag":[],"industry-terminology":[],"class_list":{"0":"post-56760","1":"product","2":"type-product","3":"status-publish","4":"has-post-thumbnail","6":"product_cat-jarrukahvat","8":"first","9":"outofstock","10":"taxable","11":"shipping-taxable","12":"product-type-simple"},"acf":{"bike_features":null,"overview":{"copy_overview":null,"key_features":null,"statement":"","youtube_url":""}},"yoast_head":"<!-- This site is optimized with the Yoast SEO plugin v27.3 - https:\/\/yoast.com\/product\/yoast-seo-wordpress\/ -->\n<title>Levyjarrukahva BL-MT201 Oikea musta - VM Sport<\/title>\n<meta name=\"robots\" content=\"index, follow, max-snippet:-1, max-image-preview:large, max-video-preview:-1\" \/>\n<link rel=\"canonical\" href=\"https:\/\/vmsport.fi\/sv\/webbutik\/reservdelar\/bromsar\/bromshandtag\/skivbromsspak-bl-mt201-hoger-svart\/\" \/>\n<meta property=\"og:locale\" content=\"sv_SE\" \/>\n<meta property=\"og:type\" content=\"article\" \/>\n<meta property=\"og:title\" content=\"Levyjarrukahva BL-MT201 Oikea musta - VM Sport\" \/>\n<meta property=\"og:description\" content=\"Kun py\u00f6r\u00e4ilet nopeasti ja turvallisesti, Shimano BL-MT201 -jarrukahva on erinomainen valinta sen tehokkuuden ansiosta. Jarrukahvan tyylik\u00e4s musta v\u00e4ri t\u00e4ydent\u00e4\u00e4 sen oikean puolen levyjarrun. Vaikka se on suunniteltu tarkkaa k\u00e4ytt\u00f6\u00e4 silm\u00e4ll\u00e4 pit\u00e4en, se tarjoaa my\u00f6s mukavan ajotuntuman. Kest\u00e4v\u00e4 rakenne varmistaa luotettavuuden monenlaisissa olosuhteissa. [...]L\u00e4s mer \u2026 from Levyjarrukahva BL-MT201 Oikea musta\" \/>\n<meta property=\"og:url\" content=\"https:\/\/vmsport.fi\/sv\/webbutik\/reservdelar\/bromsar\/bromshandtag\/skivbromsspak-bl-mt201-hoger-svart\/\" \/>\n<meta property=\"og:site_name\" content=\"VM Sport\" \/>\n<meta property=\"article:publisher\" content=\"https:\/\/www.facebook.com\/Vmsport.fi\/\" \/>\n<meta property=\"article:modified_time\" content=\"2026-01-16T11:24:13+00:00\" \/>\n<meta property=\"og:image\" content=\"https:\/\/vmsport.fi\/wp-content\/uploads\/2025\/03\/VIgjNkgtpf9EjayuuINOtoGcqYFAUZ2Q7Tre6RbGIa9oJylzAm-1.jpg\" \/>\n\t<meta property=\"og:image:width\" content=\"600\" \/>\n\t<meta property=\"og:image:height\" content=\"600\" \/>\n\t<meta property=\"og:image:type\" content=\"image\/jpeg\" \/>\n<meta name=\"twitter:card\" content=\"summary_large_image\" \/>\n<script type=\"application\/ld+json\" class=\"yoast-schema-graph\">{\"@context\":\"https:\\\/\\\/schema.org\",\"@graph\":[{\"@type\":[\"WebPage\",\"ItemPage\"],\"@id\":\"https:\\\/\\\/vmsport.fi\\\/verkkokauppa\\\/varaosat\\\/jarrut\\\/jarrukahvat\\\/levyjarrukahva-bl-mt201-oikea-musta\\\/\",\"url\":\"https:\\\/\\\/vmsport.fi\\\/verkkokauppa\\\/varaosat\\\/jarrut\\\/jarrukahvat\\\/levyjarrukahva-bl-mt201-oikea-musta\\\/\",\"name\":\"Levyjarrukahva BL-MT201 Oikea musta - VM Sport\",\"isPartOf\":{\"@id\":\"https:\\\/\\\/vmsport.fi\\\/#website\"},\"primaryImageOfPage\":{\"@id\":\"https:\\\/\\\/vmsport.fi\\\/verkkokauppa\\\/varaosat\\\/jarrut\\\/jarrukahvat\\\/levyjarrukahva-bl-mt201-oikea-musta\\\/#primaryimage\"},\"image\":{\"@id\":\"https:\\\/\\\/vmsport.fi\\\/verkkokauppa\\\/varaosat\\\/jarrut\\\/jarrukahvat\\\/levyjarrukahva-bl-mt201-oikea-musta\\\/#primaryimage\"},\"thumbnailUrl\":\"https:\\\/\\\/vmsport.fi\\\/wp-content\\\/uploads\\\/2025\\\/03\\\/VIgjNkgtpf9EjayuuINOtoGcqYFAUZ2Q7Tre6RbGIa9oJylzAm-1.jpg\",\"datePublished\":\"2025-03-05T22:23:52+00:00\",\"dateModified\":\"2026-01-16T11:24:13+00:00\",\"breadcrumb\":{\"@id\":\"https:\\\/\\\/vmsport.fi\\\/verkkokauppa\\\/varaosat\\\/jarrut\\\/jarrukahvat\\\/levyjarrukahva-bl-mt201-oikea-musta\\\/#breadcrumb\"},\"inLanguage\":\"sv-SE\",\"potentialAction\":[{\"@type\":\"ReadAction\",\"target\":[\"https:\\\/\\\/vmsport.fi\\\/verkkokauppa\\\/varaosat\\\/jarrut\\\/jarrukahvat\\\/levyjarrukahva-bl-mt201-oikea-musta\\\/\"]}]},{\"@type\":\"ImageObject\",\"inLanguage\":\"sv-SE\",\"@id\":\"https:\\\/\\\/vmsport.fi\\\/verkkokauppa\\\/varaosat\\\/jarrut\\\/jarrukahvat\\\/levyjarrukahva-bl-mt201-oikea-musta\\\/#primaryimage\",\"url\":\"https:\\\/\\\/vmsport.fi\\\/wp-content\\\/uploads\\\/2025\\\/03\\\/VIgjNkgtpf9EjayuuINOtoGcqYFAUZ2Q7Tre6RbGIa9oJylzAm-1.jpg\",\"contentUrl\":\"https:\\\/\\\/vmsport.fi\\\/wp-content\\\/uploads\\\/2025\\\/03\\\/VIgjNkgtpf9EjayuuINOtoGcqYFAUZ2Q7Tre6RbGIa9oJylzAm-1.jpg\",\"width\":600,\"height\":600,\"caption\":\"VIgjNkgtpf9EjayuuINOtoGcqYFAUZ2Q7Tre6RbGIa9oJylzAm\"},{\"@type\":\"BreadcrumbList\",\"@id\":\"https:\\\/\\\/vmsport.fi\\\/verkkokauppa\\\/varaosat\\\/jarrut\\\/jarrukahvat\\\/levyjarrukahva-bl-mt201-oikea-musta\\\/#breadcrumb\",\"itemListElement\":[{\"@type\":\"ListItem\",\"position\":1,\"name\":\"Etusivu\",\"item\":\"https:\\\/\\\/vmsport.fi\\\/\"},{\"@type\":\"ListItem\",\"position\":2,\"name\":\"Online Store\",\"item\":\"https:\\\/\\\/vmsport.fi\\\/en\\\/online-store\\\/\"},{\"@type\":\"ListItem\",\"position\":3,\"name\":\"Levyjarrukahva BL-MT201 Oikea musta\"}]},{\"@type\":\"WebSite\",\"@id\":\"https:\\\/\\\/vmsport.fi\\\/#website\",\"url\":\"https:\\\/\\\/vmsport.fi\\\/\",\"name\":\"Vmsport\",\"description\":\"Kaikki py\u00f6r\u00e4ilyyn yhdest\u00e4 paikasta\",\"publisher\":{\"@id\":\"https:\\\/\\\/vmsport.fi\\\/#organization\"},\"potentialAction\":[{\"@type\":\"SearchAction\",\"target\":{\"@type\":\"EntryPoint\",\"urlTemplate\":\"https:\\\/\\\/vmsport.fi\\\/?s={search_term_string}\"},\"query-input\":{\"@type\":\"PropertyValueSpecification\",\"valueRequired\":true,\"valueName\":\"search_term_string\"}}],\"inLanguage\":\"sv-SE\"},{\"@type\":\"Organization\",\"@id\":\"https:\\\/\\\/vmsport.fi\\\/#organization\",\"name\":\"Vmsport\",\"url\":\"https:\\\/\\\/vmsport.fi\\\/\",\"logo\":{\"@type\":\"ImageObject\",\"inLanguage\":\"sv-SE\",\"@id\":\"https:\\\/\\\/vmsport.fi\\\/#\\\/schema\\\/logo\\\/image\\\/\",\"url\":\"https:\\\/\\\/vmsport.fi\\\/wp-content\\\/uploads\\\/2024\\\/12\\\/vm_sport_RGB_horisontal-e1734526017575.png\",\"contentUrl\":\"https:\\\/\\\/vmsport.fi\\\/wp-content\\\/uploads\\\/2024\\\/12\\\/vm_sport_RGB_horisontal-e1734526017575.png\",\"width\":668,\"height\":85,\"caption\":\"Vmsport\"},\"image\":{\"@id\":\"https:\\\/\\\/vmsport.fi\\\/#\\\/schema\\\/logo\\\/image\\\/\"},\"sameAs\":[\"https:\\\/\\\/www.facebook.com\\\/Vmsport.fi\\\/\",\"https:\\\/\\\/www.instagram.com\\\/vmsport\\\/\"]}]}<\/script>\n<!-- \/ Yoast SEO plugin. -->","yoast_head_json":{"title":"Skivbromsspak BL-MT201 h\u00f6ger svart - VM Sport","robots":{"index":"index","follow":"follow","max-snippet":"max-snippet:-1","max-image-preview":"max-image-preview:large","max-video-preview":"max-video-preview:-1"},"canonical":"https:\/\/vmsport.fi\/sv\/webbutik\/reservdelar\/bromsar\/bromshandtag\/skivbromsspak-bl-mt201-hoger-svart\/","og_locale":"sv_SE","og_type":"article","og_title":"Levyjarrukahva BL-MT201 Oikea musta - VM Sport","og_description":"Kun py\u00f6r\u00e4ilet nopeasti ja turvallisesti, Shimano BL-MT201 -jarrukahva on erinomainen valinta sen tehokkuuden ansiosta. Jarrukahvan tyylik\u00e4s musta v\u00e4ri t\u00e4ydent\u00e4\u00e4 sen oikean puolen levyjarrun. Vaikka se on suunniteltu tarkkaa k\u00e4ytt\u00f6\u00e4 silm\u00e4ll\u00e4 pit\u00e4en, se tarjoaa my\u00f6s mukavan ajotuntuman. Kest\u00e4v\u00e4 rakenne varmistaa luotettavuuden monenlaisissa olosuhteissa. [...]L\u00e4s mer \u2026 from Levyjarrukahva BL-MT201 Oikea musta","og_url":"https:\/\/vmsport.fi\/sv\/webbutik\/reservdelar\/bromsar\/bromshandtag\/skivbromsspak-bl-mt201-hoger-svart\/","og_site_name":"VM Sport","article_publisher":"https:\/\/www.facebook.com\/Vmsport.fi\/","article_modified_time":"2026-01-16T11:24:13+00:00","og_image":[{"width":600,"height":600,"url":"https:\/\/vmsport.fi\/wp-content\/uploads\/2025\/03\/VIgjNkgtpf9EjayuuINOtoGcqYFAUZ2Q7Tre6RbGIa9oJylzAm-1.jpg","type":"image\/jpeg"}],"twitter_card":"summary_large_image","schema":{"@context":"https:\/\/schema.org","@graph":[{"@type":["WebPage","ItemPage"],"@id":"https:\/\/vmsport.fi\/verkkokauppa\/varaosat\/jarrut\/jarrukahvat\/levyjarrukahva-bl-mt201-oikea-musta\/","url":"https:\/\/vmsport.fi\/verkkokauppa\/varaosat\/jarrut\/jarrukahvat\/levyjarrukahva-bl-mt201-oikea-musta\/","name":"Skivbromsspak BL-MT201 h\u00f6ger svart - VM Sport","isPartOf":{"@id":"https:\/\/vmsport.fi\/#website"},"primaryImageOfPage":{"@id":"https:\/\/vmsport.fi\/verkkokauppa\/varaosat\/jarrut\/jarrukahvat\/levyjarrukahva-bl-mt201-oikea-musta\/#primaryimage"},"image":{"@id":"https:\/\/vmsport.fi\/verkkokauppa\/varaosat\/jarrut\/jarrukahvat\/levyjarrukahva-bl-mt201-oikea-musta\/#primaryimage"},"thumbnailUrl":"https:\/\/vmsport.fi\/wp-content\/uploads\/2025\/03\/VIgjNkgtpf9EjayuuINOtoGcqYFAUZ2Q7Tre6RbGIa9oJylzAm-1.jpg","datePublished":"2025-03-05T22:23:52+00:00","dateModified":"2026-01-16T11:24:13+00:00","breadcrumb":{"@id":"https:\/\/vmsport.fi\/verkkokauppa\/varaosat\/jarrut\/jarrukahvat\/levyjarrukahva-bl-mt201-oikea-musta\/#breadcrumb"},"inLanguage":"sv-SE","potentialAction":[{"@type":"ReadAction","target":["https:\/\/vmsport.fi\/verkkokauppa\/varaosat\/jarrut\/jarrukahvat\/levyjarrukahva-bl-mt201-oikea-musta\/"]}]},{"@type":"ImageObject","inLanguage":"sv-SE","@id":"https:\/\/vmsport.fi\/verkkokauppa\/varaosat\/jarrut\/jarrukahvat\/levyjarrukahva-bl-mt201-oikea-musta\/#primaryimage","url":"https:\/\/vmsport.fi\/wp-content\/uploads\/2025\/03\/VIgjNkgtpf9EjayuuINOtoGcqYFAUZ2Q7Tre6RbGIa9oJylzAm-1.jpg","contentUrl":"https:\/\/vmsport.fi\/wp-content\/uploads\/2025\/03\/VIgjNkgtpf9EjayuuINOtoGcqYFAUZ2Q7Tre6RbGIa9oJylzAm-1.jpg","width":600,"height":600,"caption":"VIgjNkgtpf9EjayuuINOtoGcqYFAUZ2Q7Tre6RbGIa9oJylzAm"},{"@type":"BreadcrumbList","@id":"https:\/\/vmsport.fi\/verkkokauppa\/varaosat\/jarrut\/jarrukahvat\/levyjarrukahva-bl-mt201-oikea-musta\/#breadcrumb","itemListElement":[{"@type":"ListItem","position":1,"name":"Etusivu","item":"https:\/\/vmsport.fi\/"},{"@type":"ListItem","position":2,"name":"Online Store","item":"https:\/\/vmsport.fi\/en\/online-store\/"},{"@type":"ListItem","position":3,"name":"Levyjarrukahva BL-MT201 Oikea musta"}]},{"@type":"WebSite","@id":"https:\/\/vmsport.fi\/#website","url":"https:\/\/vmsport.fi\/","name":"Vmsport","description":"Allt p\u00e5 ett st\u00e4lle f\u00f6r cykling","publisher":{"@id":"https:\/\/vmsport.fi\/#organization"},"potentialAction":[{"@type":"SearchAction","target":{"@type":"EntryPoint","urlTemplate":"https:\/\/vmsport.fi\/?s={search_term_string}"},"query-input":{"@type":"PropertyValueSpecification","valueRequired":true,"valueName":"search_term_string"}}],"inLanguage":"sv-SE"},{"@type":"Organization","@id":"https:\/\/vmsport.fi\/#organization","name":"Vmsport","url":"https:\/\/vmsport.fi\/","logo":{"@type":"ImageObject","inLanguage":"sv-SE","@id":"https:\/\/vmsport.fi\/#\/schema\/logo\/image\/","url":"https:\/\/vmsport.fi\/wp-content\/uploads\/2024\/12\/vm_sport_RGB_horisontal-e1734526017575.png","contentUrl":"https:\/\/vmsport.fi\/wp-content\/uploads\/2024\/12\/vm_sport_RGB_horisontal-e1734526017575.png","width":668,"height":85,"caption":"Vmsport"},"image":{"@id":"https:\/\/vmsport.fi\/#\/schema\/logo\/image\/"},"sameAs":["https:\/\/www.facebook.com\/Vmsport.fi\/","https:\/\/www.instagram.com\/vmsport\/"]}]}},"global_unique_id":"","_links":{"self":[{"href":"https:\/\/vmsport.fi\/sv\/wp-json\/wp\/v2\/product\/56760","targetHints":{"allow":["GET"]}}],"collection":[{"href":"https:\/\/vmsport.fi\/sv\/wp-json\/wp\/v2\/product"}],"about":[{"href":"https:\/\/vmsport.fi\/sv\/wp-json\/wp\/v2\/types\/product"}],"replies":[{"embeddable":true,"href":"https:\/\/vmsport.fi\/sv\/wp-json\/wp\/v2\/comments?post=56760"}],"wp:featuredmedia":[{"embeddable":true,"href":"https:\/\/vmsport.fi\/sv\/wp-json\/wp\/v2\/media\/56759"}],"wp:attachment":[{"href":"https:\/\/vmsport.fi\/sv\/wp-json\/wp\/v2\/media?parent=56760"}],"wp:term":[{"taxonomy":"product_brand","embeddable":true,"href":"https:\/\/vmsport.fi\/sv\/wp-json\/wp\/v2\/product_brand?post=56760"},{"taxonomy":"product_model","embeddable":true,"href":"https:\/\/vmsport.fi\/sv\/wp-json\/wp\/v2\/product_model?post=56760"},{"taxonomy":"product_cat","embeddable":true,"href":"https:\/\/vmsport.fi\/sv\/wp-json\/wp\/v2\/product_cat?post=56760"},{"taxonomy":"product_tag","embeddable":true,"href":"https:\/\/vmsport.fi\/sv\/wp-json\/wp\/v2\/product_tag?post=56760"},{"taxonomy":"industry_terminology","embeddable":true,"href":"https:\/\/vmsport.fi\/sv\/wp-json\/wp\/v2\/industry-terminology?post=56760"}],"curies":[{"name":"wp","href":"https:\/\/api.w.org\/{rel}","templated":true}]}}