{"id":56749,"date":"2025-03-06T00:23:47","date_gmt":"2025-03-05T22:23:47","guid":{"rendered":"https:\/\/vmsport.fi\/verkkokauppa\/Ei-luokiteltu\/crankbrothers-dropper-post-highline-7-length-417-mm-o316-mm-travel-125-mm\/"},"modified":"2026-04-22T15:06:05","modified_gmt":"2026-04-22T12:06:05","slug":"crankbrothers-droppstolpe-highline-7-langd-417-mm-o316-mm-slaglangd-125-mm","status":"publish","type":"product","link":"https:\/\/vmsport.fi\/sv\/verkkokauppa\/varaosat\/satulat-ja-satulatolpat\/satulatolpat-ja-hissitolpat\/crankbrothers-dropper-post-highline-7-length-417-mm-o316-mm-travel-125-mm\/","title":{"rendered":"CRANKBROTHERS Droppstolpe Highline 7 L\u00e4ngd 417 mm \u00d831,6 mm Slagl\u00e4ngd 125 mm"},"content":{"rendered":"<p>Highline 7-lyftstativet v\u00e4ger endast 515 g, vilket g\u00f6r det l\u00e4tt och enkelt att hantera. Fj\u00e4dringen p\u00e5 125 mm \u00e4r l\u00e4mplig f\u00f6r aktiv cykling, medan diametern p\u00e5 31,6 mm s\u00e4kerst\u00e4ller bred kompatibilitet med ramar. St\u00e5ngen har ingen offset, s\u00e5 den passar naturligt p\u00e5 de flesta ramar.<\/p>","protected":false},"excerpt":{"rendered":"<p>Kevyt, 125 mm liikkeell\u00e4 varustettu hissitolppa, joka sopii 31,6 mm satulaputkiin. [&#8230;]<\/p>\n<p><a class=\"btn btn-secondary understrap-read-more-link\" href=\"https:\/\/vmsport.fi\/sv\/verkkokauppa\/varaosat\/satulat-ja-satulatolpat\/satulatolpat-ja-hissitolpat\/crankbrothers-dropper-post-highline-7-length-417-mm-o316-mm-travel-125-mm\/\">L\u00e4s mer \u2026<span class=\"screen-reader-text\"> from CRANKBROTHERS Dropper post Highline 7 Length 417 mm \u00d831,6 mm Travel 125 mm<\/span><\/a><\/p>\n","protected":false},"featured_media":56748,"comment_status":"open","ping_status":"closed","template":"","meta":{"_acf_changed":false,"_improvement_type_select":"improve_an_existing","_thumb_yes_seoaic":false,"_frame_yes_seoaic":false,"seoaic_generate_description":"","seoaic_improve_instructions_prompt":"","seoaic_rollback_content_improvement":"","seoaic_idea_thumbnail_generator":"","thumbnail_generated":false,"thumbnail_generate_prompt":"","seoaic_article_description":"","_supplier_stock_quantity":0},"product_brand":[1586],"product_model":[],"product_cat":[9424],"product_tag":[],"industry-terminology":[],"class_list":{"0":"post-56749","1":"product","2":"type-product","3":"status-publish","4":"has-post-thumbnail","6":"product_brand-crankbrothers","7":"product_cat-satulatolpat-ja-hissitolpat","9":"first","10":"outofstock","11":"taxable","12":"shipping-taxable","13":"product-type-simple"},"acf":{"bike_features":null,"overview":{"copy_overview":null,"key_features":null,"statement":"","youtube_url":""}},"yoast_head":"<!-- This site is optimized with the Yoast SEO plugin v27.4 - https:\/\/yoast.com\/product\/yoast-seo-wordpress\/ -->\n<title>CRANKBROTHERS Dropper post Highline 7 Length 417 mm \u00d831,6 mm Travel 125 mm - VM Sport<\/title>\n<meta name=\"robots\" content=\"index, follow, max-snippet:-1, max-image-preview:large, max-video-preview:-1\" \/>\n<link rel=\"canonical\" href=\"https:\/\/vmsport.fi\/sv\/webbutik\/reservdelar\/sadlar-och-sadelstolpar\/sadelstolpar-och-lyftmaster\/crankbrothers-droppstolpe-highline-7-langd-417-mm-o316-mm-slaglangd-125-mm\/\" \/>\n<meta property=\"og:locale\" content=\"sv_SE\" \/>\n<meta property=\"og:type\" content=\"article\" \/>\n<meta property=\"og:title\" content=\"CRANKBROTHERS Dropper post Highline 7 Length 417 mm \u00d831,6 mm Travel 125 mm - VM Sport\" \/>\n<meta property=\"og:description\" content=\"Kevyt, 125 mm liikkeell\u00e4 varustettu hissitolppa, joka sopii 31,6 mm satulaputkiin. [...]L\u00e4s mer \u2026 from CRANKBROTHERS Dropper post Highline 7 Length 417 mm \u00d831,6 mm Travel 125 mm\" \/>\n<meta property=\"og:url\" content=\"https:\/\/vmsport.fi\/sv\/webbutik\/reservdelar\/sadlar-och-sadelstolpar\/sadelstolpar-och-lyftmaster\/crankbrothers-droppstolpe-highline-7-langd-417-mm-o316-mm-slaglangd-125-mm\/\" \/>\n<meta property=\"og:site_name\" content=\"VM Sport\" \/>\n<meta property=\"article:publisher\" content=\"https:\/\/www.facebook.com\/Vmsport.fi\/\" \/>\n<meta property=\"article:modified_time\" content=\"2026-04-22T12:06:05+00:00\" \/>\n<meta property=\"og:image\" content=\"https:\/\/vmsport.fi\/wp-content\/uploads\/2025\/03\/mxuDKYFGrhiJYyeV9WTCx0hON4LvqQWS8J1jhtIwXQUbApCnmM-1.jpg\" \/>\n\t<meta property=\"og:image:width\" content=\"263\" \/>\n\t<meta property=\"og:image:height\" content=\"511\" \/>\n\t<meta property=\"og:image:type\" content=\"image\/jpeg\" \/>\n<meta name=\"twitter:card\" content=\"summary_large_image\" \/>\n<script type=\"application\/ld+json\" class=\"yoast-schema-graph\">{\"@context\":\"https:\\\/\\\/schema.org\",\"@graph\":[{\"@type\":[\"WebPage\",\"ItemPage\"],\"@id\":\"https:\\\/\\\/vmsport.fi\\\/verkkokauppa\\\/varaosat\\\/satulat-ja-satulatolpat\\\/satulatolpat-ja-hissitolpat\\\/crankbrothers-dropper-post-highline-7-length-417-mm-o316-mm-travel-125-mm\\\/\",\"url\":\"https:\\\/\\\/vmsport.fi\\\/verkkokauppa\\\/varaosat\\\/satulat-ja-satulatolpat\\\/satulatolpat-ja-hissitolpat\\\/crankbrothers-dropper-post-highline-7-length-417-mm-o316-mm-travel-125-mm\\\/\",\"name\":\"CRANKBROTHERS Dropper post Highline 7 Length 417 mm \u00d831,6 mm Travel 125 mm - VM Sport\",\"isPartOf\":{\"@id\":\"https:\\\/\\\/vmsport.fi\\\/#website\"},\"primaryImageOfPage\":{\"@id\":\"https:\\\/\\\/vmsport.fi\\\/verkkokauppa\\\/varaosat\\\/satulat-ja-satulatolpat\\\/satulatolpat-ja-hissitolpat\\\/crankbrothers-dropper-post-highline-7-length-417-mm-o316-mm-travel-125-mm\\\/#primaryimage\"},\"image\":{\"@id\":\"https:\\\/\\\/vmsport.fi\\\/verkkokauppa\\\/varaosat\\\/satulat-ja-satulatolpat\\\/satulatolpat-ja-hissitolpat\\\/crankbrothers-dropper-post-highline-7-length-417-mm-o316-mm-travel-125-mm\\\/#primaryimage\"},\"thumbnailUrl\":\"https:\\\/\\\/vmsport.fi\\\/wp-content\\\/uploads\\\/2025\\\/03\\\/mxuDKYFGrhiJYyeV9WTCx0hON4LvqQWS8J1jhtIwXQUbApCnmM-1.jpg\",\"datePublished\":\"2025-03-05T22:23:47+00:00\",\"dateModified\":\"2026-04-22T12:06:05+00:00\",\"breadcrumb\":{\"@id\":\"https:\\\/\\\/vmsport.fi\\\/verkkokauppa\\\/varaosat\\\/satulat-ja-satulatolpat\\\/satulatolpat-ja-hissitolpat\\\/crankbrothers-dropper-post-highline-7-length-417-mm-o316-mm-travel-125-mm\\\/#breadcrumb\"},\"inLanguage\":\"sv-SE\",\"potentialAction\":[{\"@type\":\"ReadAction\",\"target\":[\"https:\\\/\\\/vmsport.fi\\\/verkkokauppa\\\/varaosat\\\/satulat-ja-satulatolpat\\\/satulatolpat-ja-hissitolpat\\\/crankbrothers-dropper-post-highline-7-length-417-mm-o316-mm-travel-125-mm\\\/\"]}]},{\"@type\":\"ImageObject\",\"inLanguage\":\"sv-SE\",\"@id\":\"https:\\\/\\\/vmsport.fi\\\/verkkokauppa\\\/varaosat\\\/satulat-ja-satulatolpat\\\/satulatolpat-ja-hissitolpat\\\/crankbrothers-dropper-post-highline-7-length-417-mm-o316-mm-travel-125-mm\\\/#primaryimage\",\"url\":\"https:\\\/\\\/vmsport.fi\\\/wp-content\\\/uploads\\\/2025\\\/03\\\/mxuDKYFGrhiJYyeV9WTCx0hON4LvqQWS8J1jhtIwXQUbApCnmM-1.jpg\",\"contentUrl\":\"https:\\\/\\\/vmsport.fi\\\/wp-content\\\/uploads\\\/2025\\\/03\\\/mxuDKYFGrhiJYyeV9WTCx0hON4LvqQWS8J1jhtIwXQUbApCnmM-1.jpg\",\"width\":263,\"height\":511,\"caption\":\"mxuDKYFGrhiJYyeV9WTCx0hON4LvqQWS8J1jhtIwXQUbApCnmM\"},{\"@type\":\"BreadcrumbList\",\"@id\":\"https:\\\/\\\/vmsport.fi\\\/verkkokauppa\\\/varaosat\\\/satulat-ja-satulatolpat\\\/satulatolpat-ja-hissitolpat\\\/crankbrothers-dropper-post-highline-7-length-417-mm-o316-mm-travel-125-mm\\\/#breadcrumb\",\"itemListElement\":[{\"@type\":\"ListItem\",\"position\":1,\"name\":\"Etusivu\",\"item\":\"https:\\\/\\\/vmsport.fi\\\/\"},{\"@type\":\"ListItem\",\"position\":2,\"name\":\"Online Store\",\"item\":\"https:\\\/\\\/vmsport.fi\\\/en\\\/online-store\\\/\"},{\"@type\":\"ListItem\",\"position\":3,\"name\":\"Crankbrothers\",\"item\":\"https:\\\/\\\/vmsport.fi\\\/merkki\\\/crankbrothers\\\/\"},{\"@type\":\"ListItem\",\"position\":4,\"name\":\"CRANKBROTHERS Dropper post Highline 7 Length 417 mm \u00d831,6 mm Travel 125 mm\"}]},{\"@type\":\"WebSite\",\"@id\":\"https:\\\/\\\/vmsport.fi\\\/#website\",\"url\":\"https:\\\/\\\/vmsport.fi\\\/\",\"name\":\"Vmsport\",\"description\":\"Kaikki py\u00f6r\u00e4ilyyn yhdest\u00e4 paikasta\",\"publisher\":{\"@id\":\"https:\\\/\\\/vmsport.fi\\\/#organization\"},\"potentialAction\":[{\"@type\":\"SearchAction\",\"target\":{\"@type\":\"EntryPoint\",\"urlTemplate\":\"https:\\\/\\\/vmsport.fi\\\/?s={search_term_string}\"},\"query-input\":{\"@type\":\"PropertyValueSpecification\",\"valueRequired\":true,\"valueName\":\"search_term_string\"}}],\"inLanguage\":\"sv-SE\"},{\"@type\":\"Organization\",\"@id\":\"https:\\\/\\\/vmsport.fi\\\/#organization\",\"name\":\"Vmsport\",\"url\":\"https:\\\/\\\/vmsport.fi\\\/\",\"logo\":{\"@type\":\"ImageObject\",\"inLanguage\":\"sv-SE\",\"@id\":\"https:\\\/\\\/vmsport.fi\\\/#\\\/schema\\\/logo\\\/image\\\/\",\"url\":\"https:\\\/\\\/vmsport.fi\\\/wp-content\\\/uploads\\\/2024\\\/12\\\/vm_sport_RGB_horisontal-e1734526017575.png\",\"contentUrl\":\"https:\\\/\\\/vmsport.fi\\\/wp-content\\\/uploads\\\/2024\\\/12\\\/vm_sport_RGB_horisontal-e1734526017575.png\",\"width\":668,\"height\":85,\"caption\":\"Vmsport\"},\"image\":{\"@id\":\"https:\\\/\\\/vmsport.fi\\\/#\\\/schema\\\/logo\\\/image\\\/\"},\"sameAs\":[\"https:\\\/\\\/www.facebook.com\\\/Vmsport.fi\\\/\",\"https:\\\/\\\/www.instagram.com\\\/vmsport\\\/\"]}]}<\/script>\n<!-- \/ Yoast SEO plugin. -->","yoast_head_json":{"title":"CRANKBROTHERS Droppstolpe Highline 7 L\u00e4ngd 417 mm \u00d831,6 mm Resv\u00e4g 125 mm - VM Sport","robots":{"index":"index","follow":"follow","max-snippet":"max-snippet:-1","max-image-preview":"max-image-preview:large","max-video-preview":"max-video-preview:-1"},"canonical":"https:\/\/vmsport.fi\/sv\/webbutik\/reservdelar\/sadlar-och-sadelstolpar\/sadelstolpar-och-lyftmaster\/crankbrothers-droppstolpe-highline-7-langd-417-mm-o316-mm-slaglangd-125-mm\/","og_locale":"sv_SE","og_type":"article","og_title":"CRANKBROTHERS Dropper post Highline 7 Length 417 mm \u00d831,6 mm Travel 125 mm - VM Sport","og_description":"Kevyt, 125 mm liikkeell\u00e4 varustettu hissitolppa, joka sopii 31,6 mm satulaputkiin. [...]L\u00e4s mer \u2026 from CRANKBROTHERS Dropper post Highline 7 Length 417 mm \u00d831,6 mm Travel 125 mm","og_url":"https:\/\/vmsport.fi\/sv\/webbutik\/reservdelar\/sadlar-och-sadelstolpar\/sadelstolpar-och-lyftmaster\/crankbrothers-droppstolpe-highline-7-langd-417-mm-o316-mm-slaglangd-125-mm\/","og_site_name":"VM Sport","article_publisher":"https:\/\/www.facebook.com\/Vmsport.fi\/","article_modified_time":"2026-04-22T12:06:05+00:00","og_image":[{"width":263,"height":511,"url":"https:\/\/vmsport.fi\/wp-content\/uploads\/2025\/03\/mxuDKYFGrhiJYyeV9WTCx0hON4LvqQWS8J1jhtIwXQUbApCnmM-1.jpg","type":"image\/jpeg"}],"twitter_card":"summary_large_image","schema":{"@context":"https:\/\/schema.org","@graph":[{"@type":["WebPage","ItemPage"],"@id":"https:\/\/vmsport.fi\/verkkokauppa\/varaosat\/satulat-ja-satulatolpat\/satulatolpat-ja-hissitolpat\/crankbrothers-dropper-post-highline-7-length-417-mm-o316-mm-travel-125-mm\/","url":"https:\/\/vmsport.fi\/verkkokauppa\/varaosat\/satulat-ja-satulatolpat\/satulatolpat-ja-hissitolpat\/crankbrothers-dropper-post-highline-7-length-417-mm-o316-mm-travel-125-mm\/","name":"CRANKBROTHERS Droppstolpe Highline 7 L\u00e4ngd 417 mm \u00d831,6 mm Resv\u00e4g 125 mm - VM Sport","isPartOf":{"@id":"https:\/\/vmsport.fi\/#website"},"primaryImageOfPage":{"@id":"https:\/\/vmsport.fi\/verkkokauppa\/varaosat\/satulat-ja-satulatolpat\/satulatolpat-ja-hissitolpat\/crankbrothers-dropper-post-highline-7-length-417-mm-o316-mm-travel-125-mm\/#primaryimage"},"image":{"@id":"https:\/\/vmsport.fi\/verkkokauppa\/varaosat\/satulat-ja-satulatolpat\/satulatolpat-ja-hissitolpat\/crankbrothers-dropper-post-highline-7-length-417-mm-o316-mm-travel-125-mm\/#primaryimage"},"thumbnailUrl":"https:\/\/vmsport.fi\/wp-content\/uploads\/2025\/03\/mxuDKYFGrhiJYyeV9WTCx0hON4LvqQWS8J1jhtIwXQUbApCnmM-1.jpg","datePublished":"2025-03-05T22:23:47+00:00","dateModified":"2026-04-22T12:06:05+00:00","breadcrumb":{"@id":"https:\/\/vmsport.fi\/verkkokauppa\/varaosat\/satulat-ja-satulatolpat\/satulatolpat-ja-hissitolpat\/crankbrothers-dropper-post-highline-7-length-417-mm-o316-mm-travel-125-mm\/#breadcrumb"},"inLanguage":"sv-SE","potentialAction":[{"@type":"ReadAction","target":["https:\/\/vmsport.fi\/verkkokauppa\/varaosat\/satulat-ja-satulatolpat\/satulatolpat-ja-hissitolpat\/crankbrothers-dropper-post-highline-7-length-417-mm-o316-mm-travel-125-mm\/"]}]},{"@type":"ImageObject","inLanguage":"sv-SE","@id":"https:\/\/vmsport.fi\/verkkokauppa\/varaosat\/satulat-ja-satulatolpat\/satulatolpat-ja-hissitolpat\/crankbrothers-dropper-post-highline-7-length-417-mm-o316-mm-travel-125-mm\/#primaryimage","url":"https:\/\/vmsport.fi\/wp-content\/uploads\/2025\/03\/mxuDKYFGrhiJYyeV9WTCx0hON4LvqQWS8J1jhtIwXQUbApCnmM-1.jpg","contentUrl":"https:\/\/vmsport.fi\/wp-content\/uploads\/2025\/03\/mxuDKYFGrhiJYyeV9WTCx0hON4LvqQWS8J1jhtIwXQUbApCnmM-1.jpg","width":263,"height":511,"caption":"mxuDKYFGrhiJYyeV9WTCx0hON4LvqQWS8J1jhtIwXQUbApCnmM"},{"@type":"BreadcrumbList","@id":"https:\/\/vmsport.fi\/verkkokauppa\/varaosat\/satulat-ja-satulatolpat\/satulatolpat-ja-hissitolpat\/crankbrothers-dropper-post-highline-7-length-417-mm-o316-mm-travel-125-mm\/#breadcrumb","itemListElement":[{"@type":"ListItem","position":1,"name":"Etusivu","item":"https:\/\/vmsport.fi\/"},{"@type":"ListItem","position":2,"name":"Online Store","item":"https:\/\/vmsport.fi\/en\/online-store\/"},{"@type":"ListItem","position":3,"name":"Crankbrothers","item":"https:\/\/vmsport.fi\/merkki\/crankbrothers\/"},{"@type":"ListItem","position":4,"name":"CRANKBROTHERS Dropper post Highline 7 Length 417 mm \u00d831,6 mm Travel 125 mm"}]},{"@type":"WebSite","@id":"https:\/\/vmsport.fi\/#website","url":"https:\/\/vmsport.fi\/","name":"Vmsport","description":"Allt p\u00e5 ett st\u00e4lle f\u00f6r cykling","publisher":{"@id":"https:\/\/vmsport.fi\/#organization"},"potentialAction":[{"@type":"SearchAction","target":{"@type":"EntryPoint","urlTemplate":"https:\/\/vmsport.fi\/?s={search_term_string}"},"query-input":{"@type":"PropertyValueSpecification","valueRequired":true,"valueName":"search_term_string"}}],"inLanguage":"sv-SE"},{"@type":"Organization","@id":"https:\/\/vmsport.fi\/#organization","name":"Vmsport","url":"https:\/\/vmsport.fi\/","logo":{"@type":"ImageObject","inLanguage":"sv-SE","@id":"https:\/\/vmsport.fi\/#\/schema\/logo\/image\/","url":"https:\/\/vmsport.fi\/wp-content\/uploads\/2024\/12\/vm_sport_RGB_horisontal-e1734526017575.png","contentUrl":"https:\/\/vmsport.fi\/wp-content\/uploads\/2024\/12\/vm_sport_RGB_horisontal-e1734526017575.png","width":668,"height":85,"caption":"Vmsport"},"image":{"@id":"https:\/\/vmsport.fi\/#\/schema\/logo\/image\/"},"sameAs":["https:\/\/www.facebook.com\/Vmsport.fi\/","https:\/\/www.instagram.com\/vmsport\/"]}]}},"global_unique_id":"","_links":{"self":[{"href":"https:\/\/vmsport.fi\/sv\/wp-json\/wp\/v2\/product\/56749","targetHints":{"allow":["GET"]}}],"collection":[{"href":"https:\/\/vmsport.fi\/sv\/wp-json\/wp\/v2\/product"}],"about":[{"href":"https:\/\/vmsport.fi\/sv\/wp-json\/wp\/v2\/types\/product"}],"replies":[{"embeddable":true,"href":"https:\/\/vmsport.fi\/sv\/wp-json\/wp\/v2\/comments?post=56749"}],"wp:featuredmedia":[{"embeddable":true,"href":"https:\/\/vmsport.fi\/sv\/wp-json\/wp\/v2\/media\/56748"}],"wp:attachment":[{"href":"https:\/\/vmsport.fi\/sv\/wp-json\/wp\/v2\/media?parent=56749"}],"wp:term":[{"taxonomy":"product_brand","embeddable":true,"href":"https:\/\/vmsport.fi\/sv\/wp-json\/wp\/v2\/product_brand?post=56749"},{"taxonomy":"product_model","embeddable":true,"href":"https:\/\/vmsport.fi\/sv\/wp-json\/wp\/v2\/product_model?post=56749"},{"taxonomy":"product_cat","embeddable":true,"href":"https:\/\/vmsport.fi\/sv\/wp-json\/wp\/v2\/product_cat?post=56749"},{"taxonomy":"product_tag","embeddable":true,"href":"https:\/\/vmsport.fi\/sv\/wp-json\/wp\/v2\/product_tag?post=56749"},{"taxonomy":"industry_terminology","embeddable":true,"href":"https:\/\/vmsport.fi\/sv\/wp-json\/wp\/v2\/industry-terminology?post=56749"}],"curies":[{"name":"wp","href":"https:\/\/api.w.org\/{rel}","templated":true}]}}