{"id":56742,"date":"2025-03-06T00:23:39","date_gmt":"2025-03-05T22:23:39","guid":{"rendered":"https:\/\/vmsport.fi\/verkkokauppa\/Ei-luokiteltu\/trek-slash-9-7-slx-xt-olive-drab\/"},"modified":"2026-04-22T15:30:00","modified_gmt":"2026-04-22T12:30:00","slug":"trek-slash-9-7-slx-xt-olive-drab","status":"publish","type":"product","link":"https:\/\/vmsport.fi\/sv\/verkkokauppa\/polkupyorat\/sahkopyorat\/sahkomaastopyorat\/taysjousitetut-sahkomaastopyorat\/trek-slash-9-7-slx-xt-olive-drab\/","title":{"rendered":"Trek Slash+ 9.7 SLX\/XT - OLIVE DRAB"},"content":{"rendered":"<p>Trek Slash+ 9.7 SLX\/XT on suunniteltu enduroajoon, jossa vaaditaan sek\u00e4 kest\u00e4vyytt\u00e4 ett\u00e4 huippuluokan tehon tukea. Sen OCLV Mountain hiilikuiturunko ja high-pivot-jousitus tarjoavat hallinnan vaikeissakin alam\u00e4iss\u00e4. 170 mm joustomatka sek\u00e4 Fox Rhythm 38 -etuhaarukka ett\u00e4 Fox Performance Float X -iskunvaimennin takaavat runsaasti joustoa. TQ HPR50 -moottori on pieni, kevyt ja hiljainen, mik\u00e4 parantaa luonnollista ajotuntumaa ja antaa tarvittavan tehon pitkiin yl\u00e4m\u00e4kiin. Akku on sis\u00e4\u00e4nrakennettu, irrotettavissa ja tarjoaa 580 Wh kapasiteetin. Shimano XT M8100 ja SLX M7100 -komponentit takaavat tasaisen ja luotettavan voimansiirron. Tubeless Ready -kiekot varmistavat luotettavan pidon ja helpon renkaanvaihdon. Lis\u00e4ksi laitteessa on k\u00e4tev\u00e4 Trek Central -sovellusyhteensopivuus.<\/p>","protected":false},"excerpt":{"rendered":"<p>High-pivot-jousitus, hiljainen TQ HPR50 -moottori, 580 Wh irrotettava akku ja Shimano SLX\/XT vaihteisto tekev\u00e4t t\u00e4st\u00e4 hiilikuituisesta enduros\u00e4hk\u00f6py\u00f6r\u00e4st\u00e4 tehokkaan ja hallittavan ajon tarjoavan vaihtoehdon. [&#8230;]<\/p>\n<p><a class=\"btn btn-secondary understrap-read-more-link\" href=\"https:\/\/vmsport.fi\/sv\/verkkokauppa\/polkupyorat\/sahkopyorat\/sahkomaastopyorat\/taysjousitetut-sahkomaastopyorat\/trek-slash-9-7-slx-xt-olive-drab\/\">L\u00e4s mer \u2026<span class=\"screen-reader-text\"> from Trek Slash+ 9.7 SLX\/XT &#8211; OLIVE DRAB<\/span><\/a><\/p>\n","protected":false},"featured_media":56736,"comment_status":"open","ping_status":"closed","template":"","meta":{"_acf_changed":false,"_improvement_type_select":"improve_an_existing","_thumb_yes_seoaic":false,"_frame_yes_seoaic":false,"seoaic_generate_description":"","seoaic_improve_instructions_prompt":"","seoaic_rollback_content_improvement":"","seoaic_idea_thumbnail_generator":"","thumbnail_generated":false,"thumbnail_generate_prompt":"","seoaic_article_description":"","_supplier_stock_quantity":0},"product_brand":[37],"product_model":[],"product_cat":[9406],"product_tag":[],"industry-terminology":[],"class_list":{"0":"post-56742","1":"product","2":"type-product","3":"status-publish","4":"has-post-thumbnail","6":"product_brand-trek","7":"product_cat-taysjousitetut-sahkomaastopyorat","9":"first","10":"onbackorder","11":"taxable","12":"shipping-taxable","13":"purchasable","14":"product-type-variable"},"acf":{"bike_features":[{"image":"https:\/\/media.trekbikes.com\/image\/upload\/w_768,c_pad,f_auto,fl_progressive:semi,q_auto\/TK23_Slash_Tech_Features_1","header":"High pivot -jousitus","description":"Saavuta ennenn\u00e4kem\u00e4t\u00f6n pito ja liikemomentinhallinta high pivot -jousituksella, soveltuu loistavasti rankkoihin laskuihin."},{"image":"https:\/\/media.trekbikes.com\/image\/upload\/w_768,c_pad,f_auto,fl_progressive:semi,q_auto\/TK22_FuelEXe_Tech_Features_1","header":"Hiljainen ja huomaamaton TQ HPR50 -moottori","description":"Innovatiivinen TQ HPR50 tarjoaa huomaamatonta avustusta ja tehokkuutta, s\u00e4ilytt\u00e4en luonnollisen ja h\u00e4iritsem\u00e4tt\u00f6m\u00e4n ajotuntuman."},{"image":"https:\/\/media.trekbikes.com\/image\/upload\/w_768,c_pad,f_auto,fl_progressive:semi,q_auto\/TK25_SlashPlus_TechFeature_adjustTheSuss","header":"Joustavuuden s\u00e4\u00e4t\u00f6 flip chip -j\u00e4rjestelm\u00e4ll\u00e4","description":"S\u00e4\u00e4d\u00e4 progressiovaihtoehtoja helposti sopimaan ajotyyliisi, jolloin pito ja hallinta maksimointi monipuolisilla ajoalustoilla."}],"overview":{"copy_overview":[{"overview":"Slash+ 9.7 SLX\/XT yhdist\u00e4\u00e4 huomaamattoman s\u00e4hk\u00f6avustuksen ja maastopy\u00f6r\u00e4taituruuden enduro-ajajan tarpeisiin. Kevyet p\u00e4ivitykset ja harkitut ominaisuudet tekev\u00e4t siit\u00e4 innostavan ja suorituskykyisen."},{"overview":"T\u00e4m\u00e4 malli harmonisoi endurotarkkuuden s\u00e4hk\u00f6moottorin monipuolisuuden kanssa. Olitpa kiipe\u00e4m\u00e4ss\u00e4 jyrkki\u00e4 rinteit\u00e4 tai virtaamassa alas kivikkoisia laskuja, Slash+ tarjoaa luotettavan ja reagoivan ajokokemuksen."}],"key_features":[{"feature":"High pivot -jousitus takaa tasaista ja hallittua menoa."},{"feature":"Hiljainen TQ HPR50 -moottori tehokkaaseen avustukseen."},{"feature":"Sekoitetut kiekkokoot tarjoavat optimaalisen k\u00e4sitelt\u00e4vyyden."},{"feature":"Mukautuva jousitus flip chip -s\u00e4\u00e4t\u00f6asetuksilla."},{"feature":"Irrotettava 580 Wh akku helppoon k\u00e4ytt\u00f6\u00f6n ja lataukseen."},{"feature":"Yhteensopiva Trek Central -sovellukseen mukautettujen analytiikkojen saamiseksi."},{"feature":"Luotettava Shimano SLX\/XT voimansiirto tarkoitettu \u00e4\u00e4riolosuhteisiin."}],"statement":"Tehokas s\u00e4hk\u00f6avustus kohtaa endurotarkkuuden py\u00f6r\u00e4ss\u00e4 Slash+ 9.7 SLX\/XT.","youtube_url":"https:\/\/www.youtube.com\/watch?v=oGJI4PVqAHE"}},"yoast_head":"<!-- This site is optimized with the Yoast SEO plugin v27.4 - https:\/\/yoast.com\/product\/yoast-seo-wordpress\/ -->\n<title>Trek Slash+ 9.7 SLX\/XT - OLIVE DRAB - VM Sport<\/title>\n<meta name=\"robots\" content=\"index, follow, max-snippet:-1, max-image-preview:large, max-video-preview:-1\" \/>\n<link rel=\"canonical\" href=\"https:\/\/vmsport.fi\/sv\/webbutik\/cyklar\/sahkopyorat\/sagverksskorsten\/sagverksborrmaskiner-med-vagfjadrar\/trek-slash-9-7-slx-xt-olive-drab\/\" \/>\n<meta property=\"og:locale\" content=\"sv_SE\" \/>\n<meta property=\"og:type\" content=\"article\" \/>\n<meta property=\"og:title\" content=\"Trek Slash+ 9.7 SLX\/XT - OLIVE DRAB - VM Sport\" \/>\n<meta property=\"og:description\" content=\"High-pivot-jousitus, hiljainen TQ HPR50 -moottori, 580 Wh irrotettava akku ja Shimano SLX\/XT vaihteisto tekev\u00e4t t\u00e4st\u00e4 hiilikuituisesta enduros\u00e4hk\u00f6py\u00f6r\u00e4st\u00e4 tehokkaan ja hallittavan ajon tarjoavan vaihtoehdon. [...]L\u00e4s mer \u2026 from Trek Slash+ 9.7 SLX\/XT &#8211; OLIVE DRAB\" \/>\n<meta property=\"og:url\" content=\"https:\/\/vmsport.fi\/sv\/webbutik\/cyklar\/sahkopyorat\/sagverksskorsten\/sagverksborrmaskiner-med-vagfjadrar\/trek-slash-9-7-slx-xt-olive-drab\/\" \/>\n<meta property=\"og:site_name\" content=\"VM Sport\" \/>\n<meta property=\"article:publisher\" content=\"https:\/\/www.facebook.com\/Vmsport.fi\/\" \/>\n<meta property=\"article:modified_time\" content=\"2026-04-22T12:30:00+00:00\" \/>\n<meta property=\"og:image\" content=\"https:\/\/vmsport.fi\/wp-content\/uploads\/2025\/03\/JzAsvM9faogJgOt5sfISUNlcMhgD9oVCX2KR1AZDxNkHr3skgg-1.jpg\" \/>\n\t<meta property=\"og:image:width\" content=\"1000\" \/>\n\t<meta property=\"og:image:height\" content=\"750\" \/>\n\t<meta property=\"og:image:type\" content=\"image\/jpeg\" \/>\n<meta name=\"twitter:card\" content=\"summary_large_image\" \/>\n<meta name=\"twitter:label1\" content=\"Ber\u00e4knad l\u00e4stid\" \/>\n\t<meta name=\"twitter:data1\" content=\"1 minut\" \/>\n<script type=\"application\/ld+json\" class=\"yoast-schema-graph\">{\"@context\":\"https:\\\/\\\/schema.org\",\"@graph\":[{\"@type\":[\"WebPage\",\"ItemPage\"],\"@id\":\"https:\\\/\\\/vmsport.fi\\\/verkkokauppa\\\/polkupyorat\\\/sahkopyorat\\\/sahkomaastopyorat\\\/taysjousitetut-sahkomaastopyorat\\\/trek-slash-9-7-slx-xt-olive-drab\\\/\",\"url\":\"https:\\\/\\\/vmsport.fi\\\/verkkokauppa\\\/polkupyorat\\\/sahkopyorat\\\/sahkomaastopyorat\\\/taysjousitetut-sahkomaastopyorat\\\/trek-slash-9-7-slx-xt-olive-drab\\\/\",\"name\":\"Trek Slash+ 9.7 SLX\\\/XT - OLIVE DRAB - VM Sport\",\"isPartOf\":{\"@id\":\"https:\\\/\\\/vmsport.fi\\\/#website\"},\"primaryImageOfPage\":{\"@id\":\"https:\\\/\\\/vmsport.fi\\\/verkkokauppa\\\/polkupyorat\\\/sahkopyorat\\\/sahkomaastopyorat\\\/taysjousitetut-sahkomaastopyorat\\\/trek-slash-9-7-slx-xt-olive-drab\\\/#primaryimage\"},\"image\":{\"@id\":\"https:\\\/\\\/vmsport.fi\\\/verkkokauppa\\\/polkupyorat\\\/sahkopyorat\\\/sahkomaastopyorat\\\/taysjousitetut-sahkomaastopyorat\\\/trek-slash-9-7-slx-xt-olive-drab\\\/#primaryimage\"},\"thumbnailUrl\":\"https:\\\/\\\/vmsport.fi\\\/wp-content\\\/uploads\\\/2025\\\/03\\\/JzAsvM9faogJgOt5sfISUNlcMhgD9oVCX2KR1AZDxNkHr3skgg-1.jpg\",\"datePublished\":\"2025-03-05T22:23:39+00:00\",\"dateModified\":\"2026-04-22T12:30:00+00:00\",\"breadcrumb\":{\"@id\":\"https:\\\/\\\/vmsport.fi\\\/verkkokauppa\\\/polkupyorat\\\/sahkopyorat\\\/sahkomaastopyorat\\\/taysjousitetut-sahkomaastopyorat\\\/trek-slash-9-7-slx-xt-olive-drab\\\/#breadcrumb\"},\"inLanguage\":\"sv-SE\",\"potentialAction\":[{\"@type\":\"ReadAction\",\"target\":[\"https:\\\/\\\/vmsport.fi\\\/verkkokauppa\\\/polkupyorat\\\/sahkopyorat\\\/sahkomaastopyorat\\\/taysjousitetut-sahkomaastopyorat\\\/trek-slash-9-7-slx-xt-olive-drab\\\/\"]}]},{\"@type\":\"ImageObject\",\"inLanguage\":\"sv-SE\",\"@id\":\"https:\\\/\\\/vmsport.fi\\\/verkkokauppa\\\/polkupyorat\\\/sahkopyorat\\\/sahkomaastopyorat\\\/taysjousitetut-sahkomaastopyorat\\\/trek-slash-9-7-slx-xt-olive-drab\\\/#primaryimage\",\"url\":\"https:\\\/\\\/vmsport.fi\\\/wp-content\\\/uploads\\\/2025\\\/03\\\/JzAsvM9faogJgOt5sfISUNlcMhgD9oVCX2KR1AZDxNkHr3skgg-1.jpg\",\"contentUrl\":\"https:\\\/\\\/vmsport.fi\\\/wp-content\\\/uploads\\\/2025\\\/03\\\/JzAsvM9faogJgOt5sfISUNlcMhgD9oVCX2KR1AZDxNkHr3skgg-1.jpg\",\"width\":1000,\"height\":750,\"caption\":\"JzAsvM9faogJgOt5sfISUNlcMhgD9oVCX2KR1AZDxNkHr3skgg\"},{\"@type\":\"BreadcrumbList\",\"@id\":\"https:\\\/\\\/vmsport.fi\\\/verkkokauppa\\\/polkupyorat\\\/sahkopyorat\\\/sahkomaastopyorat\\\/taysjousitetut-sahkomaastopyorat\\\/trek-slash-9-7-slx-xt-olive-drab\\\/#breadcrumb\",\"itemListElement\":[{\"@type\":\"ListItem\",\"position\":1,\"name\":\"Etusivu\",\"item\":\"https:\\\/\\\/vmsport.fi\\\/\"},{\"@type\":\"ListItem\",\"position\":2,\"name\":\"Online Store\",\"item\":\"https:\\\/\\\/vmsport.fi\\\/en\\\/online-store\\\/\"},{\"@type\":\"ListItem\",\"position\":3,\"name\":\"Trek polkupy\u00f6r\u00e4t\",\"item\":\"https:\\\/\\\/vmsport.fi\\\/sv\\\/merkki\\\/trek\\\/\"},{\"@type\":\"ListItem\",\"position\":4,\"name\":\"Trek Slash+ 9.7 SLX\\\/XT &#8211; OLIVE DRAB\"}]},{\"@type\":\"WebSite\",\"@id\":\"https:\\\/\\\/vmsport.fi\\\/#website\",\"url\":\"https:\\\/\\\/vmsport.fi\\\/\",\"name\":\"Vmsport\",\"description\":\"Kaikki py\u00f6r\u00e4ilyyn yhdest\u00e4 paikasta\",\"publisher\":{\"@id\":\"https:\\\/\\\/vmsport.fi\\\/#organization\"},\"potentialAction\":[{\"@type\":\"SearchAction\",\"target\":{\"@type\":\"EntryPoint\",\"urlTemplate\":\"https:\\\/\\\/vmsport.fi\\\/?s={search_term_string}\"},\"query-input\":{\"@type\":\"PropertyValueSpecification\",\"valueRequired\":true,\"valueName\":\"search_term_string\"}}],\"inLanguage\":\"sv-SE\"},{\"@type\":\"Organization\",\"@id\":\"https:\\\/\\\/vmsport.fi\\\/#organization\",\"name\":\"Vmsport\",\"url\":\"https:\\\/\\\/vmsport.fi\\\/\",\"logo\":{\"@type\":\"ImageObject\",\"inLanguage\":\"sv-SE\",\"@id\":\"https:\\\/\\\/vmsport.fi\\\/#\\\/schema\\\/logo\\\/image\\\/\",\"url\":\"https:\\\/\\\/vmsport.fi\\\/wp-content\\\/uploads\\\/2024\\\/12\\\/vm_sport_RGB_horisontal-e1734526017575.png\",\"contentUrl\":\"https:\\\/\\\/vmsport.fi\\\/wp-content\\\/uploads\\\/2024\\\/12\\\/vm_sport_RGB_horisontal-e1734526017575.png\",\"width\":668,\"height\":85,\"caption\":\"Vmsport\"},\"image\":{\"@id\":\"https:\\\/\\\/vmsport.fi\\\/#\\\/schema\\\/logo\\\/image\\\/\"},\"sameAs\":[\"https:\\\/\\\/www.facebook.com\\\/Vmsport.fi\\\/\",\"https:\\\/\\\/www.instagram.com\\\/vmsport\\\/\"]}]}<\/script>\n<!-- \/ Yoast SEO plugin. -->","yoast_head_json":{"title":"Trek Slash+ 9.7 SLX\/XT - OLIVE DRAB - VM Sport","robots":{"index":"index","follow":"follow","max-snippet":"max-snippet:-1","max-image-preview":"max-image-preview:large","max-video-preview":"max-video-preview:-1"},"canonical":"https:\/\/vmsport.fi\/sv\/webbutik\/cyklar\/sahkopyorat\/sagverksskorsten\/sagverksborrmaskiner-med-vagfjadrar\/trek-slash-9-7-slx-xt-olive-drab\/","og_locale":"sv_SE","og_type":"article","og_title":"Trek Slash+ 9.7 SLX\/XT - OLIVE DRAB - VM Sport","og_description":"High-pivot-jousitus, hiljainen TQ HPR50 -moottori, 580 Wh irrotettava akku ja Shimano SLX\/XT vaihteisto tekev\u00e4t t\u00e4st\u00e4 hiilikuituisesta enduros\u00e4hk\u00f6py\u00f6r\u00e4st\u00e4 tehokkaan ja hallittavan ajon tarjoavan vaihtoehdon. [...]L\u00e4s mer \u2026 from Trek Slash+ 9.7 SLX\/XT &#8211; OLIVE DRAB","og_url":"https:\/\/vmsport.fi\/sv\/webbutik\/cyklar\/sahkopyorat\/sagverksskorsten\/sagverksborrmaskiner-med-vagfjadrar\/trek-slash-9-7-slx-xt-olive-drab\/","og_site_name":"VM Sport","article_publisher":"https:\/\/www.facebook.com\/Vmsport.fi\/","article_modified_time":"2026-04-22T12:30:00+00:00","og_image":[{"width":1000,"height":750,"url":"https:\/\/vmsport.fi\/wp-content\/uploads\/2025\/03\/JzAsvM9faogJgOt5sfISUNlcMhgD9oVCX2KR1AZDxNkHr3skgg-1.jpg","type":"image\/jpeg"}],"twitter_card":"summary_large_image","twitter_misc":{"Ber\u00e4knad l\u00e4stid":"1 minut"},"schema":{"@context":"https:\/\/schema.org","@graph":[{"@type":["WebPage","ItemPage"],"@id":"https:\/\/vmsport.fi\/verkkokauppa\/polkupyorat\/sahkopyorat\/sahkomaastopyorat\/taysjousitetut-sahkomaastopyorat\/trek-slash-9-7-slx-xt-olive-drab\/","url":"https:\/\/vmsport.fi\/verkkokauppa\/polkupyorat\/sahkopyorat\/sahkomaastopyorat\/taysjousitetut-sahkomaastopyorat\/trek-slash-9-7-slx-xt-olive-drab\/","name":"Trek Slash+ 9.7 SLX\/XT - OLIVE DRAB - VM Sport","isPartOf":{"@id":"https:\/\/vmsport.fi\/#website"},"primaryImageOfPage":{"@id":"https:\/\/vmsport.fi\/verkkokauppa\/polkupyorat\/sahkopyorat\/sahkomaastopyorat\/taysjousitetut-sahkomaastopyorat\/trek-slash-9-7-slx-xt-olive-drab\/#primaryimage"},"image":{"@id":"https:\/\/vmsport.fi\/verkkokauppa\/polkupyorat\/sahkopyorat\/sahkomaastopyorat\/taysjousitetut-sahkomaastopyorat\/trek-slash-9-7-slx-xt-olive-drab\/#primaryimage"},"thumbnailUrl":"https:\/\/vmsport.fi\/wp-content\/uploads\/2025\/03\/JzAsvM9faogJgOt5sfISUNlcMhgD9oVCX2KR1AZDxNkHr3skgg-1.jpg","datePublished":"2025-03-05T22:23:39+00:00","dateModified":"2026-04-22T12:30:00+00:00","breadcrumb":{"@id":"https:\/\/vmsport.fi\/verkkokauppa\/polkupyorat\/sahkopyorat\/sahkomaastopyorat\/taysjousitetut-sahkomaastopyorat\/trek-slash-9-7-slx-xt-olive-drab\/#breadcrumb"},"inLanguage":"sv-SE","potentialAction":[{"@type":"ReadAction","target":["https:\/\/vmsport.fi\/verkkokauppa\/polkupyorat\/sahkopyorat\/sahkomaastopyorat\/taysjousitetut-sahkomaastopyorat\/trek-slash-9-7-slx-xt-olive-drab\/"]}]},{"@type":"ImageObject","inLanguage":"sv-SE","@id":"https:\/\/vmsport.fi\/verkkokauppa\/polkupyorat\/sahkopyorat\/sahkomaastopyorat\/taysjousitetut-sahkomaastopyorat\/trek-slash-9-7-slx-xt-olive-drab\/#primaryimage","url":"https:\/\/vmsport.fi\/wp-content\/uploads\/2025\/03\/JzAsvM9faogJgOt5sfISUNlcMhgD9oVCX2KR1AZDxNkHr3skgg-1.jpg","contentUrl":"https:\/\/vmsport.fi\/wp-content\/uploads\/2025\/03\/JzAsvM9faogJgOt5sfISUNlcMhgD9oVCX2KR1AZDxNkHr3skgg-1.jpg","width":1000,"height":750,"caption":"JzAsvM9faogJgOt5sfISUNlcMhgD9oVCX2KR1AZDxNkHr3skgg"},{"@type":"BreadcrumbList","@id":"https:\/\/vmsport.fi\/verkkokauppa\/polkupyorat\/sahkopyorat\/sahkomaastopyorat\/taysjousitetut-sahkomaastopyorat\/trek-slash-9-7-slx-xt-olive-drab\/#breadcrumb","itemListElement":[{"@type":"ListItem","position":1,"name":"Etusivu","item":"https:\/\/vmsport.fi\/"},{"@type":"ListItem","position":2,"name":"Online Store","item":"https:\/\/vmsport.fi\/en\/online-store\/"},{"@type":"ListItem","position":3,"name":"Trek polkupy\u00f6r\u00e4t","item":"https:\/\/vmsport.fi\/sv\/merkki\/trek\/"},{"@type":"ListItem","position":4,"name":"Trek Slash+ 9.7 SLX\/XT &#8211; OLIVE DRAB"}]},{"@type":"WebSite","@id":"https:\/\/vmsport.fi\/#website","url":"https:\/\/vmsport.fi\/","name":"Vmsport","description":"Allt p\u00e5 ett st\u00e4lle f\u00f6r cykling","publisher":{"@id":"https:\/\/vmsport.fi\/#organization"},"potentialAction":[{"@type":"SearchAction","target":{"@type":"EntryPoint","urlTemplate":"https:\/\/vmsport.fi\/?s={search_term_string}"},"query-input":{"@type":"PropertyValueSpecification","valueRequired":true,"valueName":"search_term_string"}}],"inLanguage":"sv-SE"},{"@type":"Organization","@id":"https:\/\/vmsport.fi\/#organization","name":"Vmsport","url":"https:\/\/vmsport.fi\/","logo":{"@type":"ImageObject","inLanguage":"sv-SE","@id":"https:\/\/vmsport.fi\/#\/schema\/logo\/image\/","url":"https:\/\/vmsport.fi\/wp-content\/uploads\/2024\/12\/vm_sport_RGB_horisontal-e1734526017575.png","contentUrl":"https:\/\/vmsport.fi\/wp-content\/uploads\/2024\/12\/vm_sport_RGB_horisontal-e1734526017575.png","width":668,"height":85,"caption":"Vmsport"},"image":{"@id":"https:\/\/vmsport.fi\/#\/schema\/logo\/image\/"},"sameAs":["https:\/\/www.facebook.com\/Vmsport.fi\/","https:\/\/www.instagram.com\/vmsport\/"]}]}},"global_unique_id":"","_links":{"self":[{"href":"https:\/\/vmsport.fi\/sv\/wp-json\/wp\/v2\/product\/56742","targetHints":{"allow":["GET"]}}],"collection":[{"href":"https:\/\/vmsport.fi\/sv\/wp-json\/wp\/v2\/product"}],"about":[{"href":"https:\/\/vmsport.fi\/sv\/wp-json\/wp\/v2\/types\/product"}],"replies":[{"embeddable":true,"href":"https:\/\/vmsport.fi\/sv\/wp-json\/wp\/v2\/comments?post=56742"}],"wp:featuredmedia":[{"embeddable":true,"href":"https:\/\/vmsport.fi\/sv\/wp-json\/wp\/v2\/media\/56736"}],"wp:attachment":[{"href":"https:\/\/vmsport.fi\/sv\/wp-json\/wp\/v2\/media?parent=56742"}],"wp:term":[{"taxonomy":"product_brand","embeddable":true,"href":"https:\/\/vmsport.fi\/sv\/wp-json\/wp\/v2\/product_brand?post=56742"},{"taxonomy":"product_model","embeddable":true,"href":"https:\/\/vmsport.fi\/sv\/wp-json\/wp\/v2\/product_model?post=56742"},{"taxonomy":"product_cat","embeddable":true,"href":"https:\/\/vmsport.fi\/sv\/wp-json\/wp\/v2\/product_cat?post=56742"},{"taxonomy":"product_tag","embeddable":true,"href":"https:\/\/vmsport.fi\/sv\/wp-json\/wp\/v2\/product_tag?post=56742"},{"taxonomy":"industry_terminology","embeddable":true,"href":"https:\/\/vmsport.fi\/sv\/wp-json\/wp\/v2\/industry-terminology?post=56742"}],"curies":[{"name":"wp","href":"https:\/\/api.w.org\/{rel}","templated":true}]}}