{"id":56732,"date":"2025-03-06T00:23:27","date_gmt":"2025-03-05T22:23:27","guid":{"rendered":"https:\/\/vmsport.fi\/verkkokauppa\/Ei-luokiteltu\/xlc-st-m02-ohjainkannatin-matt-black\/"},"modified":"2026-04-22T15:05:54","modified_gmt":"2026-04-22T12:05:54","slug":"xlc-st-m02-styrfaste-matt-svart","status":"publish","type":"product","link":"https:\/\/vmsport.fi\/sv\/verkkokauppa\/varaosat\/ohjaamo\/ohjainkannattimet\/xlc-st-m02-ohjainkannatin-matt-black\/","title":{"rendered":"XLC ST-M02 styrf\u00e4ste Matt svart"},"content":{"rendered":"<p>XLC ST-M02 styrf\u00e4ste i mattsvart erbjuder tillf\u00f6rlitlighet och flexibilitet f\u00f6r cykling. Den justerbara designen s\u00e4kerst\u00e4ller en individuell k\u00f6rst\u00e4llning f\u00f6r varje cyklist. Den snygga finishen och den h\u00e5llbara konstruktionen g\u00f6r detta styrf\u00e4ste till ett attraktivt val f\u00f6r dem som v\u00e4rdes\u00e4tter b\u00e5de funktionalitet och estetisk design.<\/p>","protected":false},"excerpt":{"rendered":"<p>XLC ST-M02 -ohjainkannatin mattamustana tarjoaa luotettavuutta ja joustavuutta py\u00f6r\u00e4ilyyn. Sen s\u00e4\u00e4dett\u00e4v\u00e4 rakenne takaa jokaiselle py\u00f6r\u00e4ilij\u00e4lle yksil\u00f6llisen ajoasennon. Tyylikk\u00e4\u00e4sti viimeistelty ja kest\u00e4v\u00e4 rakenne tekev\u00e4t t\u00e4st\u00e4 ohjainkannattimesta houkuttelevan valinnan niille, jotka arvostavat sek\u00e4 toimivuutta ett\u00e4 esteettist\u00e4 muotoilua. [&#8230;]<\/p>\n<p><a class=\"btn btn-secondary understrap-read-more-link\" href=\"https:\/\/vmsport.fi\/sv\/verkkokauppa\/varaosat\/ohjaamo\/ohjainkannattimet\/xlc-st-m02-ohjainkannatin-matt-black\/\">L\u00e4s mer \u2026<span class=\"screen-reader-text\"> from XLC ST-M02 ohjainkannatin Matt black<\/span><\/a><\/p>\n","protected":false},"featured_media":56731,"comment_status":"open","ping_status":"closed","template":"","meta":{"_acf_changed":false,"_improvement_type_select":"improve_an_existing","_thumb_yes_seoaic":false,"_frame_yes_seoaic":false,"seoaic_generate_description":"","seoaic_improve_instructions_prompt":"","seoaic_rollback_content_improvement":"","seoaic_idea_thumbnail_generator":"","thumbnail_generated":false,"thumbnail_generate_prompt":"","seoaic_article_description":"","_supplier_stock_quantity":0},"product_brand":[],"product_model":[],"product_cat":[9432],"product_tag":[],"industry-terminology":[],"class_list":{"0":"post-56732","1":"product","2":"type-product","3":"status-publish","4":"has-post-thumbnail","6":"product_cat-ohjainkannattimet","8":"first","9":"outofstock","10":"taxable","11":"shipping-taxable","12":"product-type-simple"},"acf":{"bike_features":null,"overview":{"copy_overview":null,"key_features":null,"statement":"","youtube_url":""}},"yoast_head":"<!-- This site is optimized with the Yoast SEO plugin v27.4 - https:\/\/yoast.com\/product\/yoast-seo-wordpress\/ -->\n<title>XLC ST-M02 ohjainkannatin Matt black - VM Sport<\/title>\n<meta name=\"robots\" content=\"index, follow, max-snippet:-1, max-image-preview:large, max-video-preview:-1\" \/>\n<link rel=\"canonical\" href=\"https:\/\/vmsport.fi\/sv\/webbutik\/reservdelar\/taxi\/styrfasten\/xlc-st-m02-styrfaste-matt-svart\/\" \/>\n<meta property=\"og:locale\" content=\"sv_SE\" \/>\n<meta property=\"og:type\" content=\"article\" \/>\n<meta property=\"og:title\" content=\"XLC ST-M02 ohjainkannatin Matt black - VM Sport\" \/>\n<meta property=\"og:description\" content=\"XLC ST-M02 -ohjainkannatin mattamustana tarjoaa luotettavuutta ja joustavuutta py\u00f6r\u00e4ilyyn. Sen s\u00e4\u00e4dett\u00e4v\u00e4 rakenne takaa jokaiselle py\u00f6r\u00e4ilij\u00e4lle yksil\u00f6llisen ajoasennon. Tyylikk\u00e4\u00e4sti viimeistelty ja kest\u00e4v\u00e4 rakenne tekev\u00e4t t\u00e4st\u00e4 ohjainkannattimesta houkuttelevan valinnan niille, jotka arvostavat sek\u00e4 toimivuutta ett\u00e4 esteettist\u00e4 muotoilua. [...]L\u00e4s mer \u2026 from XLC ST-M02 ohjainkannatin Matt black\" \/>\n<meta property=\"og:url\" content=\"https:\/\/vmsport.fi\/sv\/webbutik\/reservdelar\/taxi\/styrfasten\/xlc-st-m02-styrfaste-matt-svart\/\" \/>\n<meta property=\"og:site_name\" content=\"VM Sport\" \/>\n<meta property=\"article:publisher\" content=\"https:\/\/www.facebook.com\/Vmsport.fi\/\" \/>\n<meta property=\"article:modified_time\" content=\"2026-04-22T12:05:54+00:00\" \/>\n<meta property=\"og:image\" content=\"https:\/\/vmsport.fi\/wp-content\/uploads\/2025\/03\/uvhiMP6RGRqwKdFB5ZUwt1sFsxKiBmDV63xRUiWKMNIOAmcSDA-1.jpg\" \/>\n\t<meta property=\"og:image:width\" content=\"800\" \/>\n\t<meta property=\"og:image:height\" content=\"800\" \/>\n\t<meta property=\"og:image:type\" content=\"image\/jpeg\" \/>\n<meta name=\"twitter:card\" content=\"summary_large_image\" \/>\n<script type=\"application\/ld+json\" class=\"yoast-schema-graph\">{\"@context\":\"https:\\\/\\\/schema.org\",\"@graph\":[{\"@type\":[\"WebPage\",\"ItemPage\"],\"@id\":\"https:\\\/\\\/vmsport.fi\\\/verkkokauppa\\\/varaosat\\\/ohjaamo\\\/ohjainkannattimet\\\/xlc-st-m02-ohjainkannatin-matt-black\\\/\",\"url\":\"https:\\\/\\\/vmsport.fi\\\/verkkokauppa\\\/varaosat\\\/ohjaamo\\\/ohjainkannattimet\\\/xlc-st-m02-ohjainkannatin-matt-black\\\/\",\"name\":\"XLC ST-M02 ohjainkannatin Matt black - VM Sport\",\"isPartOf\":{\"@id\":\"https:\\\/\\\/vmsport.fi\\\/#website\"},\"primaryImageOfPage\":{\"@id\":\"https:\\\/\\\/vmsport.fi\\\/verkkokauppa\\\/varaosat\\\/ohjaamo\\\/ohjainkannattimet\\\/xlc-st-m02-ohjainkannatin-matt-black\\\/#primaryimage\"},\"image\":{\"@id\":\"https:\\\/\\\/vmsport.fi\\\/verkkokauppa\\\/varaosat\\\/ohjaamo\\\/ohjainkannattimet\\\/xlc-st-m02-ohjainkannatin-matt-black\\\/#primaryimage\"},\"thumbnailUrl\":\"https:\\\/\\\/vmsport.fi\\\/wp-content\\\/uploads\\\/2025\\\/03\\\/uvhiMP6RGRqwKdFB5ZUwt1sFsxKiBmDV63xRUiWKMNIOAmcSDA-1.jpg\",\"datePublished\":\"2025-03-05T22:23:27+00:00\",\"dateModified\":\"2026-04-22T12:05:54+00:00\",\"breadcrumb\":{\"@id\":\"https:\\\/\\\/vmsport.fi\\\/verkkokauppa\\\/varaosat\\\/ohjaamo\\\/ohjainkannattimet\\\/xlc-st-m02-ohjainkannatin-matt-black\\\/#breadcrumb\"},\"inLanguage\":\"sv-SE\",\"potentialAction\":[{\"@type\":\"ReadAction\",\"target\":[\"https:\\\/\\\/vmsport.fi\\\/verkkokauppa\\\/varaosat\\\/ohjaamo\\\/ohjainkannattimet\\\/xlc-st-m02-ohjainkannatin-matt-black\\\/\"]}]},{\"@type\":\"ImageObject\",\"inLanguage\":\"sv-SE\",\"@id\":\"https:\\\/\\\/vmsport.fi\\\/verkkokauppa\\\/varaosat\\\/ohjaamo\\\/ohjainkannattimet\\\/xlc-st-m02-ohjainkannatin-matt-black\\\/#primaryimage\",\"url\":\"https:\\\/\\\/vmsport.fi\\\/wp-content\\\/uploads\\\/2025\\\/03\\\/uvhiMP6RGRqwKdFB5ZUwt1sFsxKiBmDV63xRUiWKMNIOAmcSDA-1.jpg\",\"contentUrl\":\"https:\\\/\\\/vmsport.fi\\\/wp-content\\\/uploads\\\/2025\\\/03\\\/uvhiMP6RGRqwKdFB5ZUwt1sFsxKiBmDV63xRUiWKMNIOAmcSDA-1.jpg\",\"width\":800,\"height\":800,\"caption\":\"uvhiMP6RGRqwKdFB5ZUwt1sFsxKiBmDV63xRUiWKMNIOAmcSDA\"},{\"@type\":\"BreadcrumbList\",\"@id\":\"https:\\\/\\\/vmsport.fi\\\/verkkokauppa\\\/varaosat\\\/ohjaamo\\\/ohjainkannattimet\\\/xlc-st-m02-ohjainkannatin-matt-black\\\/#breadcrumb\",\"itemListElement\":[{\"@type\":\"ListItem\",\"position\":1,\"name\":\"Etusivu\",\"item\":\"https:\\\/\\\/vmsport.fi\\\/\"},{\"@type\":\"ListItem\",\"position\":2,\"name\":\"Online Store\",\"item\":\"https:\\\/\\\/vmsport.fi\\\/en\\\/online-store\\\/\"},{\"@type\":\"ListItem\",\"position\":3,\"name\":\"XLC ST-M02 ohjainkannatin Matt black\"}]},{\"@type\":\"WebSite\",\"@id\":\"https:\\\/\\\/vmsport.fi\\\/#website\",\"url\":\"https:\\\/\\\/vmsport.fi\\\/\",\"name\":\"Vmsport\",\"description\":\"Kaikki py\u00f6r\u00e4ilyyn yhdest\u00e4 paikasta\",\"publisher\":{\"@id\":\"https:\\\/\\\/vmsport.fi\\\/#organization\"},\"potentialAction\":[{\"@type\":\"SearchAction\",\"target\":{\"@type\":\"EntryPoint\",\"urlTemplate\":\"https:\\\/\\\/vmsport.fi\\\/?s={search_term_string}\"},\"query-input\":{\"@type\":\"PropertyValueSpecification\",\"valueRequired\":true,\"valueName\":\"search_term_string\"}}],\"inLanguage\":\"sv-SE\"},{\"@type\":\"Organization\",\"@id\":\"https:\\\/\\\/vmsport.fi\\\/#organization\",\"name\":\"Vmsport\",\"url\":\"https:\\\/\\\/vmsport.fi\\\/\",\"logo\":{\"@type\":\"ImageObject\",\"inLanguage\":\"sv-SE\",\"@id\":\"https:\\\/\\\/vmsport.fi\\\/#\\\/schema\\\/logo\\\/image\\\/\",\"url\":\"https:\\\/\\\/vmsport.fi\\\/wp-content\\\/uploads\\\/2024\\\/12\\\/vm_sport_RGB_horisontal-e1734526017575.png\",\"contentUrl\":\"https:\\\/\\\/vmsport.fi\\\/wp-content\\\/uploads\\\/2024\\\/12\\\/vm_sport_RGB_horisontal-e1734526017575.png\",\"width\":668,\"height\":85,\"caption\":\"Vmsport\"},\"image\":{\"@id\":\"https:\\\/\\\/vmsport.fi\\\/#\\\/schema\\\/logo\\\/image\\\/\"},\"sameAs\":[\"https:\\\/\\\/www.facebook.com\\\/Vmsport.fi\\\/\",\"https:\\\/\\\/www.instagram.com\\\/vmsport\\\/\"]}]}<\/script>\n<!-- \/ Yoast SEO plugin. -->","yoast_head_json":{"title":"XLC ST-M02 styrf\u00e4ste Matt svart - VM Sport","robots":{"index":"index","follow":"follow","max-snippet":"max-snippet:-1","max-image-preview":"max-image-preview:large","max-video-preview":"max-video-preview:-1"},"canonical":"https:\/\/vmsport.fi\/sv\/webbutik\/reservdelar\/taxi\/styrfasten\/xlc-st-m02-styrfaste-matt-svart\/","og_locale":"sv_SE","og_type":"article","og_title":"XLC ST-M02 ohjainkannatin Matt black - VM Sport","og_description":"XLC ST-M02 -ohjainkannatin mattamustana tarjoaa luotettavuutta ja joustavuutta py\u00f6r\u00e4ilyyn. Sen s\u00e4\u00e4dett\u00e4v\u00e4 rakenne takaa jokaiselle py\u00f6r\u00e4ilij\u00e4lle yksil\u00f6llisen ajoasennon. Tyylikk\u00e4\u00e4sti viimeistelty ja kest\u00e4v\u00e4 rakenne tekev\u00e4t t\u00e4st\u00e4 ohjainkannattimesta houkuttelevan valinnan niille, jotka arvostavat sek\u00e4 toimivuutta ett\u00e4 esteettist\u00e4 muotoilua. [...]L\u00e4s mer \u2026 from XLC ST-M02 ohjainkannatin Matt black","og_url":"https:\/\/vmsport.fi\/sv\/webbutik\/reservdelar\/taxi\/styrfasten\/xlc-st-m02-styrfaste-matt-svart\/","og_site_name":"VM Sport","article_publisher":"https:\/\/www.facebook.com\/Vmsport.fi\/","article_modified_time":"2026-04-22T12:05:54+00:00","og_image":[{"width":800,"height":800,"url":"https:\/\/vmsport.fi\/wp-content\/uploads\/2025\/03\/uvhiMP6RGRqwKdFB5ZUwt1sFsxKiBmDV63xRUiWKMNIOAmcSDA-1.jpg","type":"image\/jpeg"}],"twitter_card":"summary_large_image","schema":{"@context":"https:\/\/schema.org","@graph":[{"@type":["WebPage","ItemPage"],"@id":"https:\/\/vmsport.fi\/verkkokauppa\/varaosat\/ohjaamo\/ohjainkannattimet\/xlc-st-m02-ohjainkannatin-matt-black\/","url":"https:\/\/vmsport.fi\/verkkokauppa\/varaosat\/ohjaamo\/ohjainkannattimet\/xlc-st-m02-ohjainkannatin-matt-black\/","name":"XLC ST-M02 styrf\u00e4ste Matt svart - VM Sport","isPartOf":{"@id":"https:\/\/vmsport.fi\/#website"},"primaryImageOfPage":{"@id":"https:\/\/vmsport.fi\/verkkokauppa\/varaosat\/ohjaamo\/ohjainkannattimet\/xlc-st-m02-ohjainkannatin-matt-black\/#primaryimage"},"image":{"@id":"https:\/\/vmsport.fi\/verkkokauppa\/varaosat\/ohjaamo\/ohjainkannattimet\/xlc-st-m02-ohjainkannatin-matt-black\/#primaryimage"},"thumbnailUrl":"https:\/\/vmsport.fi\/wp-content\/uploads\/2025\/03\/uvhiMP6RGRqwKdFB5ZUwt1sFsxKiBmDV63xRUiWKMNIOAmcSDA-1.jpg","datePublished":"2025-03-05T22:23:27+00:00","dateModified":"2026-04-22T12:05:54+00:00","breadcrumb":{"@id":"https:\/\/vmsport.fi\/verkkokauppa\/varaosat\/ohjaamo\/ohjainkannattimet\/xlc-st-m02-ohjainkannatin-matt-black\/#breadcrumb"},"inLanguage":"sv-SE","potentialAction":[{"@type":"ReadAction","target":["https:\/\/vmsport.fi\/verkkokauppa\/varaosat\/ohjaamo\/ohjainkannattimet\/xlc-st-m02-ohjainkannatin-matt-black\/"]}]},{"@type":"ImageObject","inLanguage":"sv-SE","@id":"https:\/\/vmsport.fi\/verkkokauppa\/varaosat\/ohjaamo\/ohjainkannattimet\/xlc-st-m02-ohjainkannatin-matt-black\/#primaryimage","url":"https:\/\/vmsport.fi\/wp-content\/uploads\/2025\/03\/uvhiMP6RGRqwKdFB5ZUwt1sFsxKiBmDV63xRUiWKMNIOAmcSDA-1.jpg","contentUrl":"https:\/\/vmsport.fi\/wp-content\/uploads\/2025\/03\/uvhiMP6RGRqwKdFB5ZUwt1sFsxKiBmDV63xRUiWKMNIOAmcSDA-1.jpg","width":800,"height":800,"caption":"uvhiMP6RGRqwKdFB5ZUwt1sFsxKiBmDV63xRUiWKMNIOAmcSDA"},{"@type":"BreadcrumbList","@id":"https:\/\/vmsport.fi\/verkkokauppa\/varaosat\/ohjaamo\/ohjainkannattimet\/xlc-st-m02-ohjainkannatin-matt-black\/#breadcrumb","itemListElement":[{"@type":"ListItem","position":1,"name":"Etusivu","item":"https:\/\/vmsport.fi\/"},{"@type":"ListItem","position":2,"name":"Online Store","item":"https:\/\/vmsport.fi\/en\/online-store\/"},{"@type":"ListItem","position":3,"name":"XLC ST-M02 ohjainkannatin Matt black"}]},{"@type":"WebSite","@id":"https:\/\/vmsport.fi\/#website","url":"https:\/\/vmsport.fi\/","name":"Vmsport","description":"Allt p\u00e5 ett st\u00e4lle f\u00f6r cykling","publisher":{"@id":"https:\/\/vmsport.fi\/#organization"},"potentialAction":[{"@type":"SearchAction","target":{"@type":"EntryPoint","urlTemplate":"https:\/\/vmsport.fi\/?s={search_term_string}"},"query-input":{"@type":"PropertyValueSpecification","valueRequired":true,"valueName":"search_term_string"}}],"inLanguage":"sv-SE"},{"@type":"Organization","@id":"https:\/\/vmsport.fi\/#organization","name":"Vmsport","url":"https:\/\/vmsport.fi\/","logo":{"@type":"ImageObject","inLanguage":"sv-SE","@id":"https:\/\/vmsport.fi\/#\/schema\/logo\/image\/","url":"https:\/\/vmsport.fi\/wp-content\/uploads\/2024\/12\/vm_sport_RGB_horisontal-e1734526017575.png","contentUrl":"https:\/\/vmsport.fi\/wp-content\/uploads\/2024\/12\/vm_sport_RGB_horisontal-e1734526017575.png","width":668,"height":85,"caption":"Vmsport"},"image":{"@id":"https:\/\/vmsport.fi\/#\/schema\/logo\/image\/"},"sameAs":["https:\/\/www.facebook.com\/Vmsport.fi\/","https:\/\/www.instagram.com\/vmsport\/"]}]}},"global_unique_id":"","_links":{"self":[{"href":"https:\/\/vmsport.fi\/sv\/wp-json\/wp\/v2\/product\/56732","targetHints":{"allow":["GET"]}}],"collection":[{"href":"https:\/\/vmsport.fi\/sv\/wp-json\/wp\/v2\/product"}],"about":[{"href":"https:\/\/vmsport.fi\/sv\/wp-json\/wp\/v2\/types\/product"}],"replies":[{"embeddable":true,"href":"https:\/\/vmsport.fi\/sv\/wp-json\/wp\/v2\/comments?post=56732"}],"wp:featuredmedia":[{"embeddable":true,"href":"https:\/\/vmsport.fi\/sv\/wp-json\/wp\/v2\/media\/56731"}],"wp:attachment":[{"href":"https:\/\/vmsport.fi\/sv\/wp-json\/wp\/v2\/media?parent=56732"}],"wp:term":[{"taxonomy":"product_brand","embeddable":true,"href":"https:\/\/vmsport.fi\/sv\/wp-json\/wp\/v2\/product_brand?post=56732"},{"taxonomy":"product_model","embeddable":true,"href":"https:\/\/vmsport.fi\/sv\/wp-json\/wp\/v2\/product_model?post=56732"},{"taxonomy":"product_cat","embeddable":true,"href":"https:\/\/vmsport.fi\/sv\/wp-json\/wp\/v2\/product_cat?post=56732"},{"taxonomy":"product_tag","embeddable":true,"href":"https:\/\/vmsport.fi\/sv\/wp-json\/wp\/v2\/product_tag?post=56732"},{"taxonomy":"industry_terminology","embeddable":true,"href":"https:\/\/vmsport.fi\/sv\/wp-json\/wp\/v2\/industry-terminology?post=56732"}],"curies":[{"name":"wp","href":"https:\/\/api.w.org\/{rel}","templated":true}]}}