{"id":56728,"date":"2025-03-06T00:23:25","date_gmt":"2025-03-05T22:23:25","guid":{"rendered":"https:\/\/vmsport.fi\/verkkokauppa\/Ei-luokiteltu\/muc-off-e-mtb-kit-punk\/"},"modified":"2026-04-22T15:09:58","modified_gmt":"2026-04-22T12:09:58","slug":"muc-off-e-mtb-kit-punk","status":"publish","type":"product","link":"https:\/\/vmsport.fi\/sv\/verkkokauppa\/renkaat\/tubeless-tarvikkeet\/tubeless-sarjat-ja-osat\/muc-off-e-mtb-kit-punk\/","title":{"rendered":"MUC-OFF E-MTB sats Punk"},"content":{"rendered":"<p>MUC-OFF E-MTB-kit Punk \u00e4r det perfekta valet f\u00f6r elektriska mountainbikecyklister som vill ge sin cykel en personlig touch. De snyggt designade grafiska elementen ger en unik punkanda som kommer att v\u00e4cka uppm\u00e4rksamhet. N\u00e4r dessa klisterm\u00e4rken och tejper v\u00e4l \u00e4r p\u00e5 plats kommer de att g\u00f6ra stor skillnad f\u00f6r utseendet p\u00e5 din cykel. Dessa h\u00f6gkvalitativa cykeltillbeh\u00f6r dekorerar inte bara din cykel, utan skyddar den ocks\u00e5 mot slitage fr\u00e5n daglig anv\u00e4ndning. Uttryck enkelt din stil och f\u00e5 din elektriska mountainbike att se \u00e4nnu b\u00e4ttre ut.<\/p>","protected":false},"excerpt":{"rendered":"<p>MUC-OFF E-MTB kit Punk on t\u00e4ydellinen valinta s\u00e4hk\u00f6maastopy\u00f6r\u00e4ilij\u00f6ille, jotka haluavat lis\u00e4t\u00e4 py\u00f6r\u00e4\u00e4ns\u00e4 persoonallista ilmett\u00e4. Tyylikk\u00e4\u00e4sti suunnitellut graafiset elementit tuovat mukanaan ainutlaatuista punk-henke\u00e4, joka her\u00e4tt\u00e4\u00e4 huomiota. Kun n\u00e4m\u00e4 tarrat ja teipit on kiinnitetty paikalleen, ne muuttavat py\u00f6r\u00e4n ulkon\u00e4k\u00f6\u00e4 merkitt\u00e4v\u00e4sti. N\u00e4m\u00e4 korkealaatuiset py\u00f6r\u00e4n varusteet eiv\u00e4t vain koristele py\u00f6r\u00e4\u00e4si, vaan my\u00f6s suojaavat sit\u00e4 p\u00e4ivitt\u00e4isen k\u00e4yt\u00f6n aiheuttamalta kulumiselta. Ilmaise [&#8230;]<\/p>\n<p><a class=\"btn btn-secondary understrap-read-more-link\" href=\"https:\/\/vmsport.fi\/sv\/verkkokauppa\/renkaat\/tubeless-tarvikkeet\/tubeless-sarjat-ja-osat\/muc-off-e-mtb-kit-punk\/\">L\u00e4s mer \u2026<span class=\"screen-reader-text\"> from MUC-OFF E-MTB kit Punk<\/span><\/a><\/p>\n","protected":false},"featured_media":56727,"comment_status":"open","ping_status":"closed","template":"","meta":{"_acf_changed":false,"_improvement_type_select":"improve_an_existing","_thumb_yes_seoaic":false,"_frame_yes_seoaic":false,"seoaic_generate_description":"","seoaic_improve_instructions_prompt":"","seoaic_rollback_content_improvement":"","seoaic_idea_thumbnail_generator":"","thumbnail_generated":false,"thumbnail_generate_prompt":"","seoaic_article_description":"","_supplier_stock_quantity":0},"product_brand":[1584],"product_model":[],"product_cat":[9364],"product_tag":[],"industry-terminology":[],"class_list":{"0":"post-56728","1":"product","2":"type-product","3":"status-publish","4":"has-post-thumbnail","6":"product_brand-muc-off","7":"product_cat-tubeless-sarjat-ja-osat","9":"first","10":"instock","11":"taxable","12":"shipping-taxable","13":"purchasable","14":"product-type-simple"},"acf":{"bike_features":null,"overview":{"copy_overview":null,"key_features":null,"statement":"","youtube_url":""}},"yoast_head":"<!-- This site is optimized with the Yoast SEO plugin v27.4 - https:\/\/yoast.com\/product\/yoast-seo-wordpress\/ -->\n<title>MUC-OFF E-MTB kit Punk - VM Sport<\/title>\n<meta name=\"robots\" content=\"index, follow, max-snippet:-1, max-image-preview:large, max-video-preview:-1\" \/>\n<link rel=\"canonical\" href=\"https:\/\/vmsport.fi\/sv\/webbutik\/dack\/slanglosa-tillbehor\/slanglosa-satser-och-delar\/muc-off-e-mtb-kit-punk\/\" \/>\n<meta property=\"og:locale\" content=\"sv_SE\" \/>\n<meta property=\"og:type\" content=\"article\" \/>\n<meta property=\"og:title\" content=\"MUC-OFF E-MTB kit Punk - VM Sport\" \/>\n<meta property=\"og:description\" content=\"MUC-OFF E-MTB kit Punk on t\u00e4ydellinen valinta s\u00e4hk\u00f6maastopy\u00f6r\u00e4ilij\u00f6ille, jotka haluavat lis\u00e4t\u00e4 py\u00f6r\u00e4\u00e4ns\u00e4 persoonallista ilmett\u00e4. Tyylikk\u00e4\u00e4sti suunnitellut graafiset elementit tuovat mukanaan ainutlaatuista punk-henke\u00e4, joka her\u00e4tt\u00e4\u00e4 huomiota. Kun n\u00e4m\u00e4 tarrat ja teipit on kiinnitetty paikalleen, ne muuttavat py\u00f6r\u00e4n ulkon\u00e4k\u00f6\u00e4 merkitt\u00e4v\u00e4sti. N\u00e4m\u00e4 korkealaatuiset py\u00f6r\u00e4n varusteet eiv\u00e4t vain koristele py\u00f6r\u00e4\u00e4si, vaan my\u00f6s suojaavat sit\u00e4 p\u00e4ivitt\u00e4isen k\u00e4yt\u00f6n aiheuttamalta kulumiselta. Ilmaise [...]L\u00e4s mer \u2026 from MUC-OFF E-MTB kit Punk\" \/>\n<meta property=\"og:url\" content=\"https:\/\/vmsport.fi\/sv\/webbutik\/dack\/slanglosa-tillbehor\/slanglosa-satser-och-delar\/muc-off-e-mtb-kit-punk\/\" \/>\n<meta property=\"og:site_name\" content=\"VM Sport\" \/>\n<meta property=\"article:publisher\" content=\"https:\/\/www.facebook.com\/Vmsport.fi\/\" \/>\n<meta property=\"article:modified_time\" content=\"2026-04-22T12:09:58+00:00\" \/>\n<meta property=\"og:image\" content=\"https:\/\/vmsport.fi\/wp-content\/uploads\/2025\/03\/PqqSHXht36Bqnpf6WkhiANIM0LCHEFnHpWWWwVj0StpgXvteFT-1.jpg\" \/>\n\t<meta property=\"og:image:width\" content=\"800\" \/>\n\t<meta property=\"og:image:height\" content=\"800\" \/>\n\t<meta property=\"og:image:type\" content=\"image\/jpeg\" \/>\n<meta name=\"twitter:card\" content=\"summary_large_image\" \/>\n<script type=\"application\/ld+json\" class=\"yoast-schema-graph\">{\"@context\":\"https:\\\/\\\/schema.org\",\"@graph\":[{\"@type\":[\"WebPage\",\"ItemPage\"],\"@id\":\"https:\\\/\\\/vmsport.fi\\\/verkkokauppa\\\/renkaat\\\/tubeless-tarvikkeet\\\/tubeless-sarjat-ja-osat\\\/muc-off-e-mtb-kit-punk\\\/\",\"url\":\"https:\\\/\\\/vmsport.fi\\\/verkkokauppa\\\/renkaat\\\/tubeless-tarvikkeet\\\/tubeless-sarjat-ja-osat\\\/muc-off-e-mtb-kit-punk\\\/\",\"name\":\"MUC-OFF E-MTB kit Punk - VM Sport\",\"isPartOf\":{\"@id\":\"https:\\\/\\\/vmsport.fi\\\/#website\"},\"primaryImageOfPage\":{\"@id\":\"https:\\\/\\\/vmsport.fi\\\/verkkokauppa\\\/renkaat\\\/tubeless-tarvikkeet\\\/tubeless-sarjat-ja-osat\\\/muc-off-e-mtb-kit-punk\\\/#primaryimage\"},\"image\":{\"@id\":\"https:\\\/\\\/vmsport.fi\\\/verkkokauppa\\\/renkaat\\\/tubeless-tarvikkeet\\\/tubeless-sarjat-ja-osat\\\/muc-off-e-mtb-kit-punk\\\/#primaryimage\"},\"thumbnailUrl\":\"https:\\\/\\\/vmsport.fi\\\/wp-content\\\/uploads\\\/2025\\\/03\\\/PqqSHXht36Bqnpf6WkhiANIM0LCHEFnHpWWWwVj0StpgXvteFT-1.jpg\",\"datePublished\":\"2025-03-05T22:23:25+00:00\",\"dateModified\":\"2026-04-22T12:09:58+00:00\",\"breadcrumb\":{\"@id\":\"https:\\\/\\\/vmsport.fi\\\/verkkokauppa\\\/renkaat\\\/tubeless-tarvikkeet\\\/tubeless-sarjat-ja-osat\\\/muc-off-e-mtb-kit-punk\\\/#breadcrumb\"},\"inLanguage\":\"sv-SE\",\"potentialAction\":[{\"@type\":\"ReadAction\",\"target\":[\"https:\\\/\\\/vmsport.fi\\\/verkkokauppa\\\/renkaat\\\/tubeless-tarvikkeet\\\/tubeless-sarjat-ja-osat\\\/muc-off-e-mtb-kit-punk\\\/\"]}]},{\"@type\":\"ImageObject\",\"inLanguage\":\"sv-SE\",\"@id\":\"https:\\\/\\\/vmsport.fi\\\/verkkokauppa\\\/renkaat\\\/tubeless-tarvikkeet\\\/tubeless-sarjat-ja-osat\\\/muc-off-e-mtb-kit-punk\\\/#primaryimage\",\"url\":\"https:\\\/\\\/vmsport.fi\\\/wp-content\\\/uploads\\\/2025\\\/03\\\/PqqSHXht36Bqnpf6WkhiANIM0LCHEFnHpWWWwVj0StpgXvteFT-1.jpg\",\"contentUrl\":\"https:\\\/\\\/vmsport.fi\\\/wp-content\\\/uploads\\\/2025\\\/03\\\/PqqSHXht36Bqnpf6WkhiANIM0LCHEFnHpWWWwVj0StpgXvteFT-1.jpg\",\"width\":800,\"height\":800,\"caption\":\"PqqSHXht36Bqnpf6WkhiANIM0LCHEFnHpWWWwVj0StpgXvteFT\"},{\"@type\":\"BreadcrumbList\",\"@id\":\"https:\\\/\\\/vmsport.fi\\\/verkkokauppa\\\/renkaat\\\/tubeless-tarvikkeet\\\/tubeless-sarjat-ja-osat\\\/muc-off-e-mtb-kit-punk\\\/#breadcrumb\",\"itemListElement\":[{\"@type\":\"ListItem\",\"position\":1,\"name\":\"Etusivu\",\"item\":\"https:\\\/\\\/vmsport.fi\\\/\"},{\"@type\":\"ListItem\",\"position\":2,\"name\":\"Online Store\",\"item\":\"https:\\\/\\\/vmsport.fi\\\/en\\\/online-store\\\/\"},{\"@type\":\"ListItem\",\"position\":3,\"name\":\"MUC-OFF E-MTB kit Punk\"}]},{\"@type\":\"WebSite\",\"@id\":\"https:\\\/\\\/vmsport.fi\\\/#website\",\"url\":\"https:\\\/\\\/vmsport.fi\\\/\",\"name\":\"Vmsport\",\"description\":\"Kaikki py\u00f6r\u00e4ilyyn yhdest\u00e4 paikasta\",\"publisher\":{\"@id\":\"https:\\\/\\\/vmsport.fi\\\/#organization\"},\"potentialAction\":[{\"@type\":\"SearchAction\",\"target\":{\"@type\":\"EntryPoint\",\"urlTemplate\":\"https:\\\/\\\/vmsport.fi\\\/?s={search_term_string}\"},\"query-input\":{\"@type\":\"PropertyValueSpecification\",\"valueRequired\":true,\"valueName\":\"search_term_string\"}}],\"inLanguage\":\"sv-SE\"},{\"@type\":\"Organization\",\"@id\":\"https:\\\/\\\/vmsport.fi\\\/#organization\",\"name\":\"Vmsport\",\"url\":\"https:\\\/\\\/vmsport.fi\\\/\",\"logo\":{\"@type\":\"ImageObject\",\"inLanguage\":\"sv-SE\",\"@id\":\"https:\\\/\\\/vmsport.fi\\\/#\\\/schema\\\/logo\\\/image\\\/\",\"url\":\"https:\\\/\\\/vmsport.fi\\\/wp-content\\\/uploads\\\/2024\\\/12\\\/vm_sport_RGB_horisontal-e1734526017575.png\",\"contentUrl\":\"https:\\\/\\\/vmsport.fi\\\/wp-content\\\/uploads\\\/2024\\\/12\\\/vm_sport_RGB_horisontal-e1734526017575.png\",\"width\":668,\"height\":85,\"caption\":\"Vmsport\"},\"image\":{\"@id\":\"https:\\\/\\\/vmsport.fi\\\/#\\\/schema\\\/logo\\\/image\\\/\"},\"sameAs\":[\"https:\\\/\\\/www.facebook.com\\\/Vmsport.fi\\\/\",\"https:\\\/\\\/www.instagram.com\\\/vmsport\\\/\"]}]}<\/script>\n<!-- \/ Yoast SEO plugin. -->","yoast_head_json":{"title":"MUC-OFF E-MTB-kit Punk - VM Sport","robots":{"index":"index","follow":"follow","max-snippet":"max-snippet:-1","max-image-preview":"max-image-preview:large","max-video-preview":"max-video-preview:-1"},"canonical":"https:\/\/vmsport.fi\/sv\/webbutik\/dack\/slanglosa-tillbehor\/slanglosa-satser-och-delar\/muc-off-e-mtb-kit-punk\/","og_locale":"sv_SE","og_type":"article","og_title":"MUC-OFF E-MTB kit Punk - VM Sport","og_description":"MUC-OFF E-MTB kit Punk on t\u00e4ydellinen valinta s\u00e4hk\u00f6maastopy\u00f6r\u00e4ilij\u00f6ille, jotka haluavat lis\u00e4t\u00e4 py\u00f6r\u00e4\u00e4ns\u00e4 persoonallista ilmett\u00e4. Tyylikk\u00e4\u00e4sti suunnitellut graafiset elementit tuovat mukanaan ainutlaatuista punk-henke\u00e4, joka her\u00e4tt\u00e4\u00e4 huomiota. Kun n\u00e4m\u00e4 tarrat ja teipit on kiinnitetty paikalleen, ne muuttavat py\u00f6r\u00e4n ulkon\u00e4k\u00f6\u00e4 merkitt\u00e4v\u00e4sti. N\u00e4m\u00e4 korkealaatuiset py\u00f6r\u00e4n varusteet eiv\u00e4t vain koristele py\u00f6r\u00e4\u00e4si, vaan my\u00f6s suojaavat sit\u00e4 p\u00e4ivitt\u00e4isen k\u00e4yt\u00f6n aiheuttamalta kulumiselta. Ilmaise [...]L\u00e4s mer \u2026 from MUC-OFF E-MTB kit Punk","og_url":"https:\/\/vmsport.fi\/sv\/webbutik\/dack\/slanglosa-tillbehor\/slanglosa-satser-och-delar\/muc-off-e-mtb-kit-punk\/","og_site_name":"VM Sport","article_publisher":"https:\/\/www.facebook.com\/Vmsport.fi\/","article_modified_time":"2026-04-22T12:09:58+00:00","og_image":[{"width":800,"height":800,"url":"https:\/\/vmsport.fi\/wp-content\/uploads\/2025\/03\/PqqSHXht36Bqnpf6WkhiANIM0LCHEFnHpWWWwVj0StpgXvteFT-1.jpg","type":"image\/jpeg"}],"twitter_card":"summary_large_image","schema":{"@context":"https:\/\/schema.org","@graph":[{"@type":["WebPage","ItemPage"],"@id":"https:\/\/vmsport.fi\/verkkokauppa\/renkaat\/tubeless-tarvikkeet\/tubeless-sarjat-ja-osat\/muc-off-e-mtb-kit-punk\/","url":"https:\/\/vmsport.fi\/verkkokauppa\/renkaat\/tubeless-tarvikkeet\/tubeless-sarjat-ja-osat\/muc-off-e-mtb-kit-punk\/","name":"MUC-OFF E-MTB-kit Punk - VM Sport","isPartOf":{"@id":"https:\/\/vmsport.fi\/#website"},"primaryImageOfPage":{"@id":"https:\/\/vmsport.fi\/verkkokauppa\/renkaat\/tubeless-tarvikkeet\/tubeless-sarjat-ja-osat\/muc-off-e-mtb-kit-punk\/#primaryimage"},"image":{"@id":"https:\/\/vmsport.fi\/verkkokauppa\/renkaat\/tubeless-tarvikkeet\/tubeless-sarjat-ja-osat\/muc-off-e-mtb-kit-punk\/#primaryimage"},"thumbnailUrl":"https:\/\/vmsport.fi\/wp-content\/uploads\/2025\/03\/PqqSHXht36Bqnpf6WkhiANIM0LCHEFnHpWWWwVj0StpgXvteFT-1.jpg","datePublished":"2025-03-05T22:23:25+00:00","dateModified":"2026-04-22T12:09:58+00:00","breadcrumb":{"@id":"https:\/\/vmsport.fi\/verkkokauppa\/renkaat\/tubeless-tarvikkeet\/tubeless-sarjat-ja-osat\/muc-off-e-mtb-kit-punk\/#breadcrumb"},"inLanguage":"sv-SE","potentialAction":[{"@type":"ReadAction","target":["https:\/\/vmsport.fi\/verkkokauppa\/renkaat\/tubeless-tarvikkeet\/tubeless-sarjat-ja-osat\/muc-off-e-mtb-kit-punk\/"]}]},{"@type":"ImageObject","inLanguage":"sv-SE","@id":"https:\/\/vmsport.fi\/verkkokauppa\/renkaat\/tubeless-tarvikkeet\/tubeless-sarjat-ja-osat\/muc-off-e-mtb-kit-punk\/#primaryimage","url":"https:\/\/vmsport.fi\/wp-content\/uploads\/2025\/03\/PqqSHXht36Bqnpf6WkhiANIM0LCHEFnHpWWWwVj0StpgXvteFT-1.jpg","contentUrl":"https:\/\/vmsport.fi\/wp-content\/uploads\/2025\/03\/PqqSHXht36Bqnpf6WkhiANIM0LCHEFnHpWWWwVj0StpgXvteFT-1.jpg","width":800,"height":800,"caption":"PqqSHXht36Bqnpf6WkhiANIM0LCHEFnHpWWWwVj0StpgXvteFT"},{"@type":"BreadcrumbList","@id":"https:\/\/vmsport.fi\/verkkokauppa\/renkaat\/tubeless-tarvikkeet\/tubeless-sarjat-ja-osat\/muc-off-e-mtb-kit-punk\/#breadcrumb","itemListElement":[{"@type":"ListItem","position":1,"name":"Etusivu","item":"https:\/\/vmsport.fi\/"},{"@type":"ListItem","position":2,"name":"Online Store","item":"https:\/\/vmsport.fi\/en\/online-store\/"},{"@type":"ListItem","position":3,"name":"MUC-OFF E-MTB kit Punk"}]},{"@type":"WebSite","@id":"https:\/\/vmsport.fi\/#website","url":"https:\/\/vmsport.fi\/","name":"Vmsport","description":"Allt p\u00e5 ett st\u00e4lle f\u00f6r cykling","publisher":{"@id":"https:\/\/vmsport.fi\/#organization"},"potentialAction":[{"@type":"SearchAction","target":{"@type":"EntryPoint","urlTemplate":"https:\/\/vmsport.fi\/?s={search_term_string}"},"query-input":{"@type":"PropertyValueSpecification","valueRequired":true,"valueName":"search_term_string"}}],"inLanguage":"sv-SE"},{"@type":"Organization","@id":"https:\/\/vmsport.fi\/#organization","name":"Vmsport","url":"https:\/\/vmsport.fi\/","logo":{"@type":"ImageObject","inLanguage":"sv-SE","@id":"https:\/\/vmsport.fi\/#\/schema\/logo\/image\/","url":"https:\/\/vmsport.fi\/wp-content\/uploads\/2024\/12\/vm_sport_RGB_horisontal-e1734526017575.png","contentUrl":"https:\/\/vmsport.fi\/wp-content\/uploads\/2024\/12\/vm_sport_RGB_horisontal-e1734526017575.png","width":668,"height":85,"caption":"Vmsport"},"image":{"@id":"https:\/\/vmsport.fi\/#\/schema\/logo\/image\/"},"sameAs":["https:\/\/www.facebook.com\/Vmsport.fi\/","https:\/\/www.instagram.com\/vmsport\/"]}]}},"global_unique_id":"","_links":{"self":[{"href":"https:\/\/vmsport.fi\/sv\/wp-json\/wp\/v2\/product\/56728","targetHints":{"allow":["GET"]}}],"collection":[{"href":"https:\/\/vmsport.fi\/sv\/wp-json\/wp\/v2\/product"}],"about":[{"href":"https:\/\/vmsport.fi\/sv\/wp-json\/wp\/v2\/types\/product"}],"replies":[{"embeddable":true,"href":"https:\/\/vmsport.fi\/sv\/wp-json\/wp\/v2\/comments?post=56728"}],"wp:featuredmedia":[{"embeddable":true,"href":"https:\/\/vmsport.fi\/sv\/wp-json\/wp\/v2\/media\/56727"}],"wp:attachment":[{"href":"https:\/\/vmsport.fi\/sv\/wp-json\/wp\/v2\/media?parent=56728"}],"wp:term":[{"taxonomy":"product_brand","embeddable":true,"href":"https:\/\/vmsport.fi\/sv\/wp-json\/wp\/v2\/product_brand?post=56728"},{"taxonomy":"product_model","embeddable":true,"href":"https:\/\/vmsport.fi\/sv\/wp-json\/wp\/v2\/product_model?post=56728"},{"taxonomy":"product_cat","embeddable":true,"href":"https:\/\/vmsport.fi\/sv\/wp-json\/wp\/v2\/product_cat?post=56728"},{"taxonomy":"product_tag","embeddable":true,"href":"https:\/\/vmsport.fi\/sv\/wp-json\/wp\/v2\/product_tag?post=56728"},{"taxonomy":"industry_terminology","embeddable":true,"href":"https:\/\/vmsport.fi\/sv\/wp-json\/wp\/v2\/industry-terminology?post=56728"}],"curies":[{"name":"wp","href":"https:\/\/api.w.org\/{rel}","templated":true}]}}