{"id":56720,"date":"2025-03-06T00:23:20","date_gmt":"2025-03-05T22:23:20","guid":{"rendered":"https:\/\/vmsport.fi\/verkkokauppa\/Ei-luokiteltu\/halo-e-bike-johtosarja-bosch-smart-system\/"},"modified":"2026-01-16T13:25:26","modified_gmt":"2026-01-16T11:25:26","slug":"halo-e-bike-ledningsnat-bosch-smart-system","status":"publish","type":"product","link":"https:\/\/vmsport.fi\/sv\/verkkokauppa\/tarvikkeet\/valaisimet-ja-osat\/johtosarjat-valoihin\/halo-e-bike-johtosarja-bosch-smart-system\/","title":{"rendered":"LEDNINGSN\u00c4T F\u00d6R HALO E-BIKE BOSCH SMART SYSTEM"},"content":{"rendered":"<p>HALO E-BIKE CONTROL SYSTEM BOSCH SMART SYSTEM \u00e4r utformat f\u00f6r att ge total kontroll och s\u00e4kerhet f\u00f6r elcykling. En tydlig digital display ger cyklisten viktig information som hastighet, batteriets laddningsniv\u00e5 och k\u00f6rstatus. Detta elektriska system f\u00f6rb\u00e4ttrar k\u00f6rupplevelsen genom att \u00f6ka motoreffekten efter behov och \u00e4r optimerat f\u00f6r olika cykelstilar. Bosch eBikes l\u00e5sningsfria bromsar \u00f6kar bromss\u00e4kerheten genom att f\u00f6rhindra att framhjulet l\u00e5ser sig, vilket f\u00f6rb\u00e4ttrar k\u00f6rstabiliteten. Digitala appar f\u00f6rh\u00f6jer cykelupplevelsen genom att erbjuda m\u00f6jligheter till ruttplanering och navigering. Den elektriska v\u00e4xell\u00e5dan m\u00f6jligg\u00f6r enkla och smidiga v\u00e4xlingar, vilket g\u00f6r cyklingen smidig och effektiv. Det h\u00e4r kablagepaketet erbjuder moderna och integrerade l\u00f6sningar f\u00f6r alla elcykelentusiaster.<\/p>","protected":false},"excerpt":{"rendered":"<p>HALO E-BIKE JOHTOSARJA BOSCH SMART SYSTEM on suunniteltu tarjoamaan kokonaisvaltaista hallintaa ja turvallisuutta s\u00e4hk\u00f6py\u00f6r\u00e4ilyyn. Selke\u00e4 digitaalinen n\u00e4ytt\u00f6 antaa ajajalle t\u00e4rke\u00e4t tiedot, kuten nopeuden, akun varaustason ja ajotilan. T\u00e4m\u00e4 s\u00e4hk\u00f6j\u00e4rjestelm\u00e4 parantaa ajokokemusta lis\u00e4\u00e4m\u00e4ll\u00e4 moottoritehoa tarpeen mukaan ja on optimoitu erilaisiin py\u00f6r\u00e4ilytyyleihin. Bosch eBike -lukkiutumattomat jarrut lis\u00e4\u00e4v\u00e4t jarrutusturvallisuutta est\u00e4en etupy\u00f6r\u00e4n lukkiutumista, mik\u00e4 parantaa ajovakautta. Digitaaliset sovellukset laajentavat [&#8230;]<\/p>\n<p><a class=\"btn btn-secondary understrap-read-more-link\" href=\"https:\/\/vmsport.fi\/sv\/verkkokauppa\/tarvikkeet\/valaisimet-ja-osat\/johtosarjat-valoihin\/halo-e-bike-johtosarja-bosch-smart-system\/\">L\u00e4s mer \u2026<span class=\"screen-reader-text\"> from HALO E-BIKE JOHTOSARJA BOSCH SMART SYSTEM<\/span><\/a><\/p>\n","protected":false},"featured_media":56719,"comment_status":"open","ping_status":"closed","template":"","meta":{"_acf_changed":false,"_improvement_type_select":"improve_an_existing","_thumb_yes_seoaic":false,"_frame_yes_seoaic":false,"seoaic_generate_description":"","seoaic_improve_instructions_prompt":"","seoaic_rollback_content_improvement":"","seoaic_idea_thumbnail_generator":"","thumbnail_generated":false,"thumbnail_generate_prompt":"","seoaic_article_description":"","_supplier_stock_quantity":0},"product_brand":[],"product_model":[],"product_cat":[9568],"product_tag":[],"industry-terminology":[],"class_list":{"0":"post-56720","1":"product","2":"type-product","3":"status-publish","4":"has-post-thumbnail","6":"product_cat-johtosarjat-valoihin","8":"first","9":"outofstock","10":"taxable","11":"shipping-taxable","12":"product-type-simple"},"acf":{"bike_features":null,"overview":{"copy_overview":null,"key_features":null,"statement":"","youtube_url":""}},"yoast_head":"<!-- This site is optimized with the Yoast SEO plugin v27.3 - https:\/\/yoast.com\/product\/yoast-seo-wordpress\/ -->\n<title>HALO E-BIKE JOHTOSARJA BOSCH SMART SYSTEM - VM Sport<\/title>\n<meta name=\"robots\" content=\"index, follow, max-snippet:-1, max-image-preview:large, max-video-preview:-1\" \/>\n<link rel=\"canonical\" href=\"https:\/\/vmsport.fi\/sv\/webbutik\/tillbehor\/armaturer-och-komponenter\/ledningsnat-for-lampor\/halo-e-bike-ledningsnat-bosch-smart-system\/\" \/>\n<meta property=\"og:locale\" content=\"sv_SE\" \/>\n<meta property=\"og:type\" content=\"article\" \/>\n<meta property=\"og:title\" content=\"HALO E-BIKE JOHTOSARJA BOSCH SMART SYSTEM - VM Sport\" \/>\n<meta property=\"og:description\" content=\"HALO E-BIKE JOHTOSARJA BOSCH SMART SYSTEM on suunniteltu tarjoamaan kokonaisvaltaista hallintaa ja turvallisuutta s\u00e4hk\u00f6py\u00f6r\u00e4ilyyn. Selke\u00e4 digitaalinen n\u00e4ytt\u00f6 antaa ajajalle t\u00e4rke\u00e4t tiedot, kuten nopeuden, akun varaustason ja ajotilan. T\u00e4m\u00e4 s\u00e4hk\u00f6j\u00e4rjestelm\u00e4 parantaa ajokokemusta lis\u00e4\u00e4m\u00e4ll\u00e4 moottoritehoa tarpeen mukaan ja on optimoitu erilaisiin py\u00f6r\u00e4ilytyyleihin. Bosch eBike -lukkiutumattomat jarrut lis\u00e4\u00e4v\u00e4t jarrutusturvallisuutta est\u00e4en etupy\u00f6r\u00e4n lukkiutumista, mik\u00e4 parantaa ajovakautta. Digitaaliset sovellukset laajentavat [...]L\u00e4s mer \u2026 from HALO E-BIKE JOHTOSARJA BOSCH SMART SYSTEM\" \/>\n<meta property=\"og:url\" content=\"https:\/\/vmsport.fi\/sv\/webbutik\/tillbehor\/armaturer-och-komponenter\/ledningsnat-for-lampor\/halo-e-bike-ledningsnat-bosch-smart-system\/\" \/>\n<meta property=\"og:site_name\" content=\"VM Sport\" \/>\n<meta property=\"article:publisher\" content=\"https:\/\/www.facebook.com\/Vmsport.fi\/\" \/>\n<meta property=\"article:modified_time\" content=\"2026-01-16T11:25:26+00:00\" \/>\n<meta property=\"og:image\" content=\"https:\/\/vmsport.fi\/wp-content\/uploads\/2025\/03\/TARVVALO05001224-1.jpg\" \/>\n\t<meta property=\"og:image:width\" content=\"917\" \/>\n\t<meta property=\"og:image:height\" content=\"1000\" \/>\n\t<meta property=\"og:image:type\" content=\"image\/jpeg\" \/>\n<meta name=\"twitter:card\" content=\"summary_large_image\" \/>\n<meta name=\"twitter:label1\" content=\"Ber\u00e4knad l\u00e4stid\" \/>\n\t<meta name=\"twitter:data1\" content=\"1 minut\" \/>\n<script type=\"application\/ld+json\" class=\"yoast-schema-graph\">{\"@context\":\"https:\\\/\\\/schema.org\",\"@graph\":[{\"@type\":[\"WebPage\",\"ItemPage\"],\"@id\":\"https:\\\/\\\/vmsport.fi\\\/verkkokauppa\\\/tarvikkeet\\\/valaisimet-ja-osat\\\/johtosarjat-valoihin\\\/halo-e-bike-johtosarja-bosch-smart-system\\\/\",\"url\":\"https:\\\/\\\/vmsport.fi\\\/verkkokauppa\\\/tarvikkeet\\\/valaisimet-ja-osat\\\/johtosarjat-valoihin\\\/halo-e-bike-johtosarja-bosch-smart-system\\\/\",\"name\":\"HALO E-BIKE JOHTOSARJA BOSCH SMART SYSTEM - VM Sport\",\"isPartOf\":{\"@id\":\"https:\\\/\\\/vmsport.fi\\\/#website\"},\"primaryImageOfPage\":{\"@id\":\"https:\\\/\\\/vmsport.fi\\\/verkkokauppa\\\/tarvikkeet\\\/valaisimet-ja-osat\\\/johtosarjat-valoihin\\\/halo-e-bike-johtosarja-bosch-smart-system\\\/#primaryimage\"},\"image\":{\"@id\":\"https:\\\/\\\/vmsport.fi\\\/verkkokauppa\\\/tarvikkeet\\\/valaisimet-ja-osat\\\/johtosarjat-valoihin\\\/halo-e-bike-johtosarja-bosch-smart-system\\\/#primaryimage\"},\"thumbnailUrl\":\"https:\\\/\\\/vmsport.fi\\\/wp-content\\\/uploads\\\/2025\\\/03\\\/TARVVALO05001224-1.jpg\",\"datePublished\":\"2025-03-05T22:23:20+00:00\",\"dateModified\":\"2026-01-16T11:25:26+00:00\",\"breadcrumb\":{\"@id\":\"https:\\\/\\\/vmsport.fi\\\/verkkokauppa\\\/tarvikkeet\\\/valaisimet-ja-osat\\\/johtosarjat-valoihin\\\/halo-e-bike-johtosarja-bosch-smart-system\\\/#breadcrumb\"},\"inLanguage\":\"sv-SE\",\"potentialAction\":[{\"@type\":\"ReadAction\",\"target\":[\"https:\\\/\\\/vmsport.fi\\\/verkkokauppa\\\/tarvikkeet\\\/valaisimet-ja-osat\\\/johtosarjat-valoihin\\\/halo-e-bike-johtosarja-bosch-smart-system\\\/\"]}]},{\"@type\":\"ImageObject\",\"inLanguage\":\"sv-SE\",\"@id\":\"https:\\\/\\\/vmsport.fi\\\/verkkokauppa\\\/tarvikkeet\\\/valaisimet-ja-osat\\\/johtosarjat-valoihin\\\/halo-e-bike-johtosarja-bosch-smart-system\\\/#primaryimage\",\"url\":\"https:\\\/\\\/vmsport.fi\\\/wp-content\\\/uploads\\\/2025\\\/03\\\/TARVVALO05001224-1.jpg\",\"contentUrl\":\"https:\\\/\\\/vmsport.fi\\\/wp-content\\\/uploads\\\/2025\\\/03\\\/TARVVALO05001224-1.jpg\",\"width\":917,\"height\":1000,\"caption\":\"TARVVALO05001224\"},{\"@type\":\"BreadcrumbList\",\"@id\":\"https:\\\/\\\/vmsport.fi\\\/verkkokauppa\\\/tarvikkeet\\\/valaisimet-ja-osat\\\/johtosarjat-valoihin\\\/halo-e-bike-johtosarja-bosch-smart-system\\\/#breadcrumb\",\"itemListElement\":[{\"@type\":\"ListItem\",\"position\":1,\"name\":\"Etusivu\",\"item\":\"https:\\\/\\\/vmsport.fi\\\/\"},{\"@type\":\"ListItem\",\"position\":2,\"name\":\"Online Store\",\"item\":\"https:\\\/\\\/vmsport.fi\\\/en\\\/online-store\\\/\"},{\"@type\":\"ListItem\",\"position\":3,\"name\":\"HALO E-BIKE JOHTOSARJA BOSCH SMART SYSTEM\"}]},{\"@type\":\"WebSite\",\"@id\":\"https:\\\/\\\/vmsport.fi\\\/#website\",\"url\":\"https:\\\/\\\/vmsport.fi\\\/\",\"name\":\"Vmsport\",\"description\":\"Kaikki py\u00f6r\u00e4ilyyn yhdest\u00e4 paikasta\",\"publisher\":{\"@id\":\"https:\\\/\\\/vmsport.fi\\\/#organization\"},\"potentialAction\":[{\"@type\":\"SearchAction\",\"target\":{\"@type\":\"EntryPoint\",\"urlTemplate\":\"https:\\\/\\\/vmsport.fi\\\/?s={search_term_string}\"},\"query-input\":{\"@type\":\"PropertyValueSpecification\",\"valueRequired\":true,\"valueName\":\"search_term_string\"}}],\"inLanguage\":\"sv-SE\"},{\"@type\":\"Organization\",\"@id\":\"https:\\\/\\\/vmsport.fi\\\/#organization\",\"name\":\"Vmsport\",\"url\":\"https:\\\/\\\/vmsport.fi\\\/\",\"logo\":{\"@type\":\"ImageObject\",\"inLanguage\":\"sv-SE\",\"@id\":\"https:\\\/\\\/vmsport.fi\\\/#\\\/schema\\\/logo\\\/image\\\/\",\"url\":\"https:\\\/\\\/vmsport.fi\\\/wp-content\\\/uploads\\\/2024\\\/12\\\/vm_sport_RGB_horisontal-e1734526017575.png\",\"contentUrl\":\"https:\\\/\\\/vmsport.fi\\\/wp-content\\\/uploads\\\/2024\\\/12\\\/vm_sport_RGB_horisontal-e1734526017575.png\",\"width\":668,\"height\":85,\"caption\":\"Vmsport\"},\"image\":{\"@id\":\"https:\\\/\\\/vmsport.fi\\\/#\\\/schema\\\/logo\\\/image\\\/\"},\"sameAs\":[\"https:\\\/\\\/www.facebook.com\\\/Vmsport.fi\\\/\",\"https:\\\/\\\/www.instagram.com\\\/vmsport\\\/\"]}]}<\/script>\n<!-- \/ Yoast SEO plugin. -->","yoast_head_json":{"title":"HALO E-BIKE JOHTOSARJA BOSCH SMART SYSTEM - VM Sport","robots":{"index":"index","follow":"follow","max-snippet":"max-snippet:-1","max-image-preview":"max-image-preview:large","max-video-preview":"max-video-preview:-1"},"canonical":"https:\/\/vmsport.fi\/sv\/webbutik\/tillbehor\/armaturer-och-komponenter\/ledningsnat-for-lampor\/halo-e-bike-ledningsnat-bosch-smart-system\/","og_locale":"sv_SE","og_type":"article","og_title":"HALO E-BIKE JOHTOSARJA BOSCH SMART SYSTEM - VM Sport","og_description":"HALO E-BIKE JOHTOSARJA BOSCH SMART SYSTEM on suunniteltu tarjoamaan kokonaisvaltaista hallintaa ja turvallisuutta s\u00e4hk\u00f6py\u00f6r\u00e4ilyyn. Selke\u00e4 digitaalinen n\u00e4ytt\u00f6 antaa ajajalle t\u00e4rke\u00e4t tiedot, kuten nopeuden, akun varaustason ja ajotilan. T\u00e4m\u00e4 s\u00e4hk\u00f6j\u00e4rjestelm\u00e4 parantaa ajokokemusta lis\u00e4\u00e4m\u00e4ll\u00e4 moottoritehoa tarpeen mukaan ja on optimoitu erilaisiin py\u00f6r\u00e4ilytyyleihin. Bosch eBike -lukkiutumattomat jarrut lis\u00e4\u00e4v\u00e4t jarrutusturvallisuutta est\u00e4en etupy\u00f6r\u00e4n lukkiutumista, mik\u00e4 parantaa ajovakautta. Digitaaliset sovellukset laajentavat [...]L\u00e4s mer \u2026 from HALO E-BIKE JOHTOSARJA BOSCH SMART SYSTEM","og_url":"https:\/\/vmsport.fi\/sv\/webbutik\/tillbehor\/armaturer-och-komponenter\/ledningsnat-for-lampor\/halo-e-bike-ledningsnat-bosch-smart-system\/","og_site_name":"VM Sport","article_publisher":"https:\/\/www.facebook.com\/Vmsport.fi\/","article_modified_time":"2026-01-16T11:25:26+00:00","og_image":[{"width":917,"height":1000,"url":"https:\/\/vmsport.fi\/wp-content\/uploads\/2025\/03\/TARVVALO05001224-1.jpg","type":"image\/jpeg"}],"twitter_card":"summary_large_image","twitter_misc":{"Ber\u00e4knad l\u00e4stid":"1 minut"},"schema":{"@context":"https:\/\/schema.org","@graph":[{"@type":["WebPage","ItemPage"],"@id":"https:\/\/vmsport.fi\/verkkokauppa\/tarvikkeet\/valaisimet-ja-osat\/johtosarjat-valoihin\/halo-e-bike-johtosarja-bosch-smart-system\/","url":"https:\/\/vmsport.fi\/verkkokauppa\/tarvikkeet\/valaisimet-ja-osat\/johtosarjat-valoihin\/halo-e-bike-johtosarja-bosch-smart-system\/","name":"HALO E-BIKE JOHTOSARJA BOSCH SMART SYSTEM - VM Sport","isPartOf":{"@id":"https:\/\/vmsport.fi\/#website"},"primaryImageOfPage":{"@id":"https:\/\/vmsport.fi\/verkkokauppa\/tarvikkeet\/valaisimet-ja-osat\/johtosarjat-valoihin\/halo-e-bike-johtosarja-bosch-smart-system\/#primaryimage"},"image":{"@id":"https:\/\/vmsport.fi\/verkkokauppa\/tarvikkeet\/valaisimet-ja-osat\/johtosarjat-valoihin\/halo-e-bike-johtosarja-bosch-smart-system\/#primaryimage"},"thumbnailUrl":"https:\/\/vmsport.fi\/wp-content\/uploads\/2025\/03\/TARVVALO05001224-1.jpg","datePublished":"2025-03-05T22:23:20+00:00","dateModified":"2026-01-16T11:25:26+00:00","breadcrumb":{"@id":"https:\/\/vmsport.fi\/verkkokauppa\/tarvikkeet\/valaisimet-ja-osat\/johtosarjat-valoihin\/halo-e-bike-johtosarja-bosch-smart-system\/#breadcrumb"},"inLanguage":"sv-SE","potentialAction":[{"@type":"ReadAction","target":["https:\/\/vmsport.fi\/verkkokauppa\/tarvikkeet\/valaisimet-ja-osat\/johtosarjat-valoihin\/halo-e-bike-johtosarja-bosch-smart-system\/"]}]},{"@type":"ImageObject","inLanguage":"sv-SE","@id":"https:\/\/vmsport.fi\/verkkokauppa\/tarvikkeet\/valaisimet-ja-osat\/johtosarjat-valoihin\/halo-e-bike-johtosarja-bosch-smart-system\/#primaryimage","url":"https:\/\/vmsport.fi\/wp-content\/uploads\/2025\/03\/TARVVALO05001224-1.jpg","contentUrl":"https:\/\/vmsport.fi\/wp-content\/uploads\/2025\/03\/TARVVALO05001224-1.jpg","width":917,"height":1000,"caption":"TARVVALO05001224"},{"@type":"BreadcrumbList","@id":"https:\/\/vmsport.fi\/verkkokauppa\/tarvikkeet\/valaisimet-ja-osat\/johtosarjat-valoihin\/halo-e-bike-johtosarja-bosch-smart-system\/#breadcrumb","itemListElement":[{"@type":"ListItem","position":1,"name":"Etusivu","item":"https:\/\/vmsport.fi\/"},{"@type":"ListItem","position":2,"name":"Online Store","item":"https:\/\/vmsport.fi\/en\/online-store\/"},{"@type":"ListItem","position":3,"name":"HALO E-BIKE JOHTOSARJA BOSCH SMART SYSTEM"}]},{"@type":"WebSite","@id":"https:\/\/vmsport.fi\/#website","url":"https:\/\/vmsport.fi\/","name":"Vmsport","description":"Allt p\u00e5 ett st\u00e4lle f\u00f6r cykling","publisher":{"@id":"https:\/\/vmsport.fi\/#organization"},"potentialAction":[{"@type":"SearchAction","target":{"@type":"EntryPoint","urlTemplate":"https:\/\/vmsport.fi\/?s={search_term_string}"},"query-input":{"@type":"PropertyValueSpecification","valueRequired":true,"valueName":"search_term_string"}}],"inLanguage":"sv-SE"},{"@type":"Organization","@id":"https:\/\/vmsport.fi\/#organization","name":"Vmsport","url":"https:\/\/vmsport.fi\/","logo":{"@type":"ImageObject","inLanguage":"sv-SE","@id":"https:\/\/vmsport.fi\/#\/schema\/logo\/image\/","url":"https:\/\/vmsport.fi\/wp-content\/uploads\/2024\/12\/vm_sport_RGB_horisontal-e1734526017575.png","contentUrl":"https:\/\/vmsport.fi\/wp-content\/uploads\/2024\/12\/vm_sport_RGB_horisontal-e1734526017575.png","width":668,"height":85,"caption":"Vmsport"},"image":{"@id":"https:\/\/vmsport.fi\/#\/schema\/logo\/image\/"},"sameAs":["https:\/\/www.facebook.com\/Vmsport.fi\/","https:\/\/www.instagram.com\/vmsport\/"]}]}},"global_unique_id":"","_links":{"self":[{"href":"https:\/\/vmsport.fi\/sv\/wp-json\/wp\/v2\/product\/56720","targetHints":{"allow":["GET"]}}],"collection":[{"href":"https:\/\/vmsport.fi\/sv\/wp-json\/wp\/v2\/product"}],"about":[{"href":"https:\/\/vmsport.fi\/sv\/wp-json\/wp\/v2\/types\/product"}],"replies":[{"embeddable":true,"href":"https:\/\/vmsport.fi\/sv\/wp-json\/wp\/v2\/comments?post=56720"}],"wp:featuredmedia":[{"embeddable":true,"href":"https:\/\/vmsport.fi\/sv\/wp-json\/wp\/v2\/media\/56719"}],"wp:attachment":[{"href":"https:\/\/vmsport.fi\/sv\/wp-json\/wp\/v2\/media?parent=56720"}],"wp:term":[{"taxonomy":"product_brand","embeddable":true,"href":"https:\/\/vmsport.fi\/sv\/wp-json\/wp\/v2\/product_brand?post=56720"},{"taxonomy":"product_model","embeddable":true,"href":"https:\/\/vmsport.fi\/sv\/wp-json\/wp\/v2\/product_model?post=56720"},{"taxonomy":"product_cat","embeddable":true,"href":"https:\/\/vmsport.fi\/sv\/wp-json\/wp\/v2\/product_cat?post=56720"},{"taxonomy":"product_tag","embeddable":true,"href":"https:\/\/vmsport.fi\/sv\/wp-json\/wp\/v2\/product_tag?post=56720"},{"taxonomy":"industry_terminology","embeddable":true,"href":"https:\/\/vmsport.fi\/sv\/wp-json\/wp\/v2\/industry-terminology?post=56720"}],"curies":[{"name":"wp","href":"https:\/\/api.w.org\/{rel}","templated":true}]}}