{"id":56714,"date":"2025-03-06T00:23:16","date_gmt":"2025-03-05T22:23:16","guid":{"rendered":"https:\/\/vmsport.fi\/verkkokauppa\/Ei-luokiteltu\/rengas-mazza-race-fold-musta-65-622-29x2-6\/"},"modified":"2026-03-21T11:53:04","modified_gmt":"2026-03-21T09:53:04","slug":"dack-mazza-race-fold-svart-65-622-29x2-6","status":"publish","type":"product","link":"https:\/\/vmsport.fi\/sv\/verkkokauppa\/renkaat\/ulkorenkaat\/maastopyoran-renkaat\/rengas-mazza-race-fold-musta-65-622-29x2-6\/","title":{"rendered":"D\u00e4ck Mazza Race Fold svart 65-622\/29\u00d72.6"},"content":{"rendered":"<p>Vittoria Mazza Race Fold 65-622 black-d\u00e4cket erbjuder prestanda p\u00e5 h\u00f6gsta niv\u00e5 f\u00f6r mountainbike-entusiaster. D\u00e4cket \u00e4r utformat f\u00f6r s\u00e4rskilt kr\u00e4vande k\u00f6rf\u00f6rh\u00e5llanden och har ett avancerat slitbanem\u00f6nster f\u00f6r b\u00e4ttre grepp och hantering p\u00e5 oj\u00e4mna underlag. 29\u00d72.6-d\u00e4cket \u00e4r tillverkat av slitstarka material f\u00f6r att s\u00e4kerst\u00e4lla l\u00e5ng livsl\u00e4ngd och tillf\u00f6rlitlig k\u00f6rning. Dess l\u00e4tta men robusta konstruktion bidrar till k\u00f6rkomfort och hastighet, vilket g\u00f6r det idealiskt f\u00f6r b\u00e5de daglig anv\u00e4ndning och t\u00e4vlingssituationer. Dessutom g\u00f6r d\u00e4ckets enkla montering det till det perfekta valet f\u00f6r alla typer av mountainbikecyklister.<\/p>","protected":false},"excerpt":{"rendered":"<p>Vittoria Mazza Race Fold 65-622 musta rengas tarjoaa huipputason suorituskyky\u00e4 maastopy\u00f6r\u00e4ilyn harrastajille. T\u00e4m\u00e4 rengas on suunniteltu erityisen vaativiin ajo-olosuhteisiin, ja sen edistynyt pintakuviointi takaa paremman pidon sek\u00e4 hallittavuuden ep\u00e4tasaisilla alustoilla. 29&#215;2.6 kokoinen rengas on valmistettu kest\u00e4vist\u00e4 materiaaleista, mik\u00e4 varmistaa pitk\u00e4n k\u00e4ytt\u00f6i\u00e4n ja luotettavuuden ajossa. Ajomukavuuteen ja nopeuteen vaikuttaa sen kevyt mutta tukeva rakenne, joten se [&#8230;]<\/p>\n<p><a class=\"btn btn-secondary understrap-read-more-link\" href=\"https:\/\/vmsport.fi\/sv\/verkkokauppa\/renkaat\/ulkorenkaat\/maastopyoran-renkaat\/rengas-mazza-race-fold-musta-65-622-29x2-6\/\">L\u00e4s mer \u2026<span class=\"screen-reader-text\"> from Rengas Mazza Race Fold musta 65-622\/29&#215;2.6<\/span><\/a><\/p>\n","protected":false},"featured_media":56713,"comment_status":"open","ping_status":"closed","template":"","meta":{"_acf_changed":false,"_improvement_type_select":"improve_an_existing","_thumb_yes_seoaic":false,"_frame_yes_seoaic":false,"seoaic_generate_description":"","seoaic_improve_instructions_prompt":"","seoaic_rollback_content_improvement":"","seoaic_idea_thumbnail_generator":"","thumbnail_generated":false,"thumbnail_generate_prompt":"","seoaic_article_description":"","_supplier_stock_quantity":0},"product_brand":[],"product_model":[],"product_cat":[9314],"product_tag":[],"industry-terminology":[],"class_list":{"0":"post-56714","1":"product","2":"type-product","3":"status-publish","4":"has-post-thumbnail","6":"product_cat-maastopyoran-renkaat","8":"first","9":"instock","10":"taxable","11":"shipping-taxable","12":"purchasable","13":"product-type-simple"},"acf":{"bike_features":null,"overview":{"copy_overview":null,"key_features":null,"statement":"","youtube_url":""}},"yoast_head":"<!-- This site is optimized with the Yoast SEO plugin v27.3 - https:\/\/yoast.com\/product\/yoast-seo-wordpress\/ -->\n<title>Rengas Mazza Race Fold musta 65-622\/29x2.6 - VM Sport<\/title>\n<meta name=\"robots\" content=\"index, follow, max-snippet:-1, max-image-preview:large, max-video-preview:-1\" \/>\n<link rel=\"canonical\" href=\"https:\/\/vmsport.fi\/sv\/webbutik\/dack\/dack-for-utomhusbruk\/dack-for-terrangfordon\/dack-mazza-race-fold-svart-65-622-29x2-6\/\" \/>\n<meta property=\"og:locale\" content=\"sv_SE\" \/>\n<meta property=\"og:type\" content=\"article\" \/>\n<meta property=\"og:title\" content=\"Rengas Mazza Race Fold musta 65-622\/29x2.6 - VM Sport\" \/>\n<meta property=\"og:description\" content=\"Vittoria Mazza Race Fold 65-622 musta rengas tarjoaa huipputason suorituskyky\u00e4 maastopy\u00f6r\u00e4ilyn harrastajille. T\u00e4m\u00e4 rengas on suunniteltu erityisen vaativiin ajo-olosuhteisiin, ja sen edistynyt pintakuviointi takaa paremman pidon sek\u00e4 hallittavuuden ep\u00e4tasaisilla alustoilla. 29&#215;2.6 kokoinen rengas on valmistettu kest\u00e4vist\u00e4 materiaaleista, mik\u00e4 varmistaa pitk\u00e4n k\u00e4ytt\u00f6i\u00e4n ja luotettavuuden ajossa. Ajomukavuuteen ja nopeuteen vaikuttaa sen kevyt mutta tukeva rakenne, joten se [...]L\u00e4s mer \u2026 from Rengas Mazza Race Fold musta 65-622\/29&#215;2.6\" \/>\n<meta property=\"og:url\" content=\"https:\/\/vmsport.fi\/sv\/webbutik\/dack\/dack-for-utomhusbruk\/dack-for-terrangfordon\/dack-mazza-race-fold-svart-65-622-29x2-6\/\" \/>\n<meta property=\"og:site_name\" content=\"VM Sport\" \/>\n<meta property=\"article:publisher\" content=\"https:\/\/www.facebook.com\/Vmsport.fi\/\" \/>\n<meta property=\"article:modified_time\" content=\"2026-03-21T09:53:04+00:00\" \/>\n<meta property=\"og:image\" content=\"https:\/\/vmsport.fi\/wp-content\/uploads\/2025\/03\/Mazza-RACE-Black-01-jpg-thumb-572-572-1.png\" \/>\n\t<meta property=\"og:image:width\" content=\"572\" \/>\n\t<meta property=\"og:image:height\" content=\"572\" \/>\n\t<meta property=\"og:image:type\" content=\"image\/png\" \/>\n<meta name=\"twitter:card\" content=\"summary_large_image\" \/>\n<script type=\"application\/ld+json\" class=\"yoast-schema-graph\">{\"@context\":\"https:\\\/\\\/schema.org\",\"@graph\":[{\"@type\":[\"WebPage\",\"ItemPage\"],\"@id\":\"https:\\\/\\\/vmsport.fi\\\/verkkokauppa\\\/renkaat\\\/ulkorenkaat\\\/maastopyoran-renkaat\\\/rengas-mazza-race-fold-musta-65-622-29x2-6\\\/\",\"url\":\"https:\\\/\\\/vmsport.fi\\\/verkkokauppa\\\/renkaat\\\/ulkorenkaat\\\/maastopyoran-renkaat\\\/rengas-mazza-race-fold-musta-65-622-29x2-6\\\/\",\"name\":\"Rengas Mazza Race Fold musta 65-622\\\/29x2.6 - VM Sport\",\"isPartOf\":{\"@id\":\"https:\\\/\\\/vmsport.fi\\\/#website\"},\"primaryImageOfPage\":{\"@id\":\"https:\\\/\\\/vmsport.fi\\\/verkkokauppa\\\/renkaat\\\/ulkorenkaat\\\/maastopyoran-renkaat\\\/rengas-mazza-race-fold-musta-65-622-29x2-6\\\/#primaryimage\"},\"image\":{\"@id\":\"https:\\\/\\\/vmsport.fi\\\/verkkokauppa\\\/renkaat\\\/ulkorenkaat\\\/maastopyoran-renkaat\\\/rengas-mazza-race-fold-musta-65-622-29x2-6\\\/#primaryimage\"},\"thumbnailUrl\":\"https:\\\/\\\/vmsport.fi\\\/wp-content\\\/uploads\\\/2025\\\/03\\\/Mazza-RACE-Black-01-jpg-thumb-572-572-1.png\",\"datePublished\":\"2025-03-05T22:23:16+00:00\",\"dateModified\":\"2026-03-21T09:53:04+00:00\",\"breadcrumb\":{\"@id\":\"https:\\\/\\\/vmsport.fi\\\/verkkokauppa\\\/renkaat\\\/ulkorenkaat\\\/maastopyoran-renkaat\\\/rengas-mazza-race-fold-musta-65-622-29x2-6\\\/#breadcrumb\"},\"inLanguage\":\"sv-SE\",\"potentialAction\":[{\"@type\":\"ReadAction\",\"target\":[\"https:\\\/\\\/vmsport.fi\\\/verkkokauppa\\\/renkaat\\\/ulkorenkaat\\\/maastopyoran-renkaat\\\/rengas-mazza-race-fold-musta-65-622-29x2-6\\\/\"]}]},{\"@type\":\"ImageObject\",\"inLanguage\":\"sv-SE\",\"@id\":\"https:\\\/\\\/vmsport.fi\\\/verkkokauppa\\\/renkaat\\\/ulkorenkaat\\\/maastopyoran-renkaat\\\/rengas-mazza-race-fold-musta-65-622-29x2-6\\\/#primaryimage\",\"url\":\"https:\\\/\\\/vmsport.fi\\\/wp-content\\\/uploads\\\/2025\\\/03\\\/Mazza-RACE-Black-01-jpg-thumb-572-572-1.png\",\"contentUrl\":\"https:\\\/\\\/vmsport.fi\\\/wp-content\\\/uploads\\\/2025\\\/03\\\/Mazza-RACE-Black-01-jpg-thumb-572-572-1.png\",\"width\":572,\"height\":572,\"caption\":\"Mazza-RACE-Black-01-jpg-thumb-572-572\"},{\"@type\":\"BreadcrumbList\",\"@id\":\"https:\\\/\\\/vmsport.fi\\\/verkkokauppa\\\/renkaat\\\/ulkorenkaat\\\/maastopyoran-renkaat\\\/rengas-mazza-race-fold-musta-65-622-29x2-6\\\/#breadcrumb\",\"itemListElement\":[{\"@type\":\"ListItem\",\"position\":1,\"name\":\"Etusivu\",\"item\":\"https:\\\/\\\/vmsport.fi\\\/\"},{\"@type\":\"ListItem\",\"position\":2,\"name\":\"Online Store\",\"item\":\"https:\\\/\\\/vmsport.fi\\\/en\\\/online-store\\\/\"},{\"@type\":\"ListItem\",\"position\":3,\"name\":\"Rengas Mazza Race Fold musta 65-622\\\/29&#215;2.6\"}]},{\"@type\":\"WebSite\",\"@id\":\"https:\\\/\\\/vmsport.fi\\\/#website\",\"url\":\"https:\\\/\\\/vmsport.fi\\\/\",\"name\":\"Vmsport\",\"description\":\"Kaikki py\u00f6r\u00e4ilyyn yhdest\u00e4 paikasta\",\"publisher\":{\"@id\":\"https:\\\/\\\/vmsport.fi\\\/#organization\"},\"potentialAction\":[{\"@type\":\"SearchAction\",\"target\":{\"@type\":\"EntryPoint\",\"urlTemplate\":\"https:\\\/\\\/vmsport.fi\\\/?s={search_term_string}\"},\"query-input\":{\"@type\":\"PropertyValueSpecification\",\"valueRequired\":true,\"valueName\":\"search_term_string\"}}],\"inLanguage\":\"sv-SE\"},{\"@type\":\"Organization\",\"@id\":\"https:\\\/\\\/vmsport.fi\\\/#organization\",\"name\":\"Vmsport\",\"url\":\"https:\\\/\\\/vmsport.fi\\\/\",\"logo\":{\"@type\":\"ImageObject\",\"inLanguage\":\"sv-SE\",\"@id\":\"https:\\\/\\\/vmsport.fi\\\/#\\\/schema\\\/logo\\\/image\\\/\",\"url\":\"https:\\\/\\\/vmsport.fi\\\/wp-content\\\/uploads\\\/2024\\\/12\\\/vm_sport_RGB_horisontal-e1734526017575.png\",\"contentUrl\":\"https:\\\/\\\/vmsport.fi\\\/wp-content\\\/uploads\\\/2024\\\/12\\\/vm_sport_RGB_horisontal-e1734526017575.png\",\"width\":668,\"height\":85,\"caption\":\"Vmsport\"},\"image\":{\"@id\":\"https:\\\/\\\/vmsport.fi\\\/#\\\/schema\\\/logo\\\/image\\\/\"},\"sameAs\":[\"https:\\\/\\\/www.facebook.com\\\/Vmsport.fi\\\/\",\"https:\\\/\\\/www.instagram.com\\\/vmsport\\\/\"]}]}<\/script>\n<!-- \/ Yoast SEO plugin. -->","yoast_head_json":{"title":"D\u00e4ck Mazza Race Fold svart 65-622\/29x2.6 - VM Sport","robots":{"index":"index","follow":"follow","max-snippet":"max-snippet:-1","max-image-preview":"max-image-preview:large","max-video-preview":"max-video-preview:-1"},"canonical":"https:\/\/vmsport.fi\/sv\/webbutik\/dack\/dack-for-utomhusbruk\/dack-for-terrangfordon\/dack-mazza-race-fold-svart-65-622-29x2-6\/","og_locale":"sv_SE","og_type":"article","og_title":"Rengas Mazza Race Fold musta 65-622\/29x2.6 - VM Sport","og_description":"Vittoria Mazza Race Fold 65-622 musta rengas tarjoaa huipputason suorituskyky\u00e4 maastopy\u00f6r\u00e4ilyn harrastajille. T\u00e4m\u00e4 rengas on suunniteltu erityisen vaativiin ajo-olosuhteisiin, ja sen edistynyt pintakuviointi takaa paremman pidon sek\u00e4 hallittavuuden ep\u00e4tasaisilla alustoilla. 29&#215;2.6 kokoinen rengas on valmistettu kest\u00e4vist\u00e4 materiaaleista, mik\u00e4 varmistaa pitk\u00e4n k\u00e4ytt\u00f6i\u00e4n ja luotettavuuden ajossa. Ajomukavuuteen ja nopeuteen vaikuttaa sen kevyt mutta tukeva rakenne, joten se [...]L\u00e4s mer \u2026 from Rengas Mazza Race Fold musta 65-622\/29&#215;2.6","og_url":"https:\/\/vmsport.fi\/sv\/webbutik\/dack\/dack-for-utomhusbruk\/dack-for-terrangfordon\/dack-mazza-race-fold-svart-65-622-29x2-6\/","og_site_name":"VM Sport","article_publisher":"https:\/\/www.facebook.com\/Vmsport.fi\/","article_modified_time":"2026-03-21T09:53:04+00:00","og_image":[{"width":572,"height":572,"url":"https:\/\/vmsport.fi\/wp-content\/uploads\/2025\/03\/Mazza-RACE-Black-01-jpg-thumb-572-572-1.png","type":"image\/png"}],"twitter_card":"summary_large_image","schema":{"@context":"https:\/\/schema.org","@graph":[{"@type":["WebPage","ItemPage"],"@id":"https:\/\/vmsport.fi\/verkkokauppa\/renkaat\/ulkorenkaat\/maastopyoran-renkaat\/rengas-mazza-race-fold-musta-65-622-29x2-6\/","url":"https:\/\/vmsport.fi\/verkkokauppa\/renkaat\/ulkorenkaat\/maastopyoran-renkaat\/rengas-mazza-race-fold-musta-65-622-29x2-6\/","name":"D\u00e4ck Mazza Race Fold svart 65-622\/29x2.6 - VM Sport","isPartOf":{"@id":"https:\/\/vmsport.fi\/#website"},"primaryImageOfPage":{"@id":"https:\/\/vmsport.fi\/verkkokauppa\/renkaat\/ulkorenkaat\/maastopyoran-renkaat\/rengas-mazza-race-fold-musta-65-622-29x2-6\/#primaryimage"},"image":{"@id":"https:\/\/vmsport.fi\/verkkokauppa\/renkaat\/ulkorenkaat\/maastopyoran-renkaat\/rengas-mazza-race-fold-musta-65-622-29x2-6\/#primaryimage"},"thumbnailUrl":"https:\/\/vmsport.fi\/wp-content\/uploads\/2025\/03\/Mazza-RACE-Black-01-jpg-thumb-572-572-1.png","datePublished":"2025-03-05T22:23:16+00:00","dateModified":"2026-03-21T09:53:04+00:00","breadcrumb":{"@id":"https:\/\/vmsport.fi\/verkkokauppa\/renkaat\/ulkorenkaat\/maastopyoran-renkaat\/rengas-mazza-race-fold-musta-65-622-29x2-6\/#breadcrumb"},"inLanguage":"sv-SE","potentialAction":[{"@type":"ReadAction","target":["https:\/\/vmsport.fi\/verkkokauppa\/renkaat\/ulkorenkaat\/maastopyoran-renkaat\/rengas-mazza-race-fold-musta-65-622-29x2-6\/"]}]},{"@type":"ImageObject","inLanguage":"sv-SE","@id":"https:\/\/vmsport.fi\/verkkokauppa\/renkaat\/ulkorenkaat\/maastopyoran-renkaat\/rengas-mazza-race-fold-musta-65-622-29x2-6\/#primaryimage","url":"https:\/\/vmsport.fi\/wp-content\/uploads\/2025\/03\/Mazza-RACE-Black-01-jpg-thumb-572-572-1.png","contentUrl":"https:\/\/vmsport.fi\/wp-content\/uploads\/2025\/03\/Mazza-RACE-Black-01-jpg-thumb-572-572-1.png","width":572,"height":572,"caption":"Mazza-RACE-Black-01-jpg-thumb-572-572"},{"@type":"BreadcrumbList","@id":"https:\/\/vmsport.fi\/verkkokauppa\/renkaat\/ulkorenkaat\/maastopyoran-renkaat\/rengas-mazza-race-fold-musta-65-622-29x2-6\/#breadcrumb","itemListElement":[{"@type":"ListItem","position":1,"name":"Etusivu","item":"https:\/\/vmsport.fi\/"},{"@type":"ListItem","position":2,"name":"Online Store","item":"https:\/\/vmsport.fi\/en\/online-store\/"},{"@type":"ListItem","position":3,"name":"Rengas Mazza Race Fold musta 65-622\/29&#215;2.6"}]},{"@type":"WebSite","@id":"https:\/\/vmsport.fi\/#website","url":"https:\/\/vmsport.fi\/","name":"Vmsport","description":"Allt p\u00e5 ett st\u00e4lle f\u00f6r cykling","publisher":{"@id":"https:\/\/vmsport.fi\/#organization"},"potentialAction":[{"@type":"SearchAction","target":{"@type":"EntryPoint","urlTemplate":"https:\/\/vmsport.fi\/?s={search_term_string}"},"query-input":{"@type":"PropertyValueSpecification","valueRequired":true,"valueName":"search_term_string"}}],"inLanguage":"sv-SE"},{"@type":"Organization","@id":"https:\/\/vmsport.fi\/#organization","name":"Vmsport","url":"https:\/\/vmsport.fi\/","logo":{"@type":"ImageObject","inLanguage":"sv-SE","@id":"https:\/\/vmsport.fi\/#\/schema\/logo\/image\/","url":"https:\/\/vmsport.fi\/wp-content\/uploads\/2024\/12\/vm_sport_RGB_horisontal-e1734526017575.png","contentUrl":"https:\/\/vmsport.fi\/wp-content\/uploads\/2024\/12\/vm_sport_RGB_horisontal-e1734526017575.png","width":668,"height":85,"caption":"Vmsport"},"image":{"@id":"https:\/\/vmsport.fi\/#\/schema\/logo\/image\/"},"sameAs":["https:\/\/www.facebook.com\/Vmsport.fi\/","https:\/\/www.instagram.com\/vmsport\/"]}]}},"global_unique_id":"","_links":{"self":[{"href":"https:\/\/vmsport.fi\/sv\/wp-json\/wp\/v2\/product\/56714","targetHints":{"allow":["GET"]}}],"collection":[{"href":"https:\/\/vmsport.fi\/sv\/wp-json\/wp\/v2\/product"}],"about":[{"href":"https:\/\/vmsport.fi\/sv\/wp-json\/wp\/v2\/types\/product"}],"replies":[{"embeddable":true,"href":"https:\/\/vmsport.fi\/sv\/wp-json\/wp\/v2\/comments?post=56714"}],"wp:featuredmedia":[{"embeddable":true,"href":"https:\/\/vmsport.fi\/sv\/wp-json\/wp\/v2\/media\/56713"}],"wp:attachment":[{"href":"https:\/\/vmsport.fi\/sv\/wp-json\/wp\/v2\/media?parent=56714"}],"wp:term":[{"taxonomy":"product_brand","embeddable":true,"href":"https:\/\/vmsport.fi\/sv\/wp-json\/wp\/v2\/product_brand?post=56714"},{"taxonomy":"product_model","embeddable":true,"href":"https:\/\/vmsport.fi\/sv\/wp-json\/wp\/v2\/product_model?post=56714"},{"taxonomy":"product_cat","embeddable":true,"href":"https:\/\/vmsport.fi\/sv\/wp-json\/wp\/v2\/product_cat?post=56714"},{"taxonomy":"product_tag","embeddable":true,"href":"https:\/\/vmsport.fi\/sv\/wp-json\/wp\/v2\/product_tag?post=56714"},{"taxonomy":"industry_terminology","embeddable":true,"href":"https:\/\/vmsport.fi\/sv\/wp-json\/wp\/v2\/industry-terminology?post=56714"}],"curies":[{"name":"wp","href":"https:\/\/api.w.org\/{rel}","templated":true}]}}