{"id":56710,"date":"2025-03-06T00:23:14","date_gmt":"2025-03-05T22:23:14","guid":{"rendered":"https:\/\/vmsport.fi\/verkkokauppa\/Ei-luokiteltu\/trek-fetch-4-lava\/"},"modified":"2026-03-14T02:00:29","modified_gmt":"2026-03-14T00:00:29","slug":"trek-apport-4-lava","status":"publish","type":"product","link":"https:\/\/vmsport.fi\/sv\/verkkokauppa\/polkupyorat\/sahkoavusteinen-laatikkopyora\/trek-fetch-4-lava\/","title":{"rendered":"Trek Fetch+ 4 - LAVA"},"content":{"rendered":"<p>Trek Fetch+ \u00e4r en elcykel som \u00e4r utformad f\u00f6r att underl\u00e4tta stadspendling och familjecykling. Designen g\u00f6r den l\u00e4tt att hantera och den rymliga plattformen ger gott om plats f\u00f6r dina saker. Ett paketh\u00e5llare p\u00e5 baksidan \u00f6kar transportm\u00f6jligheterna. Ett v\u00e4derskydd ger extra skydd f\u00f6r passagerare och tillh\u00f6righeter mot v\u00e4der och vind. Den h\u00e4r cykeln \u00e4r ett praktiskt och effektivt val f\u00f6r stadstransporter.<\/p>","protected":false},"excerpt":{"rendered":"<p>Fetch+ 4 auttaa sinua kuljettamaan arvokasta kuormaasi, luomaan yhteytt\u00e4 perheeseesi ja korvaamaan autosi tyylill\u00e4. [&#8230;]<\/p>\n<p><a class=\"btn btn-secondary understrap-read-more-link\" href=\"https:\/\/vmsport.fi\/sv\/verkkokauppa\/polkupyorat\/sahkoavusteinen-laatikkopyora\/trek-fetch-4-lava\/\">L\u00e4s mer \u2026<span class=\"screen-reader-text\"> from Trek Fetch+ 4 &#8211; LAVA<\/span><\/a><\/p>\n","protected":false},"featured_media":56700,"comment_status":"open","ping_status":"closed","template":"","meta":{"_acf_changed":false,"_improvement_type_select":"improve_an_existing","_thumb_yes_seoaic":false,"_frame_yes_seoaic":false,"seoaic_generate_description":"","seoaic_improve_instructions_prompt":"","seoaic_rollback_content_improvement":"","seoaic_idea_thumbnail_generator":"","thumbnail_generated":false,"thumbnail_generate_prompt":"","seoaic_article_description":"","_supplier_stock_quantity":0},"product_brand":[37],"product_model":[],"product_cat":[9450],"product_tag":[],"industry-terminology":[],"class_list":{"0":"post-56710","1":"product","2":"type-product","3":"status-publish","4":"has-post-thumbnail","6":"product_brand-trek","7":"product_cat-sahkoavusteinen-laatikkopyora","9":"first","10":"onbackorder","11":"taxable","12":"shipping-taxable","13":"purchasable","14":"product-type-variable"},"acf":{"bike_features":[{"image":"https:\/\/media.trekbikes.com\/image\/upload\/w_768,c_pad,f_auto,fl_progressive:semi,q_auto\/feature_city_2022_Fetch_Plus4_City_Cargobox_Primary","header":"Etukuljetuslaatikko","description":"Tilava ja tukeva laatikko, joka on suunniteltu lastien mukavuuden ja turvallisuuden takaamiseksi."},{"image":"https:\/\/media.trekbikes.com\/image\/upload\/w_768,c_pad,f_auto,fl_progressive:semi,q_auto\/feature_city_2022_Fetch_Plus4_CustomizableSeating_Primary","header":"Mukautuvat istuimet","description":"Vaihdettavat kokoonpanot etulaatikkoon sopivat perheesi tarpeisiin."},{"image":"https:\/\/media.trekbikes.com\/image\/upload\/w_768,c_pad,f_auto,fl_progressive:semi,q_auto\/feature_city_2022_Fetch_Plus24_ConfidentRide_Primary","header":"Vakaa ajettavuus","description":"Tarjoaa turvallisen ajokokemuksen my\u00f6s t\u00e4ydess\u00e4 kuormassa."}],"overview":{"copy_overview":[{"overview":"Fetch+ 4 tuo mukautuvuutta ja mukavuutta kaupunkiin liikkumiseen."},{"overview":"Suunniteltu korvaamaan autosi ja tuomaan iloa p\u00e4ivitt\u00e4isiin matkoihin."},{"overview":"Hyvin suunniteltu rakenne yhdistettyn\u00e4 premium-komponentteihin tuo mielenrauhaa."},{"overview":"Innovatiiviset turvaominaisuudet tekev\u00e4t matkasta nautinnollisen sek\u00e4 lapsille ett\u00e4 aikuisille."}],"key_features":[{"feature":"Tehokas Bosch-\u00e4lyj\u00e4rjestelm\u00e4 s\u00e4hk\u00f6avustukseen."},{"feature":"Tilava etukuljetuslaatikko turvallisilla istuinj\u00e4rjestelyill\u00e4."},{"feature":"Gates CDX-hihnaveto sujuvaan ja huoltovapaaseen k\u00e4ytt\u00f6\u00f6n."},{"feature":"Mukautuvat kokoonpanot perheen kasvaviin tarpeisiin."}],"statement":"Ei pelkk\u00e4 py\u00f6r\u00e4, vaan el\u00e4m\u00e4nkaltainen parannus.","youtube_url":"https:\/\/www.youtube.com\/watch?v=je6QY4q7Oys"}},"yoast_head":"<!-- This site is optimized with the Yoast SEO plugin v27.3 - https:\/\/yoast.com\/product\/yoast-seo-wordpress\/ -->\n<title>Trek Fetch+ 4 - LAVA - VM Sport<\/title>\n<meta name=\"robots\" content=\"index, follow, max-snippet:-1, max-image-preview:large, max-video-preview:-1\" \/>\n<link rel=\"canonical\" href=\"https:\/\/vmsport.fi\/sv\/webbutik\/cyklar\/sagtandad-ladsag\/trek-apport-4-lava\/\" \/>\n<meta property=\"og:locale\" content=\"sv_SE\" \/>\n<meta property=\"og:type\" content=\"article\" \/>\n<meta property=\"og:title\" content=\"Trek Fetch+ 4 - LAVA - VM Sport\" \/>\n<meta property=\"og:description\" content=\"Fetch+ 4 auttaa sinua kuljettamaan arvokasta kuormaasi, luomaan yhteytt\u00e4 perheeseesi ja korvaamaan autosi tyylill\u00e4. [...]L\u00e4s mer \u2026 from Trek Fetch+ 4 &#8211; LAVA\" \/>\n<meta property=\"og:url\" content=\"https:\/\/vmsport.fi\/sv\/webbutik\/cyklar\/sagtandad-ladsag\/trek-apport-4-lava\/\" \/>\n<meta property=\"og:site_name\" content=\"VM Sport\" \/>\n<meta property=\"article:publisher\" content=\"https:\/\/www.facebook.com\/Vmsport.fi\/\" \/>\n<meta property=\"article:modified_time\" content=\"2026-03-14T00:00:29+00:00\" \/>\n<meta property=\"og:image\" content=\"https:\/\/vmsport.fi\/wp-content\/uploads\/2025\/03\/jibxR13oXsA8nu9S4x0UwgBi1Y5TiAuLxx1gBLPNgkXPXChsTr-1.jpg\" \/>\n\t<meta property=\"og:image:width\" content=\"1000\" \/>\n\t<meta property=\"og:image:height\" content=\"750\" \/>\n\t<meta property=\"og:image:type\" content=\"image\/jpeg\" \/>\n<meta name=\"twitter:card\" content=\"summary_large_image\" \/>\n<script type=\"application\/ld+json\" class=\"yoast-schema-graph\">{\"@context\":\"https:\\\/\\\/schema.org\",\"@graph\":[{\"@type\":[\"WebPage\",\"ItemPage\"],\"@id\":\"https:\\\/\\\/vmsport.fi\\\/verkkokauppa\\\/polkupyorat\\\/sahkoavusteinen-laatikkopyora\\\/trek-fetch-4-lava\\\/\",\"url\":\"https:\\\/\\\/vmsport.fi\\\/verkkokauppa\\\/polkupyorat\\\/sahkoavusteinen-laatikkopyora\\\/trek-fetch-4-lava\\\/\",\"name\":\"Trek Fetch+ 4 - LAVA - VM Sport\",\"isPartOf\":{\"@id\":\"https:\\\/\\\/vmsport.fi\\\/#website\"},\"primaryImageOfPage\":{\"@id\":\"https:\\\/\\\/vmsport.fi\\\/verkkokauppa\\\/polkupyorat\\\/sahkoavusteinen-laatikkopyora\\\/trek-fetch-4-lava\\\/#primaryimage\"},\"image\":{\"@id\":\"https:\\\/\\\/vmsport.fi\\\/verkkokauppa\\\/polkupyorat\\\/sahkoavusteinen-laatikkopyora\\\/trek-fetch-4-lava\\\/#primaryimage\"},\"thumbnailUrl\":\"https:\\\/\\\/vmsport.fi\\\/wp-content\\\/uploads\\\/2025\\\/03\\\/jibxR13oXsA8nu9S4x0UwgBi1Y5TiAuLxx1gBLPNgkXPXChsTr-1.jpg\",\"datePublished\":\"2025-03-05T22:23:14+00:00\",\"dateModified\":\"2026-03-14T00:00:29+00:00\",\"breadcrumb\":{\"@id\":\"https:\\\/\\\/vmsport.fi\\\/verkkokauppa\\\/polkupyorat\\\/sahkoavusteinen-laatikkopyora\\\/trek-fetch-4-lava\\\/#breadcrumb\"},\"inLanguage\":\"sv-SE\",\"potentialAction\":[{\"@type\":\"ReadAction\",\"target\":[\"https:\\\/\\\/vmsport.fi\\\/verkkokauppa\\\/polkupyorat\\\/sahkoavusteinen-laatikkopyora\\\/trek-fetch-4-lava\\\/\"]}]},{\"@type\":\"ImageObject\",\"inLanguage\":\"sv-SE\",\"@id\":\"https:\\\/\\\/vmsport.fi\\\/verkkokauppa\\\/polkupyorat\\\/sahkoavusteinen-laatikkopyora\\\/trek-fetch-4-lava\\\/#primaryimage\",\"url\":\"https:\\\/\\\/vmsport.fi\\\/wp-content\\\/uploads\\\/2025\\\/03\\\/jibxR13oXsA8nu9S4x0UwgBi1Y5TiAuLxx1gBLPNgkXPXChsTr-1.jpg\",\"contentUrl\":\"https:\\\/\\\/vmsport.fi\\\/wp-content\\\/uploads\\\/2025\\\/03\\\/jibxR13oXsA8nu9S4x0UwgBi1Y5TiAuLxx1gBLPNgkXPXChsTr-1.jpg\",\"width\":1000,\"height\":750,\"caption\":\"jibxR13oXsA8nu9S4x0UwgBi1Y5TiAuLxx1gBLPNgkXPXChsTr\"},{\"@type\":\"BreadcrumbList\",\"@id\":\"https:\\\/\\\/vmsport.fi\\\/verkkokauppa\\\/polkupyorat\\\/sahkoavusteinen-laatikkopyora\\\/trek-fetch-4-lava\\\/#breadcrumb\",\"itemListElement\":[{\"@type\":\"ListItem\",\"position\":1,\"name\":\"Etusivu\",\"item\":\"https:\\\/\\\/vmsport.fi\\\/\"},{\"@type\":\"ListItem\",\"position\":2,\"name\":\"Online Store\",\"item\":\"https:\\\/\\\/vmsport.fi\\\/en\\\/online-store\\\/\"},{\"@type\":\"ListItem\",\"position\":3,\"name\":\"Trek polkupy\u00f6r\u00e4t\",\"item\":\"https:\\\/\\\/vmsport.fi\\\/sv\\\/merkki\\\/trek\\\/\"},{\"@type\":\"ListItem\",\"position\":4,\"name\":\"Trek Fetch+ 4 &#8211; LAVA\"}]},{\"@type\":\"WebSite\",\"@id\":\"https:\\\/\\\/vmsport.fi\\\/#website\",\"url\":\"https:\\\/\\\/vmsport.fi\\\/\",\"name\":\"Vmsport\",\"description\":\"Kaikki py\u00f6r\u00e4ilyyn yhdest\u00e4 paikasta\",\"publisher\":{\"@id\":\"https:\\\/\\\/vmsport.fi\\\/#organization\"},\"potentialAction\":[{\"@type\":\"SearchAction\",\"target\":{\"@type\":\"EntryPoint\",\"urlTemplate\":\"https:\\\/\\\/vmsport.fi\\\/?s={search_term_string}\"},\"query-input\":{\"@type\":\"PropertyValueSpecification\",\"valueRequired\":true,\"valueName\":\"search_term_string\"}}],\"inLanguage\":\"sv-SE\"},{\"@type\":\"Organization\",\"@id\":\"https:\\\/\\\/vmsport.fi\\\/#organization\",\"name\":\"Vmsport\",\"url\":\"https:\\\/\\\/vmsport.fi\\\/\",\"logo\":{\"@type\":\"ImageObject\",\"inLanguage\":\"sv-SE\",\"@id\":\"https:\\\/\\\/vmsport.fi\\\/#\\\/schema\\\/logo\\\/image\\\/\",\"url\":\"https:\\\/\\\/vmsport.fi\\\/wp-content\\\/uploads\\\/2024\\\/12\\\/vm_sport_RGB_horisontal-e1734526017575.png\",\"contentUrl\":\"https:\\\/\\\/vmsport.fi\\\/wp-content\\\/uploads\\\/2024\\\/12\\\/vm_sport_RGB_horisontal-e1734526017575.png\",\"width\":668,\"height\":85,\"caption\":\"Vmsport\"},\"image\":{\"@id\":\"https:\\\/\\\/vmsport.fi\\\/#\\\/schema\\\/logo\\\/image\\\/\"},\"sameAs\":[\"https:\\\/\\\/www.facebook.com\\\/Vmsport.fi\\\/\",\"https:\\\/\\\/www.instagram.com\\\/vmsport\\\/\"]}]}<\/script>\n<!-- \/ Yoast SEO plugin. -->","yoast_head_json":{"title":"Trek Fetch+ 4 - LAVA - VM Sport","robots":{"index":"index","follow":"follow","max-snippet":"max-snippet:-1","max-image-preview":"max-image-preview:large","max-video-preview":"max-video-preview:-1"},"canonical":"https:\/\/vmsport.fi\/sv\/webbutik\/cyklar\/sagtandad-ladsag\/trek-apport-4-lava\/","og_locale":"sv_SE","og_type":"article","og_title":"Trek Fetch+ 4 - LAVA - VM Sport","og_description":"Fetch+ 4 auttaa sinua kuljettamaan arvokasta kuormaasi, luomaan yhteytt\u00e4 perheeseesi ja korvaamaan autosi tyylill\u00e4. [...]L\u00e4s mer \u2026 from Trek Fetch+ 4 &#8211; LAVA","og_url":"https:\/\/vmsport.fi\/sv\/webbutik\/cyklar\/sagtandad-ladsag\/trek-apport-4-lava\/","og_site_name":"VM Sport","article_publisher":"https:\/\/www.facebook.com\/Vmsport.fi\/","article_modified_time":"2026-03-14T00:00:29+00:00","og_image":[{"width":1000,"height":750,"url":"https:\/\/vmsport.fi\/wp-content\/uploads\/2025\/03\/jibxR13oXsA8nu9S4x0UwgBi1Y5TiAuLxx1gBLPNgkXPXChsTr-1.jpg","type":"image\/jpeg"}],"twitter_card":"summary_large_image","schema":{"@context":"https:\/\/schema.org","@graph":[{"@type":["WebPage","ItemPage"],"@id":"https:\/\/vmsport.fi\/verkkokauppa\/polkupyorat\/sahkoavusteinen-laatikkopyora\/trek-fetch-4-lava\/","url":"https:\/\/vmsport.fi\/verkkokauppa\/polkupyorat\/sahkoavusteinen-laatikkopyora\/trek-fetch-4-lava\/","name":"Trek Fetch+ 4 - LAVA - VM Sport","isPartOf":{"@id":"https:\/\/vmsport.fi\/#website"},"primaryImageOfPage":{"@id":"https:\/\/vmsport.fi\/verkkokauppa\/polkupyorat\/sahkoavusteinen-laatikkopyora\/trek-fetch-4-lava\/#primaryimage"},"image":{"@id":"https:\/\/vmsport.fi\/verkkokauppa\/polkupyorat\/sahkoavusteinen-laatikkopyora\/trek-fetch-4-lava\/#primaryimage"},"thumbnailUrl":"https:\/\/vmsport.fi\/wp-content\/uploads\/2025\/03\/jibxR13oXsA8nu9S4x0UwgBi1Y5TiAuLxx1gBLPNgkXPXChsTr-1.jpg","datePublished":"2025-03-05T22:23:14+00:00","dateModified":"2026-03-14T00:00:29+00:00","breadcrumb":{"@id":"https:\/\/vmsport.fi\/verkkokauppa\/polkupyorat\/sahkoavusteinen-laatikkopyora\/trek-fetch-4-lava\/#breadcrumb"},"inLanguage":"sv-SE","potentialAction":[{"@type":"ReadAction","target":["https:\/\/vmsport.fi\/verkkokauppa\/polkupyorat\/sahkoavusteinen-laatikkopyora\/trek-fetch-4-lava\/"]}]},{"@type":"ImageObject","inLanguage":"sv-SE","@id":"https:\/\/vmsport.fi\/verkkokauppa\/polkupyorat\/sahkoavusteinen-laatikkopyora\/trek-fetch-4-lava\/#primaryimage","url":"https:\/\/vmsport.fi\/wp-content\/uploads\/2025\/03\/jibxR13oXsA8nu9S4x0UwgBi1Y5TiAuLxx1gBLPNgkXPXChsTr-1.jpg","contentUrl":"https:\/\/vmsport.fi\/wp-content\/uploads\/2025\/03\/jibxR13oXsA8nu9S4x0UwgBi1Y5TiAuLxx1gBLPNgkXPXChsTr-1.jpg","width":1000,"height":750,"caption":"jibxR13oXsA8nu9S4x0UwgBi1Y5TiAuLxx1gBLPNgkXPXChsTr"},{"@type":"BreadcrumbList","@id":"https:\/\/vmsport.fi\/verkkokauppa\/polkupyorat\/sahkoavusteinen-laatikkopyora\/trek-fetch-4-lava\/#breadcrumb","itemListElement":[{"@type":"ListItem","position":1,"name":"Etusivu","item":"https:\/\/vmsport.fi\/"},{"@type":"ListItem","position":2,"name":"Online Store","item":"https:\/\/vmsport.fi\/en\/online-store\/"},{"@type":"ListItem","position":3,"name":"Trek polkupy\u00f6r\u00e4t","item":"https:\/\/vmsport.fi\/sv\/merkki\/trek\/"},{"@type":"ListItem","position":4,"name":"Trek Fetch+ 4 &#8211; LAVA"}]},{"@type":"WebSite","@id":"https:\/\/vmsport.fi\/#website","url":"https:\/\/vmsport.fi\/","name":"Vmsport","description":"Allt p\u00e5 ett st\u00e4lle f\u00f6r cykling","publisher":{"@id":"https:\/\/vmsport.fi\/#organization"},"potentialAction":[{"@type":"SearchAction","target":{"@type":"EntryPoint","urlTemplate":"https:\/\/vmsport.fi\/?s={search_term_string}"},"query-input":{"@type":"PropertyValueSpecification","valueRequired":true,"valueName":"search_term_string"}}],"inLanguage":"sv-SE"},{"@type":"Organization","@id":"https:\/\/vmsport.fi\/#organization","name":"Vmsport","url":"https:\/\/vmsport.fi\/","logo":{"@type":"ImageObject","inLanguage":"sv-SE","@id":"https:\/\/vmsport.fi\/#\/schema\/logo\/image\/","url":"https:\/\/vmsport.fi\/wp-content\/uploads\/2024\/12\/vm_sport_RGB_horisontal-e1734526017575.png","contentUrl":"https:\/\/vmsport.fi\/wp-content\/uploads\/2024\/12\/vm_sport_RGB_horisontal-e1734526017575.png","width":668,"height":85,"caption":"Vmsport"},"image":{"@id":"https:\/\/vmsport.fi\/#\/schema\/logo\/image\/"},"sameAs":["https:\/\/www.facebook.com\/Vmsport.fi\/","https:\/\/www.instagram.com\/vmsport\/"]}]}},"global_unique_id":"","_links":{"self":[{"href":"https:\/\/vmsport.fi\/sv\/wp-json\/wp\/v2\/product\/56710","targetHints":{"allow":["GET"]}}],"collection":[{"href":"https:\/\/vmsport.fi\/sv\/wp-json\/wp\/v2\/product"}],"about":[{"href":"https:\/\/vmsport.fi\/sv\/wp-json\/wp\/v2\/types\/product"}],"replies":[{"embeddable":true,"href":"https:\/\/vmsport.fi\/sv\/wp-json\/wp\/v2\/comments?post=56710"}],"wp:featuredmedia":[{"embeddable":true,"href":"https:\/\/vmsport.fi\/sv\/wp-json\/wp\/v2\/media\/56700"}],"wp:attachment":[{"href":"https:\/\/vmsport.fi\/sv\/wp-json\/wp\/v2\/media?parent=56710"}],"wp:term":[{"taxonomy":"product_brand","embeddable":true,"href":"https:\/\/vmsport.fi\/sv\/wp-json\/wp\/v2\/product_brand?post=56710"},{"taxonomy":"product_model","embeddable":true,"href":"https:\/\/vmsport.fi\/sv\/wp-json\/wp\/v2\/product_model?post=56710"},{"taxonomy":"product_cat","embeddable":true,"href":"https:\/\/vmsport.fi\/sv\/wp-json\/wp\/v2\/product_cat?post=56710"},{"taxonomy":"product_tag","embeddable":true,"href":"https:\/\/vmsport.fi\/sv\/wp-json\/wp\/v2\/product_tag?post=56710"},{"taxonomy":"industry_terminology","embeddable":true,"href":"https:\/\/vmsport.fi\/sv\/wp-json\/wp\/v2\/industry-terminology?post=56710"}],"curies":[{"name":"wp","href":"https:\/\/api.w.org\/{rel}","templated":true}]}}