{"id":56695,"date":"2025-03-06T00:22:51","date_gmt":"2025-03-05T22:22:51","guid":{"rendered":"https:\/\/vmsport.fi\/verkkokauppa\/Ei-luokiteltu\/sks-lokasuoja-s-blade-setti-musta\/"},"modified":"2026-04-01T03:00:21","modified_gmt":"2026-04-01T00:00:21","slug":"sks-fender-s-blad-set-svart","status":"publish","type":"product","link":"https:\/\/vmsport.fi\/sv\/verkkokauppa\/tarvikkeet\/lokasuojat\/lokasuojasetit\/sks-lokasuoja-s-blade-setti-musta\/","title":{"rendered":"SKS Ankelskydd S-Blade set svart"},"content":{"rendered":"<p>SKS S-Blade Set i svart ger utm\u00e4rkt skydd f\u00f6r cykling n\u00e4r v\u00e4derf\u00f6rh\u00e5llandena \u00e4r of\u00f6ruts\u00e4gbara. Dess str\u00f6mlinjeformade design och enkla fasts\u00e4ttning g\u00f6r det till ett perfekt val f\u00f6r sportiga cyklister. Eftersom det \u00e4r tillverkat av h\u00f6gkvalitativa material garanteras dess h\u00e5llbarhet och livsl\u00e4ngd. Setet best\u00e5r av ett bakre st\u00e4nkskydd som ger ett effektivt skydd mot st\u00e4nk. Den h\u00e4r produkten \u00e4r utformad f\u00f6r att g\u00f6ra den dagliga cyklingen mer praktisk och bekv\u00e4m.<\/p>","protected":false},"excerpt":{"rendered":"<p>SKS Lokasuoja S-Blade -setti mustassa v\u00e4riss\u00e4 tarjoaa erinomaisen suojan py\u00f6r\u00e4ilyyn, kun s\u00e4\u00e4olosuhteet ovat arvaamattomat. Sen virtaviivainen muotoilu ja helppo kiinnitys tekev\u00e4t siit\u00e4 ihanteellisen valinnan urheilullisille py\u00f6r\u00e4ilij\u00f6ille. Koska se on valmistettu korkealaatuisista materiaaleista, sen kest\u00e4vyys ja pitk\u00e4ik\u00e4isyys ovat taattuja. Setti koostuu takalokasuojasta, joka suojaa tehokkaasti roiskeilta. T\u00e4m\u00e4 tuote on suunniteltu lis\u00e4\u00e4m\u00e4\u00e4n k\u00e4yt\u00e4nn\u00f6llisyytt\u00e4 ja mukavuutta jokap\u00e4iv\u00e4iseen py\u00f6r\u00e4ilyyn. [&#8230;]<\/p>\n<p><a class=\"btn btn-secondary understrap-read-more-link\" href=\"https:\/\/vmsport.fi\/sv\/verkkokauppa\/tarvikkeet\/lokasuojat\/lokasuojasetit\/sks-lokasuoja-s-blade-setti-musta\/\">L\u00e4s mer \u2026<span class=\"screen-reader-text\"> from SKS Lokasuoja S-Blade setti musta<\/span><\/a><\/p>\n","protected":false},"featured_media":56694,"comment_status":"open","ping_status":"closed","template":"","meta":{"_acf_changed":false,"_improvement_type_select":"improve_an_existing","_thumb_yes_seoaic":false,"_frame_yes_seoaic":false,"seoaic_generate_description":"","seoaic_improve_instructions_prompt":"","seoaic_rollback_content_improvement":"","seoaic_idea_thumbnail_generator":"","thumbnail_generated":false,"thumbnail_generate_prompt":"","seoaic_article_description":"","_supplier_stock_quantity":0},"product_brand":[1583],"product_model":[],"product_cat":[9574],"product_tag":[],"industry-terminology":[],"class_list":{"0":"post-56695","1":"product","2":"type-product","3":"status-publish","4":"has-post-thumbnail","6":"product_brand-sks-germany","7":"product_cat-lokasuojasetit","9":"first","10":"instock","11":"taxable","12":"shipping-taxable","13":"purchasable","14":"product-type-simple"},"acf":{"bike_features":null,"overview":{"copy_overview":null,"key_features":null,"statement":"","youtube_url":""}},"yoast_head":"<!-- This site is optimized with the Yoast SEO plugin v27.4 - https:\/\/yoast.com\/product\/yoast-seo-wordpress\/ -->\n<title>SKS Lokasuoja S-Blade setti musta - VM Sport<\/title>\n<meta name=\"robots\" content=\"index, follow, max-snippet:-1, max-image-preview:large, max-video-preview:-1\" \/>\n<link rel=\"canonical\" href=\"https:\/\/vmsport.fi\/sv\/webbutik\/tillbehor\/stankskarmar\/stankskarmsuppsattningar\/sks-fender-s-blad-set-svart\/\" \/>\n<meta property=\"og:locale\" content=\"sv_SE\" \/>\n<meta property=\"og:type\" content=\"article\" \/>\n<meta property=\"og:title\" content=\"SKS Lokasuoja S-Blade setti musta - VM Sport\" \/>\n<meta property=\"og:description\" content=\"SKS Lokasuoja S-Blade -setti mustassa v\u00e4riss\u00e4 tarjoaa erinomaisen suojan py\u00f6r\u00e4ilyyn, kun s\u00e4\u00e4olosuhteet ovat arvaamattomat. Sen virtaviivainen muotoilu ja helppo kiinnitys tekev\u00e4t siit\u00e4 ihanteellisen valinnan urheilullisille py\u00f6r\u00e4ilij\u00f6ille. Koska se on valmistettu korkealaatuisista materiaaleista, sen kest\u00e4vyys ja pitk\u00e4ik\u00e4isyys ovat taattuja. Setti koostuu takalokasuojasta, joka suojaa tehokkaasti roiskeilta. T\u00e4m\u00e4 tuote on suunniteltu lis\u00e4\u00e4m\u00e4\u00e4n k\u00e4yt\u00e4nn\u00f6llisyytt\u00e4 ja mukavuutta jokap\u00e4iv\u00e4iseen py\u00f6r\u00e4ilyyn. [...]L\u00e4s mer \u2026 from SKS Lokasuoja S-Blade setti musta\" \/>\n<meta property=\"og:url\" content=\"https:\/\/vmsport.fi\/sv\/webbutik\/tillbehor\/stankskarmar\/stankskarmsuppsattningar\/sks-fender-s-blad-set-svart\/\" \/>\n<meta property=\"og:site_name\" content=\"VM Sport\" \/>\n<meta property=\"article:publisher\" content=\"https:\/\/www.facebook.com\/Vmsport.fi\/\" \/>\n<meta property=\"article:modified_time\" content=\"2026-04-01T00:00:21+00:00\" \/>\n<meta property=\"og:image\" content=\"https:\/\/vmsport.fi\/wp-content\/uploads\/2025\/03\/5bV45ZMUkSZC138gkmDlL6JNB2UH1cjiQV5ZZM3qKWW989xnaC-1.jpg\" \/>\n\t<meta property=\"og:image:width\" content=\"800\" \/>\n\t<meta property=\"og:image:height\" content=\"780\" \/>\n\t<meta property=\"og:image:type\" content=\"image\/jpeg\" \/>\n<meta name=\"twitter:card\" content=\"summary_large_image\" \/>\n<script type=\"application\/ld+json\" class=\"yoast-schema-graph\">{\"@context\":\"https:\\\/\\\/schema.org\",\"@graph\":[{\"@type\":[\"WebPage\",\"ItemPage\"],\"@id\":\"https:\\\/\\\/vmsport.fi\\\/verkkokauppa\\\/tarvikkeet\\\/lokasuojat\\\/lokasuojasetit\\\/sks-lokasuoja-s-blade-setti-musta\\\/\",\"url\":\"https:\\\/\\\/vmsport.fi\\\/verkkokauppa\\\/tarvikkeet\\\/lokasuojat\\\/lokasuojasetit\\\/sks-lokasuoja-s-blade-setti-musta\\\/\",\"name\":\"SKS Lokasuoja S-Blade setti musta - VM Sport\",\"isPartOf\":{\"@id\":\"https:\\\/\\\/vmsport.fi\\\/#website\"},\"primaryImageOfPage\":{\"@id\":\"https:\\\/\\\/vmsport.fi\\\/verkkokauppa\\\/tarvikkeet\\\/lokasuojat\\\/lokasuojasetit\\\/sks-lokasuoja-s-blade-setti-musta\\\/#primaryimage\"},\"image\":{\"@id\":\"https:\\\/\\\/vmsport.fi\\\/verkkokauppa\\\/tarvikkeet\\\/lokasuojat\\\/lokasuojasetit\\\/sks-lokasuoja-s-blade-setti-musta\\\/#primaryimage\"},\"thumbnailUrl\":\"https:\\\/\\\/vmsport.fi\\\/wp-content\\\/uploads\\\/2025\\\/03\\\/5bV45ZMUkSZC138gkmDlL6JNB2UH1cjiQV5ZZM3qKWW989xnaC-1.jpg\",\"datePublished\":\"2025-03-05T22:22:51+00:00\",\"dateModified\":\"2026-04-01T00:00:21+00:00\",\"breadcrumb\":{\"@id\":\"https:\\\/\\\/vmsport.fi\\\/verkkokauppa\\\/tarvikkeet\\\/lokasuojat\\\/lokasuojasetit\\\/sks-lokasuoja-s-blade-setti-musta\\\/#breadcrumb\"},\"inLanguage\":\"sv-SE\",\"potentialAction\":[{\"@type\":\"ReadAction\",\"target\":[\"https:\\\/\\\/vmsport.fi\\\/verkkokauppa\\\/tarvikkeet\\\/lokasuojat\\\/lokasuojasetit\\\/sks-lokasuoja-s-blade-setti-musta\\\/\"]}]},{\"@type\":\"ImageObject\",\"inLanguage\":\"sv-SE\",\"@id\":\"https:\\\/\\\/vmsport.fi\\\/verkkokauppa\\\/tarvikkeet\\\/lokasuojat\\\/lokasuojasetit\\\/sks-lokasuoja-s-blade-setti-musta\\\/#primaryimage\",\"url\":\"https:\\\/\\\/vmsport.fi\\\/wp-content\\\/uploads\\\/2025\\\/03\\\/5bV45ZMUkSZC138gkmDlL6JNB2UH1cjiQV5ZZM3qKWW989xnaC-1.jpg\",\"contentUrl\":\"https:\\\/\\\/vmsport.fi\\\/wp-content\\\/uploads\\\/2025\\\/03\\\/5bV45ZMUkSZC138gkmDlL6JNB2UH1cjiQV5ZZM3qKWW989xnaC-1.jpg\",\"width\":800,\"height\":780,\"caption\":\"5bV45ZMUkSZC138gkmDlL6JNB2UH1cjiQV5ZZM3qKWW989xnaC\"},{\"@type\":\"BreadcrumbList\",\"@id\":\"https:\\\/\\\/vmsport.fi\\\/verkkokauppa\\\/tarvikkeet\\\/lokasuojat\\\/lokasuojasetit\\\/sks-lokasuoja-s-blade-setti-musta\\\/#breadcrumb\",\"itemListElement\":[{\"@type\":\"ListItem\",\"position\":1,\"name\":\"Etusivu\",\"item\":\"https:\\\/\\\/vmsport.fi\\\/\"},{\"@type\":\"ListItem\",\"position\":2,\"name\":\"Online Store\",\"item\":\"https:\\\/\\\/vmsport.fi\\\/en\\\/online-store\\\/\"},{\"@type\":\"ListItem\",\"position\":3,\"name\":\"SKS Lokasuoja S-Blade setti musta\"}]},{\"@type\":\"WebSite\",\"@id\":\"https:\\\/\\\/vmsport.fi\\\/#website\",\"url\":\"https:\\\/\\\/vmsport.fi\\\/\",\"name\":\"Vmsport\",\"description\":\"Kaikki py\u00f6r\u00e4ilyyn yhdest\u00e4 paikasta\",\"publisher\":{\"@id\":\"https:\\\/\\\/vmsport.fi\\\/#organization\"},\"potentialAction\":[{\"@type\":\"SearchAction\",\"target\":{\"@type\":\"EntryPoint\",\"urlTemplate\":\"https:\\\/\\\/vmsport.fi\\\/?s={search_term_string}\"},\"query-input\":{\"@type\":\"PropertyValueSpecification\",\"valueRequired\":true,\"valueName\":\"search_term_string\"}}],\"inLanguage\":\"sv-SE\"},{\"@type\":\"Organization\",\"@id\":\"https:\\\/\\\/vmsport.fi\\\/#organization\",\"name\":\"Vmsport\",\"url\":\"https:\\\/\\\/vmsport.fi\\\/\",\"logo\":{\"@type\":\"ImageObject\",\"inLanguage\":\"sv-SE\",\"@id\":\"https:\\\/\\\/vmsport.fi\\\/#\\\/schema\\\/logo\\\/image\\\/\",\"url\":\"https:\\\/\\\/vmsport.fi\\\/wp-content\\\/uploads\\\/2024\\\/12\\\/vm_sport_RGB_horisontal-e1734526017575.png\",\"contentUrl\":\"https:\\\/\\\/vmsport.fi\\\/wp-content\\\/uploads\\\/2024\\\/12\\\/vm_sport_RGB_horisontal-e1734526017575.png\",\"width\":668,\"height\":85,\"caption\":\"Vmsport\"},\"image\":{\"@id\":\"https:\\\/\\\/vmsport.fi\\\/#\\\/schema\\\/logo\\\/image\\\/\"},\"sameAs\":[\"https:\\\/\\\/www.facebook.com\\\/Vmsport.fi\\\/\",\"https:\\\/\\\/www.instagram.com\\\/vmsport\\\/\"]}]}<\/script>\n<!-- \/ Yoast SEO plugin. -->","yoast_head_json":{"title":"SKS Ankelskydd S-Blade set svart - VM Sport","robots":{"index":"index","follow":"follow","max-snippet":"max-snippet:-1","max-image-preview":"max-image-preview:large","max-video-preview":"max-video-preview:-1"},"canonical":"https:\/\/vmsport.fi\/sv\/webbutik\/tillbehor\/stankskarmar\/stankskarmsuppsattningar\/sks-fender-s-blad-set-svart\/","og_locale":"sv_SE","og_type":"article","og_title":"SKS Lokasuoja S-Blade setti musta - VM Sport","og_description":"SKS Lokasuoja S-Blade -setti mustassa v\u00e4riss\u00e4 tarjoaa erinomaisen suojan py\u00f6r\u00e4ilyyn, kun s\u00e4\u00e4olosuhteet ovat arvaamattomat. Sen virtaviivainen muotoilu ja helppo kiinnitys tekev\u00e4t siit\u00e4 ihanteellisen valinnan urheilullisille py\u00f6r\u00e4ilij\u00f6ille. Koska se on valmistettu korkealaatuisista materiaaleista, sen kest\u00e4vyys ja pitk\u00e4ik\u00e4isyys ovat taattuja. Setti koostuu takalokasuojasta, joka suojaa tehokkaasti roiskeilta. T\u00e4m\u00e4 tuote on suunniteltu lis\u00e4\u00e4m\u00e4\u00e4n k\u00e4yt\u00e4nn\u00f6llisyytt\u00e4 ja mukavuutta jokap\u00e4iv\u00e4iseen py\u00f6r\u00e4ilyyn. [...]L\u00e4s mer \u2026 from SKS Lokasuoja S-Blade setti musta","og_url":"https:\/\/vmsport.fi\/sv\/webbutik\/tillbehor\/stankskarmar\/stankskarmsuppsattningar\/sks-fender-s-blad-set-svart\/","og_site_name":"VM Sport","article_publisher":"https:\/\/www.facebook.com\/Vmsport.fi\/","article_modified_time":"2026-04-01T00:00:21+00:00","og_image":[{"width":800,"height":780,"url":"https:\/\/vmsport.fi\/wp-content\/uploads\/2025\/03\/5bV45ZMUkSZC138gkmDlL6JNB2UH1cjiQV5ZZM3qKWW989xnaC-1.jpg","type":"image\/jpeg"}],"twitter_card":"summary_large_image","schema":{"@context":"https:\/\/schema.org","@graph":[{"@type":["WebPage","ItemPage"],"@id":"https:\/\/vmsport.fi\/verkkokauppa\/tarvikkeet\/lokasuojat\/lokasuojasetit\/sks-lokasuoja-s-blade-setti-musta\/","url":"https:\/\/vmsport.fi\/verkkokauppa\/tarvikkeet\/lokasuojat\/lokasuojasetit\/sks-lokasuoja-s-blade-setti-musta\/","name":"SKS Ankelskydd S-Blade set svart - VM Sport","isPartOf":{"@id":"https:\/\/vmsport.fi\/#website"},"primaryImageOfPage":{"@id":"https:\/\/vmsport.fi\/verkkokauppa\/tarvikkeet\/lokasuojat\/lokasuojasetit\/sks-lokasuoja-s-blade-setti-musta\/#primaryimage"},"image":{"@id":"https:\/\/vmsport.fi\/verkkokauppa\/tarvikkeet\/lokasuojat\/lokasuojasetit\/sks-lokasuoja-s-blade-setti-musta\/#primaryimage"},"thumbnailUrl":"https:\/\/vmsport.fi\/wp-content\/uploads\/2025\/03\/5bV45ZMUkSZC138gkmDlL6JNB2UH1cjiQV5ZZM3qKWW989xnaC-1.jpg","datePublished":"2025-03-05T22:22:51+00:00","dateModified":"2026-04-01T00:00:21+00:00","breadcrumb":{"@id":"https:\/\/vmsport.fi\/verkkokauppa\/tarvikkeet\/lokasuojat\/lokasuojasetit\/sks-lokasuoja-s-blade-setti-musta\/#breadcrumb"},"inLanguage":"sv-SE","potentialAction":[{"@type":"ReadAction","target":["https:\/\/vmsport.fi\/verkkokauppa\/tarvikkeet\/lokasuojat\/lokasuojasetit\/sks-lokasuoja-s-blade-setti-musta\/"]}]},{"@type":"ImageObject","inLanguage":"sv-SE","@id":"https:\/\/vmsport.fi\/verkkokauppa\/tarvikkeet\/lokasuojat\/lokasuojasetit\/sks-lokasuoja-s-blade-setti-musta\/#primaryimage","url":"https:\/\/vmsport.fi\/wp-content\/uploads\/2025\/03\/5bV45ZMUkSZC138gkmDlL6JNB2UH1cjiQV5ZZM3qKWW989xnaC-1.jpg","contentUrl":"https:\/\/vmsport.fi\/wp-content\/uploads\/2025\/03\/5bV45ZMUkSZC138gkmDlL6JNB2UH1cjiQV5ZZM3qKWW989xnaC-1.jpg","width":800,"height":780,"caption":"5bV45ZMUkSZC138gkmDlL6JNB2UH1cjiQV5ZZM3qKWW989xnaC"},{"@type":"BreadcrumbList","@id":"https:\/\/vmsport.fi\/verkkokauppa\/tarvikkeet\/lokasuojat\/lokasuojasetit\/sks-lokasuoja-s-blade-setti-musta\/#breadcrumb","itemListElement":[{"@type":"ListItem","position":1,"name":"Etusivu","item":"https:\/\/vmsport.fi\/"},{"@type":"ListItem","position":2,"name":"Online Store","item":"https:\/\/vmsport.fi\/en\/online-store\/"},{"@type":"ListItem","position":3,"name":"SKS Lokasuoja S-Blade setti musta"}]},{"@type":"WebSite","@id":"https:\/\/vmsport.fi\/#website","url":"https:\/\/vmsport.fi\/","name":"Vmsport","description":"Allt p\u00e5 ett st\u00e4lle f\u00f6r cykling","publisher":{"@id":"https:\/\/vmsport.fi\/#organization"},"potentialAction":[{"@type":"SearchAction","target":{"@type":"EntryPoint","urlTemplate":"https:\/\/vmsport.fi\/?s={search_term_string}"},"query-input":{"@type":"PropertyValueSpecification","valueRequired":true,"valueName":"search_term_string"}}],"inLanguage":"sv-SE"},{"@type":"Organization","@id":"https:\/\/vmsport.fi\/#organization","name":"Vmsport","url":"https:\/\/vmsport.fi\/","logo":{"@type":"ImageObject","inLanguage":"sv-SE","@id":"https:\/\/vmsport.fi\/#\/schema\/logo\/image\/","url":"https:\/\/vmsport.fi\/wp-content\/uploads\/2024\/12\/vm_sport_RGB_horisontal-e1734526017575.png","contentUrl":"https:\/\/vmsport.fi\/wp-content\/uploads\/2024\/12\/vm_sport_RGB_horisontal-e1734526017575.png","width":668,"height":85,"caption":"Vmsport"},"image":{"@id":"https:\/\/vmsport.fi\/#\/schema\/logo\/image\/"},"sameAs":["https:\/\/www.facebook.com\/Vmsport.fi\/","https:\/\/www.instagram.com\/vmsport\/"]}]}},"global_unique_id":"","_links":{"self":[{"href":"https:\/\/vmsport.fi\/sv\/wp-json\/wp\/v2\/product\/56695","targetHints":{"allow":["GET"]}}],"collection":[{"href":"https:\/\/vmsport.fi\/sv\/wp-json\/wp\/v2\/product"}],"about":[{"href":"https:\/\/vmsport.fi\/sv\/wp-json\/wp\/v2\/types\/product"}],"replies":[{"embeddable":true,"href":"https:\/\/vmsport.fi\/sv\/wp-json\/wp\/v2\/comments?post=56695"}],"wp:featuredmedia":[{"embeddable":true,"href":"https:\/\/vmsport.fi\/sv\/wp-json\/wp\/v2\/media\/56694"}],"wp:attachment":[{"href":"https:\/\/vmsport.fi\/sv\/wp-json\/wp\/v2\/media?parent=56695"}],"wp:term":[{"taxonomy":"product_brand","embeddable":true,"href":"https:\/\/vmsport.fi\/sv\/wp-json\/wp\/v2\/product_brand?post=56695"},{"taxonomy":"product_model","embeddable":true,"href":"https:\/\/vmsport.fi\/sv\/wp-json\/wp\/v2\/product_model?post=56695"},{"taxonomy":"product_cat","embeddable":true,"href":"https:\/\/vmsport.fi\/sv\/wp-json\/wp\/v2\/product_cat?post=56695"},{"taxonomy":"product_tag","embeddable":true,"href":"https:\/\/vmsport.fi\/sv\/wp-json\/wp\/v2\/product_tag?post=56695"},{"taxonomy":"industry_terminology","embeddable":true,"href":"https:\/\/vmsport.fi\/sv\/wp-json\/wp\/v2\/industry-terminology?post=56695"}],"curies":[{"name":"wp","href":"https:\/\/api.w.org\/{rel}","templated":true}]}}