{"id":56691,"date":"2025-03-06T00:22:50","date_gmt":"2025-03-05T22:22:50","guid":{"rendered":"https:\/\/vmsport.fi\/verkkokauppa\/Ei-luokiteltu\/vaihdevipu-vasen-2v-ogd-sl-m315-sis-vaijerit\/"},"modified":"2026-01-16T13:21:23","modified_gmt":"2026-01-16T11:21:23","slug":"vaxelspak-vanster-2v-ogd-sl-m315-inkl-kablar","status":"publish","type":"product","link":"https:\/\/vmsport.fi\/sv\/verkkokauppa\/varaosat\/vaihteistot\/vaihdevivut\/vaihdevipu-vasen-2v-ogd-sl-m315-sis-vaijerit\/","title":{"rendered":"V\u00e4xelspak v\u00e4nster 2v, OGD SL-M315, inkl. kablar"},"content":{"rendered":"<p>Denna tv\u00e5v\u00e4xlade v\u00e4xelspak, modell OGD SL-M315, \u00e4r utformad f\u00f6r att monteras p\u00e5 v\u00e4nster sida. Den inkluderar kablar f\u00f6r att s\u00e4kerst\u00e4lla mjuka och exakta v\u00e4xlingar. Spakens ergonomiska design ger ett bekv\u00e4mt grepp f\u00f6r \u00f6kad komfort vid anv\u00e4ndning av spaken. Den innovativa designen, som \u00e4r karakteristisk f\u00f6r varum\u00e4rket Shimano, g\u00f6r den l\u00e4mplig f\u00f6r ett brett spektrum av cykelbehov.<\/p>","protected":false},"excerpt":{"rendered":"<p>T\u00e4m\u00e4 kaksivaihteinen vaihdevipu, malli OGD SL-M315, on suunniteltu kiinnitett\u00e4v\u00e4ksi vasemmalle puolelle. Se sis\u00e4lt\u00e4\u00e4 vaijerit, mik\u00e4 takaa sujuvan ja tarkan vaihteiden vaihdon. K\u00e4ytt\u00f6mukavuus paranee vipua k\u00e4ytett\u00e4ess\u00e4, sill\u00e4 sen ergonominen muotoilu tarjoaa miellytt\u00e4v\u00e4n otteen. Innovatiivinen rakenne, joka on ominaista Shimano-br\u00e4ndille, tekee siit\u00e4 sopivan monenlaisiin py\u00f6r\u00e4ilytarpeisiin. [&#8230;]<\/p>\n<p><a class=\"btn btn-secondary understrap-read-more-link\" href=\"https:\/\/vmsport.fi\/sv\/verkkokauppa\/varaosat\/vaihteistot\/vaihdevivut\/vaihdevipu-vasen-2v-ogd-sl-m315-sis-vaijerit\/\">L\u00e4s mer \u2026<span class=\"screen-reader-text\"> from Vaihdevipu vasen 2v, OGD SL-M315, sis. vaijerit<\/span><\/a><\/p>\n","protected":false},"featured_media":56690,"comment_status":"open","ping_status":"closed","template":"","meta":{"_acf_changed":false,"_improvement_type_select":"improve_an_existing","_thumb_yes_seoaic":false,"_frame_yes_seoaic":false,"seoaic_generate_description":"","seoaic_improve_instructions_prompt":"","seoaic_rollback_content_improvement":"","seoaic_idea_thumbnail_generator":"","thumbnail_generated":false,"thumbnail_generate_prompt":"","seoaic_article_description":"","_supplier_stock_quantity":0},"product_brand":[],"product_model":[],"product_cat":[9388],"product_tag":[],"industry-terminology":[],"class_list":{"0":"post-56691","1":"product","2":"type-product","3":"status-publish","4":"has-post-thumbnail","6":"product_cat-vaihdevivut","8":"first","9":"instock","10":"taxable","11":"shipping-taxable","12":"purchasable","13":"product-type-simple"},"acf":{"bike_features":null,"overview":{"copy_overview":null,"key_features":null,"statement":"","youtube_url":""}},"yoast_head":"<!-- This site is optimized with the Yoast SEO plugin v27.3 - https:\/\/yoast.com\/product\/yoast-seo-wordpress\/ -->\n<title>Vaihdevipu vasen 2v, OGD SL-M315, sis. vaijerit - VM Sport<\/title>\n<meta name=\"robots\" content=\"index, follow, max-snippet:-1, max-image-preview:large, max-video-preview:-1\" \/>\n<link rel=\"canonical\" href=\"https:\/\/vmsport.fi\/sv\/webbutik\/reservdelar\/vaxellador\/sidor-om-vaxellador\/vaxelspak-vanster-2v-ogd-sl-m315-inkl-kablar\/\" \/>\n<meta property=\"og:locale\" content=\"sv_SE\" \/>\n<meta property=\"og:type\" content=\"article\" \/>\n<meta property=\"og:title\" content=\"Vaihdevipu vasen 2v, OGD SL-M315, sis. vaijerit - VM Sport\" \/>\n<meta property=\"og:description\" content=\"T\u00e4m\u00e4 kaksivaihteinen vaihdevipu, malli OGD SL-M315, on suunniteltu kiinnitett\u00e4v\u00e4ksi vasemmalle puolelle. Se sis\u00e4lt\u00e4\u00e4 vaijerit, mik\u00e4 takaa sujuvan ja tarkan vaihteiden vaihdon. K\u00e4ytt\u00f6mukavuus paranee vipua k\u00e4ytett\u00e4ess\u00e4, sill\u00e4 sen ergonominen muotoilu tarjoaa miellytt\u00e4v\u00e4n otteen. Innovatiivinen rakenne, joka on ominaista Shimano-br\u00e4ndille, tekee siit\u00e4 sopivan monenlaisiin py\u00f6r\u00e4ilytarpeisiin. [...]L\u00e4s mer \u2026 from Vaihdevipu vasen 2v, OGD SL-M315, sis. vaijerit\" \/>\n<meta property=\"og:url\" content=\"https:\/\/vmsport.fi\/sv\/webbutik\/reservdelar\/vaxellador\/sidor-om-vaxellador\/vaxelspak-vanster-2v-ogd-sl-m315-inkl-kablar\/\" \/>\n<meta property=\"og:site_name\" content=\"VM Sport\" \/>\n<meta property=\"article:publisher\" content=\"https:\/\/www.facebook.com\/Vmsport.fi\/\" \/>\n<meta property=\"article:modified_time\" content=\"2026-01-16T11:21:23+00:00\" \/>\n<meta property=\"og:image\" content=\"https:\/\/vmsport.fi\/wp-content\/uploads\/2025\/03\/P3Fznl1m2aYS9Z8E39U2yysoXrtbOkDnfAvgQHt1zGOpJj9RbD-1.jpg\" \/>\n\t<meta property=\"og:image:width\" content=\"600\" \/>\n\t<meta property=\"og:image:height\" content=\"600\" \/>\n\t<meta property=\"og:image:type\" content=\"image\/jpeg\" \/>\n<meta name=\"twitter:card\" content=\"summary_large_image\" \/>\n<script type=\"application\/ld+json\" class=\"yoast-schema-graph\">{\"@context\":\"https:\\\/\\\/schema.org\",\"@graph\":[{\"@type\":[\"WebPage\",\"ItemPage\"],\"@id\":\"https:\\\/\\\/vmsport.fi\\\/verkkokauppa\\\/varaosat\\\/vaihteistot\\\/vaihdevivut\\\/vaihdevipu-vasen-2v-ogd-sl-m315-sis-vaijerit\\\/\",\"url\":\"https:\\\/\\\/vmsport.fi\\\/verkkokauppa\\\/varaosat\\\/vaihteistot\\\/vaihdevivut\\\/vaihdevipu-vasen-2v-ogd-sl-m315-sis-vaijerit\\\/\",\"name\":\"Vaihdevipu vasen 2v, OGD SL-M315, sis. vaijerit - VM Sport\",\"isPartOf\":{\"@id\":\"https:\\\/\\\/vmsport.fi\\\/#website\"},\"primaryImageOfPage\":{\"@id\":\"https:\\\/\\\/vmsport.fi\\\/verkkokauppa\\\/varaosat\\\/vaihteistot\\\/vaihdevivut\\\/vaihdevipu-vasen-2v-ogd-sl-m315-sis-vaijerit\\\/#primaryimage\"},\"image\":{\"@id\":\"https:\\\/\\\/vmsport.fi\\\/verkkokauppa\\\/varaosat\\\/vaihteistot\\\/vaihdevivut\\\/vaihdevipu-vasen-2v-ogd-sl-m315-sis-vaijerit\\\/#primaryimage\"},\"thumbnailUrl\":\"https:\\\/\\\/vmsport.fi\\\/wp-content\\\/uploads\\\/2025\\\/03\\\/P3Fznl1m2aYS9Z8E39U2yysoXrtbOkDnfAvgQHt1zGOpJj9RbD-1.jpg\",\"datePublished\":\"2025-03-05T22:22:50+00:00\",\"dateModified\":\"2026-01-16T11:21:23+00:00\",\"breadcrumb\":{\"@id\":\"https:\\\/\\\/vmsport.fi\\\/verkkokauppa\\\/varaosat\\\/vaihteistot\\\/vaihdevivut\\\/vaihdevipu-vasen-2v-ogd-sl-m315-sis-vaijerit\\\/#breadcrumb\"},\"inLanguage\":\"sv-SE\",\"potentialAction\":[{\"@type\":\"ReadAction\",\"target\":[\"https:\\\/\\\/vmsport.fi\\\/verkkokauppa\\\/varaosat\\\/vaihteistot\\\/vaihdevivut\\\/vaihdevipu-vasen-2v-ogd-sl-m315-sis-vaijerit\\\/\"]}]},{\"@type\":\"ImageObject\",\"inLanguage\":\"sv-SE\",\"@id\":\"https:\\\/\\\/vmsport.fi\\\/verkkokauppa\\\/varaosat\\\/vaihteistot\\\/vaihdevivut\\\/vaihdevipu-vasen-2v-ogd-sl-m315-sis-vaijerit\\\/#primaryimage\",\"url\":\"https:\\\/\\\/vmsport.fi\\\/wp-content\\\/uploads\\\/2025\\\/03\\\/P3Fznl1m2aYS9Z8E39U2yysoXrtbOkDnfAvgQHt1zGOpJj9RbD-1.jpg\",\"contentUrl\":\"https:\\\/\\\/vmsport.fi\\\/wp-content\\\/uploads\\\/2025\\\/03\\\/P3Fznl1m2aYS9Z8E39U2yysoXrtbOkDnfAvgQHt1zGOpJj9RbD-1.jpg\",\"width\":600,\"height\":600,\"caption\":\"P3Fznl1m2aYS9Z8E39U2yysoXrtbOkDnfAvgQHt1zGOpJj9RbD\"},{\"@type\":\"BreadcrumbList\",\"@id\":\"https:\\\/\\\/vmsport.fi\\\/verkkokauppa\\\/varaosat\\\/vaihteistot\\\/vaihdevivut\\\/vaihdevipu-vasen-2v-ogd-sl-m315-sis-vaijerit\\\/#breadcrumb\",\"itemListElement\":[{\"@type\":\"ListItem\",\"position\":1,\"name\":\"Etusivu\",\"item\":\"https:\\\/\\\/vmsport.fi\\\/\"},{\"@type\":\"ListItem\",\"position\":2,\"name\":\"Online Store\",\"item\":\"https:\\\/\\\/vmsport.fi\\\/en\\\/online-store\\\/\"},{\"@type\":\"ListItem\",\"position\":3,\"name\":\"Vaihdevipu vasen 2v, OGD SL-M315, sis. vaijerit\"}]},{\"@type\":\"WebSite\",\"@id\":\"https:\\\/\\\/vmsport.fi\\\/#website\",\"url\":\"https:\\\/\\\/vmsport.fi\\\/\",\"name\":\"Vmsport\",\"description\":\"Kaikki py\u00f6r\u00e4ilyyn yhdest\u00e4 paikasta\",\"publisher\":{\"@id\":\"https:\\\/\\\/vmsport.fi\\\/#organization\"},\"potentialAction\":[{\"@type\":\"SearchAction\",\"target\":{\"@type\":\"EntryPoint\",\"urlTemplate\":\"https:\\\/\\\/vmsport.fi\\\/?s={search_term_string}\"},\"query-input\":{\"@type\":\"PropertyValueSpecification\",\"valueRequired\":true,\"valueName\":\"search_term_string\"}}],\"inLanguage\":\"sv-SE\"},{\"@type\":\"Organization\",\"@id\":\"https:\\\/\\\/vmsport.fi\\\/#organization\",\"name\":\"Vmsport\",\"url\":\"https:\\\/\\\/vmsport.fi\\\/\",\"logo\":{\"@type\":\"ImageObject\",\"inLanguage\":\"sv-SE\",\"@id\":\"https:\\\/\\\/vmsport.fi\\\/#\\\/schema\\\/logo\\\/image\\\/\",\"url\":\"https:\\\/\\\/vmsport.fi\\\/wp-content\\\/uploads\\\/2024\\\/12\\\/vm_sport_RGB_horisontal-e1734526017575.png\",\"contentUrl\":\"https:\\\/\\\/vmsport.fi\\\/wp-content\\\/uploads\\\/2024\\\/12\\\/vm_sport_RGB_horisontal-e1734526017575.png\",\"width\":668,\"height\":85,\"caption\":\"Vmsport\"},\"image\":{\"@id\":\"https:\\\/\\\/vmsport.fi\\\/#\\\/schema\\\/logo\\\/image\\\/\"},\"sameAs\":[\"https:\\\/\\\/www.facebook.com\\\/Vmsport.fi\\\/\",\"https:\\\/\\\/www.instagram.com\\\/vmsport\\\/\"]}]}<\/script>\n<!-- \/ Yoast SEO plugin. -->","yoast_head_json":{"title":"V\u00e4xelspak v\u00e4nster 2v, OGD SL-M315, inkl. kablar - VM Sport","robots":{"index":"index","follow":"follow","max-snippet":"max-snippet:-1","max-image-preview":"max-image-preview:large","max-video-preview":"max-video-preview:-1"},"canonical":"https:\/\/vmsport.fi\/sv\/webbutik\/reservdelar\/vaxellador\/sidor-om-vaxellador\/vaxelspak-vanster-2v-ogd-sl-m315-inkl-kablar\/","og_locale":"sv_SE","og_type":"article","og_title":"Vaihdevipu vasen 2v, OGD SL-M315, sis. vaijerit - VM Sport","og_description":"T\u00e4m\u00e4 kaksivaihteinen vaihdevipu, malli OGD SL-M315, on suunniteltu kiinnitett\u00e4v\u00e4ksi vasemmalle puolelle. Se sis\u00e4lt\u00e4\u00e4 vaijerit, mik\u00e4 takaa sujuvan ja tarkan vaihteiden vaihdon. K\u00e4ytt\u00f6mukavuus paranee vipua k\u00e4ytett\u00e4ess\u00e4, sill\u00e4 sen ergonominen muotoilu tarjoaa miellytt\u00e4v\u00e4n otteen. Innovatiivinen rakenne, joka on ominaista Shimano-br\u00e4ndille, tekee siit\u00e4 sopivan monenlaisiin py\u00f6r\u00e4ilytarpeisiin. [...]L\u00e4s mer \u2026 from Vaihdevipu vasen 2v, OGD SL-M315, sis. vaijerit","og_url":"https:\/\/vmsport.fi\/sv\/webbutik\/reservdelar\/vaxellador\/sidor-om-vaxellador\/vaxelspak-vanster-2v-ogd-sl-m315-inkl-kablar\/","og_site_name":"VM Sport","article_publisher":"https:\/\/www.facebook.com\/Vmsport.fi\/","article_modified_time":"2026-01-16T11:21:23+00:00","og_image":[{"width":600,"height":600,"url":"https:\/\/vmsport.fi\/wp-content\/uploads\/2025\/03\/P3Fznl1m2aYS9Z8E39U2yysoXrtbOkDnfAvgQHt1zGOpJj9RbD-1.jpg","type":"image\/jpeg"}],"twitter_card":"summary_large_image","schema":{"@context":"https:\/\/schema.org","@graph":[{"@type":["WebPage","ItemPage"],"@id":"https:\/\/vmsport.fi\/verkkokauppa\/varaosat\/vaihteistot\/vaihdevivut\/vaihdevipu-vasen-2v-ogd-sl-m315-sis-vaijerit\/","url":"https:\/\/vmsport.fi\/verkkokauppa\/varaosat\/vaihteistot\/vaihdevivut\/vaihdevipu-vasen-2v-ogd-sl-m315-sis-vaijerit\/","name":"V\u00e4xelspak v\u00e4nster 2v, OGD SL-M315, inkl. kablar - VM Sport","isPartOf":{"@id":"https:\/\/vmsport.fi\/#website"},"primaryImageOfPage":{"@id":"https:\/\/vmsport.fi\/verkkokauppa\/varaosat\/vaihteistot\/vaihdevivut\/vaihdevipu-vasen-2v-ogd-sl-m315-sis-vaijerit\/#primaryimage"},"image":{"@id":"https:\/\/vmsport.fi\/verkkokauppa\/varaosat\/vaihteistot\/vaihdevivut\/vaihdevipu-vasen-2v-ogd-sl-m315-sis-vaijerit\/#primaryimage"},"thumbnailUrl":"https:\/\/vmsport.fi\/wp-content\/uploads\/2025\/03\/P3Fznl1m2aYS9Z8E39U2yysoXrtbOkDnfAvgQHt1zGOpJj9RbD-1.jpg","datePublished":"2025-03-05T22:22:50+00:00","dateModified":"2026-01-16T11:21:23+00:00","breadcrumb":{"@id":"https:\/\/vmsport.fi\/verkkokauppa\/varaosat\/vaihteistot\/vaihdevivut\/vaihdevipu-vasen-2v-ogd-sl-m315-sis-vaijerit\/#breadcrumb"},"inLanguage":"sv-SE","potentialAction":[{"@type":"ReadAction","target":["https:\/\/vmsport.fi\/verkkokauppa\/varaosat\/vaihteistot\/vaihdevivut\/vaihdevipu-vasen-2v-ogd-sl-m315-sis-vaijerit\/"]}]},{"@type":"ImageObject","inLanguage":"sv-SE","@id":"https:\/\/vmsport.fi\/verkkokauppa\/varaosat\/vaihteistot\/vaihdevivut\/vaihdevipu-vasen-2v-ogd-sl-m315-sis-vaijerit\/#primaryimage","url":"https:\/\/vmsport.fi\/wp-content\/uploads\/2025\/03\/P3Fznl1m2aYS9Z8E39U2yysoXrtbOkDnfAvgQHt1zGOpJj9RbD-1.jpg","contentUrl":"https:\/\/vmsport.fi\/wp-content\/uploads\/2025\/03\/P3Fznl1m2aYS9Z8E39U2yysoXrtbOkDnfAvgQHt1zGOpJj9RbD-1.jpg","width":600,"height":600,"caption":"P3Fznl1m2aYS9Z8E39U2yysoXrtbOkDnfAvgQHt1zGOpJj9RbD"},{"@type":"BreadcrumbList","@id":"https:\/\/vmsport.fi\/verkkokauppa\/varaosat\/vaihteistot\/vaihdevivut\/vaihdevipu-vasen-2v-ogd-sl-m315-sis-vaijerit\/#breadcrumb","itemListElement":[{"@type":"ListItem","position":1,"name":"Etusivu","item":"https:\/\/vmsport.fi\/"},{"@type":"ListItem","position":2,"name":"Online Store","item":"https:\/\/vmsport.fi\/en\/online-store\/"},{"@type":"ListItem","position":3,"name":"Vaihdevipu vasen 2v, OGD SL-M315, sis. vaijerit"}]},{"@type":"WebSite","@id":"https:\/\/vmsport.fi\/#website","url":"https:\/\/vmsport.fi\/","name":"Vmsport","description":"Allt p\u00e5 ett st\u00e4lle f\u00f6r cykling","publisher":{"@id":"https:\/\/vmsport.fi\/#organization"},"potentialAction":[{"@type":"SearchAction","target":{"@type":"EntryPoint","urlTemplate":"https:\/\/vmsport.fi\/?s={search_term_string}"},"query-input":{"@type":"PropertyValueSpecification","valueRequired":true,"valueName":"search_term_string"}}],"inLanguage":"sv-SE"},{"@type":"Organization","@id":"https:\/\/vmsport.fi\/#organization","name":"Vmsport","url":"https:\/\/vmsport.fi\/","logo":{"@type":"ImageObject","inLanguage":"sv-SE","@id":"https:\/\/vmsport.fi\/#\/schema\/logo\/image\/","url":"https:\/\/vmsport.fi\/wp-content\/uploads\/2024\/12\/vm_sport_RGB_horisontal-e1734526017575.png","contentUrl":"https:\/\/vmsport.fi\/wp-content\/uploads\/2024\/12\/vm_sport_RGB_horisontal-e1734526017575.png","width":668,"height":85,"caption":"Vmsport"},"image":{"@id":"https:\/\/vmsport.fi\/#\/schema\/logo\/image\/"},"sameAs":["https:\/\/www.facebook.com\/Vmsport.fi\/","https:\/\/www.instagram.com\/vmsport\/"]}]}},"global_unique_id":"","_links":{"self":[{"href":"https:\/\/vmsport.fi\/sv\/wp-json\/wp\/v2\/product\/56691","targetHints":{"allow":["GET"]}}],"collection":[{"href":"https:\/\/vmsport.fi\/sv\/wp-json\/wp\/v2\/product"}],"about":[{"href":"https:\/\/vmsport.fi\/sv\/wp-json\/wp\/v2\/types\/product"}],"replies":[{"embeddable":true,"href":"https:\/\/vmsport.fi\/sv\/wp-json\/wp\/v2\/comments?post=56691"}],"wp:featuredmedia":[{"embeddable":true,"href":"https:\/\/vmsport.fi\/sv\/wp-json\/wp\/v2\/media\/56690"}],"wp:attachment":[{"href":"https:\/\/vmsport.fi\/sv\/wp-json\/wp\/v2\/media?parent=56691"}],"wp:term":[{"taxonomy":"product_brand","embeddable":true,"href":"https:\/\/vmsport.fi\/sv\/wp-json\/wp\/v2\/product_brand?post=56691"},{"taxonomy":"product_model","embeddable":true,"href":"https:\/\/vmsport.fi\/sv\/wp-json\/wp\/v2\/product_model?post=56691"},{"taxonomy":"product_cat","embeddable":true,"href":"https:\/\/vmsport.fi\/sv\/wp-json\/wp\/v2\/product_cat?post=56691"},{"taxonomy":"product_tag","embeddable":true,"href":"https:\/\/vmsport.fi\/sv\/wp-json\/wp\/v2\/product_tag?post=56691"},{"taxonomy":"industry_terminology","embeddable":true,"href":"https:\/\/vmsport.fi\/sv\/wp-json\/wp\/v2\/industry-terminology?post=56691"}],"curies":[{"name":"wp","href":"https:\/\/api.w.org\/{rel}","templated":true}]}}